{"id":1427,"date":"2023-08-22T06:17:21","date_gmt":"2023-08-22T03:17:21","guid":{"rendered":"https:\/\/kosmetoloog.ee\/hinnakiri\/"},"modified":"2024-01-25T14:07:09","modified_gmt":"2024-01-25T12:07:09","slug":"hinnakiri","status":"publish","type":"page","link":"https:\/\/old.kosmetoloog.ee\/et\/hinnakiri\/","title":{"rendered":"HINNAKIRI"},"content":{"rendered":"\t\t<div data-elementor-type=\"wp-page\" data-elementor-id=\"1427\" class=\"elementor elementor-1427 elementor-96\" data-elementor-post-type=\"page\">\n\t\t\t\t\t\t<section class=\"elementor-section elementor-top-section elementor-element elementor-element-3897b604 elementor-section-boxed elementor-section-height-default elementor-section-height-default\" data-id=\"3897b604\" data-element_type=\"section\">\n\t\t\t\t\t\t<div class=\"elementor-container elementor-column-gap-default\">\n\t\t\t\t\t<div class=\"elementor-column elementor-col-100 elementor-top-column elementor-element elementor-element-632db900\" data-id=\"632db900\" data-element_type=\"column\">\n\t\t\t<div class=\"elementor-widget-wrap elementor-element-populated\">\n\t\t\t\t\t\t<div class=\"elementor-element elementor-element-43849421 elementor-widget__width-initial elementor-widget elementor-widget-text-editor\" data-id=\"43849421\" data-element_type=\"widget\" data-widget_type=\"text-editor.default\">\n\t\t\t\t<div class=\"elementor-widget-container\">\n\t\t\t\t\t\t\t\t\t<\/p>\n<table>\n<tbody>\n<tr>\n<td>Kosmeetik-med\u00f5e konsultatsioon<\/td>\n<td>30\u20ac<\/td>\n<td>20 min<\/td>\n<\/tr>\n<tr>\n<td>Kosmeetik-med\u00f5e konsultatsioon (online)<\/td>\n<td>50\u20ac<\/td>\n<td>60 min<\/td>\n<\/tr>\n<tr>\n<td>T\u00e4ites\u00fcstide konsultatsioon <\/td>\n<td>30\u20ac<\/td>\n<td>20 \u043c\u0438\u043d<\/td>\n<\/tr>\n<tr>\n<td>Ilus\u00fcstide j\u00e4rgne kontroll<\/td>\n<td>tasuta<\/td>\n<td>10 min<\/td>\n<\/tr>\n<tr>\n<td>Miiliumi kosmeetiline eemaldamine (1 tk) <\/td>\n<td>10\u20ac<\/td>\n<td>20 min<\/td>\n<\/tr>\n<tr>\n<td>DERMAPEN mikromesoteraapia (n\u00e4gu,kael)<\/td>\n<td>75\u20ac<\/td>\n<td>60 min<\/td>\n<\/tr>\n<tr>\n<td>S\u00fcstimata mesoteraapia (Mesobust)<\/td>\n<td>150\u20ac<\/td>\n<td>60 min<\/td>\n<\/tr>\n<tr>\n<td><strong>N\u00c4OHOOLDUSED OXYGENEO<\/strong><\/td>\n<td> <\/td>\n<td> <\/td>\n<\/tr>\n<tr>\n<td>OxyGeneo s\u00fcstevaba noorendamine<\/td>\n<td>120\u20ac<\/td>\n<td>60 min<\/td>\n<\/tr>\n<tr>\n<td>OxyGeneo s\u00fcstevaba noorendamise kuur 6 x 60 min <\/td>\n<td>600\u20ac<\/td>\n<td>60 min<\/td>\n<\/tr>\n<tr>\n<td><strong>N\u00c4OHOOLDUSED PHYTS TOODETEGA<\/strong><\/td>\n<td> <\/td>\n<td> <\/td>\n<\/tr>\n<tr>\n<td>PHYT&#8217;S orgaaniline hooldus Prantsusmaalt <\/td>\n<td> alates 65 eur <\/td>\n<td>60-90 min<\/td>\n<\/tr>\n<tr>\n<td>Phyt&#8217;s Anti-Comedons Komedoonidevastane saastevastane taaselustav ravi <\/td>\n<td>80\u20ac<\/td>\n<td>60 min<\/td>\n<\/tr>\n<tr>\n<td>Phyt&#8217;s Soin Equilibre Purifiant T\u00e4ielik n\u00e4opuhastushooldus<\/td>\n<td>80\u20ac<\/td>\n<td>60 min<\/td>\n<\/tr>\n<tr>\n<td>Phyt&#8217;s Soin Equilibre Nourrisant Equilibre Nourrisant Toitev tasakaal normaalsele kuivusele kalduvale nahale<\/td>\n<td>80\u20ac<\/td>\n<td>60 min<\/td>\n<\/tr>\n<tr>\n<td>Phyt&#8217;skin Renov bio keemiline koorimine<\/td>\n<td>80\u20ac<\/td>\n<td>60 min<\/td>\n<\/tr>\n<tr>\n<td>Phyt&#8217;s Aromalliance Anti-Age hooldus k\u00fcpsele kombineeritud kuni rasusele nahale<\/td>\n<td>80\u20ac<\/td>\n<td>60 min<\/td>\n<\/tr>\n<tr>\n<td>Phyt&#8217;s Millesime&#8217;i noorte s\u00e4rahooldus Quercy orgaanilise musta tr\u00fchvliga<\/td>\n<td>95\u20ac<\/td>\n<td>60 min<\/td>\n<\/tr>\n<tr>\n<td>Phyt&#8217;s Reviderm taastav saastevastane ravi<\/td>\n<td>75\u20ac<\/td>\n<td>60 min<\/td>\n<\/tr>\n<tr>\n<td>Phyt&#8217;s Global Panacea vananemisvastane hooldus<\/td>\n<td>130\u20ac<\/td>\n<td>60 min<\/td>\n<\/tr>\n<tr>\n<td>Phyt&#8217;s Multi-Vita Aromalliance taaselustav multivitamiinihooldus k\u00fcpsele nahale<\/td>\n<td>90\u20ac<\/td>\n<td>60 min<\/td>\n<\/tr>\n<tr>\n<td><strong>N\u00c4OHOOLDUSED RENOPHASE TOODETEGA<\/strong><\/td>\n<td> <\/td>\n<td> <\/td>\n<\/tr>\n<tr>\n<td>Renophase keemiline koorimine<\/td>\n<td>70\u20ac<\/td>\n<td>60 min<\/td>\n<\/tr>\n<tr>\n<td>Renophase keemiline koorimine kuur 6x 60 min<\/td>\n<td>350\u20ac<\/td>\n<td>60 min<\/td>\n<\/tr>\n<tr>\n<td>Renophase keemiline koorimine<\/td>\n<td>(1x kuurist)<\/td>\n<td>58\u20ac60 min<\/td>\n<\/tr>\n<tr>\n<td>Renophase keemiline koorimine + fotod\u00fcnaamiline (valgus)teraapia<\/td>\n<td>90\u20ac<\/td>\n<td>60 min<\/td>\n<\/tr>\n<tr>\n<td>Renophase keemiline koorimine + fotod\u00fcnaamiline (valgus)teraapia kuur 6x<\/td>\n<td>399\u20ac<\/td>\n<td>60 min<\/td>\n<\/tr>\n<tr>\n<td><strong>N\u00c4OHOOLDUSED GERMAINE de CAPUCCINI TOODETEGA<\/strong><\/td>\n<td> <\/td>\n<td> <\/td>\n<\/tr>\n<tr>\n<td>N\u00e4ohooldus Purexpert s\u00fcgavpuhastav (normaalsele\/kombineeritud + rasusele + tundlikule nahale)<\/td>\n<td>65\u20ac<\/td>\n<td>60 min<\/td>\n<\/tr>\n<tr>\n<td><strong>N\u00c4OHOOLDUSED NANOASIA TOODETEGA<\/strong><\/td>\n<td> <\/td>\n<td> <\/td>\n<\/tr>\n<tr>\n<td>N\u00e4ohooldus pinguldav NanoAsia multi-peptiidi seerumiga <\/td>\n<td>75\u20ac<\/td>\n<td>60 min<\/td>\n<\/tr>\n<tr>\n<td>N\u00e4ohooldus pinguldav NanoAsia Lifting maskiga botoxi efektiga n\u00e4olihastele (n\u00e4onahk, silma\u00fcmbrus)<\/td>\n<td>75\u20ac<\/td>\n<td>60 min<\/td>\n<\/tr>\n<tr>\n<td>Aktiivselt noorendav Nanotip koorimine<\/td>\n<td>70\u20ac<\/td>\n<td>60 min<\/td>\n<\/tr>\n<tr>\n<td>Eksklusiivne pakett, mis sisaldab protseduuride kompleksi (n\u00e4onaha, silma\u00fcmbruse, kaela, dekoltee, aga ka k\u00e4te ja k\u00fc\u00fcnarnuki nahahooldus)<\/td>\n<td>119\u20ac<\/td>\n<td>60 min<\/td>\n<\/tr>\n<tr>\n<td><strong>N\u00c4OHOOLDUSED MEDER TOODETEGA<\/strong><\/td>\n<td> <\/td>\n<td> <\/td>\n<\/tr>\n<tr>\n<td>N\u00e4ohooldus Red-Apax rosaatsea ja punetuse raviks <\/td>\n<td>100\u20ac<\/td>\n<td>60 min<\/td>\n<\/tr>\n<tr>\n<td>N\u00e4ohooldus Arma-Lift noorendav vananevale nahale<\/td>\n<td>100\u20ac<\/td>\n<td>60 min<\/td>\n<\/tr>\n<tr>\n<td>N\u00e4ohooldus Myo-Fix miimikakortse korrigeeriv<\/td>\n<td>120\u20ac<\/td>\n<td>60 min<\/td>\n<\/tr>\n<tr>\n<td>N\u00e4ohooldus Hydra-Fill niisutav tundlikule nahale<\/td>\n<td>100\u20ac<\/td>\n<td>60 min<\/td>\n<\/tr>\n<tr>\n<td>BioRePeel n\u00f5elavaba biorevitalisatsioon n\u00e4ole, kaelale, dekolteele <\/td>\n<td>120\u20ac<\/td>\n<td>60 min<\/td>\n<\/tr>\n<tr>\n<td> <\/td>\n<td> <\/td>\n<td> <\/td>\n<\/tr>\n<tr>\n<td><strong>MESOTERAAPIA<\/strong><\/td>\n<td> <\/td>\n<td> <\/td>\n<\/tr>\n<tr>\n<td>Mesoteraapia juustele Apriline HairLine <\/td>\n<td>75\u20ac<\/td>\n<td>30 min<\/td>\n<\/tr>\n<tr>\n<td>Mesoteraapia juustele 5x kuur <\/td>\n<td>280\u20ac<\/td>\n<td>30 min<\/td>\n<\/tr>\n<tr>\n<td>Mesoteraapia juustele (1 x kuurist)<\/td>\n<td>56\u20ac<\/td>\n<td>30 min<\/td>\n<\/tr>\n<tr>\n<td>Mesoteraapia kehale <\/td>\n<td>85\u20ac<\/td>\n<td>60 min<\/td>\n<\/tr>\n<tr>\n<td>\u041c\u0435\u0437\u043e\u0442\u0435\u0440\u0430\u043f\u0438\u044f Meso-Eye C71 tuimestusega koos<\/td>\n<td>190\u20ac<\/td>\n<td>60 min<\/td>\n<\/tr>\n<tr>\n<td>Fillmed NCTF\u00ae 135HA N\u00e4gu + Kael <\/td>\n<td>135\u20ac<\/td>\n<td>60 min<\/td>\n<\/tr>\n<tr>\n<td>Fillmed NCTF\u00ae 135HA N\u00e4gu + Kael + Dekoltee <\/td>\n<td>175\u20ac<\/td>\n<td>60 min<\/td>\n<\/tr>\n<tr>\n<td><strong>BIOREVITALISATSIOON<\/strong><\/td>\n<td> <\/td>\n<td> <\/td>\n<\/tr>\n<tr>\n<td>Biorevitalisatsioon Stylage Hydro v\u00f5i HydroMAX 1ml <\/td>\n<td>200\u20ac<\/td>\n<td>60 min<\/td>\n<\/tr>\n<tr>\n<td>Biorevitalisatsioon Juvederm Hydrate 1.0 ml <\/td>\n<td>200\u20ac<\/td>\n<td>60 min<\/td>\n<\/tr>\n<tr>\n<td><strong>REDERMALISATSIOON<\/strong><\/td>\n<td> <\/td>\n<td> <\/td>\n<\/tr>\n<tr>\n<td>Redermalisatsioon Hyalual Xela Rederm 1,1% 2 ml <\/td>\n<td>250\u20ac<\/td>\n<td>60 min<\/td>\n<\/tr>\n<tr>\n<td>Redermalisatsioon Hyalual Xela Rederm 1,8% 2 ml <\/td>\n<td>275\u20ac<\/td>\n<td>60 min<\/td>\n<\/tr>\n<tr>\n<td>Redermalisatsioon Hyalual Xela Rederm 2,2% 2 ml<\/td>\n<td>295\u20ac<\/td>\n<td>60 min<\/td>\n<\/tr>\n<tr>\n<td><strong>PLASMOLIFTING<\/strong><\/td>\n<td> <\/td>\n<td> <\/td>\n<\/tr>\n<tr>\n<td>Plasmalifting juustele <\/td>\n<td>190\u20ac<\/td>\n<td>60 min<\/td>\n<\/tr>\n<tr>\n<td>Plasmalifting n\u00e4ole<\/td>\n<td>225\u20ac<\/td>\n<td>60 min<\/td>\n<\/tr>\n<tr>\n<td>Plasmalifting n\u00e4ole ja kaelale <\/td>\n<td>290\u20ac<\/td>\n<td>60 min<\/td>\n<\/tr>\n<tr>\n<td>Plasmalifting kaelale <\/td>\n<td>180\u20ac<\/td>\n<td>60 min<\/td>\n<\/tr>\n<tr>\n<td><strong>T\u00c4ITES\u00dcSTID<\/strong><\/td>\n<td> <\/td>\n<td> <\/td>\n<\/tr>\n<tr>\n<td>Ilus\u00fcstide j\u00e4rgne kontroll<\/td>\n<td>tasuta<\/td>\n<td>10 min<\/td>\n<\/tr>\n<tr>\n<td>N\u00e4okontuuride, l\u00f5ua joone, Jolie nurkade (alal\u00f5ua nurkade korrigeerimine), p\u00f5sesarnade korrigeerimine<\/td>\n<td>340-400\u20ac<\/td>\n<td>60 min<\/td>\n<\/tr>\n<tr>\n<td>Nasolakrimaalse k\u00fcna korrektsioon <\/td>\n<td>340\u20ac <\/td>\n<td>60 min<\/td>\n<\/tr>\n<tr>\n<td>Periorbitaalse tsooni kortsude korrigeerimine<\/td>\n<td>240\u20ac<\/td>\n<td>60 min<\/td>\n<\/tr>\n<tr>\n<td>Nasolabiaalsete voldikute korrigeerimine<\/td>\n<td>290-340\u20ac;<\/td>\n<td>60 min<\/td>\n<\/tr>\n<tr>\n<td>Suu\u00fcmbruse kortsude korrigeerimine<\/td>\n<td>290-340\u20ac;<\/td>\n<td>60 min<\/td>\n<\/tr>\n<tr>\n<td>Kortsude ja s\u00fcgavate kortsude korrigeerimine (kulmudevahelisi kortse, otsmiku s\u00fcgavad kortsud)<\/td>\n<td>340-400\u20ac;<\/td>\n<td>60 min<\/td>\n<\/tr>\n<tr>\n<td>Huulte kontuurimine <\/td>\n<td>310-340\u20ac <\/td>\n<td>60 min<\/td>\n<\/tr>\n<tr>\n<td>T\u00e4ites\u00fcstid Stylage S (0.8ml) <\/td>\n<td>310\u20ac<\/td>\n<td>60 min<\/td>\n<\/tr>\n<tr>\n<td>T\u00e4ites\u00fcstid Stylage M (1.0 ml)<\/td>\n<td>320\u20ac<\/td>\n<td>60 min<\/td>\n<\/tr>\n<tr>\n<td>T\u00e4ites\u00fcstid Stylage L (1.0 ml)<\/td>\n<td>340\u20ac<\/td>\n<td>60 \u043c\u0438\u043d<\/td>\n<\/tr>\n<tr>\n<td>T\u00e4ites\u00fcstid Stylage XL ( 1.0 ml)<\/td>\n<td>360\u20ac<\/td>\n<td>60 \u043c\u0438\u043d<\/td>\n<\/tr>\n<tr>\n<td>T\u00e4ites\u00fcstid Teosyal Puresense Redensity 2 (1.0 ml)<\/td>\n<td>340\u20ac<\/td>\n<td>60 min<\/td>\n<\/tr>\n<tr>\n<td>T\u00e4ites\u00fcstid Teosyal Ultra Deep (1.2ml)<\/td>\n<td>360\u20ac<\/td>\n<td>60 min<\/td>\n<\/tr>\n<tr>\n<td>T\u00e4ites\u00fcstid Teosyal RHA 3 (1.0ml) <\/td>\n<td>375\u20ac<\/td>\n<td>60 min<\/td>\n<\/tr>\n<tr>\n<td>T\u00e4ites\u00fcstid Teosyal RHA 4 (1.0ml)<\/td>\n<td>400\u20ac<\/td>\n<td>60 min<\/td>\n<\/tr>\n<tr>\n<td><strong>LASEREPILATSIOON Lumenis Light Sheer Duet laseriga<\/strong><\/td>\n<td> <\/td>\n<td> <\/td>\n<\/tr>\n<tr>\n<td>Light Sheer DUET \u00fcks impulss <\/td>\n<td>7\u20ac<\/td>\n<td> <\/td>\n<\/tr>\n<tr>\n<td>\u00dclahuul <\/td>\n<td>38\u20ac<\/td>\n<td>10 min<\/td>\n<\/tr>\n<tr>\n<td>Laserepilatsiooniks ettevalmistus<\/td>\n<td>15\u20ac<\/td>\n<td>10 min<\/td>\n<\/tr>\n<tr>\n<td>Kael \u2013 eest v\u00f5i tagant<\/td>\n<td>55\u20ac<\/td>\n<td>10 &#8211; 15 min<\/td>\n<\/tr>\n<tr>\n<td>L\u00f5ug <\/td>\n<td>55\u20ac<\/td>\n<td>10 &#8211; 15 \u043c\u0438\u043d<\/td>\n<\/tr>\n<tr>\n<td>P\u00f5sed<\/td>\n<td>55\u20ac<\/td>\n<td>10 &#8211; 15 min<\/td>\n<\/tr>\n<tr>\n<td>K\u00f5rvad<\/td>\n<td>35\u20ac<\/td>\n<td>10 &#8211; 15 min<\/td>\n<\/tr>\n<tr>\n<td>Nina<\/td>\n<td>35\u20ac<\/td>\n<td>10 &#8211; 15 min<\/td>\n<\/tr>\n<tr>\n<td>Otsmik<\/td>\n<td>70\u20ac<\/td>\n<td>10 &#8211; 15 min<\/td>\n<\/tr>\n<tr>\n<td>Kulmud <\/td>\n<td>70\u20ac<\/td>\n<td>10 &#8211; 15 min<\/td>\n<\/tr>\n<tr>\n<td>Kaenlaalused<\/td>\n<td>75\u20ac<\/td>\n<td>10 min<\/td>\n<\/tr>\n<tr>\n<td>Rinnad (nibude piirkond)<\/td>\n<td>55\u20ac<\/td>\n<td>20 min<\/td>\n<\/tr>\n<tr>\n<td>Dekoltee<\/td>\n<td>65\u20ac<\/td>\n<td>20-30 min<\/td>\n<\/tr>\n<tr>\n<td>K\u00f5hujoon<\/td>\n<td>55\u20ac<\/td>\n<td>20-30 min<\/td>\n<\/tr>\n<tr>\n<td>K\u00f5ht naistele<\/td>\n<td>130\u20ac<\/td>\n<td>20-30 min<\/td>\n<\/tr>\n<tr>\n<td>Naba piirkond<\/td>\n<td>35\u20ac<\/td>\n<td>15 min<\/td>\n<\/tr>\n<tr>\n<td>Intiimpiirkond<\/td>\n<td>150\u20ac<\/td>\n<td>20-30 min<\/td>\n<\/tr>\n<tr>\n<td>Bikiini<\/td>\n<td>75\u20ac<\/td>\n<td>15 min<\/td>\n<\/tr>\n<tr>\n<td>S\u00fcgavbikiini<\/td>\n<td>100\u20ac<\/td>\n<td>20-30 min<\/td>\n<\/tr>\n<tr>\n<td>T\u00e4ielik bikiini<\/td>\n<td>130\u20ac<\/td>\n<td>20-30 min<\/td>\n<\/tr>\n<tr>\n<td>T\u00e4ielik bikiini intiimpiirkonnaga<\/td>\n<td>175\u20ac<\/td>\n<td>20-30 min<\/td>\n<\/tr>\n<tr>\n<td>Selg<\/td>\n<td>200\u20ac<\/td>\n<td>30-50 \u043c\u0438\u043d<\/td>\n<\/tr>\n<tr>\n<td>\u00d5lavarred<\/td>\n<td>140\u20ac<\/td>\n<td>20 \u043c\u0438\u043d<\/td>\n<\/tr>\n<tr>\n<td>K\u00e4sivarred<\/td>\n<td>125\u20ac<\/td>\n<td>20-30 \u043c\u0438\u043d<\/td>\n<\/tr>\n<tr>\n<td>K\u00e4ed kogu pikkuses<\/td>\n<td>190\u20ac<\/td>\n<td>20-30 \u043c\u0438\u043d<\/td>\n<\/tr>\n<tr>\n<td>S\u00e4\u00e4red<\/td>\n<td>140\u20ac<\/td>\n<td>20-30 \u043c\u0438\u043d<\/td>\n<\/tr>\n<tr>\n<td>Reied<\/td>\n<td>180\u20ac<\/td>\n<td>20-30 \u043c\u0438\u043d<\/td>\n<\/tr>\n<tr>\n<td>P\u00f5lved<\/td>\n<td>55\u20ac<\/td>\n<td>20-30 min<\/td>\n<\/tr>\n<tr>\n<td>Jalad kogu pikkuses<\/td>\n<td>280\u20ac<\/td>\n<td>60 min<\/td>\n<\/tr>\n<tr>\n<td>Labak\u00e4ed ja labajalad <\/td>\n<td>35\u20ac<\/td>\n<td>15 min<\/td>\n<\/tr>\n<tr>\n<td>S\u00f5rmed ja varbad<\/td>\n<td>35\u20ac<\/td>\n<td>15 min<\/td>\n<\/tr>\n<tr>\n<td>Tuharad<\/td>\n<td>170\u20ac<\/td>\n<td>20-30 min<\/td>\n<\/tr>\n<\/tbody>\n<\/table>\n\t\t\t\t\t\t\t\t<\/div>\n\t\t\t\t<\/div>\n\t\t\t\t\t<\/div>\n\t\t<\/div>\n\t\t\t\t\t<\/div>\n\t\t<\/section>\n\t\t\t\t<section class=\"elementor-section elementor-top-section elementor-element elementor-element-73b584d elementor-section-boxed elementor-section-height-default elementor-section-height-default\" data-id=\"73b584d\" data-element_type=\"section\">\n\t\t\t\t\t\t<div class=\"elementor-container elementor-column-gap-default\">\n\t\t\t\t\t<div class=\"elementor-column elementor-col-100 elementor-top-column elementor-element elementor-element-f984a74\" data-id=\"f984a74\" data-element_type=\"column\">\n\t\t\t<div class=\"elementor-widget-wrap elementor-element-populated\">\n\t\t\t\t\t\t\t<\/div>\n\t\t<\/div>\n\t\t\t\t\t<\/div>\n\t\t<\/section>\n\t\t\t\t<section class=\"elementor-section elementor-top-section elementor-element elementor-element-3b5f3ed elementor-section-boxed elementor-section-height-default elementor-section-height-default\" data-id=\"3b5f3ed\" data-element_type=\"section\">\n\t\t\t\t\t\t<div class=\"elementor-container elementor-column-gap-default\">\n\t\t\t\t\t<div class=\"elementor-column elementor-col-100 elementor-top-column elementor-element elementor-element-2f5a9e8\" data-id=\"2f5a9e8\" data-element_type=\"column\">\n\t\t\t<div class=\"elementor-widget-wrap elementor-element-populated\">\n\t\t\t\t\t\t\t<\/div>\n\t\t<\/div>\n\t\t\t\t\t<\/div>\n\t\t<\/section>\n\t\t\t\t<\/div>\n\t\t","protected":false},"excerpt":{"rendered":"<p>Kosmeetik-med\u00f5e konsultatsioon 30\u20ac 20 min Kosmeetik-med\u00f5e konsultatsioon (online) 50\u20ac 60 min T\u00e4ites\u00fcstide konsultatsioon 30\u20ac 20 \u043c\u0438\u043d Ilus\u00fcstide j\u00e4rgne kontroll tasuta 10 min Miiliumi kosmeetiline eemaldamine (1 tk) 10\u20ac 20 min DERMAPEN mikromesoteraapia (n\u00e4gu,kael) 75\u20ac 60 min S\u00fcstimata mesoteraapia (Mesobust) 150\u20ac 60 min N\u00c4OHOOLDUSED OXYGENEO OxyGeneo s\u00fcstevaba noorendamine 120\u20ac 60 min OxyGeneo s\u00fcstevaba noorendamise kuur 6 [&hellip;]<\/p>\n","protected":false},"author":1,"featured_media":0,"parent":0,"menu_order":0,"comment_status":"closed","ping_status":"closed","template":"","meta":{"_acf_changed":false,"footnotes":""},"class_list":["post-1427","page","type-page","status-publish","hentry"],"acf":[],"yoast_head":"<!-- This site is optimized with the Yoast SEO plugin v25.7 - https:\/\/yoast.com\/wordpress\/plugins\/seo\/ -->\n<title>HINNAKIRI - Ilutoodete e-pood<\/title>\n<meta name=\"robots\" content=\"noindex, follow, max-snippet:-1, max-image-preview:large, max-video-preview:-1\" \/>\n<meta property=\"og:locale\" content=\"et_EE\" \/>\n<meta property=\"og:type\" content=\"article\" \/>\n<meta property=\"og:title\" content=\"HINNAKIRI - Ilutoodete e-pood\" \/>\n<meta property=\"og:description\" content=\"Kosmeetik-med\u00f5e konsultatsioon 30\u20ac 20 min Kosmeetik-med\u00f5e konsultatsioon (online) 50\u20ac 60 min T\u00e4ites\u00fcstide konsultatsioon 30\u20ac 20 \u043c\u0438\u043d Ilus\u00fcstide j\u00e4rgne kontroll tasuta 10 min Miiliumi kosmeetiline eemaldamine (1 tk) 10\u20ac 20 min DERMAPEN mikromesoteraapia (n\u00e4gu,kael) 75\u20ac 60 min S\u00fcstimata mesoteraapia (Mesobust) 150\u20ac 60 min N\u00c4OHOOLDUSED OXYGENEO OxyGeneo s\u00fcstevaba noorendamine 120\u20ac 60 min OxyGeneo s\u00fcstevaba noorendamise kuur 6 [&hellip;]\" \/>\n<meta property=\"og:url\" content=\"https:\/\/old.kosmetoloog.ee\/hinnakiri\/\" \/>\n<meta property=\"og:site_name\" content=\"Ilutoodete e-pood\" \/>\n<meta property=\"article:modified_time\" content=\"2024-01-25T12:07:09+00:00\" \/>\n<meta name=\"twitter:card\" content=\"summary_large_image\" \/>\n<meta name=\"twitter:label1\" content=\"Est. reading time\" \/>\n\t<meta name=\"twitter:data1\" content=\"4 minutit\" \/>\n<script type=\"application\/ld+json\" class=\"yoast-schema-graph\">{\"@context\":\"https:\/\/schema.org\",\"@graph\":[{\"@type\":\"WebPage\",\"@id\":\"https:\/\/old.kosmetoloog.ee\/hinnakiri\/\",\"url\":\"https:\/\/old.kosmetoloog.ee\/hinnakiri\/\",\"name\":\"HINNAKIRI - Ilutoodete e-pood\",\"isPartOf\":{\"@id\":\"https:\/\/old.kosmetoloog.ee\/#website\"},\"datePublished\":\"2023-08-22T03:17:21+00:00\",\"dateModified\":\"2024-01-25T12:07:09+00:00\",\"breadcrumb\":{\"@id\":\"https:\/\/old.kosmetoloog.ee\/hinnakiri\/#breadcrumb\"},\"inLanguage\":\"et\",\"potentialAction\":[{\"@type\":\"ReadAction\",\"target\":[\"https:\/\/old.kosmetoloog.ee\/hinnakiri\/\"]}]},{\"@type\":\"BreadcrumbList\",\"@id\":\"https:\/\/old.kosmetoloog.ee\/hinnakiri\/#breadcrumb\",\"itemListElement\":[{\"@type\":\"ListItem\",\"position\":1,\"name\":\"Home\",\"item\":\"https:\/\/old.kosmetoloog.ee\/et\/\"},{\"@type\":\"ListItem\",\"position\":2,\"name\":\"HINNAKIRI\"}]},{\"@type\":\"WebSite\",\"@id\":\"https:\/\/old.kosmetoloog.ee\/#website\",\"url\":\"https:\/\/old.kosmetoloog.ee\/\",\"name\":\"Ilutoodete e-pood\",\"description\":\"Kosmeetika pood\",\"publisher\":{\"@id\":\"https:\/\/old.kosmetoloog.ee\/#organization\"},\"potentialAction\":[{\"@type\":\"SearchAction\",\"target\":{\"@type\":\"EntryPoint\",\"urlTemplate\":\"https:\/\/old.kosmetoloog.ee\/?s={search_term_string}\"},\"query-input\":{\"@type\":\"PropertyValueSpecification\",\"valueRequired\":true,\"valueName\":\"search_term_string\"}}],\"inLanguage\":\"et\"},{\"@type\":\"Organization\",\"@id\":\"https:\/\/old.kosmetoloog.ee\/#organization\",\"name\":\"You are You O\u00dc\",\"url\":\"https:\/\/old.kosmetoloog.ee\/\",\"logo\":{\"@type\":\"ImageObject\",\"inLanguage\":\"et\",\"@id\":\"https:\/\/old.kosmetoloog.ee\/#\/schema\/logo\/image\/\",\"url\":\"https:\/\/old.kosmetoloog.ee\/wp-content\/uploads\/2023\/08\/logo-1.png\",\"contentUrl\":\"https:\/\/old.kosmetoloog.ee\/wp-content\/uploads\/2023\/08\/logo-1.png\",\"width\":1200,\"height\":964,\"caption\":\"You are You O\u00dc\"},\"image\":{\"@id\":\"https:\/\/old.kosmetoloog.ee\/#\/schema\/logo\/image\/\"}}]}<\/script>\n<!-- \/ Yoast SEO plugin. -->","yoast_head_json":{"title":"HINNAKIRI - Ilutoodete e-pood","robots":{"index":"noindex","follow":"follow","max-snippet":"max-snippet:-1","max-image-preview":"max-image-preview:large","max-video-preview":"max-video-preview:-1"},"og_locale":"et_EE","og_type":"article","og_title":"HINNAKIRI - Ilutoodete e-pood","og_description":"Kosmeetik-med\u00f5e konsultatsioon 30\u20ac 20 min Kosmeetik-med\u00f5e konsultatsioon (online) 50\u20ac 60 min T\u00e4ites\u00fcstide konsultatsioon 30\u20ac 20 \u043c\u0438\u043d Ilus\u00fcstide j\u00e4rgne kontroll tasuta 10 min Miiliumi kosmeetiline eemaldamine (1 tk) 10\u20ac 20 min DERMAPEN mikromesoteraapia (n\u00e4gu,kael) 75\u20ac 60 min S\u00fcstimata mesoteraapia (Mesobust) 150\u20ac 60 min N\u00c4OHOOLDUSED OXYGENEO OxyGeneo s\u00fcstevaba noorendamine 120\u20ac 60 min OxyGeneo s\u00fcstevaba noorendamise kuur 6 [&hellip;]","og_url":"https:\/\/old.kosmetoloog.ee\/hinnakiri\/","og_site_name":"Ilutoodete e-pood","article_modified_time":"2024-01-25T12:07:09+00:00","twitter_card":"summary_large_image","twitter_misc":{"Est. reading time":"4 minutit"},"schema":{"@context":"https:\/\/schema.org","@graph":[{"@type":"WebPage","@id":"https:\/\/old.kosmetoloog.ee\/hinnakiri\/","url":"https:\/\/old.kosmetoloog.ee\/hinnakiri\/","name":"HINNAKIRI - Ilutoodete e-pood","isPartOf":{"@id":"https:\/\/old.kosmetoloog.ee\/#website"},"datePublished":"2023-08-22T03:17:21+00:00","dateModified":"2024-01-25T12:07:09+00:00","breadcrumb":{"@id":"https:\/\/old.kosmetoloog.ee\/hinnakiri\/#breadcrumb"},"inLanguage":"et","potentialAction":[{"@type":"ReadAction","target":["https:\/\/old.kosmetoloog.ee\/hinnakiri\/"]}]},{"@type":"BreadcrumbList","@id":"https:\/\/old.kosmetoloog.ee\/hinnakiri\/#breadcrumb","itemListElement":[{"@type":"ListItem","position":1,"name":"Home","item":"https:\/\/old.kosmetoloog.ee\/et\/"},{"@type":"ListItem","position":2,"name":"HINNAKIRI"}]},{"@type":"WebSite","@id":"https:\/\/old.kosmetoloog.ee\/#website","url":"https:\/\/old.kosmetoloog.ee\/","name":"Ilutoodete e-pood","description":"Kosmeetika pood","publisher":{"@id":"https:\/\/old.kosmetoloog.ee\/#organization"},"potentialAction":[{"@type":"SearchAction","target":{"@type":"EntryPoint","urlTemplate":"https:\/\/old.kosmetoloog.ee\/?s={search_term_string}"},"query-input":{"@type":"PropertyValueSpecification","valueRequired":true,"valueName":"search_term_string"}}],"inLanguage":"et"},{"@type":"Organization","@id":"https:\/\/old.kosmetoloog.ee\/#organization","name":"You are You O\u00dc","url":"https:\/\/old.kosmetoloog.ee\/","logo":{"@type":"ImageObject","inLanguage":"et","@id":"https:\/\/old.kosmetoloog.ee\/#\/schema\/logo\/image\/","url":"https:\/\/old.kosmetoloog.ee\/wp-content\/uploads\/2023\/08\/logo-1.png","contentUrl":"https:\/\/old.kosmetoloog.ee\/wp-content\/uploads\/2023\/08\/logo-1.png","width":1200,"height":964,"caption":"You are You O\u00dc"},"image":{"@id":"https:\/\/old.kosmetoloog.ee\/#\/schema\/logo\/image\/"}}]}},"_links":{"self":[{"href":"https:\/\/old.kosmetoloog.ee\/et\/wp-json\/wp\/v2\/pages\/1427","targetHints":{"allow":["GET"]}}],"collection":[{"href":"https:\/\/old.kosmetoloog.ee\/et\/wp-json\/wp\/v2\/pages"}],"about":[{"href":"https:\/\/old.kosmetoloog.ee\/et\/wp-json\/wp\/v2\/types\/page"}],"author":[{"embeddable":true,"href":"https:\/\/old.kosmetoloog.ee\/et\/wp-json\/wp\/v2\/users\/1"}],"replies":[{"embeddable":true,"href":"https:\/\/old.kosmetoloog.ee\/et\/wp-json\/wp\/v2\/comments?post=1427"}],"version-history":[{"count":14,"href":"https:\/\/old.kosmetoloog.ee\/et\/wp-json\/wp\/v2\/pages\/1427\/revisions"}],"predecessor-version":[{"id":2020,"href":"https:\/\/old.kosmetoloog.ee\/et\/wp-json\/wp\/v2\/pages\/1427\/revisions\/2020"}],"wp:attachment":[{"href":"https:\/\/old.kosmetoloog.ee\/et\/wp-json\/wp\/v2\/media?parent=1427"}],"curies":[{"name":"wp","href":"https:\/\/api.w.org\/{rel}","templated":true}]}}