{"id":1440,"date":"2023-09-25T10:36:46","date_gmt":"2023-09-25T07:36:46","guid":{"rendered":"https:\/\/kosmetoloog.ee\/teenused\/sustevabad-meetodid\/"},"modified":"2023-11-09T12:19:09","modified_gmt":"2023-11-09T10:19:09","slug":"sustevabad-meetodid","status":"publish","type":"page","link":"https:\/\/old.kosmetoloog.ee\/et\/teenused\/sustevabad-meetodid\/","title":{"rendered":"S\u00fcstevabad meetodid"},"content":{"rendered":"\t\t<div data-elementor-type=\"wp-page\" data-elementor-id=\"1440\" class=\"elementor elementor-1440 elementor-1075\" data-elementor-post-type=\"page\">\n\t\t\t\t\t\t<section class=\"elementor-section elementor-top-section elementor-element elementor-element-deb2496 elementor-section-boxed elementor-section-height-default elementor-section-height-default\" data-id=\"deb2496\" data-element_type=\"section\">\n\t\t\t\t\t\t<div class=\"elementor-container elementor-column-gap-default\">\n\t\t\t\t\t<div class=\"elementor-column elementor-col-25 elementor-top-column elementor-element elementor-element-1cc3967\" data-id=\"1cc3967\" data-element_type=\"column\">\n\t\t\t<div class=\"elementor-widget-wrap elementor-element-populated\">\n\t\t\t\t\t\t<div class=\"elementor-element elementor-element-063544d elementor-widget elementor-widget-image\" data-id=\"063544d\" data-element_type=\"widget\" data-widget_type=\"image.default\">\n\t\t\t\t<div class=\"elementor-widget-container\">\n\t\t\t\t\t\t\t\t\t\t\t\t\t\t\t\t<a href=\"https:\/\/kosmetoloog.ee\/%d1%83%d1%81%d0%bb%d1%83%d0%b3%d0%b8\/%d0%b1%d0%b5%d0%b7%d0%b8%d0%bd%d1%8a%d0%b5%d0%ba%d1%86%d0%b8%d0%be%d0%bd%d0%bd%d1%8b%d0%b5-%d0%bc%d0%b5%d1%82%d0%be%d0%b4%d0%b8%d0%ba%d0%b8\/%d0%b1%d0%b5%d0%b7%d0%b8%d0%bd%d1%8a%d0%b5%d0%ba%d1%86%d0%b8%d0%be%d0%bd%d0%bd%d1%8b%d0%b5-%d0%bc%d0%b5%d1%82%d0%be%d0%b4%d0%b8%d0%ba%d0%b8-%d0%b8-nanoasia\/\">\n\t\t\t\t\t\t\t<img fetchpriority=\"high\" decoding=\"async\" width=\"450\" height=\"300\" src=\"https:\/\/old.kosmetoloog.ee\/wp-content\/uploads\/2023\/09\/photo_2020-04-08_00-.webp\" class=\"attachment-large size-large wp-image-1078\" alt=\"\" srcset=\"https:\/\/old.kosmetoloog.ee\/wp-content\/uploads\/2023\/09\/photo_2020-04-08_00-.webp 450w, https:\/\/old.kosmetoloog.ee\/wp-content\/uploads\/2023\/09\/photo_2020-04-08_00--300x200.webp 300w\" sizes=\"(max-width: 450px) 100vw, 450px\" \/>\t\t\t\t\t\t\t\t<\/a>\n\t\t\t\t\t\t\t\t\t\t\t\t\t\t\t<\/div>\n\t\t\t\t<\/div>\n\t\t\t\t<div class=\"elementor-element elementor-element-6ee3f47 elementor-mobile-align-center elementor-widget elementor-widget-button\" data-id=\"6ee3f47\" data-element_type=\"widget\" data-widget_type=\"button.default\">\n\t\t\t\t<div class=\"elementor-widget-container\">\n\t\t\t\t\t\t\t\t\t<div class=\"elementor-button-wrapper\">\n\t\t\t\t\t<a class=\"elementor-button elementor-button-link elementor-size-sm\" href=\"https:\/\/kosmetoloog.ee\/%d1%83%d1%81%d0%bb%d1%83%d0%b3%d0%b8\/%d0%b1%d0%b5%d0%b7%d0%b8%d0%bd%d1%8a%d0%b5%d0%ba%d1%86%d0%b8%d0%be%d0%bd%d0%bd%d1%8b%d0%b5-%d0%bc%d0%b5%d1%82%d0%be%d0%b4%d0%b8%d0%ba%d0%b8\/%d0%b1%d0%b5%d0%b7%d0%b8%d0%bd%d1%8a%d0%b5%d0%ba%d1%86%d0%b8%d0%be%d0%bd%d0%bd%d1%8b%d0%b5-%d0%bc%d0%b5%d1%82%d0%be%d0%b4%d0%b8%d0%ba%d0%b8-%d0%b8-nanoasia\/\">\n\t\t\t\t\t\t<span class=\"elementor-button-content-wrapper\">\n\t\t\t\t\t\t\t\t\t<span class=\"elementor-button-text\">S\u00fcstevaba meetod - NANOASIA<\/span>\n\t\t\t\t\t<\/span>\n\t\t\t\t\t<\/a>\n\t\t\t\t<\/div>\n\t\t\t\t\t\t\t\t<\/div>\n\t\t\t\t<\/div>\n\t\t\t\t\t<\/div>\n\t\t<\/div>\n\t\t\t\t<div class=\"elementor-column elementor-col-25 elementor-top-column elementor-element elementor-element-314e258\" data-id=\"314e258\" data-element_type=\"column\">\n\t\t\t<div class=\"elementor-widget-wrap elementor-element-populated\">\n\t\t\t\t\t\t<div class=\"elementor-element elementor-element-0855285 elementor-widget elementor-widget-image\" data-id=\"0855285\" data-element_type=\"widget\" data-widget_type=\"image.default\">\n\t\t\t\t<div class=\"elementor-widget-container\">\n\t\t\t\t\t\t\t\t\t\t\t\t\t\t\t\t<a href=\"https:\/\/kosmetoloog.ee\/%d1%83%d1%81%d0%bb%d1%83%d0%b3%d0%b8\/%d0%b1%d0%b5%d0%b7%d0%b8%d0%bd%d1%8a%d0%b5%d0%ba%d1%86%d0%b8%d0%be%d0%bd%d0%bd%d1%8b%d0%b5-%d0%bc%d0%b5%d1%82%d0%be%d0%b4%d0%b8%d0%ba%d0%b8\/%d0%bc%d0%b0%d1%81%d0%ba%d0%b0-%d0%b9%d0%be%d0%b3%d0%b0-%d0%b4%d0%bb%d1%8f-%d0%bb%d0%b8%d1%86%d0%b0\/\">\n\t\t\t\t\t\t\t<img decoding=\"async\" width=\"800\" height=\"800\" data-src=\"https:\/\/old.kosmetoloog.ee\/wp-content\/uploads\/2023\/09\/1-1.jpg\" class=\"attachment-large size-large wp-image-1080 lazyload\" alt=\"\" data-srcset=\"https:\/\/old.kosmetoloog.ee\/wp-content\/uploads\/2023\/09\/1-1.jpg 800w, https:\/\/old.kosmetoloog.ee\/wp-content\/uploads\/2023\/09\/1-1-300x300.jpg 300w, https:\/\/old.kosmetoloog.ee\/wp-content\/uploads\/2023\/09\/1-1-150x150.jpg 150w, https:\/\/old.kosmetoloog.ee\/wp-content\/uploads\/2023\/09\/1-1-768x768.jpg 768w, https:\/\/old.kosmetoloog.ee\/wp-content\/uploads\/2023\/09\/1-1-600x600.jpg 600w, https:\/\/old.kosmetoloog.ee\/wp-content\/uploads\/2023\/09\/1-1-100x100.jpg 100w\" data-sizes=\"(max-width: 800px) 100vw, 800px\" src=\"data:image\/svg+xml;base64,PHN2ZyB3aWR0aD0iMSIgaGVpZ2h0PSIxIiB4bWxucz0iaHR0cDovL3d3dy53My5vcmcvMjAwMC9zdmciPjwvc3ZnPg==\" style=\"--smush-placeholder-width: 800px; --smush-placeholder-aspect-ratio: 800\/800;\" \/>\t\t\t\t\t\t\t\t<\/a>\n\t\t\t\t\t\t\t\t\t\t\t\t\t\t\t<\/div>\n\t\t\t\t<\/div>\n\t\t\t\t<div class=\"elementor-element elementor-element-b244128 elementor-mobile-align-center elementor-align-justify elementor-widget elementor-widget-button\" data-id=\"b244128\" data-element_type=\"widget\" data-widget_type=\"button.default\">\n\t\t\t\t<div class=\"elementor-widget-container\">\n\t\t\t\t\t\t\t\t\t<div class=\"elementor-button-wrapper\">\n\t\t\t\t\t<a class=\"elementor-button elementor-button-link elementor-size-sm\" href=\"https:\/\/kosmetoloog.ee\/%d1%83%d1%81%d0%bb%d1%83%d0%b3%d0%b8\/%d0%b1%d0%b5%d0%b7%d0%b8%d0%bd%d1%8a%d0%b5%d0%ba%d1%86%d0%b8%d0%be%d0%bd%d0%bd%d1%8b%d0%b5-%d0%bc%d0%b5%d1%82%d0%be%d0%b4%d0%b8%d0%ba%d0%b8\/%d0%bc%d0%b0%d1%81%d0%ba%d0%b0-%d0%b9%d0%be%d0%b3%d0%b0-%d0%b4%d0%bb%d1%8f-%d0%bb%d0%b8%d1%86%d0%b0\/\">\n\t\t\t\t\t\t<span class=\"elementor-button-content-wrapper\">\n\t\t\t\t\t\t\t\t\t<span class=\"elementor-button-text\">N\u00e4ojooga mask<\/span>\n\t\t\t\t\t<\/span>\n\t\t\t\t\t<\/a>\n\t\t\t\t<\/div>\n\t\t\t\t\t\t\t\t<\/div>\n\t\t\t\t<\/div>\n\t\t\t\t\t<\/div>\n\t\t<\/div>\n\t\t\t\t<div class=\"elementor-column elementor-col-25 elementor-top-column elementor-element elementor-element-73f9c76\" data-id=\"73f9c76\" data-element_type=\"column\">\n\t\t\t<div class=\"elementor-widget-wrap elementor-element-populated\">\n\t\t\t\t\t\t<div class=\"elementor-element elementor-element-9fa6673 elementor-widget elementor-widget-image\" data-id=\"9fa6673\" data-element_type=\"widget\" data-widget_type=\"image.default\">\n\t\t\t\t<div class=\"elementor-widget-container\">\n\t\t\t\t\t\t\t\t\t\t\t\t\t\t\t\t<a href=\"https:\/\/kosmetoloog.ee\/%d1%83%d1%81%d0%bb%d1%83%d0%b3%d0%b8\/%d0%b1%d0%b5%d0%b7%d0%b8%d0%bd%d1%8a%d0%b5%d0%ba%d1%86%d0%b8%d0%be%d0%bd%d0%bd%d1%8b%d0%b5-%d0%bc%d0%b5%d1%82%d0%be%d0%b4%d0%b8%d0%ba%d0%b8\/%d0%bf%d0%b8%d0%bb%d0%b8%d0%bd%d0%b3-%d1%81-%d0%bd%d0%b0%d0%bd%d0%be%d0%b8%d0%b3%d0%bb%d0%b0%d0%bc%d0%b8-nanotip\/\">\n\t\t\t\t\t\t\t<img decoding=\"async\" width=\"800\" height=\"800\" data-src=\"https:\/\/old.kosmetoloog.ee\/wp-content\/uploads\/2023\/09\/2-1.jpg\" class=\"attachment-large size-large wp-image-1082 lazyload\" alt=\"\" data-srcset=\"https:\/\/old.kosmetoloog.ee\/wp-content\/uploads\/2023\/09\/2-1.jpg 800w, https:\/\/old.kosmetoloog.ee\/wp-content\/uploads\/2023\/09\/2-1-300x300.jpg 300w, https:\/\/old.kosmetoloog.ee\/wp-content\/uploads\/2023\/09\/2-1-150x150.jpg 150w, https:\/\/old.kosmetoloog.ee\/wp-content\/uploads\/2023\/09\/2-1-768x768.jpg 768w, https:\/\/old.kosmetoloog.ee\/wp-content\/uploads\/2023\/09\/2-1-600x600.jpg 600w, https:\/\/old.kosmetoloog.ee\/wp-content\/uploads\/2023\/09\/2-1-100x100.jpg 100w\" data-sizes=\"(max-width: 800px) 100vw, 800px\" src=\"data:image\/svg+xml;base64,PHN2ZyB3aWR0aD0iMSIgaGVpZ2h0PSIxIiB4bWxucz0iaHR0cDovL3d3dy53My5vcmcvMjAwMC9zdmciPjwvc3ZnPg==\" style=\"--smush-placeholder-width: 800px; --smush-placeholder-aspect-ratio: 800\/800;\" \/>\t\t\t\t\t\t\t\t<\/a>\n\t\t\t\t\t\t\t\t\t\t\t\t\t\t\t<\/div>\n\t\t\t\t<\/div>\n\t\t\t\t<div class=\"elementor-element elementor-element-1dc4f42 elementor-mobile-align-center elementor-align-justify elementor-widget elementor-widget-button\" data-id=\"1dc4f42\" data-element_type=\"widget\" data-widget_type=\"button.default\">\n\t\t\t\t<div class=\"elementor-widget-container\">\n\t\t\t\t\t\t\t\t\t<div class=\"elementor-button-wrapper\">\n\t\t\t\t\t<a class=\"elementor-button elementor-button-link elementor-size-sm\" href=\"https:\/\/kosmetoloog.ee\/%d1%83%d1%81%d0%bb%d1%83%d0%b3%d0%b8\/%d0%b1%d0%b5%d0%b7%d0%b8%d0%bd%d1%8a%d0%b5%d0%ba%d1%86%d0%b8%d0%be%d0%bd%d0%bd%d1%8b%d0%b5-%d0%bc%d0%b5%d1%82%d0%be%d0%b4%d0%b8%d0%ba%d0%b8\/%d0%bf%d0%b8%d0%bb%d0%b8%d0%bd%d0%b3-%d1%81-%d0%bd%d0%b0%d0%bd%d0%be%d0%b8%d0%b3%d0%bb%d0%b0%d0%bc%d0%b8-nanotip\/\">\n\t\t\t\t\t\t<span class=\"elementor-button-content-wrapper\">\n\t\t\t\t\t\t\t\t\t<span class=\"elementor-button-text\">Koorimine Nanotip nanon\u00f5eltega<\/span>\n\t\t\t\t\t<\/span>\n\t\t\t\t\t<\/a>\n\t\t\t\t<\/div>\n\t\t\t\t\t\t\t\t<\/div>\n\t\t\t\t<\/div>\n\t\t\t\t\t<\/div>\n\t\t<\/div>\n\t\t\t\t<div class=\"elementor-column elementor-col-25 elementor-top-column elementor-element elementor-element-79841ec\" data-id=\"79841ec\" data-element_type=\"column\">\n\t\t\t<div class=\"elementor-widget-wrap elementor-element-populated\">\n\t\t\t\t\t\t<div class=\"elementor-element elementor-element-b674ad7 elementor-widget elementor-widget-image\" data-id=\"b674ad7\" data-element_type=\"widget\" data-widget_type=\"image.default\">\n\t\t\t\t<div class=\"elementor-widget-container\">\n\t\t\t\t\t\t\t\t\t\t\t\t\t\t\t\t<a href=\"https:\/\/kosmetoloog.ee\/%d1%83%d1%81%d0%bb%d1%83%d0%b3%d0%b8\/%d0%b1%d0%b5%d0%b7%d0%b8%d0%bd%d1%8a%d0%b5%d0%ba%d1%86%d0%b8%d0%be%d0%bd%d0%bd%d1%8b%d0%b5-%d0%bc%d0%b5%d1%82%d0%be%d0%b4%d0%b8%d0%ba%d0%b8\/%d0%b4%d0%b5%d1%80%d0%bc%d0%b0%d0%bb%d1%8c%d0%bd%d1%8b%d0%b9-%d1%81%d1%82%d0%b8%d0%bc%d1%83%d0%bb%d1%8f%d1%82%d0%be%d1%80-prx-t33\/\">\n\t\t\t\t\t\t\t<img decoding=\"async\" width=\"420\" height=\"235\" data-src=\"https:\/\/old.kosmetoloog.ee\/wp-content\/uploads\/2023\/09\/photo_2020-04-05_19-.webp\" class=\"attachment-large size-large wp-image-1084 lazyload\" alt=\"\" data-srcset=\"https:\/\/old.kosmetoloog.ee\/wp-content\/uploads\/2023\/09\/photo_2020-04-05_19-.webp 420w, https:\/\/old.kosmetoloog.ee\/wp-content\/uploads\/2023\/09\/photo_2020-04-05_19--300x168.webp 300w\" data-sizes=\"(max-width: 420px) 100vw, 420px\" src=\"data:image\/svg+xml;base64,PHN2ZyB3aWR0aD0iMSIgaGVpZ2h0PSIxIiB4bWxucz0iaHR0cDovL3d3dy53My5vcmcvMjAwMC9zdmciPjwvc3ZnPg==\" style=\"--smush-placeholder-width: 420px; --smush-placeholder-aspect-ratio: 420\/235;\" \/>\t\t\t\t\t\t\t\t<\/a>\n\t\t\t\t\t\t\t\t\t\t\t\t\t\t\t<\/div>\n\t\t\t\t<\/div>\n\t\t\t\t<div class=\"elementor-element elementor-element-f92158f elementor-mobile-align-center elementor-align-justify elementor-widget elementor-widget-button\" data-id=\"f92158f\" data-element_type=\"widget\" data-widget_type=\"button.default\">\n\t\t\t\t<div class=\"elementor-widget-container\">\n\t\t\t\t\t\t\t\t\t<div class=\"elementor-button-wrapper\">\n\t\t\t\t\t<a class=\"elementor-button elementor-button-link elementor-size-sm\" href=\"https:\/\/kosmetoloog.ee\/%d1%83%d1%81%d0%bb%d1%83%d0%b3%d0%b8\/%d0%b1%d0%b5%d0%b7%d0%b8%d0%bd%d1%8a%d0%b5%d0%ba%d1%86%d0%b8%d0%be%d0%bd%d0%bd%d1%8b%d0%b5-%d0%bc%d0%b5%d1%82%d0%be%d0%b4%d0%b8%d0%ba%d0%b8\/%d0%b4%d0%b5%d1%80%d0%bc%d0%b0%d0%bb%d1%8c%d0%bd%d1%8b%d0%b9-%d1%81%d1%82%d0%b8%d0%bc%d1%83%d0%bb%d1%8f%d1%82%d0%be%d1%80-prx-t33\/\">\n\t\t\t\t\t\t<span class=\"elementor-button-content-wrapper\">\n\t\t\t\t\t\t\t\t\t<span class=\"elementor-button-text\">Koorimine Nanotip nanon\u00f5eltega<\/span>\n\t\t\t\t\t<\/span>\n\t\t\t\t\t<\/a>\n\t\t\t\t<\/div>\n\t\t\t\t\t\t\t\t<\/div>\n\t\t\t\t<\/div>\n\t\t\t\t\t<\/div>\n\t\t<\/div>\n\t\t\t\t\t<\/div>\n\t\t<\/section>\n\t\t\t\t<\/div>\n\t\t","protected":false},"excerpt":{"rendered":"<p>S\u00fcstevaba meetod &#8211; NANOASIA N\u00e4ojooga mask Koorimine Nanotip nanon\u00f5eltega Koorimine Nanotip nanon\u00f5eltega<\/p>\n","protected":false},"author":1,"featured_media":0,"parent":1437,"menu_order":0,"comment_status":"closed","ping_status":"closed","template":"","meta":{"_acf_changed":false,"footnotes":""},"class_list":["post-1440","page","type-page","status-publish","hentry"],"acf":[],"yoast_head":"<!-- This site is optimized with the Yoast SEO plugin v25.7 - https:\/\/yoast.com\/wordpress\/plugins\/seo\/ -->\n<title>S\u00fcstevabad meetodid - Ilutoodete e-pood<\/title>\n<meta name=\"robots\" content=\"noindex, follow, max-snippet:-1, max-image-preview:large, max-video-preview:-1\" \/>\n<meta property=\"og:locale\" content=\"et_EE\" \/>\n<meta property=\"og:type\" content=\"article\" \/>\n<meta property=\"og:title\" content=\"S\u00fcstevabad meetodid - Ilutoodete e-pood\" \/>\n<meta property=\"og:description\" content=\"S\u00fcstevaba meetod &#8211; NANOASIA N\u00e4ojooga mask Koorimine Nanotip nanon\u00f5eltega Koorimine Nanotip nanon\u00f5eltega\" \/>\n<meta property=\"og:url\" content=\"https:\/\/old.kosmetoloog.ee\/et\/teenused\/sustevabad-meetodid\/\" \/>\n<meta property=\"og:site_name\" content=\"Ilutoodete e-pood\" \/>\n<meta property=\"article:modified_time\" content=\"2023-11-09T10:19:09+00:00\" \/>\n<meta property=\"og:image\" content=\"https:\/\/kosmetoloog.ee\/wp-content\/uploads\/2023\/09\/photo_2020-04-08_00-.webp\" \/>\n<meta name=\"twitter:card\" content=\"summary_large_image\" \/>\n<script type=\"application\/ld+json\" class=\"yoast-schema-graph\">{\"@context\":\"https:\/\/schema.org\",\"@graph\":[{\"@type\":\"WebPage\",\"@id\":\"https:\/\/old.kosmetoloog.ee\/et\/teenused\/sustevabad-meetodid\/\",\"url\":\"https:\/\/old.kosmetoloog.ee\/et\/teenused\/sustevabad-meetodid\/\",\"name\":\"S\u00fcstevabad meetodid - Ilutoodete e-pood\",\"isPartOf\":{\"@id\":\"https:\/\/old.kosmetoloog.ee\/#website\"},\"primaryImageOfPage\":{\"@id\":\"https:\/\/old.kosmetoloog.ee\/et\/teenused\/sustevabad-meetodid\/#primaryimage\"},\"image\":{\"@id\":\"https:\/\/old.kosmetoloog.ee\/et\/teenused\/sustevabad-meetodid\/#primaryimage\"},\"thumbnailUrl\":\"https:\/\/kosmetoloog.ee\/wp-content\/uploads\/2023\/09\/photo_2020-04-08_00-.webp\",\"datePublished\":\"2023-09-25T07:36:46+00:00\",\"dateModified\":\"2023-11-09T10:19:09+00:00\",\"breadcrumb\":{\"@id\":\"https:\/\/old.kosmetoloog.ee\/et\/teenused\/sustevabad-meetodid\/#breadcrumb\"},\"inLanguage\":\"et\",\"potentialAction\":[{\"@type\":\"ReadAction\",\"target\":[\"https:\/\/old.kosmetoloog.ee\/et\/teenused\/sustevabad-meetodid\/\"]}]},{\"@type\":\"ImageObject\",\"inLanguage\":\"et\",\"@id\":\"https:\/\/old.kosmetoloog.ee\/et\/teenused\/sustevabad-meetodid\/#primaryimage\",\"url\":\"https:\/\/kosmetoloog.ee\/wp-content\/uploads\/2023\/09\/photo_2020-04-08_00-.webp\",\"contentUrl\":\"https:\/\/kosmetoloog.ee\/wp-content\/uploads\/2023\/09\/photo_2020-04-08_00-.webp\"},{\"@type\":\"BreadcrumbList\",\"@id\":\"https:\/\/old.kosmetoloog.ee\/et\/teenused\/sustevabad-meetodid\/#breadcrumb\",\"itemListElement\":[{\"@type\":\"ListItem\",\"position\":1,\"name\":\"Home\",\"item\":\"https:\/\/old.kosmetoloog.ee\/et\/\"},{\"@type\":\"ListItem\",\"position\":2,\"name\":\"Teenused\",\"item\":\"https:\/\/old.kosmetoloog.ee\/et\/teenused\/\"},{\"@type\":\"ListItem\",\"position\":3,\"name\":\"S\u00fcstevabad meetodid\"}]},{\"@type\":\"WebSite\",\"@id\":\"https:\/\/old.kosmetoloog.ee\/#website\",\"url\":\"https:\/\/old.kosmetoloog.ee\/\",\"name\":\"Ilutoodete e-pood\",\"description\":\"Kosmeetika pood\",\"publisher\":{\"@id\":\"https:\/\/old.kosmetoloog.ee\/#organization\"},\"potentialAction\":[{\"@type\":\"SearchAction\",\"target\":{\"@type\":\"EntryPoint\",\"urlTemplate\":\"https:\/\/old.kosmetoloog.ee\/?s={search_term_string}\"},\"query-input\":{\"@type\":\"PropertyValueSpecification\",\"valueRequired\":true,\"valueName\":\"search_term_string\"}}],\"inLanguage\":\"et\"},{\"@type\":\"Organization\",\"@id\":\"https:\/\/old.kosmetoloog.ee\/#organization\",\"name\":\"You are You O\u00dc\",\"url\":\"https:\/\/old.kosmetoloog.ee\/\",\"logo\":{\"@type\":\"ImageObject\",\"inLanguage\":\"et\",\"@id\":\"https:\/\/old.kosmetoloog.ee\/#\/schema\/logo\/image\/\",\"url\":\"https:\/\/old.kosmetoloog.ee\/wp-content\/uploads\/2023\/08\/logo-1.png\",\"contentUrl\":\"https:\/\/old.kosmetoloog.ee\/wp-content\/uploads\/2023\/08\/logo-1.png\",\"width\":1200,\"height\":964,\"caption\":\"You are You O\u00dc\"},\"image\":{\"@id\":\"https:\/\/old.kosmetoloog.ee\/#\/schema\/logo\/image\/\"}}]}<\/script>\n<!-- \/ Yoast SEO plugin. -->","yoast_head_json":{"title":"S\u00fcstevabad meetodid - Ilutoodete e-pood","robots":{"index":"noindex","follow":"follow","max-snippet":"max-snippet:-1","max-image-preview":"max-image-preview:large","max-video-preview":"max-video-preview:-1"},"og_locale":"et_EE","og_type":"article","og_title":"S\u00fcstevabad meetodid - Ilutoodete e-pood","og_description":"S\u00fcstevaba meetod &#8211; NANOASIA N\u00e4ojooga mask Koorimine Nanotip nanon\u00f5eltega Koorimine Nanotip nanon\u00f5eltega","og_url":"https:\/\/old.kosmetoloog.ee\/et\/teenused\/sustevabad-meetodid\/","og_site_name":"Ilutoodete e-pood","article_modified_time":"2023-11-09T10:19:09+00:00","og_image":[{"url":"https:\/\/kosmetoloog.ee\/wp-content\/uploads\/2023\/09\/photo_2020-04-08_00-.webp","type":"","width":"","height":""}],"twitter_card":"summary_large_image","schema":{"@context":"https:\/\/schema.org","@graph":[{"@type":"WebPage","@id":"https:\/\/old.kosmetoloog.ee\/et\/teenused\/sustevabad-meetodid\/","url":"https:\/\/old.kosmetoloog.ee\/et\/teenused\/sustevabad-meetodid\/","name":"S\u00fcstevabad meetodid - Ilutoodete e-pood","isPartOf":{"@id":"https:\/\/old.kosmetoloog.ee\/#website"},"primaryImageOfPage":{"@id":"https:\/\/old.kosmetoloog.ee\/et\/teenused\/sustevabad-meetodid\/#primaryimage"},"image":{"@id":"https:\/\/old.kosmetoloog.ee\/et\/teenused\/sustevabad-meetodid\/#primaryimage"},"thumbnailUrl":"https:\/\/kosmetoloog.ee\/wp-content\/uploads\/2023\/09\/photo_2020-04-08_00-.webp","datePublished":"2023-09-25T07:36:46+00:00","dateModified":"2023-11-09T10:19:09+00:00","breadcrumb":{"@id":"https:\/\/old.kosmetoloog.ee\/et\/teenused\/sustevabad-meetodid\/#breadcrumb"},"inLanguage":"et","potentialAction":[{"@type":"ReadAction","target":["https:\/\/old.kosmetoloog.ee\/et\/teenused\/sustevabad-meetodid\/"]}]},{"@type":"ImageObject","inLanguage":"et","@id":"https:\/\/old.kosmetoloog.ee\/et\/teenused\/sustevabad-meetodid\/#primaryimage","url":"https:\/\/kosmetoloog.ee\/wp-content\/uploads\/2023\/09\/photo_2020-04-08_00-.webp","contentUrl":"https:\/\/kosmetoloog.ee\/wp-content\/uploads\/2023\/09\/photo_2020-04-08_00-.webp"},{"@type":"BreadcrumbList","@id":"https:\/\/old.kosmetoloog.ee\/et\/teenused\/sustevabad-meetodid\/#breadcrumb","itemListElement":[{"@type":"ListItem","position":1,"name":"Home","item":"https:\/\/old.kosmetoloog.ee\/et\/"},{"@type":"ListItem","position":2,"name":"Teenused","item":"https:\/\/old.kosmetoloog.ee\/et\/teenused\/"},{"@type":"ListItem","position":3,"name":"S\u00fcstevabad meetodid"}]},{"@type":"WebSite","@id":"https:\/\/old.kosmetoloog.ee\/#website","url":"https:\/\/old.kosmetoloog.ee\/","name":"Ilutoodete e-pood","description":"Kosmeetika pood","publisher":{"@id":"https:\/\/old.kosmetoloog.ee\/#organization"},"potentialAction":[{"@type":"SearchAction","target":{"@type":"EntryPoint","urlTemplate":"https:\/\/old.kosmetoloog.ee\/?s={search_term_string}"},"query-input":{"@type":"PropertyValueSpecification","valueRequired":true,"valueName":"search_term_string"}}],"inLanguage":"et"},{"@type":"Organization","@id":"https:\/\/old.kosmetoloog.ee\/#organization","name":"You are You O\u00dc","url":"https:\/\/old.kosmetoloog.ee\/","logo":{"@type":"ImageObject","inLanguage":"et","@id":"https:\/\/old.kosmetoloog.ee\/#\/schema\/logo\/image\/","url":"https:\/\/old.kosmetoloog.ee\/wp-content\/uploads\/2023\/08\/logo-1.png","contentUrl":"https:\/\/old.kosmetoloog.ee\/wp-content\/uploads\/2023\/08\/logo-1.png","width":1200,"height":964,"caption":"You are You O\u00dc"},"image":{"@id":"https:\/\/old.kosmetoloog.ee\/#\/schema\/logo\/image\/"}}]}},"_links":{"self":[{"href":"https:\/\/old.kosmetoloog.ee\/et\/wp-json\/wp\/v2\/pages\/1440","targetHints":{"allow":["GET"]}}],"collection":[{"href":"https:\/\/old.kosmetoloog.ee\/et\/wp-json\/wp\/v2\/pages"}],"about":[{"href":"https:\/\/old.kosmetoloog.ee\/et\/wp-json\/wp\/v2\/types\/page"}],"author":[{"embeddable":true,"href":"https:\/\/old.kosmetoloog.ee\/et\/wp-json\/wp\/v2\/users\/1"}],"replies":[{"embeddable":true,"href":"https:\/\/old.kosmetoloog.ee\/et\/wp-json\/wp\/v2\/comments?post=1440"}],"version-history":[{"count":2,"href":"https:\/\/old.kosmetoloog.ee\/et\/wp-json\/wp\/v2\/pages\/1440\/revisions"}],"predecessor-version":[{"id":1751,"href":"https:\/\/old.kosmetoloog.ee\/et\/wp-json\/wp\/v2\/pages\/1440\/revisions\/1751"}],"up":[{"embeddable":true,"href":"https:\/\/old.kosmetoloog.ee\/et\/wp-json\/wp\/v2\/pages\/1437"}],"wp:attachment":[{"href":"https:\/\/old.kosmetoloog.ee\/et\/wp-json\/wp\/v2\/media?parent=1440"}],"curies":[{"name":"wp","href":"https:\/\/api.w.org\/{rel}","templated":true}]}}