{"id":1442,"date":"2023-09-25T10:06:05","date_gmt":"2023-09-25T07:06:05","guid":{"rendered":"https:\/\/kosmetoloog.ee\/teenused\/online-konsultatsioon\/"},"modified":"2024-01-09T13:45:42","modified_gmt":"2024-01-09T11:45:42","slug":"online-konsultatsioon","status":"publish","type":"page","link":"https:\/\/old.kosmetoloog.ee\/et\/teenused\/online-konsultatsioon\/","title":{"rendered":"ONLINE Konsultatsioon"},"content":{"rendered":"\t\t<div data-elementor-type=\"wp-page\" data-elementor-id=\"1442\" class=\"elementor elementor-1442 elementor-1026\" data-elementor-post-type=\"page\">\n\t\t\t\t\t\t<section class=\"elementor-section elementor-top-section elementor-element elementor-element-e8e2850 elementor-section-boxed elementor-section-height-default elementor-section-height-default\" data-id=\"e8e2850\" data-element_type=\"section\">\n\t\t\t\t\t\t<div class=\"elementor-container elementor-column-gap-default\">\n\t\t\t\t\t<div class=\"elementor-column elementor-col-33 elementor-top-column elementor-element elementor-element-1281c5e\" data-id=\"1281c5e\" data-element_type=\"column\">\n\t\t\t<div class=\"elementor-widget-wrap elementor-element-populated\">\n\t\t\t\t\t\t<div class=\"elementor-element elementor-element-22a171f elementor-widget elementor-widget-image\" data-id=\"22a171f\" data-element_type=\"widget\" data-widget_type=\"image.default\">\n\t\t\t\t<div class=\"elementor-widget-container\">\n\t\t\t\t\t\t\t\t\t\t\t\t\t\t\t<img fetchpriority=\"high\" decoding=\"async\" width=\"800\" height=\"800\" src=\"https:\/\/old.kosmetoloog.ee\/wp-content\/uploads\/2023\/09\/IMG_4921-e1695625611571.jpg\" class=\"attachment-full size-full wp-image-1028\" alt=\"\" \/>\t\t\t\t\t\t\t\t\t\t\t\t\t\t\t<\/div>\n\t\t\t\t<\/div>\n\t\t\t\t\t<\/div>\n\t\t<\/div>\n\t\t\t\t<div class=\"elementor-column elementor-col-66 elementor-top-column elementor-element elementor-element-4457b29\" data-id=\"4457b29\" data-element_type=\"column\">\n\t\t\t<div class=\"elementor-widget-wrap elementor-element-populated\">\n\t\t\t\t\t\t<div class=\"elementor-element elementor-element-21ecf7f elementor-mobile-align-center elementor-align-left elementor-widget elementor-widget-button\" data-id=\"21ecf7f\" data-element_type=\"widget\" data-widget_type=\"button.default\">\n\t\t\t\t<div class=\"elementor-widget-container\">\n\t\t\t\t\t\t\t\t\t<div class=\"elementor-button-wrapper\">\n\t\t\t\t\t<a class=\"elementor-button elementor-button-link elementor-size-sm\" href=\"\/et\/toode\/online-konsultatsioon\/\">\n\t\t\t\t\t\t<span class=\"elementor-button-content-wrapper\">\n\t\t\t\t\t\t\t\t\t<span class=\"elementor-button-text\">Telli online konsultatsioon<\/span>\n\t\t\t\t\t<\/span>\n\t\t\t\t\t<\/a>\n\t\t\t\t<\/div>\n\t\t\t\t\t\t\t\t<\/div>\n\t\t\t\t<\/div>\n\t\t\t\t<div class=\"elementor-element elementor-element-66a3f8a8 elementor-widget elementor-widget-text-editor\" data-id=\"66a3f8a8\" data-element_type=\"widget\" data-widget_type=\"text-editor.default\">\n\t\t\t\t<div class=\"elementor-widget-container\">\n\t\t\t\t\t\t\t\t\t<div class=\"t396__elem tn-elem tn-elem__1768682041586035080549\" data-elem-id=\"1586035080549\" data-elem-type=\"text\" data-field-top-value=\"70\" data-field-top-res-960-value=\"65\" data-field-top-res-640-value=\"52\" data-field-top-res-480-value=\"50\" data-field-top-res-320-value=\"40\" data-field-left-value=\"410\" data-field-left-res-960-value=\"285\" data-field-left-res-640-value=\"220\" data-field-left-res-480-value=\"180\" data-field-left-res-320-value=\"20\" data-field-width-value=\"780\" data-field-width-res-960-value=\"670\" data-field-width-res-640-value=\"410\" data-field-width-res-480-value=\"290\" data-field-axisy-value=\"top\" data-field-axisx-value=\"left\" data-field-container-value=\"grid\" data-field-topunits-value=\"px\" data-field-leftunits-value=\"px\" data-field-heightunits-value=\"\" data-field-widthunits-value=\"px\" data-fields=\"top,left,width,container,axisx,axisy,widthunits,leftunits,topunits\">\n<div class=\"tn-atom\">\n<p>Oma kosmeetiku leidmine pole lihtne. Eriti kui elate v\u00e4ikelinnas v\u00f5i v\u00e4lismaal. \u00d5nneks v\u00f5imaldab Interneti j\u00f5ud leida OMA kosmeetiku k\u00f5ikjal maailmas ja saada professionaalseid soovitusi kodust lahkumata.<\/p>\n<p>Kuidas valmistuda online-konsultatsiooniks? Selleks, et meie konsultatsioon oleks produktiivne, peate eelnevalt vastama m\u00f5nele minu k\u00fcsimustele. Koostage ka mulle loetelu oma p\u00f5hik\u00fcsimustest. Ma vaatan teie olukorra \u00fcle ja teavitan teid, kas ma saan teid nendes k\u00fcsimustes n\u00f5ustada. P\u00e4rast positiivset vastust peate tasuma konsultatsiooni eest ja lepime kokku konsultatsiooni sobiva aja.<\/p>\n<p><strong>Personaliseeritud p\u00f5hjalik 1-tunnine online konsultatsioon sisaldab:<\/strong><\/p>\n<p>\u2665 Sinu naha seisundile objektiivne hinnang. Nahat\u00fc\u00fcbi, vananemist\u00fc\u00fcbi m\u00e4\u00e4ramine ja olemasolevate probleemide p\u00f5hjuste selgitamine.<\/p>\n<p>\u2665 Kasutatavate kosmeetikavahendite arutamine ja koduhoolduse vigade tuvastamine.<\/p>\n<p>\u2665 Individuaalse nahahooldusprogrammi koostamine, arvestades vanust, nahat\u00fc\u00fcpi ja peamisi esteetilisi probleeme. Antud programm hakkab t\u00f6\u00f6tama mis tahes kvaliteetse kosmeetikaga s\u00f5ltumata konkreetsest br\u00e4ndist.<\/p>\n<p>\u2665 Soovitused salongiprotseduuride valimiseks, mis v\u00f5ivad just Teile kasulikud olla.<\/p>\n<p>\u2665 Professionaalse kosmeetika valik \u2013 konkreetsete hooldustoodete loetelu teie probleemide lahendamiseks.<\/p>\n<\/div>\n<\/div>\n<div class=\"t396__elem tn-elem tn-elem__1768682041586035083283\" data-elem-id=\"1586035083283\" data-elem-type=\"image\" data-field-top-value=\"125\" data-field-top-res-960-value=\"160\" data-field-top-res-640-value=\"322\" data-field-top-res-480-value=\"260\" data-field-top-res-320-value=\"825\" data-field-left-value=\"10\" data-field-left-res-960-value=\"5\" data-field-left-res-640-value=\"10\" data-field-left-res-480-value=\"20\" data-field-left-res-320-value=\"80\" data-field-width-value=\"360\" data-field-width-res-960-value=\"240\" data-field-width-res-640-value=\"180\" data-field-width-res-480-value=\"140\" data-field-width-res-320-value=\"160\" data-field-axisy-value=\"top\" data-field-axisx-value=\"left\" data-field-container-value=\"grid\" data-field-topunits-value=\"px\" data-field-leftunits-value=\"px\" data-field-heightunits-value=\"\" data-field-widthunits-value=\"px\" data-field-filewidth-value=\"725\" data-field-fileheight-value=\"1275\" data-fields=\"img,width,filewidth,fileheight,top,left,container,axisx,axisy,widthunits,leftunits,topunits\">\n<div class=\"tn-atom\"> <\/div>\n<\/div>\n<div class=\"t396__elem tn-elem tn-elem__1768682041586040797177\" data-elem-id=\"1586040797177\" data-elem-type=\"text\" data-field-top-value=\"820\" data-field-top-res-960-value=\"790\" data-field-top-res-640-value=\"977\" data-field-top-res-480-value=\"1065\" data-field-top-res-320-value=\"1140\" data-field-left-value=\"30\" data-field-left-res-960-value=\"25\" data-field-left-res-640-value=\"30\" data-field-left-res-480-value=\"20\" data-field-left-res-320-value=\"20\" data-field-width-value=\"1160\" data-field-width-res-960-value=\"920\" data-field-width-res-640-value=\"600\" data-field-width-res-480-value=\"450\" data-field-width-res-320-value=\"290\" data-field-axisy-value=\"top\" data-field-axisx-value=\"left\" data-field-container-value=\"grid\" data-field-topunits-value=\"px\" data-field-leftunits-value=\"px\" data-field-heightunits-value=\"\" data-field-widthunits-value=\"px\" data-fields=\"top,left,width,container,axisx,axisy,widthunits,leftunits,topunits\">\n<div class=\"tn-atom\">\n<p>Ma saan teid aidata hooldusstrateegia v\u00e4ljat\u00f6\u00f6tamisel &#8211; milliseid tooteid milliste komponentidega soobiks teie milliseid mitte.<\/p>\n<p>Lisaks sellele saate loetelu individuaalselt valitud hooldustoodetest, mis p\u00e4rinevad professionaalsetelt br\u00e4ndidelt, millega ma t\u00f6\u00f6tan, mida ma ise kasutan ja mille t\u00f5husust olen praktikas t\u00f5estanud:<\/p>\n<ul>\n<li>\u2665 Germaine de Cappucini (Hispaania);<\/li>\n<li>\u2665 Meder Beauty Science (\u0160veits);<\/li>\n<li>\u2665 Nanoaasia (L\u00f5una-Korea);<\/li>\n<li>\u2665 Renophase (Prantsusmaa);<\/li>\n<li>\u2665 Sesderma (Hispaania).<\/li>\n<\/ul>\n<p>Antud kosmeetika ei ole tavalistes kauplustes saadaval. Kuid teil on v\u00f5imalus tellida vajalikud tooted ilusalongidest v\u00f5i professionaalsete br\u00e4ndide veebipoodidest.<\/p>\n<\/div>\n<\/div>\n<div class=\"t396__elem tn-elem tn-elem__1768682041586170316834\" data-elem-id=\"1586170316834\" data-elem-type=\"image\" data-field-top-value=\"150\" data-field-top-res-960-value=\"140\" data-field-top-res-640-value=\"147\" data-field-top-res-480-value=\"135\" data-field-top-res-320-value=\"119\" data-field-left-value=\"380\" data-field-left-res-960-value=\"260\" data-field-left-res-640-value=\"200\" data-field-left-res-480-value=\"163\" data-field-left-res-320-value=\"6\" data-field-width-value=\"22\" data-field-width-res-960-value=\"20\" data-field-width-res-640-value=\"18\" data-field-width-res-480-value=\"16\" data-field-width-res-320-value=\"14\" data-field-axisy-value=\"top\" data-field-axisx-value=\"left\" data-field-container-value=\"grid\" data-field-topunits-value=\"px\" data-field-leftunits-value=\"px\" data-field-heightunits-value=\"\" data-field-widthunits-value=\"px\" data-field-filewidth-value=\"229\" data-field-fileheight-value=\"229\" data-fields=\"img,width,filewidth,fileheight,top,left,container,axisx,axisy,widthunits,leftunits,topunits\">\n<div class=\"tn-atom\"> <\/div>\n<div class=\"tn-atom\"><strong>Mida on vaja online-konsultatsiooniks:<\/strong><\/div>\n<div class=\"tn-atom\">\n<p>\u2665 Teil on vaja kasutada mingit videok\u00f5nede rakendust. Veenduge, et teie kaamera ja mikrofon t\u00f6\u00f6tavad ning on videok\u00f5neks valmis.<\/p>\n<p>\u2665 P\u00fc\u00fcdke konsultatsiooni ajal valida h\u00e4sti valgustatud koht, et ma n\u00e4eksin teie n\u00e4gu.<\/p>\n<p>\u2665 Enne konsultatsiooni tuleb saata selged fotod oma naha probleemsetest piirkondadest ja teie igap\u00e4evase hooldustoodete (pesu, toonik, n\u00e4okreem) koostisest .<\/p>\n<\/div>\n<\/div>\n<div class=\"t396__elem tn-elem tn-elem__1768682041586170358911\" data-elem-id=\"1586170358911\" data-elem-type=\"image\" data-field-top-value=\"295\" data-field-top-res-960-value=\"275\" data-field-top-res-640-value=\"307\" data-field-top-res-480-value=\"332\" data-field-top-res-320-value=\"245\" data-field-left-value=\"380\" data-field-left-res-960-value=\"260\" data-field-left-res-640-value=\"200\" data-field-left-res-480-value=\"163\" data-field-left-res-320-value=\"6\" data-field-width-value=\"22\" data-field-width-res-960-value=\"20\" data-field-width-res-640-value=\"18\" data-field-width-res-480-value=\"16\" data-field-width-res-320-value=\"14\" data-field-axisy-value=\"top\" data-field-axisx-value=\"left\" data-field-container-value=\"grid\" data-field-topunits-value=\"px\" data-field-leftunits-value=\"px\" data-field-heightunits-value=\"\" data-field-widthunits-value=\"px\" data-field-filewidth-value=\"229\" data-field-fileheight-value=\"229\" data-fields=\"img,width,filewidth,fileheight,top,left,container,axisx,axisy,widthunits,leftunits,topunits\"> <\/div>\n\t\t\t\t\t\t\t\t<\/div>\n\t\t\t\t<\/div>\n\t\t\t\t\t<\/div>\n\t\t<\/div>\n\t\t\t\t\t<\/div>\n\t\t<\/section>\n\t\t\t\t<\/div>\n\t\t","protected":false},"excerpt":{"rendered":"<p>Telli online konsultatsioon Oma kosmeetiku leidmine pole lihtne. Eriti kui elate v\u00e4ikelinnas v\u00f5i v\u00e4lismaal. \u00d5nneks v\u00f5imaldab Interneti j\u00f5ud leida OMA kosmeetiku k\u00f5ikjal maailmas ja saada professionaalseid soovitusi kodust lahkumata. Kuidas valmistuda online-konsultatsiooniks? Selleks, et meie konsultatsioon oleks produktiivne, peate eelnevalt vastama m\u00f5nele minu k\u00fcsimustele. Koostage ka mulle loetelu oma p\u00f5hik\u00fcsimustest. Ma vaatan teie olukorra \u00fcle [&hellip;]<\/p>\n","protected":false},"author":1,"featured_media":0,"parent":1437,"menu_order":0,"comment_status":"closed","ping_status":"closed","template":"","meta":{"_acf_changed":false,"footnotes":""},"class_list":["post-1442","page","type-page","status-publish","hentry"],"acf":[],"yoast_head":"<!-- This site is optimized with the Yoast SEO plugin v25.7 - https:\/\/yoast.com\/wordpress\/plugins\/seo\/ -->\n<title>ONLINE Konsultatsioon - Ilutoodete e-pood<\/title>\n<meta name=\"robots\" content=\"noindex, follow, max-snippet:-1, max-image-preview:large, max-video-preview:-1\" \/>\n<meta property=\"og:locale\" content=\"et_EE\" \/>\n<meta property=\"og:type\" content=\"article\" \/>\n<meta property=\"og:title\" content=\"ONLINE Konsultatsioon - Ilutoodete e-pood\" \/>\n<meta property=\"og:description\" content=\"Telli online konsultatsioon Oma kosmeetiku leidmine pole lihtne. Eriti kui elate v\u00e4ikelinnas v\u00f5i v\u00e4lismaal. \u00d5nneks v\u00f5imaldab Interneti j\u00f5ud leida OMA kosmeetiku k\u00f5ikjal maailmas ja saada professionaalseid soovitusi kodust lahkumata. Kuidas valmistuda online-konsultatsiooniks? Selleks, et meie konsultatsioon oleks produktiivne, peate eelnevalt vastama m\u00f5nele minu k\u00fcsimustele. Koostage ka mulle loetelu oma p\u00f5hik\u00fcsimustest. Ma vaatan teie olukorra \u00fcle [&hellip;]\" \/>\n<meta property=\"og:url\" content=\"https:\/\/old.kosmetoloog.ee\/teenused\/online-konsultatsioon\/\" \/>\n<meta property=\"og:site_name\" content=\"Ilutoodete e-pood\" \/>\n<meta property=\"article:modified_time\" content=\"2024-01-09T11:45:42+00:00\" \/>\n<meta property=\"og:image\" content=\"https:\/\/kosmetoloog.ee\/wp-content\/uploads\/2023\/09\/IMG_4921-e1695625611571.jpg\" \/>\n<meta name=\"twitter:card\" content=\"summary_large_image\" \/>\n<meta name=\"twitter:label1\" content=\"Est. reading time\" \/>\n\t<meta name=\"twitter:data1\" content=\"2 minutit\" \/>\n<script type=\"application\/ld+json\" class=\"yoast-schema-graph\">{\"@context\":\"https:\/\/schema.org\",\"@graph\":[{\"@type\":\"WebPage\",\"@id\":\"https:\/\/old.kosmetoloog.ee\/teenused\/online-konsultatsioon\/\",\"url\":\"https:\/\/old.kosmetoloog.ee\/teenused\/online-konsultatsioon\/\",\"name\":\"ONLINE Konsultatsioon - Ilutoodete e-pood\",\"isPartOf\":{\"@id\":\"https:\/\/old.kosmetoloog.ee\/#website\"},\"primaryImageOfPage\":{\"@id\":\"https:\/\/old.kosmetoloog.ee\/teenused\/online-konsultatsioon\/#primaryimage\"},\"image\":{\"@id\":\"https:\/\/old.kosmetoloog.ee\/teenused\/online-konsultatsioon\/#primaryimage\"},\"thumbnailUrl\":\"https:\/\/kosmetoloog.ee\/wp-content\/uploads\/2023\/09\/IMG_4921-e1695625611571.jpg\",\"datePublished\":\"2023-09-25T07:06:05+00:00\",\"dateModified\":\"2024-01-09T11:45:42+00:00\",\"breadcrumb\":{\"@id\":\"https:\/\/old.kosmetoloog.ee\/teenused\/online-konsultatsioon\/#breadcrumb\"},\"inLanguage\":\"et\",\"potentialAction\":[{\"@type\":\"ReadAction\",\"target\":[\"https:\/\/old.kosmetoloog.ee\/teenused\/online-konsultatsioon\/\"]}]},{\"@type\":\"ImageObject\",\"inLanguage\":\"et\",\"@id\":\"https:\/\/old.kosmetoloog.ee\/teenused\/online-konsultatsioon\/#primaryimage\",\"url\":\"https:\/\/kosmetoloog.ee\/wp-content\/uploads\/2023\/09\/IMG_4921-e1695625611571.jpg\",\"contentUrl\":\"https:\/\/kosmetoloog.ee\/wp-content\/uploads\/2023\/09\/IMG_4921-e1695625611571.jpg\"},{\"@type\":\"BreadcrumbList\",\"@id\":\"https:\/\/old.kosmetoloog.ee\/teenused\/online-konsultatsioon\/#breadcrumb\",\"itemListElement\":[{\"@type\":\"ListItem\",\"position\":1,\"name\":\"Home\",\"item\":\"https:\/\/old.kosmetoloog.ee\/et\/\"},{\"@type\":\"ListItem\",\"position\":2,\"name\":\"Teenused\",\"item\":\"https:\/\/old.kosmetoloog.ee\/et\/teenused\/\"},{\"@type\":\"ListItem\",\"position\":3,\"name\":\"ONLINE Konsultatsioon\"}]},{\"@type\":\"WebSite\",\"@id\":\"https:\/\/old.kosmetoloog.ee\/#website\",\"url\":\"https:\/\/old.kosmetoloog.ee\/\",\"name\":\"Ilutoodete e-pood\",\"description\":\"Kosmeetika pood\",\"publisher\":{\"@id\":\"https:\/\/old.kosmetoloog.ee\/#organization\"},\"potentialAction\":[{\"@type\":\"SearchAction\",\"target\":{\"@type\":\"EntryPoint\",\"urlTemplate\":\"https:\/\/old.kosmetoloog.ee\/?s={search_term_string}\"},\"query-input\":{\"@type\":\"PropertyValueSpecification\",\"valueRequired\":true,\"valueName\":\"search_term_string\"}}],\"inLanguage\":\"et\"},{\"@type\":\"Organization\",\"@id\":\"https:\/\/old.kosmetoloog.ee\/#organization\",\"name\":\"You are You O\u00dc\",\"url\":\"https:\/\/old.kosmetoloog.ee\/\",\"logo\":{\"@type\":\"ImageObject\",\"inLanguage\":\"et\",\"@id\":\"https:\/\/old.kosmetoloog.ee\/#\/schema\/logo\/image\/\",\"url\":\"https:\/\/old.kosmetoloog.ee\/wp-content\/uploads\/2023\/08\/logo-1.png\",\"contentUrl\":\"https:\/\/old.kosmetoloog.ee\/wp-content\/uploads\/2023\/08\/logo-1.png\",\"width\":1200,\"height\":964,\"caption\":\"You are You O\u00dc\"},\"image\":{\"@id\":\"https:\/\/old.kosmetoloog.ee\/#\/schema\/logo\/image\/\"}}]}<\/script>\n<!-- \/ Yoast SEO plugin. -->","yoast_head_json":{"title":"ONLINE Konsultatsioon - Ilutoodete e-pood","robots":{"index":"noindex","follow":"follow","max-snippet":"max-snippet:-1","max-image-preview":"max-image-preview:large","max-video-preview":"max-video-preview:-1"},"og_locale":"et_EE","og_type":"article","og_title":"ONLINE Konsultatsioon - Ilutoodete e-pood","og_description":"Telli online konsultatsioon Oma kosmeetiku leidmine pole lihtne. Eriti kui elate v\u00e4ikelinnas v\u00f5i v\u00e4lismaal. \u00d5nneks v\u00f5imaldab Interneti j\u00f5ud leida OMA kosmeetiku k\u00f5ikjal maailmas ja saada professionaalseid soovitusi kodust lahkumata. Kuidas valmistuda online-konsultatsiooniks? Selleks, et meie konsultatsioon oleks produktiivne, peate eelnevalt vastama m\u00f5nele minu k\u00fcsimustele. Koostage ka mulle loetelu oma p\u00f5hik\u00fcsimustest. Ma vaatan teie olukorra \u00fcle [&hellip;]","og_url":"https:\/\/old.kosmetoloog.ee\/teenused\/online-konsultatsioon\/","og_site_name":"Ilutoodete e-pood","article_modified_time":"2024-01-09T11:45:42+00:00","og_image":[{"url":"https:\/\/kosmetoloog.ee\/wp-content\/uploads\/2023\/09\/IMG_4921-e1695625611571.jpg","type":"","width":"","height":""}],"twitter_card":"summary_large_image","twitter_misc":{"Est. reading time":"2 minutit"},"schema":{"@context":"https:\/\/schema.org","@graph":[{"@type":"WebPage","@id":"https:\/\/old.kosmetoloog.ee\/teenused\/online-konsultatsioon\/","url":"https:\/\/old.kosmetoloog.ee\/teenused\/online-konsultatsioon\/","name":"ONLINE Konsultatsioon - Ilutoodete e-pood","isPartOf":{"@id":"https:\/\/old.kosmetoloog.ee\/#website"},"primaryImageOfPage":{"@id":"https:\/\/old.kosmetoloog.ee\/teenused\/online-konsultatsioon\/#primaryimage"},"image":{"@id":"https:\/\/old.kosmetoloog.ee\/teenused\/online-konsultatsioon\/#primaryimage"},"thumbnailUrl":"https:\/\/kosmetoloog.ee\/wp-content\/uploads\/2023\/09\/IMG_4921-e1695625611571.jpg","datePublished":"2023-09-25T07:06:05+00:00","dateModified":"2024-01-09T11:45:42+00:00","breadcrumb":{"@id":"https:\/\/old.kosmetoloog.ee\/teenused\/online-konsultatsioon\/#breadcrumb"},"inLanguage":"et","potentialAction":[{"@type":"ReadAction","target":["https:\/\/old.kosmetoloog.ee\/teenused\/online-konsultatsioon\/"]}]},{"@type":"ImageObject","inLanguage":"et","@id":"https:\/\/old.kosmetoloog.ee\/teenused\/online-konsultatsioon\/#primaryimage","url":"https:\/\/kosmetoloog.ee\/wp-content\/uploads\/2023\/09\/IMG_4921-e1695625611571.jpg","contentUrl":"https:\/\/kosmetoloog.ee\/wp-content\/uploads\/2023\/09\/IMG_4921-e1695625611571.jpg"},{"@type":"BreadcrumbList","@id":"https:\/\/old.kosmetoloog.ee\/teenused\/online-konsultatsioon\/#breadcrumb","itemListElement":[{"@type":"ListItem","position":1,"name":"Home","item":"https:\/\/old.kosmetoloog.ee\/et\/"},{"@type":"ListItem","position":2,"name":"Teenused","item":"https:\/\/old.kosmetoloog.ee\/et\/teenused\/"},{"@type":"ListItem","position":3,"name":"ONLINE Konsultatsioon"}]},{"@type":"WebSite","@id":"https:\/\/old.kosmetoloog.ee\/#website","url":"https:\/\/old.kosmetoloog.ee\/","name":"Ilutoodete e-pood","description":"Kosmeetika pood","publisher":{"@id":"https:\/\/old.kosmetoloog.ee\/#organization"},"potentialAction":[{"@type":"SearchAction","target":{"@type":"EntryPoint","urlTemplate":"https:\/\/old.kosmetoloog.ee\/?s={search_term_string}"},"query-input":{"@type":"PropertyValueSpecification","valueRequired":true,"valueName":"search_term_string"}}],"inLanguage":"et"},{"@type":"Organization","@id":"https:\/\/old.kosmetoloog.ee\/#organization","name":"You are You O\u00dc","url":"https:\/\/old.kosmetoloog.ee\/","logo":{"@type":"ImageObject","inLanguage":"et","@id":"https:\/\/old.kosmetoloog.ee\/#\/schema\/logo\/image\/","url":"https:\/\/old.kosmetoloog.ee\/wp-content\/uploads\/2023\/08\/logo-1.png","contentUrl":"https:\/\/old.kosmetoloog.ee\/wp-content\/uploads\/2023\/08\/logo-1.png","width":1200,"height":964,"caption":"You are You O\u00dc"},"image":{"@id":"https:\/\/old.kosmetoloog.ee\/#\/schema\/logo\/image\/"}}]}},"_links":{"self":[{"href":"https:\/\/old.kosmetoloog.ee\/et\/wp-json\/wp\/v2\/pages\/1442","targetHints":{"allow":["GET"]}}],"collection":[{"href":"https:\/\/old.kosmetoloog.ee\/et\/wp-json\/wp\/v2\/pages"}],"about":[{"href":"https:\/\/old.kosmetoloog.ee\/et\/wp-json\/wp\/v2\/types\/page"}],"author":[{"embeddable":true,"href":"https:\/\/old.kosmetoloog.ee\/et\/wp-json\/wp\/v2\/users\/1"}],"replies":[{"embeddable":true,"href":"https:\/\/old.kosmetoloog.ee\/et\/wp-json\/wp\/v2\/comments?post=1442"}],"version-history":[{"count":7,"href":"https:\/\/old.kosmetoloog.ee\/et\/wp-json\/wp\/v2\/pages\/1442\/revisions"}],"predecessor-version":[{"id":1973,"href":"https:\/\/old.kosmetoloog.ee\/et\/wp-json\/wp\/v2\/pages\/1442\/revisions\/1973"}],"up":[{"embeddable":true,"href":"https:\/\/old.kosmetoloog.ee\/et\/wp-json\/wp\/v2\/pages\/1437"}],"wp:attachment":[{"href":"https:\/\/old.kosmetoloog.ee\/et\/wp-json\/wp\/v2\/media?parent=1442"}],"curies":[{"name":"wp","href":"https:\/\/api.w.org\/{rel}","templated":true}]}}