{"id":1477,"date":"2023-09-25T13:22:18","date_gmt":"2023-09-25T10:22:18","guid":{"rendered":"https:\/\/kosmetoloog.ee\/teenused\/sustevabad-meetodid\/sustevaba-meetod-nanoasia\/"},"modified":"2023-11-09T12:20:20","modified_gmt":"2023-11-09T10:20:20","slug":"sustevaba-meetod-nanoasia","status":"publish","type":"page","link":"https:\/\/old.kosmetoloog.ee\/et\/teenused\/sustevabad-meetodid\/sustevaba-meetod-nanoasia\/","title":{"rendered":"S\u00fcstevaba meetod &#8211; NANOASIA"},"content":{"rendered":"\t\t<div data-elementor-type=\"wp-page\" data-elementor-id=\"1477\" class=\"elementor elementor-1477 elementor-1214\" data-elementor-post-type=\"page\">\n\t\t\t\t\t\t<section class=\"elementor-section elementor-top-section elementor-element elementor-element-50c8d80 elementor-section-boxed elementor-section-height-default elementor-section-height-default\" data-id=\"50c8d80\" data-element_type=\"section\">\n\t\t\t\t\t\t<div class=\"elementor-container elementor-column-gap-default\">\n\t\t\t\t\t<div class=\"elementor-column elementor-col-100 elementor-top-column elementor-element elementor-element-4e1cf6e\" data-id=\"4e1cf6e\" data-element_type=\"column\">\n\t\t\t<div class=\"elementor-widget-wrap elementor-element-populated\">\n\t\t\t\t\t\t<div class=\"elementor-element elementor-element-5dc4ce0 elementor-widget elementor-widget-text-editor\" data-id=\"5dc4ce0\" data-element_type=\"widget\" data-widget_type=\"text-editor.default\">\n\t\t\t\t<div class=\"elementor-widget-container\">\n\t\t\t\t\t\t\t\t\t<h3>S\u00fcstevabad meetodid<\/h3>\n<\/p>\n<p>S\u00fcstevaba mesoteraapia ja biorevataliseerimine NANOASIA nanokompleksidega.<\/p>\n<p><strong> Nanoasia on eksklusiivse L\u00f5una-Korea kosmeetika kaubam\u00e4rk, mis on m\u00f5eldud kasutamiseks nii salongides kui ka kodus.<\/strong> K\u00f5ik valemid on kohandatud Euroopa nahat\u00fc\u00fcpidele. Protseduur ei n\u00f5ua taastumisperioodi, toimub ilma valu ja stressita, minimaalse p\u00f5letiku- v\u00f5i infektsiooni riskiga. Protseduur sobib nii naistele kui ka meestele erinevates vanusekategooriates.<\/p>\n<p>Unikaalne kvaliteedi ja efektiivsuse kombinatsioon Nanoasia kosmeetikatoodetes v\u00f5imaldab teil j\u00e4\u00e4da p\u00e4evast p\u00e4eva nooreks ja ilusaks. Kosmetooloid, dermatoloogid ja plastikakirurgid edukalt kasutavad Nanoasia tooteid oma praktikas.<\/p>\n<\/p>\n<h4>Kuidas toimib s\u00fcstevaba biorevitalisatsioon NANOASIA seerumiga?<\/h4>\n<table border=\"0\">\n<tbody>\n<tr>\n<td>\n<p>T\u00e4nu ravimi madalamolekulaarsele koostisele ja vaid 4 nm osakeste suurusele tungib see kergesti naha s\u00fcgavamatesse kihtidesse ilma s\u00fcstide ja nahakahjustusteta!<\/p>\n<p>NANOASIA AirBrush&#8217;i abil kantakse preparaat nahale piki massaa\u017eijooni tugeva \u00f5hujoa. See aitab ravimil kergesti, ilma n\u00f5ela kasutamata tungida naha s\u00fcgavamatesse kihtidesse, tugevdades, toites, noorendades ja niisutades seda.<\/p>\n<p>Soovitatav on l\u00e4bida ravimikuur. Laserprotseduuride ja &#8220;ilus\u00fcstidega&#8221; v\u00f5rreldav tulemus v\u00f5rreldav on vaid juhul, kui l\u00e4bitakse kursus vastavalt vanusekategooriale ja nahaseisundile.<\/p>\n<\/td>\n<td>\n<p><img fetchpriority=\"high\" decoding=\"async\" class=\"alignnone size-full wp-image-1216\" src=\"https:\/\/kosmetoloog.ee\/wp-content\/uploads\/2023\/09\/photo_2020-04-08_00-1-1.webp\" alt=\"\" width=\"450\" height=\"300\" srcset=\"https:\/\/old.kosmetoloog.ee\/wp-content\/uploads\/2023\/09\/photo_2020-04-08_00-1-1.webp 450w, https:\/\/old.kosmetoloog.ee\/wp-content\/uploads\/2023\/09\/photo_2020-04-08_00-1-1-300x200.webp 300w\" sizes=\"(max-width: 450px) 100vw, 450px\" \/><\/p>\n<\/td>\n<\/tr>\n<\/tbody>\n<\/table>\n<h4>Milliseid tulemusi ja muutuseid v\u00f5ib p\u00e4rast protseduuri m\u00e4rgata?<\/h4>\n<\/p>\n<table border=\"0\">\n<tbody>\n<tr>\n<td>\n<p><img decoding=\"async\" class=\"alignnone size-full wp-image-1218 lazyload\" data-src=\"https:\/\/kosmetoloog.ee\/wp-content\/uploads\/2023\/09\/IMG_4920.jpg\" alt=\"\" width=\"668\" height=\"1000\" data-srcset=\"https:\/\/old.kosmetoloog.ee\/wp-content\/uploads\/2023\/09\/IMG_4920.jpg 668w, https:\/\/old.kosmetoloog.ee\/wp-content\/uploads\/2023\/09\/IMG_4920-200x300.jpg 200w, https:\/\/old.kosmetoloog.ee\/wp-content\/uploads\/2023\/09\/IMG_4920-600x898.jpg 600w\" data-sizes=\"(max-width: 668px) 100vw, 668px\" src=\"data:image\/svg+xml;base64,PHN2ZyB3aWR0aD0iMSIgaGVpZ2h0PSIxIiB4bWxucz0iaHR0cDovL3d3dy53My5vcmcvMjAwMC9zdmciPjwvc3ZnPg==\" style=\"--smush-placeholder-width: 668px; --smush-placeholder-aspect-ratio: 668\/1000;\" \/><\/p>\n<\/td>\n<td>\n<p><strong>\u2665 Kortsude v\u00e4henemine:<\/strong><\/p>\n<p>k\u00f5rge kontsentratsiooniga peptiidid tungivad otse nahka, toimides lihase n\u00e4rvidele, mis annab tuhmile nahale v\u00f5imsa pinguldava efekti.<\/p>\n<p><strong>\u2665 Valgendamine:<\/strong><\/p>\n<p>valgendab ja taastab kahjustatud nahka, v\u00e4hendab pigmentatsiooni ja kromogeneesi teket . Eemaldab tedret\u00e4hnid, vanuselaigud, p\u00f5letused ja haavad.<\/p>\n<p><strong>\u2665 Naha tihendamine:<\/strong><\/p>\n<p>annab suurep\u00e4rase vananemisvastase toime ja pinguldab nahka, t\u00e4nu kollageeni s\u00fcnteesi stimuleerimisele, mis aktiveerib naharakud.<\/p>\n<p><strong>\u2665 Naha struktuuri parandamine:<\/strong><\/p>\n<p>aktiveerib rakkude kasvu, mis parandavad ja taastavad kahjustatud ja p\u00f5letikulist nahapinda.<\/p>\n<p>\u2665 Niisutamine: <strong><\/strong><\/p>\n<p>niisutab ja taastab v\u00e4listegurite v\u00f5i ultraviolettkiirte poolt kahjustatud nahka.<\/p>\n<\/p>\n<\/td>\n<\/tr>\n<\/tbody>\n<\/table>\n<h3>Protseduuride hinnad:<\/h3>\n<\/p>\n<table dir=\"ltr\" border=\"1\">\n<tbody>\n<tr>\n<td data-sheets-value=\"{\">\n<p><strong>N\u00c4OHOOLDUSED NANOASIA TOODETEGA<\/strong><\/p>\n<\/td>\n<td data-sheets-value=\"{\" data-sheets-numberformat=\"{\"> <\/td>\n<td data-sheets-value=\"{\" data-sheets-numberformat=\"{\"> <\/td>\n<\/tr>\n<tr>\n<td data-sheets-value=\"{\">\n<p>N\u00e4ohooldus pinguldav NanoAsia multi-peptiidi seerumiga<\/p>\n<\/td>\n<td data-sheets-value=\"{\" data-sheets-numberformat=\"{\">\n<p>75\u20ac<\/p>\n<\/td>\n<td data-sheets-value=\"{\">\n<p>60 min<\/p>\n<\/td>\n<\/tr>\n<tr>\n<td data-sheets-value=\"{\">\n<p>N\u00e4ohooldus pinguldav NanoAsia Lifting maskiga botoxi efektiga n\u00e4olihastele (n\u00e4onahk, silma\u00fcmbrus)<\/p>\n<\/td>\n<td data-sheets-value=\"{\" data-sheets-numberformat=\"{\">\n<p>75\u20ac<\/p>\n<\/td>\n<td data-sheets-value=\"{\">\n<p>60 min<\/p>\n<\/td>\n<\/tr>\n<tr>\n<td data-sheets-value=\"{\">\n<p>Aktiivselt noorendav Nanotip koorimine<\/p>\n<\/td>\n<td data-sheets-value=\"{\" data-sheets-numberformat=\"{\">\n<p>70\u20ac<\/p>\n<\/td>\n<td data-sheets-value=\"{\">\n<p>60 min<\/p>\n<\/td>\n<\/tr>\n<tr>\n<td data-sheets-value=\"{\">\n<p>Eksklusiivne pakett, mis sisaldab protseduuride kompleksi (n\u00e4onaha, silma\u00fcmbruse, kaela, dekoltee, aga ka k\u00e4te ja k\u00fc\u00fcnarnuki nahahooldus)<\/p>\n<\/td>\n<td data-sheets-value=\"{\" data-sheets-numberformat=\"{\">\n<p>119\u20ac<\/p>\n<\/td>\n<td data-sheets-value=\"{\">\n<p>60 min<\/p>\n<\/td>\n<\/tr>\n<\/tbody>\n<\/table>\n\t\t\t\t\t\t\t\t<\/div>\n\t\t\t\t<\/div>\n\t\t\t\t\t<\/div>\n\t\t<\/div>\n\t\t\t\t\t<\/div>\n\t\t<\/section>\n\t\t\t\t<\/div>\n\t\t","protected":false},"excerpt":{"rendered":"<p>S\u00fcstevabad meetodid S\u00fcstevaba mesoteraapia ja biorevataliseerimine NANOASIA nanokompleksidega. Nanoasia on eksklusiivse L\u00f5una-Korea kosmeetika kaubam\u00e4rk, mis on m\u00f5eldud kasutamiseks nii salongides kui ka kodus. K\u00f5ik valemid on kohandatud Euroopa nahat\u00fc\u00fcpidele. Protseduur ei n\u00f5ua taastumisperioodi, toimub ilma valu ja stressita, minimaalse p\u00f5letiku- v\u00f5i infektsiooni riskiga. Protseduur sobib nii naistele kui ka meestele erinevates vanusekategooriates. Unikaalne kvaliteedi ja [&hellip;]<\/p>\n","protected":false},"author":1,"featured_media":0,"parent":1440,"menu_order":0,"comment_status":"closed","ping_status":"closed","template":"","meta":{"_acf_changed":false,"footnotes":""},"class_list":["post-1477","page","type-page","status-publish","hentry"],"acf":[],"yoast_head":"<!-- This site is optimized with the Yoast SEO plugin v25.7 - https:\/\/yoast.com\/wordpress\/plugins\/seo\/ -->\n<title>S\u00fcstevaba meetod - NANOASIA - Ilutoodete e-pood<\/title>\n<meta name=\"robots\" content=\"noindex, follow, max-snippet:-1, max-image-preview:large, max-video-preview:-1\" \/>\n<meta property=\"og:locale\" content=\"et_EE\" \/>\n<meta property=\"og:type\" content=\"article\" \/>\n<meta property=\"og:title\" content=\"S\u00fcstevaba meetod - NANOASIA - Ilutoodete e-pood\" \/>\n<meta property=\"og:description\" content=\"S\u00fcstevabad meetodid S\u00fcstevaba mesoteraapia ja biorevataliseerimine NANOASIA nanokompleksidega. Nanoasia on eksklusiivse L\u00f5una-Korea kosmeetika kaubam\u00e4rk, mis on m\u00f5eldud kasutamiseks nii salongides kui ka kodus. K\u00f5ik valemid on kohandatud Euroopa nahat\u00fc\u00fcpidele. Protseduur ei n\u00f5ua taastumisperioodi, toimub ilma valu ja stressita, minimaalse p\u00f5letiku- v\u00f5i infektsiooni riskiga. Protseduur sobib nii naistele kui ka meestele erinevates vanusekategooriates. Unikaalne kvaliteedi ja [&hellip;]\" \/>\n<meta property=\"og:url\" content=\"https:\/\/old.kosmetoloog.ee\/teenused\/sustevabad-meetodid\/sustevabad-meetodid-ja-nanoasia\/\" \/>\n<meta property=\"og:site_name\" content=\"Ilutoodete e-pood\" \/>\n<meta property=\"article:modified_time\" content=\"2023-11-09T10:20:20+00:00\" \/>\n<meta property=\"og:image\" content=\"https:\/\/kosmetoloog.ee\/wp-content\/uploads\/2023\/09\/photo_2020-04-08_00-1-1.webp\" \/>\n<meta name=\"twitter:card\" content=\"summary_large_image\" \/>\n<meta name=\"twitter:label1\" content=\"Est. reading time\" \/>\n\t<meta name=\"twitter:data1\" content=\"2 minutit\" \/>\n<script type=\"application\/ld+json\" class=\"yoast-schema-graph\">{\"@context\":\"https:\/\/schema.org\",\"@graph\":[{\"@type\":\"WebPage\",\"@id\":\"https:\/\/old.kosmetoloog.ee\/teenused\/sustevabad-meetodid\/sustevabad-meetodid-ja-nanoasia\/\",\"url\":\"https:\/\/old.kosmetoloog.ee\/teenused\/sustevabad-meetodid\/sustevabad-meetodid-ja-nanoasia\/\",\"name\":\"S\u00fcstevaba meetod - NANOASIA - Ilutoodete e-pood\",\"isPartOf\":{\"@id\":\"https:\/\/old.kosmetoloog.ee\/#website\"},\"primaryImageOfPage\":{\"@id\":\"https:\/\/old.kosmetoloog.ee\/teenused\/sustevabad-meetodid\/sustevabad-meetodid-ja-nanoasia\/#primaryimage\"},\"image\":{\"@id\":\"https:\/\/old.kosmetoloog.ee\/teenused\/sustevabad-meetodid\/sustevabad-meetodid-ja-nanoasia\/#primaryimage\"},\"thumbnailUrl\":\"https:\/\/kosmetoloog.ee\/wp-content\/uploads\/2023\/09\/photo_2020-04-08_00-1-1.webp\",\"datePublished\":\"2023-09-25T10:22:18+00:00\",\"dateModified\":\"2023-11-09T10:20:20+00:00\",\"breadcrumb\":{\"@id\":\"https:\/\/old.kosmetoloog.ee\/teenused\/sustevabad-meetodid\/sustevabad-meetodid-ja-nanoasia\/#breadcrumb\"},\"inLanguage\":\"et\",\"potentialAction\":[{\"@type\":\"ReadAction\",\"target\":[\"https:\/\/old.kosmetoloog.ee\/teenused\/sustevabad-meetodid\/sustevabad-meetodid-ja-nanoasia\/\"]}]},{\"@type\":\"ImageObject\",\"inLanguage\":\"et\",\"@id\":\"https:\/\/old.kosmetoloog.ee\/teenused\/sustevabad-meetodid\/sustevabad-meetodid-ja-nanoasia\/#primaryimage\",\"url\":\"https:\/\/kosmetoloog.ee\/wp-content\/uploads\/2023\/09\/photo_2020-04-08_00-1-1.webp\",\"contentUrl\":\"https:\/\/kosmetoloog.ee\/wp-content\/uploads\/2023\/09\/photo_2020-04-08_00-1-1.webp\"},{\"@type\":\"BreadcrumbList\",\"@id\":\"https:\/\/old.kosmetoloog.ee\/teenused\/sustevabad-meetodid\/sustevabad-meetodid-ja-nanoasia\/#breadcrumb\",\"itemListElement\":[{\"@type\":\"ListItem\",\"position\":1,\"name\":\"Home\",\"item\":\"https:\/\/old.kosmetoloog.ee\/et\/\"},{\"@type\":\"ListItem\",\"position\":2,\"name\":\"Teenused\",\"item\":\"https:\/\/old.kosmetoloog.ee\/et\/teenused\/\"},{\"@type\":\"ListItem\",\"position\":3,\"name\":\"S\u00fcstevabad meetodid\",\"item\":\"https:\/\/old.kosmetoloog.ee\/et\/teenused\/sustevabad-meetodid\/\"},{\"@type\":\"ListItem\",\"position\":4,\"name\":\"S\u00fcstevaba meetod &#8212; NANOASIA\"}]},{\"@type\":\"WebSite\",\"@id\":\"https:\/\/old.kosmetoloog.ee\/#website\",\"url\":\"https:\/\/old.kosmetoloog.ee\/\",\"name\":\"Ilutoodete e-pood\",\"description\":\"Kosmeetika pood\",\"publisher\":{\"@id\":\"https:\/\/old.kosmetoloog.ee\/#organization\"},\"potentialAction\":[{\"@type\":\"SearchAction\",\"target\":{\"@type\":\"EntryPoint\",\"urlTemplate\":\"https:\/\/old.kosmetoloog.ee\/?s={search_term_string}\"},\"query-input\":{\"@type\":\"PropertyValueSpecification\",\"valueRequired\":true,\"valueName\":\"search_term_string\"}}],\"inLanguage\":\"et\"},{\"@type\":\"Organization\",\"@id\":\"https:\/\/old.kosmetoloog.ee\/#organization\",\"name\":\"You are You O\u00dc\",\"url\":\"https:\/\/old.kosmetoloog.ee\/\",\"logo\":{\"@type\":\"ImageObject\",\"inLanguage\":\"et\",\"@id\":\"https:\/\/old.kosmetoloog.ee\/#\/schema\/logo\/image\/\",\"url\":\"https:\/\/old.kosmetoloog.ee\/wp-content\/uploads\/2023\/08\/logo-1.png\",\"contentUrl\":\"https:\/\/old.kosmetoloog.ee\/wp-content\/uploads\/2023\/08\/logo-1.png\",\"width\":1200,\"height\":964,\"caption\":\"You are You O\u00dc\"},\"image\":{\"@id\":\"https:\/\/old.kosmetoloog.ee\/#\/schema\/logo\/image\/\"}}]}<\/script>\n<!-- \/ Yoast SEO plugin. -->","yoast_head_json":{"title":"S\u00fcstevaba meetod - NANOASIA - Ilutoodete e-pood","robots":{"index":"noindex","follow":"follow","max-snippet":"max-snippet:-1","max-image-preview":"max-image-preview:large","max-video-preview":"max-video-preview:-1"},"og_locale":"et_EE","og_type":"article","og_title":"S\u00fcstevaba meetod - NANOASIA - Ilutoodete e-pood","og_description":"S\u00fcstevabad meetodid S\u00fcstevaba mesoteraapia ja biorevataliseerimine NANOASIA nanokompleksidega. Nanoasia on eksklusiivse L\u00f5una-Korea kosmeetika kaubam\u00e4rk, mis on m\u00f5eldud kasutamiseks nii salongides kui ka kodus. K\u00f5ik valemid on kohandatud Euroopa nahat\u00fc\u00fcpidele. Protseduur ei n\u00f5ua taastumisperioodi, toimub ilma valu ja stressita, minimaalse p\u00f5letiku- v\u00f5i infektsiooni riskiga. Protseduur sobib nii naistele kui ka meestele erinevates vanusekategooriates. Unikaalne kvaliteedi ja [&hellip;]","og_url":"https:\/\/old.kosmetoloog.ee\/teenused\/sustevabad-meetodid\/sustevabad-meetodid-ja-nanoasia\/","og_site_name":"Ilutoodete e-pood","article_modified_time":"2023-11-09T10:20:20+00:00","og_image":[{"url":"https:\/\/kosmetoloog.ee\/wp-content\/uploads\/2023\/09\/photo_2020-04-08_00-1-1.webp","type":"","width":"","height":""}],"twitter_card":"summary_large_image","twitter_misc":{"Est. reading time":"2 minutit"},"schema":{"@context":"https:\/\/schema.org","@graph":[{"@type":"WebPage","@id":"https:\/\/old.kosmetoloog.ee\/teenused\/sustevabad-meetodid\/sustevabad-meetodid-ja-nanoasia\/","url":"https:\/\/old.kosmetoloog.ee\/teenused\/sustevabad-meetodid\/sustevabad-meetodid-ja-nanoasia\/","name":"S\u00fcstevaba meetod - NANOASIA - Ilutoodete e-pood","isPartOf":{"@id":"https:\/\/old.kosmetoloog.ee\/#website"},"primaryImageOfPage":{"@id":"https:\/\/old.kosmetoloog.ee\/teenused\/sustevabad-meetodid\/sustevabad-meetodid-ja-nanoasia\/#primaryimage"},"image":{"@id":"https:\/\/old.kosmetoloog.ee\/teenused\/sustevabad-meetodid\/sustevabad-meetodid-ja-nanoasia\/#primaryimage"},"thumbnailUrl":"https:\/\/kosmetoloog.ee\/wp-content\/uploads\/2023\/09\/photo_2020-04-08_00-1-1.webp","datePublished":"2023-09-25T10:22:18+00:00","dateModified":"2023-11-09T10:20:20+00:00","breadcrumb":{"@id":"https:\/\/old.kosmetoloog.ee\/teenused\/sustevabad-meetodid\/sustevabad-meetodid-ja-nanoasia\/#breadcrumb"},"inLanguage":"et","potentialAction":[{"@type":"ReadAction","target":["https:\/\/old.kosmetoloog.ee\/teenused\/sustevabad-meetodid\/sustevabad-meetodid-ja-nanoasia\/"]}]},{"@type":"ImageObject","inLanguage":"et","@id":"https:\/\/old.kosmetoloog.ee\/teenused\/sustevabad-meetodid\/sustevabad-meetodid-ja-nanoasia\/#primaryimage","url":"https:\/\/kosmetoloog.ee\/wp-content\/uploads\/2023\/09\/photo_2020-04-08_00-1-1.webp","contentUrl":"https:\/\/kosmetoloog.ee\/wp-content\/uploads\/2023\/09\/photo_2020-04-08_00-1-1.webp"},{"@type":"BreadcrumbList","@id":"https:\/\/old.kosmetoloog.ee\/teenused\/sustevabad-meetodid\/sustevabad-meetodid-ja-nanoasia\/#breadcrumb","itemListElement":[{"@type":"ListItem","position":1,"name":"Home","item":"https:\/\/old.kosmetoloog.ee\/et\/"},{"@type":"ListItem","position":2,"name":"Teenused","item":"https:\/\/old.kosmetoloog.ee\/et\/teenused\/"},{"@type":"ListItem","position":3,"name":"S\u00fcstevabad meetodid","item":"https:\/\/old.kosmetoloog.ee\/et\/teenused\/sustevabad-meetodid\/"},{"@type":"ListItem","position":4,"name":"S\u00fcstevaba meetod &#8212; NANOASIA"}]},{"@type":"WebSite","@id":"https:\/\/old.kosmetoloog.ee\/#website","url":"https:\/\/old.kosmetoloog.ee\/","name":"Ilutoodete e-pood","description":"Kosmeetika pood","publisher":{"@id":"https:\/\/old.kosmetoloog.ee\/#organization"},"potentialAction":[{"@type":"SearchAction","target":{"@type":"EntryPoint","urlTemplate":"https:\/\/old.kosmetoloog.ee\/?s={search_term_string}"},"query-input":{"@type":"PropertyValueSpecification","valueRequired":true,"valueName":"search_term_string"}}],"inLanguage":"et"},{"@type":"Organization","@id":"https:\/\/old.kosmetoloog.ee\/#organization","name":"You are You O\u00dc","url":"https:\/\/old.kosmetoloog.ee\/","logo":{"@type":"ImageObject","inLanguage":"et","@id":"https:\/\/old.kosmetoloog.ee\/#\/schema\/logo\/image\/","url":"https:\/\/old.kosmetoloog.ee\/wp-content\/uploads\/2023\/08\/logo-1.png","contentUrl":"https:\/\/old.kosmetoloog.ee\/wp-content\/uploads\/2023\/08\/logo-1.png","width":1200,"height":964,"caption":"You are You O\u00dc"},"image":{"@id":"https:\/\/old.kosmetoloog.ee\/#\/schema\/logo\/image\/"}}]}},"_links":{"self":[{"href":"https:\/\/old.kosmetoloog.ee\/et\/wp-json\/wp\/v2\/pages\/1477","targetHints":{"allow":["GET"]}}],"collection":[{"href":"https:\/\/old.kosmetoloog.ee\/et\/wp-json\/wp\/v2\/pages"}],"about":[{"href":"https:\/\/old.kosmetoloog.ee\/et\/wp-json\/wp\/v2\/types\/page"}],"author":[{"embeddable":true,"href":"https:\/\/old.kosmetoloog.ee\/et\/wp-json\/wp\/v2\/users\/1"}],"replies":[{"embeddable":true,"href":"https:\/\/old.kosmetoloog.ee\/et\/wp-json\/wp\/v2\/comments?post=1477"}],"version-history":[{"count":1,"href":"https:\/\/old.kosmetoloog.ee\/et\/wp-json\/wp\/v2\/pages\/1477\/revisions"}],"predecessor-version":[{"id":1478,"href":"https:\/\/old.kosmetoloog.ee\/et\/wp-json\/wp\/v2\/pages\/1477\/revisions\/1478"}],"up":[{"embeddable":true,"href":"https:\/\/old.kosmetoloog.ee\/et\/wp-json\/wp\/v2\/pages\/1440"}],"wp:attachment":[{"href":"https:\/\/old.kosmetoloog.ee\/et\/wp-json\/wp\/v2\/media?parent=1477"}],"curies":[{"name":"wp","href":"https:\/\/api.w.org\/{rel}","templated":true}]}}