{"id":1481,"date":"2023-09-25T12:46:22","date_gmt":"2023-09-25T09:46:22","guid":{"rendered":"https:\/\/kosmetoloog.ee\/teenused\/kosmeetiline-hooldus\/led-teraapia\/"},"modified":"2023-11-09T12:24:07","modified_gmt":"2023-11-09T10:24:07","slug":"led-teraapia","status":"publish","type":"page","link":"https:\/\/old.kosmetoloog.ee\/et\/teenused\/kosmeetiline-hooldus\/led-teraapia\/","title":{"rendered":"LED-teraapia"},"content":{"rendered":"\t\t<div data-elementor-type=\"wp-page\" data-elementor-id=\"1481\" class=\"elementor elementor-1481 elementor-1145\" data-elementor-post-type=\"page\">\n\t\t\t\t\t\t<section class=\"elementor-section elementor-top-section elementor-element elementor-element-e608b1b elementor-section-boxed elementor-section-height-default elementor-section-height-default\" data-id=\"e608b1b\" data-element_type=\"section\">\n\t\t\t\t\t\t<div class=\"elementor-container elementor-column-gap-default\">\n\t\t\t\t\t<div class=\"elementor-column elementor-col-100 elementor-top-column elementor-element elementor-element-6242cde\" data-id=\"6242cde\" data-element_type=\"column\">\n\t\t\t<div class=\"elementor-widget-wrap elementor-element-populated\">\n\t\t\t\t\t\t<div class=\"elementor-element elementor-element-82fb33c elementor-widget elementor-widget-text-editor\" data-id=\"82fb33c\" data-element_type=\"widget\" data-widget_type=\"text-editor.default\">\n\t\t\t\t<div class=\"elementor-widget-container\">\n\t\t\t\t\t\t\t\t\t<table class=\"src-footer-copyright-1\" border=\"0\">\n<tbody>\n<tr>\n<td>\n<p>Fotod\u00fcnaamiline teraapia on f\u00fcsioterapeutiline ravimeetod, mis p\u00f5hineb mittetermilise valgusenergia kasutamisel kindla lainepikkusega.<\/p>\n<p>See on kaasaegne ravimeetod, mis ei kahjusta naha terviklikkust.<\/p>\n<p>Fotod\u00fcnaamilise teraapia ravitoime p\u00f5hineb naha paranemise ja uuenemise kiirendamisel, ainevahetusprotsesside taseme t\u00f5stmisel, rakuenergia aktiveerimisel ja naha immuunsuse stimuleerimisel.<\/p>\n<\/p>\n<\/td>\n<td><img fetchpriority=\"high\" decoding=\"async\" class=\"alignnone size-full wp-image-1147\" src=\"https:\/\/kosmetoloog.ee\/wp-content\/uploads\/2023\/09\/photo_2020-04-10_13-.webp\" alt=\"\" width=\"370\" height=\"247\" srcset=\"https:\/\/old.kosmetoloog.ee\/wp-content\/uploads\/2023\/09\/photo_2020-04-10_13-.webp 370w, https:\/\/old.kosmetoloog.ee\/wp-content\/uploads\/2023\/09\/photo_2020-04-10_13--300x200.webp 300w\" sizes=\"(max-width: 370px) 100vw, 370px\" \/><\/td>\n<\/tr>\n<\/tbody>\n<\/table>\n<h4>Kuidas t\u00f6\u00f6tab fotod\u00fcnaamilise LED-teraapia meetod? <\/h4>\n<\/p>\n<p>Vigastuse, p\u00f5letiku v\u00f5i vananemise m\u00f5jul kaotavad naharakud oma aktiivse uuenemisv\u00f5ime. Valguskiirguse teatud lainepikkuste m\u00f5jul toimub naharakkudes energia taaslaadimine, eralduvad aktiivsed ts\u00fctokiinid ja stimuleeritakse rakulisi immuunsusreaktsioone.<\/p>\n<\/p>\n<h4>Milliseid v\u00e4rve kasutatakse fototeraapias? <\/h4>\n<h4>       <\/h4>\n<table border=\"0\">\n<tbody>\n<tr>\n<td><img decoding=\"async\" class=\"alignnone size-full wp-image-1149 lazyload\" data-src=\"https:\/\/kosmetoloog.ee\/wp-content\/uploads\/2023\/09\/photo_2020-04-10_17-.webp\" alt=\"\" width=\"880\" height=\"586\" data-srcset=\"https:\/\/old.kosmetoloog.ee\/wp-content\/uploads\/2023\/09\/photo_2020-04-10_17-.webp 880w, https:\/\/old.kosmetoloog.ee\/wp-content\/uploads\/2023\/09\/photo_2020-04-10_17--300x200.webp 300w, https:\/\/old.kosmetoloog.ee\/wp-content\/uploads\/2023\/09\/photo_2020-04-10_17--768x511.webp 768w, https:\/\/old.kosmetoloog.ee\/wp-content\/uploads\/2023\/09\/photo_2020-04-10_17--600x400.webp 600w\" data-sizes=\"(max-width: 880px) 100vw, 880px\" src=\"data:image\/svg+xml;base64,PHN2ZyB3aWR0aD0iMSIgaGVpZ2h0PSIxIiB4bWxucz0iaHR0cDovL3d3dy53My5vcmcvMjAwMC9zdmciPjwvc3ZnPg==\" style=\"--smush-placeholder-width: 880px; --smush-placeholder-aspect-ratio: 880\/586;\" \/>    <\/td>\n<td>\n<p>Igal valgusteraapia lainete spektril on spetsiifiline toime.<\/p>\n<p><strong> Punane spekter (620 nm) &#8211; kollageeni tootmise stimuleerimine.<\/strong> Punase spektri valguslained tungivad k\u00f5ige s\u00fcgavamale nahka, suurendavad vereringet ja ainevahetust, stimuleerides uute veresoonte kasvu ja kollageeni tootmist naha elastsuse tagamiseks. Neid omadusi kasutatakse vananeva naha jaoks ja akne ravis (aknej\u00e4rgsete armide ennetamiseks). Punased lained m\u00f5juvad ka nahale rahustavalt, reguleerivad rasu tootmist, ahendavad poore, soodustavad MNF-i tootmist \u2013 looduslikku niisutusfaktorit ning suurendavad naha v\u00f5imet s\u00e4ilitada niiskust s\u00fcgavates kihtides. Punase spektri m\u00f5ju rosaatsea ravis on kliiniliselt kinnitatud.<\/p>\n<\/td>\n<\/tr>\n<\/tbody>\n<\/table>\n<p><strong>Oran\u017e spekter (600 nm)<\/strong><strong> <\/strong>&#8211; vanuse laigud. Oran\u017ei spektri valguslainetel on nahka detoksifitseeriv, immunomoduleeriv ja taastav toime. See valgusteraapia spekter on n\u00e4idustatud &#8220;v\u00e4sinud&#8221; atoonilise naha raviks, p\u00e4rast haigusi, p\u00e4ikese k\u00e4es viibimist, suitsetajate nahale.<\/p>\n<p><strong>Roheline spekter (530 nm)<\/strong><strong> <\/strong>\u2013 veresooned. Sellel rohelisel lainepikkusel on rahustav toime \u00e4rritunud, punetuse kalduvale nahale.<\/p>\n<p><strong>Sinine spekter (470 nm) &#8211; akne.<\/strong> Sinise spektri valguslained tungivad k\u00f5ige v\u00e4hem s\u00fcgavale ja neil on v\u00f5imas p\u00f5letikuvastane toime nahale. Fototeraapia sinisel spektril puuduvad ultraviolettkiirguse m\u00f5ju negatiivsed aspektid. See on eriti n\u00e4idustatud noorukitele, tumedale nahale ning tavap\u00e4rase madala efektiivsusega akneravi puhul, nii noortel kui ka t\u00e4iskasvanutel. Selle pikkusega valguslainetel on v\u00e4ljendunud antibakteriaalne toime, mis m\u00f5jutab otseselt akne propionobakteritele, v\u00e4ltides uusi akne \u00e4genemisi, ja mille efektiivsuse v\u00f5ib v\u00f5rreldama BPO-ga (benso\u00fc\u00fclperoksiid), kuid ilma \u00e4rritava toimeta.<\/p>\n<p><strong>Kollane spekter (567-589 nm)<\/strong><strong> <\/strong>&#8211; taastumine. See sobib naha &#8220;poleerimiseks&#8221; &#8211; muudab selle pehmeks ja siledaks.&lt;<\/p>\n<p><strong>Valge valgus (510-810 nm)<\/strong><strong> <\/strong>&#8211; stressivastane. Sellel on kehale l\u00f5\u00f5gastav ja rahustav toime.<\/p>\n<\/p>\n<table border=\"0\">\n<tbody>\n<tr>\n<td>\n<p><strong>N\u00e4idustused kasutamiseks:<\/strong><\/p>\n<p>\u2665 Akne<\/p>\n<p>\u2665 \u00dclitundlik nahk<\/p>\n<p>\u2665 Rosaatsea<\/p>\n<p>\u2665 Naha enneaegne vananemine<\/p>\n<p>\u2665 V\u00e4henenud nahatoon<\/p>\n<p>\u2665 Vanuse laigud<\/p>\n<p>\u2665 Juuste v\u00e4ljalangemine<\/p>\n<p>\u2665 Venitusarmid<\/p>\n<p>\u2665 Ekseem, dermatiit, psoriaas<\/p>\n<p>\u2665 Pikaajalised mitteparanevad nahahaavad ja haavandid<\/p>\n<\/p>\n<\/td>\n<td>\n<p><strong>Kasutamise vastun\u00e4idustused:<\/strong><\/p>\n<p>\u00d8 Kilpn\u00e4\u00e4rme funktsiooni suurenemine<\/p>\n<p>\u00d8 Pahaloomulised kasvajad<\/p>\n<p>\u00d8 Tuberkuloosi aktiivne vorm<\/p>\n<p>\u00d8 Pigmendi metabolismi rikkumine (porf\u00fc\u00fcria)<\/p>\n<p>\u00d8 Valgustundlikkust suurendavate ravimite v\u00f5tmine<\/p>\n<p>\u00d8 S\u00fcdame-veresoonkonna haigused dekompensatsiooni staadiumis<\/p>\n<p>\u00d8 J\u00e4rsk k\u00f5hnumine<\/p>\n<p>\u00d8 Epilepsia (impulss-fototeraapia re\u017eiimi jaoks)<\/p>\n<p>\u00d8 Autoimmuunsed nahahaigused.<\/p>\n<p>\u00d8 Rasedus<\/p>\n<p>\u00d8 S\u00fcdamestimulaatorite olemasolu<\/p>\n<\/td>\n<\/tr>\n<\/tbody>\n<\/table>\n<h4 class=\" style=\">Tulemused ja ohutus<\/h4>\n<\/p>\n<table border=\"0\">\n<tbody>\n<tr>\n<td>\n<p class=\" style=\">Fotod\u00fcnaamiline LED-teraapia m\u00f5jub nahka elustavalt t\u00e4nu valguslainetele, mis v\u00e4listavad kudede kuumenemise ja kokkupuute kahjulike ultraviolettkiirtega.<\/p>\n<p>Selle ravimeetodi ohutus isegi k\u00f5ige tundlikuma naha puhul on t\u00f5estatud paljudes kliinilistes uuringutes.<\/p>\n<p>Valgusteraapia n\u00e4htavalt taaselustab v\u00e4sinud ja tuhmi naha juba p\u00e4rast l\u00fchikest seanssi (15-20 minutit). <\/p>\n<p>Seda saab kasutada aastaringselt kui mitteinvasiivne ravimeetod ja sellel puuduvad negatiivsed protseduurij\u00e4rgsed tagaj\u00e4rjed (punetus, koorumine, verevalumid jne). Valgusteraapia m\u00f5ju on m\u00e4rgatav juba p\u00e4rast esimest seanssi ning ravikuur annab pikema tulemuse.<\/p>\n<\/td>\n<td>\n<p><img decoding=\"async\" class=\"alignnone size-full wp-image-1151 lazyload\" data-src=\"https:\/\/kosmetoloog.ee\/wp-content\/uploads\/2023\/09\/photo_2020-04-10_19-.webp\" alt=\"\" width=\"840\" height=\"560\" data-srcset=\"https:\/\/old.kosmetoloog.ee\/wp-content\/uploads\/2023\/09\/photo_2020-04-10_19-.webp 840w, https:\/\/old.kosmetoloog.ee\/wp-content\/uploads\/2023\/09\/photo_2020-04-10_19--300x200.webp 300w, https:\/\/old.kosmetoloog.ee\/wp-content\/uploads\/2023\/09\/photo_2020-04-10_19--768x512.webp 768w, https:\/\/old.kosmetoloog.ee\/wp-content\/uploads\/2023\/09\/photo_2020-04-10_19--600x400.webp 600w\" data-sizes=\"(max-width: 840px) 100vw, 840px\" src=\"data:image\/svg+xml;base64,PHN2ZyB3aWR0aD0iMSIgaGVpZ2h0PSIxIiB4bWxucz0iaHR0cDovL3d3dy53My5vcmcvMjAwMC9zdmciPjwvc3ZnPg==\" style=\"--smush-placeholder-width: 840px; --smush-placeholder-aspect-ratio: 840\/560;\" \/><\/p>\n<\/td>\n<\/tr>\n<\/tbody>\n<\/table>\n\t\t\t\t\t\t\t\t<\/div>\n\t\t\t\t<\/div>\n\t\t\t\t\t<\/div>\n\t\t<\/div>\n\t\t\t\t\t<\/div>\n\t\t<\/section>\n\t\t\t\t<\/div>\n\t\t","protected":false},"excerpt":{"rendered":"<p>Fotod\u00fcnaamiline teraapia on f\u00fcsioterapeutiline ravimeetod, mis p\u00f5hineb mittetermilise valgusenergia kasutamisel kindla lainepikkusega. See on kaasaegne ravimeetod, mis ei kahjusta naha terviklikkust. Fotod\u00fcnaamilise teraapia ravitoime p\u00f5hineb naha paranemise ja uuenemise kiirendamisel, ainevahetusprotsesside taseme t\u00f5stmisel, rakuenergia aktiveerimisel ja naha immuunsuse stimuleerimisel. Kuidas t\u00f6\u00f6tab fotod\u00fcnaamilise LED-teraapia meetod? Vigastuse, p\u00f5letiku v\u00f5i vananemise m\u00f5jul kaotavad naharakud oma aktiivse uuenemisv\u00f5ime. Valguskiirguse [&hellip;]<\/p>\n","protected":false},"author":1,"featured_media":0,"parent":1479,"menu_order":0,"comment_status":"closed","ping_status":"closed","template":"","meta":{"_acf_changed":false,"footnotes":""},"class_list":["post-1481","page","type-page","status-publish","hentry"],"acf":[],"yoast_head":"<!-- This site is optimized with the Yoast SEO plugin v25.7 - https:\/\/yoast.com\/wordpress\/plugins\/seo\/ -->\n<title>LED-teraapia - Ilutoodete e-pood<\/title>\n<meta name=\"robots\" content=\"noindex, follow, max-snippet:-1, max-image-preview:large, max-video-preview:-1\" \/>\n<meta property=\"og:locale\" content=\"et_EE\" \/>\n<meta property=\"og:type\" content=\"article\" \/>\n<meta property=\"og:title\" content=\"LED-teraapia - Ilutoodete e-pood\" \/>\n<meta property=\"og:description\" content=\"Fotod\u00fcnaamiline teraapia on f\u00fcsioterapeutiline ravimeetod, mis p\u00f5hineb mittetermilise valgusenergia kasutamisel kindla lainepikkusega. See on kaasaegne ravimeetod, mis ei kahjusta naha terviklikkust. Fotod\u00fcnaamilise teraapia ravitoime p\u00f5hineb naha paranemise ja uuenemise kiirendamisel, ainevahetusprotsesside taseme t\u00f5stmisel, rakuenergia aktiveerimisel ja naha immuunsuse stimuleerimisel. Kuidas t\u00f6\u00f6tab fotod\u00fcnaamilise LED-teraapia meetod? Vigastuse, p\u00f5letiku v\u00f5i vananemise m\u00f5jul kaotavad naharakud oma aktiivse uuenemisv\u00f5ime. Valguskiirguse [&hellip;]\" \/>\n<meta property=\"og:url\" content=\"https:\/\/old.kosmetoloog.ee\/et\/teenused\/kosmeetiline-hooldus\/led-teraapia\/\" \/>\n<meta property=\"og:site_name\" content=\"Ilutoodete e-pood\" \/>\n<meta property=\"article:modified_time\" content=\"2023-11-09T10:24:07+00:00\" \/>\n<meta property=\"og:image\" content=\"https:\/\/kosmetoloog.ee\/wp-content\/uploads\/2023\/09\/photo_2020-04-10_13-.webp\" \/>\n<meta name=\"twitter:card\" content=\"summary_large_image\" \/>\n<meta name=\"twitter:label1\" content=\"Est. reading time\" \/>\n\t<meta name=\"twitter:data1\" content=\"3 minutit\" \/>\n<script type=\"application\/ld+json\" class=\"yoast-schema-graph\">{\"@context\":\"https:\/\/schema.org\",\"@graph\":[{\"@type\":\"WebPage\",\"@id\":\"https:\/\/old.kosmetoloog.ee\/et\/teenused\/kosmeetiline-hooldus\/led-teraapia\/\",\"url\":\"https:\/\/old.kosmetoloog.ee\/et\/teenused\/kosmeetiline-hooldus\/led-teraapia\/\",\"name\":\"LED-teraapia - Ilutoodete e-pood\",\"isPartOf\":{\"@id\":\"https:\/\/old.kosmetoloog.ee\/#website\"},\"primaryImageOfPage\":{\"@id\":\"https:\/\/old.kosmetoloog.ee\/et\/teenused\/kosmeetiline-hooldus\/led-teraapia\/#primaryimage\"},\"image\":{\"@id\":\"https:\/\/old.kosmetoloog.ee\/et\/teenused\/kosmeetiline-hooldus\/led-teraapia\/#primaryimage\"},\"thumbnailUrl\":\"https:\/\/kosmetoloog.ee\/wp-content\/uploads\/2023\/09\/photo_2020-04-10_13-.webp\",\"datePublished\":\"2023-09-25T09:46:22+00:00\",\"dateModified\":\"2023-11-09T10:24:07+00:00\",\"breadcrumb\":{\"@id\":\"https:\/\/old.kosmetoloog.ee\/et\/teenused\/kosmeetiline-hooldus\/led-teraapia\/#breadcrumb\"},\"inLanguage\":\"et\",\"potentialAction\":[{\"@type\":\"ReadAction\",\"target\":[\"https:\/\/old.kosmetoloog.ee\/et\/teenused\/kosmeetiline-hooldus\/led-teraapia\/\"]}]},{\"@type\":\"ImageObject\",\"inLanguage\":\"et\",\"@id\":\"https:\/\/old.kosmetoloog.ee\/et\/teenused\/kosmeetiline-hooldus\/led-teraapia\/#primaryimage\",\"url\":\"https:\/\/kosmetoloog.ee\/wp-content\/uploads\/2023\/09\/photo_2020-04-10_13-.webp\",\"contentUrl\":\"https:\/\/kosmetoloog.ee\/wp-content\/uploads\/2023\/09\/photo_2020-04-10_13-.webp\"},{\"@type\":\"BreadcrumbList\",\"@id\":\"https:\/\/old.kosmetoloog.ee\/et\/teenused\/kosmeetiline-hooldus\/led-teraapia\/#breadcrumb\",\"itemListElement\":[{\"@type\":\"ListItem\",\"position\":1,\"name\":\"Home\",\"item\":\"https:\/\/old.kosmetoloog.ee\/et\/\"},{\"@type\":\"ListItem\",\"position\":2,\"name\":\"Teenused\",\"item\":\"https:\/\/old.kosmetoloog.ee\/et\/teenused\/\"},{\"@type\":\"ListItem\",\"position\":3,\"name\":\"Kosmeetiline hooldus\",\"item\":\"https:\/\/old.kosmetoloog.ee\/et\/teenused\/kosmeetiline-hooldus\/\"},{\"@type\":\"ListItem\",\"position\":4,\"name\":\"LED-teraapia\"}]},{\"@type\":\"WebSite\",\"@id\":\"https:\/\/old.kosmetoloog.ee\/#website\",\"url\":\"https:\/\/old.kosmetoloog.ee\/\",\"name\":\"Ilutoodete e-pood\",\"description\":\"Kosmeetika pood\",\"publisher\":{\"@id\":\"https:\/\/old.kosmetoloog.ee\/#organization\"},\"potentialAction\":[{\"@type\":\"SearchAction\",\"target\":{\"@type\":\"EntryPoint\",\"urlTemplate\":\"https:\/\/old.kosmetoloog.ee\/?s={search_term_string}\"},\"query-input\":{\"@type\":\"PropertyValueSpecification\",\"valueRequired\":true,\"valueName\":\"search_term_string\"}}],\"inLanguage\":\"et\"},{\"@type\":\"Organization\",\"@id\":\"https:\/\/old.kosmetoloog.ee\/#organization\",\"name\":\"You are You O\u00dc\",\"url\":\"https:\/\/old.kosmetoloog.ee\/\",\"logo\":{\"@type\":\"ImageObject\",\"inLanguage\":\"et\",\"@id\":\"https:\/\/old.kosmetoloog.ee\/#\/schema\/logo\/image\/\",\"url\":\"https:\/\/old.kosmetoloog.ee\/wp-content\/uploads\/2023\/08\/logo-1.png\",\"contentUrl\":\"https:\/\/old.kosmetoloog.ee\/wp-content\/uploads\/2023\/08\/logo-1.png\",\"width\":1200,\"height\":964,\"caption\":\"You are You O\u00dc\"},\"image\":{\"@id\":\"https:\/\/old.kosmetoloog.ee\/#\/schema\/logo\/image\/\"}}]}<\/script>\n<!-- \/ Yoast SEO plugin. -->","yoast_head_json":{"title":"LED-teraapia - Ilutoodete e-pood","robots":{"index":"noindex","follow":"follow","max-snippet":"max-snippet:-1","max-image-preview":"max-image-preview:large","max-video-preview":"max-video-preview:-1"},"og_locale":"et_EE","og_type":"article","og_title":"LED-teraapia - Ilutoodete e-pood","og_description":"Fotod\u00fcnaamiline teraapia on f\u00fcsioterapeutiline ravimeetod, mis p\u00f5hineb mittetermilise valgusenergia kasutamisel kindla lainepikkusega. See on kaasaegne ravimeetod, mis ei kahjusta naha terviklikkust. Fotod\u00fcnaamilise teraapia ravitoime p\u00f5hineb naha paranemise ja uuenemise kiirendamisel, ainevahetusprotsesside taseme t\u00f5stmisel, rakuenergia aktiveerimisel ja naha immuunsuse stimuleerimisel. Kuidas t\u00f6\u00f6tab fotod\u00fcnaamilise LED-teraapia meetod? Vigastuse, p\u00f5letiku v\u00f5i vananemise m\u00f5jul kaotavad naharakud oma aktiivse uuenemisv\u00f5ime. Valguskiirguse [&hellip;]","og_url":"https:\/\/old.kosmetoloog.ee\/et\/teenused\/kosmeetiline-hooldus\/led-teraapia\/","og_site_name":"Ilutoodete e-pood","article_modified_time":"2023-11-09T10:24:07+00:00","og_image":[{"url":"https:\/\/kosmetoloog.ee\/wp-content\/uploads\/2023\/09\/photo_2020-04-10_13-.webp","type":"","width":"","height":""}],"twitter_card":"summary_large_image","twitter_misc":{"Est. reading time":"3 minutit"},"schema":{"@context":"https:\/\/schema.org","@graph":[{"@type":"WebPage","@id":"https:\/\/old.kosmetoloog.ee\/et\/teenused\/kosmeetiline-hooldus\/led-teraapia\/","url":"https:\/\/old.kosmetoloog.ee\/et\/teenused\/kosmeetiline-hooldus\/led-teraapia\/","name":"LED-teraapia - Ilutoodete e-pood","isPartOf":{"@id":"https:\/\/old.kosmetoloog.ee\/#website"},"primaryImageOfPage":{"@id":"https:\/\/old.kosmetoloog.ee\/et\/teenused\/kosmeetiline-hooldus\/led-teraapia\/#primaryimage"},"image":{"@id":"https:\/\/old.kosmetoloog.ee\/et\/teenused\/kosmeetiline-hooldus\/led-teraapia\/#primaryimage"},"thumbnailUrl":"https:\/\/kosmetoloog.ee\/wp-content\/uploads\/2023\/09\/photo_2020-04-10_13-.webp","datePublished":"2023-09-25T09:46:22+00:00","dateModified":"2023-11-09T10:24:07+00:00","breadcrumb":{"@id":"https:\/\/old.kosmetoloog.ee\/et\/teenused\/kosmeetiline-hooldus\/led-teraapia\/#breadcrumb"},"inLanguage":"et","potentialAction":[{"@type":"ReadAction","target":["https:\/\/old.kosmetoloog.ee\/et\/teenused\/kosmeetiline-hooldus\/led-teraapia\/"]}]},{"@type":"ImageObject","inLanguage":"et","@id":"https:\/\/old.kosmetoloog.ee\/et\/teenused\/kosmeetiline-hooldus\/led-teraapia\/#primaryimage","url":"https:\/\/kosmetoloog.ee\/wp-content\/uploads\/2023\/09\/photo_2020-04-10_13-.webp","contentUrl":"https:\/\/kosmetoloog.ee\/wp-content\/uploads\/2023\/09\/photo_2020-04-10_13-.webp"},{"@type":"BreadcrumbList","@id":"https:\/\/old.kosmetoloog.ee\/et\/teenused\/kosmeetiline-hooldus\/led-teraapia\/#breadcrumb","itemListElement":[{"@type":"ListItem","position":1,"name":"Home","item":"https:\/\/old.kosmetoloog.ee\/et\/"},{"@type":"ListItem","position":2,"name":"Teenused","item":"https:\/\/old.kosmetoloog.ee\/et\/teenused\/"},{"@type":"ListItem","position":3,"name":"Kosmeetiline hooldus","item":"https:\/\/old.kosmetoloog.ee\/et\/teenused\/kosmeetiline-hooldus\/"},{"@type":"ListItem","position":4,"name":"LED-teraapia"}]},{"@type":"WebSite","@id":"https:\/\/old.kosmetoloog.ee\/#website","url":"https:\/\/old.kosmetoloog.ee\/","name":"Ilutoodete e-pood","description":"Kosmeetika pood","publisher":{"@id":"https:\/\/old.kosmetoloog.ee\/#organization"},"potentialAction":[{"@type":"SearchAction","target":{"@type":"EntryPoint","urlTemplate":"https:\/\/old.kosmetoloog.ee\/?s={search_term_string}"},"query-input":{"@type":"PropertyValueSpecification","valueRequired":true,"valueName":"search_term_string"}}],"inLanguage":"et"},{"@type":"Organization","@id":"https:\/\/old.kosmetoloog.ee\/#organization","name":"You are You O\u00dc","url":"https:\/\/old.kosmetoloog.ee\/","logo":{"@type":"ImageObject","inLanguage":"et","@id":"https:\/\/old.kosmetoloog.ee\/#\/schema\/logo\/image\/","url":"https:\/\/old.kosmetoloog.ee\/wp-content\/uploads\/2023\/08\/logo-1.png","contentUrl":"https:\/\/old.kosmetoloog.ee\/wp-content\/uploads\/2023\/08\/logo-1.png","width":1200,"height":964,"caption":"You are You O\u00dc"},"image":{"@id":"https:\/\/old.kosmetoloog.ee\/#\/schema\/logo\/image\/"}}]}},"_links":{"self":[{"href":"https:\/\/old.kosmetoloog.ee\/et\/wp-json\/wp\/v2\/pages\/1481","targetHints":{"allow":["GET"]}}],"collection":[{"href":"https:\/\/old.kosmetoloog.ee\/et\/wp-json\/wp\/v2\/pages"}],"about":[{"href":"https:\/\/old.kosmetoloog.ee\/et\/wp-json\/wp\/v2\/types\/page"}],"author":[{"embeddable":true,"href":"https:\/\/old.kosmetoloog.ee\/et\/wp-json\/wp\/v2\/users\/1"}],"replies":[{"embeddable":true,"href":"https:\/\/old.kosmetoloog.ee\/et\/wp-json\/wp\/v2\/comments?post=1481"}],"version-history":[{"count":1,"href":"https:\/\/old.kosmetoloog.ee\/et\/wp-json\/wp\/v2\/pages\/1481\/revisions"}],"predecessor-version":[{"id":1482,"href":"https:\/\/old.kosmetoloog.ee\/et\/wp-json\/wp\/v2\/pages\/1481\/revisions\/1482"}],"up":[{"embeddable":true,"href":"https:\/\/old.kosmetoloog.ee\/et\/wp-json\/wp\/v2\/pages\/1479"}],"wp:attachment":[{"href":"https:\/\/old.kosmetoloog.ee\/et\/wp-json\/wp\/v2\/media?parent=1481"}],"curies":[{"name":"wp","href":"https:\/\/api.w.org\/{rel}","templated":true}]}}