{"id":1487,"date":"2023-09-25T13:11:06","date_gmt":"2023-09-25T10:11:06","guid":{"rendered":"https:\/\/kosmetoloog.ee\/teenused\/kosmeetiline-hooldus\/tundliku-ja-orna-naha-hooldus-germaine-de-capuccini-toodetega\/"},"modified":"2023-11-09T12:27:25","modified_gmt":"2023-11-09T10:27:25","slug":"tundliku-ja-orna-naha-hooldus-germaine-de-capuccini-toodetega","status":"publish","type":"page","link":"https:\/\/old.kosmetoloog.ee\/et\/teenused\/kosmeetiline-hooldus\/tundliku-ja-orna-naha-hooldus-germaine-de-capuccini-toodetega\/","title":{"rendered":"Tundliku ja \u00f5rna naha hooldus GERMAINE de CAPUCCINI toodetega"},"content":{"rendered":"\t\t<div data-elementor-type=\"wp-page\" data-elementor-id=\"1487\" class=\"elementor elementor-1487 elementor-1168\" data-elementor-post-type=\"page\">\n\t\t\t\t\t\t<section class=\"elementor-section elementor-top-section elementor-element elementor-element-46d3a69 elementor-section-boxed elementor-section-height-default elementor-section-height-default\" data-id=\"46d3a69\" data-element_type=\"section\">\n\t\t\t\t\t\t<div class=\"elementor-container elementor-column-gap-default\">\n\t\t\t\t\t<div class=\"elementor-column elementor-col-100 elementor-top-column elementor-element elementor-element-39d5c8a\" data-id=\"39d5c8a\" data-element_type=\"column\">\n\t\t\t<div class=\"elementor-widget-wrap elementor-element-populated\">\n\t\t\t\t\t\t<div class=\"elementor-element elementor-element-cbed367 elementor-widget elementor-widget-text-editor\" data-id=\"cbed367\" data-element_type=\"widget\" data-widget_type=\"text-editor.default\">\n\t\t\t\t<div class=\"elementor-widget-container\">\n\t\t\t\t\t\t\t\t\t<h3>Hooldus Germaine de Capuccini<\/h3>\n<\/p>\n<p>Hispaania kosmeetika Germaine de Capuccini suurep\u00e4rane professionaalne hooldus sisaldab erinevaid seerumeid, maske, kreeme ja massaa\u017eitooteid, millest iga\u00fcks aitab naha taastamisele, niisutamisele, toitumisele ja puhastamisele.<\/p>\n<\/p>\n<h4 class=\"tn-atom\">Purexpert deeping \u0438 Silky scrub SO DELICATE LINE Germaine de Capuccini <\/h4>\n<h4 class=\"tn-atom\">(tundlikule nahale)<\/h4>\n<\/p>\n<table border=\"0\">\n<tbody>\n<tr>\n<td>&#8220;Tundliku ja \u00f5rna naha hooldus&#8221; on loodud selleks, et s\u00e4ilitada ja taastada allergilise nahka ning ka agressiivse keskkonnam\u00f5judega kahjustatud nahka. Purexpert deeping \u0438 Silky scrub SO DELICATE LINE Germaine de Capuccini Purexpert deeping \u0438 Silky scrub SO DELICATE LINE Germaine de Capuccini (tundlikule nahale)<\/td>\n<td><img fetchpriority=\"high\" decoding=\"async\" class=\"alignnone size-full wp-image-1044\" src=\"https:\/\/kosmetoloog.ee\/wp-content\/uploads\/2023\/09\/noroot.webp\" alt=\"\" width=\"800\" height=\"389\" srcset=\"https:\/\/old.kosmetoloog.ee\/wp-content\/uploads\/2023\/09\/noroot.webp 800w, https:\/\/old.kosmetoloog.ee\/wp-content\/uploads\/2023\/09\/noroot-300x146.webp 300w, https:\/\/old.kosmetoloog.ee\/wp-content\/uploads\/2023\/09\/noroot-768x373.webp 768w, https:\/\/old.kosmetoloog.ee\/wp-content\/uploads\/2023\/09\/noroot-600x292.webp 600w\" sizes=\"(max-width: 800px) 100vw, 800px\" \/><\/td>\n<\/tr>\n<\/tbody>\n<\/table>\n<h4> <\/h4>\n<h4>Soovitatav:<\/h4>\n<\/p>\n<p>\u2665 Teostatakse igal aastaajal<\/p>\n<p>\u2665 Naha \u00e4rrituse, p\u00f5letuse, punetuse, s\u00fcgeluse korral<\/p>\n<p>\u2665 P\u00e4rast agressiivset kokkupuudet \u00e4\u00e4rmuslike ilmastikutingimustega (p\u00e4ike, k\u00fclm, tuul jne).<\/p>\n<p>\u2665 Inimestele, kellel on madal tolerants teiste kosmeetikatoodete suhtes<\/p>\n<\/p>\n<p><strong>P\u00e4rast protseduuri m\u00e4\u00e4ratakse koduseks hoolduseks epidermist taastavaid ravimeid.<\/strong><\/p>\n\t\t\t\t\t\t\t\t<\/div>\n\t\t\t\t<\/div>\n\t\t\t\t\t<\/div>\n\t\t<\/div>\n\t\t\t\t\t<\/div>\n\t\t<\/section>\n\t\t\t\t<\/div>\n\t\t","protected":false},"excerpt":{"rendered":"<p>Hooldus Germaine de Capuccini Hispaania kosmeetika Germaine de Capuccini suurep\u00e4rane professionaalne hooldus sisaldab erinevaid seerumeid, maske, kreeme ja massaa\u017eitooteid, millest iga\u00fcks aitab naha taastamisele, niisutamisele, toitumisele ja puhastamisele. Purexpert deeping \u0438 Silky scrub SO DELICATE LINE Germaine de Capuccini (tundlikule nahale) &#8220;Tundliku ja \u00f5rna naha hooldus&#8221; on loodud selleks, et s\u00e4ilitada ja taastada allergilise nahka [&hellip;]<\/p>\n","protected":false},"author":1,"featured_media":0,"parent":1479,"menu_order":0,"comment_status":"closed","ping_status":"closed","template":"","meta":{"_acf_changed":false,"footnotes":""},"class_list":["post-1487","page","type-page","status-publish","hentry"],"acf":[],"yoast_head":"<!-- This site is optimized with the Yoast SEO plugin v25.7 - https:\/\/yoast.com\/wordpress\/plugins\/seo\/ -->\n<title>Tundliku ja \u00f5rna naha hooldus GERMAINE de CAPUCCINI toodetega - Ilutoodete e-pood<\/title>\n<meta name=\"robots\" content=\"noindex, follow, max-snippet:-1, max-image-preview:large, max-video-preview:-1\" \/>\n<meta property=\"og:locale\" content=\"et_EE\" \/>\n<meta property=\"og:type\" content=\"article\" \/>\n<meta property=\"og:title\" content=\"Tundliku ja \u00f5rna naha hooldus GERMAINE de CAPUCCINI toodetega - Ilutoodete e-pood\" \/>\n<meta property=\"og:description\" content=\"Hooldus Germaine de Capuccini Hispaania kosmeetika Germaine de Capuccini suurep\u00e4rane professionaalne hooldus sisaldab erinevaid seerumeid, maske, kreeme ja massaa\u017eitooteid, millest iga\u00fcks aitab naha taastamisele, niisutamisele, toitumisele ja puhastamisele. Purexpert deeping \u0438 Silky scrub SO DELICATE LINE Germaine de Capuccini (tundlikule nahale) &#8220;Tundliku ja \u00f5rna naha hooldus&#8221; on loodud selleks, et s\u00e4ilitada ja taastada allergilise nahka [&hellip;]\" \/>\n<meta property=\"og:url\" content=\"https:\/\/old.kosmetoloog.ee\/teenused\/kosmeetiline-hooldus\/tudliku-orna-naohooldus\/\" \/>\n<meta property=\"og:site_name\" content=\"Ilutoodete e-pood\" \/>\n<meta property=\"article:modified_time\" content=\"2023-11-09T10:27:25+00:00\" \/>\n<meta property=\"og:image\" content=\"https:\/\/kosmetoloog.ee\/wp-content\/uploads\/2023\/09\/noroot.webp\" \/>\n<meta name=\"twitter:card\" content=\"summary_large_image\" \/>\n<meta name=\"twitter:label1\" content=\"Est. reading time\" \/>\n\t<meta name=\"twitter:data1\" content=\"1 minut\" \/>\n<script type=\"application\/ld+json\" class=\"yoast-schema-graph\">{\"@context\":\"https:\/\/schema.org\",\"@graph\":[{\"@type\":\"WebPage\",\"@id\":\"https:\/\/old.kosmetoloog.ee\/teenused\/kosmeetiline-hooldus\/tudliku-orna-naohooldus\/\",\"url\":\"https:\/\/old.kosmetoloog.ee\/teenused\/kosmeetiline-hooldus\/tudliku-orna-naohooldus\/\",\"name\":\"Tundliku ja \u00f5rna naha hooldus GERMAINE de CAPUCCINI toodetega - Ilutoodete e-pood\",\"isPartOf\":{\"@id\":\"https:\/\/old.kosmetoloog.ee\/#website\"},\"primaryImageOfPage\":{\"@id\":\"https:\/\/old.kosmetoloog.ee\/teenused\/kosmeetiline-hooldus\/tudliku-orna-naohooldus\/#primaryimage\"},\"image\":{\"@id\":\"https:\/\/old.kosmetoloog.ee\/teenused\/kosmeetiline-hooldus\/tudliku-orna-naohooldus\/#primaryimage\"},\"thumbnailUrl\":\"https:\/\/kosmetoloog.ee\/wp-content\/uploads\/2023\/09\/noroot.webp\",\"datePublished\":\"2023-09-25T10:11:06+00:00\",\"dateModified\":\"2023-11-09T10:27:25+00:00\",\"breadcrumb\":{\"@id\":\"https:\/\/old.kosmetoloog.ee\/teenused\/kosmeetiline-hooldus\/tudliku-orna-naohooldus\/#breadcrumb\"},\"inLanguage\":\"et\",\"potentialAction\":[{\"@type\":\"ReadAction\",\"target\":[\"https:\/\/old.kosmetoloog.ee\/teenused\/kosmeetiline-hooldus\/tudliku-orna-naohooldus\/\"]}]},{\"@type\":\"ImageObject\",\"inLanguage\":\"et\",\"@id\":\"https:\/\/old.kosmetoloog.ee\/teenused\/kosmeetiline-hooldus\/tudliku-orna-naohooldus\/#primaryimage\",\"url\":\"https:\/\/kosmetoloog.ee\/wp-content\/uploads\/2023\/09\/noroot.webp\",\"contentUrl\":\"https:\/\/kosmetoloog.ee\/wp-content\/uploads\/2023\/09\/noroot.webp\"},{\"@type\":\"BreadcrumbList\",\"@id\":\"https:\/\/old.kosmetoloog.ee\/teenused\/kosmeetiline-hooldus\/tudliku-orna-naohooldus\/#breadcrumb\",\"itemListElement\":[{\"@type\":\"ListItem\",\"position\":1,\"name\":\"Home\",\"item\":\"https:\/\/old.kosmetoloog.ee\/et\/\"},{\"@type\":\"ListItem\",\"position\":2,\"name\":\"Teenused\",\"item\":\"https:\/\/old.kosmetoloog.ee\/et\/teenused\/\"},{\"@type\":\"ListItem\",\"position\":3,\"name\":\"Kosmeetiline hooldus\",\"item\":\"https:\/\/old.kosmetoloog.ee\/et\/teenused\/kosmeetiline-hooldus\/\"},{\"@type\":\"ListItem\",\"position\":4,\"name\":\"Tundliku ja \u00f5rna naha hooldus GERMAINE de CAPUCCINI toodetega\"}]},{\"@type\":\"WebSite\",\"@id\":\"https:\/\/old.kosmetoloog.ee\/#website\",\"url\":\"https:\/\/old.kosmetoloog.ee\/\",\"name\":\"Ilutoodete e-pood\",\"description\":\"Kosmeetika pood\",\"publisher\":{\"@id\":\"https:\/\/old.kosmetoloog.ee\/#organization\"},\"potentialAction\":[{\"@type\":\"SearchAction\",\"target\":{\"@type\":\"EntryPoint\",\"urlTemplate\":\"https:\/\/old.kosmetoloog.ee\/?s={search_term_string}\"},\"query-input\":{\"@type\":\"PropertyValueSpecification\",\"valueRequired\":true,\"valueName\":\"search_term_string\"}}],\"inLanguage\":\"et\"},{\"@type\":\"Organization\",\"@id\":\"https:\/\/old.kosmetoloog.ee\/#organization\",\"name\":\"You are You O\u00dc\",\"url\":\"https:\/\/old.kosmetoloog.ee\/\",\"logo\":{\"@type\":\"ImageObject\",\"inLanguage\":\"et\",\"@id\":\"https:\/\/old.kosmetoloog.ee\/#\/schema\/logo\/image\/\",\"url\":\"https:\/\/old.kosmetoloog.ee\/wp-content\/uploads\/2023\/08\/logo-1.png\",\"contentUrl\":\"https:\/\/old.kosmetoloog.ee\/wp-content\/uploads\/2023\/08\/logo-1.png\",\"width\":1200,\"height\":964,\"caption\":\"You are You O\u00dc\"},\"image\":{\"@id\":\"https:\/\/old.kosmetoloog.ee\/#\/schema\/logo\/image\/\"}}]}<\/script>\n<!-- \/ Yoast SEO plugin. -->","yoast_head_json":{"title":"Tundliku ja \u00f5rna naha hooldus GERMAINE de CAPUCCINI toodetega - Ilutoodete e-pood","robots":{"index":"noindex","follow":"follow","max-snippet":"max-snippet:-1","max-image-preview":"max-image-preview:large","max-video-preview":"max-video-preview:-1"},"og_locale":"et_EE","og_type":"article","og_title":"Tundliku ja \u00f5rna naha hooldus GERMAINE de CAPUCCINI toodetega - Ilutoodete e-pood","og_description":"Hooldus Germaine de Capuccini Hispaania kosmeetika Germaine de Capuccini suurep\u00e4rane professionaalne hooldus sisaldab erinevaid seerumeid, maske, kreeme ja massaa\u017eitooteid, millest iga\u00fcks aitab naha taastamisele, niisutamisele, toitumisele ja puhastamisele. Purexpert deeping \u0438 Silky scrub SO DELICATE LINE Germaine de Capuccini (tundlikule nahale) &#8220;Tundliku ja \u00f5rna naha hooldus&#8221; on loodud selleks, et s\u00e4ilitada ja taastada allergilise nahka [&hellip;]","og_url":"https:\/\/old.kosmetoloog.ee\/teenused\/kosmeetiline-hooldus\/tudliku-orna-naohooldus\/","og_site_name":"Ilutoodete e-pood","article_modified_time":"2023-11-09T10:27:25+00:00","og_image":[{"url":"https:\/\/kosmetoloog.ee\/wp-content\/uploads\/2023\/09\/noroot.webp","type":"","width":"","height":""}],"twitter_card":"summary_large_image","twitter_misc":{"Est. reading time":"1 minut"},"schema":{"@context":"https:\/\/schema.org","@graph":[{"@type":"WebPage","@id":"https:\/\/old.kosmetoloog.ee\/teenused\/kosmeetiline-hooldus\/tudliku-orna-naohooldus\/","url":"https:\/\/old.kosmetoloog.ee\/teenused\/kosmeetiline-hooldus\/tudliku-orna-naohooldus\/","name":"Tundliku ja \u00f5rna naha hooldus GERMAINE de CAPUCCINI toodetega - Ilutoodete e-pood","isPartOf":{"@id":"https:\/\/old.kosmetoloog.ee\/#website"},"primaryImageOfPage":{"@id":"https:\/\/old.kosmetoloog.ee\/teenused\/kosmeetiline-hooldus\/tudliku-orna-naohooldus\/#primaryimage"},"image":{"@id":"https:\/\/old.kosmetoloog.ee\/teenused\/kosmeetiline-hooldus\/tudliku-orna-naohooldus\/#primaryimage"},"thumbnailUrl":"https:\/\/kosmetoloog.ee\/wp-content\/uploads\/2023\/09\/noroot.webp","datePublished":"2023-09-25T10:11:06+00:00","dateModified":"2023-11-09T10:27:25+00:00","breadcrumb":{"@id":"https:\/\/old.kosmetoloog.ee\/teenused\/kosmeetiline-hooldus\/tudliku-orna-naohooldus\/#breadcrumb"},"inLanguage":"et","potentialAction":[{"@type":"ReadAction","target":["https:\/\/old.kosmetoloog.ee\/teenused\/kosmeetiline-hooldus\/tudliku-orna-naohooldus\/"]}]},{"@type":"ImageObject","inLanguage":"et","@id":"https:\/\/old.kosmetoloog.ee\/teenused\/kosmeetiline-hooldus\/tudliku-orna-naohooldus\/#primaryimage","url":"https:\/\/kosmetoloog.ee\/wp-content\/uploads\/2023\/09\/noroot.webp","contentUrl":"https:\/\/kosmetoloog.ee\/wp-content\/uploads\/2023\/09\/noroot.webp"},{"@type":"BreadcrumbList","@id":"https:\/\/old.kosmetoloog.ee\/teenused\/kosmeetiline-hooldus\/tudliku-orna-naohooldus\/#breadcrumb","itemListElement":[{"@type":"ListItem","position":1,"name":"Home","item":"https:\/\/old.kosmetoloog.ee\/et\/"},{"@type":"ListItem","position":2,"name":"Teenused","item":"https:\/\/old.kosmetoloog.ee\/et\/teenused\/"},{"@type":"ListItem","position":3,"name":"Kosmeetiline hooldus","item":"https:\/\/old.kosmetoloog.ee\/et\/teenused\/kosmeetiline-hooldus\/"},{"@type":"ListItem","position":4,"name":"Tundliku ja \u00f5rna naha hooldus GERMAINE de CAPUCCINI toodetega"}]},{"@type":"WebSite","@id":"https:\/\/old.kosmetoloog.ee\/#website","url":"https:\/\/old.kosmetoloog.ee\/","name":"Ilutoodete e-pood","description":"Kosmeetika pood","publisher":{"@id":"https:\/\/old.kosmetoloog.ee\/#organization"},"potentialAction":[{"@type":"SearchAction","target":{"@type":"EntryPoint","urlTemplate":"https:\/\/old.kosmetoloog.ee\/?s={search_term_string}"},"query-input":{"@type":"PropertyValueSpecification","valueRequired":true,"valueName":"search_term_string"}}],"inLanguage":"et"},{"@type":"Organization","@id":"https:\/\/old.kosmetoloog.ee\/#organization","name":"You are You O\u00dc","url":"https:\/\/old.kosmetoloog.ee\/","logo":{"@type":"ImageObject","inLanguage":"et","@id":"https:\/\/old.kosmetoloog.ee\/#\/schema\/logo\/image\/","url":"https:\/\/old.kosmetoloog.ee\/wp-content\/uploads\/2023\/08\/logo-1.png","contentUrl":"https:\/\/old.kosmetoloog.ee\/wp-content\/uploads\/2023\/08\/logo-1.png","width":1200,"height":964,"caption":"You are You O\u00dc"},"image":{"@id":"https:\/\/old.kosmetoloog.ee\/#\/schema\/logo\/image\/"}}]}},"_links":{"self":[{"href":"https:\/\/old.kosmetoloog.ee\/et\/wp-json\/wp\/v2\/pages\/1487","targetHints":{"allow":["GET"]}}],"collection":[{"href":"https:\/\/old.kosmetoloog.ee\/et\/wp-json\/wp\/v2\/pages"}],"about":[{"href":"https:\/\/old.kosmetoloog.ee\/et\/wp-json\/wp\/v2\/types\/page"}],"author":[{"embeddable":true,"href":"https:\/\/old.kosmetoloog.ee\/et\/wp-json\/wp\/v2\/users\/1"}],"replies":[{"embeddable":true,"href":"https:\/\/old.kosmetoloog.ee\/et\/wp-json\/wp\/v2\/comments?post=1487"}],"version-history":[{"count":1,"href":"https:\/\/old.kosmetoloog.ee\/et\/wp-json\/wp\/v2\/pages\/1487\/revisions"}],"predecessor-version":[{"id":1488,"href":"https:\/\/old.kosmetoloog.ee\/et\/wp-json\/wp\/v2\/pages\/1487\/revisions\/1488"}],"up":[{"embeddable":true,"href":"https:\/\/old.kosmetoloog.ee\/et\/wp-json\/wp\/v2\/pages\/1479"}],"wp:attachment":[{"href":"https:\/\/old.kosmetoloog.ee\/et\/wp-json\/wp\/v2\/media?parent=1487"}],"curies":[{"name":"wp","href":"https:\/\/api.w.org\/{rel}","templated":true}]}}