{"id":1493,"date":"2023-09-25T13:18:39","date_gmt":"2023-09-25T10:18:39","guid":{"rendered":"https:\/\/kosmetoloog.ee\/teenused\/kosmeetiline-hooldus\/nanoasia-hooldus\/"},"modified":"2023-11-09T12:28:07","modified_gmt":"2023-11-09T10:28:07","slug":"nanoasia-hooldus","status":"publish","type":"page","link":"https:\/\/old.kosmetoloog.ee\/et\/teenused\/kosmeetiline-hooldus\/nanoasia-hooldus\/","title":{"rendered":"NANOASIA hooldus"},"content":{"rendered":"\t\t<div data-elementor-type=\"wp-page\" data-elementor-id=\"1493\" class=\"elementor elementor-1493 elementor-1198\" data-elementor-post-type=\"page\">\n\t\t\t\t\t\t<section class=\"elementor-section elementor-top-section elementor-element elementor-element-33ea05e elementor-section-boxed elementor-section-height-default elementor-section-height-default\" data-id=\"33ea05e\" data-element_type=\"section\">\n\t\t\t\t\t\t<div class=\"elementor-container elementor-column-gap-default\">\n\t\t\t\t\t<div class=\"elementor-column elementor-col-100 elementor-top-column elementor-element elementor-element-c756028\" data-id=\"c756028\" data-element_type=\"column\">\n\t\t\t<div class=\"elementor-widget-wrap elementor-element-populated\">\n\t\t\t\t\t\t<div class=\"elementor-element elementor-element-f77b455 elementor-widget elementor-widget-text-editor\" data-id=\"f77b455\" data-element_type=\"widget\" data-widget_type=\"text-editor.default\">\n\t\t\t\t<div class=\"elementor-widget-container\">\n\t\t\t\t\t\t\t\t\t<p><img fetchpriority=\"high\" decoding=\"async\" class=\"alignnone size-full wp-image-1200\" src=\"https:\/\/kosmetoloog.ee\/wp-content\/uploads\/2023\/09\/Nanoasia-1.jpg\" alt=\"\" width=\"799\" height=\"222\" srcset=\"https:\/\/old.kosmetoloog.ee\/wp-content\/uploads\/2023\/09\/Nanoasia-1.jpg 799w, https:\/\/old.kosmetoloog.ee\/wp-content\/uploads\/2023\/09\/Nanoasia-1-300x83.jpg 300w, https:\/\/old.kosmetoloog.ee\/wp-content\/uploads\/2023\/09\/Nanoasia-1-768x213.jpg 768w, https:\/\/old.kosmetoloog.ee\/wp-content\/uploads\/2023\/09\/Nanoasia-1-600x167.jpg 600w\" sizes=\"(max-width: 799px) 100vw, 799px\" \/><\/p>\n<h4>Protseduuride hinnad:<\/h4>\n<table dir=\"ltr\" border=\"1\">\n<colgroup>\n<col>\n<col>\n<col><\/colgroup>\n<tbody>\n<tr>\n<td data-sheets-value=\"{\">\n<p><strong>NAONASIA N\u00c4OHOOLDUS<\/strong><\/p>\n<\/td>\n<td data-sheets-numberformat=\"{\">\n<\/td>\n<td>\n<\/td>\n<\/tr>\n<tr>\n<td data-sheets-value=\"{\">\n<p>N\u00e4ohooldus pinguldav NanoAsia multi-peptiidi seerumiga<\/p>\n<\/td>\n<td data-sheets-value=\"{\" data-sheets-numberformat=\"{\">\n<p>75\u20ac<\/p>\n<\/td>\n<td data-sheets-value=\"{\" data-sheets-numberformat=\"{\">\n<p>60 min<\/p>\n<\/td>\n<\/tr>\n<tr>\n<td data-sheets-value=\"{\">\n<p>N\u00e4ohooldus pinguldav NanoAsia Lifting maskiga botoxi efektiga n\u00e4olihastele (n\u00e4onahk, silma\u00fcmbrus)<\/p>\n<\/td>\n<td data-sheets-value=\"{\" data-sheets-numberformat=\"{\">\n<p>75\u20ac<\/p>\n<\/td>\n<td data-sheets-value=\"{\" data-sheets-numberformat=\"{\">\n<p>60 min<\/p>\n<\/td>\n<\/tr>\n<tr>\n<td data-sheets-value=\"{\">\n<p>Aktiivselt noorendav Nanotip koorimine<\/p>\n<\/td>\n<td data-sheets-value=\"{\" data-sheets-numberformat=\"{\">\n<p>70\u20ac<\/p>\n<\/td>\n<td data-sheets-value=\"{\" data-sheets-numberformat=\"{\">\n<p>60 min<\/p>\n<\/td>\n<\/tr>\n<tr>\n<td data-sheets-value=\"{\">\n<p>Eksklusiivne pakett, mis sisaldab protseduuride kompleksi (n\u00e4onaha, silma\u00fcmbruse, kaela, dekoltee, aga ka k\u00e4te ja k\u00fc\u00fcnarnuki nahahooldus)<\/p>\n<\/td>\n<td data-sheets-value=\"{\" data-sheets-numberformat=\"{\">\n<p>119\u20ac<\/p>\n<\/td>\n<td data-sheets-value=\"{\" data-sheets-numberformat=\"{\">\n<p>60 min<\/p>\n<\/td>\n<\/tr>\n<\/tbody>\n<\/table>\n\t\t\t\t\t\t\t\t<\/div>\n\t\t\t\t<\/div>\n\t\t\t\t\t<\/div>\n\t\t<\/div>\n\t\t\t\t\t<\/div>\n\t\t<\/section>\n\t\t\t\t<\/div>\n\t\t","protected":false},"excerpt":{"rendered":"<p>Protseduuride hinnad: NAONASIA N\u00c4OHOOLDUS N\u00e4ohooldus pinguldav NanoAsia multi-peptiidi seerumiga 75\u20ac 60 min N\u00e4ohooldus pinguldav NanoAsia Lifting maskiga botoxi efektiga n\u00e4olihastele (n\u00e4onahk, silma\u00fcmbrus) 75\u20ac 60 min Aktiivselt noorendav Nanotip koorimine 70\u20ac 60 min Eksklusiivne pakett, mis sisaldab protseduuride kompleksi (n\u00e4onaha, silma\u00fcmbruse, kaela, dekoltee, aga ka k\u00e4te ja k\u00fc\u00fcnarnuki nahahooldus) 119\u20ac 60 min<\/p>\n","protected":false},"author":1,"featured_media":0,"parent":1479,"menu_order":0,"comment_status":"closed","ping_status":"closed","template":"","meta":{"_acf_changed":false,"footnotes":""},"class_list":["post-1493","page","type-page","status-publish","hentry"],"acf":[],"yoast_head":"<!-- This site is optimized with the Yoast SEO plugin v25.7 - https:\/\/yoast.com\/wordpress\/plugins\/seo\/ -->\n<title>NANOASIA hooldus - Ilutoodete e-pood<\/title>\n<meta name=\"robots\" content=\"noindex, follow, max-snippet:-1, max-image-preview:large, max-video-preview:-1\" \/>\n<meta property=\"og:locale\" content=\"et_EE\" \/>\n<meta property=\"og:type\" content=\"article\" \/>\n<meta property=\"og:title\" content=\"NANOASIA hooldus - Ilutoodete e-pood\" \/>\n<meta property=\"og:description\" content=\"Protseduuride hinnad: NAONASIA N\u00c4OHOOLDUS N\u00e4ohooldus pinguldav NanoAsia multi-peptiidi seerumiga 75\u20ac 60 min N\u00e4ohooldus pinguldav NanoAsia Lifting maskiga botoxi efektiga n\u00e4olihastele (n\u00e4onahk, silma\u00fcmbrus) 75\u20ac 60 min Aktiivselt noorendav Nanotip koorimine 70\u20ac 60 min Eksklusiivne pakett, mis sisaldab protseduuride kompleksi (n\u00e4onaha, silma\u00fcmbruse, kaela, dekoltee, aga ka k\u00e4te ja k\u00fc\u00fcnarnuki nahahooldus) 119\u20ac 60 min\" \/>\n<meta property=\"og:url\" content=\"https:\/\/old.kosmetoloog.ee\/et\/teenused\/kosmeetiline-hooldus\/nanoasia-hooldus\/\" \/>\n<meta property=\"og:site_name\" content=\"Ilutoodete e-pood\" \/>\n<meta property=\"article:modified_time\" content=\"2023-11-09T10:28:07+00:00\" \/>\n<meta property=\"og:image\" content=\"https:\/\/kosmetoloog.ee\/wp-content\/uploads\/2023\/09\/Nanoasia-1.jpg\" \/>\n<meta name=\"twitter:card\" content=\"summary_large_image\" \/>\n<script type=\"application\/ld+json\" class=\"yoast-schema-graph\">{\"@context\":\"https:\/\/schema.org\",\"@graph\":[{\"@type\":\"WebPage\",\"@id\":\"https:\/\/old.kosmetoloog.ee\/et\/teenused\/kosmeetiline-hooldus\/nanoasia-hooldus\/\",\"url\":\"https:\/\/old.kosmetoloog.ee\/et\/teenused\/kosmeetiline-hooldus\/nanoasia-hooldus\/\",\"name\":\"NANOASIA hooldus - Ilutoodete e-pood\",\"isPartOf\":{\"@id\":\"https:\/\/old.kosmetoloog.ee\/#website\"},\"primaryImageOfPage\":{\"@id\":\"https:\/\/old.kosmetoloog.ee\/et\/teenused\/kosmeetiline-hooldus\/nanoasia-hooldus\/#primaryimage\"},\"image\":{\"@id\":\"https:\/\/old.kosmetoloog.ee\/et\/teenused\/kosmeetiline-hooldus\/nanoasia-hooldus\/#primaryimage\"},\"thumbnailUrl\":\"https:\/\/kosmetoloog.ee\/wp-content\/uploads\/2023\/09\/Nanoasia-1.jpg\",\"datePublished\":\"2023-09-25T10:18:39+00:00\",\"dateModified\":\"2023-11-09T10:28:07+00:00\",\"breadcrumb\":{\"@id\":\"https:\/\/old.kosmetoloog.ee\/et\/teenused\/kosmeetiline-hooldus\/nanoasia-hooldus\/#breadcrumb\"},\"inLanguage\":\"et\",\"potentialAction\":[{\"@type\":\"ReadAction\",\"target\":[\"https:\/\/old.kosmetoloog.ee\/et\/teenused\/kosmeetiline-hooldus\/nanoasia-hooldus\/\"]}]},{\"@type\":\"ImageObject\",\"inLanguage\":\"et\",\"@id\":\"https:\/\/old.kosmetoloog.ee\/et\/teenused\/kosmeetiline-hooldus\/nanoasia-hooldus\/#primaryimage\",\"url\":\"https:\/\/kosmetoloog.ee\/wp-content\/uploads\/2023\/09\/Nanoasia-1.jpg\",\"contentUrl\":\"https:\/\/kosmetoloog.ee\/wp-content\/uploads\/2023\/09\/Nanoasia-1.jpg\"},{\"@type\":\"BreadcrumbList\",\"@id\":\"https:\/\/old.kosmetoloog.ee\/et\/teenused\/kosmeetiline-hooldus\/nanoasia-hooldus\/#breadcrumb\",\"itemListElement\":[{\"@type\":\"ListItem\",\"position\":1,\"name\":\"Home\",\"item\":\"https:\/\/old.kosmetoloog.ee\/et\/\"},{\"@type\":\"ListItem\",\"position\":2,\"name\":\"Teenused\",\"item\":\"https:\/\/old.kosmetoloog.ee\/et\/teenused\/\"},{\"@type\":\"ListItem\",\"position\":3,\"name\":\"Kosmeetiline hooldus\",\"item\":\"https:\/\/old.kosmetoloog.ee\/et\/teenused\/kosmeetiline-hooldus\/\"},{\"@type\":\"ListItem\",\"position\":4,\"name\":\"NANOASIA hooldus\"}]},{\"@type\":\"WebSite\",\"@id\":\"https:\/\/old.kosmetoloog.ee\/#website\",\"url\":\"https:\/\/old.kosmetoloog.ee\/\",\"name\":\"Ilutoodete e-pood\",\"description\":\"Kosmeetika pood\",\"publisher\":{\"@id\":\"https:\/\/old.kosmetoloog.ee\/#organization\"},\"potentialAction\":[{\"@type\":\"SearchAction\",\"target\":{\"@type\":\"EntryPoint\",\"urlTemplate\":\"https:\/\/old.kosmetoloog.ee\/?s={search_term_string}\"},\"query-input\":{\"@type\":\"PropertyValueSpecification\",\"valueRequired\":true,\"valueName\":\"search_term_string\"}}],\"inLanguage\":\"et\"},{\"@type\":\"Organization\",\"@id\":\"https:\/\/old.kosmetoloog.ee\/#organization\",\"name\":\"You are You O\u00dc\",\"url\":\"https:\/\/old.kosmetoloog.ee\/\",\"logo\":{\"@type\":\"ImageObject\",\"inLanguage\":\"et\",\"@id\":\"https:\/\/old.kosmetoloog.ee\/#\/schema\/logo\/image\/\",\"url\":\"https:\/\/old.kosmetoloog.ee\/wp-content\/uploads\/2023\/08\/logo-1.png\",\"contentUrl\":\"https:\/\/old.kosmetoloog.ee\/wp-content\/uploads\/2023\/08\/logo-1.png\",\"width\":1200,\"height\":964,\"caption\":\"You are You O\u00dc\"},\"image\":{\"@id\":\"https:\/\/old.kosmetoloog.ee\/#\/schema\/logo\/image\/\"}}]}<\/script>\n<!-- \/ Yoast SEO plugin. -->","yoast_head_json":{"title":"NANOASIA hooldus - Ilutoodete e-pood","robots":{"index":"noindex","follow":"follow","max-snippet":"max-snippet:-1","max-image-preview":"max-image-preview:large","max-video-preview":"max-video-preview:-1"},"og_locale":"et_EE","og_type":"article","og_title":"NANOASIA hooldus - Ilutoodete e-pood","og_description":"Protseduuride hinnad: NAONASIA N\u00c4OHOOLDUS N\u00e4ohooldus pinguldav NanoAsia multi-peptiidi seerumiga 75\u20ac 60 min N\u00e4ohooldus pinguldav NanoAsia Lifting maskiga botoxi efektiga n\u00e4olihastele (n\u00e4onahk, silma\u00fcmbrus) 75\u20ac 60 min Aktiivselt noorendav Nanotip koorimine 70\u20ac 60 min Eksklusiivne pakett, mis sisaldab protseduuride kompleksi (n\u00e4onaha, silma\u00fcmbruse, kaela, dekoltee, aga ka k\u00e4te ja k\u00fc\u00fcnarnuki nahahooldus) 119\u20ac 60 min","og_url":"https:\/\/old.kosmetoloog.ee\/et\/teenused\/kosmeetiline-hooldus\/nanoasia-hooldus\/","og_site_name":"Ilutoodete e-pood","article_modified_time":"2023-11-09T10:28:07+00:00","og_image":[{"url":"https:\/\/kosmetoloog.ee\/wp-content\/uploads\/2023\/09\/Nanoasia-1.jpg","type":"","width":"","height":""}],"twitter_card":"summary_large_image","schema":{"@context":"https:\/\/schema.org","@graph":[{"@type":"WebPage","@id":"https:\/\/old.kosmetoloog.ee\/et\/teenused\/kosmeetiline-hooldus\/nanoasia-hooldus\/","url":"https:\/\/old.kosmetoloog.ee\/et\/teenused\/kosmeetiline-hooldus\/nanoasia-hooldus\/","name":"NANOASIA hooldus - Ilutoodete e-pood","isPartOf":{"@id":"https:\/\/old.kosmetoloog.ee\/#website"},"primaryImageOfPage":{"@id":"https:\/\/old.kosmetoloog.ee\/et\/teenused\/kosmeetiline-hooldus\/nanoasia-hooldus\/#primaryimage"},"image":{"@id":"https:\/\/old.kosmetoloog.ee\/et\/teenused\/kosmeetiline-hooldus\/nanoasia-hooldus\/#primaryimage"},"thumbnailUrl":"https:\/\/kosmetoloog.ee\/wp-content\/uploads\/2023\/09\/Nanoasia-1.jpg","datePublished":"2023-09-25T10:18:39+00:00","dateModified":"2023-11-09T10:28:07+00:00","breadcrumb":{"@id":"https:\/\/old.kosmetoloog.ee\/et\/teenused\/kosmeetiline-hooldus\/nanoasia-hooldus\/#breadcrumb"},"inLanguage":"et","potentialAction":[{"@type":"ReadAction","target":["https:\/\/old.kosmetoloog.ee\/et\/teenused\/kosmeetiline-hooldus\/nanoasia-hooldus\/"]}]},{"@type":"ImageObject","inLanguage":"et","@id":"https:\/\/old.kosmetoloog.ee\/et\/teenused\/kosmeetiline-hooldus\/nanoasia-hooldus\/#primaryimage","url":"https:\/\/kosmetoloog.ee\/wp-content\/uploads\/2023\/09\/Nanoasia-1.jpg","contentUrl":"https:\/\/kosmetoloog.ee\/wp-content\/uploads\/2023\/09\/Nanoasia-1.jpg"},{"@type":"BreadcrumbList","@id":"https:\/\/old.kosmetoloog.ee\/et\/teenused\/kosmeetiline-hooldus\/nanoasia-hooldus\/#breadcrumb","itemListElement":[{"@type":"ListItem","position":1,"name":"Home","item":"https:\/\/old.kosmetoloog.ee\/et\/"},{"@type":"ListItem","position":2,"name":"Teenused","item":"https:\/\/old.kosmetoloog.ee\/et\/teenused\/"},{"@type":"ListItem","position":3,"name":"Kosmeetiline hooldus","item":"https:\/\/old.kosmetoloog.ee\/et\/teenused\/kosmeetiline-hooldus\/"},{"@type":"ListItem","position":4,"name":"NANOASIA hooldus"}]},{"@type":"WebSite","@id":"https:\/\/old.kosmetoloog.ee\/#website","url":"https:\/\/old.kosmetoloog.ee\/","name":"Ilutoodete e-pood","description":"Kosmeetika pood","publisher":{"@id":"https:\/\/old.kosmetoloog.ee\/#organization"},"potentialAction":[{"@type":"SearchAction","target":{"@type":"EntryPoint","urlTemplate":"https:\/\/old.kosmetoloog.ee\/?s={search_term_string}"},"query-input":{"@type":"PropertyValueSpecification","valueRequired":true,"valueName":"search_term_string"}}],"inLanguage":"et"},{"@type":"Organization","@id":"https:\/\/old.kosmetoloog.ee\/#organization","name":"You are You O\u00dc","url":"https:\/\/old.kosmetoloog.ee\/","logo":{"@type":"ImageObject","inLanguage":"et","@id":"https:\/\/old.kosmetoloog.ee\/#\/schema\/logo\/image\/","url":"https:\/\/old.kosmetoloog.ee\/wp-content\/uploads\/2023\/08\/logo-1.png","contentUrl":"https:\/\/old.kosmetoloog.ee\/wp-content\/uploads\/2023\/08\/logo-1.png","width":1200,"height":964,"caption":"You are You O\u00dc"},"image":{"@id":"https:\/\/old.kosmetoloog.ee\/#\/schema\/logo\/image\/"}}]}},"_links":{"self":[{"href":"https:\/\/old.kosmetoloog.ee\/et\/wp-json\/wp\/v2\/pages\/1493","targetHints":{"allow":["GET"]}}],"collection":[{"href":"https:\/\/old.kosmetoloog.ee\/et\/wp-json\/wp\/v2\/pages"}],"about":[{"href":"https:\/\/old.kosmetoloog.ee\/et\/wp-json\/wp\/v2\/types\/page"}],"author":[{"embeddable":true,"href":"https:\/\/old.kosmetoloog.ee\/et\/wp-json\/wp\/v2\/users\/1"}],"replies":[{"embeddable":true,"href":"https:\/\/old.kosmetoloog.ee\/et\/wp-json\/wp\/v2\/comments?post=1493"}],"version-history":[{"count":1,"href":"https:\/\/old.kosmetoloog.ee\/et\/wp-json\/wp\/v2\/pages\/1493\/revisions"}],"predecessor-version":[{"id":1494,"href":"https:\/\/old.kosmetoloog.ee\/et\/wp-json\/wp\/v2\/pages\/1493\/revisions\/1494"}],"up":[{"embeddable":true,"href":"https:\/\/old.kosmetoloog.ee\/et\/wp-json\/wp\/v2\/pages\/1479"}],"wp:attachment":[{"href":"https:\/\/old.kosmetoloog.ee\/et\/wp-json\/wp\/v2\/media?parent=1493"}],"curies":[{"name":"wp","href":"https:\/\/api.w.org\/{rel}","templated":true}]}}