{"id":1499,"date":"2023-09-25T13:20:10","date_gmt":"2023-09-25T10:20:10","guid":{"rendered":"https:\/\/kosmetoloog.ee\/teenused\/kosmeetiline-hooldus\/meder-beauty-science-naohooldus\/"},"modified":"2023-11-09T12:29:01","modified_gmt":"2023-11-09T10:29:01","slug":"meder-beauty-science-naohooldus","status":"publish","type":"page","link":"https:\/\/old.kosmetoloog.ee\/et\/teenused\/kosmeetiline-hooldus\/meder-beauty-science-naohooldus\/","title":{"rendered":"MEDER BEAUTY SCIENCE n\u00e4ohooldus"},"content":{"rendered":"\t\t<div data-elementor-type=\"wp-page\" data-elementor-id=\"1499\" class=\"elementor elementor-1499 elementor-1206\" data-elementor-post-type=\"page\">\n\t\t\t\t\t\t<section class=\"elementor-section elementor-top-section elementor-element elementor-element-9b8ce4b elementor-section-boxed elementor-section-height-default elementor-section-height-default\" data-id=\"9b8ce4b\" data-element_type=\"section\">\n\t\t\t\t\t\t<div class=\"elementor-container elementor-column-gap-default\">\n\t\t\t\t\t<div class=\"elementor-column elementor-col-100 elementor-top-column elementor-element elementor-element-74cee18\" data-id=\"74cee18\" data-element_type=\"column\">\n\t\t\t<div class=\"elementor-widget-wrap elementor-element-populated\">\n\t\t\t\t\t\t<div class=\"elementor-element elementor-element-0bc2b49 elementor-widget elementor-widget-text-editor\" data-id=\"0bc2b49\" data-element_type=\"widget\" data-widget_type=\"text-editor.default\">\n\t\t\t\t<div class=\"elementor-widget-container\">\n\t\t\t\t\t\t\t\t\t<p><img fetchpriority=\"high\" decoding=\"async\" class=\"alignnone size-full wp-image-1208\" src=\"https:\/\/kosmetoloog.ee\/wp-content\/uploads\/2023\/09\/meder-11.jpg\" alt=\"\" width=\"700\" height=\"179\" srcset=\"https:\/\/old.kosmetoloog.ee\/wp-content\/uploads\/2023\/09\/meder-11.jpg 700w, https:\/\/old.kosmetoloog.ee\/wp-content\/uploads\/2023\/09\/meder-11-300x77.jpg 300w, https:\/\/old.kosmetoloog.ee\/wp-content\/uploads\/2023\/09\/meder-11-600x153.jpg 600w\" sizes=\"(max-width: 700px) 100vw, 700px\" \/><\/p>\n<h4>Protseduuride hinnad:<\/h4>\n<table dir=\"ltr\" border=\"1\">\n<colgroup>\n<col>\n<col>\n<col><\/colgroup>\n<tbody>\n<tr>\n<td data-sheets-value=\"{\">\n<p><strong>N\u00c4OHOOLDUSED MEDER TOODETEGA<\/strong><\/p>\n<\/td>\n<td data-sheets-numberformat=\"{\">\n<\/td>\n<td>\n<\/td>\n<\/tr>\n<tr>\n<td data-sheets-value=\"{\">\n<p>N\u00e4ohooldus Red-Apax rosaatsea ja punetuse raviks<\/p>\n<\/td>\n<td data-sheets-value=\"{\" data-sheets-numberformat=\"{\">\n<p>100\u20ac<\/p>\n<\/td>\n<td data-sheets-value=\"{\">\n<p>60 min<\/p>\n<\/td>\n<\/tr>\n<tr>\n<td data-sheets-value=\"{\">\n<p>N\u00e4ohooldus Arma-Lift noorendav vananevale nahale<\/p>\n<\/td>\n<td data-sheets-value=\"{\" data-sheets-numberformat=\"{\">\n<p>100\u20ac<\/p>\n<\/td>\n<td data-sheets-value=\"{\">\n<p>60 min<\/p>\n<\/td>\n<\/tr>\n<tr>\n<td data-sheets-value=\"{\">\n<p>N\u00e4ohooldus Myo-Fix miimikakortse korrigeeriv<\/p>\n<\/td>\n<td data-sheets-value=\"{\" data-sheets-numberformat=\"{\">\n<p>120\u20ac<\/p>\n<\/td>\n<td data-sheets-value=\"{\">\n<p>60 min<\/p>\n<\/td>\n<\/tr>\n<tr>\n<td data-sheets-value=\"{\">\n<p>N\u00e4ohooldus Hydra-Fill niisutav tundlikule nahale<\/p>\n<\/td>\n<td data-sheets-value=\"{\" data-sheets-numberformat=\"{\">\n<p>100\u20ac<\/p>\n<\/td>\n<td data-sheets-value=\"{\">\n<p>60 min<\/p>\n<\/td>\n<\/tr>\n<tr>\n<td data-sheets-value=\"{\">\n<p>BioRePeel n\u00f5elavaba biorevitalisatsioon n\u00e4ole, kaelale, dekolteele<\/p>\n<\/td>\n<td data-sheets-value=\"{\" data-sheets-numberformat=\"{\">\n<p>120\u20ac<\/p>\n<\/td>\n<td data-sheets-value=\"{\">\n<p>60 min<\/p>\n<\/td>\n<\/tr>\n<\/tbody>\n<\/table>\n\t\t\t\t\t\t\t\t<\/div>\n\t\t\t\t<\/div>\n\t\t\t\t\t<\/div>\n\t\t<\/div>\n\t\t\t\t\t<\/div>\n\t\t<\/section>\n\t\t\t\t<\/div>\n\t\t","protected":false},"excerpt":{"rendered":"<p>Protseduuride hinnad: N\u00c4OHOOLDUSED MEDER TOODETEGA N\u00e4ohooldus Red-Apax rosaatsea ja punetuse raviks 100\u20ac 60 min N\u00e4ohooldus Arma-Lift noorendav vananevale nahale 100\u20ac 60 min N\u00e4ohooldus Myo-Fix miimikakortse korrigeeriv 120\u20ac 60 min N\u00e4ohooldus Hydra-Fill niisutav tundlikule nahale 100\u20ac 60 min BioRePeel n\u00f5elavaba biorevitalisatsioon n\u00e4ole, kaelale, dekolteele 120\u20ac 60 min<\/p>\n","protected":false},"author":1,"featured_media":0,"parent":1479,"menu_order":0,"comment_status":"closed","ping_status":"closed","template":"","meta":{"_acf_changed":false,"footnotes":""},"class_list":["post-1499","page","type-page","status-publish","hentry"],"acf":[],"yoast_head":"<!-- This site is optimized with the Yoast SEO plugin v25.7 - https:\/\/yoast.com\/wordpress\/plugins\/seo\/ -->\n<title>MEDER BEAUTY SCIENCE n\u00e4ohooldus - Ilutoodete e-pood<\/title>\n<meta name=\"robots\" content=\"noindex, follow, max-snippet:-1, max-image-preview:large, max-video-preview:-1\" \/>\n<meta property=\"og:locale\" content=\"et_EE\" \/>\n<meta property=\"og:type\" content=\"article\" \/>\n<meta property=\"og:title\" content=\"MEDER BEAUTY SCIENCE n\u00e4ohooldus - Ilutoodete e-pood\" \/>\n<meta property=\"og:description\" content=\"Protseduuride hinnad: N\u00c4OHOOLDUSED MEDER TOODETEGA N\u00e4ohooldus Red-Apax rosaatsea ja punetuse raviks 100\u20ac 60 min N\u00e4ohooldus Arma-Lift noorendav vananevale nahale 100\u20ac 60 min N\u00e4ohooldus Myo-Fix miimikakortse korrigeeriv 120\u20ac 60 min N\u00e4ohooldus Hydra-Fill niisutav tundlikule nahale 100\u20ac 60 min BioRePeel n\u00f5elavaba biorevitalisatsioon n\u00e4ole, kaelale, dekolteele 120\u20ac 60 min\" \/>\n<meta property=\"og:url\" content=\"https:\/\/old.kosmetoloog.ee\/teenused\/kosmeetiline-hooldus\/naohooldus-meder-beauty-science\/\" \/>\n<meta property=\"og:site_name\" content=\"Ilutoodete e-pood\" \/>\n<meta property=\"article:modified_time\" content=\"2023-11-09T10:29:01+00:00\" \/>\n<meta property=\"og:image\" content=\"https:\/\/kosmetoloog.ee\/wp-content\/uploads\/2023\/09\/meder-11.jpg\" \/>\n<meta name=\"twitter:card\" content=\"summary_large_image\" \/>\n<script type=\"application\/ld+json\" class=\"yoast-schema-graph\">{\"@context\":\"https:\/\/schema.org\",\"@graph\":[{\"@type\":\"WebPage\",\"@id\":\"https:\/\/old.kosmetoloog.ee\/teenused\/kosmeetiline-hooldus\/naohooldus-meder-beauty-science\/\",\"url\":\"https:\/\/old.kosmetoloog.ee\/teenused\/kosmeetiline-hooldus\/naohooldus-meder-beauty-science\/\",\"name\":\"MEDER BEAUTY SCIENCE n\u00e4ohooldus - Ilutoodete e-pood\",\"isPartOf\":{\"@id\":\"https:\/\/old.kosmetoloog.ee\/#website\"},\"primaryImageOfPage\":{\"@id\":\"https:\/\/old.kosmetoloog.ee\/teenused\/kosmeetiline-hooldus\/naohooldus-meder-beauty-science\/#primaryimage\"},\"image\":{\"@id\":\"https:\/\/old.kosmetoloog.ee\/teenused\/kosmeetiline-hooldus\/naohooldus-meder-beauty-science\/#primaryimage\"},\"thumbnailUrl\":\"https:\/\/kosmetoloog.ee\/wp-content\/uploads\/2023\/09\/meder-11.jpg\",\"datePublished\":\"2023-09-25T10:20:10+00:00\",\"dateModified\":\"2023-11-09T10:29:01+00:00\",\"breadcrumb\":{\"@id\":\"https:\/\/old.kosmetoloog.ee\/teenused\/kosmeetiline-hooldus\/naohooldus-meder-beauty-science\/#breadcrumb\"},\"inLanguage\":\"et\",\"potentialAction\":[{\"@type\":\"ReadAction\",\"target\":[\"https:\/\/old.kosmetoloog.ee\/teenused\/kosmeetiline-hooldus\/naohooldus-meder-beauty-science\/\"]}]},{\"@type\":\"ImageObject\",\"inLanguage\":\"et\",\"@id\":\"https:\/\/old.kosmetoloog.ee\/teenused\/kosmeetiline-hooldus\/naohooldus-meder-beauty-science\/#primaryimage\",\"url\":\"https:\/\/kosmetoloog.ee\/wp-content\/uploads\/2023\/09\/meder-11.jpg\",\"contentUrl\":\"https:\/\/kosmetoloog.ee\/wp-content\/uploads\/2023\/09\/meder-11.jpg\"},{\"@type\":\"BreadcrumbList\",\"@id\":\"https:\/\/old.kosmetoloog.ee\/teenused\/kosmeetiline-hooldus\/naohooldus-meder-beauty-science\/#breadcrumb\",\"itemListElement\":[{\"@type\":\"ListItem\",\"position\":1,\"name\":\"Home\",\"item\":\"https:\/\/old.kosmetoloog.ee\/et\/\"},{\"@type\":\"ListItem\",\"position\":2,\"name\":\"Teenused\",\"item\":\"https:\/\/old.kosmetoloog.ee\/et\/teenused\/\"},{\"@type\":\"ListItem\",\"position\":3,\"name\":\"Kosmeetiline hooldus\",\"item\":\"https:\/\/old.kosmetoloog.ee\/et\/teenused\/kosmeetiline-hooldus\/\"},{\"@type\":\"ListItem\",\"position\":4,\"name\":\"MEDER BEAUTY SCIENCE n\u00e4ohooldus\"}]},{\"@type\":\"WebSite\",\"@id\":\"https:\/\/old.kosmetoloog.ee\/#website\",\"url\":\"https:\/\/old.kosmetoloog.ee\/\",\"name\":\"Ilutoodete e-pood\",\"description\":\"Kosmeetika pood\",\"publisher\":{\"@id\":\"https:\/\/old.kosmetoloog.ee\/#organization\"},\"potentialAction\":[{\"@type\":\"SearchAction\",\"target\":{\"@type\":\"EntryPoint\",\"urlTemplate\":\"https:\/\/old.kosmetoloog.ee\/?s={search_term_string}\"},\"query-input\":{\"@type\":\"PropertyValueSpecification\",\"valueRequired\":true,\"valueName\":\"search_term_string\"}}],\"inLanguage\":\"et\"},{\"@type\":\"Organization\",\"@id\":\"https:\/\/old.kosmetoloog.ee\/#organization\",\"name\":\"You are You O\u00dc\",\"url\":\"https:\/\/old.kosmetoloog.ee\/\",\"logo\":{\"@type\":\"ImageObject\",\"inLanguage\":\"et\",\"@id\":\"https:\/\/old.kosmetoloog.ee\/#\/schema\/logo\/image\/\",\"url\":\"https:\/\/old.kosmetoloog.ee\/wp-content\/uploads\/2023\/08\/logo-1.png\",\"contentUrl\":\"https:\/\/old.kosmetoloog.ee\/wp-content\/uploads\/2023\/08\/logo-1.png\",\"width\":1200,\"height\":964,\"caption\":\"You are You O\u00dc\"},\"image\":{\"@id\":\"https:\/\/old.kosmetoloog.ee\/#\/schema\/logo\/image\/\"}}]}<\/script>\n<!-- \/ Yoast SEO plugin. -->","yoast_head_json":{"title":"MEDER BEAUTY SCIENCE n\u00e4ohooldus - Ilutoodete e-pood","robots":{"index":"noindex","follow":"follow","max-snippet":"max-snippet:-1","max-image-preview":"max-image-preview:large","max-video-preview":"max-video-preview:-1"},"og_locale":"et_EE","og_type":"article","og_title":"MEDER BEAUTY SCIENCE n\u00e4ohooldus - Ilutoodete e-pood","og_description":"Protseduuride hinnad: N\u00c4OHOOLDUSED MEDER TOODETEGA N\u00e4ohooldus Red-Apax rosaatsea ja punetuse raviks 100\u20ac 60 min N\u00e4ohooldus Arma-Lift noorendav vananevale nahale 100\u20ac 60 min N\u00e4ohooldus Myo-Fix miimikakortse korrigeeriv 120\u20ac 60 min N\u00e4ohooldus Hydra-Fill niisutav tundlikule nahale 100\u20ac 60 min BioRePeel n\u00f5elavaba biorevitalisatsioon n\u00e4ole, kaelale, dekolteele 120\u20ac 60 min","og_url":"https:\/\/old.kosmetoloog.ee\/teenused\/kosmeetiline-hooldus\/naohooldus-meder-beauty-science\/","og_site_name":"Ilutoodete e-pood","article_modified_time":"2023-11-09T10:29:01+00:00","og_image":[{"url":"https:\/\/kosmetoloog.ee\/wp-content\/uploads\/2023\/09\/meder-11.jpg","type":"","width":"","height":""}],"twitter_card":"summary_large_image","schema":{"@context":"https:\/\/schema.org","@graph":[{"@type":"WebPage","@id":"https:\/\/old.kosmetoloog.ee\/teenused\/kosmeetiline-hooldus\/naohooldus-meder-beauty-science\/","url":"https:\/\/old.kosmetoloog.ee\/teenused\/kosmeetiline-hooldus\/naohooldus-meder-beauty-science\/","name":"MEDER BEAUTY SCIENCE n\u00e4ohooldus - Ilutoodete e-pood","isPartOf":{"@id":"https:\/\/old.kosmetoloog.ee\/#website"},"primaryImageOfPage":{"@id":"https:\/\/old.kosmetoloog.ee\/teenused\/kosmeetiline-hooldus\/naohooldus-meder-beauty-science\/#primaryimage"},"image":{"@id":"https:\/\/old.kosmetoloog.ee\/teenused\/kosmeetiline-hooldus\/naohooldus-meder-beauty-science\/#primaryimage"},"thumbnailUrl":"https:\/\/kosmetoloog.ee\/wp-content\/uploads\/2023\/09\/meder-11.jpg","datePublished":"2023-09-25T10:20:10+00:00","dateModified":"2023-11-09T10:29:01+00:00","breadcrumb":{"@id":"https:\/\/old.kosmetoloog.ee\/teenused\/kosmeetiline-hooldus\/naohooldus-meder-beauty-science\/#breadcrumb"},"inLanguage":"et","potentialAction":[{"@type":"ReadAction","target":["https:\/\/old.kosmetoloog.ee\/teenused\/kosmeetiline-hooldus\/naohooldus-meder-beauty-science\/"]}]},{"@type":"ImageObject","inLanguage":"et","@id":"https:\/\/old.kosmetoloog.ee\/teenused\/kosmeetiline-hooldus\/naohooldus-meder-beauty-science\/#primaryimage","url":"https:\/\/kosmetoloog.ee\/wp-content\/uploads\/2023\/09\/meder-11.jpg","contentUrl":"https:\/\/kosmetoloog.ee\/wp-content\/uploads\/2023\/09\/meder-11.jpg"},{"@type":"BreadcrumbList","@id":"https:\/\/old.kosmetoloog.ee\/teenused\/kosmeetiline-hooldus\/naohooldus-meder-beauty-science\/#breadcrumb","itemListElement":[{"@type":"ListItem","position":1,"name":"Home","item":"https:\/\/old.kosmetoloog.ee\/et\/"},{"@type":"ListItem","position":2,"name":"Teenused","item":"https:\/\/old.kosmetoloog.ee\/et\/teenused\/"},{"@type":"ListItem","position":3,"name":"Kosmeetiline hooldus","item":"https:\/\/old.kosmetoloog.ee\/et\/teenused\/kosmeetiline-hooldus\/"},{"@type":"ListItem","position":4,"name":"MEDER BEAUTY SCIENCE n\u00e4ohooldus"}]},{"@type":"WebSite","@id":"https:\/\/old.kosmetoloog.ee\/#website","url":"https:\/\/old.kosmetoloog.ee\/","name":"Ilutoodete e-pood","description":"Kosmeetika pood","publisher":{"@id":"https:\/\/old.kosmetoloog.ee\/#organization"},"potentialAction":[{"@type":"SearchAction","target":{"@type":"EntryPoint","urlTemplate":"https:\/\/old.kosmetoloog.ee\/?s={search_term_string}"},"query-input":{"@type":"PropertyValueSpecification","valueRequired":true,"valueName":"search_term_string"}}],"inLanguage":"et"},{"@type":"Organization","@id":"https:\/\/old.kosmetoloog.ee\/#organization","name":"You are You O\u00dc","url":"https:\/\/old.kosmetoloog.ee\/","logo":{"@type":"ImageObject","inLanguage":"et","@id":"https:\/\/old.kosmetoloog.ee\/#\/schema\/logo\/image\/","url":"https:\/\/old.kosmetoloog.ee\/wp-content\/uploads\/2023\/08\/logo-1.png","contentUrl":"https:\/\/old.kosmetoloog.ee\/wp-content\/uploads\/2023\/08\/logo-1.png","width":1200,"height":964,"caption":"You are You O\u00dc"},"image":{"@id":"https:\/\/old.kosmetoloog.ee\/#\/schema\/logo\/image\/"}}]}},"_links":{"self":[{"href":"https:\/\/old.kosmetoloog.ee\/et\/wp-json\/wp\/v2\/pages\/1499","targetHints":{"allow":["GET"]}}],"collection":[{"href":"https:\/\/old.kosmetoloog.ee\/et\/wp-json\/wp\/v2\/pages"}],"about":[{"href":"https:\/\/old.kosmetoloog.ee\/et\/wp-json\/wp\/v2\/types\/page"}],"author":[{"embeddable":true,"href":"https:\/\/old.kosmetoloog.ee\/et\/wp-json\/wp\/v2\/users\/1"}],"replies":[{"embeddable":true,"href":"https:\/\/old.kosmetoloog.ee\/et\/wp-json\/wp\/v2\/comments?post=1499"}],"version-history":[{"count":3,"href":"https:\/\/old.kosmetoloog.ee\/et\/wp-json\/wp\/v2\/pages\/1499\/revisions"}],"predecessor-version":[{"id":1502,"href":"https:\/\/old.kosmetoloog.ee\/et\/wp-json\/wp\/v2\/pages\/1499\/revisions\/1502"}],"up":[{"embeddable":true,"href":"https:\/\/old.kosmetoloog.ee\/et\/wp-json\/wp\/v2\/pages\/1479"}],"wp:attachment":[{"href":"https:\/\/old.kosmetoloog.ee\/et\/wp-json\/wp\/v2\/media?parent=1499"}],"curies":[{"name":"wp","href":"https:\/\/api.w.org\/{rel}","templated":true}]}}