{"id":1503,"date":"2023-09-25T11:04:14","date_gmt":"2023-09-25T08:04:14","guid":{"rendered":"https:\/\/kosmetoloog.ee\/teenused\/laserepilatsioon\/"},"modified":"2023-11-09T12:29:44","modified_gmt":"2023-11-09T10:29:44","slug":"laserepilatsioon","status":"publish","type":"page","link":"https:\/\/old.kosmetoloog.ee\/et\/teenused\/laserepilatsioon\/","title":{"rendered":"Laserepilatsioon"},"content":{"rendered":"\t\t<div data-elementor-type=\"wp-page\" data-elementor-id=\"1503\" class=\"elementor elementor-1503 elementor-1116\" data-elementor-post-type=\"page\">\n\t\t\t\t\t\t<section class=\"elementor-section elementor-top-section elementor-element elementor-element-95ac4e7 elementor-section-boxed elementor-section-height-default elementor-section-height-default\" data-id=\"95ac4e7\" data-element_type=\"section\">\n\t\t\t\t\t\t<div class=\"elementor-container elementor-column-gap-default\">\n\t\t\t\t\t<div class=\"elementor-column elementor-col-50 elementor-top-column elementor-element elementor-element-497a64a\" data-id=\"497a64a\" data-element_type=\"column\">\n\t\t\t<div class=\"elementor-widget-wrap elementor-element-populated\">\n\t\t\t\t\t\t<div class=\"elementor-element elementor-element-c78da48 elementor-widget elementor-widget-text-editor\" data-id=\"c78da48\" data-element_type=\"widget\" data-widget_type=\"text-editor.default\">\n\t\t\t\t<div class=\"elementor-widget-container\">\n\t\t\t\t\t\t\t\t\t<h3>Laserepilatsioon VALUTA?<\/h3>\n<p>Kas olete seda kuulnud? Mul on r\u00f5\u00f5m teatada, et selline on olemas! On aeg r\u00e4\u00e4kida teile uuest vaakumv\u00f5imendustehnoloogiast<\/p>\n<p>Niisiis! Laserk\u00e4epidemes oleva negatiivse r\u00f5hu m\u00f5jul t\u00f5mbub nahk sisse nagu iminappa. Vaakum imeb \u00f5rnalt nahka, viib folliikulid emitterile v\u00f5imalikult l\u00e4hedale, v\u00f5imaldades seel\u00e4bi karvade eemaldamist madalama energiav\u00e4\u00e4rtusega.<\/p>\n<p>Nahk on venitatakse, veresoonte l\u00e4bim\u00f5\u00f5t v\u00e4heneb, v\u00e4hendades melaniini ja hemoglobiini pigmendi tihedust. J\u00e4rgmisena tuleb laserv\u00e4lk. Vaakumi segava toime t\u00f5ttu kaovad valuaistingud. Kas suudate seda ettekujutada? \u2800<\/p>\n<p>Ma tunnen, et see on t\u00f5eline revolutsioon riistvaralise karvade eemaldamise maailmas, mis mitte ainult ei p\u00e4\u00e4sta teid liigsest taimestikust, vaid p\u00f5hjustab ka s\u00f5ltuvust)<\/p>\n\t\t\t\t\t\t\t\t<\/div>\n\t\t\t\t<\/div>\n\t\t\t\t\t<\/div>\n\t\t<\/div>\n\t\t\t\t<div class=\"elementor-column elementor-col-50 elementor-top-column elementor-element elementor-element-4baf32d\" data-id=\"4baf32d\" data-element_type=\"column\">\n\t\t\t<div class=\"elementor-widget-wrap elementor-element-populated\">\n\t\t\t\t\t\t<div class=\"elementor-element elementor-element-2cffdb5 elementor-widget elementor-widget-video\" data-id=\"2cffdb5\" data-element_type=\"widget\" data-settings=\"{&quot;youtube_url&quot;:&quot;https:\\\/\\\/www.youtube.com\\\/watch?v=Mn3mA46K3dI&quot;,&quot;video_type&quot;:&quot;youtube&quot;,&quot;controls&quot;:&quot;yes&quot;}\" data-widget_type=\"video.default\">\n\t\t\t\t<div class=\"elementor-widget-container\">\n\t\t\t\t\t\t\t<div class=\"elementor-wrapper elementor-open-inline\">\n\t\t\t<div class=\"elementor-video\"><\/div>\t\t<\/div>\n\t\t\t\t\t\t<\/div>\n\t\t\t\t<\/div>\n\t\t\t\t\t<\/div>\n\t\t<\/div>\n\t\t\t\t\t<\/div>\n\t\t<\/section>\n\t\t\t\t<section class=\"elementor-section elementor-top-section elementor-element elementor-element-3f07273 elementor-section-boxed elementor-section-height-default elementor-section-height-default\" data-id=\"3f07273\" data-element_type=\"section\">\n\t\t\t\t\t\t<div class=\"elementor-container elementor-column-gap-default\">\n\t\t\t\t\t<div class=\"elementor-column elementor-col-100 elementor-top-column elementor-element elementor-element-9fcc4b4\" data-id=\"9fcc4b4\" data-element_type=\"column\">\n\t\t\t<div class=\"elementor-widget-wrap elementor-element-populated\">\n\t\t\t\t\t\t<div class=\"elementor-element elementor-element-60abaf0 elementor-widget elementor-widget-text-editor\" data-id=\"60abaf0\" data-element_type=\"widget\" data-widget_type=\"text-editor.default\">\n\t\t\t\t<div class=\"elementor-widget-container\">\n\t\t\t\t\t\t\t\t\t<h3>Protseduuride hinnad: <\/h3>\n<\/p>\n<table dir=\"ltr\" border=\"1\">\n<tbody>\n<tr>\n<td data-sheets-value=\"{\">\n<p><strong>LASEREPILATSIOON Lumenis Light Sheer Duet laseriga<\/strong><\/p>\n<\/td>\n<td data-sheets-numberformat=\"{\">\n<\/td>\n<td>\n<\/td>\n<\/tr>\n<tr>\n<td data-sheets-value=\"{\">\n<p>Light Sheer DUET \u00fcks impulss<\/p>\n<\/td>\n<td data-sheets-value=\"{\" data-sheets-numberformat=\"{\">\n<p>7\u20ac<\/p>\n<\/td>\n<td>\n<\/td>\n<\/tr>\n<tr>\n<td data-sheets-value=\"{\">\n<p>\u00dclahuul<\/p>\n<\/td>\n<td data-sheets-value=\"{\" data-sheets-numberformat=\"{\">\n<p>38\u20ac<\/p>\n<\/td>\n<td data-sheets-value=\"{\">\n<p>10 min<\/p>\n<\/td>\n<\/tr>\n<tr>\n<td data-sheets-value=\"{\">\n<p>Laserepilatsiooniks ettevalmistus<\/p>\n<\/td>\n<td data-sheets-value=\"{\" data-sheets-numberformat=\"{\">\n<p>15\u20ac<\/p>\n<\/td>\n<td data-sheets-value=\"{\">\n<p>10 min<\/p>\n<\/td>\n<\/tr>\n<tr>\n<td data-sheets-value=\"{\">\n<p>Kael \u2013 eest v\u00f5i tagant<\/p>\n<\/td>\n<td data-sheets-value=\"{\" data-sheets-numberformat=\"{\">\n<p>55\u20ac<\/p>\n<\/td>\n<td data-sheets-value=\"{\">\n<p>10 &#8211; 15 min<\/p>\n<\/td>\n<\/tr>\n<tr>\n<td data-sheets-value=\"{\">\n<p>L\u00f5ug<\/p>\n<\/td>\n<td data-sheets-value=\"{\" data-sheets-numberformat=\"{\">\n<p>55\u20ac<\/p>\n<\/td>\n<td data-sheets-value=\"{\">\n<p>10 &#8211; 15 min<\/p>\n<\/td>\n<\/tr>\n<tr>\n<td data-sheets-value=\"{\">\n<p>P\u00f5sed<\/p>\n<\/td>\n<td data-sheets-value=\"{\" data-sheets-numberformat=\"{\">\n<p>55\u20ac<\/p>\n<\/td>\n<td data-sheets-value=\"{\">\n<p>10 &#8211; 15 min<\/p>\n<\/td>\n<\/tr>\n<tr>\n<td data-sheets-value=\"{\">\n<p>K\u00f5rvad<\/p>\n<\/td>\n<td data-sheets-value=\"{\" data-sheets-numberformat=\"{\">\n<p>35\u20ac<\/p>\n<\/td>\n<td data-sheets-value=\"{\">\n<p>10 &#8211; 15 min<\/p>\n<\/td>\n<\/tr>\n<tr>\n<td data-sheets-value=\"{\">\n<p>Nina<\/p>\n<\/td>\n<td data-sheets-value=\"{\" data-sheets-numberformat=\"{\">\n<p>35\u20ac<\/p>\n<\/td>\n<td data-sheets-value=\"{\">\n<p>10 &#8211; 15 min<\/p>\n<\/td>\n<\/tr>\n<tr>\n<td data-sheets-value=\"{\">\n<p>Otsmik<\/p>\n<\/td>\n<td data-sheets-value=\"{\" data-sheets-numberformat=\"{\">\n<p>70\u20ac<\/p>\n<\/td>\n<td data-sheets-value=\"{\">\n<p>10 &#8211; 15 min<\/p>\n<\/td>\n<\/tr>\n<tr>\n<td data-sheets-value=\"{\">\n<p>Kulmud<\/p>\n<\/td>\n<td data-sheets-value=\"{\" data-sheets-numberformat=\"{\">\n<p>70\u20ac<\/p>\n<\/td>\n<td data-sheets-value=\"{\">\n<p>10 &#8211; 15 min<\/p>\n<\/td>\n<\/tr>\n<tr>\n<td data-sheets-value=\"{\">\n<p>Kaenlaalused<\/p>\n<\/td>\n<td data-sheets-value=\"{\" data-sheets-numberformat=\"{\">\n<p>75\u20ac<\/p>\n<\/td>\n<td data-sheets-value=\"{\">\n<p>10 min<\/p>\n<\/td>\n<\/tr>\n<tr>\n<td data-sheets-value=\"{\">\n<p>Rinnad (nibude piirkond)<\/p>\n<\/td>\n<td data-sheets-value=\"{\" data-sheets-numberformat=\"{\">\n<p>55\u20ac<\/p>\n<\/td>\n<td data-sheets-value=\"{\">\n<p>20 min<\/p>\n<\/td>\n<\/tr>\n<tr>\n<td data-sheets-value=\"{\">\n<p>Dekoltee<\/p>\n<\/td>\n<td data-sheets-value=\"{\" data-sheets-numberformat=\"{\">\n<p>65\u20ac<\/p>\n<\/td>\n<td data-sheets-value=\"{\">\n<p>20-30 min<\/p>\n<\/td>\n<\/tr>\n<tr>\n<td data-sheets-value=\"{\">\n<p>K\u00f5hujoon<\/p>\n<\/td>\n<td data-sheets-value=\"{\" data-sheets-numberformat=\"{\">\n<p>55\u20ac<\/p>\n<\/td>\n<td data-sheets-value=\"{\">\n<p>20-30 min<\/p>\n<\/td>\n<\/tr>\n<tr>\n<td data-sheets-value=\"{\">\n<p>K\u00f5ht naistele<\/p>\n<\/td>\n<td data-sheets-value=\"{\" data-sheets-numberformat=\"{\">\n<p>130\u20ac<\/p>\n<\/td>\n<td data-sheets-value=\"{\">\n<p>20-30 min<\/p>\n<\/td>\n<\/tr>\n<tr>\n<td data-sheets-value=\"{\">\n<p>Naba piirkond<\/p>\n<\/td>\n<td data-sheets-value=\"{\" data-sheets-numberformat=\"{\">\n<p>35\u20ac<\/p>\n<\/td>\n<td data-sheets-value=\"{\">\n<p>15 min<\/p>\n<\/td>\n<\/tr>\n<tr>\n<td data-sheets-value=\"{\">\n<p>Intiimpiirkond<\/p>\n<\/td>\n<td data-sheets-value=\"{\" data-sheets-numberformat=\"{\">\n<p>150\u20ac<\/p>\n<\/td>\n<td data-sheets-value=\"{\">\n<p>20-30 min<\/p>\n<\/td>\n<\/tr>\n<tr>\n<td data-sheets-value=\"{\">\n<p>Bikiini<\/p>\n<\/td>\n<td data-sheets-value=\"{\" data-sheets-numberformat=\"{\">\n<p>75\u20ac<\/p>\n<\/td>\n<td data-sheets-value=\"{\">\n<p>15 min<\/p>\n<\/td>\n<\/tr>\n<tr>\n<td data-sheets-value=\"{\">\n<p>S\u00fcgavbikiini<\/p>\n<\/td>\n<td data-sheets-value=\"{\" data-sheets-numberformat=\"{\">\n<p>100\u20ac<\/p>\n<\/td>\n<td data-sheets-value=\"{\">\n<p>20-30 min<\/p>\n<\/td>\n<\/tr>\n<tr>\n<td data-sheets-value=\"{\">\n<p>T\u00e4ielik bikiini<\/p>\n<\/td>\n<td data-sheets-value=\"{\" data-sheets-numberformat=\"{\">\n<p>130\u20ac<\/p>\n<\/td>\n<td data-sheets-value=\"{\">\n<p>20-30 min<\/p>\n<\/td>\n<\/tr>\n<tr>\n<td data-sheets-value=\"{\">\n<p>T\u00e4ielik bikiini intiimpiirkonnaga<\/p>\n<\/td>\n<td data-sheets-value=\"{\" data-sheets-numberformat=\"{\">\n<p>175\u20ac<\/p>\n<\/td>\n<td data-sheets-value=\"{\">\n<p>20-30 min<\/p>\n<\/td>\n<\/tr>\n<tr>\n<td data-sheets-value=\"{\">\n<p>Selg<\/p>\n<\/td>\n<td data-sheets-value=\"{\" data-sheets-numberformat=\"{\">\n<p>200\u20ac<\/p>\n<\/td>\n<td data-sheets-value=\"{\">\n<p>30-50 min<\/p>\n<\/td>\n<\/tr>\n<tr>\n<td data-sheets-value=\"{\">\n<p>\u00d5lavarred<\/p>\n<\/td>\n<td data-sheets-value=\"{\" data-sheets-numberformat=\"{\">\n<p>140\u20ac<\/p>\n<\/td>\n<td data-sheets-value=\"{\">\n<p>20 min<\/p>\n<\/td>\n<\/tr>\n<tr>\n<td data-sheets-value=\"{\">\n<p>K\u00e4sivarred<\/p>\n<\/td>\n<td data-sheets-value=\"{\" data-sheets-numberformat=\"{\">\n<p>125\u20ac<\/p>\n<\/td>\n<td data-sheets-value=\"{\">\n<p>20-30 min<\/p>\n<\/td>\n<\/tr>\n<tr>\n<td data-sheets-value=\"{\">\n<p>K\u00e4ed kogu pikkuses<\/p>\n<\/td>\n<td data-sheets-value=\"{\" data-sheets-numberformat=\"{\">\n<p>190\u20ac<\/p>\n<\/td>\n<td data-sheets-value=\"{\">\n<p>20-30 min<\/p>\n<\/td>\n<\/tr>\n<tr>\n<td data-sheets-value=\"{\">\n<p>S\u00e4\u00e4red<\/p>\n<\/td>\n<td data-sheets-value=\"{\" data-sheets-numberformat=\"{\">\n<p>140\u20ac<\/p>\n<\/td>\n<td data-sheets-value=\"{\">\n<p>20-30 min<\/p>\n<\/td>\n<\/tr>\n<tr>\n<td data-sheets-value=\"{\">\n<p>Reied<\/p>\n<\/td>\n<td data-sheets-value=\"{\" data-sheets-numberformat=\"{\">\n<p>180\u20ac<\/p>\n<\/td>\n<td data-sheets-value=\"{\">\n<p>20-30 min<\/p>\n<\/td>\n<\/tr>\n<tr>\n<td data-sheets-value=\"{\">\n<p>P\u00f5lved<\/p>\n<\/td>\n<td data-sheets-value=\"{\" data-sheets-numberformat=\"{\">\n<p>55\u20ac<\/p>\n<\/td>\n<td data-sheets-value=\"{\">\n<p>20-30 min<\/p>\n<\/td>\n<\/tr>\n<tr>\n<td data-sheets-value=\"{\">\n<p>Jalad kogu pikkuses<\/p>\n<\/td>\n<td data-sheets-value=\"{\" data-sheets-numberformat=\"{\">\n<p>280\u20ac<\/p>\n<\/td>\n<td data-sheets-value=\"{\">\n<p>60 min<\/p>\n<\/td>\n<\/tr>\n<tr>\n<td data-sheets-value=\"{\">\n<p>Labak\u00e4ed ja labajalad<\/p>\n<\/td>\n<td data-sheets-value=\"{\" data-sheets-numberformat=\"{\">\n<p>35\u20ac<\/p>\n<\/td>\n<td data-sheets-value=\"{\">\n<p>15 min<\/p>\n<\/td>\n<\/tr>\n<tr>\n<td data-sheets-value=\"{\">\n<p>S\u00f5rmed ja varbad<\/p>\n<\/td>\n<td data-sheets-value=\"{\" data-sheets-numberformat=\"{\">\n<p>35\u20ac<\/p>\n<\/td>\n<td data-sheets-value=\"{\">\n<p>15 min<\/p>\n<\/td>\n<\/tr>\n<tr>\n<td data-sheets-value=\"{\">\n<p>Tuharad<\/p>\n<\/td>\n<td data-sheets-value=\"{\" data-sheets-numberformat=\"{\">\n<p>170\u20ac<\/p>\n<\/td>\n<td data-sheets-value=\"{\">\n<p>20-30 min<\/p>\n<\/td>\n<\/tr>\n<\/tbody>\n<\/table>\n\t\t\t\t\t\t\t\t<\/div>\n\t\t\t\t<\/div>\n\t\t\t\t\t<\/div>\n\t\t<\/div>\n\t\t\t\t\t<\/div>\n\t\t<\/section>\n\t\t\t\t<section class=\"elementor-section elementor-top-section elementor-element elementor-element-6002999 elementor-section-boxed elementor-section-height-default elementor-section-height-default\" data-id=\"6002999\" data-element_type=\"section\">\n\t\t\t\t\t\t<div class=\"elementor-container elementor-column-gap-default\">\n\t\t\t\t\t<div class=\"elementor-column elementor-col-33 elementor-top-column elementor-element elementor-element-cb620a0\" data-id=\"cb620a0\" data-element_type=\"column\">\n\t\t\t<div class=\"elementor-widget-wrap elementor-element-populated\">\n\t\t\t\t\t\t<div class=\"elementor-element elementor-element-b15b9db elementor-widget elementor-widget-image\" data-id=\"b15b9db\" data-element_type=\"widget\" data-widget_type=\"image.default\">\n\t\t\t\t<div class=\"elementor-widget-container\">\n\t\t\t\t\t\t\t\t\t\t\t\t\t\t\t<img fetchpriority=\"high\" decoding=\"async\" width=\"684\" height=\"1024\" src=\"https:\/\/old.kosmetoloog.ee\/wp-content\/uploads\/2023\/09\/IMG_4865-684x1024.jpg\" class=\"attachment-large size-large wp-image-1120\" alt=\"\" srcset=\"https:\/\/old.kosmetoloog.ee\/wp-content\/uploads\/2023\/09\/IMG_4865-684x1024.jpg 684w, https:\/\/old.kosmetoloog.ee\/wp-content\/uploads\/2023\/09\/IMG_4865-200x300.jpg 200w, https:\/\/old.kosmetoloog.ee\/wp-content\/uploads\/2023\/09\/IMG_4865-768x1150.jpg 768w, https:\/\/old.kosmetoloog.ee\/wp-content\/uploads\/2023\/09\/IMG_4865-600x899.jpg 600w, https:\/\/old.kosmetoloog.ee\/wp-content\/uploads\/2023\/09\/IMG_4865.jpg 1000w\" sizes=\"(max-width: 684px) 100vw, 684px\" \/>\t\t\t\t\t\t\t\t\t\t\t\t\t\t\t<\/div>\n\t\t\t\t<\/div>\n\t\t\t\t\t<\/div>\n\t\t<\/div>\n\t\t\t\t<div class=\"elementor-column elementor-col-33 elementor-top-column elementor-element elementor-element-593dbf5\" data-id=\"593dbf5\" data-element_type=\"column\">\n\t\t\t<div class=\"elementor-widget-wrap elementor-element-populated\">\n\t\t\t\t\t\t<div class=\"elementor-element elementor-element-74389db elementor-widget elementor-widget-image\" data-id=\"74389db\" data-element_type=\"widget\" data-widget_type=\"image.default\">\n\t\t\t\t<div class=\"elementor-widget-container\">\n\t\t\t\t\t\t\t\t\t\t\t\t\t\t\t<img decoding=\"async\" width=\"667\" height=\"1000\" data-src=\"https:\/\/old.kosmetoloog.ee\/wp-content\/uploads\/2023\/09\/IMG_4929-1.jpg\" class=\"attachment-large size-large wp-image-1122 lazyload\" alt=\"\" data-srcset=\"https:\/\/old.kosmetoloog.ee\/wp-content\/uploads\/2023\/09\/IMG_4929-1.jpg 667w, https:\/\/old.kosmetoloog.ee\/wp-content\/uploads\/2023\/09\/IMG_4929-1-200x300.jpg 200w, https:\/\/old.kosmetoloog.ee\/wp-content\/uploads\/2023\/09\/IMG_4929-1-600x900.jpg 600w\" data-sizes=\"(max-width: 667px) 100vw, 667px\" src=\"data:image\/svg+xml;base64,PHN2ZyB3aWR0aD0iMSIgaGVpZ2h0PSIxIiB4bWxucz0iaHR0cDovL3d3dy53My5vcmcvMjAwMC9zdmciPjwvc3ZnPg==\" style=\"--smush-placeholder-width: 667px; --smush-placeholder-aspect-ratio: 667\/1000;\" \/>\t\t\t\t\t\t\t\t\t\t\t\t\t\t\t<\/div>\n\t\t\t\t<\/div>\n\t\t\t\t\t<\/div>\n\t\t<\/div>\n\t\t\t\t<div class=\"elementor-column elementor-col-33 elementor-top-column elementor-element elementor-element-7d2357a\" data-id=\"7d2357a\" data-element_type=\"column\">\n\t\t\t<div class=\"elementor-widget-wrap elementor-element-populated\">\n\t\t\t\t\t\t<div class=\"elementor-element elementor-element-1a3be33 elementor-widget elementor-widget-image\" data-id=\"1a3be33\" data-element_type=\"widget\" data-widget_type=\"image.default\">\n\t\t\t\t<div class=\"elementor-widget-container\">\n\t\t\t\t\t\t\t\t\t\t\t\t\t\t\t<img decoding=\"async\" width=\"683\" height=\"1024\" data-src=\"https:\/\/old.kosmetoloog.ee\/wp-content\/uploads\/2023\/09\/IMG_4928-1-683x1024.jpg\" class=\"attachment-large size-large wp-image-1124 lazyload\" alt=\"\" data-srcset=\"https:\/\/old.kosmetoloog.ee\/wp-content\/uploads\/2023\/09\/IMG_4928-1-683x1024.jpg 683w, https:\/\/old.kosmetoloog.ee\/wp-content\/uploads\/2023\/09\/IMG_4928-1-200x300.jpg 200w, https:\/\/old.kosmetoloog.ee\/wp-content\/uploads\/2023\/09\/IMG_4928-1-600x899.jpg 600w, https:\/\/old.kosmetoloog.ee\/wp-content\/uploads\/2023\/09\/IMG_4928-1.jpg 768w\" data-sizes=\"(max-width: 683px) 100vw, 683px\" src=\"data:image\/svg+xml;base64,PHN2ZyB3aWR0aD0iMSIgaGVpZ2h0PSIxIiB4bWxucz0iaHR0cDovL3d3dy53My5vcmcvMjAwMC9zdmciPjwvc3ZnPg==\" style=\"--smush-placeholder-width: 683px; --smush-placeholder-aspect-ratio: 683\/1024;\" \/>\t\t\t\t\t\t\t\t\t\t\t\t\t\t\t<\/div>\n\t\t\t\t<\/div>\n\t\t\t\t\t<\/div>\n\t\t<\/div>\n\t\t\t\t\t<\/div>\n\t\t<\/section>\n\t\t\t\t<\/div>\n\t\t","protected":false},"excerpt":{"rendered":"<p>Laserepilatsioon VALUTA? Kas olete seda kuulnud? Mul on r\u00f5\u00f5m teatada, et selline on olemas! On aeg r\u00e4\u00e4kida teile uuest vaakumv\u00f5imendustehnoloogiast Niisiis! Laserk\u00e4epidemes oleva negatiivse r\u00f5hu m\u00f5jul t\u00f5mbub nahk sisse nagu iminappa. Vaakum imeb \u00f5rnalt nahka, viib folliikulid emitterile v\u00f5imalikult l\u00e4hedale, v\u00f5imaldades seel\u00e4bi karvade eemaldamist madalama energiav\u00e4\u00e4rtusega. Nahk on venitatakse, veresoonte l\u00e4bim\u00f5\u00f5t v\u00e4heneb, v\u00e4hendades melaniini ja [&hellip;]<\/p>\n","protected":false},"author":1,"featured_media":0,"parent":1437,"menu_order":0,"comment_status":"closed","ping_status":"closed","template":"","meta":{"_acf_changed":false,"footnotes":""},"class_list":["post-1503","page","type-page","status-publish","hentry"],"acf":[],"yoast_head":"<!-- This site is optimized with the Yoast SEO plugin v25.7 - https:\/\/yoast.com\/wordpress\/plugins\/seo\/ -->\n<title>Laserepilatsioon - Ilutoodete e-pood<\/title>\n<meta name=\"robots\" content=\"noindex, follow, max-snippet:-1, max-image-preview:large, max-video-preview:-1\" \/>\n<meta property=\"og:locale\" content=\"et_EE\" \/>\n<meta property=\"og:type\" content=\"article\" \/>\n<meta property=\"og:title\" content=\"Laserepilatsioon - Ilutoodete e-pood\" \/>\n<meta property=\"og:description\" content=\"Laserepilatsioon VALUTA? Kas olete seda kuulnud? Mul on r\u00f5\u00f5m teatada, et selline on olemas! On aeg r\u00e4\u00e4kida teile uuest vaakumv\u00f5imendustehnoloogiast Niisiis! Laserk\u00e4epidemes oleva negatiivse r\u00f5hu m\u00f5jul t\u00f5mbub nahk sisse nagu iminappa. Vaakum imeb \u00f5rnalt nahka, viib folliikulid emitterile v\u00f5imalikult l\u00e4hedale, v\u00f5imaldades seel\u00e4bi karvade eemaldamist madalama energiav\u00e4\u00e4rtusega. Nahk on venitatakse, veresoonte l\u00e4bim\u00f5\u00f5t v\u00e4heneb, v\u00e4hendades melaniini ja [&hellip;]\" \/>\n<meta property=\"og:url\" content=\"https:\/\/old.kosmetoloog.ee\/teenused\/laser-epilatsioon\/\" \/>\n<meta property=\"og:site_name\" content=\"Ilutoodete e-pood\" \/>\n<meta property=\"article:modified_time\" content=\"2023-11-09T10:29:44+00:00\" \/>\n<meta property=\"og:image\" content=\"https:\/\/kosmetoloog.ee\/wp-content\/uploads\/2023\/09\/IMG_4865-684x1024.jpg\" \/>\n<meta name=\"twitter:card\" content=\"summary_large_image\" \/>\n<meta name=\"twitter:label1\" content=\"Est. reading time\" \/>\n\t<meta name=\"twitter:data1\" content=\"1 minut\" \/>\n<script type=\"application\/ld+json\" class=\"yoast-schema-graph\">{\"@context\":\"https:\/\/schema.org\",\"@graph\":[{\"@type\":\"WebPage\",\"@id\":\"https:\/\/old.kosmetoloog.ee\/teenused\/laser-epilatsioon\/\",\"url\":\"https:\/\/old.kosmetoloog.ee\/teenused\/laser-epilatsioon\/\",\"name\":\"Laserepilatsioon - Ilutoodete e-pood\",\"isPartOf\":{\"@id\":\"https:\/\/old.kosmetoloog.ee\/#website\"},\"primaryImageOfPage\":{\"@id\":\"https:\/\/old.kosmetoloog.ee\/teenused\/laser-epilatsioon\/#primaryimage\"},\"image\":{\"@id\":\"https:\/\/old.kosmetoloog.ee\/teenused\/laser-epilatsioon\/#primaryimage\"},\"thumbnailUrl\":\"https:\/\/kosmetoloog.ee\/wp-content\/uploads\/2023\/09\/IMG_4865-684x1024.jpg\",\"datePublished\":\"2023-09-25T08:04:14+00:00\",\"dateModified\":\"2023-11-09T10:29:44+00:00\",\"breadcrumb\":{\"@id\":\"https:\/\/old.kosmetoloog.ee\/teenused\/laser-epilatsioon\/#breadcrumb\"},\"inLanguage\":\"et\",\"potentialAction\":[{\"@type\":\"ReadAction\",\"target\":[\"https:\/\/old.kosmetoloog.ee\/teenused\/laser-epilatsioon\/\"]}]},{\"@type\":\"ImageObject\",\"inLanguage\":\"et\",\"@id\":\"https:\/\/old.kosmetoloog.ee\/teenused\/laser-epilatsioon\/#primaryimage\",\"url\":\"https:\/\/kosmetoloog.ee\/wp-content\/uploads\/2023\/09\/IMG_4865-684x1024.jpg\",\"contentUrl\":\"https:\/\/kosmetoloog.ee\/wp-content\/uploads\/2023\/09\/IMG_4865-684x1024.jpg\"},{\"@type\":\"BreadcrumbList\",\"@id\":\"https:\/\/old.kosmetoloog.ee\/teenused\/laser-epilatsioon\/#breadcrumb\",\"itemListElement\":[{\"@type\":\"ListItem\",\"position\":1,\"name\":\"Home\",\"item\":\"https:\/\/old.kosmetoloog.ee\/et\/\"},{\"@type\":\"ListItem\",\"position\":2,\"name\":\"Teenused\",\"item\":\"https:\/\/old.kosmetoloog.ee\/et\/teenused\/\"},{\"@type\":\"ListItem\",\"position\":3,\"name\":\"Laserepilatsioon\"}]},{\"@type\":\"WebSite\",\"@id\":\"https:\/\/old.kosmetoloog.ee\/#website\",\"url\":\"https:\/\/old.kosmetoloog.ee\/\",\"name\":\"Ilutoodete e-pood\",\"description\":\"Kosmeetika pood\",\"publisher\":{\"@id\":\"https:\/\/old.kosmetoloog.ee\/#organization\"},\"potentialAction\":[{\"@type\":\"SearchAction\",\"target\":{\"@type\":\"EntryPoint\",\"urlTemplate\":\"https:\/\/old.kosmetoloog.ee\/?s={search_term_string}\"},\"query-input\":{\"@type\":\"PropertyValueSpecification\",\"valueRequired\":true,\"valueName\":\"search_term_string\"}}],\"inLanguage\":\"et\"},{\"@type\":\"Organization\",\"@id\":\"https:\/\/old.kosmetoloog.ee\/#organization\",\"name\":\"You are You O\u00dc\",\"url\":\"https:\/\/old.kosmetoloog.ee\/\",\"logo\":{\"@type\":\"ImageObject\",\"inLanguage\":\"et\",\"@id\":\"https:\/\/old.kosmetoloog.ee\/#\/schema\/logo\/image\/\",\"url\":\"https:\/\/old.kosmetoloog.ee\/wp-content\/uploads\/2023\/08\/logo-1.png\",\"contentUrl\":\"https:\/\/old.kosmetoloog.ee\/wp-content\/uploads\/2023\/08\/logo-1.png\",\"width\":1200,\"height\":964,\"caption\":\"You are You O\u00dc\"},\"image\":{\"@id\":\"https:\/\/old.kosmetoloog.ee\/#\/schema\/logo\/image\/\"}}]}<\/script>\n<!-- \/ Yoast SEO plugin. -->","yoast_head_json":{"title":"Laserepilatsioon - Ilutoodete e-pood","robots":{"index":"noindex","follow":"follow","max-snippet":"max-snippet:-1","max-image-preview":"max-image-preview:large","max-video-preview":"max-video-preview:-1"},"og_locale":"et_EE","og_type":"article","og_title":"Laserepilatsioon - Ilutoodete e-pood","og_description":"Laserepilatsioon VALUTA? Kas olete seda kuulnud? Mul on r\u00f5\u00f5m teatada, et selline on olemas! On aeg r\u00e4\u00e4kida teile uuest vaakumv\u00f5imendustehnoloogiast Niisiis! Laserk\u00e4epidemes oleva negatiivse r\u00f5hu m\u00f5jul t\u00f5mbub nahk sisse nagu iminappa. Vaakum imeb \u00f5rnalt nahka, viib folliikulid emitterile v\u00f5imalikult l\u00e4hedale, v\u00f5imaldades seel\u00e4bi karvade eemaldamist madalama energiav\u00e4\u00e4rtusega. Nahk on venitatakse, veresoonte l\u00e4bim\u00f5\u00f5t v\u00e4heneb, v\u00e4hendades melaniini ja [&hellip;]","og_url":"https:\/\/old.kosmetoloog.ee\/teenused\/laser-epilatsioon\/","og_site_name":"Ilutoodete e-pood","article_modified_time":"2023-11-09T10:29:44+00:00","og_image":[{"url":"https:\/\/kosmetoloog.ee\/wp-content\/uploads\/2023\/09\/IMG_4865-684x1024.jpg","type":"","width":"","height":""}],"twitter_card":"summary_large_image","twitter_misc":{"Est. reading time":"1 minut"},"schema":{"@context":"https:\/\/schema.org","@graph":[{"@type":"WebPage","@id":"https:\/\/old.kosmetoloog.ee\/teenused\/laser-epilatsioon\/","url":"https:\/\/old.kosmetoloog.ee\/teenused\/laser-epilatsioon\/","name":"Laserepilatsioon - Ilutoodete e-pood","isPartOf":{"@id":"https:\/\/old.kosmetoloog.ee\/#website"},"primaryImageOfPage":{"@id":"https:\/\/old.kosmetoloog.ee\/teenused\/laser-epilatsioon\/#primaryimage"},"image":{"@id":"https:\/\/old.kosmetoloog.ee\/teenused\/laser-epilatsioon\/#primaryimage"},"thumbnailUrl":"https:\/\/kosmetoloog.ee\/wp-content\/uploads\/2023\/09\/IMG_4865-684x1024.jpg","datePublished":"2023-09-25T08:04:14+00:00","dateModified":"2023-11-09T10:29:44+00:00","breadcrumb":{"@id":"https:\/\/old.kosmetoloog.ee\/teenused\/laser-epilatsioon\/#breadcrumb"},"inLanguage":"et","potentialAction":[{"@type":"ReadAction","target":["https:\/\/old.kosmetoloog.ee\/teenused\/laser-epilatsioon\/"]}]},{"@type":"ImageObject","inLanguage":"et","@id":"https:\/\/old.kosmetoloog.ee\/teenused\/laser-epilatsioon\/#primaryimage","url":"https:\/\/kosmetoloog.ee\/wp-content\/uploads\/2023\/09\/IMG_4865-684x1024.jpg","contentUrl":"https:\/\/kosmetoloog.ee\/wp-content\/uploads\/2023\/09\/IMG_4865-684x1024.jpg"},{"@type":"BreadcrumbList","@id":"https:\/\/old.kosmetoloog.ee\/teenused\/laser-epilatsioon\/#breadcrumb","itemListElement":[{"@type":"ListItem","position":1,"name":"Home","item":"https:\/\/old.kosmetoloog.ee\/et\/"},{"@type":"ListItem","position":2,"name":"Teenused","item":"https:\/\/old.kosmetoloog.ee\/et\/teenused\/"},{"@type":"ListItem","position":3,"name":"Laserepilatsioon"}]},{"@type":"WebSite","@id":"https:\/\/old.kosmetoloog.ee\/#website","url":"https:\/\/old.kosmetoloog.ee\/","name":"Ilutoodete e-pood","description":"Kosmeetika pood","publisher":{"@id":"https:\/\/old.kosmetoloog.ee\/#organization"},"potentialAction":[{"@type":"SearchAction","target":{"@type":"EntryPoint","urlTemplate":"https:\/\/old.kosmetoloog.ee\/?s={search_term_string}"},"query-input":{"@type":"PropertyValueSpecification","valueRequired":true,"valueName":"search_term_string"}}],"inLanguage":"et"},{"@type":"Organization","@id":"https:\/\/old.kosmetoloog.ee\/#organization","name":"You are You O\u00dc","url":"https:\/\/old.kosmetoloog.ee\/","logo":{"@type":"ImageObject","inLanguage":"et","@id":"https:\/\/old.kosmetoloog.ee\/#\/schema\/logo\/image\/","url":"https:\/\/old.kosmetoloog.ee\/wp-content\/uploads\/2023\/08\/logo-1.png","contentUrl":"https:\/\/old.kosmetoloog.ee\/wp-content\/uploads\/2023\/08\/logo-1.png","width":1200,"height":964,"caption":"You are You O\u00dc"},"image":{"@id":"https:\/\/old.kosmetoloog.ee\/#\/schema\/logo\/image\/"}}]}},"_links":{"self":[{"href":"https:\/\/old.kosmetoloog.ee\/et\/wp-json\/wp\/v2\/pages\/1503","targetHints":{"allow":["GET"]}}],"collection":[{"href":"https:\/\/old.kosmetoloog.ee\/et\/wp-json\/wp\/v2\/pages"}],"about":[{"href":"https:\/\/old.kosmetoloog.ee\/et\/wp-json\/wp\/v2\/types\/page"}],"author":[{"embeddable":true,"href":"https:\/\/old.kosmetoloog.ee\/et\/wp-json\/wp\/v2\/users\/1"}],"replies":[{"embeddable":true,"href":"https:\/\/old.kosmetoloog.ee\/et\/wp-json\/wp\/v2\/comments?post=1503"}],"version-history":[{"count":2,"href":"https:\/\/old.kosmetoloog.ee\/et\/wp-json\/wp\/v2\/pages\/1503\/revisions"}],"predecessor-version":[{"id":1754,"href":"https:\/\/old.kosmetoloog.ee\/et\/wp-json\/wp\/v2\/pages\/1503\/revisions\/1754"}],"up":[{"embeddable":true,"href":"https:\/\/old.kosmetoloog.ee\/et\/wp-json\/wp\/v2\/pages\/1437"}],"wp:attachment":[{"href":"https:\/\/old.kosmetoloog.ee\/et\/wp-json\/wp\/v2\/media?parent=1503"}],"curies":[{"name":"wp","href":"https:\/\/api.w.org\/{rel}","templated":true}]}}