{"id":1505,"date":"2023-09-25T10:18:33","date_gmt":"2023-09-25T07:18:33","guid":{"rendered":"https:\/\/kosmetoloog.ee\/teenused\/koorimine-piiling\/"},"modified":"2023-11-09T12:29:58","modified_gmt":"2023-11-09T10:29:58","slug":"koorimine-piiling","status":"publish","type":"page","link":"https:\/\/old.kosmetoloog.ee\/et\/teenused\/koorimine-piiling\/","title":{"rendered":"Koorimine (piiling)"},"content":{"rendered":"\t\t<div data-elementor-type=\"wp-page\" data-elementor-id=\"1505\" class=\"elementor elementor-1505 elementor-1060\" data-elementor-post-type=\"page\">\n\t\t\t\t\t\t<section class=\"elementor-section elementor-top-section elementor-element elementor-element-b6eb499 elementor-section-boxed elementor-section-height-default elementor-section-height-default\" data-id=\"b6eb499\" data-element_type=\"section\">\n\t\t\t\t\t\t<div class=\"elementor-container elementor-column-gap-default\">\n\t\t\t\t\t<div class=\"elementor-column elementor-col-100 elementor-top-column elementor-element elementor-element-02510b5\" data-id=\"02510b5\" data-element_type=\"column\">\n\t\t\t<div class=\"elementor-widget-wrap elementor-element-populated\">\n\t\t\t\t\t\t<div class=\"elementor-element elementor-element-1ef8716 elementor-widget elementor-widget-text-editor\" data-id=\"1ef8716\" data-element_type=\"widget\" data-widget_type=\"text-editor.default\">\n\t\t\t\t<div class=\"elementor-widget-container\">\n\t\t\t\t\t\t\t\t\t<div class=\"t396__elem tn-elem tn-elem__1779635081586035083283\" data-elem-id=\"1586035083283\" data-elem-type=\"image\" data-field-top-value=\"72\" data-field-top-res-960-value=\"107\" data-field-top-res-640-value=\"163\" data-field-top-res-480-value=\"178\" data-field-top-res-320-value=\"400\" data-field-left-value=\"720\" data-field-left-res-960-value=\"620\" data-field-left-res-640-value=\"430\" data-field-left-res-480-value=\"335\" data-field-left-res-320-value=\"80\" data-field-width-value=\"460\" data-field-width-res-960-value=\"310\" data-field-width-res-640-value=\"200\" data-field-width-res-480-value=\"140\" data-field-width-res-320-value=\"160\" data-field-axisy-value=\"top\" data-field-axisx-value=\"left\" data-field-container-value=\"grid\" data-field-topunits-value=\"\" data-field-leftunits-value=\"\" data-field-heightunits-value=\"\" data-field-widthunits-value=\"\" data-field-filewidth-value=\"1048\" data-field-fileheight-value=\"1280\" data-fields=\"img,width,filewidth,fileheight,top,left,container,axisx,axisy,widthunits,leftunits,topunits\">\n<div class=\"tn-atom\">\n<table border=\"0\">\n<tbody>\n<tr>\n<td>\n<p><strong>Piilingu<\/strong>d ehk koorimised on happep\u00f5hised tooted, mis lahustavad surnud rakke ja aitavad neil naha pinnalt kiiresti kaduda. S\u00f5ltuvalt t\u00fc\u00fcbist, kontsentratsioonist ning kokkupuute ajast v\u00f5ib hape mitte ainult koorida pealmist kihti, vaid h\u00e4vitada ka epidermise keskmise ja s\u00fcgava kihi. Ehk siis keemiline koorimine on kontrollitud keemiline p\u00f5letus, mille \u00fclesandeks on \u00fche v\u00f5i teise kosmeetilise probleemi lahendamine.<\/p>\n<p>Koorimistel on m\u00e4rkimisv\u00e4\u00e4rne pikaajaline toime &#8211; 6-8 kuni 12 kuud. Koorimisprotseduuril on v\u00e4ljendunud t\u00f5stev ja noorendav toime, seda v\u00f5ib pidada koheseks noorendavaks hoolduseks enne \u201cv\u00e4lja minekust\u201d<\/p>\n<p>Protseduuride tulemuste s\u00e4ilitamiseks ja kinnistamiseks m\u00e4\u00e4ratakse ravikuur Renophase kosmeetikaga ning Renophase koduhooldusprogramm.<\/p>\n<\/td>\n<td><img fetchpriority=\"high\" decoding=\"async\" class=\"alignnone wp-image-1066 size-full\" src=\"https:\/\/kosmetoloog.ee\/wp-content\/uploads\/2023\/09\/1-193-rotated.jpg\" alt=\"\" width=\"801\" height=\"1200\"><\/td>\n<\/tr>\n<\/tbody>\n<\/table>\n<h4>Ma t\u00f6\u00f6tan RENOPHASE toodetega.<\/h4>\n<table border=\"0\">\n<tbody>\n<tr>\n<td>\n<h3> <\/h3>\n<p><strong>RENOPHASE\u00ae \u2013 ROHKEM KUI 25 AASTAT EDU DERMATOKOSMETOLOOGIAS.<\/strong><\/p>\n<p>Laboratoires RENOPHASE\u00ae asutati \u00fcle 30 aastat tagasi Prantsuse arsti-farmakoloogi Michel Imar du Verni poolt. Kogu selle aja jooksul uurib labor naharakke, nende taastumisv\u00f5imalusi ning rakendab edukalt saadud tulemusi kosmeetilises dermatoloogias.<\/p>\n<p>Uus RENOPHASE sari on v\u00e4lja t\u00f6\u00f6tatud uusimate tehnoloogiate abil, mis v\u00f5imaldab v\u00e4hendada ravimi tarbimist, suurendada selle toime intensiivsust ja pikendada toimet. Nii professionaalseks kui ka koduseks kasutamiseks m\u00f5eldud toodete uuendatud koostised on eriti t\u00f5husad t\u00e4nu ainulaadse tehnoloogia \u2013 CHRONODIFFUSION \u2013 kasutamisele.<\/p>\n<\/td>\n<td><img decoding=\"async\" class=\"alignnone size-full wp-image-1068 lazyload\" data-src=\"https:\/\/kosmetoloog.ee\/wp-content\/uploads\/2023\/09\/photo_2020-04-07_23-.webp\" alt=\"\" width=\"960\" height=\"839\" data-srcset=\"https:\/\/old.kosmetoloog.ee\/wp-content\/uploads\/2023\/09\/photo_2020-04-07_23-.webp 960w, https:\/\/old.kosmetoloog.ee\/wp-content\/uploads\/2023\/09\/photo_2020-04-07_23--300x262.webp 300w, https:\/\/old.kosmetoloog.ee\/wp-content\/uploads\/2023\/09\/photo_2020-04-07_23--768x671.webp 768w, https:\/\/old.kosmetoloog.ee\/wp-content\/uploads\/2023\/09\/photo_2020-04-07_23--600x524.webp 600w\" data-sizes=\"(max-width: 960px) 100vw, 960px\" src=\"data:image\/svg+xml;base64,PHN2ZyB3aWR0aD0iMSIgaGVpZ2h0PSIxIiB4bWxucz0iaHR0cDovL3d3dy53My5vcmcvMjAwMC9zdmciPjwvc3ZnPg==\" style=\"--smush-placeholder-width: 960px; --smush-placeholder-aspect-ratio: 960\/839;\" \/><\/td>\n<\/tr>\n<\/tbody>\n<\/table>\n<\/div>\n<\/div>\n<div class=\"t396__elem tn-elem tn-elem__1779635081586036638479\" data-elem-id=\"1586036638479\" data-elem-type=\"text\" data-field-top-value=\"15\" data-field-top-res-960-value=\"15\" data-field-top-res-640-value=\"8\" data-field-top-res-480-value=\"6\" data-field-top-res-320-value=\"7\" data-field-left-value=\"30\" data-field-left-res-960-value=\"30\" data-field-left-res-640-value=\"25\" data-field-left-res-480-value=\"12\" data-field-left-res-320-value=\"60\" data-field-width-value=\"560\" data-field-width-res-960-value=\"560\" data-field-width-res-640-value=\"380\" data-field-width-res-480-value=\"300\" data-field-width-res-320-value=\"200\" data-field-axisy-value=\"top\" data-field-axisx-value=\"left\" data-field-container-value=\"grid\" data-field-topunits-value=\"\" data-field-leftunits-value=\"\" data-field-heightunits-value=\"\" data-field-widthunits-value=\"\" data-fields=\"top,left,width,container,axisx,axisy,widthunits,leftunits,topunits\">\n<p>Laboratoires RENOPHASE\u00ae on populaarne enam kui 30 riigis \u00fcle maailma \u2013 Euroopas ja Venemaal kasvab n\u00f5udlus RENOPHASE kosmeetikatoodete j\u00e4rele pidevalt. Laboratoorium on fotonoorendamise valdkonna liider ja fotod\u00fcnaamiliste koorimiste kontseptsiooni v\u00e4ljat\u00f6\u00f6taja.<\/p>\n<table border=\"0\">\n<tbody>\n<tr>\n<td><img decoding=\"async\" class=\"alignnone wp-image-1070 lazyload\" data-src=\"https:\/\/kosmetoloog.ee\/wp-content\/uploads\/2023\/09\/IMG_4925.jpg\" alt=\"\" width=\"263\" height=\"398\" src=\"data:image\/svg+xml;base64,PHN2ZyB3aWR0aD0iMSIgaGVpZ2h0PSIxIiB4bWxucz0iaHR0cDovL3d3dy53My5vcmcvMjAwMC9zdmciPjwvc3ZnPg==\" style=\"--smush-placeholder-width: 263px; --smush-placeholder-aspect-ratio: 263\/398;\"><\/td>\n<td>\n<div class=\"t396__elem tn-elem tn-elem__1779635081586035083283\" data-elem-id=\"1586035083283\" data-elem-type=\"image\" data-field-top-value=\"72\" data-field-top-res-960-value=\"107\" data-field-top-res-640-value=\"163\" data-field-top-res-480-value=\"178\" data-field-top-res-320-value=\"400\" data-field-left-value=\"720\" data-field-left-res-960-value=\"620\" data-field-left-res-640-value=\"430\" data-field-left-res-480-value=\"335\" data-field-left-res-320-value=\"80\" data-field-width-value=\"460\" data-field-width-res-960-value=\"310\" data-field-width-res-640-value=\"200\" data-field-width-res-480-value=\"140\" data-field-width-res-320-value=\"160\" data-field-axisy-value=\"top\" data-field-axisx-value=\"left\" data-field-container-value=\"grid\" data-field-topunits-value=\"\" data-field-leftunits-value=\"\" data-field-heightunits-value=\"\" data-field-widthunits-value=\"\" data-field-filewidth-value=\"1048\" data-field-fileheight-value=\"1280\" data-fields=\"img,width,filewidth,fileheight,top,left,container,axisx,axisy,widthunits,leftunits,topunits\">\n<div class=\"tn-atom\">\n<h4>Kellele on koorimised n\u00e4idatud:<\/h4>\n<p>\u2665 Naistele ja meestele;<\/p>\n<p>\u2665 Vananevale ja kortsulisele nahale;<\/p>\n<p>\u2665 kui teil suurenenud poorid;<\/p>\n<p>\u2665 Rasusele ja kuivale nahale;<\/p>\n<p>\u2665 Akne ja aknej\u00e4rgne nahk;<\/p>\n<p>\u2665 Noor nahk enneaegse vananemise tunnustega ja naiste nahk enne ja p\u00e4rast menopausi;<\/p>\n<p>\u2665 Suitsetajate nahk;<\/p>\n<p>\u2665 Rosaatsea raviks ja veresoonte seinte tugevdamiseks jne.<\/p>\n<\/div>\n<\/div>\n<div class=\"t396__elem tn-elem tn-elem__1779635081586036638479\" data-elem-id=\"1586036638479\" data-elem-type=\"text\" data-field-top-value=\"15\" data-field-top-res-960-value=\"15\" data-field-top-res-640-value=\"8\" data-field-top-res-480-value=\"6\" data-field-top-res-320-value=\"7\" data-field-left-value=\"30\" data-field-left-res-960-value=\"30\" data-field-left-res-640-value=\"25\" data-field-left-res-480-value=\"12\" data-field-left-res-320-value=\"60\" data-field-width-value=\"560\" data-field-width-res-960-value=\"560\" data-field-width-res-640-value=\"380\" data-field-width-res-480-value=\"300\" data-field-width-res-320-value=\"200\" data-field-axisy-value=\"top\" data-field-axisx-value=\"left\" data-field-container-value=\"grid\" data-field-topunits-value=\"\" data-field-leftunits-value=\"\" data-field-heightunits-value=\"\" data-field-widthunits-value=\"\" data-fields=\"top,left,width,container,axisx,axisy,widthunits,leftunits,topunits\"> <\/div>\n<\/td>\n<\/tr>\n<\/tbody>\n<\/table>\n<h3>Protseduuride hinnad:<\/h3>\n<table border=\"0\">\n<colgroup>\n<col>\n<col>\n<col span=\"2\"><\/colgroup>\n<tbody>\n<tr>\n<td><strong>N\u00c4OHOOLDUSED RENOPHASE TOODETEGA<\/strong><\/td>\n<td class=\"xl72\"> <\/td>\n<td class=\"xl74\"> <\/td>\n<\/tr>\n<tr>\n<td>Renophase keemiline koorimine <\/td>\n<td class=\"xl73\">70\u20ac<\/td>\n<td class=\"xl68\">60 min<\/td>\n<\/tr>\n<tr>\n<td>Renophase keemiline koorimine kuur 6x <\/td>\n<td class=\"xl75\">350\u20ac <\/td>\n<td class=\"xl68\">60 min<\/td>\n<\/tr>\n<tr>\n<td>Renophase keemiline koorimine (1x kuurist)<\/td>\n<td class=\"xl71\">58\u20ac<\/td>\n<td class=\"xl68\">60 min<\/td>\n<\/tr>\n<tr>\n<td>Renophase keemiline koorimine + fotod\u00fcnaamiline (valgus)teraapia<\/td>\n<td class=\"xl75\">90\u20ac<\/td>\n<td class=\"xl68\">60 min<\/td>\n<\/tr>\n<tr>\n<td>Renophase keemiline koorimine + fotod\u00fcnaamiline (valgus)teraapia kuur 6x<\/td>\n<td class=\"xl75\">399\u20ac<\/td>\n<td class=\"xl68\">60 min<\/td>\n<\/tr>\n<\/tbody>\n<\/table>\n<\/div>\n\t\t\t\t\t\t\t\t<\/div>\n\t\t\t\t<\/div>\n\t\t\t\t\t<\/div>\n\t\t<\/div>\n\t\t\t\t\t<\/div>\n\t\t<\/section>\n\t\t\t\t<\/div>\n\t\t","protected":false},"excerpt":{"rendered":"<p>Piilingud ehk koorimised on happep\u00f5hised tooted, mis lahustavad surnud rakke ja aitavad neil naha pinnalt kiiresti kaduda. S\u00f5ltuvalt t\u00fc\u00fcbist, kontsentratsioonist ning kokkupuute ajast v\u00f5ib hape mitte ainult koorida pealmist kihti, vaid h\u00e4vitada ka epidermise keskmise ja s\u00fcgava kihi. Ehk siis keemiline koorimine on kontrollitud keemiline p\u00f5letus, mille \u00fclesandeks on \u00fche v\u00f5i teise kosmeetilise probleemi lahendamine. [&hellip;]<\/p>\n","protected":false},"author":1,"featured_media":0,"parent":1437,"menu_order":0,"comment_status":"closed","ping_status":"closed","template":"","meta":{"_acf_changed":false,"footnotes":""},"class_list":["post-1505","page","type-page","status-publish","hentry"],"acf":[],"yoast_head":"<!-- This site is optimized with the Yoast SEO plugin v25.7 - https:\/\/yoast.com\/wordpress\/plugins\/seo\/ -->\n<title>Koorimine (piiling) - Ilutoodete e-pood<\/title>\n<meta name=\"robots\" content=\"noindex, follow, max-snippet:-1, max-image-preview:large, max-video-preview:-1\" \/>\n<meta property=\"og:locale\" content=\"et_EE\" \/>\n<meta property=\"og:type\" content=\"article\" \/>\n<meta property=\"og:title\" content=\"Koorimine (piiling) - Ilutoodete e-pood\" \/>\n<meta property=\"og:description\" content=\"Piilingud ehk koorimised on happep\u00f5hised tooted, mis lahustavad surnud rakke ja aitavad neil naha pinnalt kiiresti kaduda. S\u00f5ltuvalt t\u00fc\u00fcbist, kontsentratsioonist ning kokkupuute ajast v\u00f5ib hape mitte ainult koorida pealmist kihti, vaid h\u00e4vitada ka epidermise keskmise ja s\u00fcgava kihi. Ehk siis keemiline koorimine on kontrollitud keemiline p\u00f5letus, mille \u00fclesandeks on \u00fche v\u00f5i teise kosmeetilise probleemi lahendamine. [&hellip;]\" \/>\n<meta property=\"og:url\" content=\"https:\/\/old.kosmetoloog.ee\/teenused\/piiling\/\" \/>\n<meta property=\"og:site_name\" content=\"Ilutoodete e-pood\" \/>\n<meta property=\"article:modified_time\" content=\"2023-11-09T10:29:58+00:00\" \/>\n<meta property=\"og:image\" content=\"https:\/\/kosmetoloog.ee\/wp-content\/uploads\/2023\/09\/1-193-rotated.jpg\" \/>\n<meta name=\"twitter:card\" content=\"summary_large_image\" \/>\n<meta name=\"twitter:label1\" content=\"Est. reading time\" \/>\n\t<meta name=\"twitter:data1\" content=\"2 minutit\" \/>\n<script type=\"application\/ld+json\" class=\"yoast-schema-graph\">{\"@context\":\"https:\/\/schema.org\",\"@graph\":[{\"@type\":\"WebPage\",\"@id\":\"https:\/\/old.kosmetoloog.ee\/teenused\/piiling\/\",\"url\":\"https:\/\/old.kosmetoloog.ee\/teenused\/piiling\/\",\"name\":\"Koorimine (piiling) - Ilutoodete e-pood\",\"isPartOf\":{\"@id\":\"https:\/\/old.kosmetoloog.ee\/#website\"},\"primaryImageOfPage\":{\"@id\":\"https:\/\/old.kosmetoloog.ee\/teenused\/piiling\/#primaryimage\"},\"image\":{\"@id\":\"https:\/\/old.kosmetoloog.ee\/teenused\/piiling\/#primaryimage\"},\"thumbnailUrl\":\"https:\/\/kosmetoloog.ee\/wp-content\/uploads\/2023\/09\/1-193-rotated.jpg\",\"datePublished\":\"2023-09-25T07:18:33+00:00\",\"dateModified\":\"2023-11-09T10:29:58+00:00\",\"breadcrumb\":{\"@id\":\"https:\/\/old.kosmetoloog.ee\/teenused\/piiling\/#breadcrumb\"},\"inLanguage\":\"et\",\"potentialAction\":[{\"@type\":\"ReadAction\",\"target\":[\"https:\/\/old.kosmetoloog.ee\/teenused\/piiling\/\"]}]},{\"@type\":\"ImageObject\",\"inLanguage\":\"et\",\"@id\":\"https:\/\/old.kosmetoloog.ee\/teenused\/piiling\/#primaryimage\",\"url\":\"https:\/\/kosmetoloog.ee\/wp-content\/uploads\/2023\/09\/1-193-rotated.jpg\",\"contentUrl\":\"https:\/\/kosmetoloog.ee\/wp-content\/uploads\/2023\/09\/1-193-rotated.jpg\"},{\"@type\":\"BreadcrumbList\",\"@id\":\"https:\/\/old.kosmetoloog.ee\/teenused\/piiling\/#breadcrumb\",\"itemListElement\":[{\"@type\":\"ListItem\",\"position\":1,\"name\":\"Home\",\"item\":\"https:\/\/old.kosmetoloog.ee\/et\/\"},{\"@type\":\"ListItem\",\"position\":2,\"name\":\"Teenused\",\"item\":\"https:\/\/old.kosmetoloog.ee\/et\/teenused\/\"},{\"@type\":\"ListItem\",\"position\":3,\"name\":\"Koorimine (piiling)\"}]},{\"@type\":\"WebSite\",\"@id\":\"https:\/\/old.kosmetoloog.ee\/#website\",\"url\":\"https:\/\/old.kosmetoloog.ee\/\",\"name\":\"Ilutoodete e-pood\",\"description\":\"Kosmeetika pood\",\"publisher\":{\"@id\":\"https:\/\/old.kosmetoloog.ee\/#organization\"},\"potentialAction\":[{\"@type\":\"SearchAction\",\"target\":{\"@type\":\"EntryPoint\",\"urlTemplate\":\"https:\/\/old.kosmetoloog.ee\/?s={search_term_string}\"},\"query-input\":{\"@type\":\"PropertyValueSpecification\",\"valueRequired\":true,\"valueName\":\"search_term_string\"}}],\"inLanguage\":\"et\"},{\"@type\":\"Organization\",\"@id\":\"https:\/\/old.kosmetoloog.ee\/#organization\",\"name\":\"You are You O\u00dc\",\"url\":\"https:\/\/old.kosmetoloog.ee\/\",\"logo\":{\"@type\":\"ImageObject\",\"inLanguage\":\"et\",\"@id\":\"https:\/\/old.kosmetoloog.ee\/#\/schema\/logo\/image\/\",\"url\":\"https:\/\/old.kosmetoloog.ee\/wp-content\/uploads\/2023\/08\/logo-1.png\",\"contentUrl\":\"https:\/\/old.kosmetoloog.ee\/wp-content\/uploads\/2023\/08\/logo-1.png\",\"width\":1200,\"height\":964,\"caption\":\"You are You O\u00dc\"},\"image\":{\"@id\":\"https:\/\/old.kosmetoloog.ee\/#\/schema\/logo\/image\/\"}}]}<\/script>\n<!-- \/ Yoast SEO plugin. -->","yoast_head_json":{"title":"Koorimine (piiling) - Ilutoodete e-pood","robots":{"index":"noindex","follow":"follow","max-snippet":"max-snippet:-1","max-image-preview":"max-image-preview:large","max-video-preview":"max-video-preview:-1"},"og_locale":"et_EE","og_type":"article","og_title":"Koorimine (piiling) - Ilutoodete e-pood","og_description":"Piilingud ehk koorimised on happep\u00f5hised tooted, mis lahustavad surnud rakke ja aitavad neil naha pinnalt kiiresti kaduda. S\u00f5ltuvalt t\u00fc\u00fcbist, kontsentratsioonist ning kokkupuute ajast v\u00f5ib hape mitte ainult koorida pealmist kihti, vaid h\u00e4vitada ka epidermise keskmise ja s\u00fcgava kihi. Ehk siis keemiline koorimine on kontrollitud keemiline p\u00f5letus, mille \u00fclesandeks on \u00fche v\u00f5i teise kosmeetilise probleemi lahendamine. [&hellip;]","og_url":"https:\/\/old.kosmetoloog.ee\/teenused\/piiling\/","og_site_name":"Ilutoodete e-pood","article_modified_time":"2023-11-09T10:29:58+00:00","og_image":[{"url":"https:\/\/kosmetoloog.ee\/wp-content\/uploads\/2023\/09\/1-193-rotated.jpg","type":"","width":"","height":""}],"twitter_card":"summary_large_image","twitter_misc":{"Est. reading time":"2 minutit"},"schema":{"@context":"https:\/\/schema.org","@graph":[{"@type":"WebPage","@id":"https:\/\/old.kosmetoloog.ee\/teenused\/piiling\/","url":"https:\/\/old.kosmetoloog.ee\/teenused\/piiling\/","name":"Koorimine (piiling) - Ilutoodete e-pood","isPartOf":{"@id":"https:\/\/old.kosmetoloog.ee\/#website"},"primaryImageOfPage":{"@id":"https:\/\/old.kosmetoloog.ee\/teenused\/piiling\/#primaryimage"},"image":{"@id":"https:\/\/old.kosmetoloog.ee\/teenused\/piiling\/#primaryimage"},"thumbnailUrl":"https:\/\/kosmetoloog.ee\/wp-content\/uploads\/2023\/09\/1-193-rotated.jpg","datePublished":"2023-09-25T07:18:33+00:00","dateModified":"2023-11-09T10:29:58+00:00","breadcrumb":{"@id":"https:\/\/old.kosmetoloog.ee\/teenused\/piiling\/#breadcrumb"},"inLanguage":"et","potentialAction":[{"@type":"ReadAction","target":["https:\/\/old.kosmetoloog.ee\/teenused\/piiling\/"]}]},{"@type":"ImageObject","inLanguage":"et","@id":"https:\/\/old.kosmetoloog.ee\/teenused\/piiling\/#primaryimage","url":"https:\/\/kosmetoloog.ee\/wp-content\/uploads\/2023\/09\/1-193-rotated.jpg","contentUrl":"https:\/\/kosmetoloog.ee\/wp-content\/uploads\/2023\/09\/1-193-rotated.jpg"},{"@type":"BreadcrumbList","@id":"https:\/\/old.kosmetoloog.ee\/teenused\/piiling\/#breadcrumb","itemListElement":[{"@type":"ListItem","position":1,"name":"Home","item":"https:\/\/old.kosmetoloog.ee\/et\/"},{"@type":"ListItem","position":2,"name":"Teenused","item":"https:\/\/old.kosmetoloog.ee\/et\/teenused\/"},{"@type":"ListItem","position":3,"name":"Koorimine (piiling)"}]},{"@type":"WebSite","@id":"https:\/\/old.kosmetoloog.ee\/#website","url":"https:\/\/old.kosmetoloog.ee\/","name":"Ilutoodete e-pood","description":"Kosmeetika pood","publisher":{"@id":"https:\/\/old.kosmetoloog.ee\/#organization"},"potentialAction":[{"@type":"SearchAction","target":{"@type":"EntryPoint","urlTemplate":"https:\/\/old.kosmetoloog.ee\/?s={search_term_string}"},"query-input":{"@type":"PropertyValueSpecification","valueRequired":true,"valueName":"search_term_string"}}],"inLanguage":"et"},{"@type":"Organization","@id":"https:\/\/old.kosmetoloog.ee\/#organization","name":"You are You O\u00dc","url":"https:\/\/old.kosmetoloog.ee\/","logo":{"@type":"ImageObject","inLanguage":"et","@id":"https:\/\/old.kosmetoloog.ee\/#\/schema\/logo\/image\/","url":"https:\/\/old.kosmetoloog.ee\/wp-content\/uploads\/2023\/08\/logo-1.png","contentUrl":"https:\/\/old.kosmetoloog.ee\/wp-content\/uploads\/2023\/08\/logo-1.png","width":1200,"height":964,"caption":"You are You O\u00dc"},"image":{"@id":"https:\/\/old.kosmetoloog.ee\/#\/schema\/logo\/image\/"}}]}},"_links":{"self":[{"href":"https:\/\/old.kosmetoloog.ee\/et\/wp-json\/wp\/v2\/pages\/1505","targetHints":{"allow":["GET"]}}],"collection":[{"href":"https:\/\/old.kosmetoloog.ee\/et\/wp-json\/wp\/v2\/pages"}],"about":[{"href":"https:\/\/old.kosmetoloog.ee\/et\/wp-json\/wp\/v2\/types\/page"}],"author":[{"embeddable":true,"href":"https:\/\/old.kosmetoloog.ee\/et\/wp-json\/wp\/v2\/users\/1"}],"replies":[{"embeddable":true,"href":"https:\/\/old.kosmetoloog.ee\/et\/wp-json\/wp\/v2\/comments?post=1505"}],"version-history":[{"count":1,"href":"https:\/\/old.kosmetoloog.ee\/et\/wp-json\/wp\/v2\/pages\/1505\/revisions"}],"predecessor-version":[{"id":1506,"href":"https:\/\/old.kosmetoloog.ee\/et\/wp-json\/wp\/v2\/pages\/1505\/revisions\/1506"}],"up":[{"embeddable":true,"href":"https:\/\/old.kosmetoloog.ee\/et\/wp-json\/wp\/v2\/pages\/1437"}],"wp:attachment":[{"href":"https:\/\/old.kosmetoloog.ee\/et\/wp-json\/wp\/v2\/media?parent=1505"}],"curies":[{"name":"wp","href":"https:\/\/api.w.org\/{rel}","templated":true}]}}