{"id":1507,"date":"2023-09-25T10:59:48","date_gmt":"2023-09-25T07:59:48","guid":{"rendered":"https:\/\/kosmetoloog.ee\/teenused\/ilusustid\/"},"modified":"2023-11-09T12:30:16","modified_gmt":"2023-11-09T10:30:16","slug":"ilusustid","status":"publish","type":"page","link":"https:\/\/old.kosmetoloog.ee\/et\/teenused\/ilusustid\/","title":{"rendered":"Ilus\u00fcstid"},"content":{"rendered":"\t\t<div data-elementor-type=\"wp-page\" data-elementor-id=\"1507\" class=\"elementor elementor-1507 elementor-1098\" data-elementor-post-type=\"page\">\n\t\t\t\t\t\t<section class=\"elementor-section elementor-top-section elementor-element elementor-element-a50a56e elementor-section-boxed elementor-section-height-default elementor-section-height-default\" data-id=\"a50a56e\" data-element_type=\"section\">\n\t\t\t\t\t\t<div class=\"elementor-container elementor-column-gap-default\">\n\t\t\t\t\t<div class=\"elementor-column elementor-col-33 elementor-top-column elementor-element elementor-element-7c03086\" data-id=\"7c03086\" data-element_type=\"column\">\n\t\t\t<div class=\"elementor-widget-wrap elementor-element-populated\">\n\t\t\t\t\t\t<div class=\"elementor-element elementor-element-dfc5bdf elementor-widget elementor-widget-image\" data-id=\"dfc5bdf\" data-element_type=\"widget\" data-widget_type=\"image.default\">\n\t\t\t\t<div class=\"elementor-widget-container\">\n\t\t\t\t\t\t\t\t\t\t\t\t\t\t\t\t<a href=\"https:\/\/kosmetoloog.ee\/%d1%83%d1%81%d0%bb%d1%83%d0%b3%d0%b8\/%d1%83%d0%ba%d0%be%d0%bb%d1%8b-%d0%ba%d1%80%d0%b0%d1%81%d0%be%d1%82%d1%8b\/%d0%b1%d0%b8%d0%be%d1%80%d0%b5%d0%b2%d0%b8%d1%82%d0%b0%d0%bb%d0%b8%d0%b7%d0%b0%d1%86%d0%b8%d1%8f\/\">\n\t\t\t\t\t\t\t<img fetchpriority=\"high\" decoding=\"async\" width=\"683\" height=\"1024\" src=\"https:\/\/old.kosmetoloog.ee\/wp-content\/uploads\/2023\/09\/IMG_4913-683x1024.jpg\" class=\"attachment-large size-large wp-image-1101\" alt=\"\" srcset=\"https:\/\/old.kosmetoloog.ee\/wp-content\/uploads\/2023\/09\/IMG_4913-683x1024.jpg 683w, https:\/\/old.kosmetoloog.ee\/wp-content\/uploads\/2023\/09\/IMG_4913-200x300.jpg 200w, https:\/\/old.kosmetoloog.ee\/wp-content\/uploads\/2023\/09\/IMG_4913-600x899.jpg 600w, https:\/\/old.kosmetoloog.ee\/wp-content\/uploads\/2023\/09\/IMG_4913.jpg 768w\" sizes=\"(max-width: 683px) 100vw, 683px\" \/>\t\t\t\t\t\t\t\t<\/a>\n\t\t\t\t\t\t\t\t\t\t\t\t\t\t\t<\/div>\n\t\t\t\t<\/div>\n\t\t\t\t<div class=\"elementor-element elementor-element-397e3e7 elementor-mobile-align-center elementor-align-center elementor-widget elementor-widget-button\" data-id=\"397e3e7\" data-element_type=\"widget\" data-widget_type=\"button.default\">\n\t\t\t\t<div class=\"elementor-widget-container\">\n\t\t\t\t\t\t\t\t\t<div class=\"elementor-button-wrapper\">\n\t\t\t\t\t<a class=\"elementor-button elementor-button-link elementor-size-sm\" href=\"https:\/\/kosmetoloog.ee\/%d1%83%d1%81%d0%bb%d1%83%d0%b3%d0%b8\/%d1%83%d0%ba%d0%be%d0%bb%d1%8b-%d0%ba%d1%80%d0%b0%d1%81%d0%be%d1%82%d1%8b\/%d0%b1%d0%b8%d0%be%d1%80%d0%b5%d0%b2%d0%b8%d1%82%d0%b0%d0%bb%d0%b8%d0%b7%d0%b0%d1%86%d0%b8%d1%8f\/\">\n\t\t\t\t\t\t<span class=\"elementor-button-content-wrapper\">\n\t\t\t\t\t\t\t\t\t<span class=\"elementor-button-text\">Biorevitalisatsioon<\/span>\n\t\t\t\t\t<\/span>\n\t\t\t\t\t<\/a>\n\t\t\t\t<\/div>\n\t\t\t\t\t\t\t\t<\/div>\n\t\t\t\t<\/div>\n\t\t\t\t\t<\/div>\n\t\t<\/div>\n\t\t\t\t<div class=\"elementor-column elementor-col-33 elementor-top-column elementor-element elementor-element-23c5748\" data-id=\"23c5748\" data-element_type=\"column\">\n\t\t\t<div class=\"elementor-widget-wrap elementor-element-populated\">\n\t\t\t\t\t\t<div class=\"elementor-element elementor-element-75f3872 elementor-widget elementor-widget-image\" data-id=\"75f3872\" data-element_type=\"widget\" data-widget_type=\"image.default\">\n\t\t\t\t<div class=\"elementor-widget-container\">\n\t\t\t\t\t\t\t\t\t\t\t\t\t\t\t\t<a href=\"https:\/\/kosmetoloog.ee\/%d1%83%d1%81%d0%bb%d1%83%d0%b3%d0%b8\/%d1%83%d0%ba%d0%be%d0%bb%d1%8b-%d0%ba%d1%80%d0%b0%d1%81%d0%be%d1%82%d1%8b\/%d0%bf%d0%bb%d0%b0%d0%b7%d0%bc%d0%be%d0%bb%d0%b8%d1%84%d1%82%d0%b8%d0%bd%d0%b3\/\">\n\t\t\t\t\t\t\t<img decoding=\"async\" width=\"667\" height=\"1000\" data-src=\"https:\/\/old.kosmetoloog.ee\/wp-content\/uploads\/2023\/09\/IMG_4901.jpg\" class=\"attachment-large size-large wp-image-1103 lazyload\" alt=\"\" data-srcset=\"https:\/\/old.kosmetoloog.ee\/wp-content\/uploads\/2023\/09\/IMG_4901.jpg 667w, https:\/\/old.kosmetoloog.ee\/wp-content\/uploads\/2023\/09\/IMG_4901-200x300.jpg 200w, https:\/\/old.kosmetoloog.ee\/wp-content\/uploads\/2023\/09\/IMG_4901-600x900.jpg 600w\" data-sizes=\"(max-width: 667px) 100vw, 667px\" src=\"data:image\/svg+xml;base64,PHN2ZyB3aWR0aD0iMSIgaGVpZ2h0PSIxIiB4bWxucz0iaHR0cDovL3d3dy53My5vcmcvMjAwMC9zdmciPjwvc3ZnPg==\" style=\"--smush-placeholder-width: 667px; --smush-placeholder-aspect-ratio: 667\/1000;\" \/>\t\t\t\t\t\t\t\t<\/a>\n\t\t\t\t\t\t\t\t\t\t\t\t\t\t\t<\/div>\n\t\t\t\t<\/div>\n\t\t\t\t<div class=\"elementor-element elementor-element-1408cee elementor-mobile-align-center elementor-align-center elementor-widget elementor-widget-button\" data-id=\"1408cee\" data-element_type=\"widget\" data-widget_type=\"button.default\">\n\t\t\t\t<div class=\"elementor-widget-container\">\n\t\t\t\t\t\t\t\t\t<div class=\"elementor-button-wrapper\">\n\t\t\t\t\t<a class=\"elementor-button elementor-button-link elementor-size-sm\" href=\"https:\/\/kosmetoloog.ee\/%d1%83%d1%81%d0%bb%d1%83%d0%b3%d0%b8\/%d1%83%d0%ba%d0%be%d0%bb%d1%8b-%d0%ba%d1%80%d0%b0%d1%81%d0%be%d1%82%d1%8b\/%d0%bf%d0%bb%d0%b0%d0%b7%d0%bc%d0%be%d0%bb%d0%b8%d1%84%d1%82%d0%b8%d0%bd%d0%b3\/\">\n\t\t\t\t\t\t<span class=\"elementor-button-content-wrapper\">\n\t\t\t\t\t\t\t\t\t<span class=\"elementor-button-text\">Plasmolifting<\/span>\n\t\t\t\t\t<\/span>\n\t\t\t\t\t<\/a>\n\t\t\t\t<\/div>\n\t\t\t\t\t\t\t\t<\/div>\n\t\t\t\t<\/div>\n\t\t\t\t\t<\/div>\n\t\t<\/div>\n\t\t\t\t<div class=\"elementor-column elementor-col-33 elementor-top-column elementor-element elementor-element-d7949bf\" data-id=\"d7949bf\" data-element_type=\"column\">\n\t\t\t<div class=\"elementor-widget-wrap elementor-element-populated\">\n\t\t\t\t\t\t<div class=\"elementor-element elementor-element-94c16fb elementor-widget elementor-widget-image\" data-id=\"94c16fb\" data-element_type=\"widget\" data-widget_type=\"image.default\">\n\t\t\t\t<div class=\"elementor-widget-container\">\n\t\t\t\t\t\t\t\t\t\t\t\t\t\t\t\t<a href=\"https:\/\/kosmetoloog.ee\/%d1%83%d1%81%d0%bb%d1%83%d0%b3%d0%b8\/%d1%83%d0%ba%d0%be%d0%bb%d1%8b-%d0%ba%d1%80%d0%b0%d1%81%d0%be%d1%82%d1%8b\/%d0%ba%d0%be%d1%80%d1%80%d0%b5%d0%ba%d1%86%d0%b8%d1%8f-%d1%84%d0%be%d1%80%d0%bc%d1%8b-%d0%b3%d1%83%d0%b1\/\">\n\t\t\t\t\t\t\t<img decoding=\"async\" width=\"667\" height=\"1000\" data-src=\"https:\/\/old.kosmetoloog.ee\/wp-content\/uploads\/2023\/09\/IMG_4950.jpg\" class=\"attachment-large size-large wp-image-1105 lazyload\" alt=\"\" data-srcset=\"https:\/\/old.kosmetoloog.ee\/wp-content\/uploads\/2023\/09\/IMG_4950.jpg 667w, https:\/\/old.kosmetoloog.ee\/wp-content\/uploads\/2023\/09\/IMG_4950-200x300.jpg 200w, https:\/\/old.kosmetoloog.ee\/wp-content\/uploads\/2023\/09\/IMG_4950-600x900.jpg 600w\" data-sizes=\"(max-width: 667px) 100vw, 667px\" src=\"data:image\/svg+xml;base64,PHN2ZyB3aWR0aD0iMSIgaGVpZ2h0PSIxIiB4bWxucz0iaHR0cDovL3d3dy53My5vcmcvMjAwMC9zdmciPjwvc3ZnPg==\" style=\"--smush-placeholder-width: 667px; --smush-placeholder-aspect-ratio: 667\/1000;\" \/>\t\t\t\t\t\t\t\t<\/a>\n\t\t\t\t\t\t\t\t\t\t\t\t\t\t\t<\/div>\n\t\t\t\t<\/div>\n\t\t\t\t<div class=\"elementor-element elementor-element-2a75028 elementor-mobile-align-center elementor-align-center elementor-widget elementor-widget-button\" data-id=\"2a75028\" data-element_type=\"widget\" data-widget_type=\"button.default\">\n\t\t\t\t<div class=\"elementor-widget-container\">\n\t\t\t\t\t\t\t\t\t<div class=\"elementor-button-wrapper\">\n\t\t\t\t\t<a class=\"elementor-button elementor-button-link elementor-size-sm\" href=\"https:\/\/kosmetoloog.ee\/%d1%83%d1%81%d0%bb%d1%83%d0%b3%d0%b8\/%d1%83%d0%ba%d0%be%d0%bb%d1%8b-%d0%ba%d1%80%d0%b0%d1%81%d0%be%d1%82%d1%8b\/%d0%ba%d0%be%d1%80%d1%80%d0%b5%d0%ba%d1%86%d0%b8%d1%8f-%d1%84%d0%be%d1%80%d0%bc%d1%8b-%d0%b3%d1%83%d0%b1\/\">\n\t\t\t\t\t\t<span class=\"elementor-button-content-wrapper\">\n\t\t\t\t\t\t\t\t\t<span class=\"elementor-button-text\">Huulte kontuurimine<\/span>\n\t\t\t\t\t<\/span>\n\t\t\t\t\t<\/a>\n\t\t\t\t<\/div>\n\t\t\t\t\t\t\t\t<\/div>\n\t\t\t\t<\/div>\n\t\t\t\t\t<\/div>\n\t\t<\/div>\n\t\t\t\t\t<\/div>\n\t\t<\/section>\n\t\t\t\t<section class=\"elementor-section elementor-top-section elementor-element elementor-element-65f7a1c elementor-section-boxed elementor-section-height-default elementor-section-height-default\" data-id=\"65f7a1c\" data-element_type=\"section\">\n\t\t\t\t\t\t<div class=\"elementor-container elementor-column-gap-default\">\n\t\t\t\t\t<div class=\"elementor-column elementor-col-33 elementor-top-column elementor-element elementor-element-9751ec2\" data-id=\"9751ec2\" data-element_type=\"column\">\n\t\t\t<div class=\"elementor-widget-wrap elementor-element-populated\">\n\t\t\t\t\t\t<div class=\"elementor-element elementor-element-16197fe elementor-widget elementor-widget-image\" data-id=\"16197fe\" data-element_type=\"widget\" data-widget_type=\"image.default\">\n\t\t\t\t<div class=\"elementor-widget-container\">\n\t\t\t\t\t\t\t\t\t\t\t\t\t\t\t\t<a href=\"https:\/\/kosmetoloog.ee\/%d1%83%d1%81%d0%bb%d1%83%d0%b3%d0%b8\/%d1%83%d0%ba%d0%be%d0%bb%d1%8b-%d0%ba%d1%80%d0%b0%d1%81%d0%be%d1%82%d1%8b\/%d0%bc%d0%b5%d0%b7%d0%be%d1%82%d0%b5%d1%80%d0%b0%d0%bf%d0%b8%d1%8f\/\">\n\t\t\t\t\t\t\t<img decoding=\"async\" width=\"668\" height=\"1000\" data-src=\"https:\/\/old.kosmetoloog.ee\/wp-content\/uploads\/2023\/09\/image_50342401.jpg\" class=\"attachment-large size-large wp-image-1107 lazyload\" alt=\"\" data-srcset=\"https:\/\/old.kosmetoloog.ee\/wp-content\/uploads\/2023\/09\/image_50342401.jpg 668w, https:\/\/old.kosmetoloog.ee\/wp-content\/uploads\/2023\/09\/image_50342401-200x300.jpg 200w, https:\/\/old.kosmetoloog.ee\/wp-content\/uploads\/2023\/09\/image_50342401-600x898.jpg 600w\" data-sizes=\"(max-width: 668px) 100vw, 668px\" src=\"data:image\/svg+xml;base64,PHN2ZyB3aWR0aD0iMSIgaGVpZ2h0PSIxIiB4bWxucz0iaHR0cDovL3d3dy53My5vcmcvMjAwMC9zdmciPjwvc3ZnPg==\" style=\"--smush-placeholder-width: 668px; --smush-placeholder-aspect-ratio: 668\/1000;\" \/>\t\t\t\t\t\t\t\t<\/a>\n\t\t\t\t\t\t\t\t\t\t\t\t\t\t\t<\/div>\n\t\t\t\t<\/div>\n\t\t\t\t<div class=\"elementor-element elementor-element-070611c elementor-mobile-align-center elementor-align-center elementor-widget elementor-widget-button\" data-id=\"070611c\" data-element_type=\"widget\" data-widget_type=\"button.default\">\n\t\t\t\t<div class=\"elementor-widget-container\">\n\t\t\t\t\t\t\t\t\t<div class=\"elementor-button-wrapper\">\n\t\t\t\t\t<a class=\"elementor-button elementor-button-link elementor-size-sm\" href=\"https:\/\/kosmetoloog.ee\/%d1%83%d1%81%d0%bb%d1%83%d0%b3%d0%b8\/%d1%83%d0%ba%d0%be%d0%bb%d1%8b-%d0%ba%d1%80%d0%b0%d1%81%d0%be%d1%82%d1%8b\/%d0%bc%d0%b5%d0%b7%d0%be%d1%82%d0%b5%d1%80%d0%b0%d0%bf%d0%b8%d1%8f\/\">\n\t\t\t\t\t\t<span class=\"elementor-button-content-wrapper\">\n\t\t\t\t\t\t\t\t\t<span class=\"elementor-button-text\">Mesoteraapia<\/span>\n\t\t\t\t\t<\/span>\n\t\t\t\t\t<\/a>\n\t\t\t\t<\/div>\n\t\t\t\t\t\t\t\t<\/div>\n\t\t\t\t<\/div>\n\t\t\t\t\t<\/div>\n\t\t<\/div>\n\t\t\t\t<div class=\"elementor-column elementor-col-33 elementor-top-column elementor-element elementor-element-e12eeec\" data-id=\"e12eeec\" data-element_type=\"column\">\n\t\t\t<div class=\"elementor-widget-wrap elementor-element-populated\">\n\t\t\t\t\t\t<div class=\"elementor-element elementor-element-d739b75 elementor-widget elementor-widget-image\" data-id=\"d739b75\" data-element_type=\"widget\" data-widget_type=\"image.default\">\n\t\t\t\t<div class=\"elementor-widget-container\">\n\t\t\t\t\t\t\t\t\t\t\t\t\t\t\t\t<a href=\"https:\/\/kosmetoloog.ee\/%d1%83%d1%81%d0%bb%d1%83%d0%b3%d0%b8\/%d1%83%d0%ba%d0%be%d0%bb%d1%8b-%d0%ba%d1%80%d0%b0%d1%81%d0%be%d1%82%d1%8b\/%d1%84%d0%b8%d0%bb%d0%bb%d0%b5%d1%80%d1%8b-%d0%b4%d0%bb%d1%8f-%d0%ba%d0%be%d0%bd%d1%82%d1%83%d1%80%d0%bd%d0%be%d0%b9-%d0%bf%d0%bb%d0%b0%d1%81%d1%82%d0%b8%d0%ba%d0%b8\/\">\n\t\t\t\t\t\t\t<img decoding=\"async\" width=\"668\" height=\"1000\" data-src=\"https:\/\/old.kosmetoloog.ee\/wp-content\/uploads\/2023\/09\/IMG_0473.jpg\" class=\"attachment-large size-large wp-image-1109 lazyload\" alt=\"\" data-srcset=\"https:\/\/old.kosmetoloog.ee\/wp-content\/uploads\/2023\/09\/IMG_0473.jpg 668w, https:\/\/old.kosmetoloog.ee\/wp-content\/uploads\/2023\/09\/IMG_0473-200x300.jpg 200w, https:\/\/old.kosmetoloog.ee\/wp-content\/uploads\/2023\/09\/IMG_0473-600x898.jpg 600w\" data-sizes=\"(max-width: 668px) 100vw, 668px\" src=\"data:image\/svg+xml;base64,PHN2ZyB3aWR0aD0iMSIgaGVpZ2h0PSIxIiB4bWxucz0iaHR0cDovL3d3dy53My5vcmcvMjAwMC9zdmciPjwvc3ZnPg==\" style=\"--smush-placeholder-width: 668px; --smush-placeholder-aspect-ratio: 668\/1000;\" \/>\t\t\t\t\t\t\t\t<\/a>\n\t\t\t\t\t\t\t\t\t\t\t\t\t\t\t<\/div>\n\t\t\t\t<\/div>\n\t\t\t\t<div class=\"elementor-element elementor-element-d29e96f elementor-mobile-align-center elementor-align-center elementor-widget elementor-widget-button\" data-id=\"d29e96f\" data-element_type=\"widget\" data-widget_type=\"button.default\">\n\t\t\t\t<div class=\"elementor-widget-container\">\n\t\t\t\t\t\t\t\t\t<div class=\"elementor-button-wrapper\">\n\t\t\t\t\t<a class=\"elementor-button elementor-button-link elementor-size-sm\" href=\"https:\/\/kosmetoloog.ee\/%d1%83%d1%81%d0%bb%d1%83%d0%b3%d0%b8\/%d1%83%d0%ba%d0%be%d0%bb%d1%8b-%d0%ba%d1%80%d0%b0%d1%81%d0%be%d1%82%d1%8b\/%d1%84%d0%b8%d0%bb%d0%bb%d0%b5%d1%80%d1%8b-%d0%b4%d0%bb%d1%8f-%d0%ba%d0%be%d0%bd%d1%82%d1%83%d1%80%d0%bd%d0%be%d0%b9-%d0%bf%d0%bb%d0%b0%d1%81%d1%82%d0%b8%d0%ba%d0%b8\/\">\n\t\t\t\t\t\t<span class=\"elementor-button-content-wrapper\">\n\t\t\t\t\t\t\t\t\t<span class=\"elementor-button-text\">T\u00e4ites\u00fcstid <\/span>\n\t\t\t\t\t<\/span>\n\t\t\t\t\t<\/a>\n\t\t\t\t<\/div>\n\t\t\t\t\t\t\t\t<\/div>\n\t\t\t\t<\/div>\n\t\t\t\t\t<\/div>\n\t\t<\/div>\n\t\t\t\t<div class=\"elementor-column elementor-col-33 elementor-top-column elementor-element elementor-element-b3e4159\" data-id=\"b3e4159\" data-element_type=\"column\">\n\t\t\t<div class=\"elementor-widget-wrap elementor-element-populated\">\n\t\t\t\t\t\t<div class=\"elementor-element elementor-element-b74b384 elementor-widget elementor-widget-image\" data-id=\"b74b384\" data-element_type=\"widget\" data-widget_type=\"image.default\">\n\t\t\t\t<div class=\"elementor-widget-container\">\n\t\t\t\t\t\t\t\t\t\t\t\t\t\t\t\t<a href=\"https:\/\/kosmetoloog.ee\/%d1%83%d1%81%d0%bb%d1%83%d0%b3%d0%b8\/%d1%83%d0%ba%d0%be%d0%bb%d1%8b-%d0%ba%d1%80%d0%b0%d1%81%d0%be%d1%82%d1%8b\/%d1%80%d0%b5%d0%b4%d0%b5%d1%80%d0%bc%d0%b0%d0%bb%d0%b8%d0%b7%d0%b0%d1%86%d0%b8%d1%8f\/\">\n\t\t\t\t\t\t\t<img decoding=\"async\" width=\"668\" height=\"1000\" data-src=\"https:\/\/old.kosmetoloog.ee\/wp-content\/uploads\/2023\/09\/IMG_0469.jpg\" class=\"attachment-large size-large wp-image-1111 lazyload\" alt=\"\" data-srcset=\"https:\/\/old.kosmetoloog.ee\/wp-content\/uploads\/2023\/09\/IMG_0469.jpg 668w, https:\/\/old.kosmetoloog.ee\/wp-content\/uploads\/2023\/09\/IMG_0469-200x300.jpg 200w, https:\/\/old.kosmetoloog.ee\/wp-content\/uploads\/2023\/09\/IMG_0469-600x898.jpg 600w\" data-sizes=\"(max-width: 668px) 100vw, 668px\" src=\"data:image\/svg+xml;base64,PHN2ZyB3aWR0aD0iMSIgaGVpZ2h0PSIxIiB4bWxucz0iaHR0cDovL3d3dy53My5vcmcvMjAwMC9zdmciPjwvc3ZnPg==\" style=\"--smush-placeholder-width: 668px; --smush-placeholder-aspect-ratio: 668\/1000;\" \/>\t\t\t\t\t\t\t\t<\/a>\n\t\t\t\t\t\t\t\t\t\t\t\t\t\t\t<\/div>\n\t\t\t\t<\/div>\n\t\t\t\t<div class=\"elementor-element elementor-element-2ccb009 elementor-mobile-align-center elementor-align-center elementor-widget elementor-widget-button\" data-id=\"2ccb009\" data-element_type=\"widget\" data-widget_type=\"button.default\">\n\t\t\t\t<div class=\"elementor-widget-container\">\n\t\t\t\t\t\t\t\t\t<div class=\"elementor-button-wrapper\">\n\t\t\t\t\t<a class=\"elementor-button elementor-button-link elementor-size-sm\" href=\"https:\/\/kosmetoloog.ee\/%d1%83%d1%81%d0%bb%d1%83%d0%b3%d0%b8\/%d1%83%d0%ba%d0%be%d0%bb%d1%8b-%d0%ba%d1%80%d0%b0%d1%81%d0%be%d1%82%d1%8b\/%d1%80%d0%b5%d0%b4%d0%b5%d1%80%d0%bc%d0%b0%d0%bb%d0%b8%d0%b7%d0%b0%d1%86%d0%b8%d1%8f\/\">\n\t\t\t\t\t\t<span class=\"elementor-button-content-wrapper\">\n\t\t\t\t\t\t\t\t\t<span class=\"elementor-button-text\">Redermalisatsioon <\/span>\n\t\t\t\t\t<\/span>\n\t\t\t\t\t<\/a>\n\t\t\t\t<\/div>\n\t\t\t\t\t\t\t\t<\/div>\n\t\t\t\t<\/div>\n\t\t\t\t\t<\/div>\n\t\t<\/div>\n\t\t\t\t\t<\/div>\n\t\t<\/section>\n\t\t\t\t<\/div>\n\t\t","protected":false},"excerpt":{"rendered":"<p>Biorevitalisatsioon Plasmolifting Huulte kontuurimine Mesoteraapia T\u00e4ites\u00fcstid Redermalisatsioon<\/p>\n","protected":false},"author":1,"featured_media":0,"parent":1437,"menu_order":0,"comment_status":"closed","ping_status":"closed","template":"","meta":{"_acf_changed":false,"footnotes":""},"class_list":["post-1507","page","type-page","status-publish","hentry"],"acf":[],"yoast_head":"<!-- This site is optimized with the Yoast SEO plugin v25.7 - https:\/\/yoast.com\/wordpress\/plugins\/seo\/ -->\n<title>Ilus\u00fcstid - Ilutoodete e-pood<\/title>\n<meta name=\"robots\" content=\"noindex, follow, max-snippet:-1, max-image-preview:large, max-video-preview:-1\" \/>\n<meta property=\"og:locale\" content=\"et_EE\" \/>\n<meta property=\"og:type\" content=\"article\" \/>\n<meta property=\"og:title\" content=\"Ilus\u00fcstid - Ilutoodete e-pood\" \/>\n<meta property=\"og:description\" content=\"Biorevitalisatsioon Plasmolifting Huulte kontuurimine Mesoteraapia T\u00e4ites\u00fcstid Redermalisatsioon\" \/>\n<meta property=\"og:url\" content=\"https:\/\/old.kosmetoloog.ee\/et\/teenused\/ilusustid\/\" \/>\n<meta property=\"og:site_name\" content=\"Ilutoodete e-pood\" \/>\n<meta property=\"article:modified_time\" content=\"2023-11-09T10:30:16+00:00\" \/>\n<meta property=\"og:image\" content=\"https:\/\/kosmetoloog.ee\/wp-content\/uploads\/2023\/09\/IMG_4913-683x1024.jpg\" \/>\n<meta name=\"twitter:card\" content=\"summary_large_image\" \/>\n<script type=\"application\/ld+json\" class=\"yoast-schema-graph\">{\"@context\":\"https:\/\/schema.org\",\"@graph\":[{\"@type\":\"WebPage\",\"@id\":\"https:\/\/old.kosmetoloog.ee\/et\/teenused\/ilusustid\/\",\"url\":\"https:\/\/old.kosmetoloog.ee\/et\/teenused\/ilusustid\/\",\"name\":\"Ilus\u00fcstid - Ilutoodete e-pood\",\"isPartOf\":{\"@id\":\"https:\/\/old.kosmetoloog.ee\/#website\"},\"primaryImageOfPage\":{\"@id\":\"https:\/\/old.kosmetoloog.ee\/et\/teenused\/ilusustid\/#primaryimage\"},\"image\":{\"@id\":\"https:\/\/old.kosmetoloog.ee\/et\/teenused\/ilusustid\/#primaryimage\"},\"thumbnailUrl\":\"https:\/\/kosmetoloog.ee\/wp-content\/uploads\/2023\/09\/IMG_4913-683x1024.jpg\",\"datePublished\":\"2023-09-25T07:59:48+00:00\",\"dateModified\":\"2023-11-09T10:30:16+00:00\",\"breadcrumb\":{\"@id\":\"https:\/\/old.kosmetoloog.ee\/et\/teenused\/ilusustid\/#breadcrumb\"},\"inLanguage\":\"et\",\"potentialAction\":[{\"@type\":\"ReadAction\",\"target\":[\"https:\/\/old.kosmetoloog.ee\/et\/teenused\/ilusustid\/\"]}]},{\"@type\":\"ImageObject\",\"inLanguage\":\"et\",\"@id\":\"https:\/\/old.kosmetoloog.ee\/et\/teenused\/ilusustid\/#primaryimage\",\"url\":\"https:\/\/kosmetoloog.ee\/wp-content\/uploads\/2023\/09\/IMG_4913-683x1024.jpg\",\"contentUrl\":\"https:\/\/kosmetoloog.ee\/wp-content\/uploads\/2023\/09\/IMG_4913-683x1024.jpg\"},{\"@type\":\"BreadcrumbList\",\"@id\":\"https:\/\/old.kosmetoloog.ee\/et\/teenused\/ilusustid\/#breadcrumb\",\"itemListElement\":[{\"@type\":\"ListItem\",\"position\":1,\"name\":\"Home\",\"item\":\"https:\/\/old.kosmetoloog.ee\/et\/\"},{\"@type\":\"ListItem\",\"position\":2,\"name\":\"Teenused\",\"item\":\"https:\/\/old.kosmetoloog.ee\/et\/teenused\/\"},{\"@type\":\"ListItem\",\"position\":3,\"name\":\"Ilus\u00fcstid\"}]},{\"@type\":\"WebSite\",\"@id\":\"https:\/\/old.kosmetoloog.ee\/#website\",\"url\":\"https:\/\/old.kosmetoloog.ee\/\",\"name\":\"Ilutoodete e-pood\",\"description\":\"Kosmeetika pood\",\"publisher\":{\"@id\":\"https:\/\/old.kosmetoloog.ee\/#organization\"},\"potentialAction\":[{\"@type\":\"SearchAction\",\"target\":{\"@type\":\"EntryPoint\",\"urlTemplate\":\"https:\/\/old.kosmetoloog.ee\/?s={search_term_string}\"},\"query-input\":{\"@type\":\"PropertyValueSpecification\",\"valueRequired\":true,\"valueName\":\"search_term_string\"}}],\"inLanguage\":\"et\"},{\"@type\":\"Organization\",\"@id\":\"https:\/\/old.kosmetoloog.ee\/#organization\",\"name\":\"You are You O\u00dc\",\"url\":\"https:\/\/old.kosmetoloog.ee\/\",\"logo\":{\"@type\":\"ImageObject\",\"inLanguage\":\"et\",\"@id\":\"https:\/\/old.kosmetoloog.ee\/#\/schema\/logo\/image\/\",\"url\":\"https:\/\/old.kosmetoloog.ee\/wp-content\/uploads\/2023\/08\/logo-1.png\",\"contentUrl\":\"https:\/\/old.kosmetoloog.ee\/wp-content\/uploads\/2023\/08\/logo-1.png\",\"width\":1200,\"height\":964,\"caption\":\"You are You O\u00dc\"},\"image\":{\"@id\":\"https:\/\/old.kosmetoloog.ee\/#\/schema\/logo\/image\/\"}}]}<\/script>\n<!-- \/ Yoast SEO plugin. -->","yoast_head_json":{"title":"Ilus\u00fcstid - Ilutoodete e-pood","robots":{"index":"noindex","follow":"follow","max-snippet":"max-snippet:-1","max-image-preview":"max-image-preview:large","max-video-preview":"max-video-preview:-1"},"og_locale":"et_EE","og_type":"article","og_title":"Ilus\u00fcstid - Ilutoodete e-pood","og_description":"Biorevitalisatsioon Plasmolifting Huulte kontuurimine Mesoteraapia T\u00e4ites\u00fcstid Redermalisatsioon","og_url":"https:\/\/old.kosmetoloog.ee\/et\/teenused\/ilusustid\/","og_site_name":"Ilutoodete e-pood","article_modified_time":"2023-11-09T10:30:16+00:00","og_image":[{"url":"https:\/\/kosmetoloog.ee\/wp-content\/uploads\/2023\/09\/IMG_4913-683x1024.jpg","type":"","width":"","height":""}],"twitter_card":"summary_large_image","schema":{"@context":"https:\/\/schema.org","@graph":[{"@type":"WebPage","@id":"https:\/\/old.kosmetoloog.ee\/et\/teenused\/ilusustid\/","url":"https:\/\/old.kosmetoloog.ee\/et\/teenused\/ilusustid\/","name":"Ilus\u00fcstid - Ilutoodete e-pood","isPartOf":{"@id":"https:\/\/old.kosmetoloog.ee\/#website"},"primaryImageOfPage":{"@id":"https:\/\/old.kosmetoloog.ee\/et\/teenused\/ilusustid\/#primaryimage"},"image":{"@id":"https:\/\/old.kosmetoloog.ee\/et\/teenused\/ilusustid\/#primaryimage"},"thumbnailUrl":"https:\/\/kosmetoloog.ee\/wp-content\/uploads\/2023\/09\/IMG_4913-683x1024.jpg","datePublished":"2023-09-25T07:59:48+00:00","dateModified":"2023-11-09T10:30:16+00:00","breadcrumb":{"@id":"https:\/\/old.kosmetoloog.ee\/et\/teenused\/ilusustid\/#breadcrumb"},"inLanguage":"et","potentialAction":[{"@type":"ReadAction","target":["https:\/\/old.kosmetoloog.ee\/et\/teenused\/ilusustid\/"]}]},{"@type":"ImageObject","inLanguage":"et","@id":"https:\/\/old.kosmetoloog.ee\/et\/teenused\/ilusustid\/#primaryimage","url":"https:\/\/kosmetoloog.ee\/wp-content\/uploads\/2023\/09\/IMG_4913-683x1024.jpg","contentUrl":"https:\/\/kosmetoloog.ee\/wp-content\/uploads\/2023\/09\/IMG_4913-683x1024.jpg"},{"@type":"BreadcrumbList","@id":"https:\/\/old.kosmetoloog.ee\/et\/teenused\/ilusustid\/#breadcrumb","itemListElement":[{"@type":"ListItem","position":1,"name":"Home","item":"https:\/\/old.kosmetoloog.ee\/et\/"},{"@type":"ListItem","position":2,"name":"Teenused","item":"https:\/\/old.kosmetoloog.ee\/et\/teenused\/"},{"@type":"ListItem","position":3,"name":"Ilus\u00fcstid"}]},{"@type":"WebSite","@id":"https:\/\/old.kosmetoloog.ee\/#website","url":"https:\/\/old.kosmetoloog.ee\/","name":"Ilutoodete e-pood","description":"Kosmeetika pood","publisher":{"@id":"https:\/\/old.kosmetoloog.ee\/#organization"},"potentialAction":[{"@type":"SearchAction","target":{"@type":"EntryPoint","urlTemplate":"https:\/\/old.kosmetoloog.ee\/?s={search_term_string}"},"query-input":{"@type":"PropertyValueSpecification","valueRequired":true,"valueName":"search_term_string"}}],"inLanguage":"et"},{"@type":"Organization","@id":"https:\/\/old.kosmetoloog.ee\/#organization","name":"You are You O\u00dc","url":"https:\/\/old.kosmetoloog.ee\/","logo":{"@type":"ImageObject","inLanguage":"et","@id":"https:\/\/old.kosmetoloog.ee\/#\/schema\/logo\/image\/","url":"https:\/\/old.kosmetoloog.ee\/wp-content\/uploads\/2023\/08\/logo-1.png","contentUrl":"https:\/\/old.kosmetoloog.ee\/wp-content\/uploads\/2023\/08\/logo-1.png","width":1200,"height":964,"caption":"You are You O\u00dc"},"image":{"@id":"https:\/\/old.kosmetoloog.ee\/#\/schema\/logo\/image\/"}}]}},"_links":{"self":[{"href":"https:\/\/old.kosmetoloog.ee\/et\/wp-json\/wp\/v2\/pages\/1507","targetHints":{"allow":["GET"]}}],"collection":[{"href":"https:\/\/old.kosmetoloog.ee\/et\/wp-json\/wp\/v2\/pages"}],"about":[{"href":"https:\/\/old.kosmetoloog.ee\/et\/wp-json\/wp\/v2\/types\/page"}],"author":[{"embeddable":true,"href":"https:\/\/old.kosmetoloog.ee\/et\/wp-json\/wp\/v2\/users\/1"}],"replies":[{"embeddable":true,"href":"https:\/\/old.kosmetoloog.ee\/et\/wp-json\/wp\/v2\/comments?post=1507"}],"version-history":[{"count":2,"href":"https:\/\/old.kosmetoloog.ee\/et\/wp-json\/wp\/v2\/pages\/1507\/revisions"}],"predecessor-version":[{"id":1755,"href":"https:\/\/old.kosmetoloog.ee\/et\/wp-json\/wp\/v2\/pages\/1507\/revisions\/1755"}],"up":[{"embeddable":true,"href":"https:\/\/old.kosmetoloog.ee\/et\/wp-json\/wp\/v2\/pages\/1437"}],"wp:attachment":[{"href":"https:\/\/old.kosmetoloog.ee\/et\/wp-json\/wp\/v2\/media?parent=1507"}],"curies":[{"name":"wp","href":"https:\/\/api.w.org\/{rel}","templated":true}]}}