{"id":1509,"date":"2023-09-25T13:53:26","date_gmt":"2023-09-25T10:53:26","guid":{"rendered":"https:\/\/kosmetoloog.ee\/teenused\/ilusustid\/biorevitalisatsioon\/"},"modified":"2023-11-09T12:30:54","modified_gmt":"2023-11-09T10:30:54","slug":"biorevitalisatsioon","status":"publish","type":"page","link":"https:\/\/old.kosmetoloog.ee\/et\/teenused\/ilusustid\/biorevitalisatsioon\/","title":{"rendered":"Biorevitalisatsioon"},"content":{"rendered":"\t\t<div data-elementor-type=\"wp-page\" data-elementor-id=\"1509\" class=\"elementor elementor-1509 elementor-1257\" data-elementor-post-type=\"page\">\n\t\t\t\t\t\t<section class=\"elementor-section elementor-top-section elementor-element elementor-element-5585169 elementor-section-boxed elementor-section-height-default elementor-section-height-default\" data-id=\"5585169\" data-element_type=\"section\">\n\t\t\t\t\t\t<div class=\"elementor-container elementor-column-gap-default\">\n\t\t\t\t\t<div class=\"elementor-column elementor-col-100 elementor-top-column elementor-element elementor-element-23b909c\" data-id=\"23b909c\" data-element_type=\"column\">\n\t\t\t<div class=\"elementor-widget-wrap elementor-element-populated\">\n\t\t\t\t\t\t<div class=\"elementor-element elementor-element-59ca4fb elementor-widget elementor-widget-text-editor\" data-id=\"59ca4fb\" data-element_type=\"widget\" data-widget_type=\"text-editor.default\">\n\t\t\t\t<div class=\"elementor-widget-container\">\n\t\t\t\t\t\t\t\t\t<table border=\"0\">\n<tbody>\n<tr>\n<td>\n<p>Biorevitalisatsioon on n\u00e4o-, kaela-, k\u00e4te- ja dekolteepiirkonna naha niisutamise ja noorendamise s\u00fcstimismeetod.<\/p>\n<p>See meetod on laialt levinud esteetilises kosmetoloogias, kuna v\u00f5imaldab saavutada suurep\u00e4raseid tulemusi ilma kirurgilise sekkumiseta. <\/p>\n<p>Protseduur viiakse l\u00e4bi rangelt vastavalt n\u00e4idustustele ja alles p\u00e4rast anamneesi kogumist.<\/p>\n<\/td>\n<td>\n<p><img fetchpriority=\"high\" decoding=\"async\" class=\"alignnone wp-image-1259\" src=\"https:\/\/kosmetoloog.ee\/wp-content\/uploads\/2023\/09\/IMG_4913-1.jpg\" alt=\"\" width=\"227\" height=\"332\"><\/p>\n<\/td>\n<\/tr>\n<\/tbody>\n<\/table>\n<table border=\"0\">\n<tbody>\n<tr>\n<td><img decoding=\"async\" class=\"alignnone size-full wp-image-1261 lazyload\" data-src=\"https:\/\/kosmetoloog.ee\/wp-content\/uploads\/2023\/09\/IMG_4942.jpg\" alt=\"\" width=\"768\" height=\"1151\" data-srcset=\"https:\/\/old.kosmetoloog.ee\/wp-content\/uploads\/2023\/09\/IMG_4942.jpg 768w, https:\/\/old.kosmetoloog.ee\/wp-content\/uploads\/2023\/09\/IMG_4942-200x300.jpg 200w, https:\/\/old.kosmetoloog.ee\/wp-content\/uploads\/2023\/09\/IMG_4942-683x1024.jpg 683w, https:\/\/old.kosmetoloog.ee\/wp-content\/uploads\/2023\/09\/IMG_4942-600x899.jpg 600w\" data-sizes=\"(max-width: 768px) 100vw, 768px\" src=\"data:image\/svg+xml;base64,PHN2ZyB3aWR0aD0iMSIgaGVpZ2h0PSIxIiB4bWxucz0iaHR0cDovL3d3dy53My5vcmcvMjAwMC9zdmciPjwvc3ZnPg==\" style=\"--smush-placeholder-width: 768px; --smush-placeholder-aspect-ratio: 768\/1151;\" \/><\/td>\n<td>\n<p><strong> <\/strong><\/p>\n<p><strong>Protseduuri tulemused:<\/strong><\/p>\n<p>Juba p\u00e4rast esimese seanssi p\u00e4rast m\u00e4rgatakse nahaseisundi paranemist, nahk j\u00e4\u00e4b nooreks, tervislikuks ja kauniks 4-7 kuu jooksul.<\/p>\n<p>Seej\u00e4rel soovitatakse l\u00e4bida korduv kursus, mis tagab pikaajalise tulemuse (kuni 2 aastat).<\/p>\n<\/p>\n<p>\u2665 Peenikeste kortsude k\u00f5rvaldamine ja s\u00fcgavate kortsude v\u00e4hendamine<\/p>\n<p>\u2665 Naha s\u00fcgavniisutamine, selle elastsust ja tugevust suurendamine<\/p>\n<p>\u2665 Nahatooni parandamine<\/p>\n<p>\u2665 Lifting efekt<\/p>\n<\/p>\n<p><strong>H\u00fcaluroonhappega biorevitaliseerimise lisaeelis on naha usaldusv\u00e4\u00e4rne kaitse agressiivsete keskkonnam\u00f5jude eest.<\/strong> Eelk\u00f5ige kahjuliku ultraviolettkiirguse eest.<\/p>\n<\/td>\n<\/tr>\n<\/tbody>\n<\/table>\n<p>Protseduuri ajal kasutatakse miniatuurseid n\u00f5elu ja anesteetilisi kreeme. Samuti on t\u00e4ielikult v\u00e4listatud allergiliste reaktsioonide oht kuna see hape on inimorganismis algselt sisalduva t\u00e4ielik analoog.<\/p>\n<\/p>\n<h4>Protseduuride hinnad: <\/h4>\n<\/p>\n<table dir=\"ltr\" border=\"1\">\n<colgroup>\n<col>\n<col>\n<col><\/colgroup>\n<tbody>\n<tr>\n<td data-sheets-value=\"{\">\n<p><strong>BIOREVITALISATSIOON<\/strong><\/p>\n<\/td>\n<td data-sheets-value=\"{\" data-sheets-numberformat=\"{\"> <\/td>\n<td data-sheets-value=\"{\" data-sheets-numberformat=\"{\"> <\/td>\n<\/tr>\n<tr>\n<td data-sheets-value=\"{\">\n<p>Biorevitalisatsioon Stylage Hydro v\u00f5i HydroMAX 1ml<\/p>\n<\/td>\n<td data-sheets-value=\"{\" data-sheets-numberformat=\"{\">\n<p>200\u20ac<\/p>\n<\/td>\n<td data-sheets-value=\"{\">\n<p>60 min<\/p>\n<\/td>\n<\/tr>\n<tr>\n<td data-sheets-value=\"{\">\n<p>Biorevitalisatsioon Juvederm Hydrate 1.0 ml<\/p>\n<\/td>\n<td data-sheets-value=\"{\" data-sheets-numberformat=\"{\">\n<p>200\u20ac<\/p>\n<\/td>\n<td data-sheets-value=\"{\">\n<p>60 min<\/p>\n<\/td>\n<\/tr>\n<\/tbody>\n<\/table>\n\t\t\t\t\t\t\t\t<\/div>\n\t\t\t\t<\/div>\n\t\t\t\t\t<\/div>\n\t\t<\/div>\n\t\t\t\t\t<\/div>\n\t\t<\/section>\n\t\t\t\t<\/div>\n\t\t","protected":false},"excerpt":{"rendered":"<p>Biorevitalisatsioon on n\u00e4o-, kaela-, k\u00e4te- ja dekolteepiirkonna naha niisutamise ja noorendamise s\u00fcstimismeetod. See meetod on laialt levinud esteetilises kosmetoloogias, kuna v\u00f5imaldab saavutada suurep\u00e4raseid tulemusi ilma kirurgilise sekkumiseta. Protseduur viiakse l\u00e4bi rangelt vastavalt n\u00e4idustustele ja alles p\u00e4rast anamneesi kogumist. Protseduuri tulemused: Juba p\u00e4rast esimese seanssi p\u00e4rast m\u00e4rgatakse nahaseisundi paranemist, nahk j\u00e4\u00e4b nooreks, tervislikuks ja kauniks 4-7 [&hellip;]<\/p>\n","protected":false},"author":1,"featured_media":0,"parent":1507,"menu_order":0,"comment_status":"closed","ping_status":"closed","template":"","meta":{"_acf_changed":false,"footnotes":""},"class_list":["post-1509","page","type-page","status-publish","hentry"],"acf":[],"yoast_head":"<!-- This site is optimized with the Yoast SEO plugin v25.7 - https:\/\/yoast.com\/wordpress\/plugins\/seo\/ -->\n<title>Biorevitalisatsioon - Ilutoodete e-pood<\/title>\n<meta name=\"robots\" content=\"noindex, follow, max-snippet:-1, max-image-preview:large, max-video-preview:-1\" \/>\n<meta property=\"og:locale\" content=\"et_EE\" \/>\n<meta property=\"og:type\" content=\"article\" \/>\n<meta property=\"og:title\" content=\"Biorevitalisatsioon - Ilutoodete e-pood\" \/>\n<meta property=\"og:description\" content=\"Biorevitalisatsioon on n\u00e4o-, kaela-, k\u00e4te- ja dekolteepiirkonna naha niisutamise ja noorendamise s\u00fcstimismeetod. See meetod on laialt levinud esteetilises kosmetoloogias, kuna v\u00f5imaldab saavutada suurep\u00e4raseid tulemusi ilma kirurgilise sekkumiseta. Protseduur viiakse l\u00e4bi rangelt vastavalt n\u00e4idustustele ja alles p\u00e4rast anamneesi kogumist. Protseduuri tulemused: Juba p\u00e4rast esimese seanssi p\u00e4rast m\u00e4rgatakse nahaseisundi paranemist, nahk j\u00e4\u00e4b nooreks, tervislikuks ja kauniks 4-7 [&hellip;]\" \/>\n<meta property=\"og:url\" content=\"https:\/\/old.kosmetoloog.ee\/teenused\/ilusustid\/biorevitalisatsioon\/\" \/>\n<meta property=\"og:site_name\" content=\"Ilutoodete e-pood\" \/>\n<meta property=\"article:modified_time\" content=\"2023-11-09T10:30:54+00:00\" \/>\n<meta property=\"og:image\" content=\"https:\/\/kosmetoloog.ee\/wp-content\/uploads\/2023\/09\/IMG_4913-1.jpg\" \/>\n<meta name=\"twitter:card\" content=\"summary_large_image\" \/>\n<meta name=\"twitter:label1\" content=\"Est. reading time\" \/>\n\t<meta name=\"twitter:data1\" content=\"1 minut\" \/>\n<script type=\"application\/ld+json\" class=\"yoast-schema-graph\">{\"@context\":\"https:\/\/schema.org\",\"@graph\":[{\"@type\":\"WebPage\",\"@id\":\"https:\/\/old.kosmetoloog.ee\/teenused\/ilusustid\/biorevitalisatsioon\/\",\"url\":\"https:\/\/old.kosmetoloog.ee\/teenused\/ilusustid\/biorevitalisatsioon\/\",\"name\":\"Biorevitalisatsioon - Ilutoodete e-pood\",\"isPartOf\":{\"@id\":\"https:\/\/old.kosmetoloog.ee\/#website\"},\"primaryImageOfPage\":{\"@id\":\"https:\/\/old.kosmetoloog.ee\/teenused\/ilusustid\/biorevitalisatsioon\/#primaryimage\"},\"image\":{\"@id\":\"https:\/\/old.kosmetoloog.ee\/teenused\/ilusustid\/biorevitalisatsioon\/#primaryimage\"},\"thumbnailUrl\":\"https:\/\/kosmetoloog.ee\/wp-content\/uploads\/2023\/09\/IMG_4913-1.jpg\",\"datePublished\":\"2023-09-25T10:53:26+00:00\",\"dateModified\":\"2023-11-09T10:30:54+00:00\",\"breadcrumb\":{\"@id\":\"https:\/\/old.kosmetoloog.ee\/teenused\/ilusustid\/biorevitalisatsioon\/#breadcrumb\"},\"inLanguage\":\"et\",\"potentialAction\":[{\"@type\":\"ReadAction\",\"target\":[\"https:\/\/old.kosmetoloog.ee\/teenused\/ilusustid\/biorevitalisatsioon\/\"]}]},{\"@type\":\"ImageObject\",\"inLanguage\":\"et\",\"@id\":\"https:\/\/old.kosmetoloog.ee\/teenused\/ilusustid\/biorevitalisatsioon\/#primaryimage\",\"url\":\"https:\/\/kosmetoloog.ee\/wp-content\/uploads\/2023\/09\/IMG_4913-1.jpg\",\"contentUrl\":\"https:\/\/kosmetoloog.ee\/wp-content\/uploads\/2023\/09\/IMG_4913-1.jpg\"},{\"@type\":\"BreadcrumbList\",\"@id\":\"https:\/\/old.kosmetoloog.ee\/teenused\/ilusustid\/biorevitalisatsioon\/#breadcrumb\",\"itemListElement\":[{\"@type\":\"ListItem\",\"position\":1,\"name\":\"Home\",\"item\":\"https:\/\/old.kosmetoloog.ee\/et\/\"},{\"@type\":\"ListItem\",\"position\":2,\"name\":\"Teenused\",\"item\":\"https:\/\/old.kosmetoloog.ee\/et\/teenused\/\"},{\"@type\":\"ListItem\",\"position\":3,\"name\":\"Ilus\u00fcstid\",\"item\":\"https:\/\/old.kosmetoloog.ee\/et\/teenused\/ilusustid\/\"},{\"@type\":\"ListItem\",\"position\":4,\"name\":\"Biorevitalisatsioon\"}]},{\"@type\":\"WebSite\",\"@id\":\"https:\/\/old.kosmetoloog.ee\/#website\",\"url\":\"https:\/\/old.kosmetoloog.ee\/\",\"name\":\"Ilutoodete e-pood\",\"description\":\"Kosmeetika pood\",\"publisher\":{\"@id\":\"https:\/\/old.kosmetoloog.ee\/#organization\"},\"potentialAction\":[{\"@type\":\"SearchAction\",\"target\":{\"@type\":\"EntryPoint\",\"urlTemplate\":\"https:\/\/old.kosmetoloog.ee\/?s={search_term_string}\"},\"query-input\":{\"@type\":\"PropertyValueSpecification\",\"valueRequired\":true,\"valueName\":\"search_term_string\"}}],\"inLanguage\":\"et\"},{\"@type\":\"Organization\",\"@id\":\"https:\/\/old.kosmetoloog.ee\/#organization\",\"name\":\"You are You O\u00dc\",\"url\":\"https:\/\/old.kosmetoloog.ee\/\",\"logo\":{\"@type\":\"ImageObject\",\"inLanguage\":\"et\",\"@id\":\"https:\/\/old.kosmetoloog.ee\/#\/schema\/logo\/image\/\",\"url\":\"https:\/\/old.kosmetoloog.ee\/wp-content\/uploads\/2023\/08\/logo-1.png\",\"contentUrl\":\"https:\/\/old.kosmetoloog.ee\/wp-content\/uploads\/2023\/08\/logo-1.png\",\"width\":1200,\"height\":964,\"caption\":\"You are You O\u00dc\"},\"image\":{\"@id\":\"https:\/\/old.kosmetoloog.ee\/#\/schema\/logo\/image\/\"}}]}<\/script>\n<!-- \/ Yoast SEO plugin. -->","yoast_head_json":{"title":"Biorevitalisatsioon - Ilutoodete e-pood","robots":{"index":"noindex","follow":"follow","max-snippet":"max-snippet:-1","max-image-preview":"max-image-preview:large","max-video-preview":"max-video-preview:-1"},"og_locale":"et_EE","og_type":"article","og_title":"Biorevitalisatsioon - Ilutoodete e-pood","og_description":"Biorevitalisatsioon on n\u00e4o-, kaela-, k\u00e4te- ja dekolteepiirkonna naha niisutamise ja noorendamise s\u00fcstimismeetod. See meetod on laialt levinud esteetilises kosmetoloogias, kuna v\u00f5imaldab saavutada suurep\u00e4raseid tulemusi ilma kirurgilise sekkumiseta. Protseduur viiakse l\u00e4bi rangelt vastavalt n\u00e4idustustele ja alles p\u00e4rast anamneesi kogumist. Protseduuri tulemused: Juba p\u00e4rast esimese seanssi p\u00e4rast m\u00e4rgatakse nahaseisundi paranemist, nahk j\u00e4\u00e4b nooreks, tervislikuks ja kauniks 4-7 [&hellip;]","og_url":"https:\/\/old.kosmetoloog.ee\/teenused\/ilusustid\/biorevitalisatsioon\/","og_site_name":"Ilutoodete e-pood","article_modified_time":"2023-11-09T10:30:54+00:00","og_image":[{"url":"https:\/\/kosmetoloog.ee\/wp-content\/uploads\/2023\/09\/IMG_4913-1.jpg","type":"","width":"","height":""}],"twitter_card":"summary_large_image","twitter_misc":{"Est. reading time":"1 minut"},"schema":{"@context":"https:\/\/schema.org","@graph":[{"@type":"WebPage","@id":"https:\/\/old.kosmetoloog.ee\/teenused\/ilusustid\/biorevitalisatsioon\/","url":"https:\/\/old.kosmetoloog.ee\/teenused\/ilusustid\/biorevitalisatsioon\/","name":"Biorevitalisatsioon - Ilutoodete e-pood","isPartOf":{"@id":"https:\/\/old.kosmetoloog.ee\/#website"},"primaryImageOfPage":{"@id":"https:\/\/old.kosmetoloog.ee\/teenused\/ilusustid\/biorevitalisatsioon\/#primaryimage"},"image":{"@id":"https:\/\/old.kosmetoloog.ee\/teenused\/ilusustid\/biorevitalisatsioon\/#primaryimage"},"thumbnailUrl":"https:\/\/kosmetoloog.ee\/wp-content\/uploads\/2023\/09\/IMG_4913-1.jpg","datePublished":"2023-09-25T10:53:26+00:00","dateModified":"2023-11-09T10:30:54+00:00","breadcrumb":{"@id":"https:\/\/old.kosmetoloog.ee\/teenused\/ilusustid\/biorevitalisatsioon\/#breadcrumb"},"inLanguage":"et","potentialAction":[{"@type":"ReadAction","target":["https:\/\/old.kosmetoloog.ee\/teenused\/ilusustid\/biorevitalisatsioon\/"]}]},{"@type":"ImageObject","inLanguage":"et","@id":"https:\/\/old.kosmetoloog.ee\/teenused\/ilusustid\/biorevitalisatsioon\/#primaryimage","url":"https:\/\/kosmetoloog.ee\/wp-content\/uploads\/2023\/09\/IMG_4913-1.jpg","contentUrl":"https:\/\/kosmetoloog.ee\/wp-content\/uploads\/2023\/09\/IMG_4913-1.jpg"},{"@type":"BreadcrumbList","@id":"https:\/\/old.kosmetoloog.ee\/teenused\/ilusustid\/biorevitalisatsioon\/#breadcrumb","itemListElement":[{"@type":"ListItem","position":1,"name":"Home","item":"https:\/\/old.kosmetoloog.ee\/et\/"},{"@type":"ListItem","position":2,"name":"Teenused","item":"https:\/\/old.kosmetoloog.ee\/et\/teenused\/"},{"@type":"ListItem","position":3,"name":"Ilus\u00fcstid","item":"https:\/\/old.kosmetoloog.ee\/et\/teenused\/ilusustid\/"},{"@type":"ListItem","position":4,"name":"Biorevitalisatsioon"}]},{"@type":"WebSite","@id":"https:\/\/old.kosmetoloog.ee\/#website","url":"https:\/\/old.kosmetoloog.ee\/","name":"Ilutoodete e-pood","description":"Kosmeetika pood","publisher":{"@id":"https:\/\/old.kosmetoloog.ee\/#organization"},"potentialAction":[{"@type":"SearchAction","target":{"@type":"EntryPoint","urlTemplate":"https:\/\/old.kosmetoloog.ee\/?s={search_term_string}"},"query-input":{"@type":"PropertyValueSpecification","valueRequired":true,"valueName":"search_term_string"}}],"inLanguage":"et"},{"@type":"Organization","@id":"https:\/\/old.kosmetoloog.ee\/#organization","name":"You are You O\u00dc","url":"https:\/\/old.kosmetoloog.ee\/","logo":{"@type":"ImageObject","inLanguage":"et","@id":"https:\/\/old.kosmetoloog.ee\/#\/schema\/logo\/image\/","url":"https:\/\/old.kosmetoloog.ee\/wp-content\/uploads\/2023\/08\/logo-1.png","contentUrl":"https:\/\/old.kosmetoloog.ee\/wp-content\/uploads\/2023\/08\/logo-1.png","width":1200,"height":964,"caption":"You are You O\u00dc"},"image":{"@id":"https:\/\/old.kosmetoloog.ee\/#\/schema\/logo\/image\/"}}]}},"_links":{"self":[{"href":"https:\/\/old.kosmetoloog.ee\/et\/wp-json\/wp\/v2\/pages\/1509","targetHints":{"allow":["GET"]}}],"collection":[{"href":"https:\/\/old.kosmetoloog.ee\/et\/wp-json\/wp\/v2\/pages"}],"about":[{"href":"https:\/\/old.kosmetoloog.ee\/et\/wp-json\/wp\/v2\/types\/page"}],"author":[{"embeddable":true,"href":"https:\/\/old.kosmetoloog.ee\/et\/wp-json\/wp\/v2\/users\/1"}],"replies":[{"embeddable":true,"href":"https:\/\/old.kosmetoloog.ee\/et\/wp-json\/wp\/v2\/comments?post=1509"}],"version-history":[{"count":1,"href":"https:\/\/old.kosmetoloog.ee\/et\/wp-json\/wp\/v2\/pages\/1509\/revisions"}],"predecessor-version":[{"id":1510,"href":"https:\/\/old.kosmetoloog.ee\/et\/wp-json\/wp\/v2\/pages\/1509\/revisions\/1510"}],"up":[{"embeddable":true,"href":"https:\/\/old.kosmetoloog.ee\/et\/wp-json\/wp\/v2\/pages\/1507"}],"wp:attachment":[{"href":"https:\/\/old.kosmetoloog.ee\/et\/wp-json\/wp\/v2\/media?parent=1509"}],"curies":[{"name":"wp","href":"https:\/\/api.w.org\/{rel}","templated":true}]}}