{"id":1511,"date":"2023-09-25T13:57:41","date_gmt":"2023-09-25T10:57:41","guid":{"rendered":"https:\/\/kosmetoloog.ee\/teenused\/ilusustid\/huulte-kontuurimine\/"},"modified":"2023-11-09T12:31:26","modified_gmt":"2023-11-09T10:31:26","slug":"huulte-kontuurimine","status":"publish","type":"page","link":"https:\/\/old.kosmetoloog.ee\/et\/teenused\/ilusustid\/huulte-kontuurimine\/","title":{"rendered":"Huulte kontuurimine"},"content":{"rendered":"\t\t<div data-elementor-type=\"wp-page\" data-elementor-id=\"1511\" class=\"elementor elementor-1511 elementor-1277\" data-elementor-post-type=\"page\">\n\t\t\t\t\t\t<section class=\"elementor-section elementor-top-section elementor-element elementor-element-04cbfe9 elementor-section-boxed elementor-section-height-default elementor-section-height-default\" data-id=\"04cbfe9\" data-element_type=\"section\">\n\t\t\t\t\t\t<div class=\"elementor-container elementor-column-gap-default\">\n\t\t\t\t\t<div class=\"elementor-column elementor-col-100 elementor-top-column elementor-element elementor-element-e70069f\" data-id=\"e70069f\" data-element_type=\"column\">\n\t\t\t<div class=\"elementor-widget-wrap elementor-element-populated\">\n\t\t\t\t\t\t<div class=\"elementor-element elementor-element-5a52acb elementor-widget elementor-widget-text-editor\" data-id=\"5a52acb\" data-element_type=\"widget\" data-widget_type=\"text-editor.default\">\n\t\t\t\t<div class=\"elementor-widget-container\">\n\t\t\t\t\t\t\t\t\t<table border=\"0\">\n<tbody>\n<tr>\n<td>\n<p>\u00dcks populaarsemaid kosmeetilisi protseduure on huulte suurendamine ja \u00fcmberkujundamine. Siit algab mitte ainult kosmeetiku, vaid ka kunstniku t\u00f6\u00f6.<\/p>\n<p><strong>K\u00f5ige olulisem on j\u00e4lgida proportsioone ja harmoonia ning ilu standarditele.<\/strong> Tuleb vaadata, kuidas n\u00e4gu p\u00e4rast muutusi d\u00fcnaamiliselt v\u00e4lja n\u00e4eb ja alles siis, kui kosmeetik ja patsient on omavahel kokkuleppele j\u00f5udnud, protseduuriga edasi minna.<\/p>\n<p>Lisaks huulte suurendamisele on naistel sageli mureks ka huulte noorendamine. Kontuurplastika v\u00f5imaldab eemaldada kortsud ning anda huultele teist noorust ja t\u00e4idlust.<\/p>\n<p>T\u00e4iteainet saab panna vaid m\u00f5neks ajaks.<\/p>\n<\/td>\n<td><img fetchpriority=\"high\" decoding=\"async\" class=\"alignnone size-full wp-image-1279\" src=\"https:\/\/kosmetoloog.ee\/wp-content\/uploads\/2023\/09\/IMG_4948.jpg\" alt=\"\" width=\"667\" height=\"1000\" srcset=\"https:\/\/old.kosmetoloog.ee\/wp-content\/uploads\/2023\/09\/IMG_4948.jpg 667w, https:\/\/old.kosmetoloog.ee\/wp-content\/uploads\/2023\/09\/IMG_4948-200x300.jpg 200w, https:\/\/old.kosmetoloog.ee\/wp-content\/uploads\/2023\/09\/IMG_4948-600x900.jpg 600w\" sizes=\"(max-width: 667px) 100vw, 667px\" \/><\/td>\n<\/tr>\n<\/tbody>\n<\/table>\n<table border=\"0\">\n<tbody>\n<tr>\n<td><img decoding=\"async\" class=\"alignnone size-full wp-image-1281 lazyload\" data-src=\"https:\/\/kosmetoloog.ee\/wp-content\/uploads\/2023\/09\/IMG_4950-1.jpg\" alt=\"\" width=\"667\" height=\"1000\" data-srcset=\"https:\/\/old.kosmetoloog.ee\/wp-content\/uploads\/2023\/09\/IMG_4950-1.jpg 667w, https:\/\/old.kosmetoloog.ee\/wp-content\/uploads\/2023\/09\/IMG_4950-1-200x300.jpg 200w, https:\/\/old.kosmetoloog.ee\/wp-content\/uploads\/2023\/09\/IMG_4950-1-600x900.jpg 600w\" data-sizes=\"(max-width: 667px) 100vw, 667px\" src=\"data:image\/svg+xml;base64,PHN2ZyB3aWR0aD0iMSIgaGVpZ2h0PSIxIiB4bWxucz0iaHR0cDovL3d3dy53My5vcmcvMjAwMC9zdmciPjwvc3ZnPg==\" style=\"--smush-placeholder-width: 667px; --smush-placeholder-aspect-ratio: 667\/1000;\" \/><\/td>\n<td>\n<p>Kui kaua te uusi huuli kandma hakkate, s\u00f5ltub teie elustiilist ja individuaalsetest f\u00fcsioloogilistest omadustest. Keskmiselt on t\u00e4htajad vahemikus 10 kuni 12 kuud. Kui tegelete palju spordiga, armastate sauna ja vanni k\u00fclastada v\u00f5i suitsetate (sellel juhul aktiveeritakse suu ringikujulised lihased), v\u00f5ib t\u00e4iteaine imenduda kiiremini. On naisi, kellel h\u00fcaluroonhape p\u00fcsib 1,5-2 aastat. Nende nahas on v\u00e4he ens\u00fc\u00fcmi, mis lagundab seda happeid. Muide, sellised naised vananevad aeglasemalt.<\/p>\n<p>P\u00e4rast protseduuri tekib turse, mis kestab 2-3 p\u00e4eva. Selle p\u00f5hjuseks on nii lokaalanesteetikum kui ka s\u00fcstide k\u00e4igus tekkinud nahatrauma.<\/p>\n<p>Preparaadile n\u00f5uatakse aega, et saavutada &#8220;l\u00f5plik positsioon&#8221; huulte piirkonnas. Kui m\u00e4rkate sel perioodil m\u00f5ningaid ebakorrap\u00e4rasusi, saab need s\u00f5rmede vahel s\u00f5tkudes kergesti eemaldada. Huulte korrigeerimist saab teha kahes etapis. N\u00e4iteks, kui huuled on liiga kitsad on vaja rohkem t\u00e4iteainet. See taktika v\u00e4ldib naha \u00fclevenitamist. Preparaadi teine annus antakse teile kaks n\u00e4dalat p\u00e4rast esimest ravi.<\/p>\n<p>L\u00f5pptulemust k\u00f5igil eelnimetatud juhtudel saab hinnata kuu aja p\u00e4rast, kui olete &#8220;uute&#8221; huultega harjunud.<\/p>\n<\/td>\n<\/tr>\n<\/tbody>\n<\/table>\n<table border=\"0\">\n<tbody>\n<tr>\n<td>\n<p><strong>Absoluutsed vastun\u00e4idustused:<\/strong><\/p>\n<p><strong>\u00d8<\/strong>Varasemad reaktsioonid h\u00fcaluroonhappele<\/p>\n<p><strong>\u00d8<\/strong>Mitu allergiat anamneesis<\/p>\n<p><strong>\u00d8<\/strong>Anaf\u00fclaktiline reaktsioon anamneesis<\/p>\n<\/td>\n<td>\n<p><strong>Ajutised vastun\u00e4idustused:<\/strong><\/p>\n<p><strong>\u00d8 Herpes v\u00f5i muud haigused implanteerimiskohas (akne, dermatiit)<\/strong><\/p>\n<p><strong> \u00d8 Vere h\u00fc\u00fcbimish\u00e4ire<\/strong><\/p>\n<p><strong>\u00d8 Rasedus ja imetamine<\/strong><\/p>\n<\/td>\n<\/tr>\n<\/tbody>\n<\/table>\n<h4> <\/h4>\n<h4>Protseduuride hinnad:<\/h4>\n<\/p>\n<table dir=\"ltr\" border=\"1\">\n<colgroup>\n<col>\n<col>\n<col><\/colgroup>\n<tbody>\n<tr>\n<td data-sheets-value=\"{\"><span data-sheets-value=\"{\" data-sheets-userformat=\"{\">Huulte kontuurimine<\/span><\/td>\n<td data-sheets-value=\"{\" data-sheets-numberformat=\"{\">320-340\u20ac <\/td>\n<td data-sheets-value=\"{\">60 min<\/td>\n<\/tr>\n<tr>\n<td data-sheets-value=\"{\">\n<p>T\u00e4ites\u00fcstid Stylage S (0.8ml)<\/p>\n<\/td>\n<td data-sheets-value=\"{\" data-sheets-numberformat=\"{\">\n<p>320\u20ac<\/p>\n<\/td>\n<td data-sheets-value=\"{\">\n<p>60 min<\/p>\n<\/td>\n<\/tr>\n<tr>\n<td data-sheets-value=\"{\">\n<p>T\u00e4ites\u00fcstid Stylage M (1.0ml)<\/p>\n<\/td>\n<td data-sheets-value=\"{\" data-sheets-numberformat=\"{\">\n<p>320\u20ac<\/p>\n<\/td>\n<td data-sheets-value=\"{\">\n<p>60 min<\/p>\n<\/td>\n<\/tr>\n<tr>\n<td data-sheets-value=\"{\">\n<p>T\u00e4ites\u00fcstid Stylage L (1.0ml)<\/p>\n<\/td>\n<td data-sheets-value=\"{\" data-sheets-numberformat=\"{\">\n<p>320\u20ac<\/p>\n<\/td>\n<td data-sheets-value=\"{\">\n<p>60 min<\/p>\n<\/td>\n<\/tr>\n<tr>\n<td data-sheets-value=\"{\">\n<p>T\u00e4ites\u00fcstid Stylage XL (1.0ml)<\/p>\n<\/td>\n<td data-sheets-value=\"{\" data-sheets-numberformat=\"{\">\n<p>340\u20ac<\/p>\n<\/td>\n<td data-sheets-value=\"{\">\n<p>60 min<\/p>\n<\/td>\n<\/tr>\n<\/tbody>\n<\/table>\n\t\t\t\t\t\t\t\t<\/div>\n\t\t\t\t<\/div>\n\t\t\t\t\t<\/div>\n\t\t<\/div>\n\t\t\t\t\t<\/div>\n\t\t<\/section>\n\t\t\t\t<\/div>\n\t\t","protected":false},"excerpt":{"rendered":"<p>\u00dcks populaarsemaid kosmeetilisi protseduure on huulte suurendamine ja \u00fcmberkujundamine. Siit algab mitte ainult kosmeetiku, vaid ka kunstniku t\u00f6\u00f6. K\u00f5ige olulisem on j\u00e4lgida proportsioone ja harmoonia ning ilu standarditele. Tuleb vaadata, kuidas n\u00e4gu p\u00e4rast muutusi d\u00fcnaamiliselt v\u00e4lja n\u00e4eb ja alles siis, kui kosmeetik ja patsient on omavahel kokkuleppele j\u00f5udnud, protseduuriga edasi minna. Lisaks huulte suurendamisele on [&hellip;]<\/p>\n","protected":false},"author":1,"featured_media":0,"parent":1507,"menu_order":0,"comment_status":"closed","ping_status":"closed","template":"","meta":{"_acf_changed":false,"footnotes":""},"class_list":["post-1511","page","type-page","status-publish","hentry"],"acf":[],"yoast_head":"<!-- This site is optimized with the Yoast SEO plugin v25.7 - https:\/\/yoast.com\/wordpress\/plugins\/seo\/ -->\n<title>Huulte kontuurimine - Ilutoodete e-pood<\/title>\n<meta name=\"robots\" content=\"noindex, follow, max-snippet:-1, max-image-preview:large, max-video-preview:-1\" \/>\n<meta property=\"og:locale\" content=\"et_EE\" \/>\n<meta property=\"og:type\" content=\"article\" \/>\n<meta property=\"og:title\" content=\"Huulte kontuurimine - Ilutoodete e-pood\" \/>\n<meta property=\"og:description\" content=\"\u00dcks populaarsemaid kosmeetilisi protseduure on huulte suurendamine ja \u00fcmberkujundamine. Siit algab mitte ainult kosmeetiku, vaid ka kunstniku t\u00f6\u00f6. K\u00f5ige olulisem on j\u00e4lgida proportsioone ja harmoonia ning ilu standarditele. Tuleb vaadata, kuidas n\u00e4gu p\u00e4rast muutusi d\u00fcnaamiliselt v\u00e4lja n\u00e4eb ja alles siis, kui kosmeetik ja patsient on omavahel kokkuleppele j\u00f5udnud, protseduuriga edasi minna. Lisaks huulte suurendamisele on [&hellip;]\" \/>\n<meta property=\"og:url\" content=\"https:\/\/old.kosmetoloog.ee\/et\/teenused\/ilusustid\/huulte-kontuurimine\/\" \/>\n<meta property=\"og:site_name\" content=\"Ilutoodete e-pood\" \/>\n<meta property=\"article:modified_time\" content=\"2023-11-09T10:31:26+00:00\" \/>\n<meta property=\"og:image\" content=\"https:\/\/kosmetoloog.ee\/wp-content\/uploads\/2023\/09\/IMG_4948.jpg\" \/>\n<meta name=\"twitter:card\" content=\"summary_large_image\" \/>\n<meta name=\"twitter:label1\" content=\"Est. reading time\" \/>\n\t<meta name=\"twitter:data1\" content=\"2 minutit\" \/>\n<script type=\"application\/ld+json\" class=\"yoast-schema-graph\">{\"@context\":\"https:\/\/schema.org\",\"@graph\":[{\"@type\":\"WebPage\",\"@id\":\"https:\/\/old.kosmetoloog.ee\/et\/teenused\/ilusustid\/huulte-kontuurimine\/\",\"url\":\"https:\/\/old.kosmetoloog.ee\/et\/teenused\/ilusustid\/huulte-kontuurimine\/\",\"name\":\"Huulte kontuurimine - Ilutoodete e-pood\",\"isPartOf\":{\"@id\":\"https:\/\/old.kosmetoloog.ee\/#website\"},\"primaryImageOfPage\":{\"@id\":\"https:\/\/old.kosmetoloog.ee\/et\/teenused\/ilusustid\/huulte-kontuurimine\/#primaryimage\"},\"image\":{\"@id\":\"https:\/\/old.kosmetoloog.ee\/et\/teenused\/ilusustid\/huulte-kontuurimine\/#primaryimage\"},\"thumbnailUrl\":\"https:\/\/kosmetoloog.ee\/wp-content\/uploads\/2023\/09\/IMG_4948.jpg\",\"datePublished\":\"2023-09-25T10:57:41+00:00\",\"dateModified\":\"2023-11-09T10:31:26+00:00\",\"breadcrumb\":{\"@id\":\"https:\/\/old.kosmetoloog.ee\/et\/teenused\/ilusustid\/huulte-kontuurimine\/#breadcrumb\"},\"inLanguage\":\"et\",\"potentialAction\":[{\"@type\":\"ReadAction\",\"target\":[\"https:\/\/old.kosmetoloog.ee\/et\/teenused\/ilusustid\/huulte-kontuurimine\/\"]}]},{\"@type\":\"ImageObject\",\"inLanguage\":\"et\",\"@id\":\"https:\/\/old.kosmetoloog.ee\/et\/teenused\/ilusustid\/huulte-kontuurimine\/#primaryimage\",\"url\":\"https:\/\/kosmetoloog.ee\/wp-content\/uploads\/2023\/09\/IMG_4948.jpg\",\"contentUrl\":\"https:\/\/kosmetoloog.ee\/wp-content\/uploads\/2023\/09\/IMG_4948.jpg\"},{\"@type\":\"BreadcrumbList\",\"@id\":\"https:\/\/old.kosmetoloog.ee\/et\/teenused\/ilusustid\/huulte-kontuurimine\/#breadcrumb\",\"itemListElement\":[{\"@type\":\"ListItem\",\"position\":1,\"name\":\"Home\",\"item\":\"https:\/\/old.kosmetoloog.ee\/et\/\"},{\"@type\":\"ListItem\",\"position\":2,\"name\":\"Teenused\",\"item\":\"https:\/\/old.kosmetoloog.ee\/et\/teenused\/\"},{\"@type\":\"ListItem\",\"position\":3,\"name\":\"Ilus\u00fcstid\",\"item\":\"https:\/\/old.kosmetoloog.ee\/et\/teenused\/ilusustid\/\"},{\"@type\":\"ListItem\",\"position\":4,\"name\":\"Huulte kontuurimine\"}]},{\"@type\":\"WebSite\",\"@id\":\"https:\/\/old.kosmetoloog.ee\/#website\",\"url\":\"https:\/\/old.kosmetoloog.ee\/\",\"name\":\"Ilutoodete e-pood\",\"description\":\"Kosmeetika pood\",\"publisher\":{\"@id\":\"https:\/\/old.kosmetoloog.ee\/#organization\"},\"potentialAction\":[{\"@type\":\"SearchAction\",\"target\":{\"@type\":\"EntryPoint\",\"urlTemplate\":\"https:\/\/old.kosmetoloog.ee\/?s={search_term_string}\"},\"query-input\":{\"@type\":\"PropertyValueSpecification\",\"valueRequired\":true,\"valueName\":\"search_term_string\"}}],\"inLanguage\":\"et\"},{\"@type\":\"Organization\",\"@id\":\"https:\/\/old.kosmetoloog.ee\/#organization\",\"name\":\"You are You O\u00dc\",\"url\":\"https:\/\/old.kosmetoloog.ee\/\",\"logo\":{\"@type\":\"ImageObject\",\"inLanguage\":\"et\",\"@id\":\"https:\/\/old.kosmetoloog.ee\/#\/schema\/logo\/image\/\",\"url\":\"https:\/\/old.kosmetoloog.ee\/wp-content\/uploads\/2023\/08\/logo-1.png\",\"contentUrl\":\"https:\/\/old.kosmetoloog.ee\/wp-content\/uploads\/2023\/08\/logo-1.png\",\"width\":1200,\"height\":964,\"caption\":\"You are You O\u00dc\"},\"image\":{\"@id\":\"https:\/\/old.kosmetoloog.ee\/#\/schema\/logo\/image\/\"}}]}<\/script>\n<!-- \/ Yoast SEO plugin. -->","yoast_head_json":{"title":"Huulte kontuurimine - Ilutoodete e-pood","robots":{"index":"noindex","follow":"follow","max-snippet":"max-snippet:-1","max-image-preview":"max-image-preview:large","max-video-preview":"max-video-preview:-1"},"og_locale":"et_EE","og_type":"article","og_title":"Huulte kontuurimine - Ilutoodete e-pood","og_description":"\u00dcks populaarsemaid kosmeetilisi protseduure on huulte suurendamine ja \u00fcmberkujundamine. Siit algab mitte ainult kosmeetiku, vaid ka kunstniku t\u00f6\u00f6. K\u00f5ige olulisem on j\u00e4lgida proportsioone ja harmoonia ning ilu standarditele. Tuleb vaadata, kuidas n\u00e4gu p\u00e4rast muutusi d\u00fcnaamiliselt v\u00e4lja n\u00e4eb ja alles siis, kui kosmeetik ja patsient on omavahel kokkuleppele j\u00f5udnud, protseduuriga edasi minna. Lisaks huulte suurendamisele on [&hellip;]","og_url":"https:\/\/old.kosmetoloog.ee\/et\/teenused\/ilusustid\/huulte-kontuurimine\/","og_site_name":"Ilutoodete e-pood","article_modified_time":"2023-11-09T10:31:26+00:00","og_image":[{"url":"https:\/\/kosmetoloog.ee\/wp-content\/uploads\/2023\/09\/IMG_4948.jpg","type":"","width":"","height":""}],"twitter_card":"summary_large_image","twitter_misc":{"Est. reading time":"2 minutit"},"schema":{"@context":"https:\/\/schema.org","@graph":[{"@type":"WebPage","@id":"https:\/\/old.kosmetoloog.ee\/et\/teenused\/ilusustid\/huulte-kontuurimine\/","url":"https:\/\/old.kosmetoloog.ee\/et\/teenused\/ilusustid\/huulte-kontuurimine\/","name":"Huulte kontuurimine - Ilutoodete e-pood","isPartOf":{"@id":"https:\/\/old.kosmetoloog.ee\/#website"},"primaryImageOfPage":{"@id":"https:\/\/old.kosmetoloog.ee\/et\/teenused\/ilusustid\/huulte-kontuurimine\/#primaryimage"},"image":{"@id":"https:\/\/old.kosmetoloog.ee\/et\/teenused\/ilusustid\/huulte-kontuurimine\/#primaryimage"},"thumbnailUrl":"https:\/\/kosmetoloog.ee\/wp-content\/uploads\/2023\/09\/IMG_4948.jpg","datePublished":"2023-09-25T10:57:41+00:00","dateModified":"2023-11-09T10:31:26+00:00","breadcrumb":{"@id":"https:\/\/old.kosmetoloog.ee\/et\/teenused\/ilusustid\/huulte-kontuurimine\/#breadcrumb"},"inLanguage":"et","potentialAction":[{"@type":"ReadAction","target":["https:\/\/old.kosmetoloog.ee\/et\/teenused\/ilusustid\/huulte-kontuurimine\/"]}]},{"@type":"ImageObject","inLanguage":"et","@id":"https:\/\/old.kosmetoloog.ee\/et\/teenused\/ilusustid\/huulte-kontuurimine\/#primaryimage","url":"https:\/\/kosmetoloog.ee\/wp-content\/uploads\/2023\/09\/IMG_4948.jpg","contentUrl":"https:\/\/kosmetoloog.ee\/wp-content\/uploads\/2023\/09\/IMG_4948.jpg"},{"@type":"BreadcrumbList","@id":"https:\/\/old.kosmetoloog.ee\/et\/teenused\/ilusustid\/huulte-kontuurimine\/#breadcrumb","itemListElement":[{"@type":"ListItem","position":1,"name":"Home","item":"https:\/\/old.kosmetoloog.ee\/et\/"},{"@type":"ListItem","position":2,"name":"Teenused","item":"https:\/\/old.kosmetoloog.ee\/et\/teenused\/"},{"@type":"ListItem","position":3,"name":"Ilus\u00fcstid","item":"https:\/\/old.kosmetoloog.ee\/et\/teenused\/ilusustid\/"},{"@type":"ListItem","position":4,"name":"Huulte kontuurimine"}]},{"@type":"WebSite","@id":"https:\/\/old.kosmetoloog.ee\/#website","url":"https:\/\/old.kosmetoloog.ee\/","name":"Ilutoodete e-pood","description":"Kosmeetika pood","publisher":{"@id":"https:\/\/old.kosmetoloog.ee\/#organization"},"potentialAction":[{"@type":"SearchAction","target":{"@type":"EntryPoint","urlTemplate":"https:\/\/old.kosmetoloog.ee\/?s={search_term_string}"},"query-input":{"@type":"PropertyValueSpecification","valueRequired":true,"valueName":"search_term_string"}}],"inLanguage":"et"},{"@type":"Organization","@id":"https:\/\/old.kosmetoloog.ee\/#organization","name":"You are You O\u00dc","url":"https:\/\/old.kosmetoloog.ee\/","logo":{"@type":"ImageObject","inLanguage":"et","@id":"https:\/\/old.kosmetoloog.ee\/#\/schema\/logo\/image\/","url":"https:\/\/old.kosmetoloog.ee\/wp-content\/uploads\/2023\/08\/logo-1.png","contentUrl":"https:\/\/old.kosmetoloog.ee\/wp-content\/uploads\/2023\/08\/logo-1.png","width":1200,"height":964,"caption":"You are You O\u00dc"},"image":{"@id":"https:\/\/old.kosmetoloog.ee\/#\/schema\/logo\/image\/"}}]}},"_links":{"self":[{"href":"https:\/\/old.kosmetoloog.ee\/et\/wp-json\/wp\/v2\/pages\/1511","targetHints":{"allow":["GET"]}}],"collection":[{"href":"https:\/\/old.kosmetoloog.ee\/et\/wp-json\/wp\/v2\/pages"}],"about":[{"href":"https:\/\/old.kosmetoloog.ee\/et\/wp-json\/wp\/v2\/types\/page"}],"author":[{"embeddable":true,"href":"https:\/\/old.kosmetoloog.ee\/et\/wp-json\/wp\/v2\/users\/1"}],"replies":[{"embeddable":true,"href":"https:\/\/old.kosmetoloog.ee\/et\/wp-json\/wp\/v2\/comments?post=1511"}],"version-history":[{"count":1,"href":"https:\/\/old.kosmetoloog.ee\/et\/wp-json\/wp\/v2\/pages\/1511\/revisions"}],"predecessor-version":[{"id":1512,"href":"https:\/\/old.kosmetoloog.ee\/et\/wp-json\/wp\/v2\/pages\/1511\/revisions\/1512"}],"up":[{"embeddable":true,"href":"https:\/\/old.kosmetoloog.ee\/et\/wp-json\/wp\/v2\/pages\/1507"}],"wp:attachment":[{"href":"https:\/\/old.kosmetoloog.ee\/et\/wp-json\/wp\/v2\/media?parent=1511"}],"curies":[{"name":"wp","href":"https:\/\/api.w.org\/{rel}","templated":true}]}}