{"id":1513,"date":"2023-09-25T13:59:00","date_gmt":"2023-09-25T10:59:00","guid":{"rendered":"https:\/\/kosmetoloog.ee\/teenused\/ilusustid\/mesoteraapia\/"},"modified":"2023-11-09T12:31:44","modified_gmt":"2023-11-09T10:31:44","slug":"mesoteraapia","status":"publish","type":"page","link":"https:\/\/old.kosmetoloog.ee\/et\/teenused\/ilusustid\/mesoteraapia\/","title":{"rendered":"Mesoteraapia"},"content":{"rendered":"\t\t<div data-elementor-type=\"wp-page\" data-elementor-id=\"1513\" class=\"elementor elementor-1513 elementor-1287\" data-elementor-post-type=\"page\">\n\t\t\t\t\t\t<section class=\"elementor-section elementor-top-section elementor-element elementor-element-8e23006 elementor-section-boxed elementor-section-height-default elementor-section-height-default\" data-id=\"8e23006\" data-element_type=\"section\">\n\t\t\t\t\t\t<div class=\"elementor-container elementor-column-gap-default\">\n\t\t\t\t\t<div class=\"elementor-column elementor-col-100 elementor-top-column elementor-element elementor-element-93e4489\" data-id=\"93e4489\" data-element_type=\"column\">\n\t\t\t<div class=\"elementor-widget-wrap elementor-element-populated\">\n\t\t\t\t\t\t<div class=\"elementor-element elementor-element-bbc0113 elementor-widget elementor-widget-text-editor\" data-id=\"bbc0113\" data-element_type=\"widget\" data-widget_type=\"text-editor.default\">\n\t\t\t\t<div class=\"elementor-widget-container\">\n\t\t\t\t\t\t\t\t\t<table border=\"0\">\n<tbody>\n<tr>\n<td>\n<p>Mesoteraapia &#8211; s\u00fcstemeetod\/s\u00fcstide meetod, mille k\u00e4igus tehakse mitmeid v\u00e4ga pealiskaudseid s\u00fcste sihip\u00e4raselt probleemsele piirkonnale.<\/p>\n<\/p>\n<p><strong>Preparaadid on ohutud, ei p\u00f5hjusta s\u00f5ltuvust ega allergiat.<\/strong><\/p>\n<p><strong> <\/strong><\/p>\n<p>Silmapaistvad ning p\u00fcsivad tulemused meetodi kasutamisel tulenevad individuaalsest l\u00e4henemisest teie eesm\u00e4rkide saavutamisele ning ainult kindla preparaatide koostise valikust.<\/p>\n<\/p>\n<\/p>\n<\/td>\n<td><img fetchpriority=\"high\" decoding=\"async\" class=\"alignnone size-full wp-image-1289\" src=\"https:\/\/kosmetoloog.ee\/wp-content\/uploads\/2023\/09\/photo_2020-04-08_13-.webp\" alt=\"\" width=\"440\" height=\"293\" srcset=\"https:\/\/old.kosmetoloog.ee\/wp-content\/uploads\/2023\/09\/photo_2020-04-08_13-.webp 440w, https:\/\/old.kosmetoloog.ee\/wp-content\/uploads\/2023\/09\/photo_2020-04-08_13--300x200.webp 300w\" sizes=\"(max-width: 440px) 100vw, 440px\" \/><\/td>\n<\/tr>\n<\/tbody>\n<\/table>\n<h3>Mesoteraapia kasutatakse esteetilise kosmetoloogia erinevates valdkondades:<\/h3>\n<\/p>\n<table border=\"0\">\n<tbody>\n<tr>\n<td>\n<p><strong>Mesoteraapia n\u00e4ole:<\/strong><\/p>\n<p>1. Vanusega seotud muutused nahas (kortsud, muutused naha pigmentatsioonis jne);<br \/>2. V\u00e4hendatud n\u00e4onaha toon;<br \/>3. &#8220;Teine&#8221; l\u00f5ug;<br \/>4. &#8220;Paistes&#8221; n\u00e4oovaal;<br \/>5. &#8220;Kotid&#8221; ja tumedad ringid silmade all;<br \/>6. Kuperoos (laienenud veresooned);<br \/>7. Akne;<br \/>8. Seiskunud laigud;<br \/>9. Haige jume.<\/p>\n<\/td>\n<td>\n<p><strong>Peanaha jaoks:<\/strong><\/p>\n<p>1.Androgeenne juuste v\u00e4ljalangemine;<br \/>2. Alopeetsia;<br \/>3. Juuste v\u00e4ljalangemine.<\/p>\n<\/p>\n<\/p>\n<\/td>\n<td>\n<p><strong>Keha jaoks::<\/strong><\/p>\n<p>1. Tselluliit;<br \/>2. \u00dclekaal;<br \/>3. Lokaalsed rasvaladestused;<br \/>4. Venitusarmid;<br \/>5. Valu liigestes ja raskustunne jalgades;<br \/>6. Ebapiisav vereringe;<br \/>7. Tursed<\/p>\n<\/p>\n<\/td>\n<\/tr>\n<\/tbody>\n<\/table>\n<h4> <\/h4>\n<h4>Protseduuride hinnad:<\/h4>\n<\/p>\n<table dir=\"ltr\" border=\"1\">\n<colgroup>\n<col>\n<col>\n<col><\/colgroup>\n<tbody>\n<tr>\n<td data-sheets-value=\"{\">\n<p><strong>MESOTERAAPIA<\/strong><\/p>\n<\/td>\n<td data-sheets-value=\"{\" data-sheets-numberformat=\"{\"> <\/td>\n<td data-sheets-value=\"{\" data-sheets-numberformat=\"{\"> <\/td>\n<\/tr>\n<tr>\n<td data-sheets-value=\"{\">\n<p>DERMAPEN mikromesoteraapia (n\u00e4gu,kael)<\/p>\n<\/td>\n<td data-sheets-value=\"{\" data-sheets-numberformat=\"{\">\n<p>75\u20ac<\/p>\n<\/td>\n<td data-sheets-value=\"{\">\n<p>60 min<\/p>\n<\/td>\n<\/tr>\n<tr>\n<td data-sheets-value=\"{\">\n<p><span data-sheets-value=\"{\" data-sheets-userformat=\"{\">S\u00fcstimata mesoteraapia (Mesobust)<\/span><\/p>\n<\/td>\n<td data-sheets-value=\"{\" data-sheets-numberformat=\"{\">\n<p>150\u20ac<\/p>\n<\/td>\n<td data-sheets-value=\"{\">\n<p>60 min<\/p>\n<\/td>\n<\/tr>\n<tr>\n<td data-sheets-value=\"{\">\n<p>N\u00e4ohooldus pinguldav NanoAsia multi-peptiidi seerumiga<\/p>\n<\/td>\n<td data-sheets-value=\"{\" data-sheets-numberformat=\"{\">\n<p>75\u20ac<\/p>\n<\/td>\n<td data-sheets-value=\"{\">\n<p>60 min<\/p>\n<\/td>\n<\/tr>\n<tr>\n<td data-sheets-value=\"{\">\n<p>N\u00e4ohooldus pinguldav NanoAsia Lifting maskiga botoxi efektiga n\u00e4olihastele (n\u00e4onahk, silma\u00fcmbrus)<\/p>\n<\/td>\n<td data-sheets-value=\"{\" data-sheets-numberformat=\"{\">\n<p>75\u20ac<\/p>\n<\/td>\n<td data-sheets-value=\"{\">\n<p>60 min<\/p>\n<\/td>\n<\/tr>\n<tr>\n<td data-sheets-value=\"{\">\n<p>Mesoteraapia juustele Apriline HairLine<\/p>\n<\/td>\n<td data-sheets-value=\"{\" data-sheets-numberformat=\"{\">\n<p>75\u20ac<\/p>\n<\/td>\n<td data-sheets-value=\"{\" data-sheets-numberformat=\"{\">\n<p>30 min<\/p>\n<\/td>\n<\/tr>\n<tr>\n<td data-sheets-value=\"{\">\n<p>Mesoteraapia juustele 5x kuur<\/p>\n<\/td>\n<td data-sheets-value=\"{\" data-sheets-numberformat=\"{\">\n<p>280\u20ac<\/p>\n<\/td>\n<td data-sheets-value=\"{\" data-sheets-numberformat=\"{\">\n<p>30 min<\/p>\n<\/td>\n<\/tr>\n<tr>\n<td data-sheets-value=\"{\">\n<p>Mesoteraapia juustele (1 x kuurist)<\/p>\n<\/td>\n<td data-sheets-value=\"{\" data-sheets-numberformat=\"{\">\n<p>56\u20ac<\/p>\n<\/td>\n<td data-sheets-value=\"{\" data-sheets-numberformat=\"{\">\n<p>30 min<\/p>\n<\/td>\n<\/tr>\n<tr>\n<td data-sheets-value=\"{\">\n<p>Mesoteraapia kehale<\/p>\n<\/td>\n<td data-sheets-value=\"{\" data-sheets-numberformat=\"{\">\n<p>85\u20ac<\/p>\n<\/td>\n<td data-sheets-value=\"{\">\n<p>60 min<\/p>\n<\/td>\n<\/tr>\n<tr>\n<td data-sheets-value=\"{\">\n<p>Mesoteraapia Meso-Eye C71 tuimestusega koos<\/p>\n<\/td>\n<td data-sheets-value=\"{\" data-sheets-numberformat=\"{\">\n<p>190\u20ac<\/p>\n<\/td>\n<td data-sheets-value=\"{\">\n<p>60 min<\/p>\n<\/td>\n<\/tr>\n<tr>\n<td data-sheets-value=\"{\">\n<p>Fillmed NCTF\u00ae 135HA N\u00e4gu + Kael<\/p>\n<\/td>\n<td data-sheets-value=\"{\" data-sheets-numberformat=\"{\">\n<p>135\u20ac<\/p>\n<\/td>\n<td data-sheets-value=\"{\">\n<p>60 min<\/p>\n<\/td>\n<\/tr>\n<tr>\n<td data-sheets-value=\"{\">\n<p>Fillmed NCTF\u00ae 135HA N\u00e4gu + Kael + Dekoltee<\/p>\n<\/td>\n<td data-sheets-value=\"{\" data-sheets-numberformat=\"{\">\n<p>175\u20ac<\/p>\n<\/td>\n<td data-sheets-value=\"{\">\n<p>60 min<\/p>\n<\/td>\n<\/tr>\n<\/tbody>\n<\/table>\n\t\t\t\t\t\t\t\t<\/div>\n\t\t\t\t<\/div>\n\t\t\t\t\t<\/div>\n\t\t<\/div>\n\t\t\t\t\t<\/div>\n\t\t<\/section>\n\t\t\t\t<\/div>\n\t\t","protected":false},"excerpt":{"rendered":"<p>Mesoteraapia &#8211; s\u00fcstemeetod\/s\u00fcstide meetod, mille k\u00e4igus tehakse mitmeid v\u00e4ga pealiskaudseid s\u00fcste sihip\u00e4raselt probleemsele piirkonnale. Preparaadid on ohutud, ei p\u00f5hjusta s\u00f5ltuvust ega allergiat. Silmapaistvad ning p\u00fcsivad tulemused meetodi kasutamisel tulenevad individuaalsest l\u00e4henemisest teie eesm\u00e4rkide saavutamisele ning ainult kindla preparaatide koostise valikust. Mesoteraapia kasutatakse esteetilise kosmetoloogia erinevates valdkondades: Mesoteraapia n\u00e4ole: 1. Vanusega seotud muutused nahas (kortsud, muutused [&hellip;]<\/p>\n","protected":false},"author":1,"featured_media":0,"parent":1507,"menu_order":0,"comment_status":"closed","ping_status":"closed","template":"","meta":{"_acf_changed":false,"footnotes":""},"class_list":["post-1513","page","type-page","status-publish","hentry"],"acf":[],"yoast_head":"<!-- This site is optimized with the Yoast SEO plugin v25.7 - https:\/\/yoast.com\/wordpress\/plugins\/seo\/ -->\n<title>Mesoteraapia - Ilutoodete e-pood<\/title>\n<meta name=\"robots\" content=\"noindex, follow, max-snippet:-1, max-image-preview:large, max-video-preview:-1\" \/>\n<meta property=\"og:locale\" content=\"et_EE\" \/>\n<meta property=\"og:type\" content=\"article\" \/>\n<meta property=\"og:title\" content=\"Mesoteraapia - Ilutoodete e-pood\" \/>\n<meta property=\"og:description\" content=\"Mesoteraapia &#8211; s\u00fcstemeetod\/s\u00fcstide meetod, mille k\u00e4igus tehakse mitmeid v\u00e4ga pealiskaudseid s\u00fcste sihip\u00e4raselt probleemsele piirkonnale. Preparaadid on ohutud, ei p\u00f5hjusta s\u00f5ltuvust ega allergiat. Silmapaistvad ning p\u00fcsivad tulemused meetodi kasutamisel tulenevad individuaalsest l\u00e4henemisest teie eesm\u00e4rkide saavutamisele ning ainult kindla preparaatide koostise valikust. Mesoteraapia kasutatakse esteetilise kosmetoloogia erinevates valdkondades: Mesoteraapia n\u00e4ole: 1. Vanusega seotud muutused nahas (kortsud, muutused [&hellip;]\" \/>\n<meta property=\"og:url\" content=\"https:\/\/old.kosmetoloog.ee\/et\/teenused\/ilusustid\/mesoteraapia\/\" \/>\n<meta property=\"og:site_name\" content=\"Ilutoodete e-pood\" \/>\n<meta property=\"article:modified_time\" content=\"2023-11-09T10:31:44+00:00\" \/>\n<meta property=\"og:image\" content=\"https:\/\/kosmetoloog.ee\/wp-content\/uploads\/2023\/09\/photo_2020-04-08_13-.webp\" \/>\n<meta name=\"twitter:card\" content=\"summary_large_image\" \/>\n<meta name=\"twitter:label1\" content=\"Est. reading time\" \/>\n\t<meta name=\"twitter:data1\" content=\"1 minut\" \/>\n<script type=\"application\/ld+json\" class=\"yoast-schema-graph\">{\"@context\":\"https:\/\/schema.org\",\"@graph\":[{\"@type\":\"WebPage\",\"@id\":\"https:\/\/old.kosmetoloog.ee\/et\/teenused\/ilusustid\/mesoteraapia\/\",\"url\":\"https:\/\/old.kosmetoloog.ee\/et\/teenused\/ilusustid\/mesoteraapia\/\",\"name\":\"Mesoteraapia - Ilutoodete e-pood\",\"isPartOf\":{\"@id\":\"https:\/\/old.kosmetoloog.ee\/#website\"},\"primaryImageOfPage\":{\"@id\":\"https:\/\/old.kosmetoloog.ee\/et\/teenused\/ilusustid\/mesoteraapia\/#primaryimage\"},\"image\":{\"@id\":\"https:\/\/old.kosmetoloog.ee\/et\/teenused\/ilusustid\/mesoteraapia\/#primaryimage\"},\"thumbnailUrl\":\"https:\/\/kosmetoloog.ee\/wp-content\/uploads\/2023\/09\/photo_2020-04-08_13-.webp\",\"datePublished\":\"2023-09-25T10:59:00+00:00\",\"dateModified\":\"2023-11-09T10:31:44+00:00\",\"breadcrumb\":{\"@id\":\"https:\/\/old.kosmetoloog.ee\/et\/teenused\/ilusustid\/mesoteraapia\/#breadcrumb\"},\"inLanguage\":\"et\",\"potentialAction\":[{\"@type\":\"ReadAction\",\"target\":[\"https:\/\/old.kosmetoloog.ee\/et\/teenused\/ilusustid\/mesoteraapia\/\"]}]},{\"@type\":\"ImageObject\",\"inLanguage\":\"et\",\"@id\":\"https:\/\/old.kosmetoloog.ee\/et\/teenused\/ilusustid\/mesoteraapia\/#primaryimage\",\"url\":\"https:\/\/kosmetoloog.ee\/wp-content\/uploads\/2023\/09\/photo_2020-04-08_13-.webp\",\"contentUrl\":\"https:\/\/kosmetoloog.ee\/wp-content\/uploads\/2023\/09\/photo_2020-04-08_13-.webp\"},{\"@type\":\"BreadcrumbList\",\"@id\":\"https:\/\/old.kosmetoloog.ee\/et\/teenused\/ilusustid\/mesoteraapia\/#breadcrumb\",\"itemListElement\":[{\"@type\":\"ListItem\",\"position\":1,\"name\":\"Home\",\"item\":\"https:\/\/old.kosmetoloog.ee\/et\/\"},{\"@type\":\"ListItem\",\"position\":2,\"name\":\"Teenused\",\"item\":\"https:\/\/old.kosmetoloog.ee\/et\/teenused\/\"},{\"@type\":\"ListItem\",\"position\":3,\"name\":\"Ilus\u00fcstid\",\"item\":\"https:\/\/old.kosmetoloog.ee\/et\/teenused\/ilusustid\/\"},{\"@type\":\"ListItem\",\"position\":4,\"name\":\"Mesoteraapia\"}]},{\"@type\":\"WebSite\",\"@id\":\"https:\/\/old.kosmetoloog.ee\/#website\",\"url\":\"https:\/\/old.kosmetoloog.ee\/\",\"name\":\"Ilutoodete e-pood\",\"description\":\"Kosmeetika pood\",\"publisher\":{\"@id\":\"https:\/\/old.kosmetoloog.ee\/#organization\"},\"potentialAction\":[{\"@type\":\"SearchAction\",\"target\":{\"@type\":\"EntryPoint\",\"urlTemplate\":\"https:\/\/old.kosmetoloog.ee\/?s={search_term_string}\"},\"query-input\":{\"@type\":\"PropertyValueSpecification\",\"valueRequired\":true,\"valueName\":\"search_term_string\"}}],\"inLanguage\":\"et\"},{\"@type\":\"Organization\",\"@id\":\"https:\/\/old.kosmetoloog.ee\/#organization\",\"name\":\"You are You O\u00dc\",\"url\":\"https:\/\/old.kosmetoloog.ee\/\",\"logo\":{\"@type\":\"ImageObject\",\"inLanguage\":\"et\",\"@id\":\"https:\/\/old.kosmetoloog.ee\/#\/schema\/logo\/image\/\",\"url\":\"https:\/\/old.kosmetoloog.ee\/wp-content\/uploads\/2023\/08\/logo-1.png\",\"contentUrl\":\"https:\/\/old.kosmetoloog.ee\/wp-content\/uploads\/2023\/08\/logo-1.png\",\"width\":1200,\"height\":964,\"caption\":\"You are You O\u00dc\"},\"image\":{\"@id\":\"https:\/\/old.kosmetoloog.ee\/#\/schema\/logo\/image\/\"}}]}<\/script>\n<!-- \/ Yoast SEO plugin. -->","yoast_head_json":{"title":"Mesoteraapia - Ilutoodete e-pood","robots":{"index":"noindex","follow":"follow","max-snippet":"max-snippet:-1","max-image-preview":"max-image-preview:large","max-video-preview":"max-video-preview:-1"},"og_locale":"et_EE","og_type":"article","og_title":"Mesoteraapia - Ilutoodete e-pood","og_description":"Mesoteraapia &#8211; s\u00fcstemeetod\/s\u00fcstide meetod, mille k\u00e4igus tehakse mitmeid v\u00e4ga pealiskaudseid s\u00fcste sihip\u00e4raselt probleemsele piirkonnale. Preparaadid on ohutud, ei p\u00f5hjusta s\u00f5ltuvust ega allergiat. Silmapaistvad ning p\u00fcsivad tulemused meetodi kasutamisel tulenevad individuaalsest l\u00e4henemisest teie eesm\u00e4rkide saavutamisele ning ainult kindla preparaatide koostise valikust. Mesoteraapia kasutatakse esteetilise kosmetoloogia erinevates valdkondades: Mesoteraapia n\u00e4ole: 1. Vanusega seotud muutused nahas (kortsud, muutused [&hellip;]","og_url":"https:\/\/old.kosmetoloog.ee\/et\/teenused\/ilusustid\/mesoteraapia\/","og_site_name":"Ilutoodete e-pood","article_modified_time":"2023-11-09T10:31:44+00:00","og_image":[{"url":"https:\/\/kosmetoloog.ee\/wp-content\/uploads\/2023\/09\/photo_2020-04-08_13-.webp","type":"","width":"","height":""}],"twitter_card":"summary_large_image","twitter_misc":{"Est. reading time":"1 minut"},"schema":{"@context":"https:\/\/schema.org","@graph":[{"@type":"WebPage","@id":"https:\/\/old.kosmetoloog.ee\/et\/teenused\/ilusustid\/mesoteraapia\/","url":"https:\/\/old.kosmetoloog.ee\/et\/teenused\/ilusustid\/mesoteraapia\/","name":"Mesoteraapia - Ilutoodete e-pood","isPartOf":{"@id":"https:\/\/old.kosmetoloog.ee\/#website"},"primaryImageOfPage":{"@id":"https:\/\/old.kosmetoloog.ee\/et\/teenused\/ilusustid\/mesoteraapia\/#primaryimage"},"image":{"@id":"https:\/\/old.kosmetoloog.ee\/et\/teenused\/ilusustid\/mesoteraapia\/#primaryimage"},"thumbnailUrl":"https:\/\/kosmetoloog.ee\/wp-content\/uploads\/2023\/09\/photo_2020-04-08_13-.webp","datePublished":"2023-09-25T10:59:00+00:00","dateModified":"2023-11-09T10:31:44+00:00","breadcrumb":{"@id":"https:\/\/old.kosmetoloog.ee\/et\/teenused\/ilusustid\/mesoteraapia\/#breadcrumb"},"inLanguage":"et","potentialAction":[{"@type":"ReadAction","target":["https:\/\/old.kosmetoloog.ee\/et\/teenused\/ilusustid\/mesoteraapia\/"]}]},{"@type":"ImageObject","inLanguage":"et","@id":"https:\/\/old.kosmetoloog.ee\/et\/teenused\/ilusustid\/mesoteraapia\/#primaryimage","url":"https:\/\/kosmetoloog.ee\/wp-content\/uploads\/2023\/09\/photo_2020-04-08_13-.webp","contentUrl":"https:\/\/kosmetoloog.ee\/wp-content\/uploads\/2023\/09\/photo_2020-04-08_13-.webp"},{"@type":"BreadcrumbList","@id":"https:\/\/old.kosmetoloog.ee\/et\/teenused\/ilusustid\/mesoteraapia\/#breadcrumb","itemListElement":[{"@type":"ListItem","position":1,"name":"Home","item":"https:\/\/old.kosmetoloog.ee\/et\/"},{"@type":"ListItem","position":2,"name":"Teenused","item":"https:\/\/old.kosmetoloog.ee\/et\/teenused\/"},{"@type":"ListItem","position":3,"name":"Ilus\u00fcstid","item":"https:\/\/old.kosmetoloog.ee\/et\/teenused\/ilusustid\/"},{"@type":"ListItem","position":4,"name":"Mesoteraapia"}]},{"@type":"WebSite","@id":"https:\/\/old.kosmetoloog.ee\/#website","url":"https:\/\/old.kosmetoloog.ee\/","name":"Ilutoodete e-pood","description":"Kosmeetika pood","publisher":{"@id":"https:\/\/old.kosmetoloog.ee\/#organization"},"potentialAction":[{"@type":"SearchAction","target":{"@type":"EntryPoint","urlTemplate":"https:\/\/old.kosmetoloog.ee\/?s={search_term_string}"},"query-input":{"@type":"PropertyValueSpecification","valueRequired":true,"valueName":"search_term_string"}}],"inLanguage":"et"},{"@type":"Organization","@id":"https:\/\/old.kosmetoloog.ee\/#organization","name":"You are You O\u00dc","url":"https:\/\/old.kosmetoloog.ee\/","logo":{"@type":"ImageObject","inLanguage":"et","@id":"https:\/\/old.kosmetoloog.ee\/#\/schema\/logo\/image\/","url":"https:\/\/old.kosmetoloog.ee\/wp-content\/uploads\/2023\/08\/logo-1.png","contentUrl":"https:\/\/old.kosmetoloog.ee\/wp-content\/uploads\/2023\/08\/logo-1.png","width":1200,"height":964,"caption":"You are You O\u00dc"},"image":{"@id":"https:\/\/old.kosmetoloog.ee\/#\/schema\/logo\/image\/"}}]}},"_links":{"self":[{"href":"https:\/\/old.kosmetoloog.ee\/et\/wp-json\/wp\/v2\/pages\/1513","targetHints":{"allow":["GET"]}}],"collection":[{"href":"https:\/\/old.kosmetoloog.ee\/et\/wp-json\/wp\/v2\/pages"}],"about":[{"href":"https:\/\/old.kosmetoloog.ee\/et\/wp-json\/wp\/v2\/types\/page"}],"author":[{"embeddable":true,"href":"https:\/\/old.kosmetoloog.ee\/et\/wp-json\/wp\/v2\/users\/1"}],"replies":[{"embeddable":true,"href":"https:\/\/old.kosmetoloog.ee\/et\/wp-json\/wp\/v2\/comments?post=1513"}],"version-history":[{"count":1,"href":"https:\/\/old.kosmetoloog.ee\/et\/wp-json\/wp\/v2\/pages\/1513\/revisions"}],"predecessor-version":[{"id":1514,"href":"https:\/\/old.kosmetoloog.ee\/et\/wp-json\/wp\/v2\/pages\/1513\/revisions\/1514"}],"up":[{"embeddable":true,"href":"https:\/\/old.kosmetoloog.ee\/et\/wp-json\/wp\/v2\/pages\/1507"}],"wp:attachment":[{"href":"https:\/\/old.kosmetoloog.ee\/et\/wp-json\/wp\/v2\/media?parent=1513"}],"curies":[{"name":"wp","href":"https:\/\/api.w.org\/{rel}","templated":true}]}}