{"id":1515,"date":"2023-09-25T13:55:40","date_gmt":"2023-09-25T10:55:40","guid":{"rendered":"https:\/\/kosmetoloog.ee\/teenused\/ilusustid\/plasmolifting\/"},"modified":"2023-11-09T12:32:04","modified_gmt":"2023-11-09T10:32:04","slug":"plasmolifting","status":"publish","type":"page","link":"https:\/\/old.kosmetoloog.ee\/et\/teenused\/ilusustid\/plasmolifting\/","title":{"rendered":"Plasmolifting"},"content":{"rendered":"\t\t<div data-elementor-type=\"wp-page\" data-elementor-id=\"1515\" class=\"elementor elementor-1515 elementor-1267\" data-elementor-post-type=\"page\">\n\t\t\t\t\t\t<section class=\"elementor-section elementor-top-section elementor-element elementor-element-7148d43 elementor-section-boxed elementor-section-height-default elementor-section-height-default\" data-id=\"7148d43\" data-element_type=\"section\">\n\t\t\t\t\t\t<div class=\"elementor-container elementor-column-gap-default\">\n\t\t\t\t\t<div class=\"elementor-column elementor-col-100 elementor-top-column elementor-element elementor-element-5fdeff2\" data-id=\"5fdeff2\" data-element_type=\"column\">\n\t\t\t<div class=\"elementor-widget-wrap elementor-element-populated\">\n\t\t\t\t\t\t<div class=\"elementor-element elementor-element-765905c elementor-widget elementor-widget-text-editor\" data-id=\"765905c\" data-element_type=\"widget\" data-widget_type=\"text-editor.default\">\n\t\t\t\t<div class=\"elementor-widget-container\">\n\t\t\t\t\t\t\t\t\t<table border=\"0\">\n<tbody>\n<tr>\n<td>\n<p>Plasmolifting on \u0160veitsis patenteeritud noorendamise meetod, mis p\u00f5hineb patsiendi keha ressurssidel, nimelt rikastatud trombots\u00fc\u00fctidega vere autoplasmal.See meetod m\u00f5jutab positiivselt rakkude t\u00f6\u00f6d.<\/p>\n<p>Protseduur on laialt tuntud oma &#8220;loomulikkuse&#8221; poolest. Sageli on see suurep\u00e4rane alternatiiv biorevitalisatsioonile ja mesoteraapiale. Laboratoorsed teadlased oluliselt t\u00e4iustanud klassikalise teraapia s\u00fcsteemi.<\/p>\n<p>RegenLabi tuubide abil saadud autogeel on 10 korda efektiivsem kui &#8220;vana&#8221; meetodiga saadud materjal. Puhta plasma kogus &#8220;nutikas&#8221; tuubis on 5 ml, v\u00f5rreldes tavap\u00e4rase plasmateraapiaga kogutud 2 ml-ga.<\/p>\n<p>Need eelised v\u00f5imaldavad meil suurendada protseduuride intervalle ja v\u00e4hendada nende arvu poole v\u00f5rra!<\/p>\n<\/td>\n<td> <img fetchpriority=\"high\" decoding=\"async\" class=\"alignnone size-full wp-image-1269\" src=\"https:\/\/kosmetoloog.ee\/wp-content\/uploads\/2023\/09\/IMG_4901-1.jpg\" alt=\"\" width=\"667\" height=\"1000\" srcset=\"https:\/\/old.kosmetoloog.ee\/wp-content\/uploads\/2023\/09\/IMG_4901-1.jpg 667w, https:\/\/old.kosmetoloog.ee\/wp-content\/uploads\/2023\/09\/IMG_4901-1-200x300.jpg 200w, https:\/\/old.kosmetoloog.ee\/wp-content\/uploads\/2023\/09\/IMG_4901-1-600x900.jpg 600w\" sizes=\"(max-width: 667px) 100vw, 667px\" \/><\/td>\n<\/tr>\n<\/tbody>\n<\/table>\n<h4> <\/h4>\n<table border=\"0\">\n<tbody>\n<tr>\n<td><img decoding=\"async\" class=\"alignnone size-full wp-image-1271 lazyload\" data-src=\"https:\/\/kosmetoloog.ee\/wp-content\/uploads\/2023\/09\/IMG_4902.jpg\" alt=\"\" width=\"667\" height=\"1000\" data-srcset=\"https:\/\/old.kosmetoloog.ee\/wp-content\/uploads\/2023\/09\/IMG_4902.jpg 667w, https:\/\/old.kosmetoloog.ee\/wp-content\/uploads\/2023\/09\/IMG_4902-200x300.jpg 200w, https:\/\/old.kosmetoloog.ee\/wp-content\/uploads\/2023\/09\/IMG_4902-600x900.jpg 600w\" data-sizes=\"(max-width: 667px) 100vw, 667px\" src=\"data:image\/svg+xml;base64,PHN2ZyB3aWR0aD0iMSIgaGVpZ2h0PSIxIiB4bWxucz0iaHR0cDovL3d3dy53My5vcmcvMjAwMC9zdmciPjwvc3ZnPg==\" style=\"--smush-placeholder-width: 667px; --smush-placeholder-aspect-ratio: 667\/1000;\" \/><\/td>\n<td>\n<h3> <\/h3>\n<h4>Milliseid probleeme lahendab RegenLabi plasmolifting?<\/h4>\n<h3> <\/h3>\n<p>\u2665 Vanusega seotud nahamuutused.<br \/>K\u00f5igepealt on teraapia suunatud noorendavate mehhanismide k\u00e4ivitamisele. Eriti sobib neile, kes on allergilistele reaktsioonidele kalduvad, kuna siin on nende risk viidud miinimumini.<\/p>\n<p>\u2665 Kuiv, &#8220;v\u00e4sinud&#8221; nahk.<br \/>Eksperdid soovitavad plasmateraapiat naistele, kellel ei ilmne ilmseid vananemise m\u00e4rke. Suurlinna v\u00e4listegurite, t\u00f6\u00f6 ja stressi t\u00f5ttu n\u00f5uab isegi noor n\u00e4gu hoolikat hooldust. Vaid m\u00f5ne seansiga saate suurep\u00e4rase tulemuse: vapustav lifting ja intensiivne toitumine.<\/p>\n<p>\u2665 Pigmentatsioonilaigud, akne ja teised dermatoloogilised haigused.<\/p>\n<p>\u2665 Alopeetsia (juuste v\u00e4ljalangemine), juuste tuhmus ja n\u00f5rkus. Ideaalne juuste tiheduse taastamiseks ja juuste kasvu parandamiseks. Juuste struktuuri muutmine peale esimest protseduuri!<\/p>\n<p>\u2665 Venitusarmid ja mikropraod.<\/p>\n<\/p>\n<\/td>\n<\/tr>\n<\/tbody>\n<\/table>\n<h4> <\/h4>\n<h4>Protseduuride hinnad:<\/h4>\n<\/p>\n<table dir=\"ltr\" border=\"1\">\n<colgroup>\n<col>\n<col>\n<col><\/colgroup>\n<tbody>\n<tr>\n<td data-sheets-value=\"{\">\n<p><strong>PLASMOLIFTING<\/strong><\/p>\n<\/td>\n<td data-sheets-value=\"{\" data-sheets-numberformat=\"{\"> <\/td>\n<td data-sheets-value=\"{\" data-sheets-numberformat=\"{\"> <\/td>\n<\/tr>\n<tr>\n<td data-sheets-value=\"{\">\n<p>Plasmoteraapia \u2013 juuste v\u00e4ljalangemise ravi<\/p>\n<\/td>\n<td data-sheets-value=\"{\" data-sheets-numberformat=\"{\">\n<p>190\u20ac<\/p>\n<\/td>\n<td data-sheets-value=\"{\">\n<p>60 min<\/p>\n<\/td>\n<\/tr>\n<tr>\n<td data-sheets-value=\"{\">\n<p>Plasmoteraapia \u2013 n\u00e4o noorendamine<\/p>\n<\/td>\n<td data-sheets-value=\"{\" data-sheets-numberformat=\"{\">\n<p>225\u20ac<\/p>\n<\/td>\n<td data-sheets-value=\"{\">\n<p>60 min<\/p>\n<\/td>\n<\/tr>\n<tr>\n<td data-sheets-value=\"{\">\n<p>Plasmoteraapia \u2013 n\u00e4o ja kaela noorendamine<\/p>\n<\/td>\n<td data-sheets-value=\"{\" data-sheets-numberformat=\"{\">\n<p>290\u20ac<\/p>\n<\/td>\n<td data-sheets-value=\"{\">\n<p>60 min<\/p>\n<\/td>\n<\/tr>\n<tr>\n<td data-sheets-value=\"{\">\n<p>Plasmoteraapia \u2013 kaela noorendamine<\/p>\n<\/td>\n<td data-sheets-value=\"{\" data-sheets-numberformat=\"{\">\n<p>180\u20ac<\/p>\n<\/td>\n<td data-sheets-value=\"{\">\n<p>60 min<\/p>\n<\/td>\n<\/tr>\n<\/tbody>\n<\/table>\n\t\t\t\t\t\t\t\t<\/div>\n\t\t\t\t<\/div>\n\t\t\t\t\t<\/div>\n\t\t<\/div>\n\t\t\t\t\t<\/div>\n\t\t<\/section>\n\t\t\t\t<\/div>\n\t\t","protected":false},"excerpt":{"rendered":"<p>Plasmolifting on \u0160veitsis patenteeritud noorendamise meetod, mis p\u00f5hineb patsiendi keha ressurssidel, nimelt rikastatud trombots\u00fc\u00fctidega vere autoplasmal.See meetod m\u00f5jutab positiivselt rakkude t\u00f6\u00f6d. Protseduur on laialt tuntud oma &#8220;loomulikkuse&#8221; poolest. Sageli on see suurep\u00e4rane alternatiiv biorevitalisatsioonile ja mesoteraapiale. Laboratoorsed teadlased oluliselt t\u00e4iustanud klassikalise teraapia s\u00fcsteemi. RegenLabi tuubide abil saadud autogeel on 10 korda efektiivsem kui &#8220;vana&#8221; meetodiga [&hellip;]<\/p>\n","protected":false},"author":1,"featured_media":0,"parent":1507,"menu_order":0,"comment_status":"closed","ping_status":"closed","template":"","meta":{"_acf_changed":false,"footnotes":""},"class_list":["post-1515","page","type-page","status-publish","hentry"],"acf":[],"yoast_head":"<!-- This site is optimized with the Yoast SEO plugin v25.7 - https:\/\/yoast.com\/wordpress\/plugins\/seo\/ -->\n<title>Plasmolifting - Ilutoodete e-pood<\/title>\n<meta name=\"robots\" content=\"noindex, follow, max-snippet:-1, max-image-preview:large, max-video-preview:-1\" \/>\n<meta property=\"og:locale\" content=\"et_EE\" \/>\n<meta property=\"og:type\" content=\"article\" \/>\n<meta property=\"og:title\" content=\"Plasmolifting - Ilutoodete e-pood\" \/>\n<meta property=\"og:description\" content=\"Plasmolifting on \u0160veitsis patenteeritud noorendamise meetod, mis p\u00f5hineb patsiendi keha ressurssidel, nimelt rikastatud trombots\u00fc\u00fctidega vere autoplasmal.See meetod m\u00f5jutab positiivselt rakkude t\u00f6\u00f6d. Protseduur on laialt tuntud oma &#8220;loomulikkuse&#8221; poolest. Sageli on see suurep\u00e4rane alternatiiv biorevitalisatsioonile ja mesoteraapiale. Laboratoorsed teadlased oluliselt t\u00e4iustanud klassikalise teraapia s\u00fcsteemi. RegenLabi tuubide abil saadud autogeel on 10 korda efektiivsem kui &#8220;vana&#8221; meetodiga [&hellip;]\" \/>\n<meta property=\"og:url\" content=\"https:\/\/old.kosmetoloog.ee\/teenused\/ilusustid\/plasmolifting\/\" \/>\n<meta property=\"og:site_name\" content=\"Ilutoodete e-pood\" \/>\n<meta property=\"article:modified_time\" content=\"2023-11-09T10:32:04+00:00\" \/>\n<meta property=\"og:image\" content=\"https:\/\/kosmetoloog.ee\/wp-content\/uploads\/2023\/09\/IMG_4901-1.jpg\" \/>\n<meta name=\"twitter:card\" content=\"summary_large_image\" \/>\n<meta name=\"twitter:label1\" content=\"Est. reading time\" \/>\n\t<meta name=\"twitter:data1\" content=\"1 minut\" \/>\n<script type=\"application\/ld+json\" class=\"yoast-schema-graph\">{\"@context\":\"https:\/\/schema.org\",\"@graph\":[{\"@type\":\"WebPage\",\"@id\":\"https:\/\/old.kosmetoloog.ee\/teenused\/ilusustid\/plasmolifting\/\",\"url\":\"https:\/\/old.kosmetoloog.ee\/teenused\/ilusustid\/plasmolifting\/\",\"name\":\"Plasmolifting - Ilutoodete e-pood\",\"isPartOf\":{\"@id\":\"https:\/\/old.kosmetoloog.ee\/#website\"},\"primaryImageOfPage\":{\"@id\":\"https:\/\/old.kosmetoloog.ee\/teenused\/ilusustid\/plasmolifting\/#primaryimage\"},\"image\":{\"@id\":\"https:\/\/old.kosmetoloog.ee\/teenused\/ilusustid\/plasmolifting\/#primaryimage\"},\"thumbnailUrl\":\"https:\/\/kosmetoloog.ee\/wp-content\/uploads\/2023\/09\/IMG_4901-1.jpg\",\"datePublished\":\"2023-09-25T10:55:40+00:00\",\"dateModified\":\"2023-11-09T10:32:04+00:00\",\"breadcrumb\":{\"@id\":\"https:\/\/old.kosmetoloog.ee\/teenused\/ilusustid\/plasmolifting\/#breadcrumb\"},\"inLanguage\":\"et\",\"potentialAction\":[{\"@type\":\"ReadAction\",\"target\":[\"https:\/\/old.kosmetoloog.ee\/teenused\/ilusustid\/plasmolifting\/\"]}]},{\"@type\":\"ImageObject\",\"inLanguage\":\"et\",\"@id\":\"https:\/\/old.kosmetoloog.ee\/teenused\/ilusustid\/plasmolifting\/#primaryimage\",\"url\":\"https:\/\/kosmetoloog.ee\/wp-content\/uploads\/2023\/09\/IMG_4901-1.jpg\",\"contentUrl\":\"https:\/\/kosmetoloog.ee\/wp-content\/uploads\/2023\/09\/IMG_4901-1.jpg\"},{\"@type\":\"BreadcrumbList\",\"@id\":\"https:\/\/old.kosmetoloog.ee\/teenused\/ilusustid\/plasmolifting\/#breadcrumb\",\"itemListElement\":[{\"@type\":\"ListItem\",\"position\":1,\"name\":\"Home\",\"item\":\"https:\/\/old.kosmetoloog.ee\/et\/\"},{\"@type\":\"ListItem\",\"position\":2,\"name\":\"Teenused\",\"item\":\"https:\/\/old.kosmetoloog.ee\/et\/teenused\/\"},{\"@type\":\"ListItem\",\"position\":3,\"name\":\"Ilus\u00fcstid\",\"item\":\"https:\/\/old.kosmetoloog.ee\/et\/teenused\/ilusustid\/\"},{\"@type\":\"ListItem\",\"position\":4,\"name\":\"Plasmolifting\"}]},{\"@type\":\"WebSite\",\"@id\":\"https:\/\/old.kosmetoloog.ee\/#website\",\"url\":\"https:\/\/old.kosmetoloog.ee\/\",\"name\":\"Ilutoodete e-pood\",\"description\":\"Kosmeetika pood\",\"publisher\":{\"@id\":\"https:\/\/old.kosmetoloog.ee\/#organization\"},\"potentialAction\":[{\"@type\":\"SearchAction\",\"target\":{\"@type\":\"EntryPoint\",\"urlTemplate\":\"https:\/\/old.kosmetoloog.ee\/?s={search_term_string}\"},\"query-input\":{\"@type\":\"PropertyValueSpecification\",\"valueRequired\":true,\"valueName\":\"search_term_string\"}}],\"inLanguage\":\"et\"},{\"@type\":\"Organization\",\"@id\":\"https:\/\/old.kosmetoloog.ee\/#organization\",\"name\":\"You are You O\u00dc\",\"url\":\"https:\/\/old.kosmetoloog.ee\/\",\"logo\":{\"@type\":\"ImageObject\",\"inLanguage\":\"et\",\"@id\":\"https:\/\/old.kosmetoloog.ee\/#\/schema\/logo\/image\/\",\"url\":\"https:\/\/old.kosmetoloog.ee\/wp-content\/uploads\/2023\/08\/logo-1.png\",\"contentUrl\":\"https:\/\/old.kosmetoloog.ee\/wp-content\/uploads\/2023\/08\/logo-1.png\",\"width\":1200,\"height\":964,\"caption\":\"You are You O\u00dc\"},\"image\":{\"@id\":\"https:\/\/old.kosmetoloog.ee\/#\/schema\/logo\/image\/\"}}]}<\/script>\n<!-- \/ Yoast SEO plugin. -->","yoast_head_json":{"title":"Plasmolifting - Ilutoodete e-pood","robots":{"index":"noindex","follow":"follow","max-snippet":"max-snippet:-1","max-image-preview":"max-image-preview:large","max-video-preview":"max-video-preview:-1"},"og_locale":"et_EE","og_type":"article","og_title":"Plasmolifting - Ilutoodete e-pood","og_description":"Plasmolifting on \u0160veitsis patenteeritud noorendamise meetod, mis p\u00f5hineb patsiendi keha ressurssidel, nimelt rikastatud trombots\u00fc\u00fctidega vere autoplasmal.See meetod m\u00f5jutab positiivselt rakkude t\u00f6\u00f6d. Protseduur on laialt tuntud oma &#8220;loomulikkuse&#8221; poolest. Sageli on see suurep\u00e4rane alternatiiv biorevitalisatsioonile ja mesoteraapiale. Laboratoorsed teadlased oluliselt t\u00e4iustanud klassikalise teraapia s\u00fcsteemi. RegenLabi tuubide abil saadud autogeel on 10 korda efektiivsem kui &#8220;vana&#8221; meetodiga [&hellip;]","og_url":"https:\/\/old.kosmetoloog.ee\/teenused\/ilusustid\/plasmolifting\/","og_site_name":"Ilutoodete e-pood","article_modified_time":"2023-11-09T10:32:04+00:00","og_image":[{"url":"https:\/\/kosmetoloog.ee\/wp-content\/uploads\/2023\/09\/IMG_4901-1.jpg","type":"","width":"","height":""}],"twitter_card":"summary_large_image","twitter_misc":{"Est. reading time":"1 minut"},"schema":{"@context":"https:\/\/schema.org","@graph":[{"@type":"WebPage","@id":"https:\/\/old.kosmetoloog.ee\/teenused\/ilusustid\/plasmolifting\/","url":"https:\/\/old.kosmetoloog.ee\/teenused\/ilusustid\/plasmolifting\/","name":"Plasmolifting - Ilutoodete e-pood","isPartOf":{"@id":"https:\/\/old.kosmetoloog.ee\/#website"},"primaryImageOfPage":{"@id":"https:\/\/old.kosmetoloog.ee\/teenused\/ilusustid\/plasmolifting\/#primaryimage"},"image":{"@id":"https:\/\/old.kosmetoloog.ee\/teenused\/ilusustid\/plasmolifting\/#primaryimage"},"thumbnailUrl":"https:\/\/kosmetoloog.ee\/wp-content\/uploads\/2023\/09\/IMG_4901-1.jpg","datePublished":"2023-09-25T10:55:40+00:00","dateModified":"2023-11-09T10:32:04+00:00","breadcrumb":{"@id":"https:\/\/old.kosmetoloog.ee\/teenused\/ilusustid\/plasmolifting\/#breadcrumb"},"inLanguage":"et","potentialAction":[{"@type":"ReadAction","target":["https:\/\/old.kosmetoloog.ee\/teenused\/ilusustid\/plasmolifting\/"]}]},{"@type":"ImageObject","inLanguage":"et","@id":"https:\/\/old.kosmetoloog.ee\/teenused\/ilusustid\/plasmolifting\/#primaryimage","url":"https:\/\/kosmetoloog.ee\/wp-content\/uploads\/2023\/09\/IMG_4901-1.jpg","contentUrl":"https:\/\/kosmetoloog.ee\/wp-content\/uploads\/2023\/09\/IMG_4901-1.jpg"},{"@type":"BreadcrumbList","@id":"https:\/\/old.kosmetoloog.ee\/teenused\/ilusustid\/plasmolifting\/#breadcrumb","itemListElement":[{"@type":"ListItem","position":1,"name":"Home","item":"https:\/\/old.kosmetoloog.ee\/et\/"},{"@type":"ListItem","position":2,"name":"Teenused","item":"https:\/\/old.kosmetoloog.ee\/et\/teenused\/"},{"@type":"ListItem","position":3,"name":"Ilus\u00fcstid","item":"https:\/\/old.kosmetoloog.ee\/et\/teenused\/ilusustid\/"},{"@type":"ListItem","position":4,"name":"Plasmolifting"}]},{"@type":"WebSite","@id":"https:\/\/old.kosmetoloog.ee\/#website","url":"https:\/\/old.kosmetoloog.ee\/","name":"Ilutoodete e-pood","description":"Kosmeetika pood","publisher":{"@id":"https:\/\/old.kosmetoloog.ee\/#organization"},"potentialAction":[{"@type":"SearchAction","target":{"@type":"EntryPoint","urlTemplate":"https:\/\/old.kosmetoloog.ee\/?s={search_term_string}"},"query-input":{"@type":"PropertyValueSpecification","valueRequired":true,"valueName":"search_term_string"}}],"inLanguage":"et"},{"@type":"Organization","@id":"https:\/\/old.kosmetoloog.ee\/#organization","name":"You are You O\u00dc","url":"https:\/\/old.kosmetoloog.ee\/","logo":{"@type":"ImageObject","inLanguage":"et","@id":"https:\/\/old.kosmetoloog.ee\/#\/schema\/logo\/image\/","url":"https:\/\/old.kosmetoloog.ee\/wp-content\/uploads\/2023\/08\/logo-1.png","contentUrl":"https:\/\/old.kosmetoloog.ee\/wp-content\/uploads\/2023\/08\/logo-1.png","width":1200,"height":964,"caption":"You are You O\u00dc"},"image":{"@id":"https:\/\/old.kosmetoloog.ee\/#\/schema\/logo\/image\/"}}]}},"_links":{"self":[{"href":"https:\/\/old.kosmetoloog.ee\/et\/wp-json\/wp\/v2\/pages\/1515","targetHints":{"allow":["GET"]}}],"collection":[{"href":"https:\/\/old.kosmetoloog.ee\/et\/wp-json\/wp\/v2\/pages"}],"about":[{"href":"https:\/\/old.kosmetoloog.ee\/et\/wp-json\/wp\/v2\/types\/page"}],"author":[{"embeddable":true,"href":"https:\/\/old.kosmetoloog.ee\/et\/wp-json\/wp\/v2\/users\/1"}],"replies":[{"embeddable":true,"href":"https:\/\/old.kosmetoloog.ee\/et\/wp-json\/wp\/v2\/comments?post=1515"}],"version-history":[{"count":1,"href":"https:\/\/old.kosmetoloog.ee\/et\/wp-json\/wp\/v2\/pages\/1515\/revisions"}],"predecessor-version":[{"id":1516,"href":"https:\/\/old.kosmetoloog.ee\/et\/wp-json\/wp\/v2\/pages\/1515\/revisions\/1516"}],"up":[{"embeddable":true,"href":"https:\/\/old.kosmetoloog.ee\/et\/wp-json\/wp\/v2\/pages\/1507"}],"wp:attachment":[{"href":"https:\/\/old.kosmetoloog.ee\/et\/wp-json\/wp\/v2\/media?parent=1515"}],"curies":[{"name":"wp","href":"https:\/\/api.w.org\/{rel}","templated":true}]}}