{"id":1517,"date":"2023-09-25T14:01:16","date_gmt":"2023-09-25T11:01:16","guid":{"rendered":"https:\/\/kosmetoloog.ee\/teenused\/ilusustid\/redermalisatsioon\/"},"modified":"2023-11-09T12:32:28","modified_gmt":"2023-11-09T10:32:28","slug":"redermalisatsioon","status":"publish","type":"page","link":"https:\/\/old.kosmetoloog.ee\/et\/teenused\/ilusustid\/redermalisatsioon\/","title":{"rendered":"Redermalisatsioon"},"content":{"rendered":"\t\t<div data-elementor-type=\"wp-page\" data-elementor-id=\"1517\" class=\"elementor elementor-1517 elementor-1303\" data-elementor-post-type=\"page\">\n\t\t\t\t\t\t<section class=\"elementor-section elementor-top-section elementor-element elementor-element-47c2585 elementor-section-boxed elementor-section-height-default elementor-section-height-default\" data-id=\"47c2585\" data-element_type=\"section\">\n\t\t\t\t\t\t<div class=\"elementor-container elementor-column-gap-default\">\n\t\t\t\t\t<div class=\"elementor-column elementor-col-100 elementor-top-column elementor-element elementor-element-d8e2879\" data-id=\"d8e2879\" data-element_type=\"column\">\n\t\t\t<div class=\"elementor-widget-wrap elementor-element-populated\">\n\t\t\t\t\t\t<div class=\"elementor-element elementor-element-56b50b2 elementor-widget elementor-widget-text-editor\" data-id=\"56b50b2\" data-element_type=\"widget\" data-widget_type=\"text-editor.default\">\n\t\t\t\t<div class=\"elementor-widget-container\">\n\t\t\t\t\t\t\t\t\t<table border=\"0\">\n<tbody>\n<tr>\n<td>\n<p>Redermalisatsioon on innovatiivne protseduur, mis h\u00f5lmab h\u00fcaluroonhappe ja merevaikhappe kasutamist ning aitab taastada nahka, ennetades selle deh\u00fcdratsiooni ja vabade radikaalide kahjustusi.<\/p>\n<p>Tegemist on seni k\u00f5ige v\u00f5imsama mittekirurgilise noorendamise meetodiga, sest k\u00f5rvaldatakse mitte vananeva naha tagaj\u00e4rjed, vaid selle p\u00f5hjused. M\u00e4rgatav efekt on juba p\u00e4rast esimest protseduuri.<\/p>\n<\/p>\n<p>Proovige ja veenduge ise!<\/p>\n<\/p>\n<\/td>\n<td><img fetchpriority=\"high\" decoding=\"async\" class=\"alignnone size-full wp-image-1305\" src=\"https:\/\/kosmetoloog.ee\/wp-content\/uploads\/2023\/09\/photo_2020-04-09_13-.webp\" alt=\"\" width=\"490\" height=\"490\" srcset=\"https:\/\/old.kosmetoloog.ee\/wp-content\/uploads\/2023\/09\/photo_2020-04-09_13-.webp 490w, https:\/\/old.kosmetoloog.ee\/wp-content\/uploads\/2023\/09\/photo_2020-04-09_13--300x300.webp 300w, https:\/\/old.kosmetoloog.ee\/wp-content\/uploads\/2023\/09\/photo_2020-04-09_13--150x150.webp 150w, https:\/\/old.kosmetoloog.ee\/wp-content\/uploads\/2023\/09\/photo_2020-04-09_13--100x100.webp 100w\" sizes=\"(max-width: 490px) 100vw, 490px\" \/> <\/td>\n<\/tr>\n<\/tbody>\n<\/table>\n<h5>  <\/h5>\n<table border=\"0\">\n<tbody>\n<tr>\n<td><img decoding=\"async\" class=\"alignnone size-full wp-image-1307 lazyload\" data-src=\"https:\/\/kosmetoloog.ee\/wp-content\/uploads\/2023\/09\/IMG_4947.jpg\" alt=\"\" width=\"667\" height=\"1000\" data-srcset=\"https:\/\/old.kosmetoloog.ee\/wp-content\/uploads\/2023\/09\/IMG_4947.jpg 667w, https:\/\/old.kosmetoloog.ee\/wp-content\/uploads\/2023\/09\/IMG_4947-200x300.jpg 200w, https:\/\/old.kosmetoloog.ee\/wp-content\/uploads\/2023\/09\/IMG_4947-600x900.jpg 600w\" data-sizes=\"(max-width: 667px) 100vw, 667px\" src=\"data:image\/svg+xml;base64,PHN2ZyB3aWR0aD0iMSIgaGVpZ2h0PSIxIiB4bWxucz0iaHR0cDovL3d3dy53My5vcmcvMjAwMC9zdmciPjwvc3ZnPg==\" style=\"--smush-placeholder-width: 667px; --smush-placeholder-aspect-ratio: 667\/1000;\" \/> <\/td>\n<td>\n<p><strong>See meetod v\u00f5imaldab teil m\u00f5jutada kolme naha vananemise p\u00f5hjust:<\/strong><\/p>\n<p>1. Deh\u00fcdratsioon<\/p>\n<p>2. M\u00f5ju vabadele radikaalidele<\/p>\n<p>3. F\u00fcsioloogiliste ja biokeemiliste protsesside aeglustumine rakkudes<\/p>\n<\/p>\n<p>Redermalisatsioon optimeerib enda keha ressurse ja see hakkab toimima nagu noores eas.<\/p>\n<\/p>\n<p><strong>Tulemuseks on kompleksne vananemisvastane toime:<\/strong><\/p>\n<p>\u2665 tervislik, s\u00e4rav jume;<\/p>\n<p>\u2665 lifting;<\/p>\n<p>\u2665 paranenud naha tekstuur ja reljeef;<\/p>\n<p>\u2665 kortsude v\u00e4hendamine;<\/p>\n<\/td>\n<\/tr>\n<\/tbody>\n<\/table>\n<h4>Protseduuride hinnad:<\/h4>\n<\/p>\n<table dir=\"ltr\" border=\"1\">\n<colgroup>\n<col>\n<col>\n<col><\/colgroup>\n<tbody>\n<tr>\n<td data-sheets-value=\"{\">\n<p><strong>REDERMALISATSIOON<\/strong><\/p>\n<\/td>\n<td data-sheets-numberformat=\"{\">\n<\/td>\n<td data-sheets-numberformat=\"{\">\n<\/td>\n<\/tr>\n<tr>\n<td data-sheets-value=\"{\">\n<p>Redermalisatsioon Hyalual Xela Rederm 1,1% 2 ml<\/p>\n<\/td>\n<td data-sheets-value=\"{\" data-sheets-numberformat=\"{\">\n<p>250\u20ac<\/p>\n<\/td>\n<td data-sheets-value=\"{\">\n<p>60 min<\/p>\n<\/td>\n<\/tr>\n<tr>\n<td data-sheets-value=\"{\">\n<p>Redermalisatsioon Hyalual Xela Rederm 1,8% 2 ml<\/p>\n<\/td>\n<td data-sheets-value=\"{\" data-sheets-numberformat=\"{\">\n<p>275\u20ac<\/p>\n<\/td>\n<td data-sheets-value=\"{\">\n<p>60 min<\/p>\n<\/td>\n<\/tr>\n<tr>\n<td data-sheets-value=\"{\">\n<p>Redermalisatsioon Hyalual Xela Rederm 2,2% 2 ml<\/p>\n<\/td>\n<td data-sheets-value=\"{\" data-sheets-numberformat=\"{\">\n<p>295\u20ac<\/p>\n<\/td>\n<td data-sheets-value=\"{\">\n<p>60 min<\/p>\n<\/td>\n<\/tr>\n<\/tbody>\n<\/table>\n\t\t\t\t\t\t\t\t<\/div>\n\t\t\t\t<\/div>\n\t\t\t\t\t<\/div>\n\t\t<\/div>\n\t\t\t\t\t<\/div>\n\t\t<\/section>\n\t\t\t\t<\/div>\n\t\t","protected":false},"excerpt":{"rendered":"<p>Redermalisatsioon on innovatiivne protseduur, mis h\u00f5lmab h\u00fcaluroonhappe ja merevaikhappe kasutamist ning aitab taastada nahka, ennetades selle deh\u00fcdratsiooni ja vabade radikaalide kahjustusi. Tegemist on seni k\u00f5ige v\u00f5imsama mittekirurgilise noorendamise meetodiga, sest k\u00f5rvaldatakse mitte vananeva naha tagaj\u00e4rjed, vaid selle p\u00f5hjused. M\u00e4rgatav efekt on juba p\u00e4rast esimest protseduuri. Proovige ja veenduge ise! See meetod v\u00f5imaldab teil m\u00f5jutada kolme [&hellip;]<\/p>\n","protected":false},"author":1,"featured_media":0,"parent":1507,"menu_order":0,"comment_status":"closed","ping_status":"closed","template":"","meta":{"_acf_changed":false,"footnotes":""},"class_list":["post-1517","page","type-page","status-publish","hentry"],"acf":[],"yoast_head":"<!-- This site is optimized with the Yoast SEO plugin v25.7 - https:\/\/yoast.com\/wordpress\/plugins\/seo\/ -->\n<title>Redermalisatsioon - Ilutoodete e-pood<\/title>\n<meta name=\"robots\" content=\"noindex, follow, max-snippet:-1, max-image-preview:large, max-video-preview:-1\" \/>\n<meta property=\"og:locale\" content=\"et_EE\" \/>\n<meta property=\"og:type\" content=\"article\" \/>\n<meta property=\"og:title\" content=\"Redermalisatsioon - Ilutoodete e-pood\" \/>\n<meta property=\"og:description\" content=\"Redermalisatsioon on innovatiivne protseduur, mis h\u00f5lmab h\u00fcaluroonhappe ja merevaikhappe kasutamist ning aitab taastada nahka, ennetades selle deh\u00fcdratsiooni ja vabade radikaalide kahjustusi. Tegemist on seni k\u00f5ige v\u00f5imsama mittekirurgilise noorendamise meetodiga, sest k\u00f5rvaldatakse mitte vananeva naha tagaj\u00e4rjed, vaid selle p\u00f5hjused. M\u00e4rgatav efekt on juba p\u00e4rast esimest protseduuri. Proovige ja veenduge ise! See meetod v\u00f5imaldab teil m\u00f5jutada kolme [&hellip;]\" \/>\n<meta property=\"og:url\" content=\"https:\/\/old.kosmetoloog.ee\/et\/teenused\/ilusustid\/redermalisatsioon\/\" \/>\n<meta property=\"og:site_name\" content=\"Ilutoodete e-pood\" \/>\n<meta property=\"article:modified_time\" content=\"2023-11-09T10:32:28+00:00\" \/>\n<meta property=\"og:image\" content=\"https:\/\/kosmetoloog.ee\/wp-content\/uploads\/2023\/09\/photo_2020-04-09_13-.webp\" \/>\n<meta name=\"twitter:card\" content=\"summary_large_image\" \/>\n<meta name=\"twitter:label1\" content=\"Est. reading time\" \/>\n\t<meta name=\"twitter:data1\" content=\"1 minut\" \/>\n<script type=\"application\/ld+json\" class=\"yoast-schema-graph\">{\"@context\":\"https:\/\/schema.org\",\"@graph\":[{\"@type\":\"WebPage\",\"@id\":\"https:\/\/old.kosmetoloog.ee\/et\/teenused\/ilusustid\/redermalisatsioon\/\",\"url\":\"https:\/\/old.kosmetoloog.ee\/et\/teenused\/ilusustid\/redermalisatsioon\/\",\"name\":\"Redermalisatsioon - Ilutoodete e-pood\",\"isPartOf\":{\"@id\":\"https:\/\/old.kosmetoloog.ee\/#website\"},\"primaryImageOfPage\":{\"@id\":\"https:\/\/old.kosmetoloog.ee\/et\/teenused\/ilusustid\/redermalisatsioon\/#primaryimage\"},\"image\":{\"@id\":\"https:\/\/old.kosmetoloog.ee\/et\/teenused\/ilusustid\/redermalisatsioon\/#primaryimage\"},\"thumbnailUrl\":\"https:\/\/kosmetoloog.ee\/wp-content\/uploads\/2023\/09\/photo_2020-04-09_13-.webp\",\"datePublished\":\"2023-09-25T11:01:16+00:00\",\"dateModified\":\"2023-11-09T10:32:28+00:00\",\"breadcrumb\":{\"@id\":\"https:\/\/old.kosmetoloog.ee\/et\/teenused\/ilusustid\/redermalisatsioon\/#breadcrumb\"},\"inLanguage\":\"et\",\"potentialAction\":[{\"@type\":\"ReadAction\",\"target\":[\"https:\/\/old.kosmetoloog.ee\/et\/teenused\/ilusustid\/redermalisatsioon\/\"]}]},{\"@type\":\"ImageObject\",\"inLanguage\":\"et\",\"@id\":\"https:\/\/old.kosmetoloog.ee\/et\/teenused\/ilusustid\/redermalisatsioon\/#primaryimage\",\"url\":\"https:\/\/kosmetoloog.ee\/wp-content\/uploads\/2023\/09\/photo_2020-04-09_13-.webp\",\"contentUrl\":\"https:\/\/kosmetoloog.ee\/wp-content\/uploads\/2023\/09\/photo_2020-04-09_13-.webp\"},{\"@type\":\"BreadcrumbList\",\"@id\":\"https:\/\/old.kosmetoloog.ee\/et\/teenused\/ilusustid\/redermalisatsioon\/#breadcrumb\",\"itemListElement\":[{\"@type\":\"ListItem\",\"position\":1,\"name\":\"Home\",\"item\":\"https:\/\/old.kosmetoloog.ee\/et\/\"},{\"@type\":\"ListItem\",\"position\":2,\"name\":\"Teenused\",\"item\":\"https:\/\/old.kosmetoloog.ee\/et\/teenused\/\"},{\"@type\":\"ListItem\",\"position\":3,\"name\":\"Ilus\u00fcstid\",\"item\":\"https:\/\/old.kosmetoloog.ee\/et\/teenused\/ilusustid\/\"},{\"@type\":\"ListItem\",\"position\":4,\"name\":\"Redermalisatsioon\"}]},{\"@type\":\"WebSite\",\"@id\":\"https:\/\/old.kosmetoloog.ee\/#website\",\"url\":\"https:\/\/old.kosmetoloog.ee\/\",\"name\":\"Ilutoodete e-pood\",\"description\":\"Kosmeetika pood\",\"publisher\":{\"@id\":\"https:\/\/old.kosmetoloog.ee\/#organization\"},\"potentialAction\":[{\"@type\":\"SearchAction\",\"target\":{\"@type\":\"EntryPoint\",\"urlTemplate\":\"https:\/\/old.kosmetoloog.ee\/?s={search_term_string}\"},\"query-input\":{\"@type\":\"PropertyValueSpecification\",\"valueRequired\":true,\"valueName\":\"search_term_string\"}}],\"inLanguage\":\"et\"},{\"@type\":\"Organization\",\"@id\":\"https:\/\/old.kosmetoloog.ee\/#organization\",\"name\":\"You are You O\u00dc\",\"url\":\"https:\/\/old.kosmetoloog.ee\/\",\"logo\":{\"@type\":\"ImageObject\",\"inLanguage\":\"et\",\"@id\":\"https:\/\/old.kosmetoloog.ee\/#\/schema\/logo\/image\/\",\"url\":\"https:\/\/old.kosmetoloog.ee\/wp-content\/uploads\/2023\/08\/logo-1.png\",\"contentUrl\":\"https:\/\/old.kosmetoloog.ee\/wp-content\/uploads\/2023\/08\/logo-1.png\",\"width\":1200,\"height\":964,\"caption\":\"You are You O\u00dc\"},\"image\":{\"@id\":\"https:\/\/old.kosmetoloog.ee\/#\/schema\/logo\/image\/\"}}]}<\/script>\n<!-- \/ Yoast SEO plugin. -->","yoast_head_json":{"title":"Redermalisatsioon - Ilutoodete e-pood","robots":{"index":"noindex","follow":"follow","max-snippet":"max-snippet:-1","max-image-preview":"max-image-preview:large","max-video-preview":"max-video-preview:-1"},"og_locale":"et_EE","og_type":"article","og_title":"Redermalisatsioon - Ilutoodete e-pood","og_description":"Redermalisatsioon on innovatiivne protseduur, mis h\u00f5lmab h\u00fcaluroonhappe ja merevaikhappe kasutamist ning aitab taastada nahka, ennetades selle deh\u00fcdratsiooni ja vabade radikaalide kahjustusi. Tegemist on seni k\u00f5ige v\u00f5imsama mittekirurgilise noorendamise meetodiga, sest k\u00f5rvaldatakse mitte vananeva naha tagaj\u00e4rjed, vaid selle p\u00f5hjused. M\u00e4rgatav efekt on juba p\u00e4rast esimest protseduuri. Proovige ja veenduge ise! See meetod v\u00f5imaldab teil m\u00f5jutada kolme [&hellip;]","og_url":"https:\/\/old.kosmetoloog.ee\/et\/teenused\/ilusustid\/redermalisatsioon\/","og_site_name":"Ilutoodete e-pood","article_modified_time":"2023-11-09T10:32:28+00:00","og_image":[{"url":"https:\/\/kosmetoloog.ee\/wp-content\/uploads\/2023\/09\/photo_2020-04-09_13-.webp","type":"","width":"","height":""}],"twitter_card":"summary_large_image","twitter_misc":{"Est. reading time":"1 minut"},"schema":{"@context":"https:\/\/schema.org","@graph":[{"@type":"WebPage","@id":"https:\/\/old.kosmetoloog.ee\/et\/teenused\/ilusustid\/redermalisatsioon\/","url":"https:\/\/old.kosmetoloog.ee\/et\/teenused\/ilusustid\/redermalisatsioon\/","name":"Redermalisatsioon - Ilutoodete e-pood","isPartOf":{"@id":"https:\/\/old.kosmetoloog.ee\/#website"},"primaryImageOfPage":{"@id":"https:\/\/old.kosmetoloog.ee\/et\/teenused\/ilusustid\/redermalisatsioon\/#primaryimage"},"image":{"@id":"https:\/\/old.kosmetoloog.ee\/et\/teenused\/ilusustid\/redermalisatsioon\/#primaryimage"},"thumbnailUrl":"https:\/\/kosmetoloog.ee\/wp-content\/uploads\/2023\/09\/photo_2020-04-09_13-.webp","datePublished":"2023-09-25T11:01:16+00:00","dateModified":"2023-11-09T10:32:28+00:00","breadcrumb":{"@id":"https:\/\/old.kosmetoloog.ee\/et\/teenused\/ilusustid\/redermalisatsioon\/#breadcrumb"},"inLanguage":"et","potentialAction":[{"@type":"ReadAction","target":["https:\/\/old.kosmetoloog.ee\/et\/teenused\/ilusustid\/redermalisatsioon\/"]}]},{"@type":"ImageObject","inLanguage":"et","@id":"https:\/\/old.kosmetoloog.ee\/et\/teenused\/ilusustid\/redermalisatsioon\/#primaryimage","url":"https:\/\/kosmetoloog.ee\/wp-content\/uploads\/2023\/09\/photo_2020-04-09_13-.webp","contentUrl":"https:\/\/kosmetoloog.ee\/wp-content\/uploads\/2023\/09\/photo_2020-04-09_13-.webp"},{"@type":"BreadcrumbList","@id":"https:\/\/old.kosmetoloog.ee\/et\/teenused\/ilusustid\/redermalisatsioon\/#breadcrumb","itemListElement":[{"@type":"ListItem","position":1,"name":"Home","item":"https:\/\/old.kosmetoloog.ee\/et\/"},{"@type":"ListItem","position":2,"name":"Teenused","item":"https:\/\/old.kosmetoloog.ee\/et\/teenused\/"},{"@type":"ListItem","position":3,"name":"Ilus\u00fcstid","item":"https:\/\/old.kosmetoloog.ee\/et\/teenused\/ilusustid\/"},{"@type":"ListItem","position":4,"name":"Redermalisatsioon"}]},{"@type":"WebSite","@id":"https:\/\/old.kosmetoloog.ee\/#website","url":"https:\/\/old.kosmetoloog.ee\/","name":"Ilutoodete e-pood","description":"Kosmeetika pood","publisher":{"@id":"https:\/\/old.kosmetoloog.ee\/#organization"},"potentialAction":[{"@type":"SearchAction","target":{"@type":"EntryPoint","urlTemplate":"https:\/\/old.kosmetoloog.ee\/?s={search_term_string}"},"query-input":{"@type":"PropertyValueSpecification","valueRequired":true,"valueName":"search_term_string"}}],"inLanguage":"et"},{"@type":"Organization","@id":"https:\/\/old.kosmetoloog.ee\/#organization","name":"You are You O\u00dc","url":"https:\/\/old.kosmetoloog.ee\/","logo":{"@type":"ImageObject","inLanguage":"et","@id":"https:\/\/old.kosmetoloog.ee\/#\/schema\/logo\/image\/","url":"https:\/\/old.kosmetoloog.ee\/wp-content\/uploads\/2023\/08\/logo-1.png","contentUrl":"https:\/\/old.kosmetoloog.ee\/wp-content\/uploads\/2023\/08\/logo-1.png","width":1200,"height":964,"caption":"You are You O\u00dc"},"image":{"@id":"https:\/\/old.kosmetoloog.ee\/#\/schema\/logo\/image\/"}}]}},"_links":{"self":[{"href":"https:\/\/old.kosmetoloog.ee\/et\/wp-json\/wp\/v2\/pages\/1517","targetHints":{"allow":["GET"]}}],"collection":[{"href":"https:\/\/old.kosmetoloog.ee\/et\/wp-json\/wp\/v2\/pages"}],"about":[{"href":"https:\/\/old.kosmetoloog.ee\/et\/wp-json\/wp\/v2\/types\/page"}],"author":[{"embeddable":true,"href":"https:\/\/old.kosmetoloog.ee\/et\/wp-json\/wp\/v2\/users\/1"}],"replies":[{"embeddable":true,"href":"https:\/\/old.kosmetoloog.ee\/et\/wp-json\/wp\/v2\/comments?post=1517"}],"version-history":[{"count":1,"href":"https:\/\/old.kosmetoloog.ee\/et\/wp-json\/wp\/v2\/pages\/1517\/revisions"}],"predecessor-version":[{"id":1518,"href":"https:\/\/old.kosmetoloog.ee\/et\/wp-json\/wp\/v2\/pages\/1517\/revisions\/1518"}],"up":[{"embeddable":true,"href":"https:\/\/old.kosmetoloog.ee\/et\/wp-json\/wp\/v2\/pages\/1507"}],"wp:attachment":[{"href":"https:\/\/old.kosmetoloog.ee\/et\/wp-json\/wp\/v2\/media?parent=1517"}],"curies":[{"name":"wp","href":"https:\/\/api.w.org\/{rel}","templated":true}]}}