{"id":1520,"date":"2023-09-25T14:00:01","date_gmt":"2023-09-25T11:00:01","guid":{"rendered":"https:\/\/kosmetoloog.ee\/teenused\/ilusustid\/fillerid-kontuurplastika-jaoks\/"},"modified":"2023-11-09T12:32:57","modified_gmt":"2023-11-09T10:32:57","slug":"fillerid-kontuurplastika-jaoks","status":"publish","type":"page","link":"https:\/\/old.kosmetoloog.ee\/et\/teenused\/ilusustid\/fillerid-kontuurplastika-jaoks\/","title":{"rendered":"Fillerid kontuurplastika jaoks"},"content":{"rendered":"\t\t<div data-elementor-type=\"wp-page\" data-elementor-id=\"1520\" class=\"elementor elementor-1520 elementor-1294\" data-elementor-post-type=\"page\">\n\t\t\t\t\t\t<section class=\"elementor-section elementor-top-section elementor-element elementor-element-531373e elementor-section-boxed elementor-section-height-default elementor-section-height-default\" data-id=\"531373e\" data-element_type=\"section\">\n\t\t\t\t\t\t<div class=\"elementor-container elementor-column-gap-default\">\n\t\t\t\t\t<div class=\"elementor-column elementor-col-100 elementor-top-column elementor-element elementor-element-b332ff1\" data-id=\"b332ff1\" data-element_type=\"column\">\n\t\t\t<div class=\"elementor-widget-wrap elementor-element-populated\">\n\t\t\t\t\t\t<div class=\"elementor-element elementor-element-64e8dad elementor-widget elementor-widget-text-editor\" data-id=\"64e8dad\" data-element_type=\"widget\" data-widget_type=\"text-editor.default\">\n\t\t\t\t<div class=\"elementor-widget-container\">\n\t\t\t\t\t\t\t\t\t<table border=\"0\">\n<tbody>\n<tr>\n<td>\n<p>Filleri abil teostatav kontuurplastika on t\u00f5eline revolutsioon kosmetoloogia maailmas!<\/p>\n<p>Nende ohutute ja t\u00f5husate protseduuride abil saavad arstid n\u00fc\u00fcd teha asju, mis varem olid v\u00f5imalikud ainult kirurgide jaoks. Esteetiline meditsiin areneb ja t\u00e4iustub pidevalt.<\/p>\n<p>Vahepeal, kosmeetikud l\u00f6\u00f6vad alla, et leida t\u00e4iuslik t\u00e4iteaine, mis lahendaks k\u00f5ik vanusega seotud probleemid, s\u00e4ilitaks efekti pikka aega ja oleks samal ajal t\u00e4iesti ohutu.<\/p>\n<p>Ilus\u00fcstide abil saab edukalt korrigeerida nasolaabiaalseid voldid, eemaldada kui marionettkortse, nii ka miimikakortse, mis hakkavad aktiivselt tekkima juba 30. eluaastaks aga m\u00f5nel isegi varem. Nende eemaldamine noorendab ja v\u00e4rskendab n\u00e4gu silman\u00e4htavalt.<\/p>\n<\/td>\n<td><img fetchpriority=\"high\" decoding=\"async\" class=\"alignnone size-full wp-image-1296\" src=\"https:\/\/kosmetoloog.ee\/wp-content\/uploads\/2023\/09\/IMG_4913-2.jpg\" alt=\"\" width=\"768\" height=\"1151\" srcset=\"https:\/\/old.kosmetoloog.ee\/wp-content\/uploads\/2023\/09\/IMG_4913-2.jpg 768w, https:\/\/old.kosmetoloog.ee\/wp-content\/uploads\/2023\/09\/IMG_4913-2-200x300.jpg 200w, https:\/\/old.kosmetoloog.ee\/wp-content\/uploads\/2023\/09\/IMG_4913-2-683x1024.jpg 683w, https:\/\/old.kosmetoloog.ee\/wp-content\/uploads\/2023\/09\/IMG_4913-2-600x899.jpg 600w\" sizes=\"(max-width: 768px) 100vw, 768px\" \/><\/td>\n<\/tr>\n<\/tbody>\n<\/table>\n<p>P\u00f5sesarnad, l\u00f5ug, p\u00f5sed ja n\u00e4oovaali korrigeerimine v\u00f5ib oluliselt m\u00f5jutada teie v\u00e4limust. Kvalifitseeritud spetsialist ilus\u00fcste kasutades aitab teil saavutada harmooniat. P\u00f5sesarnade piirkonna kontuurplastika v\u00f5imaldab noorendada n\u00e4gu, siluda kortsud ja t\u00e4ita p\u00f5sesarnade lohke. Nende tsoonide jaoks kasutatakse tihedamat ainet, mis hoiab mahtu h\u00e4sti.<\/p>\n<p>Periorbitaalne piirkond ja nasolakrimaalne soon on need piirkonnad, mis esimesena reedavad meie vanust ja enesetunnet. Siin on v\u00e4ga \u00f5rn nahk, rasvkude ja lihased.<\/p>\n<table border=\"0\">\n<tbody>\n<tr>\n<td><img decoding=\"async\" class=\"alignnone size-full wp-image-1298 lazyload\" data-src=\"https:\/\/kosmetoloog.ee\/wp-content\/uploads\/2023\/09\/IMG_4949.jpg\" alt=\"\" width=\"768\" height=\"1151\" data-srcset=\"https:\/\/old.kosmetoloog.ee\/wp-content\/uploads\/2023\/09\/IMG_4949.jpg 768w, https:\/\/old.kosmetoloog.ee\/wp-content\/uploads\/2023\/09\/IMG_4949-200x300.jpg 200w, https:\/\/old.kosmetoloog.ee\/wp-content\/uploads\/2023\/09\/IMG_4949-683x1024.jpg 683w, https:\/\/old.kosmetoloog.ee\/wp-content\/uploads\/2023\/09\/IMG_4949-600x899.jpg 600w\" data-sizes=\"(max-width: 768px) 100vw, 768px\" src=\"data:image\/svg+xml;base64,PHN2ZyB3aWR0aD0iMSIgaGVpZ2h0PSIxIiB4bWxucz0iaHR0cDovL3d3dy53My5vcmcvMjAwMC9zdmciPjwvc3ZnPg==\" style=\"--smush-placeholder-width: 768px; --smush-placeholder-aspect-ratio: 768\/1151;\" \/><\/td>\n<td>\n<p><strong>Tuleb j\u00e4rgida 3 p\u00f5hireeglit: <\/strong><\/p>\n<p><strong> <\/strong><\/p>\n<p>1. Tuleb hoolikalt valida sobiv preparaat. Selleks, et v\u00e4ltida kohe m\u00e4rgatavaid tihendeid, tuleks valida mitte liiga viskoosne t\u00e4iteaine, mis sisaldab madalat ristreostus protsenti. H\u00fcaluroonhappe protsent peaks olema madal \u2013 turse v\u00e4ltimiseks. Kuid mitte liiga madal, et efekti hoida. Sisestamise s\u00fcgavus ei tohiks olla pealiskaudne. T\u00e4iteaine peaks olema silma orbikulaarse lihase all.<\/p>\n<p>2. M\u00e4\u00e4rata kortsude t\u00fc\u00fcp. Filleridga saab eemaldada \/ korrigeerida kortse kaelal, otsmikul ja kulmude vahel. \u00c4revus, stress, kokkupuude ultraviolettkiirgusega, unepuudus, eba\u00f5ige hooldus ja vanusega seotud muutused &#8211; k\u00f5ik see j\u00e4\u00e4b koheselt otsaesisele, kulmude vahele ja veidi aeglasemalt kaelale. Neid efekte saab eemaldada erinevatel viisidel, olenevalt kortsude t\u00fc\u00fcbist. Kui teie kortsud on d\u00fcnaamilised \u2013 puhkeolekus ei ole m\u00e4rgatavad, siis saab neid eemaldada botuliintoksiini teraapiaga. Aga kui staatilised ning m\u00e4rgatavad isegi puhkeolekus, siis aitab teid kontuurplastika.<\/p>\n<p>3.Tuleb vaadata, kuidas n\u00e4gu p\u00e4rast muutusi d\u00fcnaamiliselt v\u00e4lja n\u00e4eb ja alles siis, kui kosmeetik ja patsient on omavahel kokkuleppele j\u00f5udnud, protseduuriga edasi minna.<\/p>\n<\/td>\n<\/tr>\n<\/tbody>\n<\/table>\n<h4> <\/h4>\n<h4>Lisaks teadmistele iga preparaadi n\u00fcansside kohta:<\/h4>\n<p>Tunnen k\u00f5iki inimese ohtlikke n\u00e4o- ja keha piirkondi ning t\u00f6\u00f6tan vastavalt k\u00f5ikidele ohutusreeglitele.<\/p>\n<p>Rakendan individuaalset l\u00e4henemist igale patsiendile, uurin tema anamneesi ning valin k\u00f5ige efektiivsema protseduuri ja preparaadi.<\/p>\n<p>T\u00f6\u00f6tan v\u00e4lja ideaalselt tasakaalustatud teraapiakursuse.<\/p>\n<p>J\u00e4rgin fillerite s\u00fcstimise reegleid igale n\u00e4o- ja kehaosade jaoks.<\/p>\n<h4>Protseduuride hinnad:<\/h4>\n<table dir=\"ltr\" border=\"1\">\n<colgroup>\n<col>\n<col>\n<col><\/colgroup>\n<tbody>\n<tr>\n<td data-sheets-value=\"{\">\n<p><strong>T\u00c4ITES\u00dcSTID<\/strong><\/p>\n<\/td>\n<td data-sheets-numberformat=\"{\"> <\/td>\n<td> <\/td>\n<\/tr>\n<tr>\n<td data-sheets-value=\"{\">\n<p>Ilus\u00fcstide j\u00e4rgne kontroll<\/p>\n<\/td>\n<td data-sheets-value=\"{\" data-sheets-numberformat=\"{\">\n<p>tasuta <\/p>\n<\/td>\n<td data-sheets-value=\"{\">\n<p>10 min<\/p>\n<\/td>\n<\/tr>\n<tr>\n<td data-sheets-value=\"{\">\n<p>N\u00e4okontuuride, l\u00f5ua joone, Jolie nurkade (alal\u00f5ua nurkade korrigeerimine), p\u00f5sesarnade korrigeerimine<\/p>\n<\/td>\n<td data-sheets-value=\"{\" data-sheets-numberformat=\"{\">\n<p>340-400\u20ac<\/p>\n<\/td>\n<td data-sheets-value=\"{\">\n<p>60 min<\/p>\n<\/td>\n<\/tr>\n<tr>\n<td data-sheets-value=\"{\">\n<p><span data-sheets-value=\"{\" data-sheets-userformat=\"{\">Nasolakrimaalse k\u00fcna korrektsioon<\/span><\/p>\n<\/td>\n<td data-sheets-value=\"{\" data-sheets-numberformat=\"{\">340\u20ac <\/td>\n<td data-sheets-value=\"{\">60 min<\/td>\n<\/tr>\n<tr>\n<td data-sheets-value=\"{\">\n<p>Periorbitaalse tsooni kortsude korrigeerimine<\/p>\n<\/td>\n<td data-sheets-value=\"{\" data-sheets-numberformat=\"{\">\n<p>240\u20ac<\/p>\n<\/td>\n<td data-sheets-value=\"{\">\n<p>60 min<\/p>\n<\/td>\n<\/tr>\n<tr>\n<td data-sheets-value=\"{\">\n<p>Nasolabiaalsete voldikute korrigeerimine<\/p>\n<\/td>\n<td data-sheets-value=\"{\" data-sheets-numberformat=\"{\">\n<p>290-340\u20ac;<\/p>\n<\/td>\n<td data-sheets-value=\"{\">\n<p>60 min<\/p>\n<\/td>\n<\/tr>\n<tr>\n<td data-sheets-value=\"{\">\n<p>Suu\u00fcmbruse kortsude korrigeerimine<\/p>\n<\/td>\n<td data-sheets-value=\"{\" data-sheets-numberformat=\"{\">\n<p>290-340\u20ac;<\/p>\n<\/td>\n<td data-sheets-value=\"{\">\n<p>60 min<\/p>\n<\/td>\n<\/tr>\n<tr>\n<td data-sheets-value=\"{\">\n<p>Kortsude ja s\u00fcgavate kortsude korrigeerimine (kulmudevahelisi kortse, otsmiku s\u00fcgavad kortsud)<\/p>\n<\/td>\n<td data-sheets-value=\"{\" data-sheets-numberformat=\"{\">\n<p>340-400\u20ac;<\/p>\n<\/td>\n<td data-sheets-value=\"{\">\n<p>60 min<\/p>\n<\/td>\n<\/tr>\n<tr>\n<td data-sheets-value=\"{\"><span data-sheets-value=\"{\" data-sheets-userformat=\"{\">Huulte kontuurimine<\/span><\/td>\n<td data-sheets-value=\"{\" data-sheets-numberformat=\"{\">310-340\u20ac <\/td>\n<td data-sheets-value=\"{\">60 \u043c\u0438\u043d <\/td>\n<\/tr>\n<\/tbody>\n<\/table>\n\t\t\t\t\t\t\t\t<\/div>\n\t\t\t\t<\/div>\n\t\t\t\t\t<\/div>\n\t\t<\/div>\n\t\t\t\t\t<\/div>\n\t\t<\/section>\n\t\t\t\t<\/div>\n\t\t","protected":false},"excerpt":{"rendered":"<p>Filleri abil teostatav kontuurplastika on t\u00f5eline revolutsioon kosmetoloogia maailmas! Nende ohutute ja t\u00f5husate protseduuride abil saavad arstid n\u00fc\u00fcd teha asju, mis varem olid v\u00f5imalikud ainult kirurgide jaoks. Esteetiline meditsiin areneb ja t\u00e4iustub pidevalt. Vahepeal, kosmeetikud l\u00f6\u00f6vad alla, et leida t\u00e4iuslik t\u00e4iteaine, mis lahendaks k\u00f5ik vanusega seotud probleemid, s\u00e4ilitaks efekti pikka aega ja oleks samal ajal [&hellip;]<\/p>\n","protected":false},"author":1,"featured_media":0,"parent":1507,"menu_order":0,"comment_status":"closed","ping_status":"closed","template":"","meta":{"_acf_changed":false,"footnotes":""},"class_list":["post-1520","page","type-page","status-publish","hentry"],"acf":[],"yoast_head":"<!-- This site is optimized with the Yoast SEO plugin v25.7 - https:\/\/yoast.com\/wordpress\/plugins\/seo\/ -->\n<title>Fillerid kontuurplastika jaoks - Ilutoodete e-pood<\/title>\n<meta name=\"robots\" content=\"noindex, follow, max-snippet:-1, max-image-preview:large, max-video-preview:-1\" \/>\n<meta property=\"og:locale\" content=\"et_EE\" \/>\n<meta property=\"og:type\" content=\"article\" \/>\n<meta property=\"og:title\" content=\"Fillerid kontuurplastika jaoks - Ilutoodete e-pood\" \/>\n<meta property=\"og:description\" content=\"Filleri abil teostatav kontuurplastika on t\u00f5eline revolutsioon kosmetoloogia maailmas! Nende ohutute ja t\u00f5husate protseduuride abil saavad arstid n\u00fc\u00fcd teha asju, mis varem olid v\u00f5imalikud ainult kirurgide jaoks. Esteetiline meditsiin areneb ja t\u00e4iustub pidevalt. Vahepeal, kosmeetikud l\u00f6\u00f6vad alla, et leida t\u00e4iuslik t\u00e4iteaine, mis lahendaks k\u00f5ik vanusega seotud probleemid, s\u00e4ilitaks efekti pikka aega ja oleks samal ajal [&hellip;]\" \/>\n<meta property=\"og:url\" content=\"https:\/\/old.kosmetoloog.ee\/teenused\/ilusustid\/fillerid-kontuurplastika-jaoks\/\" \/>\n<meta property=\"og:site_name\" content=\"Ilutoodete e-pood\" \/>\n<meta property=\"article:modified_time\" content=\"2023-11-09T10:32:57+00:00\" \/>\n<meta property=\"og:image\" content=\"https:\/\/kosmetoloog.ee\/wp-content\/uploads\/2023\/09\/IMG_4913-2.jpg\" \/>\n<meta name=\"twitter:card\" content=\"summary_large_image\" \/>\n<meta name=\"twitter:label1\" content=\"Est. reading time\" \/>\n\t<meta name=\"twitter:data1\" content=\"2 minutit\" \/>\n<script type=\"application\/ld+json\" class=\"yoast-schema-graph\">{\"@context\":\"https:\/\/schema.org\",\"@graph\":[{\"@type\":\"WebPage\",\"@id\":\"https:\/\/old.kosmetoloog.ee\/teenused\/ilusustid\/fillerid-kontuurplastika-jaoks\/\",\"url\":\"https:\/\/old.kosmetoloog.ee\/teenused\/ilusustid\/fillerid-kontuurplastika-jaoks\/\",\"name\":\"Fillerid kontuurplastika jaoks - Ilutoodete e-pood\",\"isPartOf\":{\"@id\":\"https:\/\/old.kosmetoloog.ee\/#website\"},\"primaryImageOfPage\":{\"@id\":\"https:\/\/old.kosmetoloog.ee\/teenused\/ilusustid\/fillerid-kontuurplastika-jaoks\/#primaryimage\"},\"image\":{\"@id\":\"https:\/\/old.kosmetoloog.ee\/teenused\/ilusustid\/fillerid-kontuurplastika-jaoks\/#primaryimage\"},\"thumbnailUrl\":\"https:\/\/kosmetoloog.ee\/wp-content\/uploads\/2023\/09\/IMG_4913-2.jpg\",\"datePublished\":\"2023-09-25T11:00:01+00:00\",\"dateModified\":\"2023-11-09T10:32:57+00:00\",\"breadcrumb\":{\"@id\":\"https:\/\/old.kosmetoloog.ee\/teenused\/ilusustid\/fillerid-kontuurplastika-jaoks\/#breadcrumb\"},\"inLanguage\":\"et\",\"potentialAction\":[{\"@type\":\"ReadAction\",\"target\":[\"https:\/\/old.kosmetoloog.ee\/teenused\/ilusustid\/fillerid-kontuurplastika-jaoks\/\"]}]},{\"@type\":\"ImageObject\",\"inLanguage\":\"et\",\"@id\":\"https:\/\/old.kosmetoloog.ee\/teenused\/ilusustid\/fillerid-kontuurplastika-jaoks\/#primaryimage\",\"url\":\"https:\/\/kosmetoloog.ee\/wp-content\/uploads\/2023\/09\/IMG_4913-2.jpg\",\"contentUrl\":\"https:\/\/kosmetoloog.ee\/wp-content\/uploads\/2023\/09\/IMG_4913-2.jpg\"},{\"@type\":\"BreadcrumbList\",\"@id\":\"https:\/\/old.kosmetoloog.ee\/teenused\/ilusustid\/fillerid-kontuurplastika-jaoks\/#breadcrumb\",\"itemListElement\":[{\"@type\":\"ListItem\",\"position\":1,\"name\":\"Home\",\"item\":\"https:\/\/old.kosmetoloog.ee\/et\/\"},{\"@type\":\"ListItem\",\"position\":2,\"name\":\"Teenused\",\"item\":\"https:\/\/old.kosmetoloog.ee\/et\/teenused\/\"},{\"@type\":\"ListItem\",\"position\":3,\"name\":\"Ilus\u00fcstid\",\"item\":\"https:\/\/old.kosmetoloog.ee\/et\/teenused\/ilusustid\/\"},{\"@type\":\"ListItem\",\"position\":4,\"name\":\"Fillerid kontuurplastika jaoks\"}]},{\"@type\":\"WebSite\",\"@id\":\"https:\/\/old.kosmetoloog.ee\/#website\",\"url\":\"https:\/\/old.kosmetoloog.ee\/\",\"name\":\"Ilutoodete e-pood\",\"description\":\"Kosmeetika pood\",\"publisher\":{\"@id\":\"https:\/\/old.kosmetoloog.ee\/#organization\"},\"potentialAction\":[{\"@type\":\"SearchAction\",\"target\":{\"@type\":\"EntryPoint\",\"urlTemplate\":\"https:\/\/old.kosmetoloog.ee\/?s={search_term_string}\"},\"query-input\":{\"@type\":\"PropertyValueSpecification\",\"valueRequired\":true,\"valueName\":\"search_term_string\"}}],\"inLanguage\":\"et\"},{\"@type\":\"Organization\",\"@id\":\"https:\/\/old.kosmetoloog.ee\/#organization\",\"name\":\"You are You O\u00dc\",\"url\":\"https:\/\/old.kosmetoloog.ee\/\",\"logo\":{\"@type\":\"ImageObject\",\"inLanguage\":\"et\",\"@id\":\"https:\/\/old.kosmetoloog.ee\/#\/schema\/logo\/image\/\",\"url\":\"https:\/\/old.kosmetoloog.ee\/wp-content\/uploads\/2023\/08\/logo-1.png\",\"contentUrl\":\"https:\/\/old.kosmetoloog.ee\/wp-content\/uploads\/2023\/08\/logo-1.png\",\"width\":1200,\"height\":964,\"caption\":\"You are You O\u00dc\"},\"image\":{\"@id\":\"https:\/\/old.kosmetoloog.ee\/#\/schema\/logo\/image\/\"}}]}<\/script>\n<!-- \/ Yoast SEO plugin. -->","yoast_head_json":{"title":"Fillerid kontuurplastika jaoks - Ilutoodete e-pood","robots":{"index":"noindex","follow":"follow","max-snippet":"max-snippet:-1","max-image-preview":"max-image-preview:large","max-video-preview":"max-video-preview:-1"},"og_locale":"et_EE","og_type":"article","og_title":"Fillerid kontuurplastika jaoks - Ilutoodete e-pood","og_description":"Filleri abil teostatav kontuurplastika on t\u00f5eline revolutsioon kosmetoloogia maailmas! Nende ohutute ja t\u00f5husate protseduuride abil saavad arstid n\u00fc\u00fcd teha asju, mis varem olid v\u00f5imalikud ainult kirurgide jaoks. Esteetiline meditsiin areneb ja t\u00e4iustub pidevalt. Vahepeal, kosmeetikud l\u00f6\u00f6vad alla, et leida t\u00e4iuslik t\u00e4iteaine, mis lahendaks k\u00f5ik vanusega seotud probleemid, s\u00e4ilitaks efekti pikka aega ja oleks samal ajal [&hellip;]","og_url":"https:\/\/old.kosmetoloog.ee\/teenused\/ilusustid\/fillerid-kontuurplastika-jaoks\/","og_site_name":"Ilutoodete e-pood","article_modified_time":"2023-11-09T10:32:57+00:00","og_image":[{"url":"https:\/\/kosmetoloog.ee\/wp-content\/uploads\/2023\/09\/IMG_4913-2.jpg","type":"","width":"","height":""}],"twitter_card":"summary_large_image","twitter_misc":{"Est. reading time":"2 minutit"},"schema":{"@context":"https:\/\/schema.org","@graph":[{"@type":"WebPage","@id":"https:\/\/old.kosmetoloog.ee\/teenused\/ilusustid\/fillerid-kontuurplastika-jaoks\/","url":"https:\/\/old.kosmetoloog.ee\/teenused\/ilusustid\/fillerid-kontuurplastika-jaoks\/","name":"Fillerid kontuurplastika jaoks - Ilutoodete e-pood","isPartOf":{"@id":"https:\/\/old.kosmetoloog.ee\/#website"},"primaryImageOfPage":{"@id":"https:\/\/old.kosmetoloog.ee\/teenused\/ilusustid\/fillerid-kontuurplastika-jaoks\/#primaryimage"},"image":{"@id":"https:\/\/old.kosmetoloog.ee\/teenused\/ilusustid\/fillerid-kontuurplastika-jaoks\/#primaryimage"},"thumbnailUrl":"https:\/\/kosmetoloog.ee\/wp-content\/uploads\/2023\/09\/IMG_4913-2.jpg","datePublished":"2023-09-25T11:00:01+00:00","dateModified":"2023-11-09T10:32:57+00:00","breadcrumb":{"@id":"https:\/\/old.kosmetoloog.ee\/teenused\/ilusustid\/fillerid-kontuurplastika-jaoks\/#breadcrumb"},"inLanguage":"et","potentialAction":[{"@type":"ReadAction","target":["https:\/\/old.kosmetoloog.ee\/teenused\/ilusustid\/fillerid-kontuurplastika-jaoks\/"]}]},{"@type":"ImageObject","inLanguage":"et","@id":"https:\/\/old.kosmetoloog.ee\/teenused\/ilusustid\/fillerid-kontuurplastika-jaoks\/#primaryimage","url":"https:\/\/kosmetoloog.ee\/wp-content\/uploads\/2023\/09\/IMG_4913-2.jpg","contentUrl":"https:\/\/kosmetoloog.ee\/wp-content\/uploads\/2023\/09\/IMG_4913-2.jpg"},{"@type":"BreadcrumbList","@id":"https:\/\/old.kosmetoloog.ee\/teenused\/ilusustid\/fillerid-kontuurplastika-jaoks\/#breadcrumb","itemListElement":[{"@type":"ListItem","position":1,"name":"Home","item":"https:\/\/old.kosmetoloog.ee\/et\/"},{"@type":"ListItem","position":2,"name":"Teenused","item":"https:\/\/old.kosmetoloog.ee\/et\/teenused\/"},{"@type":"ListItem","position":3,"name":"Ilus\u00fcstid","item":"https:\/\/old.kosmetoloog.ee\/et\/teenused\/ilusustid\/"},{"@type":"ListItem","position":4,"name":"Fillerid kontuurplastika jaoks"}]},{"@type":"WebSite","@id":"https:\/\/old.kosmetoloog.ee\/#website","url":"https:\/\/old.kosmetoloog.ee\/","name":"Ilutoodete e-pood","description":"Kosmeetika pood","publisher":{"@id":"https:\/\/old.kosmetoloog.ee\/#organization"},"potentialAction":[{"@type":"SearchAction","target":{"@type":"EntryPoint","urlTemplate":"https:\/\/old.kosmetoloog.ee\/?s={search_term_string}"},"query-input":{"@type":"PropertyValueSpecification","valueRequired":true,"valueName":"search_term_string"}}],"inLanguage":"et"},{"@type":"Organization","@id":"https:\/\/old.kosmetoloog.ee\/#organization","name":"You are You O\u00dc","url":"https:\/\/old.kosmetoloog.ee\/","logo":{"@type":"ImageObject","inLanguage":"et","@id":"https:\/\/old.kosmetoloog.ee\/#\/schema\/logo\/image\/","url":"https:\/\/old.kosmetoloog.ee\/wp-content\/uploads\/2023\/08\/logo-1.png","contentUrl":"https:\/\/old.kosmetoloog.ee\/wp-content\/uploads\/2023\/08\/logo-1.png","width":1200,"height":964,"caption":"You are You O\u00dc"},"image":{"@id":"https:\/\/old.kosmetoloog.ee\/#\/schema\/logo\/image\/"}}]}},"_links":{"self":[{"href":"https:\/\/old.kosmetoloog.ee\/et\/wp-json\/wp\/v2\/pages\/1520","targetHints":{"allow":["GET"]}}],"collection":[{"href":"https:\/\/old.kosmetoloog.ee\/et\/wp-json\/wp\/v2\/pages"}],"about":[{"href":"https:\/\/old.kosmetoloog.ee\/et\/wp-json\/wp\/v2\/types\/page"}],"author":[{"embeddable":true,"href":"https:\/\/old.kosmetoloog.ee\/et\/wp-json\/wp\/v2\/users\/1"}],"replies":[{"embeddable":true,"href":"https:\/\/old.kosmetoloog.ee\/et\/wp-json\/wp\/v2\/comments?post=1520"}],"version-history":[{"count":2,"href":"https:\/\/old.kosmetoloog.ee\/et\/wp-json\/wp\/v2\/pages\/1520\/revisions"}],"predecessor-version":[{"id":1525,"href":"https:\/\/old.kosmetoloog.ee\/et\/wp-json\/wp\/v2\/pages\/1520\/revisions\/1525"}],"up":[{"embeddable":true,"href":"https:\/\/old.kosmetoloog.ee\/et\/wp-json\/wp\/v2\/pages\/1507"}],"wp:attachment":[{"href":"https:\/\/old.kosmetoloog.ee\/et\/wp-json\/wp\/v2\/media?parent=1520"}],"curies":[{"name":"wp","href":"https:\/\/api.w.org\/{rel}","templated":true}]}}