{"id":1528,"date":"2023-09-25T12:50:11","date_gmt":"2023-09-25T09:50:11","guid":{"rendered":"https:\/\/kosmetoloog.ee\/teenused\/kosmeetiline-hooldus\/ultraheli-naopuhastus\/"},"modified":"2023-11-09T12:26:47","modified_gmt":"2023-11-09T10:26:47","slug":"ultraheli-naopuhastus","status":"publish","type":"page","link":"https:\/\/old.kosmetoloog.ee\/et\/teenused\/kosmeetiline-hooldus\/ultraheli-naopuhastus\/","title":{"rendered":"Ultraheli n\u00e4opuhastus"},"content":{"rendered":"\t\t<div data-elementor-type=\"wp-page\" data-elementor-id=\"1528\" class=\"elementor elementor-1528 elementor-1157\" data-elementor-post-type=\"page\">\n\t\t\t\t\t\t<section class=\"elementor-section elementor-top-section elementor-element elementor-element-9b56eb1 elementor-section-boxed elementor-section-height-default elementor-section-height-default\" data-id=\"9b56eb1\" data-element_type=\"section\">\n\t\t\t\t\t\t<div class=\"elementor-container elementor-column-gap-default\">\n\t\t\t\t\t<div class=\"elementor-column elementor-col-100 elementor-top-column elementor-element elementor-element-947fe46\" data-id=\"947fe46\" data-element_type=\"column\">\n\t\t\t<div class=\"elementor-widget-wrap elementor-element-populated\">\n\t\t\t\t\t\t<div class=\"elementor-element elementor-element-9de3b72 elementor-widget elementor-widget-text-editor\" data-id=\"9de3b72\" data-element_type=\"widget\" data-widget_type=\"text-editor.default\">\n\t\t\t\t<div class=\"elementor-widget-container\">\n\t\t\t\t\t\t\t\t\t<table border=\"0\">\n<tbody>\n<tr>\n<td>\n<h3 class=\"tn-atom\"> <\/h3>\n<p>Ultraheli n\u00e4opuhastus on \u00fcks populaarsemaid ja n\u00f5utumaid protseduure kosmetoloogias.<\/p>\n<\/p>\n<p>Seda protseduuri nimetatakse ka ultrahelikoorimiseks, kuna ultrahelipuhastuse k\u00e4igus kooritakse naha pindmised kihid, mis on t\u00fc\u00fcpiline k\u00f5ikidele koorimisprotseduuridele.<\/p>\n<\/p>\n<p>Ultraheli n\u00e4opuhastus on kompleksne protseduur ja sisaldab lisaks naha ultraheliga puhastamisele ka kosmeetika &#8211; kreemide, maskide, seerumite kasutamist.<\/p>\n<\/p>\n<p>Ultraheli v\u00f5imaldab t\u00f5husalt ja t\u00e4iesti valutult puhastada nahka. Protseduur on universaalne, kuna soobib igale nahat\u00fc\u00fcbile. P\u00e4rast n\u00e4o ultrahelipuhastust muutub nahk v\u00e4rskemaks, pehmemaks, selle v\u00e4rv \u00fchtlustub ja niiskus suureneb.<\/p>\n<\/p>\n<\/td>\n<td><img fetchpriority=\"high\" decoding=\"async\" class=\"alignnone size-full wp-image-1159\" src=\"https:\/\/kosmetoloog.ee\/wp-content\/uploads\/2023\/09\/photo_2020-04-09_22-.webp\" alt=\"\" width=\"720\" height=\"720\" srcset=\"https:\/\/old.kosmetoloog.ee\/wp-content\/uploads\/2023\/09\/photo_2020-04-09_22-.webp 720w, https:\/\/old.kosmetoloog.ee\/wp-content\/uploads\/2023\/09\/photo_2020-04-09_22--300x300.webp 300w, https:\/\/old.kosmetoloog.ee\/wp-content\/uploads\/2023\/09\/photo_2020-04-09_22--150x150.webp 150w, https:\/\/old.kosmetoloog.ee\/wp-content\/uploads\/2023\/09\/photo_2020-04-09_22--600x600.webp 600w, https:\/\/old.kosmetoloog.ee\/wp-content\/uploads\/2023\/09\/photo_2020-04-09_22--100x100.webp 100w\" sizes=\"(max-width: 720px) 100vw, 720px\" \/><\/td>\n<\/tr>\n<\/tbody>\n<\/table>\n<table border=\"0\">\n<tbody>\n<tr>\n<td><img decoding=\"async\" class=\"alignnone size-full wp-image-1161 lazyload\" data-src=\"https:\/\/kosmetoloog.ee\/wp-content\/uploads\/2023\/09\/photo_2020-04-10_09-1-1.webp\" alt=\"\" width=\"840\" height=\"558\" data-srcset=\"https:\/\/old.kosmetoloog.ee\/wp-content\/uploads\/2023\/09\/photo_2020-04-10_09-1-1.webp 840w, https:\/\/old.kosmetoloog.ee\/wp-content\/uploads\/2023\/09\/photo_2020-04-10_09-1-1-300x199.webp 300w, https:\/\/old.kosmetoloog.ee\/wp-content\/uploads\/2023\/09\/photo_2020-04-10_09-1-1-768x510.webp 768w, https:\/\/old.kosmetoloog.ee\/wp-content\/uploads\/2023\/09\/photo_2020-04-10_09-1-1-600x399.webp 600w\" data-sizes=\"(max-width: 840px) 100vw, 840px\" src=\"data:image\/svg+xml;base64,PHN2ZyB3aWR0aD0iMSIgaGVpZ2h0PSIxIiB4bWxucz0iaHR0cDovL3d3dy53My5vcmcvMjAwMC9zdmciPjwvc3ZnPg==\" style=\"--smush-placeholder-width: 840px; --smush-placeholder-aspect-ratio: 840\/558;\" \/> <\/td>\n<td>\n<p>Suurenenud lokaalse vere- ja l\u00fcmfiringe t\u00f5ttu v\u00e4heneb turse.<br \/>Ultraheliga puhastatud nahale kreemide ja maskide kandmisel paraneb toimeainete tungimine selle pinnalt s\u00fcgavamatesse kihtidesse.<\/p>\n<p>Naha\u00e4rritust ega punetust p\u00e4rast ultrahelipuhastust ei teki. Erilist nahahooldust p\u00e4rast protseduuri ei n\u00f5uta.<\/p>\n<p>Juba peale esimest protseduuri on n\u00e4ha ultrahelikoorimise m\u00f5ju, mida saab fikseerida korduvate protseduuridega, mida soovitatakse teha 2 n\u00e4dala p\u00e4rast.<\/p>\n<\/p>\n<\/td>\n<\/tr>\n<\/tbody>\n<\/table>\n<table border=\"0\">\n<tbody>\n<tr>\n<td>\n<p><strong>N\u00e4idustused:<\/strong><\/p>\n<p>\u2665 Suurenenud rasvan\u00e4\u00e4rmete aktiivsus<br \/>\u2665 Laienenud pooride olemasolu<br \/>\u2665 Tursed<br \/>\u2665 Pleekinud v\u00e4limusega nahk<br \/>\u2665 Liigne pigmentatsioon<br \/>\u2665 Mustpeade olemasolu, tedret\u00e4hnide, vistrikud n\u00e4os<br \/>\u2665 Akne paranemise etapis<br \/>\u2665 Suurenenud koorimine<br \/>\u2665 Epidermise toonuse parandamiseks<\/p>\n<\/p>\n<\/td>\n<td>\n<p><strong>Vastun\u00e4idustused:<\/strong><\/p>\n<p>\u00d8 Nahahaigused \u00e4gedas staadiumis<br \/>\u00d8 Epilepsia<br \/>\u00d8 S\u00fcdamepuudulikkuse haigus<br \/>\u00d8 S\u00fcdame stimulaator<br \/>\u00d8 Diabeet<br \/>\u00d8 Onkoloogia<br \/>\u00d8 Verehaigused<br \/>\u00d8 Mitu telangiektaasiat, suured s\u00fcnnitusm\u00e4rgid<br \/>\u00d8 Rasedus<br \/>\u00d8 Esimesed kolm kuud p\u00e4rast n\u00e4o-l\u00f5ualuu operatsiooni, p\u00e4rast &#8220;kuldl\u00f5ngade&#8221; protseduuri, p\u00e4rast keemilist koorimist.<\/p>\n<\/td>\n<\/tr>\n<\/tbody>\n<\/table>\n\t\t\t\t\t\t\t\t<\/div>\n\t\t\t\t<\/div>\n\t\t\t\t\t<\/div>\n\t\t<\/div>\n\t\t\t\t\t<\/div>\n\t\t<\/section>\n\t\t\t\t<\/div>\n\t\t","protected":false},"excerpt":{"rendered":"<p>Ultraheli n\u00e4opuhastus on \u00fcks populaarsemaid ja n\u00f5utumaid protseduure kosmetoloogias. Seda protseduuri nimetatakse ka ultrahelikoorimiseks, kuna ultrahelipuhastuse k\u00e4igus kooritakse naha pindmised kihid, mis on t\u00fc\u00fcpiline k\u00f5ikidele koorimisprotseduuridele. Ultraheli n\u00e4opuhastus on kompleksne protseduur ja sisaldab lisaks naha ultraheliga puhastamisele ka kosmeetika &#8211; kreemide, maskide, seerumite kasutamist. Ultraheli v\u00f5imaldab t\u00f5husalt ja t\u00e4iesti valutult puhastada nahka. Protseduur on universaalne, [&hellip;]<\/p>\n","protected":false},"author":1,"featured_media":0,"parent":1479,"menu_order":0,"comment_status":"closed","ping_status":"closed","template":"","meta":{"_acf_changed":false,"footnotes":""},"class_list":["post-1528","page","type-page","status-publish","hentry"],"acf":[],"yoast_head":"<!-- This site is optimized with the Yoast SEO plugin v25.7 - https:\/\/yoast.com\/wordpress\/plugins\/seo\/ -->\n<title>Ultraheli n\u00e4opuhastus - Ilutoodete e-pood<\/title>\n<meta name=\"robots\" content=\"noindex, follow, max-snippet:-1, max-image-preview:large, max-video-preview:-1\" \/>\n<meta property=\"og:locale\" content=\"et_EE\" \/>\n<meta property=\"og:type\" content=\"article\" \/>\n<meta property=\"og:title\" content=\"Ultraheli n\u00e4opuhastus - Ilutoodete e-pood\" \/>\n<meta property=\"og:description\" content=\"Ultraheli n\u00e4opuhastus on \u00fcks populaarsemaid ja n\u00f5utumaid protseduure kosmetoloogias. Seda protseduuri nimetatakse ka ultrahelikoorimiseks, kuna ultrahelipuhastuse k\u00e4igus kooritakse naha pindmised kihid, mis on t\u00fc\u00fcpiline k\u00f5ikidele koorimisprotseduuridele. Ultraheli n\u00e4opuhastus on kompleksne protseduur ja sisaldab lisaks naha ultraheliga puhastamisele ka kosmeetika &#8211; kreemide, maskide, seerumite kasutamist. Ultraheli v\u00f5imaldab t\u00f5husalt ja t\u00e4iesti valutult puhastada nahka. Protseduur on universaalne, [&hellip;]\" \/>\n<meta property=\"og:url\" content=\"https:\/\/old.kosmetoloog.ee\/et\/teenused\/kosmeetiline-hooldus\/ultraheli-naopuhastus\/\" \/>\n<meta property=\"og:site_name\" content=\"Ilutoodete e-pood\" \/>\n<meta property=\"article:modified_time\" content=\"2023-11-09T10:26:47+00:00\" \/>\n<meta property=\"og:image\" content=\"https:\/\/kosmetoloog.ee\/wp-content\/uploads\/2023\/09\/photo_2020-04-09_22-.webp\" \/>\n<meta name=\"twitter:card\" content=\"summary_large_image\" \/>\n<meta name=\"twitter:label1\" content=\"Est. reading time\" \/>\n\t<meta name=\"twitter:data1\" content=\"1 minut\" \/>\n<script type=\"application\/ld+json\" class=\"yoast-schema-graph\">{\"@context\":\"https:\/\/schema.org\",\"@graph\":[{\"@type\":\"WebPage\",\"@id\":\"https:\/\/old.kosmetoloog.ee\/et\/teenused\/kosmeetiline-hooldus\/ultraheli-naopuhastus\/\",\"url\":\"https:\/\/old.kosmetoloog.ee\/et\/teenused\/kosmeetiline-hooldus\/ultraheli-naopuhastus\/\",\"name\":\"Ultraheli n\u00e4opuhastus - Ilutoodete e-pood\",\"isPartOf\":{\"@id\":\"https:\/\/old.kosmetoloog.ee\/#website\"},\"primaryImageOfPage\":{\"@id\":\"https:\/\/old.kosmetoloog.ee\/et\/teenused\/kosmeetiline-hooldus\/ultraheli-naopuhastus\/#primaryimage\"},\"image\":{\"@id\":\"https:\/\/old.kosmetoloog.ee\/et\/teenused\/kosmeetiline-hooldus\/ultraheli-naopuhastus\/#primaryimage\"},\"thumbnailUrl\":\"https:\/\/kosmetoloog.ee\/wp-content\/uploads\/2023\/09\/photo_2020-04-09_22-.webp\",\"datePublished\":\"2023-09-25T09:50:11+00:00\",\"dateModified\":\"2023-11-09T10:26:47+00:00\",\"breadcrumb\":{\"@id\":\"https:\/\/old.kosmetoloog.ee\/et\/teenused\/kosmeetiline-hooldus\/ultraheli-naopuhastus\/#breadcrumb\"},\"inLanguage\":\"et\",\"potentialAction\":[{\"@type\":\"ReadAction\",\"target\":[\"https:\/\/old.kosmetoloog.ee\/et\/teenused\/kosmeetiline-hooldus\/ultraheli-naopuhastus\/\"]}]},{\"@type\":\"ImageObject\",\"inLanguage\":\"et\",\"@id\":\"https:\/\/old.kosmetoloog.ee\/et\/teenused\/kosmeetiline-hooldus\/ultraheli-naopuhastus\/#primaryimage\",\"url\":\"https:\/\/kosmetoloog.ee\/wp-content\/uploads\/2023\/09\/photo_2020-04-09_22-.webp\",\"contentUrl\":\"https:\/\/kosmetoloog.ee\/wp-content\/uploads\/2023\/09\/photo_2020-04-09_22-.webp\"},{\"@type\":\"BreadcrumbList\",\"@id\":\"https:\/\/old.kosmetoloog.ee\/et\/teenused\/kosmeetiline-hooldus\/ultraheli-naopuhastus\/#breadcrumb\",\"itemListElement\":[{\"@type\":\"ListItem\",\"position\":1,\"name\":\"Home\",\"item\":\"https:\/\/old.kosmetoloog.ee\/et\/\"},{\"@type\":\"ListItem\",\"position\":2,\"name\":\"Teenused\",\"item\":\"https:\/\/old.kosmetoloog.ee\/et\/teenused\/\"},{\"@type\":\"ListItem\",\"position\":3,\"name\":\"Kosmeetiline hooldus\",\"item\":\"https:\/\/old.kosmetoloog.ee\/et\/teenused\/kosmeetiline-hooldus\/\"},{\"@type\":\"ListItem\",\"position\":4,\"name\":\"Ultraheli n\u00e4opuhastus\"}]},{\"@type\":\"WebSite\",\"@id\":\"https:\/\/old.kosmetoloog.ee\/#website\",\"url\":\"https:\/\/old.kosmetoloog.ee\/\",\"name\":\"Ilutoodete e-pood\",\"description\":\"Kosmeetika pood\",\"publisher\":{\"@id\":\"https:\/\/old.kosmetoloog.ee\/#organization\"},\"potentialAction\":[{\"@type\":\"SearchAction\",\"target\":{\"@type\":\"EntryPoint\",\"urlTemplate\":\"https:\/\/old.kosmetoloog.ee\/?s={search_term_string}\"},\"query-input\":{\"@type\":\"PropertyValueSpecification\",\"valueRequired\":true,\"valueName\":\"search_term_string\"}}],\"inLanguage\":\"et\"},{\"@type\":\"Organization\",\"@id\":\"https:\/\/old.kosmetoloog.ee\/#organization\",\"name\":\"You are You O\u00dc\",\"url\":\"https:\/\/old.kosmetoloog.ee\/\",\"logo\":{\"@type\":\"ImageObject\",\"inLanguage\":\"et\",\"@id\":\"https:\/\/old.kosmetoloog.ee\/#\/schema\/logo\/image\/\",\"url\":\"https:\/\/old.kosmetoloog.ee\/wp-content\/uploads\/2023\/08\/logo-1.png\",\"contentUrl\":\"https:\/\/old.kosmetoloog.ee\/wp-content\/uploads\/2023\/08\/logo-1.png\",\"width\":1200,\"height\":964,\"caption\":\"You are You O\u00dc\"},\"image\":{\"@id\":\"https:\/\/old.kosmetoloog.ee\/#\/schema\/logo\/image\/\"}}]}<\/script>\n<!-- \/ Yoast SEO plugin. -->","yoast_head_json":{"title":"Ultraheli n\u00e4opuhastus - Ilutoodete e-pood","robots":{"index":"noindex","follow":"follow","max-snippet":"max-snippet:-1","max-image-preview":"max-image-preview:large","max-video-preview":"max-video-preview:-1"},"og_locale":"et_EE","og_type":"article","og_title":"Ultraheli n\u00e4opuhastus - Ilutoodete e-pood","og_description":"Ultraheli n\u00e4opuhastus on \u00fcks populaarsemaid ja n\u00f5utumaid protseduure kosmetoloogias. Seda protseduuri nimetatakse ka ultrahelikoorimiseks, kuna ultrahelipuhastuse k\u00e4igus kooritakse naha pindmised kihid, mis on t\u00fc\u00fcpiline k\u00f5ikidele koorimisprotseduuridele. Ultraheli n\u00e4opuhastus on kompleksne protseduur ja sisaldab lisaks naha ultraheliga puhastamisele ka kosmeetika &#8211; kreemide, maskide, seerumite kasutamist. Ultraheli v\u00f5imaldab t\u00f5husalt ja t\u00e4iesti valutult puhastada nahka. Protseduur on universaalne, [&hellip;]","og_url":"https:\/\/old.kosmetoloog.ee\/et\/teenused\/kosmeetiline-hooldus\/ultraheli-naopuhastus\/","og_site_name":"Ilutoodete e-pood","article_modified_time":"2023-11-09T10:26:47+00:00","og_image":[{"url":"https:\/\/kosmetoloog.ee\/wp-content\/uploads\/2023\/09\/photo_2020-04-09_22-.webp","type":"","width":"","height":""}],"twitter_card":"summary_large_image","twitter_misc":{"Est. reading time":"1 minut"},"schema":{"@context":"https:\/\/schema.org","@graph":[{"@type":"WebPage","@id":"https:\/\/old.kosmetoloog.ee\/et\/teenused\/kosmeetiline-hooldus\/ultraheli-naopuhastus\/","url":"https:\/\/old.kosmetoloog.ee\/et\/teenused\/kosmeetiline-hooldus\/ultraheli-naopuhastus\/","name":"Ultraheli n\u00e4opuhastus - Ilutoodete e-pood","isPartOf":{"@id":"https:\/\/old.kosmetoloog.ee\/#website"},"primaryImageOfPage":{"@id":"https:\/\/old.kosmetoloog.ee\/et\/teenused\/kosmeetiline-hooldus\/ultraheli-naopuhastus\/#primaryimage"},"image":{"@id":"https:\/\/old.kosmetoloog.ee\/et\/teenused\/kosmeetiline-hooldus\/ultraheli-naopuhastus\/#primaryimage"},"thumbnailUrl":"https:\/\/kosmetoloog.ee\/wp-content\/uploads\/2023\/09\/photo_2020-04-09_22-.webp","datePublished":"2023-09-25T09:50:11+00:00","dateModified":"2023-11-09T10:26:47+00:00","breadcrumb":{"@id":"https:\/\/old.kosmetoloog.ee\/et\/teenused\/kosmeetiline-hooldus\/ultraheli-naopuhastus\/#breadcrumb"},"inLanguage":"et","potentialAction":[{"@type":"ReadAction","target":["https:\/\/old.kosmetoloog.ee\/et\/teenused\/kosmeetiline-hooldus\/ultraheli-naopuhastus\/"]}]},{"@type":"ImageObject","inLanguage":"et","@id":"https:\/\/old.kosmetoloog.ee\/et\/teenused\/kosmeetiline-hooldus\/ultraheli-naopuhastus\/#primaryimage","url":"https:\/\/kosmetoloog.ee\/wp-content\/uploads\/2023\/09\/photo_2020-04-09_22-.webp","contentUrl":"https:\/\/kosmetoloog.ee\/wp-content\/uploads\/2023\/09\/photo_2020-04-09_22-.webp"},{"@type":"BreadcrumbList","@id":"https:\/\/old.kosmetoloog.ee\/et\/teenused\/kosmeetiline-hooldus\/ultraheli-naopuhastus\/#breadcrumb","itemListElement":[{"@type":"ListItem","position":1,"name":"Home","item":"https:\/\/old.kosmetoloog.ee\/et\/"},{"@type":"ListItem","position":2,"name":"Teenused","item":"https:\/\/old.kosmetoloog.ee\/et\/teenused\/"},{"@type":"ListItem","position":3,"name":"Kosmeetiline hooldus","item":"https:\/\/old.kosmetoloog.ee\/et\/teenused\/kosmeetiline-hooldus\/"},{"@type":"ListItem","position":4,"name":"Ultraheli n\u00e4opuhastus"}]},{"@type":"WebSite","@id":"https:\/\/old.kosmetoloog.ee\/#website","url":"https:\/\/old.kosmetoloog.ee\/","name":"Ilutoodete e-pood","description":"Kosmeetika pood","publisher":{"@id":"https:\/\/old.kosmetoloog.ee\/#organization"},"potentialAction":[{"@type":"SearchAction","target":{"@type":"EntryPoint","urlTemplate":"https:\/\/old.kosmetoloog.ee\/?s={search_term_string}"},"query-input":{"@type":"PropertyValueSpecification","valueRequired":true,"valueName":"search_term_string"}}],"inLanguage":"et"},{"@type":"Organization","@id":"https:\/\/old.kosmetoloog.ee\/#organization","name":"You are You O\u00dc","url":"https:\/\/old.kosmetoloog.ee\/","logo":{"@type":"ImageObject","inLanguage":"et","@id":"https:\/\/old.kosmetoloog.ee\/#\/schema\/logo\/image\/","url":"https:\/\/old.kosmetoloog.ee\/wp-content\/uploads\/2023\/08\/logo-1.png","contentUrl":"https:\/\/old.kosmetoloog.ee\/wp-content\/uploads\/2023\/08\/logo-1.png","width":1200,"height":964,"caption":"You are You O\u00dc"},"image":{"@id":"https:\/\/old.kosmetoloog.ee\/#\/schema\/logo\/image\/"}}]}},"_links":{"self":[{"href":"https:\/\/old.kosmetoloog.ee\/et\/wp-json\/wp\/v2\/pages\/1528","targetHints":{"allow":["GET"]}}],"collection":[{"href":"https:\/\/old.kosmetoloog.ee\/et\/wp-json\/wp\/v2\/pages"}],"about":[{"href":"https:\/\/old.kosmetoloog.ee\/et\/wp-json\/wp\/v2\/types\/page"}],"author":[{"embeddable":true,"href":"https:\/\/old.kosmetoloog.ee\/et\/wp-json\/wp\/v2\/users\/1"}],"replies":[{"embeddable":true,"href":"https:\/\/old.kosmetoloog.ee\/et\/wp-json\/wp\/v2\/comments?post=1528"}],"version-history":[{"count":1,"href":"https:\/\/old.kosmetoloog.ee\/et\/wp-json\/wp\/v2\/pages\/1528\/revisions"}],"predecessor-version":[{"id":1529,"href":"https:\/\/old.kosmetoloog.ee\/et\/wp-json\/wp\/v2\/pages\/1528\/revisions\/1529"}],"up":[{"embeddable":true,"href":"https:\/\/old.kosmetoloog.ee\/et\/wp-json\/wp\/v2\/pages\/1479"}],"wp:attachment":[{"href":"https:\/\/old.kosmetoloog.ee\/et\/wp-json\/wp\/v2\/media?parent=1528"}],"curies":[{"name":"wp","href":"https:\/\/api.w.org\/{rel}","templated":true}]}}