{"id":1530,"date":"2023-09-25T13:50:35","date_gmt":"2023-09-25T10:50:35","guid":{"rendered":"https:\/\/kosmetoloog.ee\/teenused\/sustevabad-meetodid\/dermaalne-stimulaator-prx-t33\/"},"modified":"2023-11-09T12:20:41","modified_gmt":"2023-11-09T10:20:41","slug":"dermaalne-stimulaator-prx-t33","status":"publish","type":"page","link":"https:\/\/old.kosmetoloog.ee\/et\/teenused\/sustevabad-meetodid\/dermaalne-stimulaator-prx-t33\/","title":{"rendered":"Dermaalne stimulaator PRX-T33"},"content":{"rendered":"\t\t<div data-elementor-type=\"wp-page\" data-elementor-id=\"1530\" class=\"elementor elementor-1530 elementor-1246\" data-elementor-post-type=\"page\">\n\t\t\t\t\t\t<section class=\"elementor-section elementor-top-section elementor-element elementor-element-9bc616a elementor-section-boxed elementor-section-height-default elementor-section-height-default\" data-id=\"9bc616a\" data-element_type=\"section\">\n\t\t\t\t\t\t<div class=\"elementor-container elementor-column-gap-default\">\n\t\t\t\t\t<div class=\"elementor-column elementor-col-100 elementor-top-column elementor-element elementor-element-d2ddfbe\" data-id=\"d2ddfbe\" data-element_type=\"column\">\n\t\t\t<div class=\"elementor-widget-wrap elementor-element-populated\">\n\t\t\t\t\t\t<div class=\"elementor-element elementor-element-e6b8072 elementor-widget elementor-widget-text-editor\" data-id=\"e6b8072\" data-element_type=\"widget\" data-widget_type=\"text-editor.default\">\n\t\t\t\t<div class=\"elementor-widget-container\">\n\t\t\t\t\t\t\t\t\t<p><img fetchpriority=\"high\" decoding=\"async\" class=\" wp-image-1248 alignleft\" src=\"https:\/\/kosmetoloog.ee\/wp-content\/uploads\/2023\/09\/photo_2020-04-05_19-1-1.webp\" alt=\"\" width=\"304\" height=\"170\" srcset=\"https:\/\/old.kosmetoloog.ee\/wp-content\/uploads\/2023\/09\/photo_2020-04-05_19-1-1.webp 420w, https:\/\/old.kosmetoloog.ee\/wp-content\/uploads\/2023\/09\/photo_2020-04-05_19-1-1-300x168.webp 300w\" sizes=\"(max-width: 304px) 100vw, 304px\" \/>Innovatiivne naha revitalisatsioon (taaselustamine) kohese lifting-efektiga.<\/p>\n<p>PRX-T33 on atraumaatiline protseduur, mille eesm\u00e4rk on n\u00e4o-, kaela-, dekoltee- ja k\u00e4tenaha intensiivne noorendamine.<\/p>\n<p>PRX-T33 ei vaja taastumisperioodi t\u00e4nu ravimi ainulaadsele koostisele &#8211; 33% trikloro\u00e4\u00e4dikhape ja vesinikperoksiid. Need kaks komponenti toimivad rakutasandil, pakkudes v\u00f5imsat biorevitaliseerivat toimet naha pindmisi kihte kahjustamata.<\/p>\n<p>Seda protseduuri saab l\u00e4bi viia igal aastaajal. Selle tulemusena on kohene lifting, naha toonuse t\u00f5us, kaovad armid ning postakne j\u00e4ljed.<\/p>\n\t\t\t\t\t\t\t\t<\/div>\n\t\t\t\t<\/div>\n\t\t\t\t\t<\/div>\n\t\t<\/div>\n\t\t\t\t\t<\/div>\n\t\t<\/section>\n\t\t\t\t<section class=\"elementor-section elementor-top-section elementor-element elementor-element-787bd61 elementor-section-boxed elementor-section-height-default elementor-section-height-default\" data-id=\"787bd61\" data-element_type=\"section\">\n\t\t\t\t\t\t<div class=\"elementor-container elementor-column-gap-default\">\n\t\t\t\t\t<div class=\"elementor-column elementor-col-100 elementor-top-column elementor-element elementor-element-38f541a\" data-id=\"38f541a\" data-element_type=\"column\">\n\t\t\t<div class=\"elementor-widget-wrap elementor-element-populated\">\n\t\t\t\t\t\t<div class=\"elementor-element elementor-element-276f89c elementor-widget elementor-widget-text-editor\" data-id=\"276f89c\" data-element_type=\"widget\" data-widget_type=\"text-editor.default\">\n\t\t\t\t<div class=\"elementor-widget-container\">\n\t\t\t\t\t\t\t\t\t<h3>PTX-T33 sobib iga vanusega patsientidele, nii naistele kui ka meestele:<\/h3>\n<\/p>\n<p><strong>\u2665 vanusele 12-25<\/strong><\/p>\n<p>Naha v\u00e4ljan\u00e4gemise parandamine, v\u00f5itlus aknej\u00e4rgse j\u00e4ljede ning armidega.<\/p>\n<p><strong>\u2665 vanusele 25-35<\/strong><\/p>\n<p>Fotovananemise ennetamine ja korrigeerimine. Venitusarmid.<\/p>\n<p><strong>\u2665 vanusele 35-45<\/strong><\/p>\n<p>N\u00e4onaha, kaela, dekolteepiirkonna biorevitaliseerimine. Lifting efekt.<\/p>\n<p><strong>\u2665 vanusele 45 +<\/strong><\/p>\n<p>Igak\u00fclgne naha noorendamine, toonuse ja elastsuse taastamine.<\/p>\n<\/p>\n<p><strong>IDEAALNE NAISTELE, KES SOOVIVAD SUUREP\u00c4RASELT V\u00c4LJA N\u00c4HA ILMA S\u00dcSTIDE JA PIKA TAASTUMISPERIOODITA!<\/strong><\/p>\n<p>Protseduuri alguses puhastab spetsialist teie nahka spetsiaalse geelip\u00f5hise tootega ning seej\u00e4rel kannab PTX-T33 \u00f5rnalt piki massaa\u017eijooni kuni t\u00e4ieliku imendumiseni. Olenevalt naha t\u00fc\u00fcbist v\u00f5ib ravimit kasutada mitu korda. Koorimist v\u00f5ib kasutada nii n\u00e4o-, kaela- kui ka dekolteepiirkonna nahal. Protseduuri l\u00f5pus puhastatakse nahk uuesti ning kantakse peale spetsiaalne toitev ja niisutav kreem.<\/p>\n<\/p>\n<table border=\"0\">\n<tbody>\n<tr>\n<td>\n<p><strong>N\u00e4idustused kasutamiseks:<\/strong><\/p>\n<p><strong>\u2665 Naha fotovananemine, l\u00f5tvumine, toonuse langus<\/strong><br \/><strong>\u2665 Naha h\u00fcperkeratoos<\/strong><br \/><strong> \u2665 Seborroiline dermatiit<\/strong><br \/><strong>\u2665 Vananemislaigud, armid ja postakne<\/strong><br \/><strong>\u2665<\/strong> Venitusarmid<\/p>\n<\/td>\n<td>\n<p><strong>Kasutamise vastun\u00e4idustused:<\/strong><\/p>\n<p><strong>\u00d8 Nahainfektsioonid, aktiivne herpes<\/strong><br \/><strong> \u00d8 Allergia ravimi koostisosade suhtes<\/strong><br \/><strong>\u00d8 Nahapinna vigastused ja lahtised haavad<\/strong><br \/><strong>\u00d8 Rasedus v\u00f5i imetamine<\/strong><br \/><strong>\u00d8 Naha suurenenud tundlikkus<\/strong><\/p>\n<\/td>\n<\/tr>\n<\/tbody>\n<\/table>\n\t\t\t\t\t\t\t\t<\/div>\n\t\t\t\t<\/div>\n\t\t\t\t\t<\/div>\n\t\t<\/div>\n\t\t\t\t\t<\/div>\n\t\t<\/section>\n\t\t\t\t<\/div>\n\t\t","protected":false},"excerpt":{"rendered":"<p>Innovatiivne naha revitalisatsioon (taaselustamine) kohese lifting-efektiga. PRX-T33 on atraumaatiline protseduur, mille eesm\u00e4rk on n\u00e4o-, kaela-, dekoltee- ja k\u00e4tenaha intensiivne noorendamine. PRX-T33 ei vaja taastumisperioodi t\u00e4nu ravimi ainulaadsele koostisele &#8211; 33% trikloro\u00e4\u00e4dikhape ja vesinikperoksiid. Need kaks komponenti toimivad rakutasandil, pakkudes v\u00f5imsat biorevitaliseerivat toimet naha pindmisi kihte kahjustamata. Seda protseduuri saab l\u00e4bi viia igal aastaajal. Selle tulemusena [&hellip;]<\/p>\n","protected":false},"author":1,"featured_media":0,"parent":1440,"menu_order":0,"comment_status":"closed","ping_status":"closed","template":"","meta":{"_acf_changed":false,"footnotes":""},"class_list":["post-1530","page","type-page","status-publish","hentry"],"acf":[],"yoast_head":"<!-- This site is optimized with the Yoast SEO plugin v25.7 - https:\/\/yoast.com\/wordpress\/plugins\/seo\/ -->\n<title>Dermaalne stimulaator PRX-T33 - Ilutoodete e-pood<\/title>\n<meta name=\"robots\" content=\"noindex, follow, max-snippet:-1, max-image-preview:large, max-video-preview:-1\" \/>\n<meta property=\"og:locale\" content=\"et_EE\" \/>\n<meta property=\"og:type\" content=\"article\" \/>\n<meta property=\"og:title\" content=\"Dermaalne stimulaator PRX-T33 - Ilutoodete e-pood\" \/>\n<meta property=\"og:description\" content=\"Innovatiivne naha revitalisatsioon (taaselustamine) kohese lifting-efektiga. PRX-T33 on atraumaatiline protseduur, mille eesm\u00e4rk on n\u00e4o-, kaela-, dekoltee- ja k\u00e4tenaha intensiivne noorendamine. PRX-T33 ei vaja taastumisperioodi t\u00e4nu ravimi ainulaadsele koostisele &#8211; 33% trikloro\u00e4\u00e4dikhape ja vesinikperoksiid. Need kaks komponenti toimivad rakutasandil, pakkudes v\u00f5imsat biorevitaliseerivat toimet naha pindmisi kihte kahjustamata. Seda protseduuri saab l\u00e4bi viia igal aastaajal. Selle tulemusena [&hellip;]\" \/>\n<meta property=\"og:url\" content=\"https:\/\/old.kosmetoloog.ee\/teenused\/sustevabad-meetodid\/nahastimulaator-prx-t33\/\" \/>\n<meta property=\"og:site_name\" content=\"Ilutoodete e-pood\" \/>\n<meta property=\"article:modified_time\" content=\"2023-11-09T10:20:41+00:00\" \/>\n<meta property=\"og:image\" content=\"https:\/\/kosmetoloog.ee\/wp-content\/uploads\/2023\/09\/photo_2020-04-05_19-1-1.webp\" \/>\n<meta name=\"twitter:card\" content=\"summary_large_image\" \/>\n<meta name=\"twitter:label1\" content=\"Est. reading time\" \/>\n\t<meta name=\"twitter:data1\" content=\"1 minut\" \/>\n<script type=\"application\/ld+json\" class=\"yoast-schema-graph\">{\"@context\":\"https:\/\/schema.org\",\"@graph\":[{\"@type\":\"WebPage\",\"@id\":\"https:\/\/old.kosmetoloog.ee\/teenused\/sustevabad-meetodid\/nahastimulaator-prx-t33\/\",\"url\":\"https:\/\/old.kosmetoloog.ee\/teenused\/sustevabad-meetodid\/nahastimulaator-prx-t33\/\",\"name\":\"Dermaalne stimulaator PRX-T33 - Ilutoodete e-pood\",\"isPartOf\":{\"@id\":\"https:\/\/old.kosmetoloog.ee\/#website\"},\"primaryImageOfPage\":{\"@id\":\"https:\/\/old.kosmetoloog.ee\/teenused\/sustevabad-meetodid\/nahastimulaator-prx-t33\/#primaryimage\"},\"image\":{\"@id\":\"https:\/\/old.kosmetoloog.ee\/teenused\/sustevabad-meetodid\/nahastimulaator-prx-t33\/#primaryimage\"},\"thumbnailUrl\":\"https:\/\/kosmetoloog.ee\/wp-content\/uploads\/2023\/09\/photo_2020-04-05_19-1-1.webp\",\"datePublished\":\"2023-09-25T10:50:35+00:00\",\"dateModified\":\"2023-11-09T10:20:41+00:00\",\"breadcrumb\":{\"@id\":\"https:\/\/old.kosmetoloog.ee\/teenused\/sustevabad-meetodid\/nahastimulaator-prx-t33\/#breadcrumb\"},\"inLanguage\":\"et\",\"potentialAction\":[{\"@type\":\"ReadAction\",\"target\":[\"https:\/\/old.kosmetoloog.ee\/teenused\/sustevabad-meetodid\/nahastimulaator-prx-t33\/\"]}]},{\"@type\":\"ImageObject\",\"inLanguage\":\"et\",\"@id\":\"https:\/\/old.kosmetoloog.ee\/teenused\/sustevabad-meetodid\/nahastimulaator-prx-t33\/#primaryimage\",\"url\":\"https:\/\/kosmetoloog.ee\/wp-content\/uploads\/2023\/09\/photo_2020-04-05_19-1-1.webp\",\"contentUrl\":\"https:\/\/kosmetoloog.ee\/wp-content\/uploads\/2023\/09\/photo_2020-04-05_19-1-1.webp\"},{\"@type\":\"BreadcrumbList\",\"@id\":\"https:\/\/old.kosmetoloog.ee\/teenused\/sustevabad-meetodid\/nahastimulaator-prx-t33\/#breadcrumb\",\"itemListElement\":[{\"@type\":\"ListItem\",\"position\":1,\"name\":\"Home\",\"item\":\"https:\/\/old.kosmetoloog.ee\/et\/\"},{\"@type\":\"ListItem\",\"position\":2,\"name\":\"Teenused\",\"item\":\"https:\/\/old.kosmetoloog.ee\/et\/teenused\/\"},{\"@type\":\"ListItem\",\"position\":3,\"name\":\"S\u00fcstevabad meetodid\",\"item\":\"https:\/\/old.kosmetoloog.ee\/et\/teenused\/sustevabad-meetodid\/\"},{\"@type\":\"ListItem\",\"position\":4,\"name\":\"Dermaalne stimulaator PRX-T33\"}]},{\"@type\":\"WebSite\",\"@id\":\"https:\/\/old.kosmetoloog.ee\/#website\",\"url\":\"https:\/\/old.kosmetoloog.ee\/\",\"name\":\"Ilutoodete e-pood\",\"description\":\"Kosmeetika pood\",\"publisher\":{\"@id\":\"https:\/\/old.kosmetoloog.ee\/#organization\"},\"potentialAction\":[{\"@type\":\"SearchAction\",\"target\":{\"@type\":\"EntryPoint\",\"urlTemplate\":\"https:\/\/old.kosmetoloog.ee\/?s={search_term_string}\"},\"query-input\":{\"@type\":\"PropertyValueSpecification\",\"valueRequired\":true,\"valueName\":\"search_term_string\"}}],\"inLanguage\":\"et\"},{\"@type\":\"Organization\",\"@id\":\"https:\/\/old.kosmetoloog.ee\/#organization\",\"name\":\"You are You O\u00dc\",\"url\":\"https:\/\/old.kosmetoloog.ee\/\",\"logo\":{\"@type\":\"ImageObject\",\"inLanguage\":\"et\",\"@id\":\"https:\/\/old.kosmetoloog.ee\/#\/schema\/logo\/image\/\",\"url\":\"https:\/\/old.kosmetoloog.ee\/wp-content\/uploads\/2023\/08\/logo-1.png\",\"contentUrl\":\"https:\/\/old.kosmetoloog.ee\/wp-content\/uploads\/2023\/08\/logo-1.png\",\"width\":1200,\"height\":964,\"caption\":\"You are You O\u00dc\"},\"image\":{\"@id\":\"https:\/\/old.kosmetoloog.ee\/#\/schema\/logo\/image\/\"}}]}<\/script>\n<!-- \/ Yoast SEO plugin. -->","yoast_head_json":{"title":"Dermaalne stimulaator PRX-T33 - Ilutoodete e-pood","robots":{"index":"noindex","follow":"follow","max-snippet":"max-snippet:-1","max-image-preview":"max-image-preview:large","max-video-preview":"max-video-preview:-1"},"og_locale":"et_EE","og_type":"article","og_title":"Dermaalne stimulaator PRX-T33 - Ilutoodete e-pood","og_description":"Innovatiivne naha revitalisatsioon (taaselustamine) kohese lifting-efektiga. PRX-T33 on atraumaatiline protseduur, mille eesm\u00e4rk on n\u00e4o-, kaela-, dekoltee- ja k\u00e4tenaha intensiivne noorendamine. PRX-T33 ei vaja taastumisperioodi t\u00e4nu ravimi ainulaadsele koostisele &#8211; 33% trikloro\u00e4\u00e4dikhape ja vesinikperoksiid. Need kaks komponenti toimivad rakutasandil, pakkudes v\u00f5imsat biorevitaliseerivat toimet naha pindmisi kihte kahjustamata. Seda protseduuri saab l\u00e4bi viia igal aastaajal. Selle tulemusena [&hellip;]","og_url":"https:\/\/old.kosmetoloog.ee\/teenused\/sustevabad-meetodid\/nahastimulaator-prx-t33\/","og_site_name":"Ilutoodete e-pood","article_modified_time":"2023-11-09T10:20:41+00:00","og_image":[{"url":"https:\/\/kosmetoloog.ee\/wp-content\/uploads\/2023\/09\/photo_2020-04-05_19-1-1.webp","type":"","width":"","height":""}],"twitter_card":"summary_large_image","twitter_misc":{"Est. reading time":"1 minut"},"schema":{"@context":"https:\/\/schema.org","@graph":[{"@type":"WebPage","@id":"https:\/\/old.kosmetoloog.ee\/teenused\/sustevabad-meetodid\/nahastimulaator-prx-t33\/","url":"https:\/\/old.kosmetoloog.ee\/teenused\/sustevabad-meetodid\/nahastimulaator-prx-t33\/","name":"Dermaalne stimulaator PRX-T33 - Ilutoodete e-pood","isPartOf":{"@id":"https:\/\/old.kosmetoloog.ee\/#website"},"primaryImageOfPage":{"@id":"https:\/\/old.kosmetoloog.ee\/teenused\/sustevabad-meetodid\/nahastimulaator-prx-t33\/#primaryimage"},"image":{"@id":"https:\/\/old.kosmetoloog.ee\/teenused\/sustevabad-meetodid\/nahastimulaator-prx-t33\/#primaryimage"},"thumbnailUrl":"https:\/\/kosmetoloog.ee\/wp-content\/uploads\/2023\/09\/photo_2020-04-05_19-1-1.webp","datePublished":"2023-09-25T10:50:35+00:00","dateModified":"2023-11-09T10:20:41+00:00","breadcrumb":{"@id":"https:\/\/old.kosmetoloog.ee\/teenused\/sustevabad-meetodid\/nahastimulaator-prx-t33\/#breadcrumb"},"inLanguage":"et","potentialAction":[{"@type":"ReadAction","target":["https:\/\/old.kosmetoloog.ee\/teenused\/sustevabad-meetodid\/nahastimulaator-prx-t33\/"]}]},{"@type":"ImageObject","inLanguage":"et","@id":"https:\/\/old.kosmetoloog.ee\/teenused\/sustevabad-meetodid\/nahastimulaator-prx-t33\/#primaryimage","url":"https:\/\/kosmetoloog.ee\/wp-content\/uploads\/2023\/09\/photo_2020-04-05_19-1-1.webp","contentUrl":"https:\/\/kosmetoloog.ee\/wp-content\/uploads\/2023\/09\/photo_2020-04-05_19-1-1.webp"},{"@type":"BreadcrumbList","@id":"https:\/\/old.kosmetoloog.ee\/teenused\/sustevabad-meetodid\/nahastimulaator-prx-t33\/#breadcrumb","itemListElement":[{"@type":"ListItem","position":1,"name":"Home","item":"https:\/\/old.kosmetoloog.ee\/et\/"},{"@type":"ListItem","position":2,"name":"Teenused","item":"https:\/\/old.kosmetoloog.ee\/et\/teenused\/"},{"@type":"ListItem","position":3,"name":"S\u00fcstevabad meetodid","item":"https:\/\/old.kosmetoloog.ee\/et\/teenused\/sustevabad-meetodid\/"},{"@type":"ListItem","position":4,"name":"Dermaalne stimulaator PRX-T33"}]},{"@type":"WebSite","@id":"https:\/\/old.kosmetoloog.ee\/#website","url":"https:\/\/old.kosmetoloog.ee\/","name":"Ilutoodete e-pood","description":"Kosmeetika pood","publisher":{"@id":"https:\/\/old.kosmetoloog.ee\/#organization"},"potentialAction":[{"@type":"SearchAction","target":{"@type":"EntryPoint","urlTemplate":"https:\/\/old.kosmetoloog.ee\/?s={search_term_string}"},"query-input":{"@type":"PropertyValueSpecification","valueRequired":true,"valueName":"search_term_string"}}],"inLanguage":"et"},{"@type":"Organization","@id":"https:\/\/old.kosmetoloog.ee\/#organization","name":"You are You O\u00dc","url":"https:\/\/old.kosmetoloog.ee\/","logo":{"@type":"ImageObject","inLanguage":"et","@id":"https:\/\/old.kosmetoloog.ee\/#\/schema\/logo\/image\/","url":"https:\/\/old.kosmetoloog.ee\/wp-content\/uploads\/2023\/08\/logo-1.png","contentUrl":"https:\/\/old.kosmetoloog.ee\/wp-content\/uploads\/2023\/08\/logo-1.png","width":1200,"height":964,"caption":"You are You O\u00dc"},"image":{"@id":"https:\/\/old.kosmetoloog.ee\/#\/schema\/logo\/image\/"}}]}},"_links":{"self":[{"href":"https:\/\/old.kosmetoloog.ee\/et\/wp-json\/wp\/v2\/pages\/1530","targetHints":{"allow":["GET"]}}],"collection":[{"href":"https:\/\/old.kosmetoloog.ee\/et\/wp-json\/wp\/v2\/pages"}],"about":[{"href":"https:\/\/old.kosmetoloog.ee\/et\/wp-json\/wp\/v2\/types\/page"}],"author":[{"embeddable":true,"href":"https:\/\/old.kosmetoloog.ee\/et\/wp-json\/wp\/v2\/users\/1"}],"replies":[{"embeddable":true,"href":"https:\/\/old.kosmetoloog.ee\/et\/wp-json\/wp\/v2\/comments?post=1530"}],"version-history":[{"count":1,"href":"https:\/\/old.kosmetoloog.ee\/et\/wp-json\/wp\/v2\/pages\/1530\/revisions"}],"predecessor-version":[{"id":1531,"href":"https:\/\/old.kosmetoloog.ee\/et\/wp-json\/wp\/v2\/pages\/1530\/revisions\/1531"}],"up":[{"embeddable":true,"href":"https:\/\/old.kosmetoloog.ee\/et\/wp-json\/wp\/v2\/pages\/1440"}],"wp:attachment":[{"href":"https:\/\/old.kosmetoloog.ee\/et\/wp-json\/wp\/v2\/media?parent=1530"}],"curies":[{"name":"wp","href":"https:\/\/api.w.org\/{rel}","templated":true}]}}