{"id":1532,"date":"2023-09-25T13:24:23","date_gmt":"2023-09-25T10:24:23","guid":{"rendered":"https:\/\/kosmetoloog.ee\/teenused\/sustevabad-meetodid\/naojooga-mask\/"},"modified":"2023-11-09T12:22:31","modified_gmt":"2023-11-09T10:22:31","slug":"naojooga-mask","status":"publish","type":"page","link":"https:\/\/old.kosmetoloog.ee\/et\/teenused\/sustevabad-meetodid\/naojooga-mask\/","title":{"rendered":"N\u00e4ojooga mask"},"content":{"rendered":"\t\t<div data-elementor-type=\"wp-page\" data-elementor-id=\"1532\" class=\"elementor elementor-1532 elementor-1224\" data-elementor-post-type=\"page\">\n\t\t\t\t\t\t<section class=\"elementor-section elementor-top-section elementor-element elementor-element-82d5345 elementor-section-boxed elementor-section-height-default elementor-section-height-default\" data-id=\"82d5345\" data-element_type=\"section\">\n\t\t\t\t\t\t<div class=\"elementor-container elementor-column-gap-default\">\n\t\t\t\t\t<div class=\"elementor-column elementor-col-100 elementor-top-column elementor-element elementor-element-8d1cff0\" data-id=\"8d1cff0\" data-element_type=\"column\">\n\t\t\t<div class=\"elementor-widget-wrap elementor-element-populated\">\n\t\t\t\t\t\t<div class=\"elementor-element elementor-element-b86d1e5 elementor-widget elementor-widget-text-editor\" data-id=\"b86d1e5\" data-element_type=\"widget\" data-widget_type=\"text-editor.default\">\n\t\t\t\t<div class=\"elementor-widget-container\">\n\t\t\t\t\t\t\t\t\t<h3>N\u00e4ojooga mask &#8220;Super Lifting programm&#8221;<\/h3>\n<p>Maski saab teha kuni 6 korda j\u00e4rjest, kuid mitte rohkem kui \u00fcks kord kolme p\u00e4eva jooksul, kuna see sisaldab v\u00e4ga aktiivseid koostisosi, mis toimivad kuni 72 tundi p\u00e4rast protseduuri.<\/p>\n<p>Maskis sisalduv peptiidikompleks on botoxi toime analoog t\u00e4nu 45 toimeaine k\u00f5rgele kontsentratsioonile: peptiidid, v\u00e4\u00e4riskivide ja taimede ekstraktid<\/p>\n<p>N\u00e4ojooga mask &#8220;Super Lifting programm&#8221;<\/p>\n<table border=\"0\">\n<tbody>\n<tr>\n<td>\n<p><img fetchpriority=\"high\" decoding=\"async\" class=\"alignnone size-full wp-image-1226\" src=\"https:\/\/kosmetoloog.ee\/wp-content\/uploads\/2023\/09\/photo_2020-04-05_20-.webp\" alt=\"\" width=\"390\" height=\"260\" srcset=\"https:\/\/old.kosmetoloog.ee\/wp-content\/uploads\/2023\/09\/photo_2020-04-05_20-.webp 390w, https:\/\/old.kosmetoloog.ee\/wp-content\/uploads\/2023\/09\/photo_2020-04-05_20--300x200.webp 300w\" sizes=\"(max-width: 390px) 100vw, 390px\" \/><\/p>\n<\/p>\n<\/p>\n<\/td>\n<td>\n<h4>Protseduuri tulemused:<\/h4>\n<\/p>\n<p><strong>\u2665 K\u00f5rvaldab silmaalused ringid<\/strong><\/p>\n<p><strong> \u2665 \u00dchtlustab jumet<\/strong><\/p>\n<p><strong>\u2665 V\u00e4hendab rosaatsea raskust<\/strong><\/p>\n<p><strong>\u2665 Silub miimika- ja nahakortse<\/strong><\/p>\n<p><strong>\u2665 Ahendab poore<\/strong><\/p>\n<p><strong>\u2665 Suurendab naha elastsust (Matrixyl koostise sees)<\/strong><\/p>\n<p><strong>\u2665 Tagastab noore n\u00e4oovaali<\/strong><\/p>\n<p><strong>\u2665 Eemaldab topeltl\u00f5ua<\/strong><\/p>\n<p><strong>\u2665 Parandab naha tekstuuri<\/strong><\/p>\n<p><strong>\u2665 Kaitseb UV-kiirguse ja agressiivsete keskkonnam\u00f5jude eest<\/strong><\/p>\n<p><strong>\u2665 T\u00f6\u00f6tab aknega<\/strong><\/p>\n<p><strong>\u2665 Tugevdab kapillaare, parandab vereringet.<\/strong><\/p>\n<\/td>\n<\/tr>\n<\/tbody>\n<\/table>\n\t\t\t\t\t\t\t\t<\/div>\n\t\t\t\t<\/div>\n\t\t\t\t\t<\/div>\n\t\t<\/div>\n\t\t\t\t\t<\/div>\n\t\t<\/section>\n\t\t\t\t<\/div>\n\t\t","protected":false},"excerpt":{"rendered":"<p>N\u00e4ojooga mask &#8220;Super Lifting programm&#8221; Maski saab teha kuni 6 korda j\u00e4rjest, kuid mitte rohkem kui \u00fcks kord kolme p\u00e4eva jooksul, kuna see sisaldab v\u00e4ga aktiivseid koostisosi, mis toimivad kuni 72 tundi p\u00e4rast protseduuri. Maskis sisalduv peptiidikompleks on botoxi toime analoog t\u00e4nu 45 toimeaine k\u00f5rgele kontsentratsioonile: peptiidid, v\u00e4\u00e4riskivide ja taimede ekstraktid N\u00e4ojooga mask &#8220;Super Lifting [&hellip;]<\/p>\n","protected":false},"author":1,"featured_media":0,"parent":1440,"menu_order":0,"comment_status":"closed","ping_status":"closed","template":"","meta":{"_acf_changed":false,"footnotes":""},"class_list":["post-1532","page","type-page","status-publish","hentry"],"acf":[],"yoast_head":"<!-- This site is optimized with the Yoast SEO plugin v25.7 - https:\/\/yoast.com\/wordpress\/plugins\/seo\/ -->\n<title>N\u00e4ojooga mask - Ilutoodete e-pood<\/title>\n<meta name=\"robots\" content=\"noindex, follow, max-snippet:-1, max-image-preview:large, max-video-preview:-1\" \/>\n<meta property=\"og:locale\" content=\"et_EE\" \/>\n<meta property=\"og:type\" content=\"article\" \/>\n<meta property=\"og:title\" content=\"N\u00e4ojooga mask - Ilutoodete e-pood\" \/>\n<meta property=\"og:description\" content=\"N\u00e4ojooga mask &#8220;Super Lifting programm&#8221; Maski saab teha kuni 6 korda j\u00e4rjest, kuid mitte rohkem kui \u00fcks kord kolme p\u00e4eva jooksul, kuna see sisaldab v\u00e4ga aktiivseid koostisosi, mis toimivad kuni 72 tundi p\u00e4rast protseduuri. Maskis sisalduv peptiidikompleks on botoxi toime analoog t\u00e4nu 45 toimeaine k\u00f5rgele kontsentratsioonile: peptiidid, v\u00e4\u00e4riskivide ja taimede ekstraktid N\u00e4ojooga mask &#8220;Super Lifting [&hellip;]\" \/>\n<meta property=\"og:url\" content=\"https:\/\/old.kosmetoloog.ee\/teenused\/sustevabad-meetodid\/nao-jooga-mask\/\" \/>\n<meta property=\"og:site_name\" content=\"Ilutoodete e-pood\" \/>\n<meta property=\"article:modified_time\" content=\"2023-11-09T10:22:31+00:00\" \/>\n<meta property=\"og:image\" content=\"https:\/\/kosmetoloog.ee\/wp-content\/uploads\/2023\/09\/photo_2020-04-05_20-.webp\" \/>\n<meta name=\"twitter:card\" content=\"summary_large_image\" \/>\n<meta name=\"twitter:label1\" content=\"Est. reading time\" \/>\n\t<meta name=\"twitter:data1\" content=\"1 minut\" \/>\n<script type=\"application\/ld+json\" class=\"yoast-schema-graph\">{\"@context\":\"https:\/\/schema.org\",\"@graph\":[{\"@type\":\"WebPage\",\"@id\":\"https:\/\/old.kosmetoloog.ee\/teenused\/sustevabad-meetodid\/nao-jooga-mask\/\",\"url\":\"https:\/\/old.kosmetoloog.ee\/teenused\/sustevabad-meetodid\/nao-jooga-mask\/\",\"name\":\"N\u00e4ojooga mask - Ilutoodete e-pood\",\"isPartOf\":{\"@id\":\"https:\/\/old.kosmetoloog.ee\/#website\"},\"primaryImageOfPage\":{\"@id\":\"https:\/\/old.kosmetoloog.ee\/teenused\/sustevabad-meetodid\/nao-jooga-mask\/#primaryimage\"},\"image\":{\"@id\":\"https:\/\/old.kosmetoloog.ee\/teenused\/sustevabad-meetodid\/nao-jooga-mask\/#primaryimage\"},\"thumbnailUrl\":\"https:\/\/kosmetoloog.ee\/wp-content\/uploads\/2023\/09\/photo_2020-04-05_20-.webp\",\"datePublished\":\"2023-09-25T10:24:23+00:00\",\"dateModified\":\"2023-11-09T10:22:31+00:00\",\"breadcrumb\":{\"@id\":\"https:\/\/old.kosmetoloog.ee\/teenused\/sustevabad-meetodid\/nao-jooga-mask\/#breadcrumb\"},\"inLanguage\":\"et\",\"potentialAction\":[{\"@type\":\"ReadAction\",\"target\":[\"https:\/\/old.kosmetoloog.ee\/teenused\/sustevabad-meetodid\/nao-jooga-mask\/\"]}]},{\"@type\":\"ImageObject\",\"inLanguage\":\"et\",\"@id\":\"https:\/\/old.kosmetoloog.ee\/teenused\/sustevabad-meetodid\/nao-jooga-mask\/#primaryimage\",\"url\":\"https:\/\/kosmetoloog.ee\/wp-content\/uploads\/2023\/09\/photo_2020-04-05_20-.webp\",\"contentUrl\":\"https:\/\/kosmetoloog.ee\/wp-content\/uploads\/2023\/09\/photo_2020-04-05_20-.webp\"},{\"@type\":\"BreadcrumbList\",\"@id\":\"https:\/\/old.kosmetoloog.ee\/teenused\/sustevabad-meetodid\/nao-jooga-mask\/#breadcrumb\",\"itemListElement\":[{\"@type\":\"ListItem\",\"position\":1,\"name\":\"Home\",\"item\":\"https:\/\/old.kosmetoloog.ee\/et\/\"},{\"@type\":\"ListItem\",\"position\":2,\"name\":\"Teenused\",\"item\":\"https:\/\/old.kosmetoloog.ee\/et\/teenused\/\"},{\"@type\":\"ListItem\",\"position\":3,\"name\":\"S\u00fcstevabad meetodid\",\"item\":\"https:\/\/old.kosmetoloog.ee\/et\/teenused\/sustevabad-meetodid\/\"},{\"@type\":\"ListItem\",\"position\":4,\"name\":\"N\u00e4ojooga mask\"}]},{\"@type\":\"WebSite\",\"@id\":\"https:\/\/old.kosmetoloog.ee\/#website\",\"url\":\"https:\/\/old.kosmetoloog.ee\/\",\"name\":\"Ilutoodete e-pood\",\"description\":\"Kosmeetika pood\",\"publisher\":{\"@id\":\"https:\/\/old.kosmetoloog.ee\/#organization\"},\"potentialAction\":[{\"@type\":\"SearchAction\",\"target\":{\"@type\":\"EntryPoint\",\"urlTemplate\":\"https:\/\/old.kosmetoloog.ee\/?s={search_term_string}\"},\"query-input\":{\"@type\":\"PropertyValueSpecification\",\"valueRequired\":true,\"valueName\":\"search_term_string\"}}],\"inLanguage\":\"et\"},{\"@type\":\"Organization\",\"@id\":\"https:\/\/old.kosmetoloog.ee\/#organization\",\"name\":\"You are You O\u00dc\",\"url\":\"https:\/\/old.kosmetoloog.ee\/\",\"logo\":{\"@type\":\"ImageObject\",\"inLanguage\":\"et\",\"@id\":\"https:\/\/old.kosmetoloog.ee\/#\/schema\/logo\/image\/\",\"url\":\"https:\/\/old.kosmetoloog.ee\/wp-content\/uploads\/2023\/08\/logo-1.png\",\"contentUrl\":\"https:\/\/old.kosmetoloog.ee\/wp-content\/uploads\/2023\/08\/logo-1.png\",\"width\":1200,\"height\":964,\"caption\":\"You are You O\u00dc\"},\"image\":{\"@id\":\"https:\/\/old.kosmetoloog.ee\/#\/schema\/logo\/image\/\"}}]}<\/script>\n<!-- \/ Yoast SEO plugin. -->","yoast_head_json":{"title":"N\u00e4ojooga mask - Ilutoodete e-pood","robots":{"index":"noindex","follow":"follow","max-snippet":"max-snippet:-1","max-image-preview":"max-image-preview:large","max-video-preview":"max-video-preview:-1"},"og_locale":"et_EE","og_type":"article","og_title":"N\u00e4ojooga mask - Ilutoodete e-pood","og_description":"N\u00e4ojooga mask &#8220;Super Lifting programm&#8221; Maski saab teha kuni 6 korda j\u00e4rjest, kuid mitte rohkem kui \u00fcks kord kolme p\u00e4eva jooksul, kuna see sisaldab v\u00e4ga aktiivseid koostisosi, mis toimivad kuni 72 tundi p\u00e4rast protseduuri. Maskis sisalduv peptiidikompleks on botoxi toime analoog t\u00e4nu 45 toimeaine k\u00f5rgele kontsentratsioonile: peptiidid, v\u00e4\u00e4riskivide ja taimede ekstraktid N\u00e4ojooga mask &#8220;Super Lifting [&hellip;]","og_url":"https:\/\/old.kosmetoloog.ee\/teenused\/sustevabad-meetodid\/nao-jooga-mask\/","og_site_name":"Ilutoodete e-pood","article_modified_time":"2023-11-09T10:22:31+00:00","og_image":[{"url":"https:\/\/kosmetoloog.ee\/wp-content\/uploads\/2023\/09\/photo_2020-04-05_20-.webp","type":"","width":"","height":""}],"twitter_card":"summary_large_image","twitter_misc":{"Est. reading time":"1 minut"},"schema":{"@context":"https:\/\/schema.org","@graph":[{"@type":"WebPage","@id":"https:\/\/old.kosmetoloog.ee\/teenused\/sustevabad-meetodid\/nao-jooga-mask\/","url":"https:\/\/old.kosmetoloog.ee\/teenused\/sustevabad-meetodid\/nao-jooga-mask\/","name":"N\u00e4ojooga mask - Ilutoodete e-pood","isPartOf":{"@id":"https:\/\/old.kosmetoloog.ee\/#website"},"primaryImageOfPage":{"@id":"https:\/\/old.kosmetoloog.ee\/teenused\/sustevabad-meetodid\/nao-jooga-mask\/#primaryimage"},"image":{"@id":"https:\/\/old.kosmetoloog.ee\/teenused\/sustevabad-meetodid\/nao-jooga-mask\/#primaryimage"},"thumbnailUrl":"https:\/\/kosmetoloog.ee\/wp-content\/uploads\/2023\/09\/photo_2020-04-05_20-.webp","datePublished":"2023-09-25T10:24:23+00:00","dateModified":"2023-11-09T10:22:31+00:00","breadcrumb":{"@id":"https:\/\/old.kosmetoloog.ee\/teenused\/sustevabad-meetodid\/nao-jooga-mask\/#breadcrumb"},"inLanguage":"et","potentialAction":[{"@type":"ReadAction","target":["https:\/\/old.kosmetoloog.ee\/teenused\/sustevabad-meetodid\/nao-jooga-mask\/"]}]},{"@type":"ImageObject","inLanguage":"et","@id":"https:\/\/old.kosmetoloog.ee\/teenused\/sustevabad-meetodid\/nao-jooga-mask\/#primaryimage","url":"https:\/\/kosmetoloog.ee\/wp-content\/uploads\/2023\/09\/photo_2020-04-05_20-.webp","contentUrl":"https:\/\/kosmetoloog.ee\/wp-content\/uploads\/2023\/09\/photo_2020-04-05_20-.webp"},{"@type":"BreadcrumbList","@id":"https:\/\/old.kosmetoloog.ee\/teenused\/sustevabad-meetodid\/nao-jooga-mask\/#breadcrumb","itemListElement":[{"@type":"ListItem","position":1,"name":"Home","item":"https:\/\/old.kosmetoloog.ee\/et\/"},{"@type":"ListItem","position":2,"name":"Teenused","item":"https:\/\/old.kosmetoloog.ee\/et\/teenused\/"},{"@type":"ListItem","position":3,"name":"S\u00fcstevabad meetodid","item":"https:\/\/old.kosmetoloog.ee\/et\/teenused\/sustevabad-meetodid\/"},{"@type":"ListItem","position":4,"name":"N\u00e4ojooga mask"}]},{"@type":"WebSite","@id":"https:\/\/old.kosmetoloog.ee\/#website","url":"https:\/\/old.kosmetoloog.ee\/","name":"Ilutoodete e-pood","description":"Kosmeetika pood","publisher":{"@id":"https:\/\/old.kosmetoloog.ee\/#organization"},"potentialAction":[{"@type":"SearchAction","target":{"@type":"EntryPoint","urlTemplate":"https:\/\/old.kosmetoloog.ee\/?s={search_term_string}"},"query-input":{"@type":"PropertyValueSpecification","valueRequired":true,"valueName":"search_term_string"}}],"inLanguage":"et"},{"@type":"Organization","@id":"https:\/\/old.kosmetoloog.ee\/#organization","name":"You are You O\u00dc","url":"https:\/\/old.kosmetoloog.ee\/","logo":{"@type":"ImageObject","inLanguage":"et","@id":"https:\/\/old.kosmetoloog.ee\/#\/schema\/logo\/image\/","url":"https:\/\/old.kosmetoloog.ee\/wp-content\/uploads\/2023\/08\/logo-1.png","contentUrl":"https:\/\/old.kosmetoloog.ee\/wp-content\/uploads\/2023\/08\/logo-1.png","width":1200,"height":964,"caption":"You are You O\u00dc"},"image":{"@id":"https:\/\/old.kosmetoloog.ee\/#\/schema\/logo\/image\/"}}]}},"_links":{"self":[{"href":"https:\/\/old.kosmetoloog.ee\/et\/wp-json\/wp\/v2\/pages\/1532","targetHints":{"allow":["GET"]}}],"collection":[{"href":"https:\/\/old.kosmetoloog.ee\/et\/wp-json\/wp\/v2\/pages"}],"about":[{"href":"https:\/\/old.kosmetoloog.ee\/et\/wp-json\/wp\/v2\/types\/page"}],"author":[{"embeddable":true,"href":"https:\/\/old.kosmetoloog.ee\/et\/wp-json\/wp\/v2\/users\/1"}],"replies":[{"embeddable":true,"href":"https:\/\/old.kosmetoloog.ee\/et\/wp-json\/wp\/v2\/comments?post=1532"}],"version-history":[{"count":1,"href":"https:\/\/old.kosmetoloog.ee\/et\/wp-json\/wp\/v2\/pages\/1532\/revisions"}],"predecessor-version":[{"id":1533,"href":"https:\/\/old.kosmetoloog.ee\/et\/wp-json\/wp\/v2\/pages\/1532\/revisions\/1533"}],"up":[{"embeddable":true,"href":"https:\/\/old.kosmetoloog.ee\/et\/wp-json\/wp\/v2\/pages\/1440"}],"wp:attachment":[{"href":"https:\/\/old.kosmetoloog.ee\/et\/wp-json\/wp\/v2\/media?parent=1532"}],"curies":[{"name":"wp","href":"https:\/\/api.w.org\/{rel}","templated":true}]}}