{"id":1534,"date":"2023-09-25T13:48:52","date_gmt":"2023-09-25T10:48:52","guid":{"rendered":"https:\/\/kosmetoloog.ee\/teenused\/sustevabad-meetodid\/koorimine-nanotip-nanonoeltega\/"},"modified":"2023-11-09T12:23:10","modified_gmt":"2023-11-09T10:23:10","slug":"koorimine-nanotip-nanonoeltega","status":"publish","type":"page","link":"https:\/\/old.kosmetoloog.ee\/et\/teenused\/sustevabad-meetodid\/koorimine-nanotip-nanonoeltega\/","title":{"rendered":"Koorimine Nanotip nanon\u00f5eltega"},"content":{"rendered":"\t\t<div data-elementor-type=\"wp-page\" data-elementor-id=\"1534\" class=\"elementor elementor-1534 elementor-1235\" data-elementor-post-type=\"page\">\n\t\t\t\t\t\t<section class=\"elementor-section elementor-top-section elementor-element elementor-element-e33144c elementor-section-boxed elementor-section-height-default elementor-section-height-default\" data-id=\"e33144c\" data-element_type=\"section\">\n\t\t\t\t\t\t<div class=\"elementor-container elementor-column-gap-default\">\n\t\t\t\t\t<div class=\"elementor-column elementor-col-100 elementor-top-column elementor-element elementor-element-148fb39\" data-id=\"148fb39\" data-element_type=\"column\">\n\t\t\t<div class=\"elementor-widget-wrap elementor-element-populated\">\n\t\t\t\t\t\t<div class=\"elementor-element elementor-element-0a6e6c5 elementor-widget elementor-widget-text-editor\" data-id=\"0a6e6c5\" data-element_type=\"widget\" data-widget_type=\"text-editor.default\">\n\t\t\t\t<div class=\"elementor-widget-container\">\n\t\t\t\t\t\t\t\t\t<p><img fetchpriority=\"high\" decoding=\"async\" class=\"size-full wp-image-1237 alignright\" src=\"https:\/\/kosmetoloog.ee\/wp-content\/uploads\/2023\/09\/photo_2020-04-08_01-1.webp\" alt=\"\" width=\"400\" height=\"400\" srcset=\"https:\/\/old.kosmetoloog.ee\/wp-content\/uploads\/2023\/09\/photo_2020-04-08_01-1.webp 400w, https:\/\/old.kosmetoloog.ee\/wp-content\/uploads\/2023\/09\/photo_2020-04-08_01-1-300x300.webp 300w, https:\/\/old.kosmetoloog.ee\/wp-content\/uploads\/2023\/09\/photo_2020-04-08_01-1-150x150.webp 150w, https:\/\/old.kosmetoloog.ee\/wp-content\/uploads\/2023\/09\/photo_2020-04-08_01-1-100x100.webp 100w\" sizes=\"(max-width: 400px) 100vw, 400px\" \/>Koorimist v\u00f5ib teha kuni 6 korda j\u00e4rjest, kuid mitte rohkem kui kord n\u00e4dalas. Suurema efekti saavutamiseks soovitame seda kombineerida mittes\u00fcstimise mesoteraapiaga.&nbsp;<\/p>\n<p><strong>T\u00e4htis! 24 tundi enne selle protseduuri l\u00e4biviimist on vaja teha kaelanahale allergia test.<\/strong><\/p>\n<p>P\u00e4rast protseduuri l\u00e4biviimist v\u00f5ib ilmneda punetus ja kerge turse.<\/p>\n<p><strong>Mis k\u00f5ige t\u00e4htsam &#8211; m\u00e4letage, et seda protseduuri tuleks teha ainult ettevalmistatud nahale, p\u00e4rast biorevitalisatsiooni protseduuride p\u00f5hikuuri.<\/strong><\/p><p>K\u00f5iki protseduure saab l\u00e4bi viia aastaringselt. Need t\u00e4iendavad \u00fcksteist suurep\u00e4raselt ja s\u00fcsteemse hooldusega annavad suurep\u00e4rase efekti isegi k\u00f5ige probleemsemale nahale v\u00f5i nahale v\u00e4ljendunud vanusega seotud muutustega.<\/p>\n<p>Ravimi toime \u00fchendab koorimise ja ravikontsentraadi funktsioonid. Ravikontsentraadi toimet v\u00f5imendab selle tungimine naha s\u00fcgavamatesse kihtidesse, mis aktiveerib vereringet. See on alternatiivne meetod kristallilisele dermabrasioonile, pindmisele ja keskmisele keemilisele koorimisele ning laserprotseduuridele.<\/p>\t\t\t\t\t\t\t\t<\/div>\n\t\t\t\t<\/div>\n\t\t\t\t\t<\/div>\n\t\t<\/div>\n\t\t\t\t\t<\/div>\n\t\t<\/section>\n\t\t\t\t<\/div>\n\t\t","protected":false},"excerpt":{"rendered":"<p>Koorimist v\u00f5ib teha kuni 6 korda j\u00e4rjest, kuid mitte rohkem kui kord n\u00e4dalas. Suurema efekti saavutamiseks soovitame seda kombineerida mittes\u00fcstimise mesoteraapiaga.&nbsp; T\u00e4htis! 24 tundi enne selle protseduuri l\u00e4biviimist on vaja teha kaelanahale allergia test. P\u00e4rast protseduuri l\u00e4biviimist v\u00f5ib ilmneda punetus ja kerge turse. Mis k\u00f5ige t\u00e4htsam &#8211; m\u00e4letage, et seda protseduuri tuleks teha ainult ettevalmistatud [&hellip;]<\/p>\n","protected":false},"author":1,"featured_media":0,"parent":1440,"menu_order":0,"comment_status":"closed","ping_status":"closed","template":"","meta":{"_acf_changed":false,"footnotes":""},"class_list":["post-1534","page","type-page","status-publish","hentry"],"acf":[],"yoast_head":"<!-- This site is optimized with the Yoast SEO plugin v25.7 - https:\/\/yoast.com\/wordpress\/plugins\/seo\/ -->\n<title>Koorimine Nanotip nanon\u00f5eltega - Ilutoodete e-pood<\/title>\n<meta name=\"robots\" content=\"noindex, follow, max-snippet:-1, max-image-preview:large, max-video-preview:-1\" \/>\n<meta property=\"og:locale\" content=\"et_EE\" \/>\n<meta property=\"og:type\" content=\"article\" \/>\n<meta property=\"og:title\" content=\"Koorimine Nanotip nanon\u00f5eltega - Ilutoodete e-pood\" \/>\n<meta property=\"og:description\" content=\"Koorimist v\u00f5ib teha kuni 6 korda j\u00e4rjest, kuid mitte rohkem kui kord n\u00e4dalas. Suurema efekti saavutamiseks soovitame seda kombineerida mittes\u00fcstimise mesoteraapiaga.&nbsp; T\u00e4htis! 24 tundi enne selle protseduuri l\u00e4biviimist on vaja teha kaelanahale allergia test. P\u00e4rast protseduuri l\u00e4biviimist v\u00f5ib ilmneda punetus ja kerge turse. Mis k\u00f5ige t\u00e4htsam &#8211; m\u00e4letage, et seda protseduuri tuleks teha ainult ettevalmistatud [&hellip;]\" \/>\n<meta property=\"og:url\" content=\"https:\/\/old.kosmetoloog.ee\/teenused\/sustevabad-meetodid\/koorimine-nanotip-nanonoeltega\/\" \/>\n<meta property=\"og:site_name\" content=\"Ilutoodete e-pood\" \/>\n<meta property=\"article:modified_time\" content=\"2023-11-09T10:23:10+00:00\" \/>\n<meta property=\"og:image\" content=\"https:\/\/kosmetoloog.ee\/wp-content\/uploads\/2023\/09\/photo_2020-04-08_01-1.webp\" \/>\n<meta name=\"twitter:card\" content=\"summary_large_image\" \/>\n<meta name=\"twitter:label1\" content=\"Est. reading time\" \/>\n\t<meta name=\"twitter:data1\" content=\"1 minut\" \/>\n<script type=\"application\/ld+json\" class=\"yoast-schema-graph\">{\"@context\":\"https:\/\/schema.org\",\"@graph\":[{\"@type\":\"WebPage\",\"@id\":\"https:\/\/old.kosmetoloog.ee\/teenused\/sustevabad-meetodid\/koorimine-nanotip-nanonoeltega\/\",\"url\":\"https:\/\/old.kosmetoloog.ee\/teenused\/sustevabad-meetodid\/koorimine-nanotip-nanonoeltega\/\",\"name\":\"Koorimine Nanotip nanon\u00f5eltega - Ilutoodete e-pood\",\"isPartOf\":{\"@id\":\"https:\/\/old.kosmetoloog.ee\/#website\"},\"primaryImageOfPage\":{\"@id\":\"https:\/\/old.kosmetoloog.ee\/teenused\/sustevabad-meetodid\/koorimine-nanotip-nanonoeltega\/#primaryimage\"},\"image\":{\"@id\":\"https:\/\/old.kosmetoloog.ee\/teenused\/sustevabad-meetodid\/koorimine-nanotip-nanonoeltega\/#primaryimage\"},\"thumbnailUrl\":\"https:\/\/kosmetoloog.ee\/wp-content\/uploads\/2023\/09\/photo_2020-04-08_01-1.webp\",\"datePublished\":\"2023-09-25T10:48:52+00:00\",\"dateModified\":\"2023-11-09T10:23:10+00:00\",\"breadcrumb\":{\"@id\":\"https:\/\/old.kosmetoloog.ee\/teenused\/sustevabad-meetodid\/koorimine-nanotip-nanonoeltega\/#breadcrumb\"},\"inLanguage\":\"et\",\"potentialAction\":[{\"@type\":\"ReadAction\",\"target\":[\"https:\/\/old.kosmetoloog.ee\/teenused\/sustevabad-meetodid\/koorimine-nanotip-nanonoeltega\/\"]}]},{\"@type\":\"ImageObject\",\"inLanguage\":\"et\",\"@id\":\"https:\/\/old.kosmetoloog.ee\/teenused\/sustevabad-meetodid\/koorimine-nanotip-nanonoeltega\/#primaryimage\",\"url\":\"https:\/\/kosmetoloog.ee\/wp-content\/uploads\/2023\/09\/photo_2020-04-08_01-1.webp\",\"contentUrl\":\"https:\/\/kosmetoloog.ee\/wp-content\/uploads\/2023\/09\/photo_2020-04-08_01-1.webp\"},{\"@type\":\"BreadcrumbList\",\"@id\":\"https:\/\/old.kosmetoloog.ee\/teenused\/sustevabad-meetodid\/koorimine-nanotip-nanonoeltega\/#breadcrumb\",\"itemListElement\":[{\"@type\":\"ListItem\",\"position\":1,\"name\":\"Home\",\"item\":\"https:\/\/old.kosmetoloog.ee\/et\/\"},{\"@type\":\"ListItem\",\"position\":2,\"name\":\"Teenused\",\"item\":\"https:\/\/old.kosmetoloog.ee\/et\/teenused\/\"},{\"@type\":\"ListItem\",\"position\":3,\"name\":\"S\u00fcstevabad meetodid\",\"item\":\"https:\/\/old.kosmetoloog.ee\/et\/teenused\/sustevabad-meetodid\/\"},{\"@type\":\"ListItem\",\"position\":4,\"name\":\"Koorimine Nanotip nanon\u00f5eltega\"}]},{\"@type\":\"WebSite\",\"@id\":\"https:\/\/old.kosmetoloog.ee\/#website\",\"url\":\"https:\/\/old.kosmetoloog.ee\/\",\"name\":\"Ilutoodete e-pood\",\"description\":\"Kosmeetika pood\",\"publisher\":{\"@id\":\"https:\/\/old.kosmetoloog.ee\/#organization\"},\"potentialAction\":[{\"@type\":\"SearchAction\",\"target\":{\"@type\":\"EntryPoint\",\"urlTemplate\":\"https:\/\/old.kosmetoloog.ee\/?s={search_term_string}\"},\"query-input\":{\"@type\":\"PropertyValueSpecification\",\"valueRequired\":true,\"valueName\":\"search_term_string\"}}],\"inLanguage\":\"et\"},{\"@type\":\"Organization\",\"@id\":\"https:\/\/old.kosmetoloog.ee\/#organization\",\"name\":\"You are You O\u00dc\",\"url\":\"https:\/\/old.kosmetoloog.ee\/\",\"logo\":{\"@type\":\"ImageObject\",\"inLanguage\":\"et\",\"@id\":\"https:\/\/old.kosmetoloog.ee\/#\/schema\/logo\/image\/\",\"url\":\"https:\/\/old.kosmetoloog.ee\/wp-content\/uploads\/2023\/08\/logo-1.png\",\"contentUrl\":\"https:\/\/old.kosmetoloog.ee\/wp-content\/uploads\/2023\/08\/logo-1.png\",\"width\":1200,\"height\":964,\"caption\":\"You are You O\u00dc\"},\"image\":{\"@id\":\"https:\/\/old.kosmetoloog.ee\/#\/schema\/logo\/image\/\"}}]}<\/script>\n<!-- \/ Yoast SEO plugin. -->","yoast_head_json":{"title":"Koorimine Nanotip nanon\u00f5eltega - Ilutoodete e-pood","robots":{"index":"noindex","follow":"follow","max-snippet":"max-snippet:-1","max-image-preview":"max-image-preview:large","max-video-preview":"max-video-preview:-1"},"og_locale":"et_EE","og_type":"article","og_title":"Koorimine Nanotip nanon\u00f5eltega - Ilutoodete e-pood","og_description":"Koorimist v\u00f5ib teha kuni 6 korda j\u00e4rjest, kuid mitte rohkem kui kord n\u00e4dalas. Suurema efekti saavutamiseks soovitame seda kombineerida mittes\u00fcstimise mesoteraapiaga.&nbsp; T\u00e4htis! 24 tundi enne selle protseduuri l\u00e4biviimist on vaja teha kaelanahale allergia test. P\u00e4rast protseduuri l\u00e4biviimist v\u00f5ib ilmneda punetus ja kerge turse. Mis k\u00f5ige t\u00e4htsam &#8211; m\u00e4letage, et seda protseduuri tuleks teha ainult ettevalmistatud [&hellip;]","og_url":"https:\/\/old.kosmetoloog.ee\/teenused\/sustevabad-meetodid\/koorimine-nanotip-nanonoeltega\/","og_site_name":"Ilutoodete e-pood","article_modified_time":"2023-11-09T10:23:10+00:00","og_image":[{"url":"https:\/\/kosmetoloog.ee\/wp-content\/uploads\/2023\/09\/photo_2020-04-08_01-1.webp","type":"","width":"","height":""}],"twitter_card":"summary_large_image","twitter_misc":{"Est. reading time":"1 minut"},"schema":{"@context":"https:\/\/schema.org","@graph":[{"@type":"WebPage","@id":"https:\/\/old.kosmetoloog.ee\/teenused\/sustevabad-meetodid\/koorimine-nanotip-nanonoeltega\/","url":"https:\/\/old.kosmetoloog.ee\/teenused\/sustevabad-meetodid\/koorimine-nanotip-nanonoeltega\/","name":"Koorimine Nanotip nanon\u00f5eltega - Ilutoodete e-pood","isPartOf":{"@id":"https:\/\/old.kosmetoloog.ee\/#website"},"primaryImageOfPage":{"@id":"https:\/\/old.kosmetoloog.ee\/teenused\/sustevabad-meetodid\/koorimine-nanotip-nanonoeltega\/#primaryimage"},"image":{"@id":"https:\/\/old.kosmetoloog.ee\/teenused\/sustevabad-meetodid\/koorimine-nanotip-nanonoeltega\/#primaryimage"},"thumbnailUrl":"https:\/\/kosmetoloog.ee\/wp-content\/uploads\/2023\/09\/photo_2020-04-08_01-1.webp","datePublished":"2023-09-25T10:48:52+00:00","dateModified":"2023-11-09T10:23:10+00:00","breadcrumb":{"@id":"https:\/\/old.kosmetoloog.ee\/teenused\/sustevabad-meetodid\/koorimine-nanotip-nanonoeltega\/#breadcrumb"},"inLanguage":"et","potentialAction":[{"@type":"ReadAction","target":["https:\/\/old.kosmetoloog.ee\/teenused\/sustevabad-meetodid\/koorimine-nanotip-nanonoeltega\/"]}]},{"@type":"ImageObject","inLanguage":"et","@id":"https:\/\/old.kosmetoloog.ee\/teenused\/sustevabad-meetodid\/koorimine-nanotip-nanonoeltega\/#primaryimage","url":"https:\/\/kosmetoloog.ee\/wp-content\/uploads\/2023\/09\/photo_2020-04-08_01-1.webp","contentUrl":"https:\/\/kosmetoloog.ee\/wp-content\/uploads\/2023\/09\/photo_2020-04-08_01-1.webp"},{"@type":"BreadcrumbList","@id":"https:\/\/old.kosmetoloog.ee\/teenused\/sustevabad-meetodid\/koorimine-nanotip-nanonoeltega\/#breadcrumb","itemListElement":[{"@type":"ListItem","position":1,"name":"Home","item":"https:\/\/old.kosmetoloog.ee\/et\/"},{"@type":"ListItem","position":2,"name":"Teenused","item":"https:\/\/old.kosmetoloog.ee\/et\/teenused\/"},{"@type":"ListItem","position":3,"name":"S\u00fcstevabad meetodid","item":"https:\/\/old.kosmetoloog.ee\/et\/teenused\/sustevabad-meetodid\/"},{"@type":"ListItem","position":4,"name":"Koorimine Nanotip nanon\u00f5eltega"}]},{"@type":"WebSite","@id":"https:\/\/old.kosmetoloog.ee\/#website","url":"https:\/\/old.kosmetoloog.ee\/","name":"Ilutoodete e-pood","description":"Kosmeetika pood","publisher":{"@id":"https:\/\/old.kosmetoloog.ee\/#organization"},"potentialAction":[{"@type":"SearchAction","target":{"@type":"EntryPoint","urlTemplate":"https:\/\/old.kosmetoloog.ee\/?s={search_term_string}"},"query-input":{"@type":"PropertyValueSpecification","valueRequired":true,"valueName":"search_term_string"}}],"inLanguage":"et"},{"@type":"Organization","@id":"https:\/\/old.kosmetoloog.ee\/#organization","name":"You are You O\u00dc","url":"https:\/\/old.kosmetoloog.ee\/","logo":{"@type":"ImageObject","inLanguage":"et","@id":"https:\/\/old.kosmetoloog.ee\/#\/schema\/logo\/image\/","url":"https:\/\/old.kosmetoloog.ee\/wp-content\/uploads\/2023\/08\/logo-1.png","contentUrl":"https:\/\/old.kosmetoloog.ee\/wp-content\/uploads\/2023\/08\/logo-1.png","width":1200,"height":964,"caption":"You are You O\u00dc"},"image":{"@id":"https:\/\/old.kosmetoloog.ee\/#\/schema\/logo\/image\/"}}]}},"_links":{"self":[{"href":"https:\/\/old.kosmetoloog.ee\/et\/wp-json\/wp\/v2\/pages\/1534","targetHints":{"allow":["GET"]}}],"collection":[{"href":"https:\/\/old.kosmetoloog.ee\/et\/wp-json\/wp\/v2\/pages"}],"about":[{"href":"https:\/\/old.kosmetoloog.ee\/et\/wp-json\/wp\/v2\/types\/page"}],"author":[{"embeddable":true,"href":"https:\/\/old.kosmetoloog.ee\/et\/wp-json\/wp\/v2\/users\/1"}],"replies":[{"embeddable":true,"href":"https:\/\/old.kosmetoloog.ee\/et\/wp-json\/wp\/v2\/comments?post=1534"}],"version-history":[{"count":1,"href":"https:\/\/old.kosmetoloog.ee\/et\/wp-json\/wp\/v2\/pages\/1534\/revisions"}],"predecessor-version":[{"id":1535,"href":"https:\/\/old.kosmetoloog.ee\/et\/wp-json\/wp\/v2\/pages\/1534\/revisions\/1535"}],"up":[{"embeddable":true,"href":"https:\/\/old.kosmetoloog.ee\/et\/wp-json\/wp\/v2\/pages\/1440"}],"wp:attachment":[{"href":"https:\/\/old.kosmetoloog.ee\/et\/wp-json\/wp\/v2\/media?parent=1534"}],"curies":[{"name":"wp","href":"https:\/\/api.w.org\/{rel}","templated":true}]}}