{"id":1579,"date":"2023-08-22T06:18:10","date_gmt":"2023-08-22T03:18:10","guid":{"rendered":"https:\/\/kosmetoloog.ee\/ostutingimused\/"},"modified":"2023-10-15T21:10:23","modified_gmt":"2023-10-15T18:10:23","slug":"ostutingimused","status":"publish","type":"page","link":"https:\/\/old.kosmetoloog.ee\/et\/ostutingimused\/","title":{"rendered":"Ostutingimused"},"content":{"rendered":"\t\t<div data-elementor-type=\"wp-page\" data-elementor-id=\"1579\" class=\"elementor elementor-1579 elementor-98\" data-elementor-post-type=\"page\">\n\t\t\t\t\t\t<section class=\"elementor-section elementor-top-section elementor-element elementor-element-15e8204d elementor-section-boxed elementor-section-height-default elementor-section-height-default\" data-id=\"15e8204d\" data-element_type=\"section\">\n\t\t\t\t\t\t<div class=\"elementor-container elementor-column-gap-default\">\n\t\t\t\t\t<div class=\"elementor-column elementor-col-100 elementor-top-column elementor-element elementor-element-5368dfa\" data-id=\"5368dfa\" data-element_type=\"column\">\n\t\t\t<div class=\"elementor-widget-wrap elementor-element-populated\">\n\t\t\t\t\t\t<div class=\"elementor-element elementor-element-df2f18f elementor-widget elementor-widget-text-editor\" data-id=\"df2f18f\" data-element_type=\"widget\" data-widget_type=\"text-editor.default\">\n\t\t\t\t<div class=\"elementor-widget-container\">\n\t\t\t\t\t\t\t\t\t<p>1. \u00dcLDS\u00c4TTED<\/p>\n<p>1.1. K\u00e4esolevad kasutustingimused reguleerivad O\u00dc You are You (registrikood: 16522551, aadress: Tartu mnt 55-34 Tallinn Harjumaa 10115) (Ettev\u00f5tja) ja ostu sooritanud isiku (Kliendi) vahel tekkivaid \u00f5igussuhteid Ettev\u00f5tja poolt pakutavate toodete ostmisel-m\u00fc\u00fcmisel m\u00fc\u00fcgikeskkonnas (e-poes) WWW.KOSMETOLOOG.EE<br \/>1.2. Lisaks k\u00e4esolevatele tingimustele reguleerivad e-poe vahendusel toodete turustamisel tekkivaid \u00f5igussuhteid Eesti Vabariigi seadused.<br \/>1.3. Ettev\u00f5tja v\u00f5ib muuta e-poe kasutustingimusi ja toodete ning teenuste hindasid, vastavatest muudatustest teavitatakse e-poe keskkonnas. Tehingule rakendatakse tehingu toimumise hetkel kehtivaid tingimusi ja hindu.<br \/>1.4. Toodete valik, hinnad ning allahindlused v\u00f5ivad erineda Ettev\u00f5tja jaem\u00fc\u00fcgi koha kaubavalikust, hindadest ning allahindlusest.<\/p>\n<p>2. TELLIMUSED<\/p>\n<p>2.1. Klient lisab toote ostukorvi p\u00e4rast toote valimist tootelehel, kasutades selleks nupu \u201eLisa ostukorvi\u201c.<br \/>2.2. Ostukorvis on v\u00f5imalik koguseid muuta ning tooteid ostukorvist eemaldada kuni toote eest tasumiseni.<br \/>2.3. Tellimuse vormistamiseks tuleb ostukorvis sisestada vajalikud andmed, valida sobiv kauba kohaletoimetamise viis,valida makseviis ning vajutada nuppu \u201eMaksma\u201c.<br \/>2.4. Tellimus loetakse l\u00f5plikult vormistatuks p\u00e4rast \u201eMaksma\u201c nupu vajutamist. Leping j\u00f5ustub p\u00e4rast tasumisele kuuluva summa laekumist veebipoe kontole.<br \/>2.5. Teatise tellimuse kinnituse kohta saadab Ettev\u00f5tja Kliendi e-posti aadressile.<br \/>2.6. Kliendi tellitud Toote puudumisel t\u00fchistab Ettev\u00f5tja tellimuse. Tellimust v\u00f5ib t\u00fchistada nii osaliselt kui t\u00e4ielikult. T\u00fchistatud tellimusest informeeritakse koheselt Klienti ning tagastatakse tasutud raha (sh toote saatmiskulu) reeglina 1-2 t\u00f6\u00f6p\u00e4eva. Olenevalt makseviisist v\u00f5ib raha laekumiseks kuluda kuni 7 t\u00f6\u00f6p\u00e4eva. Osalise t\u00fchistamise korral v\u00f5ib Ettev\u00f5tja k\u00fcsida Kliendi soove \u00fclej\u00e4\u00e4nud tellimusega \u00fcmberk\u00e4imiseks \u2013 kas see l\u00e4hetada v\u00f5i samuti t\u00fchistada. samuti<\/p>\n<p>3. HINNAD<\/p>\n<p>3.1. Toodete hinnad on toodud toodete lehel ning sisaldavad Eesti Vabariigis kehtivat k\u00e4ibemaksu 20%.<br \/>3.2. Toodete hinnale lisandub tellimuse vormistamise k\u00e4igus Kliendi poolt valitud tarneviisile vastav kohale toimetamise tasu. Tarneviis valitakse ning kohale toimetamise tasu arvutatakse ostukorvis.<\/p>\n<p>4. TELLIMUSE EEST TASUMINE<\/p>\n<p>4.1. Veebikeskkonnas (e-poes) sooritatud ostude eest tasub Klient 100% ettemaksuna.<br \/>4.2. Tellimuste eest saab tasuda krediitkaardiga (Visa, MasterCard), Eesti pangalinkiga (Swedbank, SEB, LHV).<br \/>4.3. Tasumine toimub v\u00e4ljaspool e-poodi turvalises keskkonnas \u2013 pangalingiga tasumisel vastava panga turvalises keskkonnas, krediitkaardiga tasumisel Montonio ( http:\/\/montonio.com) turvalises keskkonnas. Ettev\u00f5tjal puudub ligip\u00e4\u00e4s kliendi panga ja krediitkaardi andmetele.<br \/>4.4. Peale tellimuse esitamist ja kauba eest tasumist saadetakse Kliendile e-posti teel tellimuse kinnitus.<\/p>\n<p>5. TOODETE KOHALETOIMETAMINE<\/p>\n<p>5.1. Veebipood tarnib tooteid Euroopa Liidu riikidele.<br \/>5.2. Tooted tarnitakse kliendile Omniva (AS Eesti Post) v\u00f5i Smartpost pakiautomaati teenustena.<br \/>5.3. Klient tasub Toodete kohaletoimetamisega kaasnevad kulud vastavalt hinnainfo mis kuvatakse tarneviisi juures.<br \/>5.4. Ettev\u00f5tja t\u00e4idab tellimused, st annab postiasutusele l\u00e4hetamiseks \u00fcle tellimuse hiljemalt kolme t\u00f6\u00f6p\u00e4eva jooksul p\u00e4rast tellimuse kinnitamist. Toote kohalej\u00f5udmine Kliendini s\u00f5ltub postiteenistustest. Orienteeruvad kohalej\u00f5udmise ajad on 1-3 t\u00f6\u00f6p\u00e4eva. Erandjuhtudel on veebipoel \u00f5igus kaup kohale toimetada 30 kalendrip\u00e4eva jooksul. Kui veebipood teavitas ostjat veebilehel v\u00f5i tellimuse kinnituses tarneprobleemidest ja t\u00e4htajast, mis \u00fcletab 30 kalendrip\u00e4eva, kohaldatakse e-poe poolt deklareeritud perioodi.<\/p>\n<p>6. TAGANEMIS\u00d5IGUS JA TOODETE TAGASTAMINE<\/p>\n<p>6.1. Kliendil on \u00f5igus ilma p\u00f5hjust avaldamata tehingust taganeda 14 kalendrip\u00e4eva jooksul, esitades Ettev\u00f5tjale taganemisavalduse kirjalikus vormis (postiga) v\u00f5i kirjaliku taasesitamist v\u00f5imaldavas vormis (e-kiri digitaalallkirjaga).<br \/>6.2. Taganemisavalduse k\u00e4ttesaamist kinnitab Ettev\u00f5tja Kliendile saadetava teatega.<br \/>6.3. Klient on kohustatud tagastama toote 14 kalendrip\u00e4eva jooksul arvates taganemisavalduse esitamisest. Taganemist\u00e4htaega arvestatakse p\u00e4evast, mil Klient v\u00f5i tema nimetatud kolmas isik, kes ei ole kauba vedaja, on saanud toote enda valdusesse. Juhul, kui tellimus koosneb rohkem kui \u00fchest saadetisest, arvestatakse taganemist\u00e4htaega viimase paki Kliendini saabumise p\u00e4evast.<br \/>6.4. Tehingust taganemisel tagastab Ettev\u00f5tja Kliendile tema poolt tasutud summad, sh toote Kliendile toimetamise tasu, kandes tagastatava summa Kliendi pangakontole hiljemalt 14 p\u00e4eva jooksul peale toote j\u00f5udmist Ettev\u00f5tjani v\u00f5i Kliendi poolt esitatud t\u00f5endi saamist toote tagasisaatmise kohta. Ettev\u00f5tjal on \u00f5igus tasutud summade tagastamisega viivitada seni, kuni Klient on toote tagastanud v\u00f5i esitanud t\u00f5endi toote tagastamiseks \u00fcle andmise kohta postiasutusele. Taganemis\u00f5iguse kasutamisel kannab Klient k\u00f5ik toote tagastamisega seotud otsesed kulud.<\/p>\n<p>6.5. Juhul, kui Klient soovib Toote vahetamist v\u00f5i asendamist, peab Klient t\u00e4itma Toote ja arvega kaasas oleva tagastuslehe. Toote vahetamise v\u00f5i asendamise korral kannab Klient k\u00f5ik toote tagastamisega seotud otsesed kulud, v\u00e4lja arvatud juhul, kui tagastatav toode ei vasta tellitule. Kui Klient on valinud Ettev\u00f5tja poolt pakutavast tavap\u00e4rasest ja soodsaimast k\u00e4ttetoimetamise viisist erineva tarneviisi, ei ole Ettev\u00f5tja kohustatud Kliendile h\u00fcvitama kulusid, mis \u00fcletavad tavap\u00e4rase k\u00e4ttetoimetamise viisiga kaasnevaid kulusid.<br \/>6.6. Toote tagastamise ja \u00fcmbervahetamise kohustuslik tingimus on t\u00e4iesti kasutamata toode, millel on alles k\u00f5ik etiketid ja muud saadetisega kaasasolnud dokumendid, sealhulgas Kliendile v\u00e4ljastatud arve. Ettev\u00f5tjal on \u00f5igus taganeda ostu-m\u00fc\u00fcgitehingust ja n\u00f5uda ostjalt kauba tagastamist, kui kauba hind veebipoes oli ekslikult m\u00e4rgitud selle turuhinnast oluliselt madalam.<\/p>\n<p>7. N\u00d5UETE ESITAMINE JA VAIDLUSTE LAHENDAMINE<\/p>\n<p>7.1. Toodete n\u00f5uetele mittevastavuse ja puuduste eest vastutab Ettev\u00f5tja, kui mittevastavused v\u00f5i puudused olid olemas juba asja \u00fcleandmise ajal v\u00f5i ilmnesid 2 n\u00e4dala jooksul alates toodete Kliendi poolt vastuv\u00f5tmisest.<br \/>7.2. Toote n\u00f5uetele mittevastavuse v\u00f5i toote puuduste avastamisel kohustub Klient sellest koheselt, kuid mitte hiljem kui 2 n\u00e4dala jooksul mittevastavusest teada saamisest, teavitama Ettev\u00f5tjat, saates vastava info e-posti aadressile info@kosmetoloog.ee v\u00f5i helistades numbrile +327 5088995.<br \/>7.3. Lepingule mittevastava v\u00f5i defektse toote korral on Kliendil \u00f5igus n\u00f5uda Ettev\u00f5tjalt kohustuse t\u00e4itmist, taganeda lepingust v\u00f5i \u00f6elda leping \u00fcles ning n\u00f5uda kahju h\u00fcvitamist, hinna alandamist, rahalise kohustuse t\u00e4itmisega viivitamise korral n\u00f5uda viivist.<br \/>7.4. Toote n\u00f5uetele mittevastavuse v\u00f5i puuduse korral on Kliendil \u00f5igus n\u00f5uda esmalt toote asendamist n\u00f5uetele vastava ja puudusteta toote vastu v\u00f5i tagastada toode Ettev\u00f5tja kulul. Kliendil on \u00f5igus n\u00f5uda toote ostuhinna alandamist v\u00f5i lepingu l\u00f5petamist ning toote eest tasutud summade tagasin\u00f5udmist, kui:<br \/>\u2022Ettev\u00f5tjal ei ole v\u00f5imalik toodet asendada v\u00f5i<br \/>\u2022 Toote asendamine eba\u00f5nnestub v\u00f5i<br \/>\u2022 \u2022Ettev\u00f5tja ei ole toote puudust m\u00f5istliku aja jooksul k\u00f5rvaldanud.<br \/>7.5. N\u00f5uetele mittevastava toote tagastamise korral h\u00fcvitatakse Kliendile toote eest tasutud summa koos transpordimaksumusega Kliendi poolt n\u00e4idatud pangakontole hiljemalt 14 p\u00e4eva jooksul. Ettev\u00f5tjal on \u00f5igus tasutud summade tagastamisega viivitada seni, kuni Klient on tema k\u00e4es oleva toote tagastanud v\u00f5i esitanud t\u00f5endi toote tagastamiseks \u00fcleandmise kohta postiasutusele.<br \/>7.6. Ettev\u00f5tja ei h\u00fcvita Kliendi tehtud kulutusi toote n\u00f5uetele mittevastavuse v\u00f5i puuduste korral ega vastuta nende eest, kui:<br \/>7.6.1. Toote v\u00e4\u00e4rtus on langenud\/toode on kahjustunud Kliendi s\u00fc\u00fcl;<br \/>7.6.2. Puudused on tekkinud toote mittesihtotstarbelise kasutamise tagaj\u00e4rjel;<br \/>7.6.3. Puudub ostu sooritamist t\u00f5endav dokument.<br \/>7.7. Juhul, kui Kliendi ja Ettev\u00f5tja vahel on tekkinud erimeelsused toote puuduste osas, on Kliendil \u00f5igus p\u00f6\u00f6rduda pretensiooniga Ettev\u00f5tja poole, m\u00e4rkides kirjalikus v\u00f5i kirjalikku taasesitamist v\u00f5imaldavas vormis (e-kiri) esitatud kaebuses \u00e4ra oma nimi ja kontaktandmed, kaebuse esitamise kuup\u00e4ev, tootel esinev puudus ning omapoolne soovitav lahendus. Ettev\u00f5tja vastab Kliendi kaebusele kirjalikus v\u00f5i kirjalikku taasesitamist v\u00f5imaldavas vormis (e-kiri) 15 p\u00e4eva jooksul.<br \/>7.8. Juhul, kui Klient ja Ettev\u00f5tja ei saavuta vaidluse osas kokkulepet ja kui vaidlusaluse toote v\u00e4\u00e4rtus on v\u00e4hemalt 30 eurot, on Kliendil \u00f5igus p\u00f6\u00f6rduda vaidluse kohtuv\u00e4liseks lahendamiseks Eestis tarbijakaitseameti juures tegutseva tarbijavaidluste komisjoni poole. Tarbijavaidluste komisjonis on kaebuse l\u00e4bivaatamine pooltele tasuta. Vaidluste lahendamisel Eestis tarbijakaitseameti juures l\u00e4htutakse Eesti Vabariigi seadustest. Kliendil on \u00f5igus kasutada Euroopa Liidu tarbijavaidluste lahendamise platvorm.<br \/>7.9. Komisjoni otsusega mitten\u00f5ustumisel on pooltel \u00f5igus p\u00f6\u00f6rduda Ettev\u00f5tja asukohaj\u00e4rgsesse maakohtusse.<\/p>\n\t\t\t\t\t\t\t\t<\/div>\n\t\t\t\t<\/div>\n\t\t\t\t\t<\/div>\n\t\t<\/div>\n\t\t\t\t\t<\/div>\n\t\t<\/section>\n\t\t\t\t<\/div>\n\t\t","protected":false},"excerpt":{"rendered":"<p>1. \u00dcLDS\u00c4TTED 1.1. K\u00e4esolevad kasutustingimused reguleerivad O\u00dc You are You (registrikood: 16522551, aadress: Tartu mnt 55-34 Tallinn Harjumaa 10115) (Ettev\u00f5tja) ja ostu sooritanud isiku (Kliendi) vahel tekkivaid \u00f5igussuhteid Ettev\u00f5tja poolt pakutavate toodete ostmisel-m\u00fc\u00fcmisel m\u00fc\u00fcgikeskkonnas (e-poes) WWW.KOSMETOLOOG.EE1.2. Lisaks k\u00e4esolevatele tingimustele reguleerivad e-poe vahendusel toodete turustamisel tekkivaid \u00f5igussuhteid Eesti Vabariigi seadused.1.3. Ettev\u00f5tja v\u00f5ib muuta e-poe kasutustingimusi ja [&hellip;]<\/p>\n","protected":false},"author":1,"featured_media":0,"parent":0,"menu_order":0,"comment_status":"closed","ping_status":"closed","template":"","meta":{"_acf_changed":false,"footnotes":""},"class_list":["post-1579","page","type-page","status-publish","hentry"],"acf":[],"yoast_head":"<!-- This site is optimized with the Yoast SEO plugin v25.7 - https:\/\/yoast.com\/wordpress\/plugins\/seo\/ -->\n<title>Ostutingimused - Ilutoodete e-pood<\/title>\n<meta name=\"robots\" content=\"noindex, follow, max-snippet:-1, max-image-preview:large, max-video-preview:-1\" \/>\n<meta property=\"og:locale\" content=\"et_EE\" \/>\n<meta property=\"og:type\" content=\"article\" \/>\n<meta property=\"og:title\" content=\"Ostutingimused - Ilutoodete e-pood\" \/>\n<meta property=\"og:description\" content=\"1. \u00dcLDS\u00c4TTED 1.1. K\u00e4esolevad kasutustingimused reguleerivad O\u00dc You are You (registrikood: 16522551, aadress: Tartu mnt 55-34 Tallinn Harjumaa 10115) (Ettev\u00f5tja) ja ostu sooritanud isiku (Kliendi) vahel tekkivaid \u00f5igussuhteid Ettev\u00f5tja poolt pakutavate toodete ostmisel-m\u00fc\u00fcmisel m\u00fc\u00fcgikeskkonnas (e-poes) WWW.KOSMETOLOOG.EE1.2. Lisaks k\u00e4esolevatele tingimustele reguleerivad e-poe vahendusel toodete turustamisel tekkivaid \u00f5igussuhteid Eesti Vabariigi seadused.1.3. Ettev\u00f5tja v\u00f5ib muuta e-poe kasutustingimusi ja [&hellip;]\" \/>\n<meta property=\"og:url\" content=\"https:\/\/old.kosmetoloog.ee\/\u0443\u0441\u043b\u043e\u0432\u0438\u044f-\u043f\u0440\u0438\u043e\u0431\u0440\u0435\u0442\u0435\u043d\u0438\u044f\/\" \/>\n<meta property=\"og:site_name\" content=\"Ilutoodete e-pood\" \/>\n<meta property=\"article:modified_time\" content=\"2023-10-15T18:10:23+00:00\" \/>\n<meta name=\"twitter:card\" content=\"summary_large_image\" \/>\n<meta name=\"twitter:label1\" content=\"Est. reading time\" \/>\n\t<meta name=\"twitter:data1\" content=\"6 minutit\" \/>\n<script type=\"application\/ld+json\" class=\"yoast-schema-graph\">{\"@context\":\"https:\/\/schema.org\",\"@graph\":[{\"@type\":\"WebPage\",\"@id\":\"https:\/\/old.kosmetoloog.ee\/%d1%83%d1%81%d0%bb%d0%be%d0%b2%d0%b8%d1%8f-%d0%bf%d1%80%d0%b8%d0%be%d0%b1%d1%80%d0%b5%d1%82%d0%b5%d0%bd%d0%b8%d1%8f\/\",\"url\":\"https:\/\/old.kosmetoloog.ee\/%d1%83%d1%81%d0%bb%d0%be%d0%b2%d0%b8%d1%8f-%d0%bf%d1%80%d0%b8%d0%be%d0%b1%d1%80%d0%b5%d1%82%d0%b5%d0%bd%d0%b8%d1%8f\/\",\"name\":\"Ostutingimused - Ilutoodete e-pood\",\"isPartOf\":{\"@id\":\"https:\/\/old.kosmetoloog.ee\/#website\"},\"datePublished\":\"2023-08-22T03:18:10+00:00\",\"dateModified\":\"2023-10-15T18:10:23+00:00\",\"breadcrumb\":{\"@id\":\"https:\/\/old.kosmetoloog.ee\/%d1%83%d1%81%d0%bb%d0%be%d0%b2%d0%b8%d1%8f-%d0%bf%d1%80%d0%b8%d0%be%d0%b1%d1%80%d0%b5%d1%82%d0%b5%d0%bd%d0%b8%d1%8f\/#breadcrumb\"},\"inLanguage\":\"et\",\"potentialAction\":[{\"@type\":\"ReadAction\",\"target\":[\"https:\/\/old.kosmetoloog.ee\/%d1%83%d1%81%d0%bb%d0%be%d0%b2%d0%b8%d1%8f-%d0%bf%d1%80%d0%b8%d0%be%d0%b1%d1%80%d0%b5%d1%82%d0%b5%d0%bd%d0%b8%d1%8f\/\"]}]},{\"@type\":\"BreadcrumbList\",\"@id\":\"https:\/\/old.kosmetoloog.ee\/%d1%83%d1%81%d0%bb%d0%be%d0%b2%d0%b8%d1%8f-%d0%bf%d1%80%d0%b8%d0%be%d0%b1%d1%80%d0%b5%d1%82%d0%b5%d0%bd%d0%b8%d1%8f\/#breadcrumb\",\"itemListElement\":[{\"@type\":\"ListItem\",\"position\":1,\"name\":\"Home\",\"item\":\"https:\/\/old.kosmetoloog.ee\/et\/\"},{\"@type\":\"ListItem\",\"position\":2,\"name\":\"Ostutingimused\"}]},{\"@type\":\"WebSite\",\"@id\":\"https:\/\/old.kosmetoloog.ee\/#website\",\"url\":\"https:\/\/old.kosmetoloog.ee\/\",\"name\":\"Ilutoodete e-pood\",\"description\":\"Kosmeetika pood\",\"publisher\":{\"@id\":\"https:\/\/old.kosmetoloog.ee\/#organization\"},\"potentialAction\":[{\"@type\":\"SearchAction\",\"target\":{\"@type\":\"EntryPoint\",\"urlTemplate\":\"https:\/\/old.kosmetoloog.ee\/?s={search_term_string}\"},\"query-input\":{\"@type\":\"PropertyValueSpecification\",\"valueRequired\":true,\"valueName\":\"search_term_string\"}}],\"inLanguage\":\"et\"},{\"@type\":\"Organization\",\"@id\":\"https:\/\/old.kosmetoloog.ee\/#organization\",\"name\":\"You are You O\u00dc\",\"url\":\"https:\/\/old.kosmetoloog.ee\/\",\"logo\":{\"@type\":\"ImageObject\",\"inLanguage\":\"et\",\"@id\":\"https:\/\/old.kosmetoloog.ee\/#\/schema\/logo\/image\/\",\"url\":\"https:\/\/old.kosmetoloog.ee\/wp-content\/uploads\/2023\/08\/logo-1.png\",\"contentUrl\":\"https:\/\/old.kosmetoloog.ee\/wp-content\/uploads\/2023\/08\/logo-1.png\",\"width\":1200,\"height\":964,\"caption\":\"You are You O\u00dc\"},\"image\":{\"@id\":\"https:\/\/old.kosmetoloog.ee\/#\/schema\/logo\/image\/\"}}]}<\/script>\n<!-- \/ Yoast SEO plugin. -->","yoast_head_json":{"title":"Ostutingimused - Ilutoodete e-pood","robots":{"index":"noindex","follow":"follow","max-snippet":"max-snippet:-1","max-image-preview":"max-image-preview:large","max-video-preview":"max-video-preview:-1"},"og_locale":"et_EE","og_type":"article","og_title":"Ostutingimused - Ilutoodete e-pood","og_description":"1. \u00dcLDS\u00c4TTED 1.1. K\u00e4esolevad kasutustingimused reguleerivad O\u00dc You are You (registrikood: 16522551, aadress: Tartu mnt 55-34 Tallinn Harjumaa 10115) (Ettev\u00f5tja) ja ostu sooritanud isiku (Kliendi) vahel tekkivaid \u00f5igussuhteid Ettev\u00f5tja poolt pakutavate toodete ostmisel-m\u00fc\u00fcmisel m\u00fc\u00fcgikeskkonnas (e-poes) WWW.KOSMETOLOOG.EE1.2. Lisaks k\u00e4esolevatele tingimustele reguleerivad e-poe vahendusel toodete turustamisel tekkivaid \u00f5igussuhteid Eesti Vabariigi seadused.1.3. Ettev\u00f5tja v\u00f5ib muuta e-poe kasutustingimusi ja [&hellip;]","og_url":"https:\/\/old.kosmetoloog.ee\/\u0443\u0441\u043b\u043e\u0432\u0438\u044f-\u043f\u0440\u0438\u043e\u0431\u0440\u0435\u0442\u0435\u043d\u0438\u044f\/","og_site_name":"Ilutoodete e-pood","article_modified_time":"2023-10-15T18:10:23+00:00","twitter_card":"summary_large_image","twitter_misc":{"Est. reading time":"6 minutit"},"schema":{"@context":"https:\/\/schema.org","@graph":[{"@type":"WebPage","@id":"https:\/\/old.kosmetoloog.ee\/%d1%83%d1%81%d0%bb%d0%be%d0%b2%d0%b8%d1%8f-%d0%bf%d1%80%d0%b8%d0%be%d0%b1%d1%80%d0%b5%d1%82%d0%b5%d0%bd%d0%b8%d1%8f\/","url":"https:\/\/old.kosmetoloog.ee\/%d1%83%d1%81%d0%bb%d0%be%d0%b2%d0%b8%d1%8f-%d0%bf%d1%80%d0%b8%d0%be%d0%b1%d1%80%d0%b5%d1%82%d0%b5%d0%bd%d0%b8%d1%8f\/","name":"Ostutingimused - Ilutoodete e-pood","isPartOf":{"@id":"https:\/\/old.kosmetoloog.ee\/#website"},"datePublished":"2023-08-22T03:18:10+00:00","dateModified":"2023-10-15T18:10:23+00:00","breadcrumb":{"@id":"https:\/\/old.kosmetoloog.ee\/%d1%83%d1%81%d0%bb%d0%be%d0%b2%d0%b8%d1%8f-%d0%bf%d1%80%d0%b8%d0%be%d0%b1%d1%80%d0%b5%d1%82%d0%b5%d0%bd%d0%b8%d1%8f\/#breadcrumb"},"inLanguage":"et","potentialAction":[{"@type":"ReadAction","target":["https:\/\/old.kosmetoloog.ee\/%d1%83%d1%81%d0%bb%d0%be%d0%b2%d0%b8%d1%8f-%d0%bf%d1%80%d0%b8%d0%be%d0%b1%d1%80%d0%b5%d1%82%d0%b5%d0%bd%d0%b8%d1%8f\/"]}]},{"@type":"BreadcrumbList","@id":"https:\/\/old.kosmetoloog.ee\/%d1%83%d1%81%d0%bb%d0%be%d0%b2%d0%b8%d1%8f-%d0%bf%d1%80%d0%b8%d0%be%d0%b1%d1%80%d0%b5%d1%82%d0%b5%d0%bd%d0%b8%d1%8f\/#breadcrumb","itemListElement":[{"@type":"ListItem","position":1,"name":"Home","item":"https:\/\/old.kosmetoloog.ee\/et\/"},{"@type":"ListItem","position":2,"name":"Ostutingimused"}]},{"@type":"WebSite","@id":"https:\/\/old.kosmetoloog.ee\/#website","url":"https:\/\/old.kosmetoloog.ee\/","name":"Ilutoodete e-pood","description":"Kosmeetika pood","publisher":{"@id":"https:\/\/old.kosmetoloog.ee\/#organization"},"potentialAction":[{"@type":"SearchAction","target":{"@type":"EntryPoint","urlTemplate":"https:\/\/old.kosmetoloog.ee\/?s={search_term_string}"},"query-input":{"@type":"PropertyValueSpecification","valueRequired":true,"valueName":"search_term_string"}}],"inLanguage":"et"},{"@type":"Organization","@id":"https:\/\/old.kosmetoloog.ee\/#organization","name":"You are You O\u00dc","url":"https:\/\/old.kosmetoloog.ee\/","logo":{"@type":"ImageObject","inLanguage":"et","@id":"https:\/\/old.kosmetoloog.ee\/#\/schema\/logo\/image\/","url":"https:\/\/old.kosmetoloog.ee\/wp-content\/uploads\/2023\/08\/logo-1.png","contentUrl":"https:\/\/old.kosmetoloog.ee\/wp-content\/uploads\/2023\/08\/logo-1.png","width":1200,"height":964,"caption":"You are You O\u00dc"},"image":{"@id":"https:\/\/old.kosmetoloog.ee\/#\/schema\/logo\/image\/"}}]}},"_links":{"self":[{"href":"https:\/\/old.kosmetoloog.ee\/et\/wp-json\/wp\/v2\/pages\/1579","targetHints":{"allow":["GET"]}}],"collection":[{"href":"https:\/\/old.kosmetoloog.ee\/et\/wp-json\/wp\/v2\/pages"}],"about":[{"href":"https:\/\/old.kosmetoloog.ee\/et\/wp-json\/wp\/v2\/types\/page"}],"author":[{"embeddable":true,"href":"https:\/\/old.kosmetoloog.ee\/et\/wp-json\/wp\/v2\/users\/1"}],"replies":[{"embeddable":true,"href":"https:\/\/old.kosmetoloog.ee\/et\/wp-json\/wp\/v2\/comments?post=1579"}],"version-history":[{"count":4,"href":"https:\/\/old.kosmetoloog.ee\/et\/wp-json\/wp\/v2\/pages\/1579\/revisions"}],"predecessor-version":[{"id":1594,"href":"https:\/\/old.kosmetoloog.ee\/et\/wp-json\/wp\/v2\/pages\/1579\/revisions\/1594"}],"wp:attachment":[{"href":"https:\/\/old.kosmetoloog.ee\/et\/wp-json\/wp\/v2\/media?parent=1579"}],"curies":[{"name":"wp","href":"https:\/\/api.w.org\/{rel}","templated":true}]}}