{"id":1386,"date":"2023-09-29T15:50:11","date_gmt":"2023-09-29T12:50:11","guid":{"rendered":"https:\/\/kosmetoloog.ee\/product\/tisanoreica-kreemimaare-kakao-ja-sarapuupahklitega\/"},"modified":"2023-10-30T13:21:56","modified_gmt":"2023-10-30T11:21:56","slug":"kreem-spred-tisanoreica-koos-kakao-koos-sarapuupahkliga","status":"publish","type":"product","link":"https:\/\/old.kosmetoloog.ee\/et\/toode\/kreem-spred-tisanoreica-koos-kakao-koos-sarapuupahkliga\/","title":{"rendered":"Tisanoreica kreemim\u00e4\u00e4re kakao ja sarapuup\u00e4hklitega"},"content":{"rendered":"<p>Gluteenivaba kreemim\u00e4\u00e4re, mis \u00fchendab kakao magususe ja sarapuup\u00e4hklite \u00f5rna maitse, andes sellele ainulaadse pehmuse ja kreemja tekstuuri.<\/p>\n<p>Proovi seda erinevatega Tisanoreica toodetega: pehme proteiinileiva viiluga, pannkookidega, krepide v\u00f5i k\u00fcpsistega.<\/p>\n<p>Valmistatud ilma lisatud suhkruta.<\/p>\n","protected":false},"excerpt":{"rendered":"<p>Maitsev gluteenivaba sarapuup\u00e4hkli kakaokreem, mis sobib suurep\u00e4raselt igale hommikus\u00f6\u00f6gile.<\/p>\n","protected":false},"featured_media":1384,"comment_status":"open","ping_status":"closed","template":"","meta":{"_acf_changed":false},"pwb-brand":[80],"product_brand":[],"product_cat":[15,91],"product_tag":[],"class_list":{"0":"post-1386","1":"product","2":"type-product","3":"status-publish","4":"has-post-thumbnail","6":"pwb-brand-gianluca-mech","7":"product_cat-15","8":"product_cat-tervislik-toitumine","10":"first","11":"instock","12":"taxable","13":"shipping-taxable","14":"purchasable","15":"product-type-simple"},"acf":[],"yoast_head":"<!-- This site is optimized with the Yoast SEO plugin v25.7 - https:\/\/yoast.com\/wordpress\/plugins\/seo\/ -->\n<title>Tisanoreica kreemim\u00e4\u00e4re kakao ja sarapuup\u00e4hklitega - Ilutoodete e-pood<\/title>\n<meta name=\"robots\" content=\"noindex, follow, max-snippet:-1, max-image-preview:large, max-video-preview:-1\" \/>\n<meta property=\"og:locale\" content=\"et_EE\" \/>\n<meta property=\"og:type\" content=\"article\" \/>\n<meta property=\"og:title\" content=\"Tisanoreica kreemim\u00e4\u00e4re kakao ja sarapuup\u00e4hklitega - Ilutoodete e-pood\" \/>\n<meta property=\"og:description\" content=\"Maitsev gluteenivaba sarapuup\u00e4hkli kakaokreem, mis sobib suurep\u00e4raselt igale hommikus\u00f6\u00f6gile.\" \/>\n<meta property=\"og:url\" content=\"https:\/\/old.kosmetoloog.ee\/toode\/\u043a\u0440\u0435\u043c-\u0441\u043f\u0440\u0435\u0434-tisanoreica-\u0441-\u043a\u0430\u043a\u0430\u043e-\u0438-\u0444\u0443\u043d\u0434\u0443\u043a\u043e\u043c\/\" \/>\n<meta property=\"og:site_name\" content=\"Ilutoodete e-pood\" \/>\n<meta property=\"article:modified_time\" content=\"2023-10-30T11:21:56+00:00\" \/>\n<meta property=\"og:image\" content=\"https:\/\/old.kosmetoloog.ee\/wp-content\/uploads\/2023\/09\/crema-cacao-e-nocciole.jpg\" \/>\n\t<meta property=\"og:image:width\" content=\"1000\" \/>\n\t<meta property=\"og:image:height\" content=\"1000\" \/>\n\t<meta property=\"og:image:type\" content=\"image\/jpeg\" \/>\n<meta name=\"twitter:card\" content=\"summary_large_image\" \/>\n<script type=\"application\/ld+json\" class=\"yoast-schema-graph\">{\"@context\":\"https:\/\/schema.org\",\"@graph\":[{\"@type\":\"WebPage\",\"@id\":\"https:\/\/old.kosmetoloog.ee\/toode\/%d0%ba%d1%80%d0%b5%d0%bc-%d1%81%d0%bf%d1%80%d0%b5%d0%b4-tisanoreica-%d1%81-%d0%ba%d0%b0%d0%ba%d0%b0%d0%be-%d0%b8-%d1%84%d1%83%d0%bd%d0%b4%d1%83%d0%ba%d0%be%d0%bc\/\",\"url\":\"https:\/\/old.kosmetoloog.ee\/toode\/%d0%ba%d1%80%d0%b5%d0%bc-%d1%81%d0%bf%d1%80%d0%b5%d0%b4-tisanoreica-%d1%81-%d0%ba%d0%b0%d0%ba%d0%b0%d0%be-%d0%b8-%d1%84%d1%83%d0%bd%d0%b4%d1%83%d0%ba%d0%be%d0%bc\/\",\"name\":\"Tisanoreica kreemim\u00e4\u00e4re kakao ja sarapuup\u00e4hklitega - Ilutoodete e-pood\",\"isPartOf\":{\"@id\":\"https:\/\/old.kosmetoloog.ee\/#website\"},\"primaryImageOfPage\":{\"@id\":\"https:\/\/old.kosmetoloog.ee\/toode\/%d0%ba%d1%80%d0%b5%d0%bc-%d1%81%d0%bf%d1%80%d0%b5%d0%b4-tisanoreica-%d1%81-%d0%ba%d0%b0%d0%ba%d0%b0%d0%be-%d0%b8-%d1%84%d1%83%d0%bd%d0%b4%d1%83%d0%ba%d0%be%d0%bc\/#primaryimage\"},\"image\":{\"@id\":\"https:\/\/old.kosmetoloog.ee\/toode\/%d0%ba%d1%80%d0%b5%d0%bc-%d1%81%d0%bf%d1%80%d0%b5%d0%b4-tisanoreica-%d1%81-%d0%ba%d0%b0%d0%ba%d0%b0%d0%be-%d0%b8-%d1%84%d1%83%d0%bd%d0%b4%d1%83%d0%ba%d0%be%d0%bc\/#primaryimage\"},\"thumbnailUrl\":\"https:\/\/old.kosmetoloog.ee\/wp-content\/uploads\/2023\/09\/crema-cacao-e-nocciole.jpg\",\"datePublished\":\"2023-09-29T12:50:11+00:00\",\"dateModified\":\"2023-10-30T11:21:56+00:00\",\"breadcrumb\":{\"@id\":\"https:\/\/old.kosmetoloog.ee\/toode\/%d0%ba%d1%80%d0%b5%d0%bc-%d1%81%d0%bf%d1%80%d0%b5%d0%b4-tisanoreica-%d1%81-%d0%ba%d0%b0%d0%ba%d0%b0%d0%be-%d0%b8-%d1%84%d1%83%d0%bd%d0%b4%d1%83%d0%ba%d0%be%d0%bc\/#breadcrumb\"},\"inLanguage\":\"et\",\"potentialAction\":[{\"@type\":\"ReadAction\",\"target\":[\"https:\/\/old.kosmetoloog.ee\/toode\/%d0%ba%d1%80%d0%b5%d0%bc-%d1%81%d0%bf%d1%80%d0%b5%d0%b4-tisanoreica-%d1%81-%d0%ba%d0%b0%d0%ba%d0%b0%d0%be-%d0%b8-%d1%84%d1%83%d0%bd%d0%b4%d1%83%d0%ba%d0%be%d0%bc\/\"]}]},{\"@type\":\"ImageObject\",\"inLanguage\":\"et\",\"@id\":\"https:\/\/old.kosmetoloog.ee\/toode\/%d0%ba%d1%80%d0%b5%d0%bc-%d1%81%d0%bf%d1%80%d0%b5%d0%b4-tisanoreica-%d1%81-%d0%ba%d0%b0%d0%ba%d0%b0%d0%be-%d0%b8-%d1%84%d1%83%d0%bd%d0%b4%d1%83%d0%ba%d0%be%d0%bc\/#primaryimage\",\"url\":\"https:\/\/old.kosmetoloog.ee\/wp-content\/uploads\/2023\/09\/crema-cacao-e-nocciole.jpg\",\"contentUrl\":\"https:\/\/old.kosmetoloog.ee\/wp-content\/uploads\/2023\/09\/crema-cacao-e-nocciole.jpg\",\"width\":1000,\"height\":1000},{\"@type\":\"BreadcrumbList\",\"@id\":\"https:\/\/old.kosmetoloog.ee\/toode\/%d0%ba%d1%80%d0%b5%d0%bc-%d1%81%d0%bf%d1%80%d0%b5%d0%b4-tisanoreica-%d1%81-%d0%ba%d0%b0%d0%ba%d0%b0%d0%be-%d0%b8-%d1%84%d1%83%d0%bd%d0%b4%d1%83%d0%ba%d0%be%d0%bc\/#breadcrumb\",\"itemListElement\":[{\"@type\":\"ListItem\",\"position\":1,\"name\":\"Home\",\"item\":\"https:\/\/old.kosmetoloog.ee\/et\/\"},{\"@type\":\"ListItem\",\"position\":2,\"name\":\"Pood\",\"item\":\"https:\/\/old.kosmetoloog.ee\/et\/pood\/\"},{\"@type\":\"ListItem\",\"position\":3,\"name\":\"Tisanoreica kreemim\u00e4\u00e4re kakao ja sarapuup\u00e4hklitega\"}]},{\"@type\":\"WebSite\",\"@id\":\"https:\/\/old.kosmetoloog.ee\/#website\",\"url\":\"https:\/\/old.kosmetoloog.ee\/\",\"name\":\"Ilutoodete e-pood\",\"description\":\"Kosmeetika pood\",\"publisher\":{\"@id\":\"https:\/\/old.kosmetoloog.ee\/#organization\"},\"potentialAction\":[{\"@type\":\"SearchAction\",\"target\":{\"@type\":\"EntryPoint\",\"urlTemplate\":\"https:\/\/old.kosmetoloog.ee\/?s={search_term_string}\"},\"query-input\":{\"@type\":\"PropertyValueSpecification\",\"valueRequired\":true,\"valueName\":\"search_term_string\"}}],\"inLanguage\":\"et\"},{\"@type\":\"Organization\",\"@id\":\"https:\/\/old.kosmetoloog.ee\/#organization\",\"name\":\"You are You O\u00dc\",\"url\":\"https:\/\/old.kosmetoloog.ee\/\",\"logo\":{\"@type\":\"ImageObject\",\"inLanguage\":\"et\",\"@id\":\"https:\/\/old.kosmetoloog.ee\/#\/schema\/logo\/image\/\",\"url\":\"https:\/\/old.kosmetoloog.ee\/wp-content\/uploads\/2023\/08\/logo-1.png\",\"contentUrl\":\"https:\/\/old.kosmetoloog.ee\/wp-content\/uploads\/2023\/08\/logo-1.png\",\"width\":1200,\"height\":964,\"caption\":\"You are You O\u00dc\"},\"image\":{\"@id\":\"https:\/\/old.kosmetoloog.ee\/#\/schema\/logo\/image\/\"}}]}<\/script>\n<!-- \/ Yoast SEO plugin. -->","yoast_head_json":{"title":"Tisanoreica kreemim\u00e4\u00e4re kakao ja sarapuup\u00e4hklitega - Ilutoodete e-pood","robots":{"index":"noindex","follow":"follow","max-snippet":"max-snippet:-1","max-image-preview":"max-image-preview:large","max-video-preview":"max-video-preview:-1"},"og_locale":"et_EE","og_type":"article","og_title":"Tisanoreica kreemim\u00e4\u00e4re kakao ja sarapuup\u00e4hklitega - Ilutoodete e-pood","og_description":"Maitsev gluteenivaba sarapuup\u00e4hkli kakaokreem, mis sobib suurep\u00e4raselt igale hommikus\u00f6\u00f6gile.","og_url":"https:\/\/old.kosmetoloog.ee\/toode\/\u043a\u0440\u0435\u043c-\u0441\u043f\u0440\u0435\u0434-tisanoreica-\u0441-\u043a\u0430\u043a\u0430\u043e-\u0438-\u0444\u0443\u043d\u0434\u0443\u043a\u043e\u043c\/","og_site_name":"Ilutoodete e-pood","article_modified_time":"2023-10-30T11:21:56+00:00","og_image":[{"width":1000,"height":1000,"url":"https:\/\/old.kosmetoloog.ee\/wp-content\/uploads\/2023\/09\/crema-cacao-e-nocciole.jpg","type":"image\/jpeg"}],"twitter_card":"summary_large_image","schema":{"@context":"https:\/\/schema.org","@graph":[{"@type":"WebPage","@id":"https:\/\/old.kosmetoloog.ee\/toode\/%d0%ba%d1%80%d0%b5%d0%bc-%d1%81%d0%bf%d1%80%d0%b5%d0%b4-tisanoreica-%d1%81-%d0%ba%d0%b0%d0%ba%d0%b0%d0%be-%d0%b8-%d1%84%d1%83%d0%bd%d0%b4%d1%83%d0%ba%d0%be%d0%bc\/","url":"https:\/\/old.kosmetoloog.ee\/toode\/%d0%ba%d1%80%d0%b5%d0%bc-%d1%81%d0%bf%d1%80%d0%b5%d0%b4-tisanoreica-%d1%81-%d0%ba%d0%b0%d0%ba%d0%b0%d0%be-%d0%b8-%d1%84%d1%83%d0%bd%d0%b4%d1%83%d0%ba%d0%be%d0%bc\/","name":"Tisanoreica kreemim\u00e4\u00e4re kakao ja sarapuup\u00e4hklitega - Ilutoodete e-pood","isPartOf":{"@id":"https:\/\/old.kosmetoloog.ee\/#website"},"primaryImageOfPage":{"@id":"https:\/\/old.kosmetoloog.ee\/toode\/%d0%ba%d1%80%d0%b5%d0%bc-%d1%81%d0%bf%d1%80%d0%b5%d0%b4-tisanoreica-%d1%81-%d0%ba%d0%b0%d0%ba%d0%b0%d0%be-%d0%b8-%d1%84%d1%83%d0%bd%d0%b4%d1%83%d0%ba%d0%be%d0%bc\/#primaryimage"},"image":{"@id":"https:\/\/old.kosmetoloog.ee\/toode\/%d0%ba%d1%80%d0%b5%d0%bc-%d1%81%d0%bf%d1%80%d0%b5%d0%b4-tisanoreica-%d1%81-%d0%ba%d0%b0%d0%ba%d0%b0%d0%be-%d0%b8-%d1%84%d1%83%d0%bd%d0%b4%d1%83%d0%ba%d0%be%d0%bc\/#primaryimage"},"thumbnailUrl":"https:\/\/old.kosmetoloog.ee\/wp-content\/uploads\/2023\/09\/crema-cacao-e-nocciole.jpg","datePublished":"2023-09-29T12:50:11+00:00","dateModified":"2023-10-30T11:21:56+00:00","breadcrumb":{"@id":"https:\/\/old.kosmetoloog.ee\/toode\/%d0%ba%d1%80%d0%b5%d0%bc-%d1%81%d0%bf%d1%80%d0%b5%d0%b4-tisanoreica-%d1%81-%d0%ba%d0%b0%d0%ba%d0%b0%d0%be-%d0%b8-%d1%84%d1%83%d0%bd%d0%b4%d1%83%d0%ba%d0%be%d0%bc\/#breadcrumb"},"inLanguage":"et","potentialAction":[{"@type":"ReadAction","target":["https:\/\/old.kosmetoloog.ee\/toode\/%d0%ba%d1%80%d0%b5%d0%bc-%d1%81%d0%bf%d1%80%d0%b5%d0%b4-tisanoreica-%d1%81-%d0%ba%d0%b0%d0%ba%d0%b0%d0%be-%d0%b8-%d1%84%d1%83%d0%bd%d0%b4%d1%83%d0%ba%d0%be%d0%bc\/"]}]},{"@type":"ImageObject","inLanguage":"et","@id":"https:\/\/old.kosmetoloog.ee\/toode\/%d0%ba%d1%80%d0%b5%d0%bc-%d1%81%d0%bf%d1%80%d0%b5%d0%b4-tisanoreica-%d1%81-%d0%ba%d0%b0%d0%ba%d0%b0%d0%be-%d0%b8-%d1%84%d1%83%d0%bd%d0%b4%d1%83%d0%ba%d0%be%d0%bc\/#primaryimage","url":"https:\/\/old.kosmetoloog.ee\/wp-content\/uploads\/2023\/09\/crema-cacao-e-nocciole.jpg","contentUrl":"https:\/\/old.kosmetoloog.ee\/wp-content\/uploads\/2023\/09\/crema-cacao-e-nocciole.jpg","width":1000,"height":1000},{"@type":"BreadcrumbList","@id":"https:\/\/old.kosmetoloog.ee\/toode\/%d0%ba%d1%80%d0%b5%d0%bc-%d1%81%d0%bf%d1%80%d0%b5%d0%b4-tisanoreica-%d1%81-%d0%ba%d0%b0%d0%ba%d0%b0%d0%be-%d0%b8-%d1%84%d1%83%d0%bd%d0%b4%d1%83%d0%ba%d0%be%d0%bc\/#breadcrumb","itemListElement":[{"@type":"ListItem","position":1,"name":"Home","item":"https:\/\/old.kosmetoloog.ee\/et\/"},{"@type":"ListItem","position":2,"name":"Pood","item":"https:\/\/old.kosmetoloog.ee\/et\/pood\/"},{"@type":"ListItem","position":3,"name":"Tisanoreica kreemim\u00e4\u00e4re kakao ja sarapuup\u00e4hklitega"}]},{"@type":"WebSite","@id":"https:\/\/old.kosmetoloog.ee\/#website","url":"https:\/\/old.kosmetoloog.ee\/","name":"Ilutoodete e-pood","description":"Kosmeetika pood","publisher":{"@id":"https:\/\/old.kosmetoloog.ee\/#organization"},"potentialAction":[{"@type":"SearchAction","target":{"@type":"EntryPoint","urlTemplate":"https:\/\/old.kosmetoloog.ee\/?s={search_term_string}"},"query-input":{"@type":"PropertyValueSpecification","valueRequired":true,"valueName":"search_term_string"}}],"inLanguage":"et"},{"@type":"Organization","@id":"https:\/\/old.kosmetoloog.ee\/#organization","name":"You are You O\u00dc","url":"https:\/\/old.kosmetoloog.ee\/","logo":{"@type":"ImageObject","inLanguage":"et","@id":"https:\/\/old.kosmetoloog.ee\/#\/schema\/logo\/image\/","url":"https:\/\/old.kosmetoloog.ee\/wp-content\/uploads\/2023\/08\/logo-1.png","contentUrl":"https:\/\/old.kosmetoloog.ee\/wp-content\/uploads\/2023\/08\/logo-1.png","width":1200,"height":964,"caption":"You are You O\u00dc"},"image":{"@id":"https:\/\/old.kosmetoloog.ee\/#\/schema\/logo\/image\/"}}]}},"brands":[{"id":80,"name":"GIANLUCA MECH","slug":"gianluca-mech"}],"_links":{"self":[{"href":"https:\/\/old.kosmetoloog.ee\/et\/wp-json\/wp\/v2\/product\/1386","targetHints":{"allow":["GET"]}}],"collection":[{"href":"https:\/\/old.kosmetoloog.ee\/et\/wp-json\/wp\/v2\/product"}],"about":[{"href":"https:\/\/old.kosmetoloog.ee\/et\/wp-json\/wp\/v2\/types\/product"}],"replies":[{"embeddable":true,"href":"https:\/\/old.kosmetoloog.ee\/et\/wp-json\/wp\/v2\/comments?post=1386"}],"wp:featuredmedia":[{"embeddable":true,"href":"https:\/\/old.kosmetoloog.ee\/et\/wp-json\/wp\/v2\/media\/1384"}],"wp:attachment":[{"href":"https:\/\/old.kosmetoloog.ee\/et\/wp-json\/wp\/v2\/media?parent=1386"}],"wp:term":[{"taxonomy":"pwb-brand","embeddable":true,"href":"https:\/\/old.kosmetoloog.ee\/et\/wp-json\/wp\/v2\/pwb-brand?post=1386"},{"taxonomy":"product_brand","embeddable":true,"href":"https:\/\/old.kosmetoloog.ee\/et\/wp-json\/wp\/v2\/product_brand?post=1386"},{"taxonomy":"product_cat","embeddable":true,"href":"https:\/\/old.kosmetoloog.ee\/et\/wp-json\/wp\/v2\/product_cat?post=1386"},{"taxonomy":"product_tag","embeddable":true,"href":"https:\/\/old.kosmetoloog.ee\/et\/wp-json\/wp\/v2\/product_tag?post=1386"}],"curies":[{"name":"wp","href":"https:\/\/api.w.org\/{rel}","templated":true}]}}