{"id":1399,"date":"2023-09-21T07:47:30","date_gmt":"2023-09-21T04:47:30","guid":{"rendered":"https:\/\/kosmetoloog.ee\/product\/niisutav-bb-kreem-spf-30-bb-creme-hydratante-spf-30\/"},"modified":"2023-10-02T09:35:18","modified_gmt":"2023-10-02T06:35:18","slug":"niisutav-bb-kreem-koos-spf-30-bb-creme-hydratante-spf-30","status":"publish","type":"product","link":"https:\/\/old.kosmetoloog.ee\/et\/toode\/niisutav-bb-kreem-koos-spf-30-bb-creme-hydratante-spf-30\/","title":{"rendered":"NIISUTAV BB KREEM SPF 30 \/ BB CR\u00c8ME HYDRATANTE SPF 30"},"content":{"rendered":"<p>Bio 6-in-1 toode \u00fchendab kreemi niisutavad ja kaitsvad omadused toonivate omadustega. Niisutab, korrigeerib, \u00fchtlustab toonust, lisab s\u00e4ra, omab vananemisvastast toimet ja kaitseb p\u00e4ikese eest.<\/p>\n<p>Koostises sisalduv k\u00f5rge ja madala molekulmassiga taimse p\u00e4ritoluga h\u00fcaluroonhape annab intensiivse niisutava toime ja parandab jumet.<\/p>\n<p>Granaat\u00f5una \u00f5ied ja taimne E-vitamiin omavad antioks\u00fcdantset toimet.<\/p>\n<p>Selle galeeniline koostis on rikastatud pehmete taimsete vahade ja pigmentidega. Kreem peidab naha puudusi, luues \u00fchtlase ja s\u00e4rava jume ning ei oma komedogeenset toimet.<\/p>\n<p>Selle originaalkoostis koos mineraalsete ekraanidega tagab 30 UVA\/UVB p\u00e4ikesekaitse.<\/p>\n<p>Efektiivsus:<\/p>\n<p><span class=\"emph\">+ 31,9 % <\/span>niiskust 8 tunni jooksul p\u00e4rast pealekandmist *<sup>1<\/sup>.<\/p>\n<p><span class=\"emph\">91 % <\/span>vastajad kinnitavad, et nende jume on terve ja s\u00e4rav *<sup>2<\/sup>.<\/p>\n<p><span class=\"emph\">82 % <\/span>vastajad kinnitavad, et see vahend soobib ideaalselt nahatooni parandamiseks, jume \u00fchtlustamiseks ja varjatud nahavigade k\u00f5rvaldamiseks *<sup>2<\/sup>.<\/p>\n<p><span class=\"emph\">77 % <\/span>vastajad kinnitavad, et nahk on t\u00e4idlane ja sile *<sup>2<\/sup>.<\/p>\n<p>&nbsp;<\/p>\n<p class=\"footnote\"><sup>1<\/sup>Instrumentaalse testi tulemused, milles osales 12 kuiva n\u00e4onahaga naist vanuses 43\u201370 aastat.<\/p>\n<p class=\"footnote\"><sup>2 K\u00fcsitluse tulemused: <\/sup>22 deh\u00fcdreeritud n\u00e4onahaga naise vanuses 21 kuni 50 aasta.<\/p>\n","protected":false},"excerpt":{"rendered":"<p>Universaalne toon. Pikaajaline niisutus 8 tundi. K\u00f5rge kaitse.<\/p>\n","protected":false},"featured_media":1011,"comment_status":"open","ping_status":"closed","template":"","meta":{"_acf_changed":false},"pwb-brand":[43],"product_brand":[],"product_cat":[79],"product_tag":[105,111],"class_list":{"0":"post-1399","1":"product","2":"type-product","3":"status-publish","4":"has-post-thumbnail","6":"pwb-brand-phyt","7":"product_cat-meigi-jaoks","8":"product_tag-koik-naha","9":"product_tag-vananemisvastane","11":"first","12":"instock","13":"taxable","14":"shipping-taxable","15":"purchasable","16":"product-type-simple"},"acf":[],"yoast_head":"<!-- This site is optimized with the Yoast SEO plugin v25.7 - https:\/\/yoast.com\/wordpress\/plugins\/seo\/ -->\n<title>NIISUTAV BB KREEM SPF 30 \/ BB CR\u00c8ME HYDRATANTE SPF 30 - Ilutoodete e-pood<\/title>\n<meta name=\"robots\" content=\"noindex, follow, max-snippet:-1, max-image-preview:large, max-video-preview:-1\" \/>\n<meta property=\"og:locale\" content=\"et_EE\" \/>\n<meta property=\"og:type\" content=\"article\" \/>\n<meta property=\"og:title\" content=\"NIISUTAV BB KREEM SPF 30 \/ BB CR\u00c8ME HYDRATANTE SPF 30 - Ilutoodete e-pood\" \/>\n<meta property=\"og:description\" content=\"Universaalne toon. Pikaajaline niisutus 8 tundi. K\u00f5rge kaitse.\" \/>\n<meta property=\"og:url\" content=\"https:\/\/old.kosmetoloog.ee\/toode\/bb-creme-hydratante-spf-30-bb-creme-hydratante-spf-30\/\" \/>\n<meta property=\"og:site_name\" content=\"Ilutoodete e-pood\" \/>\n<meta property=\"article:modified_time\" content=\"2023-10-02T06:35:18+00:00\" \/>\n<meta property=\"og:image\" content=\"https:\/\/old.kosmetoloog.ee\/wp-content\/uploads\/2023\/09\/BB-CREME-336-web-aqua-scaled-1.jpg\" \/>\n\t<meta property=\"og:image:width\" content=\"2560\" \/>\n\t<meta property=\"og:image:height\" content=\"2560\" \/>\n\t<meta property=\"og:image:type\" content=\"image\/jpeg\" \/>\n<meta name=\"twitter:card\" content=\"summary_large_image\" \/>\n<meta name=\"twitter:label1\" content=\"Est. reading time\" \/>\n\t<meta name=\"twitter:data1\" content=\"1 minut\" \/>\n<script type=\"application\/ld+json\" class=\"yoast-schema-graph\">{\"@context\":\"https:\/\/schema.org\",\"@graph\":[{\"@type\":\"WebPage\",\"@id\":\"https:\/\/old.kosmetoloog.ee\/toode\/bb-creme-hydratante-spf-30-bb-creme-hydratante-spf-30\/\",\"url\":\"https:\/\/old.kosmetoloog.ee\/toode\/bb-creme-hydratante-spf-30-bb-creme-hydratante-spf-30\/\",\"name\":\"NIISUTAV BB KREEM SPF 30 \/ BB CR\u00c8ME HYDRATANTE SPF 30 - Ilutoodete e-pood\",\"isPartOf\":{\"@id\":\"https:\/\/old.kosmetoloog.ee\/#website\"},\"primaryImageOfPage\":{\"@id\":\"https:\/\/old.kosmetoloog.ee\/toode\/bb-creme-hydratante-spf-30-bb-creme-hydratante-spf-30\/#primaryimage\"},\"image\":{\"@id\":\"https:\/\/old.kosmetoloog.ee\/toode\/bb-creme-hydratante-spf-30-bb-creme-hydratante-spf-30\/#primaryimage\"},\"thumbnailUrl\":\"https:\/\/old.kosmetoloog.ee\/wp-content\/uploads\/2023\/09\/BB-CREME-336-web-aqua-scaled-1.jpg\",\"datePublished\":\"2023-09-21T04:47:30+00:00\",\"dateModified\":\"2023-10-02T06:35:18+00:00\",\"breadcrumb\":{\"@id\":\"https:\/\/old.kosmetoloog.ee\/toode\/bb-creme-hydratante-spf-30-bb-creme-hydratante-spf-30\/#breadcrumb\"},\"inLanguage\":\"et\",\"potentialAction\":[{\"@type\":\"ReadAction\",\"target\":[\"https:\/\/old.kosmetoloog.ee\/toode\/bb-creme-hydratante-spf-30-bb-creme-hydratante-spf-30\/\"]}]},{\"@type\":\"ImageObject\",\"inLanguage\":\"et\",\"@id\":\"https:\/\/old.kosmetoloog.ee\/toode\/bb-creme-hydratante-spf-30-bb-creme-hydratante-spf-30\/#primaryimage\",\"url\":\"https:\/\/old.kosmetoloog.ee\/wp-content\/uploads\/2023\/09\/BB-CREME-336-web-aqua-scaled-1.jpg\",\"contentUrl\":\"https:\/\/old.kosmetoloog.ee\/wp-content\/uploads\/2023\/09\/BB-CREME-336-web-aqua-scaled-1.jpg\",\"width\":2560,\"height\":2560},{\"@type\":\"BreadcrumbList\",\"@id\":\"https:\/\/old.kosmetoloog.ee\/toode\/bb-creme-hydratante-spf-30-bb-creme-hydratante-spf-30\/#breadcrumb\",\"itemListElement\":[{\"@type\":\"ListItem\",\"position\":1,\"name\":\"Home\",\"item\":\"https:\/\/old.kosmetoloog.ee\/et\/\"},{\"@type\":\"ListItem\",\"position\":2,\"name\":\"Pood\",\"item\":\"https:\/\/old.kosmetoloog.ee\/et\/pood\/\"},{\"@type\":\"ListItem\",\"position\":3,\"name\":\"NIISUTAV BB KREEM SPF 30 \/ BB CR\u00c8ME HYDRATANTE SPF 30\"}]},{\"@type\":\"WebSite\",\"@id\":\"https:\/\/old.kosmetoloog.ee\/#website\",\"url\":\"https:\/\/old.kosmetoloog.ee\/\",\"name\":\"Ilutoodete e-pood\",\"description\":\"Kosmeetika pood\",\"publisher\":{\"@id\":\"https:\/\/old.kosmetoloog.ee\/#organization\"},\"potentialAction\":[{\"@type\":\"SearchAction\",\"target\":{\"@type\":\"EntryPoint\",\"urlTemplate\":\"https:\/\/old.kosmetoloog.ee\/?s={search_term_string}\"},\"query-input\":{\"@type\":\"PropertyValueSpecification\",\"valueRequired\":true,\"valueName\":\"search_term_string\"}}],\"inLanguage\":\"et\"},{\"@type\":\"Organization\",\"@id\":\"https:\/\/old.kosmetoloog.ee\/#organization\",\"name\":\"You are You O\u00dc\",\"url\":\"https:\/\/old.kosmetoloog.ee\/\",\"logo\":{\"@type\":\"ImageObject\",\"inLanguage\":\"et\",\"@id\":\"https:\/\/old.kosmetoloog.ee\/#\/schema\/logo\/image\/\",\"url\":\"https:\/\/old.kosmetoloog.ee\/wp-content\/uploads\/2023\/08\/logo-1.png\",\"contentUrl\":\"https:\/\/old.kosmetoloog.ee\/wp-content\/uploads\/2023\/08\/logo-1.png\",\"width\":1200,\"height\":964,\"caption\":\"You are You O\u00dc\"},\"image\":{\"@id\":\"https:\/\/old.kosmetoloog.ee\/#\/schema\/logo\/image\/\"}}]}<\/script>\n<!-- \/ Yoast SEO plugin. -->","yoast_head_json":{"title":"NIISUTAV BB KREEM SPF 30 \/ BB CR\u00c8ME HYDRATANTE SPF 30 - Ilutoodete e-pood","robots":{"index":"noindex","follow":"follow","max-snippet":"max-snippet:-1","max-image-preview":"max-image-preview:large","max-video-preview":"max-video-preview:-1"},"og_locale":"et_EE","og_type":"article","og_title":"NIISUTAV BB KREEM SPF 30 \/ BB CR\u00c8ME HYDRATANTE SPF 30 - Ilutoodete e-pood","og_description":"Universaalne toon. Pikaajaline niisutus 8 tundi. K\u00f5rge kaitse.","og_url":"https:\/\/old.kosmetoloog.ee\/toode\/bb-creme-hydratante-spf-30-bb-creme-hydratante-spf-30\/","og_site_name":"Ilutoodete e-pood","article_modified_time":"2023-10-02T06:35:18+00:00","og_image":[{"width":2560,"height":2560,"url":"https:\/\/old.kosmetoloog.ee\/wp-content\/uploads\/2023\/09\/BB-CREME-336-web-aqua-scaled-1.jpg","type":"image\/jpeg"}],"twitter_card":"summary_large_image","twitter_misc":{"Est. reading time":"1 minut"},"schema":{"@context":"https:\/\/schema.org","@graph":[{"@type":"WebPage","@id":"https:\/\/old.kosmetoloog.ee\/toode\/bb-creme-hydratante-spf-30-bb-creme-hydratante-spf-30\/","url":"https:\/\/old.kosmetoloog.ee\/toode\/bb-creme-hydratante-spf-30-bb-creme-hydratante-spf-30\/","name":"NIISUTAV BB KREEM SPF 30 \/ BB CR\u00c8ME HYDRATANTE SPF 30 - Ilutoodete e-pood","isPartOf":{"@id":"https:\/\/old.kosmetoloog.ee\/#website"},"primaryImageOfPage":{"@id":"https:\/\/old.kosmetoloog.ee\/toode\/bb-creme-hydratante-spf-30-bb-creme-hydratante-spf-30\/#primaryimage"},"image":{"@id":"https:\/\/old.kosmetoloog.ee\/toode\/bb-creme-hydratante-spf-30-bb-creme-hydratante-spf-30\/#primaryimage"},"thumbnailUrl":"https:\/\/old.kosmetoloog.ee\/wp-content\/uploads\/2023\/09\/BB-CREME-336-web-aqua-scaled-1.jpg","datePublished":"2023-09-21T04:47:30+00:00","dateModified":"2023-10-02T06:35:18+00:00","breadcrumb":{"@id":"https:\/\/old.kosmetoloog.ee\/toode\/bb-creme-hydratante-spf-30-bb-creme-hydratante-spf-30\/#breadcrumb"},"inLanguage":"et","potentialAction":[{"@type":"ReadAction","target":["https:\/\/old.kosmetoloog.ee\/toode\/bb-creme-hydratante-spf-30-bb-creme-hydratante-spf-30\/"]}]},{"@type":"ImageObject","inLanguage":"et","@id":"https:\/\/old.kosmetoloog.ee\/toode\/bb-creme-hydratante-spf-30-bb-creme-hydratante-spf-30\/#primaryimage","url":"https:\/\/old.kosmetoloog.ee\/wp-content\/uploads\/2023\/09\/BB-CREME-336-web-aqua-scaled-1.jpg","contentUrl":"https:\/\/old.kosmetoloog.ee\/wp-content\/uploads\/2023\/09\/BB-CREME-336-web-aqua-scaled-1.jpg","width":2560,"height":2560},{"@type":"BreadcrumbList","@id":"https:\/\/old.kosmetoloog.ee\/toode\/bb-creme-hydratante-spf-30-bb-creme-hydratante-spf-30\/#breadcrumb","itemListElement":[{"@type":"ListItem","position":1,"name":"Home","item":"https:\/\/old.kosmetoloog.ee\/et\/"},{"@type":"ListItem","position":2,"name":"Pood","item":"https:\/\/old.kosmetoloog.ee\/et\/pood\/"},{"@type":"ListItem","position":3,"name":"NIISUTAV BB KREEM SPF 30 \/ BB CR\u00c8ME HYDRATANTE SPF 30"}]},{"@type":"WebSite","@id":"https:\/\/old.kosmetoloog.ee\/#website","url":"https:\/\/old.kosmetoloog.ee\/","name":"Ilutoodete e-pood","description":"Kosmeetika pood","publisher":{"@id":"https:\/\/old.kosmetoloog.ee\/#organization"},"potentialAction":[{"@type":"SearchAction","target":{"@type":"EntryPoint","urlTemplate":"https:\/\/old.kosmetoloog.ee\/?s={search_term_string}"},"query-input":{"@type":"PropertyValueSpecification","valueRequired":true,"valueName":"search_term_string"}}],"inLanguage":"et"},{"@type":"Organization","@id":"https:\/\/old.kosmetoloog.ee\/#organization","name":"You are You O\u00dc","url":"https:\/\/old.kosmetoloog.ee\/","logo":{"@type":"ImageObject","inLanguage":"et","@id":"https:\/\/old.kosmetoloog.ee\/#\/schema\/logo\/image\/","url":"https:\/\/old.kosmetoloog.ee\/wp-content\/uploads\/2023\/08\/logo-1.png","contentUrl":"https:\/\/old.kosmetoloog.ee\/wp-content\/uploads\/2023\/08\/logo-1.png","width":1200,"height":964,"caption":"You are You O\u00dc"},"image":{"@id":"https:\/\/old.kosmetoloog.ee\/#\/schema\/logo\/image\/"}}]}},"brands":[{"id":43,"name":"PHYT'S","slug":"phyt"}],"_links":{"self":[{"href":"https:\/\/old.kosmetoloog.ee\/et\/wp-json\/wp\/v2\/product\/1399","targetHints":{"allow":["GET"]}}],"collection":[{"href":"https:\/\/old.kosmetoloog.ee\/et\/wp-json\/wp\/v2\/product"}],"about":[{"href":"https:\/\/old.kosmetoloog.ee\/et\/wp-json\/wp\/v2\/types\/product"}],"replies":[{"embeddable":true,"href":"https:\/\/old.kosmetoloog.ee\/et\/wp-json\/wp\/v2\/comments?post=1399"}],"wp:featuredmedia":[{"embeddable":true,"href":"https:\/\/old.kosmetoloog.ee\/et\/wp-json\/wp\/v2\/media\/1011"}],"wp:attachment":[{"href":"https:\/\/old.kosmetoloog.ee\/et\/wp-json\/wp\/v2\/media?parent=1399"}],"wp:term":[{"taxonomy":"pwb-brand","embeddable":true,"href":"https:\/\/old.kosmetoloog.ee\/et\/wp-json\/wp\/v2\/pwb-brand?post=1399"},{"taxonomy":"product_brand","embeddable":true,"href":"https:\/\/old.kosmetoloog.ee\/et\/wp-json\/wp\/v2\/product_brand?post=1399"},{"taxonomy":"product_cat","embeddable":true,"href":"https:\/\/old.kosmetoloog.ee\/et\/wp-json\/wp\/v2\/product_cat?post=1399"},{"taxonomy":"product_tag","embeddable":true,"href":"https:\/\/old.kosmetoloog.ee\/et\/wp-json\/wp\/v2\/product_tag?post=1399"}],"curies":[{"name":"wp","href":"https:\/\/api.w.org\/{rel}","templated":true}]}}