{"id":1474,"date":"2023-10-04T09:35:38","date_gmt":"2023-10-04T06:35:38","guid":{"rendered":"https:\/\/kosmetoloog.ee\/?post_type=product&#038;p=1474"},"modified":"2023-10-06T12:47:26","modified_gmt":"2023-10-06T09:47:26","slug":"oli-vita-long-vl6-7-vita-long-oilvl6-7","status":"publish","type":"product","link":"https:\/\/old.kosmetoloog.ee\/et\/toode\/oli-vita-long-vl6-7-vita-long-oilvl6-7\/","title":{"rendered":"VITA-LONG \u00d5LI (VL6-7)"},"content":{"rendered":"<p>Vita-Long \u00f5li on asendamatu raku noorust j\u00e4tkav toode, mis on v\u00e4lja t\u00f6\u00f6tatud Meder Beauty Science laboris. See on \u00fcks k\u00f5rgtehnoloogilisi vananemisvastaseid ravimeid, mis sisaldab 18 toimeainet, 10 orgaanilist \u00f5li (skvaleeni-, makadaamia-, heinamaa-, aprikoosi-, kurgirohu-, priimula-, p\u00e4evalille-, rapsi- ja metsiku porgandi\u00f5li) taastab naha lipiidide kompleksi, peaaegu kopeerides terve naha rasu seisundit mis on sarnane 24-27 aastasele Kompleks sisaldab 5 aktiivset antioks\u00fcdanti &#8211; tokoferool, rosmariini ekstrakt, porgandiekstrakt, beetakaroteen ja C-vitamiin, luues l\u00e4bitungimatu kilbi vabade radikaalide eest ja kaitstes negatiivse keskkonnam\u00f5ju eest. Kolmel epigeneetilisel komponendil on kasulik m\u00f5ju vananemisvastaste geenide ekspressioonile. Koens\u00fc\u00fcm Q10 suurendab hapniku liikumist rakkudesse. GGA pikendab rakkude eluiga rohkem kui 30%. Efemeraal, wakami rakkude ekstrakt, taastab ja s\u00e4ilitab mitokondriaalse DNA struktuure mis vastutab energia metabolismi eest.<\/p>\n","protected":false},"excerpt":{"rendered":"<p>Asendamatu toode, mis pikendab rakkude noorust, v\u00e4lja t\u00f6\u00f6tatud Meder Beauty Science laboris. See on \u00fcks k\u00f5rgtehnoloogilisemaid vananemisvastaseid tooteid, mis sisaldab 18 toimeainet, 10 orgaanilist \u00f5li ja 5 aktiivset antioks\u00fcdanti.<\/p>\n","protected":false},"featured_media":1476,"comment_status":"open","ping_status":"closed","template":"","meta":{"_acf_changed":false},"pwb-brand":[21],"product_brand":[],"product_cat":[75],"product_tag":[111],"class_list":{"0":"post-1474","1":"product","2":"type-product","3":"status-publish","4":"has-post-thumbnail","6":"pwb-brand-meder-beauty-science","7":"product_cat-olid","8":"product_tag-vananemisvastane","10":"first","11":"outofstock","12":"taxable","13":"shipping-taxable","14":"purchasable","15":"product-type-simple"},"acf":[],"yoast_head":"<!-- This site is optimized with the Yoast SEO plugin v25.7 - https:\/\/yoast.com\/wordpress\/plugins\/seo\/ -->\n<title>VITA-LONG \u00d5LI (VL6-7) - Ilutoodete e-pood<\/title>\n<meta name=\"robots\" content=\"noindex, follow, max-snippet:-1, max-image-preview:large, max-video-preview:-1\" \/>\n<meta property=\"og:locale\" content=\"et_EE\" \/>\n<meta property=\"og:type\" content=\"article\" \/>\n<meta property=\"og:title\" content=\"VITA-LONG \u00d5LI (VL6-7) - Ilutoodete e-pood\" \/>\n<meta property=\"og:description\" content=\"Asendamatu toode, mis pikendab rakkude noorust, v\u00e4lja t\u00f6\u00f6tatud Meder Beauty Science laboris. See on \u00fcks k\u00f5rgtehnoloogilisemaid vananemisvastaseid tooteid, mis sisaldab 18 toimeainet, 10 orgaanilist \u00f5li ja 5 aktiivset antioks\u00fcdanti.\" \/>\n<meta property=\"og:url\" content=\"https:\/\/old.kosmetoloog.ee\/toode\/oil-vita-long-vl6-7-vita-long-oilvl6-7\/\" \/>\n<meta property=\"og:site_name\" content=\"Ilutoodete e-pood\" \/>\n<meta property=\"article:modified_time\" content=\"2023-10-06T09:47:26+00:00\" \/>\n<meta property=\"og:image\" content=\"https:\/\/old.kosmetoloog.ee\/wp-content\/uploads\/2023\/10\/Vita-Long.jpg\" \/>\n\t<meta property=\"og:image:width\" content=\"553\" \/>\n\t<meta property=\"og:image:height\" content=\"525\" \/>\n\t<meta property=\"og:image:type\" content=\"image\/jpeg\" \/>\n<meta name=\"twitter:card\" content=\"summary_large_image\" \/>\n<meta name=\"twitter:label1\" content=\"Est. reading time\" \/>\n\t<meta name=\"twitter:data1\" content=\"1 minut\" \/>\n<script type=\"application\/ld+json\" class=\"yoast-schema-graph\">{\"@context\":\"https:\/\/schema.org\",\"@graph\":[{\"@type\":\"WebPage\",\"@id\":\"https:\/\/old.kosmetoloog.ee\/toode\/oil-vita-long-vl6-7-vita-long-oilvl6-7\/\",\"url\":\"https:\/\/old.kosmetoloog.ee\/toode\/oil-vita-long-vl6-7-vita-long-oilvl6-7\/\",\"name\":\"VITA-LONG \u00d5LI (VL6-7) - Ilutoodete e-pood\",\"isPartOf\":{\"@id\":\"https:\/\/old.kosmetoloog.ee\/#website\"},\"primaryImageOfPage\":{\"@id\":\"https:\/\/old.kosmetoloog.ee\/toode\/oil-vita-long-vl6-7-vita-long-oilvl6-7\/#primaryimage\"},\"image\":{\"@id\":\"https:\/\/old.kosmetoloog.ee\/toode\/oil-vita-long-vl6-7-vita-long-oilvl6-7\/#primaryimage\"},\"thumbnailUrl\":\"https:\/\/old.kosmetoloog.ee\/wp-content\/uploads\/2023\/10\/Vita-Long.jpg\",\"datePublished\":\"2023-10-04T06:35:38+00:00\",\"dateModified\":\"2023-10-06T09:47:26+00:00\",\"breadcrumb\":{\"@id\":\"https:\/\/old.kosmetoloog.ee\/toode\/oil-vita-long-vl6-7-vita-long-oilvl6-7\/#breadcrumb\"},\"inLanguage\":\"et\",\"potentialAction\":[{\"@type\":\"ReadAction\",\"target\":[\"https:\/\/old.kosmetoloog.ee\/toode\/oil-vita-long-vl6-7-vita-long-oilvl6-7\/\"]}]},{\"@type\":\"ImageObject\",\"inLanguage\":\"et\",\"@id\":\"https:\/\/old.kosmetoloog.ee\/toode\/oil-vita-long-vl6-7-vita-long-oilvl6-7\/#primaryimage\",\"url\":\"https:\/\/old.kosmetoloog.ee\/wp-content\/uploads\/2023\/10\/Vita-Long.jpg\",\"contentUrl\":\"https:\/\/old.kosmetoloog.ee\/wp-content\/uploads\/2023\/10\/Vita-Long.jpg\",\"width\":553,\"height\":525},{\"@type\":\"BreadcrumbList\",\"@id\":\"https:\/\/old.kosmetoloog.ee\/toode\/oil-vita-long-vl6-7-vita-long-oilvl6-7\/#breadcrumb\",\"itemListElement\":[{\"@type\":\"ListItem\",\"position\":1,\"name\":\"Home\",\"item\":\"https:\/\/old.kosmetoloog.ee\/et\/\"},{\"@type\":\"ListItem\",\"position\":2,\"name\":\"Pood\",\"item\":\"https:\/\/old.kosmetoloog.ee\/et\/pood\/\"},{\"@type\":\"ListItem\",\"position\":3,\"name\":\"VITA-LONG \u00d5LI (VL6-7)\"}]},{\"@type\":\"WebSite\",\"@id\":\"https:\/\/old.kosmetoloog.ee\/#website\",\"url\":\"https:\/\/old.kosmetoloog.ee\/\",\"name\":\"Ilutoodete e-pood\",\"description\":\"Kosmeetika pood\",\"publisher\":{\"@id\":\"https:\/\/old.kosmetoloog.ee\/#organization\"},\"potentialAction\":[{\"@type\":\"SearchAction\",\"target\":{\"@type\":\"EntryPoint\",\"urlTemplate\":\"https:\/\/old.kosmetoloog.ee\/?s={search_term_string}\"},\"query-input\":{\"@type\":\"PropertyValueSpecification\",\"valueRequired\":true,\"valueName\":\"search_term_string\"}}],\"inLanguage\":\"et\"},{\"@type\":\"Organization\",\"@id\":\"https:\/\/old.kosmetoloog.ee\/#organization\",\"name\":\"You are You O\u00dc\",\"url\":\"https:\/\/old.kosmetoloog.ee\/\",\"logo\":{\"@type\":\"ImageObject\",\"inLanguage\":\"et\",\"@id\":\"https:\/\/old.kosmetoloog.ee\/#\/schema\/logo\/image\/\",\"url\":\"https:\/\/old.kosmetoloog.ee\/wp-content\/uploads\/2023\/08\/logo-1.png\",\"contentUrl\":\"https:\/\/old.kosmetoloog.ee\/wp-content\/uploads\/2023\/08\/logo-1.png\",\"width\":1200,\"height\":964,\"caption\":\"You are You O\u00dc\"},\"image\":{\"@id\":\"https:\/\/old.kosmetoloog.ee\/#\/schema\/logo\/image\/\"}}]}<\/script>\n<!-- \/ Yoast SEO plugin. -->","yoast_head_json":{"title":"VITA-LONG \u00d5LI (VL6-7) - Ilutoodete e-pood","robots":{"index":"noindex","follow":"follow","max-snippet":"max-snippet:-1","max-image-preview":"max-image-preview:large","max-video-preview":"max-video-preview:-1"},"og_locale":"et_EE","og_type":"article","og_title":"VITA-LONG \u00d5LI (VL6-7) - Ilutoodete e-pood","og_description":"Asendamatu toode, mis pikendab rakkude noorust, v\u00e4lja t\u00f6\u00f6tatud Meder Beauty Science laboris. See on \u00fcks k\u00f5rgtehnoloogilisemaid vananemisvastaseid tooteid, mis sisaldab 18 toimeainet, 10 orgaanilist \u00f5li ja 5 aktiivset antioks\u00fcdanti.","og_url":"https:\/\/old.kosmetoloog.ee\/toode\/oil-vita-long-vl6-7-vita-long-oilvl6-7\/","og_site_name":"Ilutoodete e-pood","article_modified_time":"2023-10-06T09:47:26+00:00","og_image":[{"width":553,"height":525,"url":"https:\/\/old.kosmetoloog.ee\/wp-content\/uploads\/2023\/10\/Vita-Long.jpg","type":"image\/jpeg"}],"twitter_card":"summary_large_image","twitter_misc":{"Est. reading time":"1 minut"},"schema":{"@context":"https:\/\/schema.org","@graph":[{"@type":"WebPage","@id":"https:\/\/old.kosmetoloog.ee\/toode\/oil-vita-long-vl6-7-vita-long-oilvl6-7\/","url":"https:\/\/old.kosmetoloog.ee\/toode\/oil-vita-long-vl6-7-vita-long-oilvl6-7\/","name":"VITA-LONG \u00d5LI (VL6-7) - Ilutoodete e-pood","isPartOf":{"@id":"https:\/\/old.kosmetoloog.ee\/#website"},"primaryImageOfPage":{"@id":"https:\/\/old.kosmetoloog.ee\/toode\/oil-vita-long-vl6-7-vita-long-oilvl6-7\/#primaryimage"},"image":{"@id":"https:\/\/old.kosmetoloog.ee\/toode\/oil-vita-long-vl6-7-vita-long-oilvl6-7\/#primaryimage"},"thumbnailUrl":"https:\/\/old.kosmetoloog.ee\/wp-content\/uploads\/2023\/10\/Vita-Long.jpg","datePublished":"2023-10-04T06:35:38+00:00","dateModified":"2023-10-06T09:47:26+00:00","breadcrumb":{"@id":"https:\/\/old.kosmetoloog.ee\/toode\/oil-vita-long-vl6-7-vita-long-oilvl6-7\/#breadcrumb"},"inLanguage":"et","potentialAction":[{"@type":"ReadAction","target":["https:\/\/old.kosmetoloog.ee\/toode\/oil-vita-long-vl6-7-vita-long-oilvl6-7\/"]}]},{"@type":"ImageObject","inLanguage":"et","@id":"https:\/\/old.kosmetoloog.ee\/toode\/oil-vita-long-vl6-7-vita-long-oilvl6-7\/#primaryimage","url":"https:\/\/old.kosmetoloog.ee\/wp-content\/uploads\/2023\/10\/Vita-Long.jpg","contentUrl":"https:\/\/old.kosmetoloog.ee\/wp-content\/uploads\/2023\/10\/Vita-Long.jpg","width":553,"height":525},{"@type":"BreadcrumbList","@id":"https:\/\/old.kosmetoloog.ee\/toode\/oil-vita-long-vl6-7-vita-long-oilvl6-7\/#breadcrumb","itemListElement":[{"@type":"ListItem","position":1,"name":"Home","item":"https:\/\/old.kosmetoloog.ee\/et\/"},{"@type":"ListItem","position":2,"name":"Pood","item":"https:\/\/old.kosmetoloog.ee\/et\/pood\/"},{"@type":"ListItem","position":3,"name":"VITA-LONG \u00d5LI (VL6-7)"}]},{"@type":"WebSite","@id":"https:\/\/old.kosmetoloog.ee\/#website","url":"https:\/\/old.kosmetoloog.ee\/","name":"Ilutoodete e-pood","description":"Kosmeetika pood","publisher":{"@id":"https:\/\/old.kosmetoloog.ee\/#organization"},"potentialAction":[{"@type":"SearchAction","target":{"@type":"EntryPoint","urlTemplate":"https:\/\/old.kosmetoloog.ee\/?s={search_term_string}"},"query-input":{"@type":"PropertyValueSpecification","valueRequired":true,"valueName":"search_term_string"}}],"inLanguage":"et"},{"@type":"Organization","@id":"https:\/\/old.kosmetoloog.ee\/#organization","name":"You are You O\u00dc","url":"https:\/\/old.kosmetoloog.ee\/","logo":{"@type":"ImageObject","inLanguage":"et","@id":"https:\/\/old.kosmetoloog.ee\/#\/schema\/logo\/image\/","url":"https:\/\/old.kosmetoloog.ee\/wp-content\/uploads\/2023\/08\/logo-1.png","contentUrl":"https:\/\/old.kosmetoloog.ee\/wp-content\/uploads\/2023\/08\/logo-1.png","width":1200,"height":964,"caption":"You are You O\u00dc"},"image":{"@id":"https:\/\/old.kosmetoloog.ee\/#\/schema\/logo\/image\/"}}]}},"brands":[{"id":21,"name":"MEDER BEAUTY SCIENCE","slug":"meder-beauty-science"}],"_links":{"self":[{"href":"https:\/\/old.kosmetoloog.ee\/et\/wp-json\/wp\/v2\/product\/1474","targetHints":{"allow":["GET"]}}],"collection":[{"href":"https:\/\/old.kosmetoloog.ee\/et\/wp-json\/wp\/v2\/product"}],"about":[{"href":"https:\/\/old.kosmetoloog.ee\/et\/wp-json\/wp\/v2\/types\/product"}],"replies":[{"embeddable":true,"href":"https:\/\/old.kosmetoloog.ee\/et\/wp-json\/wp\/v2\/comments?post=1474"}],"wp:featuredmedia":[{"embeddable":true,"href":"https:\/\/old.kosmetoloog.ee\/et\/wp-json\/wp\/v2\/media\/1476"}],"wp:attachment":[{"href":"https:\/\/old.kosmetoloog.ee\/et\/wp-json\/wp\/v2\/media?parent=1474"}],"wp:term":[{"taxonomy":"pwb-brand","embeddable":true,"href":"https:\/\/old.kosmetoloog.ee\/et\/wp-json\/wp\/v2\/pwb-brand?post=1474"},{"taxonomy":"product_brand","embeddable":true,"href":"https:\/\/old.kosmetoloog.ee\/et\/wp-json\/wp\/v2\/product_brand?post=1474"},{"taxonomy":"product_cat","embeddable":true,"href":"https:\/\/old.kosmetoloog.ee\/et\/wp-json\/wp\/v2\/product_cat?post=1474"},{"taxonomy":"product_tag","embeddable":true,"href":"https:\/\/old.kosmetoloog.ee\/et\/wp-json\/wp\/v2\/product_tag?post=1474"}],"curies":[{"name":"wp","href":"https:\/\/api.w.org\/{rel}","templated":true}]}}