{"id":1546,"date":"2023-10-06T12:20:17","date_gmt":"2023-10-06T09:20:17","guid":{"rendered":"https:\/\/kosmetoloog.ee\/product\/meigieemaldaja-lotion-lotion-demaquillante-yeux\/"},"modified":"2023-10-17T11:06:34","modified_gmt":"2023-10-17T08:06:34","slug":"lotion-jaoks-emaldamiseks-meigi-lotion-demaquillante-yeux","status":"publish","type":"product","link":"https:\/\/old.kosmetoloog.ee\/et\/toode\/lotion-jaoks-emaldamiseks-meigi-lotion-demaquillante-yeux\/","title":{"rendered":"MEIGIEEMALDAJA LOTION\/ LOTION D\u00c9MAQUILLANTE YEUX"},"content":{"rendered":"<p>M\u00fcrdi eeterlik \u00f5li tugevdab ripsmeid ja kulmusid.<\/p>\n<p>Kampor-loorberi eeterlik \u00f5li omandab v\u00e4rskendava ja toniseeriva toimet. Saialille ekstraktil on rahustavad ja p\u00f5letikuvastased omadused.<\/p>\n<p>Ideaalne tundliku naha hooldamiseks.<\/p>\n<p>Soovitatav neile, kes kannavad l\u00e4\u00e4tsi.<\/p>\n<p>Tootel on 100% looduslik koostis ja BIO kvaliteedim\u00e4rk. Ei sisalda laur\u00fc\u00fclsulfaati, silikooni, parabeene, mineraal\u00f5lisid, pol\u00fcet\u00fcleengl\u00fckooli, fenoks\u00fcetanooli, s\u00fcnteetilisi l\u00f5hna- ja v\u00e4rvaineid, geneetiliselt muudetud komponente.<\/p>\n","protected":false},"excerpt":{"rendered":"<p>Sertifitseeritud orgaaniline lotion, mis on spetsiaalselt loodud kerge meigi eemaldamiseks. \u00d5rnalt emaldab meigi, p\u00f5hjustamata \u00e4rritust v\u00f5i punetust, rahustab silmalaugude \u00f5rna nahka.<\/p>\n","protected":false},"featured_media":1545,"comment_status":"open","ping_status":"closed","template":"","meta":{"_acf_changed":false},"pwb-brand":[43],"product_brand":[],"product_cat":[79,55,62],"product_tag":[113],"class_list":{"0":"post-1546","1":"product","2":"type-product","3":"status-publish","4":"has-post-thumbnail","6":"pwb-brand-phyt","7":"product_cat-meigi-jaoks","8":"product_cat-puhastav-kosmeetika","9":"product_cat-silmaumbruse-hooldus","10":"product_tag-tundlik-nahk","12":"first","13":"outofstock","14":"taxable","15":"shipping-taxable","16":"purchasable","17":"product-type-simple"},"acf":[],"yoast_head":"<!-- This site is optimized with the Yoast SEO plugin v25.7 - https:\/\/yoast.com\/wordpress\/plugins\/seo\/ -->\n<title>MEIGIEEMALDAJA LOTION\/ LOTION D\u00c9MAQUILLANTE YEUX - Ilutoodete e-pood<\/title>\n<meta name=\"robots\" content=\"noindex, follow, max-snippet:-1, max-image-preview:large, max-video-preview:-1\" \/>\n<meta property=\"og:locale\" content=\"et_EE\" \/>\n<meta property=\"og:type\" content=\"article\" \/>\n<meta property=\"og:title\" content=\"MEIGIEEMALDAJA LOTION\/ LOTION D\u00c9MAQUILLANTE YEUX - Ilutoodete e-pood\" \/>\n<meta property=\"og:description\" content=\"Sertifitseeritud orgaaniline lotion, mis on spetsiaalselt loodud kerge meigi eemaldamiseks. \u00d5rnalt emaldab meigi, p\u00f5hjustamata \u00e4rritust v\u00f5i punetust, rahustab silmalaugude \u00f5rna nahka.\" \/>\n<meta property=\"og:url\" content=\"https:\/\/old.kosmetoloog.ee\/toode\/lotion-demaquillante-yeux-lotion-demaquillante-yeux\/\" \/>\n<meta property=\"og:site_name\" content=\"Ilutoodete e-pood\" \/>\n<meta property=\"article:modified_time\" content=\"2023-10-17T08:06:34+00:00\" \/>\n<meta property=\"og:image\" content=\"https:\/\/old.kosmetoloog.ee\/wp-content\/uploads\/2023\/10\/LOTION-DEMAQUILLANTE-YEUX-002-1.jpg\" \/>\n\t<meta property=\"og:image:width\" content=\"900\" \/>\n\t<meta property=\"og:image:height\" content=\"900\" \/>\n\t<meta property=\"og:image:type\" content=\"image\/jpeg\" \/>\n<meta name=\"twitter:card\" content=\"summary_large_image\" \/>\n<script type=\"application\/ld+json\" class=\"yoast-schema-graph\">{\"@context\":\"https:\/\/schema.org\",\"@graph\":[{\"@type\":\"WebPage\",\"@id\":\"https:\/\/old.kosmetoloog.ee\/toode\/lotion-demaquillante-yeux-lotion-demaquillante-yeux\/\",\"url\":\"https:\/\/old.kosmetoloog.ee\/toode\/lotion-demaquillante-yeux-lotion-demaquillante-yeux\/\",\"name\":\"MEIGIEEMALDAJA LOTION\/ LOTION D\u00c9MAQUILLANTE YEUX - Ilutoodete e-pood\",\"isPartOf\":{\"@id\":\"https:\/\/old.kosmetoloog.ee\/#website\"},\"primaryImageOfPage\":{\"@id\":\"https:\/\/old.kosmetoloog.ee\/toode\/lotion-demaquillante-yeux-lotion-demaquillante-yeux\/#primaryimage\"},\"image\":{\"@id\":\"https:\/\/old.kosmetoloog.ee\/toode\/lotion-demaquillante-yeux-lotion-demaquillante-yeux\/#primaryimage\"},\"thumbnailUrl\":\"https:\/\/old.kosmetoloog.ee\/wp-content\/uploads\/2023\/10\/LOTION-DEMAQUILLANTE-YEUX-002-1.jpg\",\"datePublished\":\"2023-10-06T09:20:17+00:00\",\"dateModified\":\"2023-10-17T08:06:34+00:00\",\"breadcrumb\":{\"@id\":\"https:\/\/old.kosmetoloog.ee\/toode\/lotion-demaquillante-yeux-lotion-demaquillante-yeux\/#breadcrumb\"},\"inLanguage\":\"et\",\"potentialAction\":[{\"@type\":\"ReadAction\",\"target\":[\"https:\/\/old.kosmetoloog.ee\/toode\/lotion-demaquillante-yeux-lotion-demaquillante-yeux\/\"]}]},{\"@type\":\"ImageObject\",\"inLanguage\":\"et\",\"@id\":\"https:\/\/old.kosmetoloog.ee\/toode\/lotion-demaquillante-yeux-lotion-demaquillante-yeux\/#primaryimage\",\"url\":\"https:\/\/old.kosmetoloog.ee\/wp-content\/uploads\/2023\/10\/LOTION-DEMAQUILLANTE-YEUX-002-1.jpg\",\"contentUrl\":\"https:\/\/old.kosmetoloog.ee\/wp-content\/uploads\/2023\/10\/LOTION-DEMAQUILLANTE-YEUX-002-1.jpg\",\"width\":900,\"height\":900},{\"@type\":\"BreadcrumbList\",\"@id\":\"https:\/\/old.kosmetoloog.ee\/toode\/lotion-demaquillante-yeux-lotion-demaquillante-yeux\/#breadcrumb\",\"itemListElement\":[{\"@type\":\"ListItem\",\"position\":1,\"name\":\"Home\",\"item\":\"https:\/\/old.kosmetoloog.ee\/et\/\"},{\"@type\":\"ListItem\",\"position\":2,\"name\":\"Pood\",\"item\":\"https:\/\/old.kosmetoloog.ee\/et\/pood\/\"},{\"@type\":\"ListItem\",\"position\":3,\"name\":\"MEIGIEEMALDAJA LOTION\/ LOTION D\u00c9MAQUILLANTE YEUX\"}]},{\"@type\":\"WebSite\",\"@id\":\"https:\/\/old.kosmetoloog.ee\/#website\",\"url\":\"https:\/\/old.kosmetoloog.ee\/\",\"name\":\"Ilutoodete e-pood\",\"description\":\"Kosmeetika pood\",\"publisher\":{\"@id\":\"https:\/\/old.kosmetoloog.ee\/#organization\"},\"potentialAction\":[{\"@type\":\"SearchAction\",\"target\":{\"@type\":\"EntryPoint\",\"urlTemplate\":\"https:\/\/old.kosmetoloog.ee\/?s={search_term_string}\"},\"query-input\":{\"@type\":\"PropertyValueSpecification\",\"valueRequired\":true,\"valueName\":\"search_term_string\"}}],\"inLanguage\":\"et\"},{\"@type\":\"Organization\",\"@id\":\"https:\/\/old.kosmetoloog.ee\/#organization\",\"name\":\"You are You O\u00dc\",\"url\":\"https:\/\/old.kosmetoloog.ee\/\",\"logo\":{\"@type\":\"ImageObject\",\"inLanguage\":\"et\",\"@id\":\"https:\/\/old.kosmetoloog.ee\/#\/schema\/logo\/image\/\",\"url\":\"https:\/\/old.kosmetoloog.ee\/wp-content\/uploads\/2023\/08\/logo-1.png\",\"contentUrl\":\"https:\/\/old.kosmetoloog.ee\/wp-content\/uploads\/2023\/08\/logo-1.png\",\"width\":1200,\"height\":964,\"caption\":\"You are You O\u00dc\"},\"image\":{\"@id\":\"https:\/\/old.kosmetoloog.ee\/#\/schema\/logo\/image\/\"}}]}<\/script>\n<!-- \/ Yoast SEO plugin. -->","yoast_head_json":{"title":"MEIGIEEMALDAJA LOTION\/ LOTION D\u00c9MAQUILLANTE YEUX - Ilutoodete e-pood","robots":{"index":"noindex","follow":"follow","max-snippet":"max-snippet:-1","max-image-preview":"max-image-preview:large","max-video-preview":"max-video-preview:-1"},"og_locale":"et_EE","og_type":"article","og_title":"MEIGIEEMALDAJA LOTION\/ LOTION D\u00c9MAQUILLANTE YEUX - Ilutoodete e-pood","og_description":"Sertifitseeritud orgaaniline lotion, mis on spetsiaalselt loodud kerge meigi eemaldamiseks. \u00d5rnalt emaldab meigi, p\u00f5hjustamata \u00e4rritust v\u00f5i punetust, rahustab silmalaugude \u00f5rna nahka.","og_url":"https:\/\/old.kosmetoloog.ee\/toode\/lotion-demaquillante-yeux-lotion-demaquillante-yeux\/","og_site_name":"Ilutoodete e-pood","article_modified_time":"2023-10-17T08:06:34+00:00","og_image":[{"width":900,"height":900,"url":"https:\/\/old.kosmetoloog.ee\/wp-content\/uploads\/2023\/10\/LOTION-DEMAQUILLANTE-YEUX-002-1.jpg","type":"image\/jpeg"}],"twitter_card":"summary_large_image","schema":{"@context":"https:\/\/schema.org","@graph":[{"@type":"WebPage","@id":"https:\/\/old.kosmetoloog.ee\/toode\/lotion-demaquillante-yeux-lotion-demaquillante-yeux\/","url":"https:\/\/old.kosmetoloog.ee\/toode\/lotion-demaquillante-yeux-lotion-demaquillante-yeux\/","name":"MEIGIEEMALDAJA LOTION\/ LOTION D\u00c9MAQUILLANTE YEUX - Ilutoodete e-pood","isPartOf":{"@id":"https:\/\/old.kosmetoloog.ee\/#website"},"primaryImageOfPage":{"@id":"https:\/\/old.kosmetoloog.ee\/toode\/lotion-demaquillante-yeux-lotion-demaquillante-yeux\/#primaryimage"},"image":{"@id":"https:\/\/old.kosmetoloog.ee\/toode\/lotion-demaquillante-yeux-lotion-demaquillante-yeux\/#primaryimage"},"thumbnailUrl":"https:\/\/old.kosmetoloog.ee\/wp-content\/uploads\/2023\/10\/LOTION-DEMAQUILLANTE-YEUX-002-1.jpg","datePublished":"2023-10-06T09:20:17+00:00","dateModified":"2023-10-17T08:06:34+00:00","breadcrumb":{"@id":"https:\/\/old.kosmetoloog.ee\/toode\/lotion-demaquillante-yeux-lotion-demaquillante-yeux\/#breadcrumb"},"inLanguage":"et","potentialAction":[{"@type":"ReadAction","target":["https:\/\/old.kosmetoloog.ee\/toode\/lotion-demaquillante-yeux-lotion-demaquillante-yeux\/"]}]},{"@type":"ImageObject","inLanguage":"et","@id":"https:\/\/old.kosmetoloog.ee\/toode\/lotion-demaquillante-yeux-lotion-demaquillante-yeux\/#primaryimage","url":"https:\/\/old.kosmetoloog.ee\/wp-content\/uploads\/2023\/10\/LOTION-DEMAQUILLANTE-YEUX-002-1.jpg","contentUrl":"https:\/\/old.kosmetoloog.ee\/wp-content\/uploads\/2023\/10\/LOTION-DEMAQUILLANTE-YEUX-002-1.jpg","width":900,"height":900},{"@type":"BreadcrumbList","@id":"https:\/\/old.kosmetoloog.ee\/toode\/lotion-demaquillante-yeux-lotion-demaquillante-yeux\/#breadcrumb","itemListElement":[{"@type":"ListItem","position":1,"name":"Home","item":"https:\/\/old.kosmetoloog.ee\/et\/"},{"@type":"ListItem","position":2,"name":"Pood","item":"https:\/\/old.kosmetoloog.ee\/et\/pood\/"},{"@type":"ListItem","position":3,"name":"MEIGIEEMALDAJA LOTION\/ LOTION D\u00c9MAQUILLANTE YEUX"}]},{"@type":"WebSite","@id":"https:\/\/old.kosmetoloog.ee\/#website","url":"https:\/\/old.kosmetoloog.ee\/","name":"Ilutoodete e-pood","description":"Kosmeetika pood","publisher":{"@id":"https:\/\/old.kosmetoloog.ee\/#organization"},"potentialAction":[{"@type":"SearchAction","target":{"@type":"EntryPoint","urlTemplate":"https:\/\/old.kosmetoloog.ee\/?s={search_term_string}"},"query-input":{"@type":"PropertyValueSpecification","valueRequired":true,"valueName":"search_term_string"}}],"inLanguage":"et"},{"@type":"Organization","@id":"https:\/\/old.kosmetoloog.ee\/#organization","name":"You are You O\u00dc","url":"https:\/\/old.kosmetoloog.ee\/","logo":{"@type":"ImageObject","inLanguage":"et","@id":"https:\/\/old.kosmetoloog.ee\/#\/schema\/logo\/image\/","url":"https:\/\/old.kosmetoloog.ee\/wp-content\/uploads\/2023\/08\/logo-1.png","contentUrl":"https:\/\/old.kosmetoloog.ee\/wp-content\/uploads\/2023\/08\/logo-1.png","width":1200,"height":964,"caption":"You are You O\u00dc"},"image":{"@id":"https:\/\/old.kosmetoloog.ee\/#\/schema\/logo\/image\/"}}]}},"brands":[{"id":43,"name":"PHYT'S","slug":"phyt"}],"_links":{"self":[{"href":"https:\/\/old.kosmetoloog.ee\/et\/wp-json\/wp\/v2\/product\/1546","targetHints":{"allow":["GET"]}}],"collection":[{"href":"https:\/\/old.kosmetoloog.ee\/et\/wp-json\/wp\/v2\/product"}],"about":[{"href":"https:\/\/old.kosmetoloog.ee\/et\/wp-json\/wp\/v2\/types\/product"}],"replies":[{"embeddable":true,"href":"https:\/\/old.kosmetoloog.ee\/et\/wp-json\/wp\/v2\/comments?post=1546"}],"wp:featuredmedia":[{"embeddable":true,"href":"https:\/\/old.kosmetoloog.ee\/et\/wp-json\/wp\/v2\/media\/1545"}],"wp:attachment":[{"href":"https:\/\/old.kosmetoloog.ee\/et\/wp-json\/wp\/v2\/media?parent=1546"}],"wp:term":[{"taxonomy":"pwb-brand","embeddable":true,"href":"https:\/\/old.kosmetoloog.ee\/et\/wp-json\/wp\/v2\/pwb-brand?post=1546"},{"taxonomy":"product_brand","embeddable":true,"href":"https:\/\/old.kosmetoloog.ee\/et\/wp-json\/wp\/v2\/product_brand?post=1546"},{"taxonomy":"product_cat","embeddable":true,"href":"https:\/\/old.kosmetoloog.ee\/et\/wp-json\/wp\/v2\/product_cat?post=1546"},{"taxonomy":"product_tag","embeddable":true,"href":"https:\/\/old.kosmetoloog.ee\/et\/wp-json\/wp\/v2\/product_tag?post=1546"}],"curies":[{"name":"wp","href":"https:\/\/api.w.org\/{rel}","templated":true}]}}