{"id":1553,"date":"2023-10-06T17:05:26","date_gmt":"2023-10-06T14:05:26","guid":{"rendered":"https:\/\/kosmetoloog.ee\/product\/lotion-piimavesi-sensi-eau-lactee-apaisante\/"},"modified":"2023-10-17T11:06:09","modified_gmt":"2023-10-17T08:06:09","slug":"lotion-piimjas-vesi-sensi-eau-lactee-apaisante","status":"publish","type":"product","link":"https:\/\/old.kosmetoloog.ee\/et\/toode\/lotion-piimjas-vesi-sensi-eau-lactee-apaisante\/","title":{"rendered":"LOTION &#8220;PIIMAVESI SENSI&#8221; \/ EAU LACT\u00c9E APAISANTE"},"content":{"rendered":"<p>Phyti rahustav piimjas vesi eemaldab meigi ja ebapuhtused, samal ajal puhastades nahka. Sellel sertifitseeritud orgaanilisel meigieemaldajal on ainulaadne piima ja vee tekstuur, mis rahustab, eemaldab paiste ja annab kohese v\u00e4rskustunde, ilma tundlikku nahka kuivatamist. \u00d5rnalt puhastatud nahk on pehme ja siidine, ilma rasvase kileta. Ei sisalda l\u00f5hnaaineid. Vegan valem.<\/p>\n","protected":false},"excerpt":{"rendered":"<p>Kerge tekstuuriga toode &#8220;3 in 1&#8221; eemaldab meigi ja mustusi, puhastab \u00f5rnalt ja t\u00f5husalt n\u00e4o- ja silmalaugude tundlikku nahka, toniseerib, rahustab ning j\u00e4tab naha siidiseks.<\/p>\n","protected":false},"featured_media":1552,"comment_status":"open","ping_status":"closed","template":"","meta":{"_acf_changed":false},"pwb-brand":[43],"product_brand":[],"product_cat":[79,55,62],"product_tag":[113],"class_list":{"0":"post-1553","1":"product","2":"type-product","3":"status-publish","4":"has-post-thumbnail","6":"pwb-brand-phyt","7":"product_cat-meigi-jaoks","8":"product_cat-puhastav-kosmeetika","9":"product_cat-silmaumbruse-hooldus","10":"product_tag-tundlik-nahk","12":"first","13":"instock","14":"taxable","15":"shipping-taxable","16":"purchasable","17":"product-type-simple"},"acf":[],"yoast_head":"<!-- This site is optimized with the Yoast SEO plugin v25.7 - https:\/\/yoast.com\/wordpress\/plugins\/seo\/ -->\n<title>LOTION &quot;PIIMAVESI SENSI&quot; \/ EAU LACT\u00c9E APAISANTE - Ilutoodete e-pood<\/title>\n<meta name=\"robots\" content=\"noindex, follow, max-snippet:-1, max-image-preview:large, max-video-preview:-1\" \/>\n<meta property=\"og:locale\" content=\"et_EE\" \/>\n<meta property=\"og:type\" content=\"article\" \/>\n<meta property=\"og:title\" content=\"LOTION &quot;PIIMAVESI SENSI&quot; \/ EAU LACT\u00c9E APAISANTE - Ilutoodete e-pood\" \/>\n<meta property=\"og:description\" content=\"Kerge tekstuuriga toode &quot;3 in 1&quot; eemaldab meigi ja mustusi, puhastab \u00f5rnalt ja t\u00f5husalt n\u00e4o- ja silmalaugude tundlikku nahka, toniseerib, rahustab ning j\u00e4tab naha siidiseks.\" \/>\n<meta property=\"og:url\" content=\"https:\/\/old.kosmetoloog.ee\/toode\/lotion-milk-water-sensi-eau-lactee-apaisante\/\" \/>\n<meta property=\"og:site_name\" content=\"Ilutoodete e-pood\" \/>\n<meta property=\"article:modified_time\" content=\"2023-10-17T08:06:09+00:00\" \/>\n<meta property=\"og:image\" content=\"https:\/\/old.kosmetoloog.ee\/wp-content\/uploads\/2023\/10\/EAU-LACTEE.jpg\" \/>\n\t<meta property=\"og:image:width\" content=\"900\" \/>\n\t<meta property=\"og:image:height\" content=\"900\" \/>\n\t<meta property=\"og:image:type\" content=\"image\/jpeg\" \/>\n<meta name=\"twitter:card\" content=\"summary_large_image\" \/>\n<script type=\"application\/ld+json\" class=\"yoast-schema-graph\">{\"@context\":\"https:\/\/schema.org\",\"@graph\":[{\"@type\":\"WebPage\",\"@id\":\"https:\/\/old.kosmetoloog.ee\/toode\/lotion-milk-water-sensi-eau-lactee-apaisante\/\",\"url\":\"https:\/\/old.kosmetoloog.ee\/toode\/lotion-milk-water-sensi-eau-lactee-apaisante\/\",\"name\":\"LOTION \\\"PIIMAVESI SENSI\\\" \/ EAU LACT\u00c9E APAISANTE - Ilutoodete e-pood\",\"isPartOf\":{\"@id\":\"https:\/\/old.kosmetoloog.ee\/#website\"},\"primaryImageOfPage\":{\"@id\":\"https:\/\/old.kosmetoloog.ee\/toode\/lotion-milk-water-sensi-eau-lactee-apaisante\/#primaryimage\"},\"image\":{\"@id\":\"https:\/\/old.kosmetoloog.ee\/toode\/lotion-milk-water-sensi-eau-lactee-apaisante\/#primaryimage\"},\"thumbnailUrl\":\"https:\/\/old.kosmetoloog.ee\/wp-content\/uploads\/2023\/10\/EAU-LACTEE.jpg\",\"datePublished\":\"2023-10-06T14:05:26+00:00\",\"dateModified\":\"2023-10-17T08:06:09+00:00\",\"breadcrumb\":{\"@id\":\"https:\/\/old.kosmetoloog.ee\/toode\/lotion-milk-water-sensi-eau-lactee-apaisante\/#breadcrumb\"},\"inLanguage\":\"et\",\"potentialAction\":[{\"@type\":\"ReadAction\",\"target\":[\"https:\/\/old.kosmetoloog.ee\/toode\/lotion-milk-water-sensi-eau-lactee-apaisante\/\"]}]},{\"@type\":\"ImageObject\",\"inLanguage\":\"et\",\"@id\":\"https:\/\/old.kosmetoloog.ee\/toode\/lotion-milk-water-sensi-eau-lactee-apaisante\/#primaryimage\",\"url\":\"https:\/\/old.kosmetoloog.ee\/wp-content\/uploads\/2023\/10\/EAU-LACTEE.jpg\",\"contentUrl\":\"https:\/\/old.kosmetoloog.ee\/wp-content\/uploads\/2023\/10\/EAU-LACTEE.jpg\",\"width\":900,\"height\":900},{\"@type\":\"BreadcrumbList\",\"@id\":\"https:\/\/old.kosmetoloog.ee\/toode\/lotion-milk-water-sensi-eau-lactee-apaisante\/#breadcrumb\",\"itemListElement\":[{\"@type\":\"ListItem\",\"position\":1,\"name\":\"Home\",\"item\":\"https:\/\/old.kosmetoloog.ee\/et\/\"},{\"@type\":\"ListItem\",\"position\":2,\"name\":\"Pood\",\"item\":\"https:\/\/old.kosmetoloog.ee\/et\/pood\/\"},{\"@type\":\"ListItem\",\"position\":3,\"name\":\"LOTION &#171;PIIMAVESI SENSI&#187; \/ EAU LACT\u00c9E APAISANTE\"}]},{\"@type\":\"WebSite\",\"@id\":\"https:\/\/old.kosmetoloog.ee\/#website\",\"url\":\"https:\/\/old.kosmetoloog.ee\/\",\"name\":\"Ilutoodete e-pood\",\"description\":\"Kosmeetika pood\",\"publisher\":{\"@id\":\"https:\/\/old.kosmetoloog.ee\/#organization\"},\"potentialAction\":[{\"@type\":\"SearchAction\",\"target\":{\"@type\":\"EntryPoint\",\"urlTemplate\":\"https:\/\/old.kosmetoloog.ee\/?s={search_term_string}\"},\"query-input\":{\"@type\":\"PropertyValueSpecification\",\"valueRequired\":true,\"valueName\":\"search_term_string\"}}],\"inLanguage\":\"et\"},{\"@type\":\"Organization\",\"@id\":\"https:\/\/old.kosmetoloog.ee\/#organization\",\"name\":\"You are You O\u00dc\",\"url\":\"https:\/\/old.kosmetoloog.ee\/\",\"logo\":{\"@type\":\"ImageObject\",\"inLanguage\":\"et\",\"@id\":\"https:\/\/old.kosmetoloog.ee\/#\/schema\/logo\/image\/\",\"url\":\"https:\/\/old.kosmetoloog.ee\/wp-content\/uploads\/2023\/08\/logo-1.png\",\"contentUrl\":\"https:\/\/old.kosmetoloog.ee\/wp-content\/uploads\/2023\/08\/logo-1.png\",\"width\":1200,\"height\":964,\"caption\":\"You are You O\u00dc\"},\"image\":{\"@id\":\"https:\/\/old.kosmetoloog.ee\/#\/schema\/logo\/image\/\"}}]}<\/script>\n<!-- \/ Yoast SEO plugin. -->","yoast_head_json":{"title":"LOTION \"PIIMAVESI SENSI\" \/ EAU LACT\u00c9E APAISANTE - Ilutoodete e-pood","robots":{"index":"noindex","follow":"follow","max-snippet":"max-snippet:-1","max-image-preview":"max-image-preview:large","max-video-preview":"max-video-preview:-1"},"og_locale":"et_EE","og_type":"article","og_title":"LOTION \"PIIMAVESI SENSI\" \/ EAU LACT\u00c9E APAISANTE - Ilutoodete e-pood","og_description":"Kerge tekstuuriga toode \"3 in 1\" eemaldab meigi ja mustusi, puhastab \u00f5rnalt ja t\u00f5husalt n\u00e4o- ja silmalaugude tundlikku nahka, toniseerib, rahustab ning j\u00e4tab naha siidiseks.","og_url":"https:\/\/old.kosmetoloog.ee\/toode\/lotion-milk-water-sensi-eau-lactee-apaisante\/","og_site_name":"Ilutoodete e-pood","article_modified_time":"2023-10-17T08:06:09+00:00","og_image":[{"width":900,"height":900,"url":"https:\/\/old.kosmetoloog.ee\/wp-content\/uploads\/2023\/10\/EAU-LACTEE.jpg","type":"image\/jpeg"}],"twitter_card":"summary_large_image","schema":{"@context":"https:\/\/schema.org","@graph":[{"@type":"WebPage","@id":"https:\/\/old.kosmetoloog.ee\/toode\/lotion-milk-water-sensi-eau-lactee-apaisante\/","url":"https:\/\/old.kosmetoloog.ee\/toode\/lotion-milk-water-sensi-eau-lactee-apaisante\/","name":"LOTION \"PIIMAVESI SENSI\" \/ EAU LACT\u00c9E APAISANTE - Ilutoodete e-pood","isPartOf":{"@id":"https:\/\/old.kosmetoloog.ee\/#website"},"primaryImageOfPage":{"@id":"https:\/\/old.kosmetoloog.ee\/toode\/lotion-milk-water-sensi-eau-lactee-apaisante\/#primaryimage"},"image":{"@id":"https:\/\/old.kosmetoloog.ee\/toode\/lotion-milk-water-sensi-eau-lactee-apaisante\/#primaryimage"},"thumbnailUrl":"https:\/\/old.kosmetoloog.ee\/wp-content\/uploads\/2023\/10\/EAU-LACTEE.jpg","datePublished":"2023-10-06T14:05:26+00:00","dateModified":"2023-10-17T08:06:09+00:00","breadcrumb":{"@id":"https:\/\/old.kosmetoloog.ee\/toode\/lotion-milk-water-sensi-eau-lactee-apaisante\/#breadcrumb"},"inLanguage":"et","potentialAction":[{"@type":"ReadAction","target":["https:\/\/old.kosmetoloog.ee\/toode\/lotion-milk-water-sensi-eau-lactee-apaisante\/"]}]},{"@type":"ImageObject","inLanguage":"et","@id":"https:\/\/old.kosmetoloog.ee\/toode\/lotion-milk-water-sensi-eau-lactee-apaisante\/#primaryimage","url":"https:\/\/old.kosmetoloog.ee\/wp-content\/uploads\/2023\/10\/EAU-LACTEE.jpg","contentUrl":"https:\/\/old.kosmetoloog.ee\/wp-content\/uploads\/2023\/10\/EAU-LACTEE.jpg","width":900,"height":900},{"@type":"BreadcrumbList","@id":"https:\/\/old.kosmetoloog.ee\/toode\/lotion-milk-water-sensi-eau-lactee-apaisante\/#breadcrumb","itemListElement":[{"@type":"ListItem","position":1,"name":"Home","item":"https:\/\/old.kosmetoloog.ee\/et\/"},{"@type":"ListItem","position":2,"name":"Pood","item":"https:\/\/old.kosmetoloog.ee\/et\/pood\/"},{"@type":"ListItem","position":3,"name":"LOTION &#171;PIIMAVESI SENSI&#187; \/ EAU LACT\u00c9E APAISANTE"}]},{"@type":"WebSite","@id":"https:\/\/old.kosmetoloog.ee\/#website","url":"https:\/\/old.kosmetoloog.ee\/","name":"Ilutoodete e-pood","description":"Kosmeetika pood","publisher":{"@id":"https:\/\/old.kosmetoloog.ee\/#organization"},"potentialAction":[{"@type":"SearchAction","target":{"@type":"EntryPoint","urlTemplate":"https:\/\/old.kosmetoloog.ee\/?s={search_term_string}"},"query-input":{"@type":"PropertyValueSpecification","valueRequired":true,"valueName":"search_term_string"}}],"inLanguage":"et"},{"@type":"Organization","@id":"https:\/\/old.kosmetoloog.ee\/#organization","name":"You are You O\u00dc","url":"https:\/\/old.kosmetoloog.ee\/","logo":{"@type":"ImageObject","inLanguage":"et","@id":"https:\/\/old.kosmetoloog.ee\/#\/schema\/logo\/image\/","url":"https:\/\/old.kosmetoloog.ee\/wp-content\/uploads\/2023\/08\/logo-1.png","contentUrl":"https:\/\/old.kosmetoloog.ee\/wp-content\/uploads\/2023\/08\/logo-1.png","width":1200,"height":964,"caption":"You are You O\u00dc"},"image":{"@id":"https:\/\/old.kosmetoloog.ee\/#\/schema\/logo\/image\/"}}]}},"brands":[{"id":43,"name":"PHYT'S","slug":"phyt"}],"_links":{"self":[{"href":"https:\/\/old.kosmetoloog.ee\/et\/wp-json\/wp\/v2\/product\/1553","targetHints":{"allow":["GET"]}}],"collection":[{"href":"https:\/\/old.kosmetoloog.ee\/et\/wp-json\/wp\/v2\/product"}],"about":[{"href":"https:\/\/old.kosmetoloog.ee\/et\/wp-json\/wp\/v2\/types\/product"}],"replies":[{"embeddable":true,"href":"https:\/\/old.kosmetoloog.ee\/et\/wp-json\/wp\/v2\/comments?post=1553"}],"wp:featuredmedia":[{"embeddable":true,"href":"https:\/\/old.kosmetoloog.ee\/et\/wp-json\/wp\/v2\/media\/1552"}],"wp:attachment":[{"href":"https:\/\/old.kosmetoloog.ee\/et\/wp-json\/wp\/v2\/media?parent=1553"}],"wp:term":[{"taxonomy":"pwb-brand","embeddable":true,"href":"https:\/\/old.kosmetoloog.ee\/et\/wp-json\/wp\/v2\/pwb-brand?post=1553"},{"taxonomy":"product_brand","embeddable":true,"href":"https:\/\/old.kosmetoloog.ee\/et\/wp-json\/wp\/v2\/product_brand?post=1553"},{"taxonomy":"product_cat","embeddable":true,"href":"https:\/\/old.kosmetoloog.ee\/et\/wp-json\/wp\/v2\/product_cat?post=1553"},{"taxonomy":"product_tag","embeddable":true,"href":"https:\/\/old.kosmetoloog.ee\/et\/wp-json\/wp\/v2\/product_tag?post=1553"}],"curies":[{"name":"wp","href":"https:\/\/api.w.org\/{rel}","templated":true}]}}