{"id":1653,"date":"2023-10-26T11:27:28","date_gmt":"2023-10-26T08:27:28","guid":{"rendered":"https:\/\/kosmetoloog.ee\/product\/imesalv-ulimaks-nahahoolduseks-athos-supreme-skin-care\/"},"modified":"2025-07-01T12:01:32","modified_gmt":"2025-07-01T09:01:32","slug":"athos-supreme-skin-care","status":"publish","type":"product","link":"https:\/\/old.kosmetoloog.ee\/et\/toode\/athos-supreme-skin-care\/","title":{"rendered":"IMESALV \u00dcLIMAKS NAHAHOOLDUSEKS \/ ATHOS SUPREME SKIN CARE"},"content":{"rendered":"<p>Salv sisaldab k\u00f5rgeima kvaliteediga koostisosade segu: puhas mesilaspiim 50%, metsik oliivi\u00f5li 26%, safran 9%, metsmesilasvaha 8%, metsik jasmiini\u00f5li 7%.<br \/>\nLisaks tugevale niisutavale toimele, on salv ideaalne looduslik lahendus sileda, pingul ja silmn\u00e4htavalt noorenenud naha saavutamiseks. Efekt on selgelt n\u00e4htav peale esimest kasutuskorda!<\/p>\n<p>Salvil on imeline toime paljude dermatoloogiliste haiguste puhul nagu: psoriaas, ekseem, rosaatsea, akne, urtikaaria, seeninfektsioonid, dermatiit, \u00e4rritus, venitusarmid, tselluliit ja kuiv nahk. Salvi v\u00f5ib kasutada ka igap\u00e4evase toitva ja rahustava kreemina.<\/p>\n<p>Salvi valmistati esmakordselt 10. sajandil P\u00fcha Athose M\u00e4el eranditult B\u00fctsantsi keiserlike perekondade jaoks. Retsept on p\u00fcsinud muutumatuna \u00fcle 1000 aasta. Toote s\u00e4ilivusaeg on 6 kuud, kuna ei sisalda kemikaale ega s\u00e4ilitusaineid. Toodetakse piiratud koguses.<\/p>\n<p>Unikaalne ATHOS toode on registreeritud Euroopa Liidu p\u00e4devates asutustes, kus igal etiketil olev registreerimisnumber t\u00f5endab p\u00e4ritolukohta, efektiivsust ning looduslike ja puhaste koostisosade t\u00e4pseid koguseid.<\/p>\n","protected":false},"excerpt":{"rendered":"<p>See on t\u00f5eline imesalv P\u00fcha M\u00e4elt!<br \/>\n100% looduslik salv t\u00e4iuslikuks nahahoolduseks. Antud salv on peamine p\u00f5hjus, miks dermatoloogilised haigused on Athose M\u00e4el tundmatud.<\/p>\n","protected":false},"featured_media":1648,"comment_status":"open","ping_status":"closed","template":"","meta":{"_acf_changed":false},"pwb-brand":[85],"product_brand":[],"product_cat":[87,65],"product_tag":[],"class_list":{"0":"post-1653","1":"product","2":"type-product","3":"status-publish","4":"has-post-thumbnail","6":"pwb-brand-athos","7":"product_cat-salv","8":"product_cat-kehahooldus","10":"first","11":"instock","12":"taxable","13":"shipping-taxable","14":"purchasable","15":"product-type-simple"},"acf":[],"yoast_head":"<!-- This site is optimized with the Yoast SEO plugin v25.7 - https:\/\/yoast.com\/wordpress\/plugins\/seo\/ -->\n<title>IMESALV \u00dcLIMAKS NAHAHOOLDUSEKS \/ ATHOS SUPREME SKIN CARE - Ilutoodete e-pood<\/title>\n<meta name=\"robots\" content=\"noindex, follow, max-snippet:-1, max-image-preview:large, max-video-preview:-1\" \/>\n<meta property=\"og:locale\" content=\"et_EE\" \/>\n<meta property=\"og:type\" content=\"article\" \/>\n<meta property=\"og:title\" content=\"IMESALV \u00dcLIMAKS NAHAHOOLDUSEKS \/ ATHOS SUPREME SKIN CARE - Ilutoodete e-pood\" \/>\n<meta property=\"og:description\" content=\"See on t\u00f5eline imesalv P\u00fcha M\u00e4elt! 100% looduslik salv t\u00e4iuslikuks nahahoolduseks. Antud salv on peamine p\u00f5hjus, miks dermatoloogilised haigused on Athose M\u00e4el tundmatud.\" \/>\n<meta property=\"og:url\" content=\"https:\/\/old.kosmetoloog.ee\/toode\/athos-supreme-skin-care\/\" \/>\n<meta property=\"og:site_name\" content=\"Ilutoodete e-pood\" \/>\n<meta property=\"article:modified_time\" content=\"2025-07-01T09:01:32+00:00\" \/>\n<meta property=\"og:image\" content=\"https:\/\/old.kosmetoloog.ee\/wp-content\/uploads\/2023\/10\/white.webp\" \/>\n\t<meta property=\"og:image:width\" content=\"1680\" \/>\n\t<meta property=\"og:image:height\" content=\"1259\" \/>\n\t<meta property=\"og:image:type\" content=\"image\/webp\" \/>\n<meta name=\"twitter:card\" content=\"summary_large_image\" \/>\n<meta name=\"twitter:label1\" content=\"Est. reading time\" \/>\n\t<meta name=\"twitter:data1\" content=\"1 minut\" \/>\n<script type=\"application\/ld+json\" class=\"yoast-schema-graph\">{\"@context\":\"https:\/\/schema.org\",\"@graph\":[{\"@type\":\"WebPage\",\"@id\":\"https:\/\/old.kosmetoloog.ee\/toode\/athos-supreme-skin-care\/\",\"url\":\"https:\/\/old.kosmetoloog.ee\/toode\/athos-supreme-skin-care\/\",\"name\":\"IMESALV \u00dcLIMAKS NAHAHOOLDUSEKS \/ ATHOS SUPREME SKIN CARE - Ilutoodete e-pood\",\"isPartOf\":{\"@id\":\"https:\/\/old.kosmetoloog.ee\/#website\"},\"primaryImageOfPage\":{\"@id\":\"https:\/\/old.kosmetoloog.ee\/toode\/athos-supreme-skin-care\/#primaryimage\"},\"image\":{\"@id\":\"https:\/\/old.kosmetoloog.ee\/toode\/athos-supreme-skin-care\/#primaryimage\"},\"thumbnailUrl\":\"https:\/\/old.kosmetoloog.ee\/wp-content\/uploads\/2023\/10\/white.webp\",\"datePublished\":\"2023-10-26T08:27:28+00:00\",\"dateModified\":\"2025-07-01T09:01:32+00:00\",\"breadcrumb\":{\"@id\":\"https:\/\/old.kosmetoloog.ee\/toode\/athos-supreme-skin-care\/#breadcrumb\"},\"inLanguage\":\"et\",\"potentialAction\":[{\"@type\":\"ReadAction\",\"target\":[\"https:\/\/old.kosmetoloog.ee\/toode\/athos-supreme-skin-care\/\"]}]},{\"@type\":\"ImageObject\",\"inLanguage\":\"et\",\"@id\":\"https:\/\/old.kosmetoloog.ee\/toode\/athos-supreme-skin-care\/#primaryimage\",\"url\":\"https:\/\/old.kosmetoloog.ee\/wp-content\/uploads\/2023\/10\/white.webp\",\"contentUrl\":\"https:\/\/old.kosmetoloog.ee\/wp-content\/uploads\/2023\/10\/white.webp\",\"width\":1680,\"height\":1259},{\"@type\":\"BreadcrumbList\",\"@id\":\"https:\/\/old.kosmetoloog.ee\/toode\/athos-supreme-skin-care\/#breadcrumb\",\"itemListElement\":[{\"@type\":\"ListItem\",\"position\":1,\"name\":\"Home\",\"item\":\"https:\/\/old.kosmetoloog.ee\/et\/\"},{\"@type\":\"ListItem\",\"position\":2,\"name\":\"Pood\",\"item\":\"https:\/\/old.kosmetoloog.ee\/et\/pood\/\"},{\"@type\":\"ListItem\",\"position\":3,\"name\":\"IMESALV \u00dcLIMAKS NAHAHOOLDUSEKS \/ ATHOS SUPREME SKIN CARE\"}]},{\"@type\":\"WebSite\",\"@id\":\"https:\/\/old.kosmetoloog.ee\/#website\",\"url\":\"https:\/\/old.kosmetoloog.ee\/\",\"name\":\"Ilutoodete e-pood\",\"description\":\"Kosmeetika pood\",\"publisher\":{\"@id\":\"https:\/\/old.kosmetoloog.ee\/#organization\"},\"potentialAction\":[{\"@type\":\"SearchAction\",\"target\":{\"@type\":\"EntryPoint\",\"urlTemplate\":\"https:\/\/old.kosmetoloog.ee\/?s={search_term_string}\"},\"query-input\":{\"@type\":\"PropertyValueSpecification\",\"valueRequired\":true,\"valueName\":\"search_term_string\"}}],\"inLanguage\":\"et\"},{\"@type\":\"Organization\",\"@id\":\"https:\/\/old.kosmetoloog.ee\/#organization\",\"name\":\"You are You O\u00dc\",\"url\":\"https:\/\/old.kosmetoloog.ee\/\",\"logo\":{\"@type\":\"ImageObject\",\"inLanguage\":\"et\",\"@id\":\"https:\/\/old.kosmetoloog.ee\/#\/schema\/logo\/image\/\",\"url\":\"https:\/\/old.kosmetoloog.ee\/wp-content\/uploads\/2023\/08\/logo-1.png\",\"contentUrl\":\"https:\/\/old.kosmetoloog.ee\/wp-content\/uploads\/2023\/08\/logo-1.png\",\"width\":1200,\"height\":964,\"caption\":\"You are You O\u00dc\"},\"image\":{\"@id\":\"https:\/\/old.kosmetoloog.ee\/#\/schema\/logo\/image\/\"}}]}<\/script>\n<!-- \/ Yoast SEO plugin. -->","yoast_head_json":{"title":"IMESALV \u00dcLIMAKS NAHAHOOLDUSEKS \/ ATHOS SUPREME SKIN CARE - Ilutoodete e-pood","robots":{"index":"noindex","follow":"follow","max-snippet":"max-snippet:-1","max-image-preview":"max-image-preview:large","max-video-preview":"max-video-preview:-1"},"og_locale":"et_EE","og_type":"article","og_title":"IMESALV \u00dcLIMAKS NAHAHOOLDUSEKS \/ ATHOS SUPREME SKIN CARE - Ilutoodete e-pood","og_description":"See on t\u00f5eline imesalv P\u00fcha M\u00e4elt! 100% looduslik salv t\u00e4iuslikuks nahahoolduseks. Antud salv on peamine p\u00f5hjus, miks dermatoloogilised haigused on Athose M\u00e4el tundmatud.","og_url":"https:\/\/old.kosmetoloog.ee\/toode\/athos-supreme-skin-care\/","og_site_name":"Ilutoodete e-pood","article_modified_time":"2025-07-01T09:01:32+00:00","og_image":[{"width":1680,"height":1259,"url":"https:\/\/old.kosmetoloog.ee\/wp-content\/uploads\/2023\/10\/white.webp","type":"image\/webp"}],"twitter_card":"summary_large_image","twitter_misc":{"Est. reading time":"1 minut"},"schema":{"@context":"https:\/\/schema.org","@graph":[{"@type":"WebPage","@id":"https:\/\/old.kosmetoloog.ee\/toode\/athos-supreme-skin-care\/","url":"https:\/\/old.kosmetoloog.ee\/toode\/athos-supreme-skin-care\/","name":"IMESALV \u00dcLIMAKS NAHAHOOLDUSEKS \/ ATHOS SUPREME SKIN CARE - Ilutoodete e-pood","isPartOf":{"@id":"https:\/\/old.kosmetoloog.ee\/#website"},"primaryImageOfPage":{"@id":"https:\/\/old.kosmetoloog.ee\/toode\/athos-supreme-skin-care\/#primaryimage"},"image":{"@id":"https:\/\/old.kosmetoloog.ee\/toode\/athos-supreme-skin-care\/#primaryimage"},"thumbnailUrl":"https:\/\/old.kosmetoloog.ee\/wp-content\/uploads\/2023\/10\/white.webp","datePublished":"2023-10-26T08:27:28+00:00","dateModified":"2025-07-01T09:01:32+00:00","breadcrumb":{"@id":"https:\/\/old.kosmetoloog.ee\/toode\/athos-supreme-skin-care\/#breadcrumb"},"inLanguage":"et","potentialAction":[{"@type":"ReadAction","target":["https:\/\/old.kosmetoloog.ee\/toode\/athos-supreme-skin-care\/"]}]},{"@type":"ImageObject","inLanguage":"et","@id":"https:\/\/old.kosmetoloog.ee\/toode\/athos-supreme-skin-care\/#primaryimage","url":"https:\/\/old.kosmetoloog.ee\/wp-content\/uploads\/2023\/10\/white.webp","contentUrl":"https:\/\/old.kosmetoloog.ee\/wp-content\/uploads\/2023\/10\/white.webp","width":1680,"height":1259},{"@type":"BreadcrumbList","@id":"https:\/\/old.kosmetoloog.ee\/toode\/athos-supreme-skin-care\/#breadcrumb","itemListElement":[{"@type":"ListItem","position":1,"name":"Home","item":"https:\/\/old.kosmetoloog.ee\/et\/"},{"@type":"ListItem","position":2,"name":"Pood","item":"https:\/\/old.kosmetoloog.ee\/et\/pood\/"},{"@type":"ListItem","position":3,"name":"IMESALV \u00dcLIMAKS NAHAHOOLDUSEKS \/ ATHOS SUPREME SKIN CARE"}]},{"@type":"WebSite","@id":"https:\/\/old.kosmetoloog.ee\/#website","url":"https:\/\/old.kosmetoloog.ee\/","name":"Ilutoodete e-pood","description":"Kosmeetika pood","publisher":{"@id":"https:\/\/old.kosmetoloog.ee\/#organization"},"potentialAction":[{"@type":"SearchAction","target":{"@type":"EntryPoint","urlTemplate":"https:\/\/old.kosmetoloog.ee\/?s={search_term_string}"},"query-input":{"@type":"PropertyValueSpecification","valueRequired":true,"valueName":"search_term_string"}}],"inLanguage":"et"},{"@type":"Organization","@id":"https:\/\/old.kosmetoloog.ee\/#organization","name":"You are You O\u00dc","url":"https:\/\/old.kosmetoloog.ee\/","logo":{"@type":"ImageObject","inLanguage":"et","@id":"https:\/\/old.kosmetoloog.ee\/#\/schema\/logo\/image\/","url":"https:\/\/old.kosmetoloog.ee\/wp-content\/uploads\/2023\/08\/logo-1.png","contentUrl":"https:\/\/old.kosmetoloog.ee\/wp-content\/uploads\/2023\/08\/logo-1.png","width":1200,"height":964,"caption":"You are You O\u00dc"},"image":{"@id":"https:\/\/old.kosmetoloog.ee\/#\/schema\/logo\/image\/"}}]}},"brands":[{"id":85,"name":"ATHOS","slug":"athos"}],"_links":{"self":[{"href":"https:\/\/old.kosmetoloog.ee\/et\/wp-json\/wp\/v2\/product\/1653","targetHints":{"allow":["GET"]}}],"collection":[{"href":"https:\/\/old.kosmetoloog.ee\/et\/wp-json\/wp\/v2\/product"}],"about":[{"href":"https:\/\/old.kosmetoloog.ee\/et\/wp-json\/wp\/v2\/types\/product"}],"replies":[{"embeddable":true,"href":"https:\/\/old.kosmetoloog.ee\/et\/wp-json\/wp\/v2\/comments?post=1653"}],"wp:featuredmedia":[{"embeddable":true,"href":"https:\/\/old.kosmetoloog.ee\/et\/wp-json\/wp\/v2\/media\/1648"}],"wp:attachment":[{"href":"https:\/\/old.kosmetoloog.ee\/et\/wp-json\/wp\/v2\/media?parent=1653"}],"wp:term":[{"taxonomy":"pwb-brand","embeddable":true,"href":"https:\/\/old.kosmetoloog.ee\/et\/wp-json\/wp\/v2\/pwb-brand?post=1653"},{"taxonomy":"product_brand","embeddable":true,"href":"https:\/\/old.kosmetoloog.ee\/et\/wp-json\/wp\/v2\/product_brand?post=1653"},{"taxonomy":"product_cat","embeddable":true,"href":"https:\/\/old.kosmetoloog.ee\/et\/wp-json\/wp\/v2\/product_cat?post=1653"},{"taxonomy":"product_tag","embeddable":true,"href":"https:\/\/old.kosmetoloog.ee\/et\/wp-json\/wp\/v2\/product_tag?post=1653"}],"curies":[{"name":"wp","href":"https:\/\/api.w.org\/{rel}","templated":true}]}}