{"id":1661,"date":"2023-10-27T18:58:21","date_gmt":"2023-10-27T15:58:21","guid":{"rendered":"https:\/\/kosmetoloog.ee\/product\/100-tohus-hooldussalv-armide-venitusarmide-ja-poletusarmide-vastu-supreme-scar-treatment\/"},"modified":"2023-10-27T19:29:35","modified_gmt":"2023-10-27T16:29:35","slug":"ointment-for-care-of-scars","status":"publish","type":"product","link":"https:\/\/old.kosmetoloog.ee\/et\/toode\/ointment-for-care-of-scars\/","title":{"rendered":"100% T\u00d5HUS HOOLDUSSALV ARMIDE, VENITUSARMIDE JA P\u00d5LETUSARMIDE VASTU \/ SUPREME SCAR TREATMENT"},"content":{"rendered":"<p>Armide, venitusarmide ja p\u00f5letusarmide hooldussalv, mille Athonite isad l\u00f5id ainult P\u00fcha Athose M\u00e4elt p\u00e4rit \u00fclimatest koostisosadest. V\u00f5ib kasutada igap\u00e4evaselt nahastruktuuri \u00fchtlustamiseks.<br \/>\nSalvi toodeti esmakordselt 10. sajandil P\u00fcha Athose M\u00e4el eranditult B\u00fctsantsi keiserlike perekondade jaoks. Retsept on p\u00fcsinud muutumatuna \u00fcle 1000 aasta. Erakordsed koostisained, mis on p\u00e4rit P\u00fcha M\u00e4e neitsi loodusest, v\u00e4hendavad p\u00fcsivalt arme, venitusarme, p\u00f5letusarme ja niisutavad nahka s\u00fcgavuti. Seda ainulaadset toodet saab kasutada nii kehal kui n\u00e4ol. Lisaks toimib salv v\u00e4ga t\u00f5husalt kortsude ja kuivusevastase vahendina.<\/p>\n<p>Toote s\u00e4ilivusaeg on 6 kuud, kuna ei sisalda kemikaale ega s\u00e4ilitusaineid. Toodetakse piiratud koguses.<\/p>\n<p>Sisaldab: puhas mesilaspiim 31%, cistus\u00f5li 22%, sarapuup\u00e4hkli\u00f5li 17%, porgandi\u00f5li 10%, fenugreek seemne\u00f5li 9%, looduslik metsmesilasvaha 6%, sidruni eeterlik \u00f5li 5%.<\/p>\n","protected":false},"excerpt":{"rendered":"<p>Salv armide, venitusarmide ja p\u00f5letuste raviks. Soodustab naha efektiivsust kiiret paranemist.<\/p>\n","protected":false},"featured_media":1660,"comment_status":"open","ping_status":"closed","template":"","meta":{"_acf_changed":false},"pwb-brand":[85],"product_brand":[],"product_cat":[87,65],"product_tag":[],"class_list":{"0":"post-1661","1":"product","2":"type-product","3":"status-publish","4":"has-post-thumbnail","6":"pwb-brand-athos","7":"product_cat-salv","8":"product_cat-kehahooldus","10":"first","11":"instock","12":"taxable","13":"shipping-taxable","14":"purchasable","15":"product-type-simple"},"acf":[],"yoast_head":"<!-- This site is optimized with the Yoast SEO plugin v25.7 - https:\/\/yoast.com\/wordpress\/plugins\/seo\/ -->\n<title>100% T\u00d5HUS HOOLDUSSALV ARMIDE, VENITUSARMIDE JA P\u00d5LETUSARMIDE VASTU \/ SUPREME SCAR TREATMENT - Ilutoodete e-pood<\/title>\n<meta name=\"robots\" content=\"noindex, follow, max-snippet:-1, max-image-preview:large, max-video-preview:-1\" \/>\n<meta property=\"og:locale\" content=\"et_EE\" \/>\n<meta property=\"og:type\" content=\"article\" \/>\n<meta property=\"og:title\" content=\"100% T\u00d5HUS HOOLDUSSALV ARMIDE, VENITUSARMIDE JA P\u00d5LETUSARMIDE VASTU \/ SUPREME SCAR TREATMENT - Ilutoodete e-pood\" \/>\n<meta property=\"og:description\" content=\"Salv armide, venitusarmide ja p\u00f5letuste raviks. Soodustab naha efektiivsust kiiret paranemist.\" \/>\n<meta property=\"og:url\" content=\"https:\/\/old.kosmetoloog.ee\/toode\/ointment-for-care-of-scars\/\" \/>\n<meta property=\"og:site_name\" content=\"Ilutoodete e-pood\" \/>\n<meta property=\"article:modified_time\" content=\"2023-10-27T16:29:35+00:00\" \/>\n<meta property=\"og:image\" content=\"https:\/\/old.kosmetoloog.ee\/wp-content\/uploads\/2023\/10\/yellow.webp\" \/>\n\t<meta property=\"og:image:width\" content=\"1680\" \/>\n\t<meta property=\"og:image:height\" content=\"1259\" \/>\n\t<meta property=\"og:image:type\" content=\"image\/webp\" \/>\n<meta name=\"twitter:card\" content=\"summary_large_image\" \/>\n<meta name=\"twitter:label1\" content=\"Est. reading time\" \/>\n\t<meta name=\"twitter:data1\" content=\"1 minut\" \/>\n<script type=\"application\/ld+json\" class=\"yoast-schema-graph\">{\"@context\":\"https:\/\/schema.org\",\"@graph\":[{\"@type\":\"WebPage\",\"@id\":\"https:\/\/old.kosmetoloog.ee\/toode\/ointment-for-care-of-scars\/\",\"url\":\"https:\/\/old.kosmetoloog.ee\/toode\/ointment-for-care-of-scars\/\",\"name\":\"100% T\u00d5HUS HOOLDUSSALV ARMIDE, VENITUSARMIDE JA P\u00d5LETUSARMIDE VASTU \/ SUPREME SCAR TREATMENT - Ilutoodete e-pood\",\"isPartOf\":{\"@id\":\"https:\/\/old.kosmetoloog.ee\/#website\"},\"primaryImageOfPage\":{\"@id\":\"https:\/\/old.kosmetoloog.ee\/toode\/ointment-for-care-of-scars\/#primaryimage\"},\"image\":{\"@id\":\"https:\/\/old.kosmetoloog.ee\/toode\/ointment-for-care-of-scars\/#primaryimage\"},\"thumbnailUrl\":\"https:\/\/old.kosmetoloog.ee\/wp-content\/uploads\/2023\/10\/yellow.webp\",\"datePublished\":\"2023-10-27T15:58:21+00:00\",\"dateModified\":\"2023-10-27T16:29:35+00:00\",\"breadcrumb\":{\"@id\":\"https:\/\/old.kosmetoloog.ee\/toode\/ointment-for-care-of-scars\/#breadcrumb\"},\"inLanguage\":\"et\",\"potentialAction\":[{\"@type\":\"ReadAction\",\"target\":[\"https:\/\/old.kosmetoloog.ee\/toode\/ointment-for-care-of-scars\/\"]}]},{\"@type\":\"ImageObject\",\"inLanguage\":\"et\",\"@id\":\"https:\/\/old.kosmetoloog.ee\/toode\/ointment-for-care-of-scars\/#primaryimage\",\"url\":\"https:\/\/old.kosmetoloog.ee\/wp-content\/uploads\/2023\/10\/yellow.webp\",\"contentUrl\":\"https:\/\/old.kosmetoloog.ee\/wp-content\/uploads\/2023\/10\/yellow.webp\",\"width\":1680,\"height\":1259},{\"@type\":\"BreadcrumbList\",\"@id\":\"https:\/\/old.kosmetoloog.ee\/toode\/ointment-for-care-of-scars\/#breadcrumb\",\"itemListElement\":[{\"@type\":\"ListItem\",\"position\":1,\"name\":\"Home\",\"item\":\"https:\/\/old.kosmetoloog.ee\/et\/\"},{\"@type\":\"ListItem\",\"position\":2,\"name\":\"Pood\",\"item\":\"https:\/\/old.kosmetoloog.ee\/et\/pood\/\"},{\"@type\":\"ListItem\",\"position\":3,\"name\":\"100% T\u00d5HUS HOOLDUSSALV ARMIDE, VENITUSARMIDE JA P\u00d5LETUSARMIDE VASTU \/ SUPREME SCAR TREATMENT\"}]},{\"@type\":\"WebSite\",\"@id\":\"https:\/\/old.kosmetoloog.ee\/#website\",\"url\":\"https:\/\/old.kosmetoloog.ee\/\",\"name\":\"Ilutoodete e-pood\",\"description\":\"Kosmeetika pood\",\"publisher\":{\"@id\":\"https:\/\/old.kosmetoloog.ee\/#organization\"},\"potentialAction\":[{\"@type\":\"SearchAction\",\"target\":{\"@type\":\"EntryPoint\",\"urlTemplate\":\"https:\/\/old.kosmetoloog.ee\/?s={search_term_string}\"},\"query-input\":{\"@type\":\"PropertyValueSpecification\",\"valueRequired\":true,\"valueName\":\"search_term_string\"}}],\"inLanguage\":\"et\"},{\"@type\":\"Organization\",\"@id\":\"https:\/\/old.kosmetoloog.ee\/#organization\",\"name\":\"You are You O\u00dc\",\"url\":\"https:\/\/old.kosmetoloog.ee\/\",\"logo\":{\"@type\":\"ImageObject\",\"inLanguage\":\"et\",\"@id\":\"https:\/\/old.kosmetoloog.ee\/#\/schema\/logo\/image\/\",\"url\":\"https:\/\/old.kosmetoloog.ee\/wp-content\/uploads\/2023\/08\/logo-1.png\",\"contentUrl\":\"https:\/\/old.kosmetoloog.ee\/wp-content\/uploads\/2023\/08\/logo-1.png\",\"width\":1200,\"height\":964,\"caption\":\"You are You O\u00dc\"},\"image\":{\"@id\":\"https:\/\/old.kosmetoloog.ee\/#\/schema\/logo\/image\/\"}}]}<\/script>\n<!-- \/ Yoast SEO plugin. -->","yoast_head_json":{"title":"100% T\u00d5HUS HOOLDUSSALV ARMIDE, VENITUSARMIDE JA P\u00d5LETUSARMIDE VASTU \/ SUPREME SCAR TREATMENT - Ilutoodete e-pood","robots":{"index":"noindex","follow":"follow","max-snippet":"max-snippet:-1","max-image-preview":"max-image-preview:large","max-video-preview":"max-video-preview:-1"},"og_locale":"et_EE","og_type":"article","og_title":"100% T\u00d5HUS HOOLDUSSALV ARMIDE, VENITUSARMIDE JA P\u00d5LETUSARMIDE VASTU \/ SUPREME SCAR TREATMENT - Ilutoodete e-pood","og_description":"Salv armide, venitusarmide ja p\u00f5letuste raviks. Soodustab naha efektiivsust kiiret paranemist.","og_url":"https:\/\/old.kosmetoloog.ee\/toode\/ointment-for-care-of-scars\/","og_site_name":"Ilutoodete e-pood","article_modified_time":"2023-10-27T16:29:35+00:00","og_image":[{"width":1680,"height":1259,"url":"https:\/\/old.kosmetoloog.ee\/wp-content\/uploads\/2023\/10\/yellow.webp","type":"image\/webp"}],"twitter_card":"summary_large_image","twitter_misc":{"Est. reading time":"1 minut"},"schema":{"@context":"https:\/\/schema.org","@graph":[{"@type":"WebPage","@id":"https:\/\/old.kosmetoloog.ee\/toode\/ointment-for-care-of-scars\/","url":"https:\/\/old.kosmetoloog.ee\/toode\/ointment-for-care-of-scars\/","name":"100% T\u00d5HUS HOOLDUSSALV ARMIDE, VENITUSARMIDE JA P\u00d5LETUSARMIDE VASTU \/ SUPREME SCAR TREATMENT - Ilutoodete e-pood","isPartOf":{"@id":"https:\/\/old.kosmetoloog.ee\/#website"},"primaryImageOfPage":{"@id":"https:\/\/old.kosmetoloog.ee\/toode\/ointment-for-care-of-scars\/#primaryimage"},"image":{"@id":"https:\/\/old.kosmetoloog.ee\/toode\/ointment-for-care-of-scars\/#primaryimage"},"thumbnailUrl":"https:\/\/old.kosmetoloog.ee\/wp-content\/uploads\/2023\/10\/yellow.webp","datePublished":"2023-10-27T15:58:21+00:00","dateModified":"2023-10-27T16:29:35+00:00","breadcrumb":{"@id":"https:\/\/old.kosmetoloog.ee\/toode\/ointment-for-care-of-scars\/#breadcrumb"},"inLanguage":"et","potentialAction":[{"@type":"ReadAction","target":["https:\/\/old.kosmetoloog.ee\/toode\/ointment-for-care-of-scars\/"]}]},{"@type":"ImageObject","inLanguage":"et","@id":"https:\/\/old.kosmetoloog.ee\/toode\/ointment-for-care-of-scars\/#primaryimage","url":"https:\/\/old.kosmetoloog.ee\/wp-content\/uploads\/2023\/10\/yellow.webp","contentUrl":"https:\/\/old.kosmetoloog.ee\/wp-content\/uploads\/2023\/10\/yellow.webp","width":1680,"height":1259},{"@type":"BreadcrumbList","@id":"https:\/\/old.kosmetoloog.ee\/toode\/ointment-for-care-of-scars\/#breadcrumb","itemListElement":[{"@type":"ListItem","position":1,"name":"Home","item":"https:\/\/old.kosmetoloog.ee\/et\/"},{"@type":"ListItem","position":2,"name":"Pood","item":"https:\/\/old.kosmetoloog.ee\/et\/pood\/"},{"@type":"ListItem","position":3,"name":"100% T\u00d5HUS HOOLDUSSALV ARMIDE, VENITUSARMIDE JA P\u00d5LETUSARMIDE VASTU \/ SUPREME SCAR TREATMENT"}]},{"@type":"WebSite","@id":"https:\/\/old.kosmetoloog.ee\/#website","url":"https:\/\/old.kosmetoloog.ee\/","name":"Ilutoodete e-pood","description":"Kosmeetika pood","publisher":{"@id":"https:\/\/old.kosmetoloog.ee\/#organization"},"potentialAction":[{"@type":"SearchAction","target":{"@type":"EntryPoint","urlTemplate":"https:\/\/old.kosmetoloog.ee\/?s={search_term_string}"},"query-input":{"@type":"PropertyValueSpecification","valueRequired":true,"valueName":"search_term_string"}}],"inLanguage":"et"},{"@type":"Organization","@id":"https:\/\/old.kosmetoloog.ee\/#organization","name":"You are You O\u00dc","url":"https:\/\/old.kosmetoloog.ee\/","logo":{"@type":"ImageObject","inLanguage":"et","@id":"https:\/\/old.kosmetoloog.ee\/#\/schema\/logo\/image\/","url":"https:\/\/old.kosmetoloog.ee\/wp-content\/uploads\/2023\/08\/logo-1.png","contentUrl":"https:\/\/old.kosmetoloog.ee\/wp-content\/uploads\/2023\/08\/logo-1.png","width":1200,"height":964,"caption":"You are You O\u00dc"},"image":{"@id":"https:\/\/old.kosmetoloog.ee\/#\/schema\/logo\/image\/"}}]}},"brands":[{"id":85,"name":"ATHOS","slug":"athos"}],"_links":{"self":[{"href":"https:\/\/old.kosmetoloog.ee\/et\/wp-json\/wp\/v2\/product\/1661","targetHints":{"allow":["GET"]}}],"collection":[{"href":"https:\/\/old.kosmetoloog.ee\/et\/wp-json\/wp\/v2\/product"}],"about":[{"href":"https:\/\/old.kosmetoloog.ee\/et\/wp-json\/wp\/v2\/types\/product"}],"replies":[{"embeddable":true,"href":"https:\/\/old.kosmetoloog.ee\/et\/wp-json\/wp\/v2\/comments?post=1661"}],"wp:featuredmedia":[{"embeddable":true,"href":"https:\/\/old.kosmetoloog.ee\/et\/wp-json\/wp\/v2\/media\/1660"}],"wp:attachment":[{"href":"https:\/\/old.kosmetoloog.ee\/et\/wp-json\/wp\/v2\/media?parent=1661"}],"wp:term":[{"taxonomy":"pwb-brand","embeddable":true,"href":"https:\/\/old.kosmetoloog.ee\/et\/wp-json\/wp\/v2\/pwb-brand?post=1661"},{"taxonomy":"product_brand","embeddable":true,"href":"https:\/\/old.kosmetoloog.ee\/et\/wp-json\/wp\/v2\/product_brand?post=1661"},{"taxonomy":"product_cat","embeddable":true,"href":"https:\/\/old.kosmetoloog.ee\/et\/wp-json\/wp\/v2\/product_cat?post=1661"},{"taxonomy":"product_tag","embeddable":true,"href":"https:\/\/old.kosmetoloog.ee\/et\/wp-json\/wp\/v2\/product_tag?post=1661"}],"curies":[{"name":"wp","href":"https:\/\/api.w.org\/{rel}","templated":true}]}}