{"id":1665,"date":"2023-10-27T20:00:07","date_gmt":"2023-10-27T17:00:07","guid":{"rendered":"https:\/\/kosmetoloog.ee\/product\/ulim-kreem-jalahoolduse-ja-haiguste-vastu-supreme-foot-care\/"},"modified":"2023-10-27T20:00:07","modified_gmt":"2023-10-27T17:00:07","slug":"supreme-foot-care","status":"publish","type":"product","link":"https:\/\/old.kosmetoloog.ee\/et\/toode\/supreme-foot-care\/","title":{"rendered":"\u00dcLIM KREEM JALAHOOLDUSE- ja HAIGUSTE VASTU\/ SUPREME FOOT CARE"},"content":{"rendered":"<p>Looduslik hoolduskreem nii igap\u00e4evaseks kasutamiseks kui ka ravina jalaprobleemide jaoks, mille Athonite isad on loonud ainult P\u00fcha Athose M\u00e4elt p\u00e4rit puhastest koostisosadest. K\u00f5rgeima kvaliteediga koostisained aitavad t\u00f5husalt ennetada ja ravida veenilaiendeid, raskustunnet jalgades ning pehmendada nahakalluseid. Ravib kiiresti l\u00f5henenud nahka, s\u00e4ilitab elastsuse, niisutab ja toidab t\u00f5husalt, andes v\u00e4rskus- ja eluj\u00f5ulisuse tunde.<\/p>\n<p>Esimest korda valmistati kreemi 10. sajandil P\u00fcha Athose M\u00e4el eranditult B\u00fctsantsi keiserlike perekondade jaoks. Retsept on p\u00fcsinud muutumatuna \u00fcle 1000 aasta.<\/p>\n<p>Toote s\u00e4ilivusaeg on 6 kuud, kuna ei sisalda kemikaale ega s\u00e4ilitusaineid. Toodetakse piiratud koguses.<\/p>\n<p>Sisaldab: puhas mesilaspiim 32%, eeslipiim 30%, metsik kastani\u00f5li<br \/>\n21%, viinamarjaseemneekstrakt 12%, puhas kuuse eeterlik \u00f5li 5%<\/p>\n","protected":false},"excerpt":{"rendered":"<p>\u00dclim kreem veenilaiendite t\u00f5husaks ennetamiseks ja raviks, k\u00f5rvaldab raskustunnet jalgades ning pehmendab nahakalluseid.<\/p>\n","protected":false},"featured_media":1664,"comment_status":"open","ping_status":"closed","template":"","meta":{"_acf_changed":false},"pwb-brand":[85],"product_brand":[],"product_cat":[89,63,87,65],"product_tag":[],"class_list":{"0":"post-1665","1":"product","2":"type-product","3":"status-publish","4":"has-post-thumbnail","6":"pwb-brand-athos","7":"product_cat-jalakreemid","8":"product_cat-katekreemid","9":"product_cat-salv","10":"product_cat-kehahooldus","12":"first","13":"instock","14":"taxable","15":"shipping-taxable","16":"purchasable","17":"product-type-simple"},"acf":[],"yoast_head":"<!-- This site is optimized with the Yoast SEO plugin v25.7 - https:\/\/yoast.com\/wordpress\/plugins\/seo\/ -->\n<title>\u00dcLIM KREEM JALAHOOLDUSE- ja HAIGUSTE VASTU\/ SUPREME FOOT CARE - Ilutoodete e-pood<\/title>\n<meta name=\"robots\" content=\"noindex, follow, max-snippet:-1, max-image-preview:large, max-video-preview:-1\" \/>\n<meta property=\"og:locale\" content=\"et_EE\" \/>\n<meta property=\"og:type\" content=\"article\" \/>\n<meta property=\"og:title\" content=\"\u00dcLIM KREEM JALAHOOLDUSE- ja HAIGUSTE VASTU\/ SUPREME FOOT CARE - Ilutoodete e-pood\" \/>\n<meta property=\"og:description\" content=\"\u00dclim kreem veenilaiendite t\u00f5husaks ennetamiseks ja raviks, k\u00f5rvaldab raskustunnet jalgades ning pehmendab nahakalluseid.\" \/>\n<meta property=\"og:url\" content=\"https:\/\/old.kosmetoloog.ee\/toode\/supreme-foot-care\/\" \/>\n<meta property=\"og:site_name\" content=\"Ilutoodete e-pood\" \/>\n<meta property=\"og:image\" content=\"https:\/\/old.kosmetoloog.ee\/wp-content\/uploads\/2023\/10\/green.webp\" \/>\n\t<meta property=\"og:image:width\" content=\"1680\" \/>\n\t<meta property=\"og:image:height\" content=\"1260\" \/>\n\t<meta property=\"og:image:type\" content=\"image\/webp\" \/>\n<meta name=\"twitter:card\" content=\"summary_large_image\" \/>\n<meta name=\"twitter:label1\" content=\"Est. reading time\" \/>\n\t<meta name=\"twitter:data1\" content=\"1 minut\" \/>\n<script type=\"application\/ld+json\" class=\"yoast-schema-graph\">{\"@context\":\"https:\/\/schema.org\",\"@graph\":[{\"@type\":\"WebPage\",\"@id\":\"https:\/\/old.kosmetoloog.ee\/toode\/supreme-foot-care\/\",\"url\":\"https:\/\/old.kosmetoloog.ee\/toode\/supreme-foot-care\/\",\"name\":\"\u00dcLIM KREEM JALAHOOLDUSE- ja HAIGUSTE VASTU\/ SUPREME FOOT CARE - Ilutoodete e-pood\",\"isPartOf\":{\"@id\":\"https:\/\/old.kosmetoloog.ee\/#website\"},\"primaryImageOfPage\":{\"@id\":\"https:\/\/old.kosmetoloog.ee\/toode\/supreme-foot-care\/#primaryimage\"},\"image\":{\"@id\":\"https:\/\/old.kosmetoloog.ee\/toode\/supreme-foot-care\/#primaryimage\"},\"thumbnailUrl\":\"https:\/\/old.kosmetoloog.ee\/wp-content\/uploads\/2023\/10\/green.webp\",\"datePublished\":\"2023-10-27T17:00:07+00:00\",\"breadcrumb\":{\"@id\":\"https:\/\/old.kosmetoloog.ee\/toode\/supreme-foot-care\/#breadcrumb\"},\"inLanguage\":\"et\",\"potentialAction\":[{\"@type\":\"ReadAction\",\"target\":[\"https:\/\/old.kosmetoloog.ee\/toode\/supreme-foot-care\/\"]}]},{\"@type\":\"ImageObject\",\"inLanguage\":\"et\",\"@id\":\"https:\/\/old.kosmetoloog.ee\/toode\/supreme-foot-care\/#primaryimage\",\"url\":\"https:\/\/old.kosmetoloog.ee\/wp-content\/uploads\/2023\/10\/green.webp\",\"contentUrl\":\"https:\/\/old.kosmetoloog.ee\/wp-content\/uploads\/2023\/10\/green.webp\",\"width\":1680,\"height\":1260},{\"@type\":\"BreadcrumbList\",\"@id\":\"https:\/\/old.kosmetoloog.ee\/toode\/supreme-foot-care\/#breadcrumb\",\"itemListElement\":[{\"@type\":\"ListItem\",\"position\":1,\"name\":\"Home\",\"item\":\"https:\/\/old.kosmetoloog.ee\/et\/\"},{\"@type\":\"ListItem\",\"position\":2,\"name\":\"Pood\",\"item\":\"https:\/\/old.kosmetoloog.ee\/et\/pood\/\"},{\"@type\":\"ListItem\",\"position\":3,\"name\":\"\u00dcLIM KREEM JALAHOOLDUSE- ja HAIGUSTE VASTU\/ SUPREME FOOT CARE\"}]},{\"@type\":\"WebSite\",\"@id\":\"https:\/\/old.kosmetoloog.ee\/#website\",\"url\":\"https:\/\/old.kosmetoloog.ee\/\",\"name\":\"Ilutoodete e-pood\",\"description\":\"Kosmeetika pood\",\"publisher\":{\"@id\":\"https:\/\/old.kosmetoloog.ee\/#organization\"},\"potentialAction\":[{\"@type\":\"SearchAction\",\"target\":{\"@type\":\"EntryPoint\",\"urlTemplate\":\"https:\/\/old.kosmetoloog.ee\/?s={search_term_string}\"},\"query-input\":{\"@type\":\"PropertyValueSpecification\",\"valueRequired\":true,\"valueName\":\"search_term_string\"}}],\"inLanguage\":\"et\"},{\"@type\":\"Organization\",\"@id\":\"https:\/\/old.kosmetoloog.ee\/#organization\",\"name\":\"You are You O\u00dc\",\"url\":\"https:\/\/old.kosmetoloog.ee\/\",\"logo\":{\"@type\":\"ImageObject\",\"inLanguage\":\"et\",\"@id\":\"https:\/\/old.kosmetoloog.ee\/#\/schema\/logo\/image\/\",\"url\":\"https:\/\/old.kosmetoloog.ee\/wp-content\/uploads\/2023\/08\/logo-1.png\",\"contentUrl\":\"https:\/\/old.kosmetoloog.ee\/wp-content\/uploads\/2023\/08\/logo-1.png\",\"width\":1200,\"height\":964,\"caption\":\"You are You O\u00dc\"},\"image\":{\"@id\":\"https:\/\/old.kosmetoloog.ee\/#\/schema\/logo\/image\/\"}}]}<\/script>\n<!-- \/ Yoast SEO plugin. -->","yoast_head_json":{"title":"\u00dcLIM KREEM JALAHOOLDUSE- ja HAIGUSTE VASTU\/ SUPREME FOOT CARE - Ilutoodete e-pood","robots":{"index":"noindex","follow":"follow","max-snippet":"max-snippet:-1","max-image-preview":"max-image-preview:large","max-video-preview":"max-video-preview:-1"},"og_locale":"et_EE","og_type":"article","og_title":"\u00dcLIM KREEM JALAHOOLDUSE- ja HAIGUSTE VASTU\/ SUPREME FOOT CARE - Ilutoodete e-pood","og_description":"\u00dclim kreem veenilaiendite t\u00f5husaks ennetamiseks ja raviks, k\u00f5rvaldab raskustunnet jalgades ning pehmendab nahakalluseid.","og_url":"https:\/\/old.kosmetoloog.ee\/toode\/supreme-foot-care\/","og_site_name":"Ilutoodete e-pood","og_image":[{"width":1680,"height":1260,"url":"https:\/\/old.kosmetoloog.ee\/wp-content\/uploads\/2023\/10\/green.webp","type":"image\/webp"}],"twitter_card":"summary_large_image","twitter_misc":{"Est. reading time":"1 minut"},"schema":{"@context":"https:\/\/schema.org","@graph":[{"@type":"WebPage","@id":"https:\/\/old.kosmetoloog.ee\/toode\/supreme-foot-care\/","url":"https:\/\/old.kosmetoloog.ee\/toode\/supreme-foot-care\/","name":"\u00dcLIM KREEM JALAHOOLDUSE- ja HAIGUSTE VASTU\/ SUPREME FOOT CARE - Ilutoodete e-pood","isPartOf":{"@id":"https:\/\/old.kosmetoloog.ee\/#website"},"primaryImageOfPage":{"@id":"https:\/\/old.kosmetoloog.ee\/toode\/supreme-foot-care\/#primaryimage"},"image":{"@id":"https:\/\/old.kosmetoloog.ee\/toode\/supreme-foot-care\/#primaryimage"},"thumbnailUrl":"https:\/\/old.kosmetoloog.ee\/wp-content\/uploads\/2023\/10\/green.webp","datePublished":"2023-10-27T17:00:07+00:00","breadcrumb":{"@id":"https:\/\/old.kosmetoloog.ee\/toode\/supreme-foot-care\/#breadcrumb"},"inLanguage":"et","potentialAction":[{"@type":"ReadAction","target":["https:\/\/old.kosmetoloog.ee\/toode\/supreme-foot-care\/"]}]},{"@type":"ImageObject","inLanguage":"et","@id":"https:\/\/old.kosmetoloog.ee\/toode\/supreme-foot-care\/#primaryimage","url":"https:\/\/old.kosmetoloog.ee\/wp-content\/uploads\/2023\/10\/green.webp","contentUrl":"https:\/\/old.kosmetoloog.ee\/wp-content\/uploads\/2023\/10\/green.webp","width":1680,"height":1260},{"@type":"BreadcrumbList","@id":"https:\/\/old.kosmetoloog.ee\/toode\/supreme-foot-care\/#breadcrumb","itemListElement":[{"@type":"ListItem","position":1,"name":"Home","item":"https:\/\/old.kosmetoloog.ee\/et\/"},{"@type":"ListItem","position":2,"name":"Pood","item":"https:\/\/old.kosmetoloog.ee\/et\/pood\/"},{"@type":"ListItem","position":3,"name":"\u00dcLIM KREEM JALAHOOLDUSE- ja HAIGUSTE VASTU\/ SUPREME FOOT CARE"}]},{"@type":"WebSite","@id":"https:\/\/old.kosmetoloog.ee\/#website","url":"https:\/\/old.kosmetoloog.ee\/","name":"Ilutoodete e-pood","description":"Kosmeetika pood","publisher":{"@id":"https:\/\/old.kosmetoloog.ee\/#organization"},"potentialAction":[{"@type":"SearchAction","target":{"@type":"EntryPoint","urlTemplate":"https:\/\/old.kosmetoloog.ee\/?s={search_term_string}"},"query-input":{"@type":"PropertyValueSpecification","valueRequired":true,"valueName":"search_term_string"}}],"inLanguage":"et"},{"@type":"Organization","@id":"https:\/\/old.kosmetoloog.ee\/#organization","name":"You are You O\u00dc","url":"https:\/\/old.kosmetoloog.ee\/","logo":{"@type":"ImageObject","inLanguage":"et","@id":"https:\/\/old.kosmetoloog.ee\/#\/schema\/logo\/image\/","url":"https:\/\/old.kosmetoloog.ee\/wp-content\/uploads\/2023\/08\/logo-1.png","contentUrl":"https:\/\/old.kosmetoloog.ee\/wp-content\/uploads\/2023\/08\/logo-1.png","width":1200,"height":964,"caption":"You are You O\u00dc"},"image":{"@id":"https:\/\/old.kosmetoloog.ee\/#\/schema\/logo\/image\/"}}]}},"brands":[{"id":85,"name":"ATHOS","slug":"athos"}],"_links":{"self":[{"href":"https:\/\/old.kosmetoloog.ee\/et\/wp-json\/wp\/v2\/product\/1665","targetHints":{"allow":["GET"]}}],"collection":[{"href":"https:\/\/old.kosmetoloog.ee\/et\/wp-json\/wp\/v2\/product"}],"about":[{"href":"https:\/\/old.kosmetoloog.ee\/et\/wp-json\/wp\/v2\/types\/product"}],"replies":[{"embeddable":true,"href":"https:\/\/old.kosmetoloog.ee\/et\/wp-json\/wp\/v2\/comments?post=1665"}],"wp:featuredmedia":[{"embeddable":true,"href":"https:\/\/old.kosmetoloog.ee\/et\/wp-json\/wp\/v2\/media\/1664"}],"wp:attachment":[{"href":"https:\/\/old.kosmetoloog.ee\/et\/wp-json\/wp\/v2\/media?parent=1665"}],"wp:term":[{"taxonomy":"pwb-brand","embeddable":true,"href":"https:\/\/old.kosmetoloog.ee\/et\/wp-json\/wp\/v2\/pwb-brand?post=1665"},{"taxonomy":"product_brand","embeddable":true,"href":"https:\/\/old.kosmetoloog.ee\/et\/wp-json\/wp\/v2\/product_brand?post=1665"},{"taxonomy":"product_cat","embeddable":true,"href":"https:\/\/old.kosmetoloog.ee\/et\/wp-json\/wp\/v2\/product_cat?post=1665"},{"taxonomy":"product_tag","embeddable":true,"href":"https:\/\/old.kosmetoloog.ee\/et\/wp-json\/wp\/v2\/product_tag?post=1665"}],"curies":[{"name":"wp","href":"https:\/\/api.w.org\/{rel}","templated":true}]}}