{"id":1683,"date":"2023-10-31T15:24:28","date_gmt":"2023-10-31T13:24:28","guid":{"rendered":"https:\/\/kosmetoloog.ee\/?post_type=product&#038;p=1683"},"modified":"2023-11-03T09:36:16","modified_gmt":"2023-11-03T07:36:16","slug":"naha-puhastamisekstrakt-05-deppurativo-derma-estratto-05","status":"publish","type":"product","link":"https:\/\/old.kosmetoloog.ee\/et\/toode\/naha-puhastamisekstrakt-05-deppurativo-derma-estratto-05\/","title":{"rendered":"NAHA PUHASTAMISEKSTRAKT 05 \/ DEPPURATIVO DERMA ESTRATTO 05"},"content":{"rendered":"<p>Toidulisand valmistatud ravimtaimede vesiekstraktidest<\/p>\n<p>F\u00fcsioloogiline toime:<\/p>\n<ul>\n<li>V\u00f5ilill \u2013 m\u00f5jub maksale ja soodustab ka seedimisprotsessi<\/li>\n<li>Arti\u0161okk on suurep\u00e4rane kiudainete allikas, mis aitab hoida teie seedes\u00fcsteemi tervena, soodustades s\u00f5bralike soolebakterite arengut, v\u00e4hendades teatud t\u00fc\u00fcpi soolev\u00e4hi riski ning leevendades k\u00f5hukinnisust ja k\u00f5hulahtisust.<\/li>\n<li>Saialill &#8211; naha tropism ja funktsionaalsus;<\/li>\n<li>Sarsaparilla &#8211; keha puhastavad funktsioonid (naha heaolu).<\/li>\n<\/ul>\n<p>16 pulka, iga\u00fcks 30 ml<\/p>\n<p>ALKOHOLIVABA \u2022 SUHKRUVABA* \u2022 S\u00c4ILITUSAINETEVABA \u2022 GLUTENVABA *SUHKRUD&lt;0,5g\/100ml&lt;<\/p>\n","protected":false},"excerpt":{"rendered":"<p>T\u00e4nu sisalduvate taimede puhastavale toimele on t\u00f5hus n\u00e4o- ja kehahoolduseks<\/p>\n","protected":false},"featured_media":1682,"comment_status":"open","ping_status":"closed","template":"","meta":{"_acf_changed":false},"pwb-brand":[80],"product_brand":[],"product_cat":[92],"product_tag":[],"class_list":{"0":"post-1683","1":"product","2":"type-product","3":"status-publish","4":"has-post-thumbnail","6":"pwb-brand-gianluca-mech","7":"product_cat-tervisele","9":"first","10":"instock","11":"taxable","12":"shipping-taxable","13":"purchasable","14":"product-type-simple"},"acf":[],"yoast_head":"<!-- This site is optimized with the Yoast SEO plugin v25.7 - https:\/\/yoast.com\/wordpress\/plugins\/seo\/ -->\n<title>NAHA PUHASTAMISEKSTRAKT 05 \/ DEPPURATIVO DERMA ESTRATTO 05 - Ilutoodete e-pood<\/title>\n<meta name=\"robots\" content=\"noindex, follow, max-snippet:-1, max-image-preview:large, max-video-preview:-1\" \/>\n<meta property=\"og:locale\" content=\"et_EE\" \/>\n<meta property=\"og:type\" content=\"article\" \/>\n<meta property=\"og:title\" content=\"NAHA PUHASTAMISEKSTRAKT 05 \/ DEPPURATIVO DERMA ESTRATTO 05 - Ilutoodete e-pood\" \/>\n<meta property=\"og:description\" content=\"T\u00e4nu sisalduvate taimede puhastavale toimele on t\u00f5hus n\u00e4o- ja kehahoolduseks\" \/>\n<meta property=\"og:url\" content=\"https:\/\/old.kosmetoloog.ee\/toode\/deppurativo-derma-estratto-05\/\" \/>\n<meta property=\"og:site_name\" content=\"Ilutoodete e-pood\" \/>\n<meta property=\"article:modified_time\" content=\"2023-11-03T07:36:16+00:00\" \/>\n<meta property=\"og:image\" content=\"https:\/\/old.kosmetoloog.ee\/wp-content\/uploads\/2023\/10\/render_Decottopia_IT_05-scaled.jpg\" \/>\n\t<meta property=\"og:image:width\" content=\"2257\" \/>\n\t<meta property=\"og:image:height\" content=\"2560\" \/>\n\t<meta property=\"og:image:type\" content=\"image\/jpeg\" \/>\n<meta name=\"twitter:card\" content=\"summary_large_image\" \/>\n<script type=\"application\/ld+json\" class=\"yoast-schema-graph\">{\"@context\":\"https:\/\/schema.org\",\"@graph\":[{\"@type\":\"WebPage\",\"@id\":\"https:\/\/old.kosmetoloog.ee\/toode\/deppurativo-derma-estratto-05\/\",\"url\":\"https:\/\/old.kosmetoloog.ee\/toode\/deppurativo-derma-estratto-05\/\",\"name\":\"NAHA PUHASTAMISEKSTRAKT 05 \/ DEPPURATIVO DERMA ESTRATTO 05 - Ilutoodete e-pood\",\"isPartOf\":{\"@id\":\"https:\/\/old.kosmetoloog.ee\/#website\"},\"primaryImageOfPage\":{\"@id\":\"https:\/\/old.kosmetoloog.ee\/toode\/deppurativo-derma-estratto-05\/#primaryimage\"},\"image\":{\"@id\":\"https:\/\/old.kosmetoloog.ee\/toode\/deppurativo-derma-estratto-05\/#primaryimage\"},\"thumbnailUrl\":\"https:\/\/old.kosmetoloog.ee\/wp-content\/uploads\/2023\/10\/render_Decottopia_IT_05-scaled.jpg\",\"datePublished\":\"2023-10-31T13:24:28+00:00\",\"dateModified\":\"2023-11-03T07:36:16+00:00\",\"breadcrumb\":{\"@id\":\"https:\/\/old.kosmetoloog.ee\/toode\/deppurativo-derma-estratto-05\/#breadcrumb\"},\"inLanguage\":\"et\",\"potentialAction\":[{\"@type\":\"ReadAction\",\"target\":[\"https:\/\/old.kosmetoloog.ee\/toode\/deppurativo-derma-estratto-05\/\"]}]},{\"@type\":\"ImageObject\",\"inLanguage\":\"et\",\"@id\":\"https:\/\/old.kosmetoloog.ee\/toode\/deppurativo-derma-estratto-05\/#primaryimage\",\"url\":\"https:\/\/old.kosmetoloog.ee\/wp-content\/uploads\/2023\/10\/render_Decottopia_IT_05-scaled.jpg\",\"contentUrl\":\"https:\/\/old.kosmetoloog.ee\/wp-content\/uploads\/2023\/10\/render_Decottopia_IT_05-scaled.jpg\",\"width\":2257,\"height\":2560},{\"@type\":\"BreadcrumbList\",\"@id\":\"https:\/\/old.kosmetoloog.ee\/toode\/deppurativo-derma-estratto-05\/#breadcrumb\",\"itemListElement\":[{\"@type\":\"ListItem\",\"position\":1,\"name\":\"Home\",\"item\":\"https:\/\/old.kosmetoloog.ee\/et\/\"},{\"@type\":\"ListItem\",\"position\":2,\"name\":\"Pood\",\"item\":\"https:\/\/old.kosmetoloog.ee\/et\/pood\/\"},{\"@type\":\"ListItem\",\"position\":3,\"name\":\"NAHA PUHASTAMISEKSTRAKT 05 \/ DEPPURATIVO DERMA ESTRATTO 05\"}]},{\"@type\":\"WebSite\",\"@id\":\"https:\/\/old.kosmetoloog.ee\/#website\",\"url\":\"https:\/\/old.kosmetoloog.ee\/\",\"name\":\"Ilutoodete e-pood\",\"description\":\"Kosmeetika pood\",\"publisher\":{\"@id\":\"https:\/\/old.kosmetoloog.ee\/#organization\"},\"potentialAction\":[{\"@type\":\"SearchAction\",\"target\":{\"@type\":\"EntryPoint\",\"urlTemplate\":\"https:\/\/old.kosmetoloog.ee\/?s={search_term_string}\"},\"query-input\":{\"@type\":\"PropertyValueSpecification\",\"valueRequired\":true,\"valueName\":\"search_term_string\"}}],\"inLanguage\":\"et\"},{\"@type\":\"Organization\",\"@id\":\"https:\/\/old.kosmetoloog.ee\/#organization\",\"name\":\"You are You O\u00dc\",\"url\":\"https:\/\/old.kosmetoloog.ee\/\",\"logo\":{\"@type\":\"ImageObject\",\"inLanguage\":\"et\",\"@id\":\"https:\/\/old.kosmetoloog.ee\/#\/schema\/logo\/image\/\",\"url\":\"https:\/\/old.kosmetoloog.ee\/wp-content\/uploads\/2023\/08\/logo-1.png\",\"contentUrl\":\"https:\/\/old.kosmetoloog.ee\/wp-content\/uploads\/2023\/08\/logo-1.png\",\"width\":1200,\"height\":964,\"caption\":\"You are You O\u00dc\"},\"image\":{\"@id\":\"https:\/\/old.kosmetoloog.ee\/#\/schema\/logo\/image\/\"}}]}<\/script>\n<!-- \/ Yoast SEO plugin. -->","yoast_head_json":{"title":"NAHA PUHASTAMISEKSTRAKT 05 \/ DEPPURATIVO DERMA ESTRATTO 05 - Ilutoodete e-pood","robots":{"index":"noindex","follow":"follow","max-snippet":"max-snippet:-1","max-image-preview":"max-image-preview:large","max-video-preview":"max-video-preview:-1"},"og_locale":"et_EE","og_type":"article","og_title":"NAHA PUHASTAMISEKSTRAKT 05 \/ DEPPURATIVO DERMA ESTRATTO 05 - Ilutoodete e-pood","og_description":"T\u00e4nu sisalduvate taimede puhastavale toimele on t\u00f5hus n\u00e4o- ja kehahoolduseks","og_url":"https:\/\/old.kosmetoloog.ee\/toode\/deppurativo-derma-estratto-05\/","og_site_name":"Ilutoodete e-pood","article_modified_time":"2023-11-03T07:36:16+00:00","og_image":[{"width":2257,"height":2560,"url":"https:\/\/old.kosmetoloog.ee\/wp-content\/uploads\/2023\/10\/render_Decottopia_IT_05-scaled.jpg","type":"image\/jpeg"}],"twitter_card":"summary_large_image","schema":{"@context":"https:\/\/schema.org","@graph":[{"@type":"WebPage","@id":"https:\/\/old.kosmetoloog.ee\/toode\/deppurativo-derma-estratto-05\/","url":"https:\/\/old.kosmetoloog.ee\/toode\/deppurativo-derma-estratto-05\/","name":"NAHA PUHASTAMISEKSTRAKT 05 \/ DEPPURATIVO DERMA ESTRATTO 05 - Ilutoodete e-pood","isPartOf":{"@id":"https:\/\/old.kosmetoloog.ee\/#website"},"primaryImageOfPage":{"@id":"https:\/\/old.kosmetoloog.ee\/toode\/deppurativo-derma-estratto-05\/#primaryimage"},"image":{"@id":"https:\/\/old.kosmetoloog.ee\/toode\/deppurativo-derma-estratto-05\/#primaryimage"},"thumbnailUrl":"https:\/\/old.kosmetoloog.ee\/wp-content\/uploads\/2023\/10\/render_Decottopia_IT_05-scaled.jpg","datePublished":"2023-10-31T13:24:28+00:00","dateModified":"2023-11-03T07:36:16+00:00","breadcrumb":{"@id":"https:\/\/old.kosmetoloog.ee\/toode\/deppurativo-derma-estratto-05\/#breadcrumb"},"inLanguage":"et","potentialAction":[{"@type":"ReadAction","target":["https:\/\/old.kosmetoloog.ee\/toode\/deppurativo-derma-estratto-05\/"]}]},{"@type":"ImageObject","inLanguage":"et","@id":"https:\/\/old.kosmetoloog.ee\/toode\/deppurativo-derma-estratto-05\/#primaryimage","url":"https:\/\/old.kosmetoloog.ee\/wp-content\/uploads\/2023\/10\/render_Decottopia_IT_05-scaled.jpg","contentUrl":"https:\/\/old.kosmetoloog.ee\/wp-content\/uploads\/2023\/10\/render_Decottopia_IT_05-scaled.jpg","width":2257,"height":2560},{"@type":"BreadcrumbList","@id":"https:\/\/old.kosmetoloog.ee\/toode\/deppurativo-derma-estratto-05\/#breadcrumb","itemListElement":[{"@type":"ListItem","position":1,"name":"Home","item":"https:\/\/old.kosmetoloog.ee\/et\/"},{"@type":"ListItem","position":2,"name":"Pood","item":"https:\/\/old.kosmetoloog.ee\/et\/pood\/"},{"@type":"ListItem","position":3,"name":"NAHA PUHASTAMISEKSTRAKT 05 \/ DEPPURATIVO DERMA ESTRATTO 05"}]},{"@type":"WebSite","@id":"https:\/\/old.kosmetoloog.ee\/#website","url":"https:\/\/old.kosmetoloog.ee\/","name":"Ilutoodete e-pood","description":"Kosmeetika pood","publisher":{"@id":"https:\/\/old.kosmetoloog.ee\/#organization"},"potentialAction":[{"@type":"SearchAction","target":{"@type":"EntryPoint","urlTemplate":"https:\/\/old.kosmetoloog.ee\/?s={search_term_string}"},"query-input":{"@type":"PropertyValueSpecification","valueRequired":true,"valueName":"search_term_string"}}],"inLanguage":"et"},{"@type":"Organization","@id":"https:\/\/old.kosmetoloog.ee\/#organization","name":"You are You O\u00dc","url":"https:\/\/old.kosmetoloog.ee\/","logo":{"@type":"ImageObject","inLanguage":"et","@id":"https:\/\/old.kosmetoloog.ee\/#\/schema\/logo\/image\/","url":"https:\/\/old.kosmetoloog.ee\/wp-content\/uploads\/2023\/08\/logo-1.png","contentUrl":"https:\/\/old.kosmetoloog.ee\/wp-content\/uploads\/2023\/08\/logo-1.png","width":1200,"height":964,"caption":"You are You O\u00dc"},"image":{"@id":"https:\/\/old.kosmetoloog.ee\/#\/schema\/logo\/image\/"}}]}},"brands":[{"id":80,"name":"GIANLUCA MECH","slug":"gianluca-mech"}],"_links":{"self":[{"href":"https:\/\/old.kosmetoloog.ee\/et\/wp-json\/wp\/v2\/product\/1683","targetHints":{"allow":["GET"]}}],"collection":[{"href":"https:\/\/old.kosmetoloog.ee\/et\/wp-json\/wp\/v2\/product"}],"about":[{"href":"https:\/\/old.kosmetoloog.ee\/et\/wp-json\/wp\/v2\/types\/product"}],"replies":[{"embeddable":true,"href":"https:\/\/old.kosmetoloog.ee\/et\/wp-json\/wp\/v2\/comments?post=1683"}],"wp:featuredmedia":[{"embeddable":true,"href":"https:\/\/old.kosmetoloog.ee\/et\/wp-json\/wp\/v2\/media\/1682"}],"wp:attachment":[{"href":"https:\/\/old.kosmetoloog.ee\/et\/wp-json\/wp\/v2\/media?parent=1683"}],"wp:term":[{"taxonomy":"pwb-brand","embeddable":true,"href":"https:\/\/old.kosmetoloog.ee\/et\/wp-json\/wp\/v2\/pwb-brand?post=1683"},{"taxonomy":"product_brand","embeddable":true,"href":"https:\/\/old.kosmetoloog.ee\/et\/wp-json\/wp\/v2\/product_brand?post=1683"},{"taxonomy":"product_cat","embeddable":true,"href":"https:\/\/old.kosmetoloog.ee\/et\/wp-json\/wp\/v2\/product_cat?post=1683"},{"taxonomy":"product_tag","embeddable":true,"href":"https:\/\/old.kosmetoloog.ee\/et\/wp-json\/wp\/v2\/product_tag?post=1683"}],"curies":[{"name":"wp","href":"https:\/\/api.w.org\/{rel}","templated":true}]}}