{"id":1698,"date":"2023-11-03T11:04:04","date_gmt":"2023-11-03T09:04:04","guid":{"rendered":"https:\/\/kosmetoloog.ee\/?post_type=product&#038;p=1698"},"modified":"2023-11-14T11:38:31","modified_gmt":"2023-11-14T09:38:31","slug":"tonico-estratto-13","status":"publish","type":"product","link":"https:\/\/old.kosmetoloog.ee\/et\/toode\/tonico-estratto-13\/","title":{"rendered":"TONIK EKSTRAKT 13 \/ TONICO ESTRATTO 13"},"content":{"rendered":"<p>Toidulisand valmistatud ravimtaimede vesiekstraktidest<\/p>\n<p><strong>F\u00fcsioloogiline toime:<\/strong><\/p>\n<ul>\n<li>Mets-k\u00f5rven\u00f5ges: toonik ja ainevahetuse toetamine;<\/li>\n<li>Mets-k\u00f5rven\u00f5ges: toonik ja ainevahetuse toetamine; Siberi \u017een\u0161enn: toonik-adapto-geenne, loomulikud keha kaitsemehhanismid, m\u00e4lu ja kognitiivsed funktsioonid.<\/li>\n<li>Muira Puama ja Damiana\u2013 toniseeriv ja ergutav toime.<\/li>\n<\/ul>\n<p>TOODETAKSE AASTAST 1911, KASUTADES MUINASET DEKOTOPIA MEETODIT JA SALAJAT PERERETSEPTUURI.<\/p>\n<p>ALKOHOLIVABA \u2022 S\u00c4ILITUSAINETEVABA \u2022 GLUTEENIVABA \u2022 SUHKRUVABA* (*SUGRUD&lt;0,5 g\/100 ml) &lt;<\/p>\n","protected":false},"excerpt":{"rendered":"<p>Ideaalne energia taastamiseks \u00e4\u00e4rmise v\u00e4simusel v\u00f5i ainevahetuse stimuleerimiseks.<\/p>\n","protected":false},"featured_media":1696,"comment_status":"open","ping_status":"closed","template":"","meta":{"_acf_changed":false},"pwb-brand":[80],"product_brand":[],"product_cat":[92],"product_tag":[],"class_list":{"0":"post-1698","1":"product","2":"type-product","3":"status-publish","4":"has-post-thumbnail","6":"pwb-brand-gianluca-mech","7":"product_cat-tervisele","9":"first","10":"outofstock","11":"taxable","12":"shipping-taxable","13":"purchasable","14":"product-type-simple"},"acf":[],"yoast_head":"<!-- This site is optimized with the Yoast SEO plugin v25.7 - https:\/\/yoast.com\/wordpress\/plugins\/seo\/ -->\n<title>TONIK EKSTRAKT 13 \/ TONICO ESTRATTO 13 - Ilutoodete e-pood<\/title>\n<meta name=\"robots\" content=\"noindex, follow, max-snippet:-1, max-image-preview:large, max-video-preview:-1\" \/>\n<meta property=\"og:locale\" content=\"et_EE\" \/>\n<meta property=\"og:type\" content=\"article\" \/>\n<meta property=\"og:title\" content=\"TONIK EKSTRAKT 13 \/ TONICO ESTRATTO 13 - Ilutoodete e-pood\" \/>\n<meta property=\"og:description\" content=\"Ideaalne energia taastamiseks \u00e4\u00e4rmise v\u00e4simusel v\u00f5i ainevahetuse stimuleerimiseks.\" \/>\n<meta property=\"og:url\" content=\"https:\/\/old.kosmetoloog.ee\/toode\/tonico-estratto-13\/\" \/>\n<meta property=\"og:site_name\" content=\"Ilutoodete e-pood\" \/>\n<meta property=\"article:modified_time\" content=\"2023-11-14T09:38:31+00:00\" \/>\n<meta property=\"og:image\" content=\"https:\/\/old.kosmetoloog.ee\/wp-content\/uploads\/2023\/11\/render_Decottopia_IT_13-scaled.jpg\" \/>\n\t<meta property=\"og:image:width\" content=\"2274\" \/>\n\t<meta property=\"og:image:height\" content=\"2560\" \/>\n\t<meta property=\"og:image:type\" content=\"image\/jpeg\" \/>\n<meta name=\"twitter:card\" content=\"summary_large_image\" \/>\n<script type=\"application\/ld+json\" class=\"yoast-schema-graph\">{\"@context\":\"https:\/\/schema.org\",\"@graph\":[{\"@type\":\"WebPage\",\"@id\":\"https:\/\/old.kosmetoloog.ee\/toode\/tonico-estratto-13\/\",\"url\":\"https:\/\/old.kosmetoloog.ee\/toode\/tonico-estratto-13\/\",\"name\":\"TONIK EKSTRAKT 13 \/ TONICO ESTRATTO 13 - Ilutoodete e-pood\",\"isPartOf\":{\"@id\":\"https:\/\/old.kosmetoloog.ee\/#website\"},\"primaryImageOfPage\":{\"@id\":\"https:\/\/old.kosmetoloog.ee\/toode\/tonico-estratto-13\/#primaryimage\"},\"image\":{\"@id\":\"https:\/\/old.kosmetoloog.ee\/toode\/tonico-estratto-13\/#primaryimage\"},\"thumbnailUrl\":\"https:\/\/old.kosmetoloog.ee\/wp-content\/uploads\/2023\/11\/render_Decottopia_IT_13-scaled.jpg\",\"datePublished\":\"2023-11-03T09:04:04+00:00\",\"dateModified\":\"2023-11-14T09:38:31+00:00\",\"breadcrumb\":{\"@id\":\"https:\/\/old.kosmetoloog.ee\/toode\/tonico-estratto-13\/#breadcrumb\"},\"inLanguage\":\"et\",\"potentialAction\":[{\"@type\":\"ReadAction\",\"target\":[\"https:\/\/old.kosmetoloog.ee\/toode\/tonico-estratto-13\/\"]}]},{\"@type\":\"ImageObject\",\"inLanguage\":\"et\",\"@id\":\"https:\/\/old.kosmetoloog.ee\/toode\/tonico-estratto-13\/#primaryimage\",\"url\":\"https:\/\/old.kosmetoloog.ee\/wp-content\/uploads\/2023\/11\/render_Decottopia_IT_13-scaled.jpg\",\"contentUrl\":\"https:\/\/old.kosmetoloog.ee\/wp-content\/uploads\/2023\/11\/render_Decottopia_IT_13-scaled.jpg\",\"width\":2274,\"height\":2560},{\"@type\":\"BreadcrumbList\",\"@id\":\"https:\/\/old.kosmetoloog.ee\/toode\/tonico-estratto-13\/#breadcrumb\",\"itemListElement\":[{\"@type\":\"ListItem\",\"position\":1,\"name\":\"Home\",\"item\":\"https:\/\/old.kosmetoloog.ee\/et\/\"},{\"@type\":\"ListItem\",\"position\":2,\"name\":\"Pood\",\"item\":\"https:\/\/old.kosmetoloog.ee\/et\/pood\/\"},{\"@type\":\"ListItem\",\"position\":3,\"name\":\"TONIK EKSTRAKT 13 \/ TONICO ESTRATTO 13\"}]},{\"@type\":\"WebSite\",\"@id\":\"https:\/\/old.kosmetoloog.ee\/#website\",\"url\":\"https:\/\/old.kosmetoloog.ee\/\",\"name\":\"Ilutoodete e-pood\",\"description\":\"Kosmeetika pood\",\"publisher\":{\"@id\":\"https:\/\/old.kosmetoloog.ee\/#organization\"},\"potentialAction\":[{\"@type\":\"SearchAction\",\"target\":{\"@type\":\"EntryPoint\",\"urlTemplate\":\"https:\/\/old.kosmetoloog.ee\/?s={search_term_string}\"},\"query-input\":{\"@type\":\"PropertyValueSpecification\",\"valueRequired\":true,\"valueName\":\"search_term_string\"}}],\"inLanguage\":\"et\"},{\"@type\":\"Organization\",\"@id\":\"https:\/\/old.kosmetoloog.ee\/#organization\",\"name\":\"You are You O\u00dc\",\"url\":\"https:\/\/old.kosmetoloog.ee\/\",\"logo\":{\"@type\":\"ImageObject\",\"inLanguage\":\"et\",\"@id\":\"https:\/\/old.kosmetoloog.ee\/#\/schema\/logo\/image\/\",\"url\":\"https:\/\/old.kosmetoloog.ee\/wp-content\/uploads\/2023\/08\/logo-1.png\",\"contentUrl\":\"https:\/\/old.kosmetoloog.ee\/wp-content\/uploads\/2023\/08\/logo-1.png\",\"width\":1200,\"height\":964,\"caption\":\"You are You O\u00dc\"},\"image\":{\"@id\":\"https:\/\/old.kosmetoloog.ee\/#\/schema\/logo\/image\/\"}}]}<\/script>\n<!-- \/ Yoast SEO plugin. -->","yoast_head_json":{"title":"TONIK EKSTRAKT 13 \/ TONICO ESTRATTO 13 - Ilutoodete e-pood","robots":{"index":"noindex","follow":"follow","max-snippet":"max-snippet:-1","max-image-preview":"max-image-preview:large","max-video-preview":"max-video-preview:-1"},"og_locale":"et_EE","og_type":"article","og_title":"TONIK EKSTRAKT 13 \/ TONICO ESTRATTO 13 - Ilutoodete e-pood","og_description":"Ideaalne energia taastamiseks \u00e4\u00e4rmise v\u00e4simusel v\u00f5i ainevahetuse stimuleerimiseks.","og_url":"https:\/\/old.kosmetoloog.ee\/toode\/tonico-estratto-13\/","og_site_name":"Ilutoodete e-pood","article_modified_time":"2023-11-14T09:38:31+00:00","og_image":[{"width":2274,"height":2560,"url":"https:\/\/old.kosmetoloog.ee\/wp-content\/uploads\/2023\/11\/render_Decottopia_IT_13-scaled.jpg","type":"image\/jpeg"}],"twitter_card":"summary_large_image","schema":{"@context":"https:\/\/schema.org","@graph":[{"@type":"WebPage","@id":"https:\/\/old.kosmetoloog.ee\/toode\/tonico-estratto-13\/","url":"https:\/\/old.kosmetoloog.ee\/toode\/tonico-estratto-13\/","name":"TONIK EKSTRAKT 13 \/ TONICO ESTRATTO 13 - Ilutoodete e-pood","isPartOf":{"@id":"https:\/\/old.kosmetoloog.ee\/#website"},"primaryImageOfPage":{"@id":"https:\/\/old.kosmetoloog.ee\/toode\/tonico-estratto-13\/#primaryimage"},"image":{"@id":"https:\/\/old.kosmetoloog.ee\/toode\/tonico-estratto-13\/#primaryimage"},"thumbnailUrl":"https:\/\/old.kosmetoloog.ee\/wp-content\/uploads\/2023\/11\/render_Decottopia_IT_13-scaled.jpg","datePublished":"2023-11-03T09:04:04+00:00","dateModified":"2023-11-14T09:38:31+00:00","breadcrumb":{"@id":"https:\/\/old.kosmetoloog.ee\/toode\/tonico-estratto-13\/#breadcrumb"},"inLanguage":"et","potentialAction":[{"@type":"ReadAction","target":["https:\/\/old.kosmetoloog.ee\/toode\/tonico-estratto-13\/"]}]},{"@type":"ImageObject","inLanguage":"et","@id":"https:\/\/old.kosmetoloog.ee\/toode\/tonico-estratto-13\/#primaryimage","url":"https:\/\/old.kosmetoloog.ee\/wp-content\/uploads\/2023\/11\/render_Decottopia_IT_13-scaled.jpg","contentUrl":"https:\/\/old.kosmetoloog.ee\/wp-content\/uploads\/2023\/11\/render_Decottopia_IT_13-scaled.jpg","width":2274,"height":2560},{"@type":"BreadcrumbList","@id":"https:\/\/old.kosmetoloog.ee\/toode\/tonico-estratto-13\/#breadcrumb","itemListElement":[{"@type":"ListItem","position":1,"name":"Home","item":"https:\/\/old.kosmetoloog.ee\/et\/"},{"@type":"ListItem","position":2,"name":"Pood","item":"https:\/\/old.kosmetoloog.ee\/et\/pood\/"},{"@type":"ListItem","position":3,"name":"TONIK EKSTRAKT 13 \/ TONICO ESTRATTO 13"}]},{"@type":"WebSite","@id":"https:\/\/old.kosmetoloog.ee\/#website","url":"https:\/\/old.kosmetoloog.ee\/","name":"Ilutoodete e-pood","description":"Kosmeetika pood","publisher":{"@id":"https:\/\/old.kosmetoloog.ee\/#organization"},"potentialAction":[{"@type":"SearchAction","target":{"@type":"EntryPoint","urlTemplate":"https:\/\/old.kosmetoloog.ee\/?s={search_term_string}"},"query-input":{"@type":"PropertyValueSpecification","valueRequired":true,"valueName":"search_term_string"}}],"inLanguage":"et"},{"@type":"Organization","@id":"https:\/\/old.kosmetoloog.ee\/#organization","name":"You are You O\u00dc","url":"https:\/\/old.kosmetoloog.ee\/","logo":{"@type":"ImageObject","inLanguage":"et","@id":"https:\/\/old.kosmetoloog.ee\/#\/schema\/logo\/image\/","url":"https:\/\/old.kosmetoloog.ee\/wp-content\/uploads\/2023\/08\/logo-1.png","contentUrl":"https:\/\/old.kosmetoloog.ee\/wp-content\/uploads\/2023\/08\/logo-1.png","width":1200,"height":964,"caption":"You are You O\u00dc"},"image":{"@id":"https:\/\/old.kosmetoloog.ee\/#\/schema\/logo\/image\/"}}]}},"brands":[{"id":80,"name":"GIANLUCA MECH","slug":"gianluca-mech"}],"_links":{"self":[{"href":"https:\/\/old.kosmetoloog.ee\/et\/wp-json\/wp\/v2\/product\/1698","targetHints":{"allow":["GET"]}}],"collection":[{"href":"https:\/\/old.kosmetoloog.ee\/et\/wp-json\/wp\/v2\/product"}],"about":[{"href":"https:\/\/old.kosmetoloog.ee\/et\/wp-json\/wp\/v2\/types\/product"}],"replies":[{"embeddable":true,"href":"https:\/\/old.kosmetoloog.ee\/et\/wp-json\/wp\/v2\/comments?post=1698"}],"wp:featuredmedia":[{"embeddable":true,"href":"https:\/\/old.kosmetoloog.ee\/et\/wp-json\/wp\/v2\/media\/1696"}],"wp:attachment":[{"href":"https:\/\/old.kosmetoloog.ee\/et\/wp-json\/wp\/v2\/media?parent=1698"}],"wp:term":[{"taxonomy":"pwb-brand","embeddable":true,"href":"https:\/\/old.kosmetoloog.ee\/et\/wp-json\/wp\/v2\/pwb-brand?post=1698"},{"taxonomy":"product_brand","embeddable":true,"href":"https:\/\/old.kosmetoloog.ee\/et\/wp-json\/wp\/v2\/product_brand?post=1698"},{"taxonomy":"product_cat","embeddable":true,"href":"https:\/\/old.kosmetoloog.ee\/et\/wp-json\/wp\/v2\/product_cat?post=1698"},{"taxonomy":"product_tag","embeddable":true,"href":"https:\/\/old.kosmetoloog.ee\/et\/wp-json\/wp\/v2\/product_tag?post=1698"}],"curies":[{"name":"wp","href":"https:\/\/api.w.org\/{rel}","templated":true}]}}