{"id":1792,"date":"2023-11-22T08:57:12","date_gmt":"2023-11-22T06:57:12","guid":{"rendered":"https:\/\/kosmetoloog.ee\/?post_type=product&#038;p=1792"},"modified":"2023-12-04T21:59:45","modified_gmt":"2023-12-04T19:59:45","slug":"shotid-wheatgrass-nisuidude-mahlast-%d0%ba%d0%be%d0%bf%d0%b8%d1%80%d0%be%d0%b2%d0%b0%d1%82%d1%8c","status":"publish","type":"product","link":"https:\/\/old.kosmetoloog.ee\/et\/toode\/shotid-wheatgrass-nisuidude-mahlast-%d0%ba%d0%be%d0%bf%d0%b8%d1%80%d0%be%d0%b2%d0%b0%d1%82%d1%8c\/","title":{"rendered":"WHEATGRASS SHOTID NISUDU MAHLAST"},"content":{"rendered":"<p>WHEATGRASS shotid nisuidu puhtast t\u00f6\u00f6tlemata mahlast aitavad puhastada keha, toetavad immuuns\u00fcsteemi ning t\u00f5stavad energiat ja tuju!<br \/>\nNisuidu mahl sisaldab \u00fcle 70 mineraalaine ja vitamiini, sadu elusens\u00fc\u00fcme, aminohappeid, antioks\u00fcdante ning on k\u00f5rge valgusisaldusega \u2013 ligikaudu 87 massiprotsenti. Selle uskumatu toitainete rohkusega annab nisuhein energialaengu noorendava toonikuna ja on sageli puhastusprogrammide p\u00f5hikoostisosa.<\/p>\n<p><strong>\u2665 PARANDAB SEEDEMISS\u00dcSTEEMI<\/strong><\/p>\n<p>Kiudained ja B-vitamiinid parandavad seedes\u00fcsteemi lihaste t\u00f6\u00f6d. Tiamiin aitab muuta s\u00fcsivesikud energiaks, riboflaviin aga hoiab seedetrakti limaskesta tervena.<\/p>\n<p><strong>\u2665 ABI VEREHAIGUSTE KORRAL<\/strong><\/p>\n<p>2004. aastal talasseemiaga (hemoglobiini s\u00fcnteesi defektiga) patsientidega l\u00e4bi viidud uuringu kohaselt v\u00e4hendas vaid 100 milliliitrit nisuheina mahla vajadust vere\u00fclekande j\u00e4rele.<\/p>\n<p><strong>\u2665 STRESSI JA DEPRESSIOONI LEEVENDAMINE<\/strong><\/p>\n<p>Nisuheina k\u00f5rge rauasisaldus ja B-vitamiinid aitavad kehal \u00e4revusest ja depressioonist \u00fcle saada.<\/p>\n<p><strong>\u2665 V\u00d5IDLUS V\u00c4HIGA<\/strong><\/p>\n<p>Klorof\u00fcll on v\u00e4ga t\u00f5hus vere puhastamisel toksiinidest, kantserogeenidest, vabadest radikaalidest ja kemikaalidest, mis v\u00f5ivad p\u00f5hjustada v\u00e4hki.<\/p>\n<p><strong>\u2665 ANTISEPTILISED EELISED<\/strong><\/p>\n<p>Shotid sobivad ideaalselt ebameeldiva l\u00f5hna k\u00f5rvaldamiseks ja streptokokkinfektsioonide neutraliseerimiseks. Samuti soodustavad need haavade kiiremat paranemist.<\/p>\n","protected":false},"excerpt":{"rendered":"<p>Nisuidumahlast valmistatud WHEATGRASS shotid &#8211; tervisetoonik igaks p\u00e4evaks!<\/p>\n","protected":false},"featured_media":948,"comment_status":"open","ping_status":"closed","template":"","meta":{"_acf_changed":false},"pwb-brand":[48],"product_brand":[],"product_cat":[92],"product_tag":[],"class_list":{"0":"post-1792","1":"product","2":"type-product","3":"status-publish","4":"has-post-thumbnail","6":"pwb-brand-nosdgrass","7":"product_cat-tervisele","9":"first","10":"instock","11":"sale","12":"taxable","13":"shipping-taxable","14":"purchasable","15":"product-type-simple"},"acf":[],"yoast_head":"<!-- This site is optimized with the Yoast SEO plugin v25.7 - https:\/\/yoast.com\/wordpress\/plugins\/seo\/ -->\n<title>WHEATGRASS SHOTID NISUDU MAHLAST - Ilutoodete e-pood<\/title>\n<meta name=\"robots\" content=\"noindex, follow, max-snippet:-1, max-image-preview:large, max-video-preview:-1\" \/>\n<meta property=\"og:locale\" content=\"et_EE\" \/>\n<meta property=\"og:type\" content=\"article\" \/>\n<meta property=\"og:title\" content=\"WHEATGRASS SHOTID NISUDU MAHLAST - Ilutoodete e-pood\" \/>\n<meta property=\"og:description\" content=\"Nisuidumahlast valmistatud WHEATGRASS shotid - tervisetoonik igaks p\u00e4evaks!\" \/>\n<meta property=\"og:url\" content=\"https:\/\/old.kosmetoloog.ee\/et\/toode\/shotid-wheatgrass-nisuidude-mahlast-\u043a\u043e\u043f\u0438\u0440\u043e\u0432\u0430\u0442\u044c\/\" \/>\n<meta property=\"og:site_name\" content=\"Ilutoodete e-pood\" \/>\n<meta property=\"article:modified_time\" content=\"2023-12-04T19:59:45+00:00\" \/>\n<meta property=\"og:image\" content=\"https:\/\/old.kosmetoloog.ee\/wp-content\/uploads\/2023\/09\/WHEATGRASS.png\" \/>\n\t<meta property=\"og:image:width\" content=\"523\" \/>\n\t<meta property=\"og:image:height\" content=\"564\" \/>\n\t<meta property=\"og:image:type\" content=\"image\/png\" \/>\n<meta name=\"twitter:card\" content=\"summary_large_image\" \/>\n<meta name=\"twitter:label1\" content=\"Est. reading time\" \/>\n\t<meta name=\"twitter:data1\" content=\"1 minut\" \/>\n<script type=\"application\/ld+json\" class=\"yoast-schema-graph\">{\"@context\":\"https:\/\/schema.org\",\"@graph\":[{\"@type\":\"WebPage\",\"@id\":\"https:\/\/old.kosmetoloog.ee\/et\/toode\/shotid-wheatgrass-nisuidude-mahlast-%d0%ba%d0%be%d0%bf%d0%b8%d1%80%d0%be%d0%b2%d0%b0%d1%82%d1%8c\/\",\"url\":\"https:\/\/old.kosmetoloog.ee\/et\/toode\/shotid-wheatgrass-nisuidude-mahlast-%d0%ba%d0%be%d0%bf%d0%b8%d1%80%d0%be%d0%b2%d0%b0%d1%82%d1%8c\/\",\"name\":\"WHEATGRASS SHOTID NISUDU MAHLAST - Ilutoodete e-pood\",\"isPartOf\":{\"@id\":\"https:\/\/old.kosmetoloog.ee\/#website\"},\"primaryImageOfPage\":{\"@id\":\"https:\/\/old.kosmetoloog.ee\/et\/toode\/shotid-wheatgrass-nisuidude-mahlast-%d0%ba%d0%be%d0%bf%d0%b8%d1%80%d0%be%d0%b2%d0%b0%d1%82%d1%8c\/#primaryimage\"},\"image\":{\"@id\":\"https:\/\/old.kosmetoloog.ee\/et\/toode\/shotid-wheatgrass-nisuidude-mahlast-%d0%ba%d0%be%d0%bf%d0%b8%d1%80%d0%be%d0%b2%d0%b0%d1%82%d1%8c\/#primaryimage\"},\"thumbnailUrl\":\"https:\/\/old.kosmetoloog.ee\/wp-content\/uploads\/2023\/09\/WHEATGRASS.png\",\"datePublished\":\"2023-11-22T06:57:12+00:00\",\"dateModified\":\"2023-12-04T19:59:45+00:00\",\"breadcrumb\":{\"@id\":\"https:\/\/old.kosmetoloog.ee\/et\/toode\/shotid-wheatgrass-nisuidude-mahlast-%d0%ba%d0%be%d0%bf%d0%b8%d1%80%d0%be%d0%b2%d0%b0%d1%82%d1%8c\/#breadcrumb\"},\"inLanguage\":\"et\",\"potentialAction\":[{\"@type\":\"ReadAction\",\"target\":[\"https:\/\/old.kosmetoloog.ee\/et\/toode\/shotid-wheatgrass-nisuidude-mahlast-%d0%ba%d0%be%d0%bf%d0%b8%d1%80%d0%be%d0%b2%d0%b0%d1%82%d1%8c\/\"]}]},{\"@type\":\"ImageObject\",\"inLanguage\":\"et\",\"@id\":\"https:\/\/old.kosmetoloog.ee\/et\/toode\/shotid-wheatgrass-nisuidude-mahlast-%d0%ba%d0%be%d0%bf%d0%b8%d1%80%d0%be%d0%b2%d0%b0%d1%82%d1%8c\/#primaryimage\",\"url\":\"https:\/\/old.kosmetoloog.ee\/wp-content\/uploads\/2023\/09\/WHEATGRASS.png\",\"contentUrl\":\"https:\/\/old.kosmetoloog.ee\/wp-content\/uploads\/2023\/09\/WHEATGRASS.png\",\"width\":523,\"height\":564},{\"@type\":\"BreadcrumbList\",\"@id\":\"https:\/\/old.kosmetoloog.ee\/et\/toode\/shotid-wheatgrass-nisuidude-mahlast-%d0%ba%d0%be%d0%bf%d0%b8%d1%80%d0%be%d0%b2%d0%b0%d1%82%d1%8c\/#breadcrumb\",\"itemListElement\":[{\"@type\":\"ListItem\",\"position\":1,\"name\":\"Home\",\"item\":\"https:\/\/old.kosmetoloog.ee\/et\/\"},{\"@type\":\"ListItem\",\"position\":2,\"name\":\"Pood\",\"item\":\"https:\/\/old.kosmetoloog.ee\/et\/pood\/\"},{\"@type\":\"ListItem\",\"position\":3,\"name\":\"WHEATGRASS SHOTID NISUDU MAHLAST\"}]},{\"@type\":\"WebSite\",\"@id\":\"https:\/\/old.kosmetoloog.ee\/#website\",\"url\":\"https:\/\/old.kosmetoloog.ee\/\",\"name\":\"Ilutoodete e-pood\",\"description\":\"Kosmeetika pood\",\"publisher\":{\"@id\":\"https:\/\/old.kosmetoloog.ee\/#organization\"},\"potentialAction\":[{\"@type\":\"SearchAction\",\"target\":{\"@type\":\"EntryPoint\",\"urlTemplate\":\"https:\/\/old.kosmetoloog.ee\/?s={search_term_string}\"},\"query-input\":{\"@type\":\"PropertyValueSpecification\",\"valueRequired\":true,\"valueName\":\"search_term_string\"}}],\"inLanguage\":\"et\"},{\"@type\":\"Organization\",\"@id\":\"https:\/\/old.kosmetoloog.ee\/#organization\",\"name\":\"You are You O\u00dc\",\"url\":\"https:\/\/old.kosmetoloog.ee\/\",\"logo\":{\"@type\":\"ImageObject\",\"inLanguage\":\"et\",\"@id\":\"https:\/\/old.kosmetoloog.ee\/#\/schema\/logo\/image\/\",\"url\":\"https:\/\/old.kosmetoloog.ee\/wp-content\/uploads\/2023\/08\/logo-1.png\",\"contentUrl\":\"https:\/\/old.kosmetoloog.ee\/wp-content\/uploads\/2023\/08\/logo-1.png\",\"width\":1200,\"height\":964,\"caption\":\"You are You O\u00dc\"},\"image\":{\"@id\":\"https:\/\/old.kosmetoloog.ee\/#\/schema\/logo\/image\/\"}}]}<\/script>\n<!-- \/ Yoast SEO plugin. -->","yoast_head_json":{"title":"WHEATGRASS SHOTID NISUDU MAHLAST - Ilutoodete e-pood","robots":{"index":"noindex","follow":"follow","max-snippet":"max-snippet:-1","max-image-preview":"max-image-preview:large","max-video-preview":"max-video-preview:-1"},"og_locale":"et_EE","og_type":"article","og_title":"WHEATGRASS SHOTID NISUDU MAHLAST - Ilutoodete e-pood","og_description":"Nisuidumahlast valmistatud WHEATGRASS shotid - tervisetoonik igaks p\u00e4evaks!","og_url":"https:\/\/old.kosmetoloog.ee\/et\/toode\/shotid-wheatgrass-nisuidude-mahlast-\u043a\u043e\u043f\u0438\u0440\u043e\u0432\u0430\u0442\u044c\/","og_site_name":"Ilutoodete e-pood","article_modified_time":"2023-12-04T19:59:45+00:00","og_image":[{"width":523,"height":564,"url":"https:\/\/old.kosmetoloog.ee\/wp-content\/uploads\/2023\/09\/WHEATGRASS.png","type":"image\/png"}],"twitter_card":"summary_large_image","twitter_misc":{"Est. reading time":"1 minut"},"schema":{"@context":"https:\/\/schema.org","@graph":[{"@type":"WebPage","@id":"https:\/\/old.kosmetoloog.ee\/et\/toode\/shotid-wheatgrass-nisuidude-mahlast-%d0%ba%d0%be%d0%bf%d0%b8%d1%80%d0%be%d0%b2%d0%b0%d1%82%d1%8c\/","url":"https:\/\/old.kosmetoloog.ee\/et\/toode\/shotid-wheatgrass-nisuidude-mahlast-%d0%ba%d0%be%d0%bf%d0%b8%d1%80%d0%be%d0%b2%d0%b0%d1%82%d1%8c\/","name":"WHEATGRASS SHOTID NISUDU MAHLAST - Ilutoodete e-pood","isPartOf":{"@id":"https:\/\/old.kosmetoloog.ee\/#website"},"primaryImageOfPage":{"@id":"https:\/\/old.kosmetoloog.ee\/et\/toode\/shotid-wheatgrass-nisuidude-mahlast-%d0%ba%d0%be%d0%bf%d0%b8%d1%80%d0%be%d0%b2%d0%b0%d1%82%d1%8c\/#primaryimage"},"image":{"@id":"https:\/\/old.kosmetoloog.ee\/et\/toode\/shotid-wheatgrass-nisuidude-mahlast-%d0%ba%d0%be%d0%bf%d0%b8%d1%80%d0%be%d0%b2%d0%b0%d1%82%d1%8c\/#primaryimage"},"thumbnailUrl":"https:\/\/old.kosmetoloog.ee\/wp-content\/uploads\/2023\/09\/WHEATGRASS.png","datePublished":"2023-11-22T06:57:12+00:00","dateModified":"2023-12-04T19:59:45+00:00","breadcrumb":{"@id":"https:\/\/old.kosmetoloog.ee\/et\/toode\/shotid-wheatgrass-nisuidude-mahlast-%d0%ba%d0%be%d0%bf%d0%b8%d1%80%d0%be%d0%b2%d0%b0%d1%82%d1%8c\/#breadcrumb"},"inLanguage":"et","potentialAction":[{"@type":"ReadAction","target":["https:\/\/old.kosmetoloog.ee\/et\/toode\/shotid-wheatgrass-nisuidude-mahlast-%d0%ba%d0%be%d0%bf%d0%b8%d1%80%d0%be%d0%b2%d0%b0%d1%82%d1%8c\/"]}]},{"@type":"ImageObject","inLanguage":"et","@id":"https:\/\/old.kosmetoloog.ee\/et\/toode\/shotid-wheatgrass-nisuidude-mahlast-%d0%ba%d0%be%d0%bf%d0%b8%d1%80%d0%be%d0%b2%d0%b0%d1%82%d1%8c\/#primaryimage","url":"https:\/\/old.kosmetoloog.ee\/wp-content\/uploads\/2023\/09\/WHEATGRASS.png","contentUrl":"https:\/\/old.kosmetoloog.ee\/wp-content\/uploads\/2023\/09\/WHEATGRASS.png","width":523,"height":564},{"@type":"BreadcrumbList","@id":"https:\/\/old.kosmetoloog.ee\/et\/toode\/shotid-wheatgrass-nisuidude-mahlast-%d0%ba%d0%be%d0%bf%d0%b8%d1%80%d0%be%d0%b2%d0%b0%d1%82%d1%8c\/#breadcrumb","itemListElement":[{"@type":"ListItem","position":1,"name":"Home","item":"https:\/\/old.kosmetoloog.ee\/et\/"},{"@type":"ListItem","position":2,"name":"Pood","item":"https:\/\/old.kosmetoloog.ee\/et\/pood\/"},{"@type":"ListItem","position":3,"name":"WHEATGRASS SHOTID NISUDU MAHLAST"}]},{"@type":"WebSite","@id":"https:\/\/old.kosmetoloog.ee\/#website","url":"https:\/\/old.kosmetoloog.ee\/","name":"Ilutoodete e-pood","description":"Kosmeetika pood","publisher":{"@id":"https:\/\/old.kosmetoloog.ee\/#organization"},"potentialAction":[{"@type":"SearchAction","target":{"@type":"EntryPoint","urlTemplate":"https:\/\/old.kosmetoloog.ee\/?s={search_term_string}"},"query-input":{"@type":"PropertyValueSpecification","valueRequired":true,"valueName":"search_term_string"}}],"inLanguage":"et"},{"@type":"Organization","@id":"https:\/\/old.kosmetoloog.ee\/#organization","name":"You are You O\u00dc","url":"https:\/\/old.kosmetoloog.ee\/","logo":{"@type":"ImageObject","inLanguage":"et","@id":"https:\/\/old.kosmetoloog.ee\/#\/schema\/logo\/image\/","url":"https:\/\/old.kosmetoloog.ee\/wp-content\/uploads\/2023\/08\/logo-1.png","contentUrl":"https:\/\/old.kosmetoloog.ee\/wp-content\/uploads\/2023\/08\/logo-1.png","width":1200,"height":964,"caption":"You are You O\u00dc"},"image":{"@id":"https:\/\/old.kosmetoloog.ee\/#\/schema\/logo\/image\/"}}]}},"brands":[{"id":48,"name":"NordGrass","slug":"nosdgrass"}],"_links":{"self":[{"href":"https:\/\/old.kosmetoloog.ee\/et\/wp-json\/wp\/v2\/product\/1792","targetHints":{"allow":["GET"]}}],"collection":[{"href":"https:\/\/old.kosmetoloog.ee\/et\/wp-json\/wp\/v2\/product"}],"about":[{"href":"https:\/\/old.kosmetoloog.ee\/et\/wp-json\/wp\/v2\/types\/product"}],"replies":[{"embeddable":true,"href":"https:\/\/old.kosmetoloog.ee\/et\/wp-json\/wp\/v2\/comments?post=1792"}],"wp:featuredmedia":[{"embeddable":true,"href":"https:\/\/old.kosmetoloog.ee\/et\/wp-json\/wp\/v2\/media\/948"}],"wp:attachment":[{"href":"https:\/\/old.kosmetoloog.ee\/et\/wp-json\/wp\/v2\/media?parent=1792"}],"wp:term":[{"taxonomy":"pwb-brand","embeddable":true,"href":"https:\/\/old.kosmetoloog.ee\/et\/wp-json\/wp\/v2\/pwb-brand?post=1792"},{"taxonomy":"product_brand","embeddable":true,"href":"https:\/\/old.kosmetoloog.ee\/et\/wp-json\/wp\/v2\/product_brand?post=1792"},{"taxonomy":"product_cat","embeddable":true,"href":"https:\/\/old.kosmetoloog.ee\/et\/wp-json\/wp\/v2\/product_cat?post=1792"},{"taxonomy":"product_tag","embeddable":true,"href":"https:\/\/old.kosmetoloog.ee\/et\/wp-json\/wp\/v2\/product_tag?post=1792"}],"curies":[{"name":"wp","href":"https:\/\/api.w.org\/{rel}","templated":true}]}}