{"id":1813,"date":"2023-12-04T21:56:07","date_gmt":"2023-12-04T19:56:07","guid":{"rendered":"https:\/\/kosmetoloog.ee\/?post_type=product&#038;p=1813"},"modified":"2023-12-04T21:56:08","modified_gmt":"2023-12-04T19:56:08","slug":"kontuurvedelik-fluide-contours","status":"publish","type":"product","link":"https:\/\/old.kosmetoloog.ee\/et\/toode\/kontuurvedelik-fluide-contours\/","title":{"rendered":"KONTUURVEDELIK \/ FLUIDE CONTOURS"},"content":{"rendered":"<p>R\u00e4ni, sarapuup\u00e4hkli-, nisu- ja p\u00e4evalilleidu\u00f5lid, ylang-ylangi eeterlik \u00f5li stimuleerivad naharakkude uuenemist ning omavad tugevdava ja siluva toimet. Kaalium reguleerib vee tasakaalu raku tasandil. K\u00fcpressi eeterlik \u00f5li parandab mikrotsirkulatsiooni.<\/p>\n<p>Tootel on 100% looduslik koostis ja BIO kvaliteedim\u00e4rk. Ei sisalda silikooni, parabeene, mineraal\u00f5lisid, pol\u00fcet\u00fcleengl\u00fckooli, fenoks\u00fcetanooli, s\u00fcnteetilisi l\u00f5hna- ja v\u00e4rvaineid, geneetiliselt muundetud komponente.<\/p>\n","protected":false},"excerpt":{"rendered":"<p>Sulatav kreem toidab ja niisutab \u00f5rna silma\u00fcmbruse nahka, silub peeneid kortse, v\u00e4hendab turseid ja tumedaid silmaaluseid. Nahk pinguldub ja muutub elastseks.<\/p>\n","protected":false},"featured_media":1812,"comment_status":"open","ping_status":"closed","template":"","meta":{"_acf_changed":false},"pwb-brand":[43],"product_brand":[],"product_cat":[62],"product_tag":[111],"class_list":{"0":"post-1813","1":"product","2":"type-product","3":"status-publish","4":"has-post-thumbnail","6":"pwb-brand-phyt","7":"product_cat-silmaumbruse-hooldus","8":"product_tag-vananemisvastane","10":"first","11":"outofstock","12":"taxable","13":"shipping-taxable","14":"purchasable","15":"product-type-simple"},"acf":[],"yoast_head":"<!-- This site is optimized with the Yoast SEO plugin v25.7 - https:\/\/yoast.com\/wordpress\/plugins\/seo\/ -->\n<title>KONTUURVEDELIK \/ FLUIDE CONTOURS - Ilutoodete e-pood<\/title>\n<meta name=\"robots\" content=\"noindex, follow, max-snippet:-1, max-image-preview:large, max-video-preview:-1\" \/>\n<meta property=\"og:locale\" content=\"et_EE\" \/>\n<meta property=\"og:type\" content=\"article\" \/>\n<meta property=\"og:title\" content=\"KONTUURVEDELIK \/ FLUIDE CONTOURS - Ilutoodete e-pood\" \/>\n<meta property=\"og:description\" content=\"Sulatav kreem toidab ja niisutab \u00f5rna silma\u00fcmbruse nahka, silub peeneid kortse, v\u00e4hendab turseid ja tumedaid silmaaluseid. Nahk pinguldub ja muutub elastseks.\" \/>\n<meta property=\"og:url\" content=\"https:\/\/old.kosmetoloog.ee\/toode\/fluide-contours\/\" \/>\n<meta property=\"og:site_name\" content=\"Ilutoodete e-pood\" \/>\n<meta property=\"article:modified_time\" content=\"2023-12-04T19:56:08+00:00\" \/>\n<meta property=\"og:image\" content=\"https:\/\/old.kosmetoloog.ee\/wp-content\/uploads\/2023\/11\/FLUIDE-CONTOURS.jpg\" \/>\n\t<meta property=\"og:image:width\" content=\"2048\" \/>\n\t<meta property=\"og:image:height\" content=\"2048\" \/>\n\t<meta property=\"og:image:type\" content=\"image\/jpeg\" \/>\n<meta name=\"twitter:card\" content=\"summary_large_image\" \/>\n<script type=\"application\/ld+json\" class=\"yoast-schema-graph\">{\"@context\":\"https:\/\/schema.org\",\"@graph\":[{\"@type\":\"WebPage\",\"@id\":\"https:\/\/old.kosmetoloog.ee\/toode\/fluide-contours\/\",\"url\":\"https:\/\/old.kosmetoloog.ee\/toode\/fluide-contours\/\",\"name\":\"KONTUURVEDELIK \/ FLUIDE CONTOURS - Ilutoodete e-pood\",\"isPartOf\":{\"@id\":\"https:\/\/old.kosmetoloog.ee\/#website\"},\"primaryImageOfPage\":{\"@id\":\"https:\/\/old.kosmetoloog.ee\/toode\/fluide-contours\/#primaryimage\"},\"image\":{\"@id\":\"https:\/\/old.kosmetoloog.ee\/toode\/fluide-contours\/#primaryimage\"},\"thumbnailUrl\":\"https:\/\/old.kosmetoloog.ee\/wp-content\/uploads\/2023\/11\/FLUIDE-CONTOURS.jpg\",\"datePublished\":\"2023-12-04T19:56:07+00:00\",\"dateModified\":\"2023-12-04T19:56:08+00:00\",\"breadcrumb\":{\"@id\":\"https:\/\/old.kosmetoloog.ee\/toode\/fluide-contours\/#breadcrumb\"},\"inLanguage\":\"et\",\"potentialAction\":[{\"@type\":\"ReadAction\",\"target\":[\"https:\/\/old.kosmetoloog.ee\/toode\/fluide-contours\/\"]}]},{\"@type\":\"ImageObject\",\"inLanguage\":\"et\",\"@id\":\"https:\/\/old.kosmetoloog.ee\/toode\/fluide-contours\/#primaryimage\",\"url\":\"https:\/\/old.kosmetoloog.ee\/wp-content\/uploads\/2023\/11\/FLUIDE-CONTOURS.jpg\",\"contentUrl\":\"https:\/\/old.kosmetoloog.ee\/wp-content\/uploads\/2023\/11\/FLUIDE-CONTOURS.jpg\",\"width\":2048,\"height\":2048},{\"@type\":\"BreadcrumbList\",\"@id\":\"https:\/\/old.kosmetoloog.ee\/toode\/fluide-contours\/#breadcrumb\",\"itemListElement\":[{\"@type\":\"ListItem\",\"position\":1,\"name\":\"Home\",\"item\":\"https:\/\/old.kosmetoloog.ee\/et\/\"},{\"@type\":\"ListItem\",\"position\":2,\"name\":\"Pood\",\"item\":\"https:\/\/old.kosmetoloog.ee\/et\/pood\/\"},{\"@type\":\"ListItem\",\"position\":3,\"name\":\"KONTUURVEDELIK \/ FLUIDE CONTOURS\"}]},{\"@type\":\"WebSite\",\"@id\":\"https:\/\/old.kosmetoloog.ee\/#website\",\"url\":\"https:\/\/old.kosmetoloog.ee\/\",\"name\":\"Ilutoodete e-pood\",\"description\":\"Kosmeetika pood\",\"publisher\":{\"@id\":\"https:\/\/old.kosmetoloog.ee\/#organization\"},\"potentialAction\":[{\"@type\":\"SearchAction\",\"target\":{\"@type\":\"EntryPoint\",\"urlTemplate\":\"https:\/\/old.kosmetoloog.ee\/?s={search_term_string}\"},\"query-input\":{\"@type\":\"PropertyValueSpecification\",\"valueRequired\":true,\"valueName\":\"search_term_string\"}}],\"inLanguage\":\"et\"},{\"@type\":\"Organization\",\"@id\":\"https:\/\/old.kosmetoloog.ee\/#organization\",\"name\":\"You are You O\u00dc\",\"url\":\"https:\/\/old.kosmetoloog.ee\/\",\"logo\":{\"@type\":\"ImageObject\",\"inLanguage\":\"et\",\"@id\":\"https:\/\/old.kosmetoloog.ee\/#\/schema\/logo\/image\/\",\"url\":\"https:\/\/old.kosmetoloog.ee\/wp-content\/uploads\/2023\/08\/logo-1.png\",\"contentUrl\":\"https:\/\/old.kosmetoloog.ee\/wp-content\/uploads\/2023\/08\/logo-1.png\",\"width\":1200,\"height\":964,\"caption\":\"You are You O\u00dc\"},\"image\":{\"@id\":\"https:\/\/old.kosmetoloog.ee\/#\/schema\/logo\/image\/\"}}]}<\/script>\n<!-- \/ Yoast SEO plugin. -->","yoast_head_json":{"title":"KONTUURVEDELIK \/ FLUIDE CONTOURS - Ilutoodete e-pood","robots":{"index":"noindex","follow":"follow","max-snippet":"max-snippet:-1","max-image-preview":"max-image-preview:large","max-video-preview":"max-video-preview:-1"},"og_locale":"et_EE","og_type":"article","og_title":"KONTUURVEDELIK \/ FLUIDE CONTOURS - Ilutoodete e-pood","og_description":"Sulatav kreem toidab ja niisutab \u00f5rna silma\u00fcmbruse nahka, silub peeneid kortse, v\u00e4hendab turseid ja tumedaid silmaaluseid. Nahk pinguldub ja muutub elastseks.","og_url":"https:\/\/old.kosmetoloog.ee\/toode\/fluide-contours\/","og_site_name":"Ilutoodete e-pood","article_modified_time":"2023-12-04T19:56:08+00:00","og_image":[{"width":2048,"height":2048,"url":"https:\/\/old.kosmetoloog.ee\/wp-content\/uploads\/2023\/11\/FLUIDE-CONTOURS.jpg","type":"image\/jpeg"}],"twitter_card":"summary_large_image","schema":{"@context":"https:\/\/schema.org","@graph":[{"@type":"WebPage","@id":"https:\/\/old.kosmetoloog.ee\/toode\/fluide-contours\/","url":"https:\/\/old.kosmetoloog.ee\/toode\/fluide-contours\/","name":"KONTUURVEDELIK \/ FLUIDE CONTOURS - Ilutoodete e-pood","isPartOf":{"@id":"https:\/\/old.kosmetoloog.ee\/#website"},"primaryImageOfPage":{"@id":"https:\/\/old.kosmetoloog.ee\/toode\/fluide-contours\/#primaryimage"},"image":{"@id":"https:\/\/old.kosmetoloog.ee\/toode\/fluide-contours\/#primaryimage"},"thumbnailUrl":"https:\/\/old.kosmetoloog.ee\/wp-content\/uploads\/2023\/11\/FLUIDE-CONTOURS.jpg","datePublished":"2023-12-04T19:56:07+00:00","dateModified":"2023-12-04T19:56:08+00:00","breadcrumb":{"@id":"https:\/\/old.kosmetoloog.ee\/toode\/fluide-contours\/#breadcrumb"},"inLanguage":"et","potentialAction":[{"@type":"ReadAction","target":["https:\/\/old.kosmetoloog.ee\/toode\/fluide-contours\/"]}]},{"@type":"ImageObject","inLanguage":"et","@id":"https:\/\/old.kosmetoloog.ee\/toode\/fluide-contours\/#primaryimage","url":"https:\/\/old.kosmetoloog.ee\/wp-content\/uploads\/2023\/11\/FLUIDE-CONTOURS.jpg","contentUrl":"https:\/\/old.kosmetoloog.ee\/wp-content\/uploads\/2023\/11\/FLUIDE-CONTOURS.jpg","width":2048,"height":2048},{"@type":"BreadcrumbList","@id":"https:\/\/old.kosmetoloog.ee\/toode\/fluide-contours\/#breadcrumb","itemListElement":[{"@type":"ListItem","position":1,"name":"Home","item":"https:\/\/old.kosmetoloog.ee\/et\/"},{"@type":"ListItem","position":2,"name":"Pood","item":"https:\/\/old.kosmetoloog.ee\/et\/pood\/"},{"@type":"ListItem","position":3,"name":"KONTUURVEDELIK \/ FLUIDE CONTOURS"}]},{"@type":"WebSite","@id":"https:\/\/old.kosmetoloog.ee\/#website","url":"https:\/\/old.kosmetoloog.ee\/","name":"Ilutoodete e-pood","description":"Kosmeetika pood","publisher":{"@id":"https:\/\/old.kosmetoloog.ee\/#organization"},"potentialAction":[{"@type":"SearchAction","target":{"@type":"EntryPoint","urlTemplate":"https:\/\/old.kosmetoloog.ee\/?s={search_term_string}"},"query-input":{"@type":"PropertyValueSpecification","valueRequired":true,"valueName":"search_term_string"}}],"inLanguage":"et"},{"@type":"Organization","@id":"https:\/\/old.kosmetoloog.ee\/#organization","name":"You are You O\u00dc","url":"https:\/\/old.kosmetoloog.ee\/","logo":{"@type":"ImageObject","inLanguage":"et","@id":"https:\/\/old.kosmetoloog.ee\/#\/schema\/logo\/image\/","url":"https:\/\/old.kosmetoloog.ee\/wp-content\/uploads\/2023\/08\/logo-1.png","contentUrl":"https:\/\/old.kosmetoloog.ee\/wp-content\/uploads\/2023\/08\/logo-1.png","width":1200,"height":964,"caption":"You are You O\u00dc"},"image":{"@id":"https:\/\/old.kosmetoloog.ee\/#\/schema\/logo\/image\/"}}]}},"brands":[{"id":43,"name":"PHYT'S","slug":"phyt"}],"_links":{"self":[{"href":"https:\/\/old.kosmetoloog.ee\/et\/wp-json\/wp\/v2\/product\/1813","targetHints":{"allow":["GET"]}}],"collection":[{"href":"https:\/\/old.kosmetoloog.ee\/et\/wp-json\/wp\/v2\/product"}],"about":[{"href":"https:\/\/old.kosmetoloog.ee\/et\/wp-json\/wp\/v2\/types\/product"}],"replies":[{"embeddable":true,"href":"https:\/\/old.kosmetoloog.ee\/et\/wp-json\/wp\/v2\/comments?post=1813"}],"wp:featuredmedia":[{"embeddable":true,"href":"https:\/\/old.kosmetoloog.ee\/et\/wp-json\/wp\/v2\/media\/1812"}],"wp:attachment":[{"href":"https:\/\/old.kosmetoloog.ee\/et\/wp-json\/wp\/v2\/media?parent=1813"}],"wp:term":[{"taxonomy":"pwb-brand","embeddable":true,"href":"https:\/\/old.kosmetoloog.ee\/et\/wp-json\/wp\/v2\/pwb-brand?post=1813"},{"taxonomy":"product_brand","embeddable":true,"href":"https:\/\/old.kosmetoloog.ee\/et\/wp-json\/wp\/v2\/product_brand?post=1813"},{"taxonomy":"product_cat","embeddable":true,"href":"https:\/\/old.kosmetoloog.ee\/et\/wp-json\/wp\/v2\/product_cat?post=1813"},{"taxonomy":"product_tag","embeddable":true,"href":"https:\/\/old.kosmetoloog.ee\/et\/wp-json\/wp\/v2\/product_tag?post=1813"}],"curies":[{"name":"wp","href":"https:\/\/api.w.org\/{rel}","templated":true}]}}