{"id":1825,"date":"2023-12-04T22:11:16","date_gmt":"2023-12-04T20:11:16","guid":{"rendered":"https:\/\/kosmetoloog.ee\/?post_type=product&#038;p=1825"},"modified":"2023-12-15T14:49:22","modified_gmt":"2023-12-15T12:49:22","slug":"silmakreem-panacea-panacee-le-contour-yeux","status":"publish","type":"product","link":"https:\/\/old.kosmetoloog.ee\/et\/toode\/silmakreem-panacea-panacee-le-contour-yeux\/","title":{"rendered":"SILMAKREEM &#8220;PANACEA&#8221;\/ PANACEE LE CONTOUR YEUX"},"content":{"rendered":"<p>Selle ebatavaline konsistents \u2013 geeli ja kreemi vahel \u2013 tagab pealekandmises mugavuse ja kiire imendumise.<\/p>\n<p>Panacea silma\u00fcmbruskreemi koostis on rikastatud Annurca \u00f5una ekstraktiga, mille bioflavonoidid on v\u00f5imsad antioks\u00fcdandid. Need aitavad siluda kortse, kaitsta silma\u00fcmbruse nahka kahjulikke keskkonnam\u00f5jude eest, ennetades selle enneaegset vananemist ja tuhmumist ning annavad kohese t\u00f5stva efekti.<\/p>\n<p>T\u00e4nu akmella, rukki ja aaloe ekstraktide kompleksile v\u00e4hendab kreem oluliselt kortse, niisutab, silub ja tugevdab nahka.<\/p>\n<p>Edelweissi ekstrakt omab antioks\u00fcdantset toimet ja v\u00e4hendab oks\u00fcdatiivset stressi.<\/p>\n<p>Pilk muutub avatumaks, aga v\u00e4limus v\u00e4rskeks ja nooruslikuks.<\/p>\n<p>Sobib igale nahat\u00fc\u00fcbile.<\/p>\n","protected":false},"excerpt":{"rendered":"<p>PHYT\u2019S Laboratory spetsialistide uuenduslik arendus on ainulaadne toode, mille eesm\u00e4rk on lahendada silma\u00fcmbruse naha vanusega seotud muutusi: kortsud, v\u00e4sinud silmad, tumedad ringid ega tursed silmade all, l\u00f5tvumine ja deh\u00fcdratsioon.<\/p>\n","protected":false},"featured_media":1824,"comment_status":"open","ping_status":"closed","template":"","meta":{"_acf_changed":false},"pwb-brand":[43],"product_brand":[],"product_cat":[62],"product_tag":[105,111],"class_list":{"0":"post-1825","1":"product","2":"type-product","3":"status-publish","4":"has-post-thumbnail","6":"pwb-brand-phyt","7":"product_cat-silmaumbruse-hooldus","8":"product_tag-koik-naha","9":"product_tag-vananemisvastane","11":"first","12":"instock","13":"taxable","14":"shipping-taxable","15":"purchasable","16":"product-type-simple"},"acf":[],"yoast_head":"<!-- This site is optimized with the Yoast SEO plugin v25.7 - https:\/\/yoast.com\/wordpress\/plugins\/seo\/ -->\n<title>SILMAKREEM &quot;PANACEA&quot;\/ PANACEE LE CONTOUR YEUX - Ilutoodete e-pood<\/title>\n<meta name=\"robots\" content=\"noindex, follow, max-snippet:-1, max-image-preview:large, max-video-preview:-1\" \/>\n<meta property=\"og:locale\" content=\"et_EE\" \/>\n<meta property=\"og:type\" content=\"article\" \/>\n<meta property=\"og:title\" content=\"SILMAKREEM &quot;PANACEA&quot;\/ PANACEE LE CONTOUR YEUX - Ilutoodete e-pood\" \/>\n<meta property=\"og:description\" content=\"PHYT\u2019S Laboratory spetsialistide uuenduslik arendus on ainulaadne toode, mille eesm\u00e4rk on lahendada silma\u00fcmbruse naha vanusega seotud muutusi: kortsud, v\u00e4sinud silmad, tumedad ringid ega tursed silmade all, l\u00f5tvumine ja deh\u00fcdratsioon.\" \/>\n<meta property=\"og:url\" content=\"https:\/\/old.kosmetoloog.ee\/toode\/panacee-le-contour-yeux\/\" \/>\n<meta property=\"og:site_name\" content=\"Ilutoodete e-pood\" \/>\n<meta property=\"article:modified_time\" content=\"2023-12-15T12:49:22+00:00\" \/>\n<meta property=\"og:image\" content=\"https:\/\/old.kosmetoloog.ee\/wp-content\/uploads\/2023\/12\/PREMIUM-CONTOUR-YEUX-WEB.jpg\" \/>\n\t<meta property=\"og:image:width\" content=\"900\" \/>\n\t<meta property=\"og:image:height\" content=\"900\" \/>\n\t<meta property=\"og:image:type\" content=\"image\/jpeg\" \/>\n<meta name=\"twitter:card\" content=\"summary_large_image\" \/>\n<script type=\"application\/ld+json\" class=\"yoast-schema-graph\">{\"@context\":\"https:\/\/schema.org\",\"@graph\":[{\"@type\":\"WebPage\",\"@id\":\"https:\/\/old.kosmetoloog.ee\/toode\/panacee-le-contour-yeux\/\",\"url\":\"https:\/\/old.kosmetoloog.ee\/toode\/panacee-le-contour-yeux\/\",\"name\":\"SILMAKREEM \\\"PANACEA\\\"\/ PANACEE LE CONTOUR YEUX - Ilutoodete e-pood\",\"isPartOf\":{\"@id\":\"https:\/\/old.kosmetoloog.ee\/#website\"},\"primaryImageOfPage\":{\"@id\":\"https:\/\/old.kosmetoloog.ee\/toode\/panacee-le-contour-yeux\/#primaryimage\"},\"image\":{\"@id\":\"https:\/\/old.kosmetoloog.ee\/toode\/panacee-le-contour-yeux\/#primaryimage\"},\"thumbnailUrl\":\"https:\/\/old.kosmetoloog.ee\/wp-content\/uploads\/2023\/12\/PREMIUM-CONTOUR-YEUX-WEB.jpg\",\"datePublished\":\"2023-12-04T20:11:16+00:00\",\"dateModified\":\"2023-12-15T12:49:22+00:00\",\"breadcrumb\":{\"@id\":\"https:\/\/old.kosmetoloog.ee\/toode\/panacee-le-contour-yeux\/#breadcrumb\"},\"inLanguage\":\"et\",\"potentialAction\":[{\"@type\":\"ReadAction\",\"target\":[\"https:\/\/old.kosmetoloog.ee\/toode\/panacee-le-contour-yeux\/\"]}]},{\"@type\":\"ImageObject\",\"inLanguage\":\"et\",\"@id\":\"https:\/\/old.kosmetoloog.ee\/toode\/panacee-le-contour-yeux\/#primaryimage\",\"url\":\"https:\/\/old.kosmetoloog.ee\/wp-content\/uploads\/2023\/12\/PREMIUM-CONTOUR-YEUX-WEB.jpg\",\"contentUrl\":\"https:\/\/old.kosmetoloog.ee\/wp-content\/uploads\/2023\/12\/PREMIUM-CONTOUR-YEUX-WEB.jpg\",\"width\":900,\"height\":900},{\"@type\":\"BreadcrumbList\",\"@id\":\"https:\/\/old.kosmetoloog.ee\/toode\/panacee-le-contour-yeux\/#breadcrumb\",\"itemListElement\":[{\"@type\":\"ListItem\",\"position\":1,\"name\":\"Home\",\"item\":\"https:\/\/old.kosmetoloog.ee\/et\/\"},{\"@type\":\"ListItem\",\"position\":2,\"name\":\"Pood\",\"item\":\"https:\/\/old.kosmetoloog.ee\/et\/pood\/\"},{\"@type\":\"ListItem\",\"position\":3,\"name\":\"SILMAKREEM &#171;PANACEA&#187;\/ PANACEE LE CONTOUR YEUX\"}]},{\"@type\":\"WebSite\",\"@id\":\"https:\/\/old.kosmetoloog.ee\/#website\",\"url\":\"https:\/\/old.kosmetoloog.ee\/\",\"name\":\"Ilutoodete e-pood\",\"description\":\"Kosmeetika pood\",\"publisher\":{\"@id\":\"https:\/\/old.kosmetoloog.ee\/#organization\"},\"potentialAction\":[{\"@type\":\"SearchAction\",\"target\":{\"@type\":\"EntryPoint\",\"urlTemplate\":\"https:\/\/old.kosmetoloog.ee\/?s={search_term_string}\"},\"query-input\":{\"@type\":\"PropertyValueSpecification\",\"valueRequired\":true,\"valueName\":\"search_term_string\"}}],\"inLanguage\":\"et\"},{\"@type\":\"Organization\",\"@id\":\"https:\/\/old.kosmetoloog.ee\/#organization\",\"name\":\"You are You O\u00dc\",\"url\":\"https:\/\/old.kosmetoloog.ee\/\",\"logo\":{\"@type\":\"ImageObject\",\"inLanguage\":\"et\",\"@id\":\"https:\/\/old.kosmetoloog.ee\/#\/schema\/logo\/image\/\",\"url\":\"https:\/\/old.kosmetoloog.ee\/wp-content\/uploads\/2023\/08\/logo-1.png\",\"contentUrl\":\"https:\/\/old.kosmetoloog.ee\/wp-content\/uploads\/2023\/08\/logo-1.png\",\"width\":1200,\"height\":964,\"caption\":\"You are You O\u00dc\"},\"image\":{\"@id\":\"https:\/\/old.kosmetoloog.ee\/#\/schema\/logo\/image\/\"}}]}<\/script>\n<!-- \/ Yoast SEO plugin. -->","yoast_head_json":{"title":"SILMAKREEM \"PANACEA\"\/ PANACEE LE CONTOUR YEUX - Ilutoodete e-pood","robots":{"index":"noindex","follow":"follow","max-snippet":"max-snippet:-1","max-image-preview":"max-image-preview:large","max-video-preview":"max-video-preview:-1"},"og_locale":"et_EE","og_type":"article","og_title":"SILMAKREEM \"PANACEA\"\/ PANACEE LE CONTOUR YEUX - Ilutoodete e-pood","og_description":"PHYT\u2019S Laboratory spetsialistide uuenduslik arendus on ainulaadne toode, mille eesm\u00e4rk on lahendada silma\u00fcmbruse naha vanusega seotud muutusi: kortsud, v\u00e4sinud silmad, tumedad ringid ega tursed silmade all, l\u00f5tvumine ja deh\u00fcdratsioon.","og_url":"https:\/\/old.kosmetoloog.ee\/toode\/panacee-le-contour-yeux\/","og_site_name":"Ilutoodete e-pood","article_modified_time":"2023-12-15T12:49:22+00:00","og_image":[{"width":900,"height":900,"url":"https:\/\/old.kosmetoloog.ee\/wp-content\/uploads\/2023\/12\/PREMIUM-CONTOUR-YEUX-WEB.jpg","type":"image\/jpeg"}],"twitter_card":"summary_large_image","schema":{"@context":"https:\/\/schema.org","@graph":[{"@type":"WebPage","@id":"https:\/\/old.kosmetoloog.ee\/toode\/panacee-le-contour-yeux\/","url":"https:\/\/old.kosmetoloog.ee\/toode\/panacee-le-contour-yeux\/","name":"SILMAKREEM \"PANACEA\"\/ PANACEE LE CONTOUR YEUX - Ilutoodete e-pood","isPartOf":{"@id":"https:\/\/old.kosmetoloog.ee\/#website"},"primaryImageOfPage":{"@id":"https:\/\/old.kosmetoloog.ee\/toode\/panacee-le-contour-yeux\/#primaryimage"},"image":{"@id":"https:\/\/old.kosmetoloog.ee\/toode\/panacee-le-contour-yeux\/#primaryimage"},"thumbnailUrl":"https:\/\/old.kosmetoloog.ee\/wp-content\/uploads\/2023\/12\/PREMIUM-CONTOUR-YEUX-WEB.jpg","datePublished":"2023-12-04T20:11:16+00:00","dateModified":"2023-12-15T12:49:22+00:00","breadcrumb":{"@id":"https:\/\/old.kosmetoloog.ee\/toode\/panacee-le-contour-yeux\/#breadcrumb"},"inLanguage":"et","potentialAction":[{"@type":"ReadAction","target":["https:\/\/old.kosmetoloog.ee\/toode\/panacee-le-contour-yeux\/"]}]},{"@type":"ImageObject","inLanguage":"et","@id":"https:\/\/old.kosmetoloog.ee\/toode\/panacee-le-contour-yeux\/#primaryimage","url":"https:\/\/old.kosmetoloog.ee\/wp-content\/uploads\/2023\/12\/PREMIUM-CONTOUR-YEUX-WEB.jpg","contentUrl":"https:\/\/old.kosmetoloog.ee\/wp-content\/uploads\/2023\/12\/PREMIUM-CONTOUR-YEUX-WEB.jpg","width":900,"height":900},{"@type":"BreadcrumbList","@id":"https:\/\/old.kosmetoloog.ee\/toode\/panacee-le-contour-yeux\/#breadcrumb","itemListElement":[{"@type":"ListItem","position":1,"name":"Home","item":"https:\/\/old.kosmetoloog.ee\/et\/"},{"@type":"ListItem","position":2,"name":"Pood","item":"https:\/\/old.kosmetoloog.ee\/et\/pood\/"},{"@type":"ListItem","position":3,"name":"SILMAKREEM &#171;PANACEA&#187;\/ PANACEE LE CONTOUR YEUX"}]},{"@type":"WebSite","@id":"https:\/\/old.kosmetoloog.ee\/#website","url":"https:\/\/old.kosmetoloog.ee\/","name":"Ilutoodete e-pood","description":"Kosmeetika pood","publisher":{"@id":"https:\/\/old.kosmetoloog.ee\/#organization"},"potentialAction":[{"@type":"SearchAction","target":{"@type":"EntryPoint","urlTemplate":"https:\/\/old.kosmetoloog.ee\/?s={search_term_string}"},"query-input":{"@type":"PropertyValueSpecification","valueRequired":true,"valueName":"search_term_string"}}],"inLanguage":"et"},{"@type":"Organization","@id":"https:\/\/old.kosmetoloog.ee\/#organization","name":"You are You O\u00dc","url":"https:\/\/old.kosmetoloog.ee\/","logo":{"@type":"ImageObject","inLanguage":"et","@id":"https:\/\/old.kosmetoloog.ee\/#\/schema\/logo\/image\/","url":"https:\/\/old.kosmetoloog.ee\/wp-content\/uploads\/2023\/08\/logo-1.png","contentUrl":"https:\/\/old.kosmetoloog.ee\/wp-content\/uploads\/2023\/08\/logo-1.png","width":1200,"height":964,"caption":"You are You O\u00dc"},"image":{"@id":"https:\/\/old.kosmetoloog.ee\/#\/schema\/logo\/image\/"}}]}},"brands":[{"id":43,"name":"PHYT'S","slug":"phyt"}],"_links":{"self":[{"href":"https:\/\/old.kosmetoloog.ee\/et\/wp-json\/wp\/v2\/product\/1825","targetHints":{"allow":["GET"]}}],"collection":[{"href":"https:\/\/old.kosmetoloog.ee\/et\/wp-json\/wp\/v2\/product"}],"about":[{"href":"https:\/\/old.kosmetoloog.ee\/et\/wp-json\/wp\/v2\/types\/product"}],"replies":[{"embeddable":true,"href":"https:\/\/old.kosmetoloog.ee\/et\/wp-json\/wp\/v2\/comments?post=1825"}],"wp:featuredmedia":[{"embeddable":true,"href":"https:\/\/old.kosmetoloog.ee\/et\/wp-json\/wp\/v2\/media\/1824"}],"wp:attachment":[{"href":"https:\/\/old.kosmetoloog.ee\/et\/wp-json\/wp\/v2\/media?parent=1825"}],"wp:term":[{"taxonomy":"pwb-brand","embeddable":true,"href":"https:\/\/old.kosmetoloog.ee\/et\/wp-json\/wp\/v2\/pwb-brand?post=1825"},{"taxonomy":"product_brand","embeddable":true,"href":"https:\/\/old.kosmetoloog.ee\/et\/wp-json\/wp\/v2\/product_brand?post=1825"},{"taxonomy":"product_cat","embeddable":true,"href":"https:\/\/old.kosmetoloog.ee\/et\/wp-json\/wp\/v2\/product_cat?post=1825"},{"taxonomy":"product_tag","embeddable":true,"href":"https:\/\/old.kosmetoloog.ee\/et\/wp-json\/wp\/v2\/product_tag?post=1825"}],"curies":[{"name":"wp","href":"https:\/\/api.w.org\/{rel}","templated":true}]}}