{"id":1862,"date":"2023-12-13T14:08:14","date_gmt":"2023-12-13T12:08:14","guid":{"rendered":"https:\/\/kosmetoloog.ee\/?post_type=product&#038;p=1862"},"modified":"2023-12-22T16:51:38","modified_gmt":"2023-12-22T14:51:38","slug":"phyts-komplekt-nr-2","status":"publish","type":"product","link":"https:\/\/old.kosmetoloog.ee\/et\/toode\/phyts-komplekt-nr-2\/","title":{"rendered":"PHYT&#8217;S komplekt Nr 2"},"content":{"rendered":"<ul>\n<li><strong>Serum Multi-Vita &#8211; Seerum &#8220;Multivita&#8221;<\/strong><\/li>\n<\/ul>\n<p>Veep\u00f5hine noorendav seerum stimuleerib kollageeni ja elastiini s\u00fcnteesi, on kohese pinguldav toimega, muutab naha elastseks, siledaks ja s\u00e4ravaks.<\/p>\n<p>Ainulaadne koostis, mis sisaldab rikkalikult vitamiine (A, C, E, B1, B2, B3, B5, B6), aminohappeid ja mineraalsooli (Zn, Fe, Ca, Mg), aktiveerib naha rakuhingamise ja pakub v\u00f5imsat antioks\u00fcdantset kaitset terve p\u00e4eva jooksul.<\/p>\n<p>Soovitatav 50+ nahahoolduseks<\/p>\n<ul>\n<li><strong>Creme Absolue &#8211; Kreem &#8220;Absolue&#8221;.<\/strong><\/li>\n<\/ul>\n<p>See m\u00f5nusa konsistentsiga \u00f5rn kreem on t\u00f5eline nooruse eliksiir k\u00fcpse naha hooldamiseks.<\/p>\n<p>Nisuidu- ja sarapuup\u00e4hkli\u00f5lid soodustavad rakkude uuenemist, uuendavad h\u00fcdrolipiidkihti ja taastavad kudede elastsuse. Sidruni, salvei, k\u00fcpressi, rosmariini, m\u00f5ruapelsini eeterlike \u00f5lide kompleks parandab mikrotsirkulatsiooni, omab toniseerivaid, taastavaid ja tugevdavaid omadusi. Nahk n\u00e4eb v\u00e4lja nooruslikum, pinguldatum ja jumekam. Naha pind \u00fchtlustub,kortsud muutuvad v\u00e4hem s\u00fcgavaks.<\/p>\n<p>Toodetel on 100% looduslik koostis ja BIO kvaliteedim\u00e4rk. Ei sisalda silikooni, parabeene, mineraal\u00f5lisid, pol\u00fcet\u00fcleengl\u00fckooli, fenoks\u00fcetanooli, s\u00fcnteetilisi l\u00f5hna- ja v\u00e4rvaineid, geneetiliselt muundetud komponente.<\/p>\n<p>&nbsp;<\/p>\n","protected":false},"excerpt":{"rendered":"<p>K\u00fcpse naha hooldus<\/p>\n<p><strong> Seerum &#8220;Multivita&#8221;+ <\/strong><strong>Kreem &#8220;Absolue&#8221;.<\/strong><\/p>\n","protected":false},"featured_media":1861,"comment_status":"open","ping_status":"closed","template":"","meta":{"_acf_changed":false},"pwb-brand":[43],"product_brand":[],"product_cat":[94,58],"product_tag":[111],"class_list":{"0":"post-1862","1":"product","2":"type-product","3":"status-publish","4":"has-post-thumbnail","6":"pwb-brand-phyt","7":"product_cat-detsembri-kuu-pakkumised","8":"product_cat-nao-ja-kaelakreemid","9":"product_tag-vananemisvastane","11":"first","12":"instock","13":"sale","14":"taxable","15":"shipping-taxable","16":"purchasable","17":"product-type-simple"},"acf":[],"yoast_head":"<!-- This site is optimized with the Yoast SEO plugin v25.7 - https:\/\/yoast.com\/wordpress\/plugins\/seo\/ -->\n<title>PHYT&#039;S komplekt Nr 2 - Ilutoodete e-pood<\/title>\n<meta name=\"robots\" content=\"noindex, follow, max-snippet:-1, max-image-preview:large, max-video-preview:-1\" \/>\n<meta property=\"og:locale\" content=\"et_EE\" \/>\n<meta property=\"og:type\" content=\"article\" \/>\n<meta property=\"og:title\" content=\"PHYT&#039;S komplekt Nr 2 - Ilutoodete e-pood\" \/>\n<meta property=\"og:description\" content=\"K\u00fcpse naha hooldus  Seerum &quot;Multivita&quot;+ Kreem &quot;Absolue&quot;.\" \/>\n<meta property=\"og:url\" content=\"https:\/\/old.kosmetoloog.ee\/et\/toode\/phyts-komplekt-nr-2\/\" \/>\n<meta property=\"og:site_name\" content=\"Ilutoodete e-pood\" \/>\n<meta property=\"article:modified_time\" content=\"2023-12-22T14:51:38+00:00\" \/>\n<meta property=\"og:image\" content=\"https:\/\/old.kosmetoloog.ee\/wp-content\/uploads\/2023\/12\/PHYTS-CHRISTMAS-SET-No2.png\" \/>\n\t<meta property=\"og:image:width\" content=\"1080\" \/>\n\t<meta property=\"og:image:height\" content=\"1080\" \/>\n\t<meta property=\"og:image:type\" content=\"image\/png\" \/>\n<meta name=\"twitter:card\" content=\"summary_large_image\" \/>\n<meta name=\"twitter:label1\" content=\"Est. reading time\" \/>\n\t<meta name=\"twitter:data1\" content=\"1 minut\" \/>\n<script type=\"application\/ld+json\" class=\"yoast-schema-graph\">{\"@context\":\"https:\/\/schema.org\",\"@graph\":[{\"@type\":\"WebPage\",\"@id\":\"https:\/\/old.kosmetoloog.ee\/et\/toode\/phyts-komplekt-nr-2\/\",\"url\":\"https:\/\/old.kosmetoloog.ee\/et\/toode\/phyts-komplekt-nr-2\/\",\"name\":\"PHYT'S komplekt Nr 2 - Ilutoodete e-pood\",\"isPartOf\":{\"@id\":\"https:\/\/old.kosmetoloog.ee\/#website\"},\"primaryImageOfPage\":{\"@id\":\"https:\/\/old.kosmetoloog.ee\/et\/toode\/phyts-komplekt-nr-2\/#primaryimage\"},\"image\":{\"@id\":\"https:\/\/old.kosmetoloog.ee\/et\/toode\/phyts-komplekt-nr-2\/#primaryimage\"},\"thumbnailUrl\":\"https:\/\/old.kosmetoloog.ee\/wp-content\/uploads\/2023\/12\/PHYTS-CHRISTMAS-SET-No2.png\",\"datePublished\":\"2023-12-13T12:08:14+00:00\",\"dateModified\":\"2023-12-22T14:51:38+00:00\",\"breadcrumb\":{\"@id\":\"https:\/\/old.kosmetoloog.ee\/et\/toode\/phyts-komplekt-nr-2\/#breadcrumb\"},\"inLanguage\":\"et\",\"potentialAction\":[{\"@type\":\"ReadAction\",\"target\":[\"https:\/\/old.kosmetoloog.ee\/et\/toode\/phyts-komplekt-nr-2\/\"]}]},{\"@type\":\"ImageObject\",\"inLanguage\":\"et\",\"@id\":\"https:\/\/old.kosmetoloog.ee\/et\/toode\/phyts-komplekt-nr-2\/#primaryimage\",\"url\":\"https:\/\/old.kosmetoloog.ee\/wp-content\/uploads\/2023\/12\/PHYTS-CHRISTMAS-SET-No2.png\",\"contentUrl\":\"https:\/\/old.kosmetoloog.ee\/wp-content\/uploads\/2023\/12\/PHYTS-CHRISTMAS-SET-No2.png\",\"width\":1080,\"height\":1080},{\"@type\":\"BreadcrumbList\",\"@id\":\"https:\/\/old.kosmetoloog.ee\/et\/toode\/phyts-komplekt-nr-2\/#breadcrumb\",\"itemListElement\":[{\"@type\":\"ListItem\",\"position\":1,\"name\":\"Home\",\"item\":\"https:\/\/old.kosmetoloog.ee\/et\/\"},{\"@type\":\"ListItem\",\"position\":2,\"name\":\"Pood\",\"item\":\"https:\/\/old.kosmetoloog.ee\/et\/pood\/\"},{\"@type\":\"ListItem\",\"position\":3,\"name\":\"PHYT&#8217;S komplekt Nr 2\"}]},{\"@type\":\"WebSite\",\"@id\":\"https:\/\/old.kosmetoloog.ee\/#website\",\"url\":\"https:\/\/old.kosmetoloog.ee\/\",\"name\":\"Ilutoodete e-pood\",\"description\":\"Kosmeetika pood\",\"publisher\":{\"@id\":\"https:\/\/old.kosmetoloog.ee\/#organization\"},\"potentialAction\":[{\"@type\":\"SearchAction\",\"target\":{\"@type\":\"EntryPoint\",\"urlTemplate\":\"https:\/\/old.kosmetoloog.ee\/?s={search_term_string}\"},\"query-input\":{\"@type\":\"PropertyValueSpecification\",\"valueRequired\":true,\"valueName\":\"search_term_string\"}}],\"inLanguage\":\"et\"},{\"@type\":\"Organization\",\"@id\":\"https:\/\/old.kosmetoloog.ee\/#organization\",\"name\":\"You are You O\u00dc\",\"url\":\"https:\/\/old.kosmetoloog.ee\/\",\"logo\":{\"@type\":\"ImageObject\",\"inLanguage\":\"et\",\"@id\":\"https:\/\/old.kosmetoloog.ee\/#\/schema\/logo\/image\/\",\"url\":\"https:\/\/old.kosmetoloog.ee\/wp-content\/uploads\/2023\/08\/logo-1.png\",\"contentUrl\":\"https:\/\/old.kosmetoloog.ee\/wp-content\/uploads\/2023\/08\/logo-1.png\",\"width\":1200,\"height\":964,\"caption\":\"You are You O\u00dc\"},\"image\":{\"@id\":\"https:\/\/old.kosmetoloog.ee\/#\/schema\/logo\/image\/\"}}]}<\/script>\n<!-- \/ Yoast SEO plugin. -->","yoast_head_json":{"title":"PHYT'S komplekt Nr 2 - Ilutoodete e-pood","robots":{"index":"noindex","follow":"follow","max-snippet":"max-snippet:-1","max-image-preview":"max-image-preview:large","max-video-preview":"max-video-preview:-1"},"og_locale":"et_EE","og_type":"article","og_title":"PHYT'S komplekt Nr 2 - Ilutoodete e-pood","og_description":"K\u00fcpse naha hooldus  Seerum \"Multivita\"+ Kreem \"Absolue\".","og_url":"https:\/\/old.kosmetoloog.ee\/et\/toode\/phyts-komplekt-nr-2\/","og_site_name":"Ilutoodete e-pood","article_modified_time":"2023-12-22T14:51:38+00:00","og_image":[{"width":1080,"height":1080,"url":"https:\/\/old.kosmetoloog.ee\/wp-content\/uploads\/2023\/12\/PHYTS-CHRISTMAS-SET-No2.png","type":"image\/png"}],"twitter_card":"summary_large_image","twitter_misc":{"Est. reading time":"1 minut"},"schema":{"@context":"https:\/\/schema.org","@graph":[{"@type":"WebPage","@id":"https:\/\/old.kosmetoloog.ee\/et\/toode\/phyts-komplekt-nr-2\/","url":"https:\/\/old.kosmetoloog.ee\/et\/toode\/phyts-komplekt-nr-2\/","name":"PHYT'S komplekt Nr 2 - Ilutoodete e-pood","isPartOf":{"@id":"https:\/\/old.kosmetoloog.ee\/#website"},"primaryImageOfPage":{"@id":"https:\/\/old.kosmetoloog.ee\/et\/toode\/phyts-komplekt-nr-2\/#primaryimage"},"image":{"@id":"https:\/\/old.kosmetoloog.ee\/et\/toode\/phyts-komplekt-nr-2\/#primaryimage"},"thumbnailUrl":"https:\/\/old.kosmetoloog.ee\/wp-content\/uploads\/2023\/12\/PHYTS-CHRISTMAS-SET-No2.png","datePublished":"2023-12-13T12:08:14+00:00","dateModified":"2023-12-22T14:51:38+00:00","breadcrumb":{"@id":"https:\/\/old.kosmetoloog.ee\/et\/toode\/phyts-komplekt-nr-2\/#breadcrumb"},"inLanguage":"et","potentialAction":[{"@type":"ReadAction","target":["https:\/\/old.kosmetoloog.ee\/et\/toode\/phyts-komplekt-nr-2\/"]}]},{"@type":"ImageObject","inLanguage":"et","@id":"https:\/\/old.kosmetoloog.ee\/et\/toode\/phyts-komplekt-nr-2\/#primaryimage","url":"https:\/\/old.kosmetoloog.ee\/wp-content\/uploads\/2023\/12\/PHYTS-CHRISTMAS-SET-No2.png","contentUrl":"https:\/\/old.kosmetoloog.ee\/wp-content\/uploads\/2023\/12\/PHYTS-CHRISTMAS-SET-No2.png","width":1080,"height":1080},{"@type":"BreadcrumbList","@id":"https:\/\/old.kosmetoloog.ee\/et\/toode\/phyts-komplekt-nr-2\/#breadcrumb","itemListElement":[{"@type":"ListItem","position":1,"name":"Home","item":"https:\/\/old.kosmetoloog.ee\/et\/"},{"@type":"ListItem","position":2,"name":"Pood","item":"https:\/\/old.kosmetoloog.ee\/et\/pood\/"},{"@type":"ListItem","position":3,"name":"PHYT&#8217;S komplekt Nr 2"}]},{"@type":"WebSite","@id":"https:\/\/old.kosmetoloog.ee\/#website","url":"https:\/\/old.kosmetoloog.ee\/","name":"Ilutoodete e-pood","description":"Kosmeetika pood","publisher":{"@id":"https:\/\/old.kosmetoloog.ee\/#organization"},"potentialAction":[{"@type":"SearchAction","target":{"@type":"EntryPoint","urlTemplate":"https:\/\/old.kosmetoloog.ee\/?s={search_term_string}"},"query-input":{"@type":"PropertyValueSpecification","valueRequired":true,"valueName":"search_term_string"}}],"inLanguage":"et"},{"@type":"Organization","@id":"https:\/\/old.kosmetoloog.ee\/#organization","name":"You are You O\u00dc","url":"https:\/\/old.kosmetoloog.ee\/","logo":{"@type":"ImageObject","inLanguage":"et","@id":"https:\/\/old.kosmetoloog.ee\/#\/schema\/logo\/image\/","url":"https:\/\/old.kosmetoloog.ee\/wp-content\/uploads\/2023\/08\/logo-1.png","contentUrl":"https:\/\/old.kosmetoloog.ee\/wp-content\/uploads\/2023\/08\/logo-1.png","width":1200,"height":964,"caption":"You are You O\u00dc"},"image":{"@id":"https:\/\/old.kosmetoloog.ee\/#\/schema\/logo\/image\/"}}]}},"brands":[{"id":43,"name":"PHYT'S","slug":"phyt"}],"_links":{"self":[{"href":"https:\/\/old.kosmetoloog.ee\/et\/wp-json\/wp\/v2\/product\/1862","targetHints":{"allow":["GET"]}}],"collection":[{"href":"https:\/\/old.kosmetoloog.ee\/et\/wp-json\/wp\/v2\/product"}],"about":[{"href":"https:\/\/old.kosmetoloog.ee\/et\/wp-json\/wp\/v2\/types\/product"}],"replies":[{"embeddable":true,"href":"https:\/\/old.kosmetoloog.ee\/et\/wp-json\/wp\/v2\/comments?post=1862"}],"wp:featuredmedia":[{"embeddable":true,"href":"https:\/\/old.kosmetoloog.ee\/et\/wp-json\/wp\/v2\/media\/1861"}],"wp:attachment":[{"href":"https:\/\/old.kosmetoloog.ee\/et\/wp-json\/wp\/v2\/media?parent=1862"}],"wp:term":[{"taxonomy":"pwb-brand","embeddable":true,"href":"https:\/\/old.kosmetoloog.ee\/et\/wp-json\/wp\/v2\/pwb-brand?post=1862"},{"taxonomy":"product_brand","embeddable":true,"href":"https:\/\/old.kosmetoloog.ee\/et\/wp-json\/wp\/v2\/product_brand?post=1862"},{"taxonomy":"product_cat","embeddable":true,"href":"https:\/\/old.kosmetoloog.ee\/et\/wp-json\/wp\/v2\/product_cat?post=1862"},{"taxonomy":"product_tag","embeddable":true,"href":"https:\/\/old.kosmetoloog.ee\/et\/wp-json\/wp\/v2\/product_tag?post=1862"}],"curies":[{"name":"wp","href":"https:\/\/api.w.org\/{rel}","templated":true}]}}