{"id":1866,"date":"2023-12-13T16:03:37","date_gmt":"2023-12-13T14:03:37","guid":{"rendered":"https:\/\/kosmetoloog.ee\/?post_type=product&#038;p=1866"},"modified":"2023-12-22T16:54:29","modified_gmt":"2023-12-22T14:54:29","slug":"phyts-komplekt-nr-3","status":"publish","type":"product","link":"https:\/\/old.kosmetoloog.ee\/et\/toode\/phyts-komplekt-nr-3\/","title":{"rendered":"PHYT&#8217;S komplekt Nr 3"},"content":{"rendered":"<ul>\n<li><strong>Creme a Raser &#8211; &#8220;Raseerimiskreem&#8221;&#8221;<\/strong><\/li>\n<\/ul>\n<p>Kreem on \u00f5rna sulava tekstuuriga. muudab libisemise paremaks raseerimisel, v\u00e4ltides mikropragude ja vigastuste tekkimist nahal<\/p>\n<p>Taime\u00f5lide ja E-vitamiini kompleks pehmendab, toidab ja kaitseb nahka.<\/p>\n<p>Teepuu ja geraaniumi eeterlikel \u00f5lidel on antiseptiline ja p\u00f5letikuvastane toime.<\/p>\n<ul>\n<li><strong>Fluide Hydratant Apres-Rasage &#8211; &#8220;Niisutav&#8221; raseerimisj\u00e4rgne kreem<\/strong><\/li>\n<\/ul>\n<p>Rooma koriandri\u00f5li ja aaloe ekstraktiga rikastatud kreem on rahustava ja p\u00f5letikuvastase toimega.<\/p>\n<p>Niisutab ja kaitseb nahka, leevendab raseerimisj\u00e4rgset \u00e4rritust, taastades naha mugavuse.<\/p>\n<p>M\u00fcndih\u00fcdrool ja looduslik mentool annavad nahale v\u00e4rskuse ja jaheduse tunde.<\/p>\n<p>Taimse p\u00e4ritoluga h\u00fcaluroonhape hoiab \u00e4ra niiskuse kadumise rakkudes, k\u00e4ivitades regenereerimisprotsessid.<\/p>\n<ul>\n<li><strong>Gel Nettoyant Desincrustant &#8211; &#8220;Puhastusgeel&#8221;<\/strong><\/li>\n<\/ul>\n<p>V\u00e4rskendav geelkoorija puhastab s\u00fcgavalt poorid, \u00fchtlustab naha mikroreljeefi ja takistab sissekasvanud karvade teket. Nahk muutub siledaks, \u00fchtlaseks ja s\u00e4ravaks.<\/p>\n<p>Piparm\u00fcndi ja \u017een\u0161enni ekstrakt on v\u00e4rskendava ja toniseeriva toimega.<\/p>\n<p>Teepuu\u00f5li omab antiseptilisi omadusi<\/p>\n<p>Flavonoidide, aminohapete ja mineraalide rikas roobambuse ekstrakt uuendab rakke, suurendades nahatooni ja elastsust.<\/p>\n<p>&nbsp;<\/p>\n","protected":false},"excerpt":{"rendered":"<p>Nahahooldus meestele<\/p>\n<p><strong>&#8220;Rasseerimiskreem&#8221; + &#8220;Niisutav&#8221; raseerimisj\u00e4rgne kreem + &#8220;Puhastusgeel&#8221;<\/strong><\/p>\n","protected":false},"featured_media":1865,"comment_status":"open","ping_status":"closed","template":"","meta":{"_acf_changed":false},"pwb-brand":[43],"product_brand":[],"product_cat":[94,74],"product_tag":[105],"class_list":{"0":"post-1866","1":"product","2":"type-product","3":"status-publish","4":"has-post-thumbnail","6":"pwb-brand-phyt","7":"product_cat-detsembri-kuu-pakkumised","8":"product_cat-meestele","9":"product_tag-koik-naha","11":"first","12":"instock","13":"sale","14":"taxable","15":"shipping-taxable","16":"purchasable","17":"product-type-simple"},"acf":[],"yoast_head":"<!-- This site is optimized with the Yoast SEO plugin v25.7 - https:\/\/yoast.com\/wordpress\/plugins\/seo\/ -->\n<title>PHYT&#039;S komplekt Nr 3 - Ilutoodete e-pood<\/title>\n<meta name=\"robots\" content=\"noindex, follow, max-snippet:-1, max-image-preview:large, max-video-preview:-1\" \/>\n<meta property=\"og:locale\" content=\"et_EE\" \/>\n<meta property=\"og:type\" content=\"article\" \/>\n<meta property=\"og:title\" content=\"PHYT&#039;S komplekt Nr 3 - Ilutoodete e-pood\" \/>\n<meta property=\"og:description\" content=\"Nahahooldus meestele &quot;Rasseerimiskreem&quot; + &quot;Niisutav&quot; raseerimisj\u00e4rgne kreem + &quot;Puhastusgeel&quot;\" \/>\n<meta property=\"og:url\" content=\"https:\/\/old.kosmetoloog.ee\/et\/toode\/phyts-komplekt-nr-3\/\" \/>\n<meta property=\"og:site_name\" content=\"Ilutoodete e-pood\" \/>\n<meta property=\"article:modified_time\" content=\"2023-12-22T14:54:29+00:00\" \/>\n<meta property=\"og:image\" content=\"https:\/\/old.kosmetoloog.ee\/wp-content\/uploads\/2023\/12\/PHYTS-CHRISTMAS-SET-No3.png\" \/>\n\t<meta property=\"og:image:width\" content=\"1080\" \/>\n\t<meta property=\"og:image:height\" content=\"1080\" \/>\n\t<meta property=\"og:image:type\" content=\"image\/png\" \/>\n<meta name=\"twitter:card\" content=\"summary_large_image\" \/>\n<meta name=\"twitter:label1\" content=\"Est. reading time\" \/>\n\t<meta name=\"twitter:data1\" content=\"1 minut\" \/>\n<script type=\"application\/ld+json\" class=\"yoast-schema-graph\">{\"@context\":\"https:\/\/schema.org\",\"@graph\":[{\"@type\":\"WebPage\",\"@id\":\"https:\/\/old.kosmetoloog.ee\/et\/toode\/phyts-komplekt-nr-3\/\",\"url\":\"https:\/\/old.kosmetoloog.ee\/et\/toode\/phyts-komplekt-nr-3\/\",\"name\":\"PHYT'S komplekt Nr 3 - Ilutoodete e-pood\",\"isPartOf\":{\"@id\":\"https:\/\/old.kosmetoloog.ee\/#website\"},\"primaryImageOfPage\":{\"@id\":\"https:\/\/old.kosmetoloog.ee\/et\/toode\/phyts-komplekt-nr-3\/#primaryimage\"},\"image\":{\"@id\":\"https:\/\/old.kosmetoloog.ee\/et\/toode\/phyts-komplekt-nr-3\/#primaryimage\"},\"thumbnailUrl\":\"https:\/\/old.kosmetoloog.ee\/wp-content\/uploads\/2023\/12\/PHYTS-CHRISTMAS-SET-No3.png\",\"datePublished\":\"2023-12-13T14:03:37+00:00\",\"dateModified\":\"2023-12-22T14:54:29+00:00\",\"breadcrumb\":{\"@id\":\"https:\/\/old.kosmetoloog.ee\/et\/toode\/phyts-komplekt-nr-3\/#breadcrumb\"},\"inLanguage\":\"et\",\"potentialAction\":[{\"@type\":\"ReadAction\",\"target\":[\"https:\/\/old.kosmetoloog.ee\/et\/toode\/phyts-komplekt-nr-3\/\"]}]},{\"@type\":\"ImageObject\",\"inLanguage\":\"et\",\"@id\":\"https:\/\/old.kosmetoloog.ee\/et\/toode\/phyts-komplekt-nr-3\/#primaryimage\",\"url\":\"https:\/\/old.kosmetoloog.ee\/wp-content\/uploads\/2023\/12\/PHYTS-CHRISTMAS-SET-No3.png\",\"contentUrl\":\"https:\/\/old.kosmetoloog.ee\/wp-content\/uploads\/2023\/12\/PHYTS-CHRISTMAS-SET-No3.png\",\"width\":1080,\"height\":1080},{\"@type\":\"BreadcrumbList\",\"@id\":\"https:\/\/old.kosmetoloog.ee\/et\/toode\/phyts-komplekt-nr-3\/#breadcrumb\",\"itemListElement\":[{\"@type\":\"ListItem\",\"position\":1,\"name\":\"Home\",\"item\":\"https:\/\/old.kosmetoloog.ee\/et\/\"},{\"@type\":\"ListItem\",\"position\":2,\"name\":\"Pood\",\"item\":\"https:\/\/old.kosmetoloog.ee\/et\/pood\/\"},{\"@type\":\"ListItem\",\"position\":3,\"name\":\"PHYT&#8217;S komplekt Nr 3\"}]},{\"@type\":\"WebSite\",\"@id\":\"https:\/\/old.kosmetoloog.ee\/#website\",\"url\":\"https:\/\/old.kosmetoloog.ee\/\",\"name\":\"Ilutoodete e-pood\",\"description\":\"Kosmeetika pood\",\"publisher\":{\"@id\":\"https:\/\/old.kosmetoloog.ee\/#organization\"},\"potentialAction\":[{\"@type\":\"SearchAction\",\"target\":{\"@type\":\"EntryPoint\",\"urlTemplate\":\"https:\/\/old.kosmetoloog.ee\/?s={search_term_string}\"},\"query-input\":{\"@type\":\"PropertyValueSpecification\",\"valueRequired\":true,\"valueName\":\"search_term_string\"}}],\"inLanguage\":\"et\"},{\"@type\":\"Organization\",\"@id\":\"https:\/\/old.kosmetoloog.ee\/#organization\",\"name\":\"You are You O\u00dc\",\"url\":\"https:\/\/old.kosmetoloog.ee\/\",\"logo\":{\"@type\":\"ImageObject\",\"inLanguage\":\"et\",\"@id\":\"https:\/\/old.kosmetoloog.ee\/#\/schema\/logo\/image\/\",\"url\":\"https:\/\/old.kosmetoloog.ee\/wp-content\/uploads\/2023\/08\/logo-1.png\",\"contentUrl\":\"https:\/\/old.kosmetoloog.ee\/wp-content\/uploads\/2023\/08\/logo-1.png\",\"width\":1200,\"height\":964,\"caption\":\"You are You O\u00dc\"},\"image\":{\"@id\":\"https:\/\/old.kosmetoloog.ee\/#\/schema\/logo\/image\/\"}}]}<\/script>\n<!-- \/ Yoast SEO plugin. -->","yoast_head_json":{"title":"PHYT'S komplekt Nr 3 - Ilutoodete e-pood","robots":{"index":"noindex","follow":"follow","max-snippet":"max-snippet:-1","max-image-preview":"max-image-preview:large","max-video-preview":"max-video-preview:-1"},"og_locale":"et_EE","og_type":"article","og_title":"PHYT'S komplekt Nr 3 - Ilutoodete e-pood","og_description":"Nahahooldus meestele \"Rasseerimiskreem\" + \"Niisutav\" raseerimisj\u00e4rgne kreem + \"Puhastusgeel\"","og_url":"https:\/\/old.kosmetoloog.ee\/et\/toode\/phyts-komplekt-nr-3\/","og_site_name":"Ilutoodete e-pood","article_modified_time":"2023-12-22T14:54:29+00:00","og_image":[{"width":1080,"height":1080,"url":"https:\/\/old.kosmetoloog.ee\/wp-content\/uploads\/2023\/12\/PHYTS-CHRISTMAS-SET-No3.png","type":"image\/png"}],"twitter_card":"summary_large_image","twitter_misc":{"Est. reading time":"1 minut"},"schema":{"@context":"https:\/\/schema.org","@graph":[{"@type":"WebPage","@id":"https:\/\/old.kosmetoloog.ee\/et\/toode\/phyts-komplekt-nr-3\/","url":"https:\/\/old.kosmetoloog.ee\/et\/toode\/phyts-komplekt-nr-3\/","name":"PHYT'S komplekt Nr 3 - Ilutoodete e-pood","isPartOf":{"@id":"https:\/\/old.kosmetoloog.ee\/#website"},"primaryImageOfPage":{"@id":"https:\/\/old.kosmetoloog.ee\/et\/toode\/phyts-komplekt-nr-3\/#primaryimage"},"image":{"@id":"https:\/\/old.kosmetoloog.ee\/et\/toode\/phyts-komplekt-nr-3\/#primaryimage"},"thumbnailUrl":"https:\/\/old.kosmetoloog.ee\/wp-content\/uploads\/2023\/12\/PHYTS-CHRISTMAS-SET-No3.png","datePublished":"2023-12-13T14:03:37+00:00","dateModified":"2023-12-22T14:54:29+00:00","breadcrumb":{"@id":"https:\/\/old.kosmetoloog.ee\/et\/toode\/phyts-komplekt-nr-3\/#breadcrumb"},"inLanguage":"et","potentialAction":[{"@type":"ReadAction","target":["https:\/\/old.kosmetoloog.ee\/et\/toode\/phyts-komplekt-nr-3\/"]}]},{"@type":"ImageObject","inLanguage":"et","@id":"https:\/\/old.kosmetoloog.ee\/et\/toode\/phyts-komplekt-nr-3\/#primaryimage","url":"https:\/\/old.kosmetoloog.ee\/wp-content\/uploads\/2023\/12\/PHYTS-CHRISTMAS-SET-No3.png","contentUrl":"https:\/\/old.kosmetoloog.ee\/wp-content\/uploads\/2023\/12\/PHYTS-CHRISTMAS-SET-No3.png","width":1080,"height":1080},{"@type":"BreadcrumbList","@id":"https:\/\/old.kosmetoloog.ee\/et\/toode\/phyts-komplekt-nr-3\/#breadcrumb","itemListElement":[{"@type":"ListItem","position":1,"name":"Home","item":"https:\/\/old.kosmetoloog.ee\/et\/"},{"@type":"ListItem","position":2,"name":"Pood","item":"https:\/\/old.kosmetoloog.ee\/et\/pood\/"},{"@type":"ListItem","position":3,"name":"PHYT&#8217;S komplekt Nr 3"}]},{"@type":"WebSite","@id":"https:\/\/old.kosmetoloog.ee\/#website","url":"https:\/\/old.kosmetoloog.ee\/","name":"Ilutoodete e-pood","description":"Kosmeetika pood","publisher":{"@id":"https:\/\/old.kosmetoloog.ee\/#organization"},"potentialAction":[{"@type":"SearchAction","target":{"@type":"EntryPoint","urlTemplate":"https:\/\/old.kosmetoloog.ee\/?s={search_term_string}"},"query-input":{"@type":"PropertyValueSpecification","valueRequired":true,"valueName":"search_term_string"}}],"inLanguage":"et"},{"@type":"Organization","@id":"https:\/\/old.kosmetoloog.ee\/#organization","name":"You are You O\u00dc","url":"https:\/\/old.kosmetoloog.ee\/","logo":{"@type":"ImageObject","inLanguage":"et","@id":"https:\/\/old.kosmetoloog.ee\/#\/schema\/logo\/image\/","url":"https:\/\/old.kosmetoloog.ee\/wp-content\/uploads\/2023\/08\/logo-1.png","contentUrl":"https:\/\/old.kosmetoloog.ee\/wp-content\/uploads\/2023\/08\/logo-1.png","width":1200,"height":964,"caption":"You are You O\u00dc"},"image":{"@id":"https:\/\/old.kosmetoloog.ee\/#\/schema\/logo\/image\/"}}]}},"brands":[{"id":43,"name":"PHYT'S","slug":"phyt"}],"_links":{"self":[{"href":"https:\/\/old.kosmetoloog.ee\/et\/wp-json\/wp\/v2\/product\/1866","targetHints":{"allow":["GET"]}}],"collection":[{"href":"https:\/\/old.kosmetoloog.ee\/et\/wp-json\/wp\/v2\/product"}],"about":[{"href":"https:\/\/old.kosmetoloog.ee\/et\/wp-json\/wp\/v2\/types\/product"}],"replies":[{"embeddable":true,"href":"https:\/\/old.kosmetoloog.ee\/et\/wp-json\/wp\/v2\/comments?post=1866"}],"wp:featuredmedia":[{"embeddable":true,"href":"https:\/\/old.kosmetoloog.ee\/et\/wp-json\/wp\/v2\/media\/1865"}],"wp:attachment":[{"href":"https:\/\/old.kosmetoloog.ee\/et\/wp-json\/wp\/v2\/media?parent=1866"}],"wp:term":[{"taxonomy":"pwb-brand","embeddable":true,"href":"https:\/\/old.kosmetoloog.ee\/et\/wp-json\/wp\/v2\/pwb-brand?post=1866"},{"taxonomy":"product_brand","embeddable":true,"href":"https:\/\/old.kosmetoloog.ee\/et\/wp-json\/wp\/v2\/product_brand?post=1866"},{"taxonomy":"product_cat","embeddable":true,"href":"https:\/\/old.kosmetoloog.ee\/et\/wp-json\/wp\/v2\/product_cat?post=1866"},{"taxonomy":"product_tag","embeddable":true,"href":"https:\/\/old.kosmetoloog.ee\/et\/wp-json\/wp\/v2\/product_tag?post=1866"}],"curies":[{"name":"wp","href":"https:\/\/api.w.org\/{rel}","templated":true}]}}