{"id":1876,"date":"2023-12-14T22:46:52","date_gmt":"2023-12-14T20:46:52","guid":{"rendered":"https:\/\/kosmetoloog.ee\/?post_type=product&#038;p=1876"},"modified":"2023-12-22T17:08:19","modified_gmt":"2023-12-22T15:08:19","slug":"phyts-komplekt-nr-5","status":"publish","type":"product","link":"https:\/\/old.kosmetoloog.ee\/et\/toode\/phyts-komplekt-nr-5\/","title":{"rendered":"PHYT&#8217;S komplekt Nr 5"},"content":{"rendered":"<ul>\n<li><strong>BB Creme Hydratante SPF 30 &#8211; Niisutav BB-kreem SPF 30-ga<\/strong><\/li>\n<\/ul>\n<p>Bio 6-in-1 toode \u00fchendab kreemi niisutavad ja kaitsvad omadused toonivate omadustega. Niisutab, korrigeerib, \u00fchtlustab toonust, lisab s\u00e4ra, omab vananemisvastast toimet ja kaitseb p\u00e4ikese eest.<\/p>\n<p>Koostises sisalduv k\u00f5rge ja madala molekulmassiga taimse p\u00e4ritoluga h\u00fcaluroonhape annab intensiivse niisutava toime ja parandab jumet.<\/p>\n<p>Granaat\u00f5una \u00f5ied ja taimne E-vitamiin omavad antioks\u00fcdantset toimet.<\/p>\n<p>Selle galeeniline koostis on rikastatud pehmete taimsete vahade ja pigmentidega. Kreem peidab naha puudusi, luues \u00fchtlase ja s\u00e4rava jume ning ei oma komedogeenset toimet.<\/p>\n<p>Selle originaalkoostis koos mineraalsete ekraanidega tagab 30 UVA\/UVB p\u00e4ikesekaitse.<\/p>\n<p>Universaalne toon. Pikaajaline niisutus 8 tundi. K\u00f5rge kaitse.<\/p>\n<ul>\n<li><strong>Correcteur Anti-Cernes &#8211; Peitekreem<\/strong><\/li>\n<\/ul>\n<p>Kerge kreem mis jaotub \u00fchtlaselt, \u00fchtlustab jumet ning v\u00f5imaldab koheselt peita tumedad silmaalused t\u00e4nu hobukastani ekstraktile, mis tugevdab veresooni ja ergutab mikrotsirkulatsiooni.<\/p>\n<p>Looduslikest komponentidest koosnev kompleks hoolitseb hoolikalt silmalaugude naha ees ning omandab dreneerivate omadustega.<\/p>\n<ul>\n<li><strong>Mascara Multi-Effect &#8211; Ripsmetu\u0161\u0161<\/strong><\/li>\n<\/ul>\n<p>T\u00e4nu harja erilisele kujule suurendab ripsmetu\u0161\u0161 vol\u00fc\u00fcmi, eraldab ripsmeid ja koolutab neid suurep\u00e4raselt.<\/p>\n<p>Uuenduslik orgaaniline kompleks toidab ja kaitseb ripsmeid, andes neile elastsuse.<\/p>\n<p>Pilk muutub avatumaks ja v\u00e4ljendusrikkamaks.<\/p>\n<p>Seesami\u00f5li omab taastavat toimet tugevdab ripsmeid, muudab need l\u00e4ikivaks.<\/p>\n<p>Ripsmetu\u0161\u0161i rikkaliku v\u00e4rvi annavad mineraalse p\u00e4ritoluga looduslikud pigmendid.<\/p>\n<ul>\n<li><strong>Poudre libre nacr\u00e9e \u2014 Enlumineur (Rose Bor\u00e9al) \u2014 P\u00e4rlmutter puder \u2013 Highlighter (Rose Bor\u00e9al)<\/strong><\/li>\n<\/ul>\n<p>Looge P\u00e9pites d\u2019Ori puderpuudriga s\u00e4rav v\u00e4limus! \u00d5huline puuder l\u00e4ikivate ja peegeldavate p\u00e4rlite kontsentraadiga annab teie silmadele t\u00f5elise ekstravagantsuse.<\/p>\n<p>Vegan valem.<\/p>\n<p>Sobib k\u00f5ikidele nahat\u00fc\u00fcpidele.<\/p>\n<ul>\n<li><strong>Beige Satin Powder &#8211; Kompaktne n\u00e4opuuder (Beige Satin)<\/strong><\/li>\n<\/ul>\n<p>Kompaktne sulav puuder, mis matistab ja \u00fchtlustab jumet. Ideaalne teie nahale, kerge ilma tugeva maski efektita. Mineraalpigmendid kaunistavad teie nahka helebee\u017ei looriga, luues loomuliku puudritooni.<\/p>\n<p>Vegan valem.<\/p>\n<p>Sobib k\u00f5ikidele nahat\u00fc\u00fcpidele.<\/p>\n<h1 class=\"side-paddings\"><\/h1>\n","protected":false},"excerpt":{"rendered":"<p>Ole imep\u00e4rane!<\/p>\n<p><strong>BB \u041a\u0440\u0435\u043c \u0443\u0432\u043b\u0430\u0436\u043d\u044f\u044e\u0449\u0438\u0439 \u0441 SPF 30 + Peitekreem + Ripsmetu\u0161\u0161 + P\u00e4rlmutter puder \u2014 Highlighter (Rose Bor\u00e9al) + Kompaktne n\u00e4opuuder (Beige Satin)<\/strong><\/p>\n","protected":false},"featured_media":1875,"comment_status":"open","ping_status":"closed","template":"","meta":{"_acf_changed":false},"pwb-brand":[43],"product_brand":[],"product_cat":[94,79],"product_tag":[105],"class_list":{"0":"post-1876","1":"product","2":"type-product","3":"status-publish","4":"has-post-thumbnail","6":"pwb-brand-phyt","7":"product_cat-detsembri-kuu-pakkumised","8":"product_cat-meigi-jaoks","9":"product_tag-koik-naha","11":"first","12":"instock","13":"taxable","14":"shipping-taxable","15":"purchasable","16":"product-type-simple"},"acf":[],"yoast_head":"<!-- This site is optimized with the Yoast SEO plugin v25.7 - https:\/\/yoast.com\/wordpress\/plugins\/seo\/ -->\n<title>PHYT&#039;S komplekt Nr 5 - Ilutoodete e-pood<\/title>\n<meta name=\"robots\" content=\"noindex, follow, max-snippet:-1, max-image-preview:large, max-video-preview:-1\" \/>\n<meta property=\"og:locale\" content=\"et_EE\" \/>\n<meta property=\"og:type\" content=\"article\" \/>\n<meta property=\"og:title\" content=\"PHYT&#039;S komplekt Nr 5 - Ilutoodete e-pood\" \/>\n<meta property=\"og:description\" content=\"Ole imep\u00e4rane! BB \u041a\u0440\u0435\u043c \u0443\u0432\u043b\u0430\u0436\u043d\u044f\u044e\u0449\u0438\u0439 \u0441 SPF 30 + Peitekreem + Ripsmetu\u0161\u0161 + P\u00e4rlmutter puder \u2014 Highlighter (Rose Bor\u00e9al) + Kompaktne n\u00e4opuuder (Beige Satin)\" \/>\n<meta property=\"og:url\" content=\"https:\/\/old.kosmetoloog.ee\/et\/toode\/phyts-komplekt-nr-5\/\" \/>\n<meta property=\"og:site_name\" content=\"Ilutoodete e-pood\" \/>\n<meta property=\"article:modified_time\" content=\"2023-12-22T15:08:19+00:00\" \/>\n<meta property=\"og:image\" content=\"https:\/\/old.kosmetoloog.ee\/wp-content\/uploads\/2023\/12\/PHYTS-CHRISTMAS-SET-No5.png\" \/>\n\t<meta property=\"og:image:width\" content=\"1080\" \/>\n\t<meta property=\"og:image:height\" content=\"1080\" \/>\n\t<meta property=\"og:image:type\" content=\"image\/png\" \/>\n<meta name=\"twitter:card\" content=\"summary_large_image\" \/>\n<meta name=\"twitter:label1\" content=\"Est. reading time\" \/>\n\t<meta name=\"twitter:data1\" content=\"1 minut\" \/>\n<script type=\"application\/ld+json\" class=\"yoast-schema-graph\">{\"@context\":\"https:\/\/schema.org\",\"@graph\":[{\"@type\":\"WebPage\",\"@id\":\"https:\/\/old.kosmetoloog.ee\/et\/toode\/phyts-komplekt-nr-5\/\",\"url\":\"https:\/\/old.kosmetoloog.ee\/et\/toode\/phyts-komplekt-nr-5\/\",\"name\":\"PHYT'S komplekt Nr 5 - Ilutoodete e-pood\",\"isPartOf\":{\"@id\":\"https:\/\/old.kosmetoloog.ee\/#website\"},\"primaryImageOfPage\":{\"@id\":\"https:\/\/old.kosmetoloog.ee\/et\/toode\/phyts-komplekt-nr-5\/#primaryimage\"},\"image\":{\"@id\":\"https:\/\/old.kosmetoloog.ee\/et\/toode\/phyts-komplekt-nr-5\/#primaryimage\"},\"thumbnailUrl\":\"https:\/\/old.kosmetoloog.ee\/wp-content\/uploads\/2023\/12\/PHYTS-CHRISTMAS-SET-No5.png\",\"datePublished\":\"2023-12-14T20:46:52+00:00\",\"dateModified\":\"2023-12-22T15:08:19+00:00\",\"breadcrumb\":{\"@id\":\"https:\/\/old.kosmetoloog.ee\/et\/toode\/phyts-komplekt-nr-5\/#breadcrumb\"},\"inLanguage\":\"et\",\"potentialAction\":[{\"@type\":\"ReadAction\",\"target\":[\"https:\/\/old.kosmetoloog.ee\/et\/toode\/phyts-komplekt-nr-5\/\"]}]},{\"@type\":\"ImageObject\",\"inLanguage\":\"et\",\"@id\":\"https:\/\/old.kosmetoloog.ee\/et\/toode\/phyts-komplekt-nr-5\/#primaryimage\",\"url\":\"https:\/\/old.kosmetoloog.ee\/wp-content\/uploads\/2023\/12\/PHYTS-CHRISTMAS-SET-No5.png\",\"contentUrl\":\"https:\/\/old.kosmetoloog.ee\/wp-content\/uploads\/2023\/12\/PHYTS-CHRISTMAS-SET-No5.png\",\"width\":1080,\"height\":1080},{\"@type\":\"BreadcrumbList\",\"@id\":\"https:\/\/old.kosmetoloog.ee\/et\/toode\/phyts-komplekt-nr-5\/#breadcrumb\",\"itemListElement\":[{\"@type\":\"ListItem\",\"position\":1,\"name\":\"Home\",\"item\":\"https:\/\/old.kosmetoloog.ee\/et\/\"},{\"@type\":\"ListItem\",\"position\":2,\"name\":\"Pood\",\"item\":\"https:\/\/old.kosmetoloog.ee\/et\/pood\/\"},{\"@type\":\"ListItem\",\"position\":3,\"name\":\"PHYT&#8217;S komplekt Nr 5\"}]},{\"@type\":\"WebSite\",\"@id\":\"https:\/\/old.kosmetoloog.ee\/#website\",\"url\":\"https:\/\/old.kosmetoloog.ee\/\",\"name\":\"Ilutoodete e-pood\",\"description\":\"Kosmeetika pood\",\"publisher\":{\"@id\":\"https:\/\/old.kosmetoloog.ee\/#organization\"},\"potentialAction\":[{\"@type\":\"SearchAction\",\"target\":{\"@type\":\"EntryPoint\",\"urlTemplate\":\"https:\/\/old.kosmetoloog.ee\/?s={search_term_string}\"},\"query-input\":{\"@type\":\"PropertyValueSpecification\",\"valueRequired\":true,\"valueName\":\"search_term_string\"}}],\"inLanguage\":\"et\"},{\"@type\":\"Organization\",\"@id\":\"https:\/\/old.kosmetoloog.ee\/#organization\",\"name\":\"You are You O\u00dc\",\"url\":\"https:\/\/old.kosmetoloog.ee\/\",\"logo\":{\"@type\":\"ImageObject\",\"inLanguage\":\"et\",\"@id\":\"https:\/\/old.kosmetoloog.ee\/#\/schema\/logo\/image\/\",\"url\":\"https:\/\/old.kosmetoloog.ee\/wp-content\/uploads\/2023\/08\/logo-1.png\",\"contentUrl\":\"https:\/\/old.kosmetoloog.ee\/wp-content\/uploads\/2023\/08\/logo-1.png\",\"width\":1200,\"height\":964,\"caption\":\"You are You O\u00dc\"},\"image\":{\"@id\":\"https:\/\/old.kosmetoloog.ee\/#\/schema\/logo\/image\/\"}}]}<\/script>\n<!-- \/ Yoast SEO plugin. -->","yoast_head_json":{"title":"PHYT'S komplekt Nr 5 - Ilutoodete e-pood","robots":{"index":"noindex","follow":"follow","max-snippet":"max-snippet:-1","max-image-preview":"max-image-preview:large","max-video-preview":"max-video-preview:-1"},"og_locale":"et_EE","og_type":"article","og_title":"PHYT'S komplekt Nr 5 - Ilutoodete e-pood","og_description":"Ole imep\u00e4rane! BB \u041a\u0440\u0435\u043c \u0443\u0432\u043b\u0430\u0436\u043d\u044f\u044e\u0449\u0438\u0439 \u0441 SPF 30 + Peitekreem + Ripsmetu\u0161\u0161 + P\u00e4rlmutter puder \u2014 Highlighter (Rose Bor\u00e9al) + Kompaktne n\u00e4opuuder (Beige Satin)","og_url":"https:\/\/old.kosmetoloog.ee\/et\/toode\/phyts-komplekt-nr-5\/","og_site_name":"Ilutoodete e-pood","article_modified_time":"2023-12-22T15:08:19+00:00","og_image":[{"width":1080,"height":1080,"url":"https:\/\/old.kosmetoloog.ee\/wp-content\/uploads\/2023\/12\/PHYTS-CHRISTMAS-SET-No5.png","type":"image\/png"}],"twitter_card":"summary_large_image","twitter_misc":{"Est. reading time":"1 minut"},"schema":{"@context":"https:\/\/schema.org","@graph":[{"@type":"WebPage","@id":"https:\/\/old.kosmetoloog.ee\/et\/toode\/phyts-komplekt-nr-5\/","url":"https:\/\/old.kosmetoloog.ee\/et\/toode\/phyts-komplekt-nr-5\/","name":"PHYT'S komplekt Nr 5 - Ilutoodete e-pood","isPartOf":{"@id":"https:\/\/old.kosmetoloog.ee\/#website"},"primaryImageOfPage":{"@id":"https:\/\/old.kosmetoloog.ee\/et\/toode\/phyts-komplekt-nr-5\/#primaryimage"},"image":{"@id":"https:\/\/old.kosmetoloog.ee\/et\/toode\/phyts-komplekt-nr-5\/#primaryimage"},"thumbnailUrl":"https:\/\/old.kosmetoloog.ee\/wp-content\/uploads\/2023\/12\/PHYTS-CHRISTMAS-SET-No5.png","datePublished":"2023-12-14T20:46:52+00:00","dateModified":"2023-12-22T15:08:19+00:00","breadcrumb":{"@id":"https:\/\/old.kosmetoloog.ee\/et\/toode\/phyts-komplekt-nr-5\/#breadcrumb"},"inLanguage":"et","potentialAction":[{"@type":"ReadAction","target":["https:\/\/old.kosmetoloog.ee\/et\/toode\/phyts-komplekt-nr-5\/"]}]},{"@type":"ImageObject","inLanguage":"et","@id":"https:\/\/old.kosmetoloog.ee\/et\/toode\/phyts-komplekt-nr-5\/#primaryimage","url":"https:\/\/old.kosmetoloog.ee\/wp-content\/uploads\/2023\/12\/PHYTS-CHRISTMAS-SET-No5.png","contentUrl":"https:\/\/old.kosmetoloog.ee\/wp-content\/uploads\/2023\/12\/PHYTS-CHRISTMAS-SET-No5.png","width":1080,"height":1080},{"@type":"BreadcrumbList","@id":"https:\/\/old.kosmetoloog.ee\/et\/toode\/phyts-komplekt-nr-5\/#breadcrumb","itemListElement":[{"@type":"ListItem","position":1,"name":"Home","item":"https:\/\/old.kosmetoloog.ee\/et\/"},{"@type":"ListItem","position":2,"name":"Pood","item":"https:\/\/old.kosmetoloog.ee\/et\/pood\/"},{"@type":"ListItem","position":3,"name":"PHYT&#8217;S komplekt Nr 5"}]},{"@type":"WebSite","@id":"https:\/\/old.kosmetoloog.ee\/#website","url":"https:\/\/old.kosmetoloog.ee\/","name":"Ilutoodete e-pood","description":"Kosmeetika pood","publisher":{"@id":"https:\/\/old.kosmetoloog.ee\/#organization"},"potentialAction":[{"@type":"SearchAction","target":{"@type":"EntryPoint","urlTemplate":"https:\/\/old.kosmetoloog.ee\/?s={search_term_string}"},"query-input":{"@type":"PropertyValueSpecification","valueRequired":true,"valueName":"search_term_string"}}],"inLanguage":"et"},{"@type":"Organization","@id":"https:\/\/old.kosmetoloog.ee\/#organization","name":"You are You O\u00dc","url":"https:\/\/old.kosmetoloog.ee\/","logo":{"@type":"ImageObject","inLanguage":"et","@id":"https:\/\/old.kosmetoloog.ee\/#\/schema\/logo\/image\/","url":"https:\/\/old.kosmetoloog.ee\/wp-content\/uploads\/2023\/08\/logo-1.png","contentUrl":"https:\/\/old.kosmetoloog.ee\/wp-content\/uploads\/2023\/08\/logo-1.png","width":1200,"height":964,"caption":"You are You O\u00dc"},"image":{"@id":"https:\/\/old.kosmetoloog.ee\/#\/schema\/logo\/image\/"}}]}},"brands":[{"id":43,"name":"PHYT'S","slug":"phyt"}],"_links":{"self":[{"href":"https:\/\/old.kosmetoloog.ee\/et\/wp-json\/wp\/v2\/product\/1876","targetHints":{"allow":["GET"]}}],"collection":[{"href":"https:\/\/old.kosmetoloog.ee\/et\/wp-json\/wp\/v2\/product"}],"about":[{"href":"https:\/\/old.kosmetoloog.ee\/et\/wp-json\/wp\/v2\/types\/product"}],"replies":[{"embeddable":true,"href":"https:\/\/old.kosmetoloog.ee\/et\/wp-json\/wp\/v2\/comments?post=1876"}],"wp:featuredmedia":[{"embeddable":true,"href":"https:\/\/old.kosmetoloog.ee\/et\/wp-json\/wp\/v2\/media\/1875"}],"wp:attachment":[{"href":"https:\/\/old.kosmetoloog.ee\/et\/wp-json\/wp\/v2\/media?parent=1876"}],"wp:term":[{"taxonomy":"pwb-brand","embeddable":true,"href":"https:\/\/old.kosmetoloog.ee\/et\/wp-json\/wp\/v2\/pwb-brand?post=1876"},{"taxonomy":"product_brand","embeddable":true,"href":"https:\/\/old.kosmetoloog.ee\/et\/wp-json\/wp\/v2\/product_brand?post=1876"},{"taxonomy":"product_cat","embeddable":true,"href":"https:\/\/old.kosmetoloog.ee\/et\/wp-json\/wp\/v2\/product_cat?post=1876"},{"taxonomy":"product_tag","embeddable":true,"href":"https:\/\/old.kosmetoloog.ee\/et\/wp-json\/wp\/v2\/product_tag?post=1876"}],"curies":[{"name":"wp","href":"https:\/\/api.w.org\/{rel}","templated":true}]}}