{"id":1887,"date":"2023-12-15T01:05:01","date_gmt":"2023-12-14T23:05:01","guid":{"rendered":"https:\/\/kosmetoloog.ee\/?post_type=product&#038;p=1887"},"modified":"2024-01-02T22:38:47","modified_gmt":"2024-01-02T20:38:47","slug":"phyts-komplekt-nr-7","status":"publish","type":"product","link":"https:\/\/old.kosmetoloog.ee\/et\/toode\/phyts-komplekt-nr-7\/","title":{"rendered":"PHYT&#8217;S komplekt Nr 7"},"content":{"rendered":"<p>Reisisuurus \u2013 iga tuub on 20 ml<\/p>\n<ul>\n<li><strong>Masque Hydra Instant &#8211; Mask &#8220;Kohene niisutus&#8221;<\/strong><\/li>\n<\/ul>\n<p>Mask taastab koheselt naha veetasakaalu, aidates suurendada selle kaitsvaid omadusi ja elastsust. Tulemusena pehme ja v\u00e4rske nahk.<\/p>\n<p>Taimse p\u00e4ritoluga h\u00fcaluroonhape, betaiin ja aloe vera ekstrakt annavad intensiivse niisutava toime, parandavad jumet. Taimse p\u00e4ritoluga skvalaan aitab kaasa naha h\u00fcdrolipiidse kile s\u00e4ilimisele.<\/p>\n<p>Sobib igale nahat\u00fc\u00fcbile.<\/p>\n<ul>\n<li><strong>Masque Flash Anti-Pollution &#8211; Mask &#8220;Antipollution &#8220;<\/strong><\/li>\n<\/ul>\n<p>Kerge, sulav geelmask, mis muudab tuhmi naha koheselt s\u00e4ravaks.<\/p>\n<p>Puhastab \u00f5rnalt naha mustusest. Taastab ja niisutab, parandab jumet, andes nahale terve, puhanud v\u00e4ljan\u00e4gemise. Kerge, sulav geelmask, mis muudab tuhmi naha koheselt s\u00e4ravaks.<\/p>\n<p>Klorof\u00fcll, vetikaekstrakt ja toitvate \u00f5lide kompleks k\u00fcllastavad nahka hapnikuga, soodustavad kudede uuenemist ja m\u00f5juvad toniseerivalt. Nahk n\u00e4eb v\u00e4lja s\u00e4rav ja v\u00e4rske.<\/p>\n<p>Soovitatav metropoli elanikele, kellel on igat t\u00fc\u00fcpi ja vanuses tuhm ja v\u00e4sinud nahk, samuti nahale, kellel on esimesed vanusega seotud muutused.<\/p>\n<ul>\n<li><strong>Gommage Corporel &#8211; Gommage &#8220;Corporel kehale&#8221;<\/strong><\/li>\n<\/ul>\n<p>Aprikoosiseemnete p\u00f5hinev kooriv geel eemaldab t\u00f5husalt epidermisest surnud nahaosakesed, puhastab poorid ja stimuleerib rakkude uuenemisprotsessi. Nahk muutub koheselt siledaks, pehmeks ja toonusemaks. See toode on eriti soovitatav kaalulangetusprogrammis, enne karvade eemaldamist (et v\u00e4ltida sissekasvanud karvade tekkimist), samuti enne isepruunistamist v\u00f5i p\u00e4evitamist.<\/p>\n<ul>\n<li><strong>Lait Hydratant Douceur Fleurie &#8211; Niisutav Ihupiim &#8220;Jasmine&#8221;<\/strong><\/li>\n<\/ul>\n<p>\u00d5rn piim tagab optimaalse niisutustaseme ja pehmendab ka k\u00f5ige tundlikumat nahka, andes mugavustunde.<\/p>\n<p>Sarapuup\u00e4hkli\u00f5li on toitva, antioks\u00fcdantse ja taastava toimega, kaitseb nahka agressiivsete keskkonnategurite eest, omab toniseerivaid omadusi.<\/p>\n<p>Jasmiini l\u00f5hnaga kerge parf\u00fc\u00fcmikompositsioon \u00fcmbritseb keha nagu loor. Nahk muutub siledaks ja siidiseks.<\/p>\n<p>Tooted on 100% loodusliku koostisega, nende kvaliteet vastab Cosmebio standardi n\u00f5uetele. Ei sisalda silikoone, mineraal\u00f5lisid, pol\u00fcet\u00fcleengl\u00fckooli, fenoks\u00fcetanooli, s\u00fcnteetilisi l\u00f5hnaaineid ega geneetiliselt muudetud komponente.<\/p>\n","protected":false},"excerpt":{"rendered":"<p><strong>Mask &#8220;Kohene niisutus&#8221; + Mask &#8220;Antipollution &#8220;+ Gommage &#8220;Corporel kehale&#8221; + Niisutav Ihupiim &#8220;Jasmine&#8221;<\/strong><\/p>\n","protected":false},"featured_media":1886,"comment_status":"open","ping_status":"closed","template":"","meta":{"_acf_changed":false},"pwb-brand":[43],"product_brand":[],"product_cat":[94],"product_tag":[105,113,111],"class_list":{"0":"post-1887","1":"product","2":"type-product","3":"status-publish","4":"has-post-thumbnail","6":"pwb-brand-phyt","7":"product_cat-detsembri-kuu-pakkumised","8":"product_tag-koik-naha","9":"product_tag-tundlik-nahk","10":"product_tag-vananemisvastane","12":"first","13":"outofstock","14":"sale","15":"taxable","16":"shipping-taxable","17":"purchasable","18":"product-type-simple"},"acf":[],"yoast_head":"<!-- This site is optimized with the Yoast SEO plugin v25.7 - https:\/\/yoast.com\/wordpress\/plugins\/seo\/ -->\n<title>PHYT&#039;S komplekt Nr 7 - Ilutoodete e-pood<\/title>\n<meta name=\"robots\" content=\"noindex, follow, max-snippet:-1, max-image-preview:large, max-video-preview:-1\" \/>\n<meta property=\"og:locale\" content=\"et_EE\" \/>\n<meta property=\"og:type\" content=\"article\" \/>\n<meta property=\"og:title\" content=\"PHYT&#039;S komplekt Nr 7 - Ilutoodete e-pood\" \/>\n<meta property=\"og:description\" content=\"Mask &quot;Kohene niisutus&quot; + Mask &quot;Antipollution &quot;+ Gommage &quot;Corporel kehale&quot; + Niisutav Ihupiim &quot;Jasmine&quot;\" \/>\n<meta property=\"og:url\" content=\"https:\/\/old.kosmetoloog.ee\/et\/toode\/phyts-komplekt-nr-7\/\" \/>\n<meta property=\"og:site_name\" content=\"Ilutoodete e-pood\" \/>\n<meta property=\"article:modified_time\" content=\"2024-01-02T20:38:47+00:00\" \/>\n<meta property=\"og:image\" content=\"https:\/\/old.kosmetoloog.ee\/wp-content\/uploads\/2023\/12\/PHYTS-CHRISTMAS-SET-No7-1.png\" \/>\n\t<meta property=\"og:image:width\" content=\"1080\" \/>\n\t<meta property=\"og:image:height\" content=\"864\" \/>\n\t<meta property=\"og:image:type\" content=\"image\/png\" \/>\n<meta name=\"twitter:card\" content=\"summary_large_image\" \/>\n<meta name=\"twitter:label1\" content=\"Est. reading time\" \/>\n\t<meta name=\"twitter:data1\" content=\"1 minut\" \/>\n<script type=\"application\/ld+json\" class=\"yoast-schema-graph\">{\"@context\":\"https:\/\/schema.org\",\"@graph\":[{\"@type\":\"WebPage\",\"@id\":\"https:\/\/old.kosmetoloog.ee\/et\/toode\/phyts-komplekt-nr-7\/\",\"url\":\"https:\/\/old.kosmetoloog.ee\/et\/toode\/phyts-komplekt-nr-7\/\",\"name\":\"PHYT'S komplekt Nr 7 - Ilutoodete e-pood\",\"isPartOf\":{\"@id\":\"https:\/\/old.kosmetoloog.ee\/#website\"},\"primaryImageOfPage\":{\"@id\":\"https:\/\/old.kosmetoloog.ee\/et\/toode\/phyts-komplekt-nr-7\/#primaryimage\"},\"image\":{\"@id\":\"https:\/\/old.kosmetoloog.ee\/et\/toode\/phyts-komplekt-nr-7\/#primaryimage\"},\"thumbnailUrl\":\"https:\/\/old.kosmetoloog.ee\/wp-content\/uploads\/2023\/12\/PHYTS-CHRISTMAS-SET-No7-1.png\",\"datePublished\":\"2023-12-14T23:05:01+00:00\",\"dateModified\":\"2024-01-02T20:38:47+00:00\",\"breadcrumb\":{\"@id\":\"https:\/\/old.kosmetoloog.ee\/et\/toode\/phyts-komplekt-nr-7\/#breadcrumb\"},\"inLanguage\":\"et\",\"potentialAction\":[{\"@type\":\"ReadAction\",\"target\":[\"https:\/\/old.kosmetoloog.ee\/et\/toode\/phyts-komplekt-nr-7\/\"]}]},{\"@type\":\"ImageObject\",\"inLanguage\":\"et\",\"@id\":\"https:\/\/old.kosmetoloog.ee\/et\/toode\/phyts-komplekt-nr-7\/#primaryimage\",\"url\":\"https:\/\/old.kosmetoloog.ee\/wp-content\/uploads\/2023\/12\/PHYTS-CHRISTMAS-SET-No7-1.png\",\"contentUrl\":\"https:\/\/old.kosmetoloog.ee\/wp-content\/uploads\/2023\/12\/PHYTS-CHRISTMAS-SET-No7-1.png\",\"width\":1080,\"height\":864},{\"@type\":\"BreadcrumbList\",\"@id\":\"https:\/\/old.kosmetoloog.ee\/et\/toode\/phyts-komplekt-nr-7\/#breadcrumb\",\"itemListElement\":[{\"@type\":\"ListItem\",\"position\":1,\"name\":\"Home\",\"item\":\"https:\/\/old.kosmetoloog.ee\/et\/\"},{\"@type\":\"ListItem\",\"position\":2,\"name\":\"Pood\",\"item\":\"https:\/\/old.kosmetoloog.ee\/et\/pood\/\"},{\"@type\":\"ListItem\",\"position\":3,\"name\":\"PHYT&#8217;S komplekt Nr 7\"}]},{\"@type\":\"WebSite\",\"@id\":\"https:\/\/old.kosmetoloog.ee\/#website\",\"url\":\"https:\/\/old.kosmetoloog.ee\/\",\"name\":\"Ilutoodete e-pood\",\"description\":\"Kosmeetika pood\",\"publisher\":{\"@id\":\"https:\/\/old.kosmetoloog.ee\/#organization\"},\"potentialAction\":[{\"@type\":\"SearchAction\",\"target\":{\"@type\":\"EntryPoint\",\"urlTemplate\":\"https:\/\/old.kosmetoloog.ee\/?s={search_term_string}\"},\"query-input\":{\"@type\":\"PropertyValueSpecification\",\"valueRequired\":true,\"valueName\":\"search_term_string\"}}],\"inLanguage\":\"et\"},{\"@type\":\"Organization\",\"@id\":\"https:\/\/old.kosmetoloog.ee\/#organization\",\"name\":\"You are You O\u00dc\",\"url\":\"https:\/\/old.kosmetoloog.ee\/\",\"logo\":{\"@type\":\"ImageObject\",\"inLanguage\":\"et\",\"@id\":\"https:\/\/old.kosmetoloog.ee\/#\/schema\/logo\/image\/\",\"url\":\"https:\/\/old.kosmetoloog.ee\/wp-content\/uploads\/2023\/08\/logo-1.png\",\"contentUrl\":\"https:\/\/old.kosmetoloog.ee\/wp-content\/uploads\/2023\/08\/logo-1.png\",\"width\":1200,\"height\":964,\"caption\":\"You are You O\u00dc\"},\"image\":{\"@id\":\"https:\/\/old.kosmetoloog.ee\/#\/schema\/logo\/image\/\"}}]}<\/script>\n<!-- \/ Yoast SEO plugin. -->","yoast_head_json":{"title":"PHYT'S komplekt Nr 7 - Ilutoodete e-pood","robots":{"index":"noindex","follow":"follow","max-snippet":"max-snippet:-1","max-image-preview":"max-image-preview:large","max-video-preview":"max-video-preview:-1"},"og_locale":"et_EE","og_type":"article","og_title":"PHYT'S komplekt Nr 7 - Ilutoodete e-pood","og_description":"Mask \"Kohene niisutus\" + Mask \"Antipollution \"+ Gommage \"Corporel kehale\" + Niisutav Ihupiim \"Jasmine\"","og_url":"https:\/\/old.kosmetoloog.ee\/et\/toode\/phyts-komplekt-nr-7\/","og_site_name":"Ilutoodete e-pood","article_modified_time":"2024-01-02T20:38:47+00:00","og_image":[{"width":1080,"height":864,"url":"https:\/\/old.kosmetoloog.ee\/wp-content\/uploads\/2023\/12\/PHYTS-CHRISTMAS-SET-No7-1.png","type":"image\/png"}],"twitter_card":"summary_large_image","twitter_misc":{"Est. reading time":"1 minut"},"schema":{"@context":"https:\/\/schema.org","@graph":[{"@type":"WebPage","@id":"https:\/\/old.kosmetoloog.ee\/et\/toode\/phyts-komplekt-nr-7\/","url":"https:\/\/old.kosmetoloog.ee\/et\/toode\/phyts-komplekt-nr-7\/","name":"PHYT'S komplekt Nr 7 - Ilutoodete e-pood","isPartOf":{"@id":"https:\/\/old.kosmetoloog.ee\/#website"},"primaryImageOfPage":{"@id":"https:\/\/old.kosmetoloog.ee\/et\/toode\/phyts-komplekt-nr-7\/#primaryimage"},"image":{"@id":"https:\/\/old.kosmetoloog.ee\/et\/toode\/phyts-komplekt-nr-7\/#primaryimage"},"thumbnailUrl":"https:\/\/old.kosmetoloog.ee\/wp-content\/uploads\/2023\/12\/PHYTS-CHRISTMAS-SET-No7-1.png","datePublished":"2023-12-14T23:05:01+00:00","dateModified":"2024-01-02T20:38:47+00:00","breadcrumb":{"@id":"https:\/\/old.kosmetoloog.ee\/et\/toode\/phyts-komplekt-nr-7\/#breadcrumb"},"inLanguage":"et","potentialAction":[{"@type":"ReadAction","target":["https:\/\/old.kosmetoloog.ee\/et\/toode\/phyts-komplekt-nr-7\/"]}]},{"@type":"ImageObject","inLanguage":"et","@id":"https:\/\/old.kosmetoloog.ee\/et\/toode\/phyts-komplekt-nr-7\/#primaryimage","url":"https:\/\/old.kosmetoloog.ee\/wp-content\/uploads\/2023\/12\/PHYTS-CHRISTMAS-SET-No7-1.png","contentUrl":"https:\/\/old.kosmetoloog.ee\/wp-content\/uploads\/2023\/12\/PHYTS-CHRISTMAS-SET-No7-1.png","width":1080,"height":864},{"@type":"BreadcrumbList","@id":"https:\/\/old.kosmetoloog.ee\/et\/toode\/phyts-komplekt-nr-7\/#breadcrumb","itemListElement":[{"@type":"ListItem","position":1,"name":"Home","item":"https:\/\/old.kosmetoloog.ee\/et\/"},{"@type":"ListItem","position":2,"name":"Pood","item":"https:\/\/old.kosmetoloog.ee\/et\/pood\/"},{"@type":"ListItem","position":3,"name":"PHYT&#8217;S komplekt Nr 7"}]},{"@type":"WebSite","@id":"https:\/\/old.kosmetoloog.ee\/#website","url":"https:\/\/old.kosmetoloog.ee\/","name":"Ilutoodete e-pood","description":"Kosmeetika pood","publisher":{"@id":"https:\/\/old.kosmetoloog.ee\/#organization"},"potentialAction":[{"@type":"SearchAction","target":{"@type":"EntryPoint","urlTemplate":"https:\/\/old.kosmetoloog.ee\/?s={search_term_string}"},"query-input":{"@type":"PropertyValueSpecification","valueRequired":true,"valueName":"search_term_string"}}],"inLanguage":"et"},{"@type":"Organization","@id":"https:\/\/old.kosmetoloog.ee\/#organization","name":"You are You O\u00dc","url":"https:\/\/old.kosmetoloog.ee\/","logo":{"@type":"ImageObject","inLanguage":"et","@id":"https:\/\/old.kosmetoloog.ee\/#\/schema\/logo\/image\/","url":"https:\/\/old.kosmetoloog.ee\/wp-content\/uploads\/2023\/08\/logo-1.png","contentUrl":"https:\/\/old.kosmetoloog.ee\/wp-content\/uploads\/2023\/08\/logo-1.png","width":1200,"height":964,"caption":"You are You O\u00dc"},"image":{"@id":"https:\/\/old.kosmetoloog.ee\/#\/schema\/logo\/image\/"}}]}},"brands":[{"id":43,"name":"PHYT'S","slug":"phyt"}],"_links":{"self":[{"href":"https:\/\/old.kosmetoloog.ee\/et\/wp-json\/wp\/v2\/product\/1887","targetHints":{"allow":["GET"]}}],"collection":[{"href":"https:\/\/old.kosmetoloog.ee\/et\/wp-json\/wp\/v2\/product"}],"about":[{"href":"https:\/\/old.kosmetoloog.ee\/et\/wp-json\/wp\/v2\/types\/product"}],"replies":[{"embeddable":true,"href":"https:\/\/old.kosmetoloog.ee\/et\/wp-json\/wp\/v2\/comments?post=1887"}],"wp:featuredmedia":[{"embeddable":true,"href":"https:\/\/old.kosmetoloog.ee\/et\/wp-json\/wp\/v2\/media\/1886"}],"wp:attachment":[{"href":"https:\/\/old.kosmetoloog.ee\/et\/wp-json\/wp\/v2\/media?parent=1887"}],"wp:term":[{"taxonomy":"pwb-brand","embeddable":true,"href":"https:\/\/old.kosmetoloog.ee\/et\/wp-json\/wp\/v2\/pwb-brand?post=1887"},{"taxonomy":"product_brand","embeddable":true,"href":"https:\/\/old.kosmetoloog.ee\/et\/wp-json\/wp\/v2\/product_brand?post=1887"},{"taxonomy":"product_cat","embeddable":true,"href":"https:\/\/old.kosmetoloog.ee\/et\/wp-json\/wp\/v2\/product_cat?post=1887"},{"taxonomy":"product_tag","embeddable":true,"href":"https:\/\/old.kosmetoloog.ee\/et\/wp-json\/wp\/v2\/product_tag?post=1887"}],"curies":[{"name":"wp","href":"https:\/\/api.w.org\/{rel}","templated":true}]}}