{"id":1939,"date":"2024-01-05T13:13:53","date_gmt":"2024-01-05T11:13:53","guid":{"rendered":"https:\/\/kosmetoloog.ee\/?post_type=product&#038;p=1939"},"modified":"2024-01-05T13:13:54","modified_gmt":"2024-01-05T11:13:54","slug":"ookreem-pwe-creme-de-nuit-white-bio-active","status":"publish","type":"product","link":"https:\/\/old.kosmetoloog.ee\/et\/toode\/ookreem-pwe-creme-de-nuit-white-bio-active\/","title":{"rendered":"\u00d6\u00d6KREEM PWE \/ CR\u00c8ME DE NUIT White Bio-Active"},"content":{"rendered":"<p>M\u00f5nusa \u00f5lise konsistentsiga kreem \u00fchtlustab jumet, m\u00f5jub kirgastavalt ja toidab nahka.<\/p>\n<p>C-vitamiin ja provitamiin A stimuleerivad naha uuenemisprotsesse une ajal, aktiivne PWE \u00ae kompleks aga p\u00e4rsib melaniini tootmist. J\u00e4rgmisel hommikul n\u00e4eb nahk \u00fchtlasem ja s\u00e4ravam v\u00e4lja.<\/p>\n<p>Kindlasti kombineerida p\u00e4evakreemiga.<\/p>\n<p>Vegan valem.<\/p>\n<p>Sobib k\u00f5ikidele nahat\u00fc\u00fcpidele.<\/p>\n","protected":false},"excerpt":{"rendered":"<p>Bioaktiivne \u00f6\u00f6kreem kirgastab ja toidab nahka.<\/p>\n","protected":false},"featured_media":1931,"comment_status":"open","ping_status":"closed","template":"","meta":{"_acf_changed":false},"pwb-brand":[43],"product_brand":[],"product_cat":[58],"product_tag":[108],"class_list":{"0":"post-1939","1":"product","2":"type-product","3":"status-publish","4":"has-post-thumbnail","6":"pwb-brand-phyt","7":"product_cat-nao-ja-kaelakreemid","8":"product_tag-pigmentatsioon","10":"first","11":"instock","12":"taxable","13":"shipping-taxable","14":"purchasable","15":"product-type-simple"},"acf":[],"yoast_head":"<!-- This site is optimized with the Yoast SEO plugin v25.7 - https:\/\/yoast.com\/wordpress\/plugins\/seo\/ -->\n<title>\u00d6\u00d6KREEM PWE \/ CR\u00c8ME DE NUIT White Bio-Active - Ilutoodete e-pood<\/title>\n<meta name=\"robots\" content=\"noindex, follow, max-snippet:-1, max-image-preview:large, max-video-preview:-1\" \/>\n<meta property=\"og:locale\" content=\"et_EE\" \/>\n<meta property=\"og:type\" content=\"article\" \/>\n<meta property=\"og:title\" content=\"\u00d6\u00d6KREEM PWE \/ CR\u00c8ME DE NUIT White Bio-Active - Ilutoodete e-pood\" \/>\n<meta property=\"og:description\" content=\"Bioaktiivne \u00f6\u00f6kreem kirgastab ja toidab nahka.\" \/>\n<meta property=\"og:url\" content=\"https:\/\/old.kosmetoloog.ee\/toode\/pwe-creme-de-nuit-white-bio-active\/\" \/>\n<meta property=\"og:site_name\" content=\"Ilutoodete e-pood\" \/>\n<meta property=\"article:modified_time\" content=\"2024-01-05T11:13:54+00:00\" \/>\n<meta property=\"og:image\" content=\"https:\/\/old.kosmetoloog.ee\/wp-content\/uploads\/2023\/12\/CREME-DE-NUIT-white-bio-active-phyts.jpg\" \/>\n\t<meta property=\"og:image:width\" content=\"900\" \/>\n\t<meta property=\"og:image:height\" content=\"900\" \/>\n\t<meta property=\"og:image:type\" content=\"image\/jpeg\" \/>\n<meta name=\"twitter:card\" content=\"summary_large_image\" \/>\n<script type=\"application\/ld+json\" class=\"yoast-schema-graph\">{\"@context\":\"https:\/\/schema.org\",\"@graph\":[{\"@type\":\"WebPage\",\"@id\":\"https:\/\/old.kosmetoloog.ee\/toode\/pwe-creme-de-nuit-white-bio-active\/\",\"url\":\"https:\/\/old.kosmetoloog.ee\/toode\/pwe-creme-de-nuit-white-bio-active\/\",\"name\":\"\u00d6\u00d6KREEM PWE \/ CR\u00c8ME DE NUIT White Bio-Active - Ilutoodete e-pood\",\"isPartOf\":{\"@id\":\"https:\/\/old.kosmetoloog.ee\/#website\"},\"primaryImageOfPage\":{\"@id\":\"https:\/\/old.kosmetoloog.ee\/toode\/pwe-creme-de-nuit-white-bio-active\/#primaryimage\"},\"image\":{\"@id\":\"https:\/\/old.kosmetoloog.ee\/toode\/pwe-creme-de-nuit-white-bio-active\/#primaryimage\"},\"thumbnailUrl\":\"https:\/\/old.kosmetoloog.ee\/wp-content\/uploads\/2023\/12\/CREME-DE-NUIT-white-bio-active-phyts.jpg\",\"datePublished\":\"2024-01-05T11:13:53+00:00\",\"dateModified\":\"2024-01-05T11:13:54+00:00\",\"breadcrumb\":{\"@id\":\"https:\/\/old.kosmetoloog.ee\/toode\/pwe-creme-de-nuit-white-bio-active\/#breadcrumb\"},\"inLanguage\":\"et\",\"potentialAction\":[{\"@type\":\"ReadAction\",\"target\":[\"https:\/\/old.kosmetoloog.ee\/toode\/pwe-creme-de-nuit-white-bio-active\/\"]}]},{\"@type\":\"ImageObject\",\"inLanguage\":\"et\",\"@id\":\"https:\/\/old.kosmetoloog.ee\/toode\/pwe-creme-de-nuit-white-bio-active\/#primaryimage\",\"url\":\"https:\/\/old.kosmetoloog.ee\/wp-content\/uploads\/2023\/12\/CREME-DE-NUIT-white-bio-active-phyts.jpg\",\"contentUrl\":\"https:\/\/old.kosmetoloog.ee\/wp-content\/uploads\/2023\/12\/CREME-DE-NUIT-white-bio-active-phyts.jpg\",\"width\":900,\"height\":900},{\"@type\":\"BreadcrumbList\",\"@id\":\"https:\/\/old.kosmetoloog.ee\/toode\/pwe-creme-de-nuit-white-bio-active\/#breadcrumb\",\"itemListElement\":[{\"@type\":\"ListItem\",\"position\":1,\"name\":\"Home\",\"item\":\"https:\/\/old.kosmetoloog.ee\/et\/\"},{\"@type\":\"ListItem\",\"position\":2,\"name\":\"Pood\",\"item\":\"https:\/\/old.kosmetoloog.ee\/et\/pood\/\"},{\"@type\":\"ListItem\",\"position\":3,\"name\":\"\u00d6\u00d6KREEM PWE \/ CR\u00c8ME DE NUIT White Bio-Active\"}]},{\"@type\":\"WebSite\",\"@id\":\"https:\/\/old.kosmetoloog.ee\/#website\",\"url\":\"https:\/\/old.kosmetoloog.ee\/\",\"name\":\"Ilutoodete e-pood\",\"description\":\"Kosmeetika pood\",\"publisher\":{\"@id\":\"https:\/\/old.kosmetoloog.ee\/#organization\"},\"potentialAction\":[{\"@type\":\"SearchAction\",\"target\":{\"@type\":\"EntryPoint\",\"urlTemplate\":\"https:\/\/old.kosmetoloog.ee\/?s={search_term_string}\"},\"query-input\":{\"@type\":\"PropertyValueSpecification\",\"valueRequired\":true,\"valueName\":\"search_term_string\"}}],\"inLanguage\":\"et\"},{\"@type\":\"Organization\",\"@id\":\"https:\/\/old.kosmetoloog.ee\/#organization\",\"name\":\"You are You O\u00dc\",\"url\":\"https:\/\/old.kosmetoloog.ee\/\",\"logo\":{\"@type\":\"ImageObject\",\"inLanguage\":\"et\",\"@id\":\"https:\/\/old.kosmetoloog.ee\/#\/schema\/logo\/image\/\",\"url\":\"https:\/\/old.kosmetoloog.ee\/wp-content\/uploads\/2023\/08\/logo-1.png\",\"contentUrl\":\"https:\/\/old.kosmetoloog.ee\/wp-content\/uploads\/2023\/08\/logo-1.png\",\"width\":1200,\"height\":964,\"caption\":\"You are You O\u00dc\"},\"image\":{\"@id\":\"https:\/\/old.kosmetoloog.ee\/#\/schema\/logo\/image\/\"}}]}<\/script>\n<!-- \/ Yoast SEO plugin. -->","yoast_head_json":{"title":"\u00d6\u00d6KREEM PWE \/ CR\u00c8ME DE NUIT White Bio-Active - Ilutoodete e-pood","robots":{"index":"noindex","follow":"follow","max-snippet":"max-snippet:-1","max-image-preview":"max-image-preview:large","max-video-preview":"max-video-preview:-1"},"og_locale":"et_EE","og_type":"article","og_title":"\u00d6\u00d6KREEM PWE \/ CR\u00c8ME DE NUIT White Bio-Active - Ilutoodete e-pood","og_description":"Bioaktiivne \u00f6\u00f6kreem kirgastab ja toidab nahka.","og_url":"https:\/\/old.kosmetoloog.ee\/toode\/pwe-creme-de-nuit-white-bio-active\/","og_site_name":"Ilutoodete e-pood","article_modified_time":"2024-01-05T11:13:54+00:00","og_image":[{"width":900,"height":900,"url":"https:\/\/old.kosmetoloog.ee\/wp-content\/uploads\/2023\/12\/CREME-DE-NUIT-white-bio-active-phyts.jpg","type":"image\/jpeg"}],"twitter_card":"summary_large_image","schema":{"@context":"https:\/\/schema.org","@graph":[{"@type":"WebPage","@id":"https:\/\/old.kosmetoloog.ee\/toode\/pwe-creme-de-nuit-white-bio-active\/","url":"https:\/\/old.kosmetoloog.ee\/toode\/pwe-creme-de-nuit-white-bio-active\/","name":"\u00d6\u00d6KREEM PWE \/ CR\u00c8ME DE NUIT White Bio-Active - Ilutoodete e-pood","isPartOf":{"@id":"https:\/\/old.kosmetoloog.ee\/#website"},"primaryImageOfPage":{"@id":"https:\/\/old.kosmetoloog.ee\/toode\/pwe-creme-de-nuit-white-bio-active\/#primaryimage"},"image":{"@id":"https:\/\/old.kosmetoloog.ee\/toode\/pwe-creme-de-nuit-white-bio-active\/#primaryimage"},"thumbnailUrl":"https:\/\/old.kosmetoloog.ee\/wp-content\/uploads\/2023\/12\/CREME-DE-NUIT-white-bio-active-phyts.jpg","datePublished":"2024-01-05T11:13:53+00:00","dateModified":"2024-01-05T11:13:54+00:00","breadcrumb":{"@id":"https:\/\/old.kosmetoloog.ee\/toode\/pwe-creme-de-nuit-white-bio-active\/#breadcrumb"},"inLanguage":"et","potentialAction":[{"@type":"ReadAction","target":["https:\/\/old.kosmetoloog.ee\/toode\/pwe-creme-de-nuit-white-bio-active\/"]}]},{"@type":"ImageObject","inLanguage":"et","@id":"https:\/\/old.kosmetoloog.ee\/toode\/pwe-creme-de-nuit-white-bio-active\/#primaryimage","url":"https:\/\/old.kosmetoloog.ee\/wp-content\/uploads\/2023\/12\/CREME-DE-NUIT-white-bio-active-phyts.jpg","contentUrl":"https:\/\/old.kosmetoloog.ee\/wp-content\/uploads\/2023\/12\/CREME-DE-NUIT-white-bio-active-phyts.jpg","width":900,"height":900},{"@type":"BreadcrumbList","@id":"https:\/\/old.kosmetoloog.ee\/toode\/pwe-creme-de-nuit-white-bio-active\/#breadcrumb","itemListElement":[{"@type":"ListItem","position":1,"name":"Home","item":"https:\/\/old.kosmetoloog.ee\/et\/"},{"@type":"ListItem","position":2,"name":"Pood","item":"https:\/\/old.kosmetoloog.ee\/et\/pood\/"},{"@type":"ListItem","position":3,"name":"\u00d6\u00d6KREEM PWE \/ CR\u00c8ME DE NUIT White Bio-Active"}]},{"@type":"WebSite","@id":"https:\/\/old.kosmetoloog.ee\/#website","url":"https:\/\/old.kosmetoloog.ee\/","name":"Ilutoodete e-pood","description":"Kosmeetika pood","publisher":{"@id":"https:\/\/old.kosmetoloog.ee\/#organization"},"potentialAction":[{"@type":"SearchAction","target":{"@type":"EntryPoint","urlTemplate":"https:\/\/old.kosmetoloog.ee\/?s={search_term_string}"},"query-input":{"@type":"PropertyValueSpecification","valueRequired":true,"valueName":"search_term_string"}}],"inLanguage":"et"},{"@type":"Organization","@id":"https:\/\/old.kosmetoloog.ee\/#organization","name":"You are You O\u00dc","url":"https:\/\/old.kosmetoloog.ee\/","logo":{"@type":"ImageObject","inLanguage":"et","@id":"https:\/\/old.kosmetoloog.ee\/#\/schema\/logo\/image\/","url":"https:\/\/old.kosmetoloog.ee\/wp-content\/uploads\/2023\/08\/logo-1.png","contentUrl":"https:\/\/old.kosmetoloog.ee\/wp-content\/uploads\/2023\/08\/logo-1.png","width":1200,"height":964,"caption":"You are You O\u00dc"},"image":{"@id":"https:\/\/old.kosmetoloog.ee\/#\/schema\/logo\/image\/"}}]}},"brands":[{"id":43,"name":"PHYT'S","slug":"phyt"}],"_links":{"self":[{"href":"https:\/\/old.kosmetoloog.ee\/et\/wp-json\/wp\/v2\/product\/1939","targetHints":{"allow":["GET"]}}],"collection":[{"href":"https:\/\/old.kosmetoloog.ee\/et\/wp-json\/wp\/v2\/product"}],"about":[{"href":"https:\/\/old.kosmetoloog.ee\/et\/wp-json\/wp\/v2\/types\/product"}],"replies":[{"embeddable":true,"href":"https:\/\/old.kosmetoloog.ee\/et\/wp-json\/wp\/v2\/comments?post=1939"}],"wp:featuredmedia":[{"embeddable":true,"href":"https:\/\/old.kosmetoloog.ee\/et\/wp-json\/wp\/v2\/media\/1931"}],"wp:attachment":[{"href":"https:\/\/old.kosmetoloog.ee\/et\/wp-json\/wp\/v2\/media?parent=1939"}],"wp:term":[{"taxonomy":"pwb-brand","embeddable":true,"href":"https:\/\/old.kosmetoloog.ee\/et\/wp-json\/wp\/v2\/pwb-brand?post=1939"},{"taxonomy":"product_brand","embeddable":true,"href":"https:\/\/old.kosmetoloog.ee\/et\/wp-json\/wp\/v2\/product_brand?post=1939"},{"taxonomy":"product_cat","embeddable":true,"href":"https:\/\/old.kosmetoloog.ee\/et\/wp-json\/wp\/v2\/product_cat?post=1939"},{"taxonomy":"product_tag","embeddable":true,"href":"https:\/\/old.kosmetoloog.ee\/et\/wp-json\/wp\/v2\/product_tag?post=1939"}],"curies":[{"name":"wp","href":"https:\/\/api.w.org\/{rel}","templated":true}]}}