{"id":1978,"date":"2024-01-11T13:09:20","date_gmt":"2024-01-11T11:09:20","guid":{"rendered":"https:\/\/kosmetoloog.ee\/?post_type=product&#038;p=1978"},"modified":"2024-02-14T16:31:26","modified_gmt":"2024-02-14T14:31:26","slug":"peptiididega-kehalosjoon-nanodessert-body-lotion","status":"publish","type":"product","link":"https:\/\/old.kosmetoloog.ee\/et\/toode\/peptiididega-kehalosjoon-nanodessert-body-lotion\/","title":{"rendered":"PEPTIIDIDEGA KEHALOSJOON \u201cNANODESSERT BODY LOTION\u201d"},"content":{"rendered":"<p>\u00d5rna tekstuuri, rikkaliku koostise ja h\u00e4mmastava aroomiga kehalosjoonis korratakse sarnast koostist nagu Nanoasia \u201cNanodessert\u201d kehakreemis.<\/p>\n<p>Losjoonil on niisutavam toime ja kergem tekstuur ning toode on ideaalne nendele, kellele meeldivad kerged ja kaalutud struktuurid. P\u00e4rast kreemi kasutamist tunneb nahk end toidetuna, elastsena ja siidisena. Naha kuivus kaob koheselt peale esimest kasutuskorda. Uus kehalosjoon aitab taastada nahka ning leevendada p\u00e4ikesep\u00f5letust ning p\u00f5letushaavade kahjustusi.<\/p>\n<p>Toode sisaldab 5 peptiidi kompleksi, mis vastutavad naha taastamise ja noorendamise eest ning suurendavad kollageeni ja elastiini tootmist. Lisaks sisaldab toode ka v\u00e4\u00e4rtuslikke \u00f5lisid, mis toidavad intensiivselt nahka ning taaselustavad isegi v\u00e4ga kuiva ja kahjustatud naha.<\/p>\n<p><strong>Losjooni aktiivsed toimeomadused:<\/strong><\/p>\n<ul>\n<li>niisutab ja toidab naha koheselt;<\/li>\n<li>parandab naha tihedust ja elastsust;<\/li>\n<li>kiirendab naha taastumist;<\/li>\n<li>v\u00e4hendab l\u00f5tvust ning kortse;<\/li>\n<li>k\u00f5rvaldab tugeva ketenduse ja kuivuse;<\/li>\n<li>muudab naha pehmeks ja sametiseks;<\/li>\n<li>taaselustab nahka p\u00e4rast p\u00e4ikesep\u00f5letust;<\/li>\n<li>kaitseb k\u00fclmal aastaajal.<\/li>\n<\/ul>\n","protected":false},"excerpt":{"rendered":"<p>Lotion kehanaha s\u00fcgavaks niisutamiseks.<\/p>\n","protected":false},"featured_media":1977,"comment_status":"open","ping_status":"closed","template":"","meta":{"_acf_changed":false},"pwb-brand":[44],"product_brand":[],"product_cat":[65],"product_tag":[],"class_list":{"0":"post-1978","1":"product","2":"type-product","3":"status-publish","4":"has-post-thumbnail","6":"pwb-brand-nanoasia","7":"product_cat-kehahooldus","9":"first","10":"instock","11":"taxable","12":"shipping-taxable","13":"purchasable","14":"product-type-simple"},"acf":[],"yoast_head":"<!-- This site is optimized with the Yoast SEO plugin v25.7 - https:\/\/yoast.com\/wordpress\/plugins\/seo\/ -->\n<title>PEPTIIDIDEGA KEHALOSJOON \u201cNANODESSERT BODY LOTION\u201d - Ilutoodete e-pood<\/title>\n<meta name=\"robots\" content=\"noindex, follow, max-snippet:-1, max-image-preview:large, max-video-preview:-1\" \/>\n<meta property=\"og:locale\" content=\"et_EE\" \/>\n<meta property=\"og:type\" content=\"article\" \/>\n<meta property=\"og:title\" content=\"PEPTIIDIDEGA KEHALOSJOON \u201cNANODESSERT BODY LOTION\u201d - Ilutoodete e-pood\" \/>\n<meta property=\"og:description\" content=\"Lotion kehanaha s\u00fcgavaks niisutamiseks.\" \/>\n<meta property=\"og:url\" content=\"https:\/\/old.kosmetoloog.ee\/toode\/nanoasia-nanodessert-body-lotion\/\" \/>\n<meta property=\"og:site_name\" content=\"Ilutoodete e-pood\" \/>\n<meta property=\"article:modified_time\" content=\"2024-02-14T14:31:26+00:00\" \/>\n<meta property=\"og:image\" content=\"https:\/\/old.kosmetoloog.ee\/wp-content\/uploads\/2024\/01\/NANODESSERT-BODY-LOTION-pack.png\" \/>\n\t<meta property=\"og:image:width\" content=\"1080\" \/>\n\t<meta property=\"og:image:height\" content=\"1080\" \/>\n\t<meta property=\"og:image:type\" content=\"image\/png\" \/>\n<meta name=\"twitter:card\" content=\"summary_large_image\" \/>\n<meta name=\"twitter:label1\" content=\"Est. reading time\" \/>\n\t<meta name=\"twitter:data1\" content=\"1 minut\" \/>\n<script type=\"application\/ld+json\" class=\"yoast-schema-graph\">{\"@context\":\"https:\/\/schema.org\",\"@graph\":[{\"@type\":\"WebPage\",\"@id\":\"https:\/\/old.kosmetoloog.ee\/toode\/nanoasia-nanodessert-body-lotion\/\",\"url\":\"https:\/\/old.kosmetoloog.ee\/toode\/nanoasia-nanodessert-body-lotion\/\",\"name\":\"PEPTIIDIDEGA KEHALOSJOON \u201cNANODESSERT BODY LOTION\u201d - Ilutoodete e-pood\",\"isPartOf\":{\"@id\":\"https:\/\/old.kosmetoloog.ee\/#website\"},\"primaryImageOfPage\":{\"@id\":\"https:\/\/old.kosmetoloog.ee\/toode\/nanoasia-nanodessert-body-lotion\/#primaryimage\"},\"image\":{\"@id\":\"https:\/\/old.kosmetoloog.ee\/toode\/nanoasia-nanodessert-body-lotion\/#primaryimage\"},\"thumbnailUrl\":\"https:\/\/old.kosmetoloog.ee\/wp-content\/uploads\/2024\/01\/NANODESSERT-BODY-LOTION-pack.png\",\"datePublished\":\"2024-01-11T11:09:20+00:00\",\"dateModified\":\"2024-02-14T14:31:26+00:00\",\"breadcrumb\":{\"@id\":\"https:\/\/old.kosmetoloog.ee\/toode\/nanoasia-nanodessert-body-lotion\/#breadcrumb\"},\"inLanguage\":\"et\",\"potentialAction\":[{\"@type\":\"ReadAction\",\"target\":[\"https:\/\/old.kosmetoloog.ee\/toode\/nanoasia-nanodessert-body-lotion\/\"]}]},{\"@type\":\"ImageObject\",\"inLanguage\":\"et\",\"@id\":\"https:\/\/old.kosmetoloog.ee\/toode\/nanoasia-nanodessert-body-lotion\/#primaryimage\",\"url\":\"https:\/\/old.kosmetoloog.ee\/wp-content\/uploads\/2024\/01\/NANODESSERT-BODY-LOTION-pack.png\",\"contentUrl\":\"https:\/\/old.kosmetoloog.ee\/wp-content\/uploads\/2024\/01\/NANODESSERT-BODY-LOTION-pack.png\",\"width\":1080,\"height\":1080},{\"@type\":\"BreadcrumbList\",\"@id\":\"https:\/\/old.kosmetoloog.ee\/toode\/nanoasia-nanodessert-body-lotion\/#breadcrumb\",\"itemListElement\":[{\"@type\":\"ListItem\",\"position\":1,\"name\":\"Home\",\"item\":\"https:\/\/old.kosmetoloog.ee\/et\/\"},{\"@type\":\"ListItem\",\"position\":2,\"name\":\"Pood\",\"item\":\"https:\/\/old.kosmetoloog.ee\/et\/pood\/\"},{\"@type\":\"ListItem\",\"position\":3,\"name\":\"PEPTIIDIDEGA KEHALOSJOON \u201cNANODESSERT BODY LOTION\u201d\"}]},{\"@type\":\"WebSite\",\"@id\":\"https:\/\/old.kosmetoloog.ee\/#website\",\"url\":\"https:\/\/old.kosmetoloog.ee\/\",\"name\":\"Ilutoodete e-pood\",\"description\":\"Kosmeetika pood\",\"publisher\":{\"@id\":\"https:\/\/old.kosmetoloog.ee\/#organization\"},\"potentialAction\":[{\"@type\":\"SearchAction\",\"target\":{\"@type\":\"EntryPoint\",\"urlTemplate\":\"https:\/\/old.kosmetoloog.ee\/?s={search_term_string}\"},\"query-input\":{\"@type\":\"PropertyValueSpecification\",\"valueRequired\":true,\"valueName\":\"search_term_string\"}}],\"inLanguage\":\"et\"},{\"@type\":\"Organization\",\"@id\":\"https:\/\/old.kosmetoloog.ee\/#organization\",\"name\":\"You are You O\u00dc\",\"url\":\"https:\/\/old.kosmetoloog.ee\/\",\"logo\":{\"@type\":\"ImageObject\",\"inLanguage\":\"et\",\"@id\":\"https:\/\/old.kosmetoloog.ee\/#\/schema\/logo\/image\/\",\"url\":\"https:\/\/old.kosmetoloog.ee\/wp-content\/uploads\/2023\/08\/logo-1.png\",\"contentUrl\":\"https:\/\/old.kosmetoloog.ee\/wp-content\/uploads\/2023\/08\/logo-1.png\",\"width\":1200,\"height\":964,\"caption\":\"You are You O\u00dc\"},\"image\":{\"@id\":\"https:\/\/old.kosmetoloog.ee\/#\/schema\/logo\/image\/\"}}]}<\/script>\n<!-- \/ Yoast SEO plugin. -->","yoast_head_json":{"title":"PEPTIIDIDEGA KEHALOSJOON \u201cNANODESSERT BODY LOTION\u201d - Ilutoodete e-pood","robots":{"index":"noindex","follow":"follow","max-snippet":"max-snippet:-1","max-image-preview":"max-image-preview:large","max-video-preview":"max-video-preview:-1"},"og_locale":"et_EE","og_type":"article","og_title":"PEPTIIDIDEGA KEHALOSJOON \u201cNANODESSERT BODY LOTION\u201d - Ilutoodete e-pood","og_description":"Lotion kehanaha s\u00fcgavaks niisutamiseks.","og_url":"https:\/\/old.kosmetoloog.ee\/toode\/nanoasia-nanodessert-body-lotion\/","og_site_name":"Ilutoodete e-pood","article_modified_time":"2024-02-14T14:31:26+00:00","og_image":[{"width":1080,"height":1080,"url":"https:\/\/old.kosmetoloog.ee\/wp-content\/uploads\/2024\/01\/NANODESSERT-BODY-LOTION-pack.png","type":"image\/png"}],"twitter_card":"summary_large_image","twitter_misc":{"Est. reading time":"1 minut"},"schema":{"@context":"https:\/\/schema.org","@graph":[{"@type":"WebPage","@id":"https:\/\/old.kosmetoloog.ee\/toode\/nanoasia-nanodessert-body-lotion\/","url":"https:\/\/old.kosmetoloog.ee\/toode\/nanoasia-nanodessert-body-lotion\/","name":"PEPTIIDIDEGA KEHALOSJOON \u201cNANODESSERT BODY LOTION\u201d - Ilutoodete e-pood","isPartOf":{"@id":"https:\/\/old.kosmetoloog.ee\/#website"},"primaryImageOfPage":{"@id":"https:\/\/old.kosmetoloog.ee\/toode\/nanoasia-nanodessert-body-lotion\/#primaryimage"},"image":{"@id":"https:\/\/old.kosmetoloog.ee\/toode\/nanoasia-nanodessert-body-lotion\/#primaryimage"},"thumbnailUrl":"https:\/\/old.kosmetoloog.ee\/wp-content\/uploads\/2024\/01\/NANODESSERT-BODY-LOTION-pack.png","datePublished":"2024-01-11T11:09:20+00:00","dateModified":"2024-02-14T14:31:26+00:00","breadcrumb":{"@id":"https:\/\/old.kosmetoloog.ee\/toode\/nanoasia-nanodessert-body-lotion\/#breadcrumb"},"inLanguage":"et","potentialAction":[{"@type":"ReadAction","target":["https:\/\/old.kosmetoloog.ee\/toode\/nanoasia-nanodessert-body-lotion\/"]}]},{"@type":"ImageObject","inLanguage":"et","@id":"https:\/\/old.kosmetoloog.ee\/toode\/nanoasia-nanodessert-body-lotion\/#primaryimage","url":"https:\/\/old.kosmetoloog.ee\/wp-content\/uploads\/2024\/01\/NANODESSERT-BODY-LOTION-pack.png","contentUrl":"https:\/\/old.kosmetoloog.ee\/wp-content\/uploads\/2024\/01\/NANODESSERT-BODY-LOTION-pack.png","width":1080,"height":1080},{"@type":"BreadcrumbList","@id":"https:\/\/old.kosmetoloog.ee\/toode\/nanoasia-nanodessert-body-lotion\/#breadcrumb","itemListElement":[{"@type":"ListItem","position":1,"name":"Home","item":"https:\/\/old.kosmetoloog.ee\/et\/"},{"@type":"ListItem","position":2,"name":"Pood","item":"https:\/\/old.kosmetoloog.ee\/et\/pood\/"},{"@type":"ListItem","position":3,"name":"PEPTIIDIDEGA KEHALOSJOON \u201cNANODESSERT BODY LOTION\u201d"}]},{"@type":"WebSite","@id":"https:\/\/old.kosmetoloog.ee\/#website","url":"https:\/\/old.kosmetoloog.ee\/","name":"Ilutoodete e-pood","description":"Kosmeetika pood","publisher":{"@id":"https:\/\/old.kosmetoloog.ee\/#organization"},"potentialAction":[{"@type":"SearchAction","target":{"@type":"EntryPoint","urlTemplate":"https:\/\/old.kosmetoloog.ee\/?s={search_term_string}"},"query-input":{"@type":"PropertyValueSpecification","valueRequired":true,"valueName":"search_term_string"}}],"inLanguage":"et"},{"@type":"Organization","@id":"https:\/\/old.kosmetoloog.ee\/#organization","name":"You are You O\u00dc","url":"https:\/\/old.kosmetoloog.ee\/","logo":{"@type":"ImageObject","inLanguage":"et","@id":"https:\/\/old.kosmetoloog.ee\/#\/schema\/logo\/image\/","url":"https:\/\/old.kosmetoloog.ee\/wp-content\/uploads\/2023\/08\/logo-1.png","contentUrl":"https:\/\/old.kosmetoloog.ee\/wp-content\/uploads\/2023\/08\/logo-1.png","width":1200,"height":964,"caption":"You are You O\u00dc"},"image":{"@id":"https:\/\/old.kosmetoloog.ee\/#\/schema\/logo\/image\/"}}]}},"brands":[{"id":44,"name":"NANOASIA","slug":"nanoasia"}],"_links":{"self":[{"href":"https:\/\/old.kosmetoloog.ee\/et\/wp-json\/wp\/v2\/product\/1978","targetHints":{"allow":["GET"]}}],"collection":[{"href":"https:\/\/old.kosmetoloog.ee\/et\/wp-json\/wp\/v2\/product"}],"about":[{"href":"https:\/\/old.kosmetoloog.ee\/et\/wp-json\/wp\/v2\/types\/product"}],"replies":[{"embeddable":true,"href":"https:\/\/old.kosmetoloog.ee\/et\/wp-json\/wp\/v2\/comments?post=1978"}],"wp:featuredmedia":[{"embeddable":true,"href":"https:\/\/old.kosmetoloog.ee\/et\/wp-json\/wp\/v2\/media\/1977"}],"wp:attachment":[{"href":"https:\/\/old.kosmetoloog.ee\/et\/wp-json\/wp\/v2\/media?parent=1978"}],"wp:term":[{"taxonomy":"pwb-brand","embeddable":true,"href":"https:\/\/old.kosmetoloog.ee\/et\/wp-json\/wp\/v2\/pwb-brand?post=1978"},{"taxonomy":"product_brand","embeddable":true,"href":"https:\/\/old.kosmetoloog.ee\/et\/wp-json\/wp\/v2\/product_brand?post=1978"},{"taxonomy":"product_cat","embeddable":true,"href":"https:\/\/old.kosmetoloog.ee\/et\/wp-json\/wp\/v2\/product_cat?post=1978"},{"taxonomy":"product_tag","embeddable":true,"href":"https:\/\/old.kosmetoloog.ee\/et\/wp-json\/wp\/v2\/product_tag?post=1978"}],"curies":[{"name":"wp","href":"https:\/\/api.w.org\/{rel}","templated":true}]}}