{"id":1989,"date":"2024-01-15T15:19:06","date_gmt":"2024-01-15T13:19:06","guid":{"rendered":"https:\/\/kosmetoloog.ee\/?post_type=product&#038;p=1989"},"modified":"2025-07-01T12:01:12","modified_gmt":"2025-07-01T09:01:12","slug":"naha-regeneratsiooni-aktiveeriv-salv-booster-for-skin-regeneration","status":"publish","type":"product","link":"https:\/\/old.kosmetoloog.ee\/et\/toode\/naha-regeneratsiooni-aktiveeriv-salv-booster-for-skin-regeneration\/","title":{"rendered":"NAHA REGENERATSIOONI AKTIVEERIV SALV \/ BOOSTER FOR SKIN REGENERATION"},"content":{"rendered":"<p>See ainulaadne 100% looduslik regeneratsiooni aktiveeriv salv ei sisalda kemikaale ega s\u00e4ilitusaineid.<\/p>\n<p>Iidsetest aegadest on inimesed pidanud j\u00f5hvikaid, granaat\u00f5unu ja kreeka p\u00e4hkleid suurimateks looduse kingitusteks.<br \/>\n&#8220;Meditsiini isa&#8221; Hippokrates kasutas neid kolme imelist koostisosa nahaprobleemide raviks. T\u00e4nap\u00e4eval on teaduslikult t\u00f5estatud, et need koostisosad on \u00fched maailma parimad antioks\u00fcdantide allikad. Antud antioks\u00fcdandid pakuvad naha regenereerimisel ja taastumisel suurimat tuge ning stimuleerivad kollageeni tootmist, mis on eluliselt t\u00e4htis s\u00e4rava, pingul, v\u00e4rske ja noorusliku naha jaoks.<\/p>\n<p>\u0411\u0443\u0441\u0442\u0435\u0440 \u0434\u043b\u044f \u043a\u043e\u0436\u0438 \u0441\u043e \u0421\u0432\u044f\u0442\u043e\u0439 \u0413\u043e\u0440\u044b \u0410\u0444\u043e\u043d \u0437\u0430\u0440\u0435\u0433\u0438\u0441\u0442\u0440\u0438\u0440\u043e\u0432\u0430\u043d \u0432 \u043a\u043e\u043c\u043f\u0435\u0442\u0435\u043d\u0442\u043d\u044b\u0445 \u043e\u0440\u0433\u0430\u043d\u0430\u0445 \u0415\u0421. Omab registreerimisnumbrit, mis kinnitab p\u00e4ritolu kohta, efektiivsust ning t\u00e4pset looduslike ja puhta koostisosade arvu.<\/p>\n","protected":false},"excerpt":{"rendered":"<p>100% looduslik naha regeneratsiooni aktiveeriv salv.<\/p>\n","protected":false},"featured_media":1988,"comment_status":"open","ping_status":"closed","template":"","meta":{"_acf_changed":false},"pwb-brand":[85],"product_brand":[],"product_cat":[58,89,63,87,65],"product_tag":[105],"class_list":{"0":"post-1989","1":"product","2":"type-product","3":"status-publish","4":"has-post-thumbnail","6":"pwb-brand-athos","7":"product_cat-nao-ja-kaelakreemid","8":"product_cat-jalakreemid","9":"product_cat-katekreemid","10":"product_cat-salv","11":"product_cat-kehahooldus","12":"product_tag-koik-naha","14":"first","15":"instock","16":"taxable","17":"shipping-taxable","18":"purchasable","19":"product-type-simple"},"acf":[],"yoast_head":"<!-- This site is optimized with the Yoast SEO plugin v25.7 - https:\/\/yoast.com\/wordpress\/plugins\/seo\/ -->\n<title>NAHA REGENERATSIOONI AKTIVEERIV SALV \/ BOOSTER FOR SKIN REGENERATION - Ilutoodete e-pood<\/title>\n<meta name=\"robots\" content=\"noindex, follow, max-snippet:-1, max-image-preview:large, max-video-preview:-1\" \/>\n<meta property=\"og:locale\" content=\"et_EE\" \/>\n<meta property=\"og:type\" content=\"article\" \/>\n<meta property=\"og:title\" content=\"NAHA REGENERATSIOONI AKTIVEERIV SALV \/ BOOSTER FOR SKIN REGENERATION - Ilutoodete e-pood\" \/>\n<meta property=\"og:description\" content=\"100% looduslik naha regeneratsiooni aktiveeriv salv.\" \/>\n<meta property=\"og:url\" content=\"https:\/\/old.kosmetoloog.ee\/toode\/booster-for-skin-regeneration\/\" \/>\n<meta property=\"og:site_name\" content=\"Ilutoodete e-pood\" \/>\n<meta property=\"article:modified_time\" content=\"2025-07-01T09:01:12+00:00\" \/>\n<meta property=\"og:image\" content=\"https:\/\/old.kosmetoloog.ee\/wp-content\/uploads\/2024\/01\/black.jpg\" \/>\n\t<meta property=\"og:image:width\" content=\"1680\" \/>\n\t<meta property=\"og:image:height\" content=\"1260\" \/>\n\t<meta property=\"og:image:type\" content=\"image\/jpeg\" \/>\n<meta name=\"twitter:card\" content=\"summary_large_image\" \/>\n<script type=\"application\/ld+json\" class=\"yoast-schema-graph\">{\"@context\":\"https:\/\/schema.org\",\"@graph\":[{\"@type\":\"WebPage\",\"@id\":\"https:\/\/old.kosmetoloog.ee\/toode\/booster-for-skin-regeneration\/\",\"url\":\"https:\/\/old.kosmetoloog.ee\/toode\/booster-for-skin-regeneration\/\",\"name\":\"NAHA REGENERATSIOONI AKTIVEERIV SALV \/ BOOSTER FOR SKIN REGENERATION - Ilutoodete e-pood\",\"isPartOf\":{\"@id\":\"https:\/\/old.kosmetoloog.ee\/#website\"},\"primaryImageOfPage\":{\"@id\":\"https:\/\/old.kosmetoloog.ee\/toode\/booster-for-skin-regeneration\/#primaryimage\"},\"image\":{\"@id\":\"https:\/\/old.kosmetoloog.ee\/toode\/booster-for-skin-regeneration\/#primaryimage\"},\"thumbnailUrl\":\"https:\/\/old.kosmetoloog.ee\/wp-content\/uploads\/2024\/01\/black.jpg\",\"datePublished\":\"2024-01-15T13:19:06+00:00\",\"dateModified\":\"2025-07-01T09:01:12+00:00\",\"breadcrumb\":{\"@id\":\"https:\/\/old.kosmetoloog.ee\/toode\/booster-for-skin-regeneration\/#breadcrumb\"},\"inLanguage\":\"et\",\"potentialAction\":[{\"@type\":\"ReadAction\",\"target\":[\"https:\/\/old.kosmetoloog.ee\/toode\/booster-for-skin-regeneration\/\"]}]},{\"@type\":\"ImageObject\",\"inLanguage\":\"et\",\"@id\":\"https:\/\/old.kosmetoloog.ee\/toode\/booster-for-skin-regeneration\/#primaryimage\",\"url\":\"https:\/\/old.kosmetoloog.ee\/wp-content\/uploads\/2024\/01\/black.jpg\",\"contentUrl\":\"https:\/\/old.kosmetoloog.ee\/wp-content\/uploads\/2024\/01\/black.jpg\",\"width\":1680,\"height\":1260},{\"@type\":\"BreadcrumbList\",\"@id\":\"https:\/\/old.kosmetoloog.ee\/toode\/booster-for-skin-regeneration\/#breadcrumb\",\"itemListElement\":[{\"@type\":\"ListItem\",\"position\":1,\"name\":\"Home\",\"item\":\"https:\/\/old.kosmetoloog.ee\/et\/\"},{\"@type\":\"ListItem\",\"position\":2,\"name\":\"Pood\",\"item\":\"https:\/\/old.kosmetoloog.ee\/et\/pood\/\"},{\"@type\":\"ListItem\",\"position\":3,\"name\":\"NAHA REGENERATSIOONI AKTIVEERIV SALV \/ BOOSTER FOR SKIN REGENERATION\"}]},{\"@type\":\"WebSite\",\"@id\":\"https:\/\/old.kosmetoloog.ee\/#website\",\"url\":\"https:\/\/old.kosmetoloog.ee\/\",\"name\":\"Ilutoodete e-pood\",\"description\":\"Kosmeetika pood\",\"publisher\":{\"@id\":\"https:\/\/old.kosmetoloog.ee\/#organization\"},\"potentialAction\":[{\"@type\":\"SearchAction\",\"target\":{\"@type\":\"EntryPoint\",\"urlTemplate\":\"https:\/\/old.kosmetoloog.ee\/?s={search_term_string}\"},\"query-input\":{\"@type\":\"PropertyValueSpecification\",\"valueRequired\":true,\"valueName\":\"search_term_string\"}}],\"inLanguage\":\"et\"},{\"@type\":\"Organization\",\"@id\":\"https:\/\/old.kosmetoloog.ee\/#organization\",\"name\":\"You are You O\u00dc\",\"url\":\"https:\/\/old.kosmetoloog.ee\/\",\"logo\":{\"@type\":\"ImageObject\",\"inLanguage\":\"et\",\"@id\":\"https:\/\/old.kosmetoloog.ee\/#\/schema\/logo\/image\/\",\"url\":\"https:\/\/old.kosmetoloog.ee\/wp-content\/uploads\/2023\/08\/logo-1.png\",\"contentUrl\":\"https:\/\/old.kosmetoloog.ee\/wp-content\/uploads\/2023\/08\/logo-1.png\",\"width\":1200,\"height\":964,\"caption\":\"You are You O\u00dc\"},\"image\":{\"@id\":\"https:\/\/old.kosmetoloog.ee\/#\/schema\/logo\/image\/\"}}]}<\/script>\n<!-- \/ Yoast SEO plugin. -->","yoast_head_json":{"title":"NAHA REGENERATSIOONI AKTIVEERIV SALV \/ BOOSTER FOR SKIN REGENERATION - Ilutoodete e-pood","robots":{"index":"noindex","follow":"follow","max-snippet":"max-snippet:-1","max-image-preview":"max-image-preview:large","max-video-preview":"max-video-preview:-1"},"og_locale":"et_EE","og_type":"article","og_title":"NAHA REGENERATSIOONI AKTIVEERIV SALV \/ BOOSTER FOR SKIN REGENERATION - Ilutoodete e-pood","og_description":"100% looduslik naha regeneratsiooni aktiveeriv salv.","og_url":"https:\/\/old.kosmetoloog.ee\/toode\/booster-for-skin-regeneration\/","og_site_name":"Ilutoodete e-pood","article_modified_time":"2025-07-01T09:01:12+00:00","og_image":[{"width":1680,"height":1260,"url":"https:\/\/old.kosmetoloog.ee\/wp-content\/uploads\/2024\/01\/black.jpg","type":"image\/jpeg"}],"twitter_card":"summary_large_image","schema":{"@context":"https:\/\/schema.org","@graph":[{"@type":"WebPage","@id":"https:\/\/old.kosmetoloog.ee\/toode\/booster-for-skin-regeneration\/","url":"https:\/\/old.kosmetoloog.ee\/toode\/booster-for-skin-regeneration\/","name":"NAHA REGENERATSIOONI AKTIVEERIV SALV \/ BOOSTER FOR SKIN REGENERATION - Ilutoodete e-pood","isPartOf":{"@id":"https:\/\/old.kosmetoloog.ee\/#website"},"primaryImageOfPage":{"@id":"https:\/\/old.kosmetoloog.ee\/toode\/booster-for-skin-regeneration\/#primaryimage"},"image":{"@id":"https:\/\/old.kosmetoloog.ee\/toode\/booster-for-skin-regeneration\/#primaryimage"},"thumbnailUrl":"https:\/\/old.kosmetoloog.ee\/wp-content\/uploads\/2024\/01\/black.jpg","datePublished":"2024-01-15T13:19:06+00:00","dateModified":"2025-07-01T09:01:12+00:00","breadcrumb":{"@id":"https:\/\/old.kosmetoloog.ee\/toode\/booster-for-skin-regeneration\/#breadcrumb"},"inLanguage":"et","potentialAction":[{"@type":"ReadAction","target":["https:\/\/old.kosmetoloog.ee\/toode\/booster-for-skin-regeneration\/"]}]},{"@type":"ImageObject","inLanguage":"et","@id":"https:\/\/old.kosmetoloog.ee\/toode\/booster-for-skin-regeneration\/#primaryimage","url":"https:\/\/old.kosmetoloog.ee\/wp-content\/uploads\/2024\/01\/black.jpg","contentUrl":"https:\/\/old.kosmetoloog.ee\/wp-content\/uploads\/2024\/01\/black.jpg","width":1680,"height":1260},{"@type":"BreadcrumbList","@id":"https:\/\/old.kosmetoloog.ee\/toode\/booster-for-skin-regeneration\/#breadcrumb","itemListElement":[{"@type":"ListItem","position":1,"name":"Home","item":"https:\/\/old.kosmetoloog.ee\/et\/"},{"@type":"ListItem","position":2,"name":"Pood","item":"https:\/\/old.kosmetoloog.ee\/et\/pood\/"},{"@type":"ListItem","position":3,"name":"NAHA REGENERATSIOONI AKTIVEERIV SALV \/ BOOSTER FOR SKIN REGENERATION"}]},{"@type":"WebSite","@id":"https:\/\/old.kosmetoloog.ee\/#website","url":"https:\/\/old.kosmetoloog.ee\/","name":"Ilutoodete e-pood","description":"Kosmeetika pood","publisher":{"@id":"https:\/\/old.kosmetoloog.ee\/#organization"},"potentialAction":[{"@type":"SearchAction","target":{"@type":"EntryPoint","urlTemplate":"https:\/\/old.kosmetoloog.ee\/?s={search_term_string}"},"query-input":{"@type":"PropertyValueSpecification","valueRequired":true,"valueName":"search_term_string"}}],"inLanguage":"et"},{"@type":"Organization","@id":"https:\/\/old.kosmetoloog.ee\/#organization","name":"You are You O\u00dc","url":"https:\/\/old.kosmetoloog.ee\/","logo":{"@type":"ImageObject","inLanguage":"et","@id":"https:\/\/old.kosmetoloog.ee\/#\/schema\/logo\/image\/","url":"https:\/\/old.kosmetoloog.ee\/wp-content\/uploads\/2023\/08\/logo-1.png","contentUrl":"https:\/\/old.kosmetoloog.ee\/wp-content\/uploads\/2023\/08\/logo-1.png","width":1200,"height":964,"caption":"You are You O\u00dc"},"image":{"@id":"https:\/\/old.kosmetoloog.ee\/#\/schema\/logo\/image\/"}}]}},"brands":[{"id":85,"name":"ATHOS","slug":"athos"}],"_links":{"self":[{"href":"https:\/\/old.kosmetoloog.ee\/et\/wp-json\/wp\/v2\/product\/1989","targetHints":{"allow":["GET"]}}],"collection":[{"href":"https:\/\/old.kosmetoloog.ee\/et\/wp-json\/wp\/v2\/product"}],"about":[{"href":"https:\/\/old.kosmetoloog.ee\/et\/wp-json\/wp\/v2\/types\/product"}],"replies":[{"embeddable":true,"href":"https:\/\/old.kosmetoloog.ee\/et\/wp-json\/wp\/v2\/comments?post=1989"}],"wp:featuredmedia":[{"embeddable":true,"href":"https:\/\/old.kosmetoloog.ee\/et\/wp-json\/wp\/v2\/media\/1988"}],"wp:attachment":[{"href":"https:\/\/old.kosmetoloog.ee\/et\/wp-json\/wp\/v2\/media?parent=1989"}],"wp:term":[{"taxonomy":"pwb-brand","embeddable":true,"href":"https:\/\/old.kosmetoloog.ee\/et\/wp-json\/wp\/v2\/pwb-brand?post=1989"},{"taxonomy":"product_brand","embeddable":true,"href":"https:\/\/old.kosmetoloog.ee\/et\/wp-json\/wp\/v2\/product_brand?post=1989"},{"taxonomy":"product_cat","embeddable":true,"href":"https:\/\/old.kosmetoloog.ee\/et\/wp-json\/wp\/v2\/product_cat?post=1989"},{"taxonomy":"product_tag","embeddable":true,"href":"https:\/\/old.kosmetoloog.ee\/et\/wp-json\/wp\/v2\/product_tag?post=1989"}],"curies":[{"name":"wp","href":"https:\/\/api.w.org\/{rel}","templated":true}]}}