{"id":1993,"date":"2024-01-15T16:08:06","date_gmt":"2024-01-15T14:08:06","guid":{"rendered":"https:\/\/kosmetoloog.ee\/?post_type=product&#038;p=1993"},"modified":"2024-01-15T16:08:06","modified_gmt":"2024-01-15T14:08:06","slug":"juuksemask-juuste-valjalangemise-vastu-supreme-hair-care","status":"publish","type":"product","link":"https:\/\/old.kosmetoloog.ee\/et\/toode\/juuksemask-juuste-valjalangemise-vastu-supreme-hair-care\/","title":{"rendered":"JUUKSEMASK JUUSTE V\u00c4LJALANGEMISE VASTU \/ SUPREME HAIR CARE"},"content":{"rendered":"<p>Athos on ainus koht maailmas, kus juuste v\u00e4ljalangemine on sajandeid tundmatu probleem.<\/p>\n<p>Maski tippkvaliteediga koostisosad aitavad t\u00f5husalt toita, taastada, hooldada ja peatada juuste v\u00e4ljalangemist p\u00fcsivalt.<\/p>\n<p>Sobilik nii meestele kui naistele.<\/p>\n<p>Maski toodeti esmakordselt 10. sajandil P\u00fcha Athose M\u00e4el eranditult B\u00fctsantsi keiserlike perekondade jaoks. Retsept on p\u00fcsinud muutumatuna \u00fcle 1000 aasta. Toote s\u00e4ilivusaeg on 6 kuud, kuna ei sisalda kemikaale ega s\u00e4ilitusaineid. Toodetakse piiratud koguses.<\/p>\n<p>Unikaalne ATHOS toode on registreeritud Euroopa Liidu p\u00e4devates asutustes, kus igal etiketil olev registreerimisnumber t\u00f5endab p\u00e4ritolukohta, efektiivsust ning looduslike ja puhaste koostisosade t\u00e4pseid koguseid.<\/p>\n","protected":false},"excerpt":{"rendered":"<p>P\u00fcha M\u00e4e juuksemask ja t\u00f5hus ravi juuste v\u00e4ljalangemise vastu.<\/p>\n","protected":false},"featured_media":1992,"comment_status":"open","ping_status":"closed","template":"","meta":{"_acf_changed":false},"pwb-brand":[85],"product_brand":[],"product_cat":[74,87,70],"product_tag":[135,130,134],"class_list":{"0":"post-1993","1":"product","2":"type-product","3":"status-publish","4":"has-post-thumbnail","6":"pwb-brand-athos","7":"product_cat-meestele","8":"product_cat-salv","9":"product_cat-juuksehooldus","10":"product_tag-kahjustatud-juuksed","11":"product_tag-kuiv-peanahk","12":"product_tag-kuivad-juuksed","14":"first","15":"instock","16":"taxable","17":"shipping-taxable","18":"purchasable","19":"product-type-simple"},"acf":[],"yoast_head":"<!-- This site is optimized with the Yoast SEO plugin v25.7 - https:\/\/yoast.com\/wordpress\/plugins\/seo\/ -->\n<title>JUUKSEMASK JUUSTE V\u00c4LJALANGEMISE VASTU \/ SUPREME HAIR CARE - Ilutoodete e-pood<\/title>\n<meta name=\"robots\" content=\"noindex, follow, max-snippet:-1, max-image-preview:large, max-video-preview:-1\" \/>\n<meta property=\"og:locale\" content=\"et_EE\" \/>\n<meta property=\"og:type\" content=\"article\" \/>\n<meta property=\"og:title\" content=\"JUUKSEMASK JUUSTE V\u00c4LJALANGEMISE VASTU \/ SUPREME HAIR CARE - Ilutoodete e-pood\" \/>\n<meta property=\"og:description\" content=\"P\u00fcha M\u00e4e juuksemask ja t\u00f5hus ravi juuste v\u00e4ljalangemise vastu.\" \/>\n<meta property=\"og:url\" content=\"https:\/\/old.kosmetoloog.ee\/toode\/supreme-hair-care\/\" \/>\n<meta property=\"og:site_name\" content=\"Ilutoodete e-pood\" \/>\n<meta property=\"og:image\" content=\"https:\/\/old.kosmetoloog.ee\/wp-content\/uploads\/2024\/01\/ATHOS-HAIR.jpg\" \/>\n\t<meta property=\"og:image:width\" content=\"1680\" \/>\n\t<meta property=\"og:image:height\" content=\"1260\" \/>\n\t<meta property=\"og:image:type\" content=\"image\/jpeg\" \/>\n<meta name=\"twitter:card\" content=\"summary_large_image\" \/>\n<script type=\"application\/ld+json\" class=\"yoast-schema-graph\">{\"@context\":\"https:\/\/schema.org\",\"@graph\":[{\"@type\":\"WebPage\",\"@id\":\"https:\/\/old.kosmetoloog.ee\/toode\/supreme-hair-care\/\",\"url\":\"https:\/\/old.kosmetoloog.ee\/toode\/supreme-hair-care\/\",\"name\":\"JUUKSEMASK JUUSTE V\u00c4LJALANGEMISE VASTU \/ SUPREME HAIR CARE - Ilutoodete e-pood\",\"isPartOf\":{\"@id\":\"https:\/\/old.kosmetoloog.ee\/#website\"},\"primaryImageOfPage\":{\"@id\":\"https:\/\/old.kosmetoloog.ee\/toode\/supreme-hair-care\/#primaryimage\"},\"image\":{\"@id\":\"https:\/\/old.kosmetoloog.ee\/toode\/supreme-hair-care\/#primaryimage\"},\"thumbnailUrl\":\"https:\/\/old.kosmetoloog.ee\/wp-content\/uploads\/2024\/01\/ATHOS-HAIR.jpg\",\"datePublished\":\"2024-01-15T14:08:06+00:00\",\"breadcrumb\":{\"@id\":\"https:\/\/old.kosmetoloog.ee\/toode\/supreme-hair-care\/#breadcrumb\"},\"inLanguage\":\"et\",\"potentialAction\":[{\"@type\":\"ReadAction\",\"target\":[\"https:\/\/old.kosmetoloog.ee\/toode\/supreme-hair-care\/\"]}]},{\"@type\":\"ImageObject\",\"inLanguage\":\"et\",\"@id\":\"https:\/\/old.kosmetoloog.ee\/toode\/supreme-hair-care\/#primaryimage\",\"url\":\"https:\/\/old.kosmetoloog.ee\/wp-content\/uploads\/2024\/01\/ATHOS-HAIR.jpg\",\"contentUrl\":\"https:\/\/old.kosmetoloog.ee\/wp-content\/uploads\/2024\/01\/ATHOS-HAIR.jpg\",\"width\":1680,\"height\":1260},{\"@type\":\"BreadcrumbList\",\"@id\":\"https:\/\/old.kosmetoloog.ee\/toode\/supreme-hair-care\/#breadcrumb\",\"itemListElement\":[{\"@type\":\"ListItem\",\"position\":1,\"name\":\"Home\",\"item\":\"https:\/\/old.kosmetoloog.ee\/et\/\"},{\"@type\":\"ListItem\",\"position\":2,\"name\":\"Pood\",\"item\":\"https:\/\/old.kosmetoloog.ee\/et\/pood\/\"},{\"@type\":\"ListItem\",\"position\":3,\"name\":\"JUUKSEMASK JUUSTE V\u00c4LJALANGEMISE VASTU \/ SUPREME HAIR CARE\"}]},{\"@type\":\"WebSite\",\"@id\":\"https:\/\/old.kosmetoloog.ee\/#website\",\"url\":\"https:\/\/old.kosmetoloog.ee\/\",\"name\":\"Ilutoodete e-pood\",\"description\":\"Kosmeetika pood\",\"publisher\":{\"@id\":\"https:\/\/old.kosmetoloog.ee\/#organization\"},\"potentialAction\":[{\"@type\":\"SearchAction\",\"target\":{\"@type\":\"EntryPoint\",\"urlTemplate\":\"https:\/\/old.kosmetoloog.ee\/?s={search_term_string}\"},\"query-input\":{\"@type\":\"PropertyValueSpecification\",\"valueRequired\":true,\"valueName\":\"search_term_string\"}}],\"inLanguage\":\"et\"},{\"@type\":\"Organization\",\"@id\":\"https:\/\/old.kosmetoloog.ee\/#organization\",\"name\":\"You are You O\u00dc\",\"url\":\"https:\/\/old.kosmetoloog.ee\/\",\"logo\":{\"@type\":\"ImageObject\",\"inLanguage\":\"et\",\"@id\":\"https:\/\/old.kosmetoloog.ee\/#\/schema\/logo\/image\/\",\"url\":\"https:\/\/old.kosmetoloog.ee\/wp-content\/uploads\/2023\/08\/logo-1.png\",\"contentUrl\":\"https:\/\/old.kosmetoloog.ee\/wp-content\/uploads\/2023\/08\/logo-1.png\",\"width\":1200,\"height\":964,\"caption\":\"You are You O\u00dc\"},\"image\":{\"@id\":\"https:\/\/old.kosmetoloog.ee\/#\/schema\/logo\/image\/\"}}]}<\/script>\n<!-- \/ Yoast SEO plugin. -->","yoast_head_json":{"title":"JUUKSEMASK JUUSTE V\u00c4LJALANGEMISE VASTU \/ SUPREME HAIR CARE - Ilutoodete e-pood","robots":{"index":"noindex","follow":"follow","max-snippet":"max-snippet:-1","max-image-preview":"max-image-preview:large","max-video-preview":"max-video-preview:-1"},"og_locale":"et_EE","og_type":"article","og_title":"JUUKSEMASK JUUSTE V\u00c4LJALANGEMISE VASTU \/ SUPREME HAIR CARE - Ilutoodete e-pood","og_description":"P\u00fcha M\u00e4e juuksemask ja t\u00f5hus ravi juuste v\u00e4ljalangemise vastu.","og_url":"https:\/\/old.kosmetoloog.ee\/toode\/supreme-hair-care\/","og_site_name":"Ilutoodete e-pood","og_image":[{"width":1680,"height":1260,"url":"https:\/\/old.kosmetoloog.ee\/wp-content\/uploads\/2024\/01\/ATHOS-HAIR.jpg","type":"image\/jpeg"}],"twitter_card":"summary_large_image","schema":{"@context":"https:\/\/schema.org","@graph":[{"@type":"WebPage","@id":"https:\/\/old.kosmetoloog.ee\/toode\/supreme-hair-care\/","url":"https:\/\/old.kosmetoloog.ee\/toode\/supreme-hair-care\/","name":"JUUKSEMASK JUUSTE V\u00c4LJALANGEMISE VASTU \/ SUPREME HAIR CARE - Ilutoodete e-pood","isPartOf":{"@id":"https:\/\/old.kosmetoloog.ee\/#website"},"primaryImageOfPage":{"@id":"https:\/\/old.kosmetoloog.ee\/toode\/supreme-hair-care\/#primaryimage"},"image":{"@id":"https:\/\/old.kosmetoloog.ee\/toode\/supreme-hair-care\/#primaryimage"},"thumbnailUrl":"https:\/\/old.kosmetoloog.ee\/wp-content\/uploads\/2024\/01\/ATHOS-HAIR.jpg","datePublished":"2024-01-15T14:08:06+00:00","breadcrumb":{"@id":"https:\/\/old.kosmetoloog.ee\/toode\/supreme-hair-care\/#breadcrumb"},"inLanguage":"et","potentialAction":[{"@type":"ReadAction","target":["https:\/\/old.kosmetoloog.ee\/toode\/supreme-hair-care\/"]}]},{"@type":"ImageObject","inLanguage":"et","@id":"https:\/\/old.kosmetoloog.ee\/toode\/supreme-hair-care\/#primaryimage","url":"https:\/\/old.kosmetoloog.ee\/wp-content\/uploads\/2024\/01\/ATHOS-HAIR.jpg","contentUrl":"https:\/\/old.kosmetoloog.ee\/wp-content\/uploads\/2024\/01\/ATHOS-HAIR.jpg","width":1680,"height":1260},{"@type":"BreadcrumbList","@id":"https:\/\/old.kosmetoloog.ee\/toode\/supreme-hair-care\/#breadcrumb","itemListElement":[{"@type":"ListItem","position":1,"name":"Home","item":"https:\/\/old.kosmetoloog.ee\/et\/"},{"@type":"ListItem","position":2,"name":"Pood","item":"https:\/\/old.kosmetoloog.ee\/et\/pood\/"},{"@type":"ListItem","position":3,"name":"JUUKSEMASK JUUSTE V\u00c4LJALANGEMISE VASTU \/ SUPREME HAIR CARE"}]},{"@type":"WebSite","@id":"https:\/\/old.kosmetoloog.ee\/#website","url":"https:\/\/old.kosmetoloog.ee\/","name":"Ilutoodete e-pood","description":"Kosmeetika pood","publisher":{"@id":"https:\/\/old.kosmetoloog.ee\/#organization"},"potentialAction":[{"@type":"SearchAction","target":{"@type":"EntryPoint","urlTemplate":"https:\/\/old.kosmetoloog.ee\/?s={search_term_string}"},"query-input":{"@type":"PropertyValueSpecification","valueRequired":true,"valueName":"search_term_string"}}],"inLanguage":"et"},{"@type":"Organization","@id":"https:\/\/old.kosmetoloog.ee\/#organization","name":"You are You O\u00dc","url":"https:\/\/old.kosmetoloog.ee\/","logo":{"@type":"ImageObject","inLanguage":"et","@id":"https:\/\/old.kosmetoloog.ee\/#\/schema\/logo\/image\/","url":"https:\/\/old.kosmetoloog.ee\/wp-content\/uploads\/2023\/08\/logo-1.png","contentUrl":"https:\/\/old.kosmetoloog.ee\/wp-content\/uploads\/2023\/08\/logo-1.png","width":1200,"height":964,"caption":"You are You O\u00dc"},"image":{"@id":"https:\/\/old.kosmetoloog.ee\/#\/schema\/logo\/image\/"}}]}},"brands":[{"id":85,"name":"ATHOS","slug":"athos"}],"_links":{"self":[{"href":"https:\/\/old.kosmetoloog.ee\/et\/wp-json\/wp\/v2\/product\/1993","targetHints":{"allow":["GET"]}}],"collection":[{"href":"https:\/\/old.kosmetoloog.ee\/et\/wp-json\/wp\/v2\/product"}],"about":[{"href":"https:\/\/old.kosmetoloog.ee\/et\/wp-json\/wp\/v2\/types\/product"}],"replies":[{"embeddable":true,"href":"https:\/\/old.kosmetoloog.ee\/et\/wp-json\/wp\/v2\/comments?post=1993"}],"wp:featuredmedia":[{"embeddable":true,"href":"https:\/\/old.kosmetoloog.ee\/et\/wp-json\/wp\/v2\/media\/1992"}],"wp:attachment":[{"href":"https:\/\/old.kosmetoloog.ee\/et\/wp-json\/wp\/v2\/media?parent=1993"}],"wp:term":[{"taxonomy":"pwb-brand","embeddable":true,"href":"https:\/\/old.kosmetoloog.ee\/et\/wp-json\/wp\/v2\/pwb-brand?post=1993"},{"taxonomy":"product_brand","embeddable":true,"href":"https:\/\/old.kosmetoloog.ee\/et\/wp-json\/wp\/v2\/product_brand?post=1993"},{"taxonomy":"product_cat","embeddable":true,"href":"https:\/\/old.kosmetoloog.ee\/et\/wp-json\/wp\/v2\/product_cat?post=1993"},{"taxonomy":"product_tag","embeddable":true,"href":"https:\/\/old.kosmetoloog.ee\/et\/wp-json\/wp\/v2\/product_tag?post=1993"}],"curies":[{"name":"wp","href":"https:\/\/api.w.org\/{rel}","templated":true}]}}