{"id":2048,"date":"2024-02-09T14:17:03","date_gmt":"2024-02-09T12:17:03","guid":{"rendered":"https:\/\/kosmetoloog.ee\/?post_type=product&#038;p=2048"},"modified":"2024-02-14T14:29:14","modified_gmt":"2024-02-14T12:29:14","slug":"kreem-paevakaitse-soin-riche-protecteur","status":"publish","type":"product","link":"https:\/\/old.kosmetoloog.ee\/et\/toode\/kreem-paevakaitse-soin-riche-protecteur\/","title":{"rendered":"KREEM &#8220;P\u00c4EVAKAITSE&#8221; \/ SOIN RICHE PROTECTEUR"},"content":{"rendered":"<p>Taimse E-vitamiiniga antioks\u00fcdantne valem neutraliseerib vabu radikaale ja tugevdab naha kaitsefunktsioone.<\/p>\n<p>Soovitatav tundliku ja v\u00e4ga kuiva naha hooldamiseks.<\/p>\n","protected":false},"excerpt":{"rendered":"<p>Toidab intensiivselt, muutes naha sametiseks, kaitseb ilmastikum\u00f5jude (k\u00fclm, p\u00e4ike, tuul jne)<\/p>\n","protected":false},"featured_media":2079,"comment_status":"open","ping_status":"closed","template":"","meta":{"_acf_changed":false},"pwb-brand":[43],"product_brand":[],"product_cat":[58],"product_tag":[112,113],"class_list":{"0":"post-2048","1":"product","2":"type-product","3":"status-publish","4":"has-post-thumbnail","6":"pwb-brand-phyt","7":"product_cat-nao-ja-kaelakreemid","8":"product_tag-kuiv-nahk","9":"product_tag-tundlik-nahk","11":"first","12":"instock","13":"featured","14":"taxable","15":"shipping-taxable","16":"purchasable","17":"product-type-simple"},"acf":[],"yoast_head":"<!-- This site is optimized with the Yoast SEO plugin v25.7 - https:\/\/yoast.com\/wordpress\/plugins\/seo\/ -->\n<title>KREEM &quot;P\u00c4EVAKAITSE&quot; \/ SOIN RICHE PROTECTEUR - Ilutoodete e-pood<\/title>\n<meta name=\"robots\" content=\"noindex, follow, max-snippet:-1, max-image-preview:large, max-video-preview:-1\" \/>\n<meta property=\"og:locale\" content=\"et_EE\" \/>\n<meta property=\"og:type\" content=\"article\" \/>\n<meta property=\"og:title\" content=\"KREEM &quot;P\u00c4EVAKAITSE&quot; \/ SOIN RICHE PROTECTEUR - Ilutoodete e-pood\" \/>\n<meta property=\"og:description\" content=\"Toidab intensiivselt, muutes naha sametiseks, kaitseb ilmastikum\u00f5jude (k\u00fclm, p\u00e4ike, tuul jne)\" \/>\n<meta property=\"og:url\" content=\"https:\/\/old.kosmetoloog.ee\/toode\/soin-riche-protecteur\/\" \/>\n<meta property=\"og:site_name\" content=\"Ilutoodete e-pood\" \/>\n<meta property=\"article:modified_time\" content=\"2024-02-14T12:29:14+00:00\" \/>\n<meta property=\"og:image\" content=\"https:\/\/old.kosmetoloog.ee\/wp-content\/uploads\/2024\/02\/img_1211.jpeg\" \/>\n\t<meta property=\"og:image:width\" content=\"1536\" \/>\n\t<meta property=\"og:image:height\" content=\"1536\" \/>\n\t<meta property=\"og:image:type\" content=\"image\/jpeg\" \/>\n<meta name=\"twitter:card\" content=\"summary_large_image\" \/>\n<script type=\"application\/ld+json\" class=\"yoast-schema-graph\">{\"@context\":\"https:\/\/schema.org\",\"@graph\":[{\"@type\":\"WebPage\",\"@id\":\"https:\/\/old.kosmetoloog.ee\/toode\/soin-riche-protecteur\/\",\"url\":\"https:\/\/old.kosmetoloog.ee\/toode\/soin-riche-protecteur\/\",\"name\":\"KREEM \\\"P\u00c4EVAKAITSE\\\" \/ SOIN RICHE PROTECTEUR - Ilutoodete e-pood\",\"isPartOf\":{\"@id\":\"https:\/\/old.kosmetoloog.ee\/#website\"},\"primaryImageOfPage\":{\"@id\":\"https:\/\/old.kosmetoloog.ee\/toode\/soin-riche-protecteur\/#primaryimage\"},\"image\":{\"@id\":\"https:\/\/old.kosmetoloog.ee\/toode\/soin-riche-protecteur\/#primaryimage\"},\"thumbnailUrl\":\"https:\/\/old.kosmetoloog.ee\/wp-content\/uploads\/2024\/02\/img_1211.jpeg\",\"datePublished\":\"2024-02-09T12:17:03+00:00\",\"dateModified\":\"2024-02-14T12:29:14+00:00\",\"breadcrumb\":{\"@id\":\"https:\/\/old.kosmetoloog.ee\/toode\/soin-riche-protecteur\/#breadcrumb\"},\"inLanguage\":\"et\",\"potentialAction\":[{\"@type\":\"ReadAction\",\"target\":[\"https:\/\/old.kosmetoloog.ee\/toode\/soin-riche-protecteur\/\"]}]},{\"@type\":\"ImageObject\",\"inLanguage\":\"et\",\"@id\":\"https:\/\/old.kosmetoloog.ee\/toode\/soin-riche-protecteur\/#primaryimage\",\"url\":\"https:\/\/old.kosmetoloog.ee\/wp-content\/uploads\/2024\/02\/img_1211.jpeg\",\"contentUrl\":\"https:\/\/old.kosmetoloog.ee\/wp-content\/uploads\/2024\/02\/img_1211.jpeg\",\"width\":1536,\"height\":1536},{\"@type\":\"BreadcrumbList\",\"@id\":\"https:\/\/old.kosmetoloog.ee\/toode\/soin-riche-protecteur\/#breadcrumb\",\"itemListElement\":[{\"@type\":\"ListItem\",\"position\":1,\"name\":\"Home\",\"item\":\"https:\/\/old.kosmetoloog.ee\/et\/\"},{\"@type\":\"ListItem\",\"position\":2,\"name\":\"Pood\",\"item\":\"https:\/\/old.kosmetoloog.ee\/et\/pood\/\"},{\"@type\":\"ListItem\",\"position\":3,\"name\":\"KREEM &#171;P\u00c4EVAKAITSE&#187; \/ SOIN RICHE PROTECTEUR\"}]},{\"@type\":\"WebSite\",\"@id\":\"https:\/\/old.kosmetoloog.ee\/#website\",\"url\":\"https:\/\/old.kosmetoloog.ee\/\",\"name\":\"Ilutoodete e-pood\",\"description\":\"Kosmeetika pood\",\"publisher\":{\"@id\":\"https:\/\/old.kosmetoloog.ee\/#organization\"},\"potentialAction\":[{\"@type\":\"SearchAction\",\"target\":{\"@type\":\"EntryPoint\",\"urlTemplate\":\"https:\/\/old.kosmetoloog.ee\/?s={search_term_string}\"},\"query-input\":{\"@type\":\"PropertyValueSpecification\",\"valueRequired\":true,\"valueName\":\"search_term_string\"}}],\"inLanguage\":\"et\"},{\"@type\":\"Organization\",\"@id\":\"https:\/\/old.kosmetoloog.ee\/#organization\",\"name\":\"You are You O\u00dc\",\"url\":\"https:\/\/old.kosmetoloog.ee\/\",\"logo\":{\"@type\":\"ImageObject\",\"inLanguage\":\"et\",\"@id\":\"https:\/\/old.kosmetoloog.ee\/#\/schema\/logo\/image\/\",\"url\":\"https:\/\/old.kosmetoloog.ee\/wp-content\/uploads\/2023\/08\/logo-1.png\",\"contentUrl\":\"https:\/\/old.kosmetoloog.ee\/wp-content\/uploads\/2023\/08\/logo-1.png\",\"width\":1200,\"height\":964,\"caption\":\"You are You O\u00dc\"},\"image\":{\"@id\":\"https:\/\/old.kosmetoloog.ee\/#\/schema\/logo\/image\/\"}}]}<\/script>\n<!-- \/ Yoast SEO plugin. -->","yoast_head_json":{"title":"KREEM \"P\u00c4EVAKAITSE\" \/ SOIN RICHE PROTECTEUR - Ilutoodete e-pood","robots":{"index":"noindex","follow":"follow","max-snippet":"max-snippet:-1","max-image-preview":"max-image-preview:large","max-video-preview":"max-video-preview:-1"},"og_locale":"et_EE","og_type":"article","og_title":"KREEM \"P\u00c4EVAKAITSE\" \/ SOIN RICHE PROTECTEUR - Ilutoodete e-pood","og_description":"Toidab intensiivselt, muutes naha sametiseks, kaitseb ilmastikum\u00f5jude (k\u00fclm, p\u00e4ike, tuul jne)","og_url":"https:\/\/old.kosmetoloog.ee\/toode\/soin-riche-protecteur\/","og_site_name":"Ilutoodete e-pood","article_modified_time":"2024-02-14T12:29:14+00:00","og_image":[{"width":1536,"height":1536,"url":"https:\/\/old.kosmetoloog.ee\/wp-content\/uploads\/2024\/02\/img_1211.jpeg","type":"image\/jpeg"}],"twitter_card":"summary_large_image","schema":{"@context":"https:\/\/schema.org","@graph":[{"@type":"WebPage","@id":"https:\/\/old.kosmetoloog.ee\/toode\/soin-riche-protecteur\/","url":"https:\/\/old.kosmetoloog.ee\/toode\/soin-riche-protecteur\/","name":"KREEM \"P\u00c4EVAKAITSE\" \/ SOIN RICHE PROTECTEUR - Ilutoodete e-pood","isPartOf":{"@id":"https:\/\/old.kosmetoloog.ee\/#website"},"primaryImageOfPage":{"@id":"https:\/\/old.kosmetoloog.ee\/toode\/soin-riche-protecteur\/#primaryimage"},"image":{"@id":"https:\/\/old.kosmetoloog.ee\/toode\/soin-riche-protecteur\/#primaryimage"},"thumbnailUrl":"https:\/\/old.kosmetoloog.ee\/wp-content\/uploads\/2024\/02\/img_1211.jpeg","datePublished":"2024-02-09T12:17:03+00:00","dateModified":"2024-02-14T12:29:14+00:00","breadcrumb":{"@id":"https:\/\/old.kosmetoloog.ee\/toode\/soin-riche-protecteur\/#breadcrumb"},"inLanguage":"et","potentialAction":[{"@type":"ReadAction","target":["https:\/\/old.kosmetoloog.ee\/toode\/soin-riche-protecteur\/"]}]},{"@type":"ImageObject","inLanguage":"et","@id":"https:\/\/old.kosmetoloog.ee\/toode\/soin-riche-protecteur\/#primaryimage","url":"https:\/\/old.kosmetoloog.ee\/wp-content\/uploads\/2024\/02\/img_1211.jpeg","contentUrl":"https:\/\/old.kosmetoloog.ee\/wp-content\/uploads\/2024\/02\/img_1211.jpeg","width":1536,"height":1536},{"@type":"BreadcrumbList","@id":"https:\/\/old.kosmetoloog.ee\/toode\/soin-riche-protecteur\/#breadcrumb","itemListElement":[{"@type":"ListItem","position":1,"name":"Home","item":"https:\/\/old.kosmetoloog.ee\/et\/"},{"@type":"ListItem","position":2,"name":"Pood","item":"https:\/\/old.kosmetoloog.ee\/et\/pood\/"},{"@type":"ListItem","position":3,"name":"KREEM &#171;P\u00c4EVAKAITSE&#187; \/ SOIN RICHE PROTECTEUR"}]},{"@type":"WebSite","@id":"https:\/\/old.kosmetoloog.ee\/#website","url":"https:\/\/old.kosmetoloog.ee\/","name":"Ilutoodete e-pood","description":"Kosmeetika pood","publisher":{"@id":"https:\/\/old.kosmetoloog.ee\/#organization"},"potentialAction":[{"@type":"SearchAction","target":{"@type":"EntryPoint","urlTemplate":"https:\/\/old.kosmetoloog.ee\/?s={search_term_string}"},"query-input":{"@type":"PropertyValueSpecification","valueRequired":true,"valueName":"search_term_string"}}],"inLanguage":"et"},{"@type":"Organization","@id":"https:\/\/old.kosmetoloog.ee\/#organization","name":"You are You O\u00dc","url":"https:\/\/old.kosmetoloog.ee\/","logo":{"@type":"ImageObject","inLanguage":"et","@id":"https:\/\/old.kosmetoloog.ee\/#\/schema\/logo\/image\/","url":"https:\/\/old.kosmetoloog.ee\/wp-content\/uploads\/2023\/08\/logo-1.png","contentUrl":"https:\/\/old.kosmetoloog.ee\/wp-content\/uploads\/2023\/08\/logo-1.png","width":1200,"height":964,"caption":"You are You O\u00dc"},"image":{"@id":"https:\/\/old.kosmetoloog.ee\/#\/schema\/logo\/image\/"}}]}},"brands":[{"id":43,"name":"PHYT'S","slug":"phyt"}],"_links":{"self":[{"href":"https:\/\/old.kosmetoloog.ee\/et\/wp-json\/wp\/v2\/product\/2048","targetHints":{"allow":["GET"]}}],"collection":[{"href":"https:\/\/old.kosmetoloog.ee\/et\/wp-json\/wp\/v2\/product"}],"about":[{"href":"https:\/\/old.kosmetoloog.ee\/et\/wp-json\/wp\/v2\/types\/product"}],"replies":[{"embeddable":true,"href":"https:\/\/old.kosmetoloog.ee\/et\/wp-json\/wp\/v2\/comments?post=2048"}],"wp:featuredmedia":[{"embeddable":true,"href":"https:\/\/old.kosmetoloog.ee\/et\/wp-json\/wp\/v2\/media\/2079"}],"wp:attachment":[{"href":"https:\/\/old.kosmetoloog.ee\/et\/wp-json\/wp\/v2\/media?parent=2048"}],"wp:term":[{"taxonomy":"pwb-brand","embeddable":true,"href":"https:\/\/old.kosmetoloog.ee\/et\/wp-json\/wp\/v2\/pwb-brand?post=2048"},{"taxonomy":"product_brand","embeddable":true,"href":"https:\/\/old.kosmetoloog.ee\/et\/wp-json\/wp\/v2\/product_brand?post=2048"},{"taxonomy":"product_cat","embeddable":true,"href":"https:\/\/old.kosmetoloog.ee\/et\/wp-json\/wp\/v2\/product_cat?post=2048"},{"taxonomy":"product_tag","embeddable":true,"href":"https:\/\/old.kosmetoloog.ee\/et\/wp-json\/wp\/v2\/product_tag?post=2048"}],"curies":[{"name":"wp","href":"https:\/\/api.w.org\/{rel}","templated":true}]}}