{"id":2094,"date":"2024-02-13T22:28:27","date_gmt":"2024-02-13T20:28:27","guid":{"rendered":"https:\/\/kosmetoloog.ee\/product\/paevakreem-kaitsva-hoolitsuse-kreem-paevane-kaitsekreem\/"},"modified":"2024-03-16T20:18:38","modified_gmt":"2024-03-16T18:18:38","slug":"paevakreem-kaitsva-hoolitsuse-kreem-paevane-kaitsekreem","status":"publish","type":"product","link":"https:\/\/old.kosmetoloog.ee\/et\/toode\/paevakreem-kaitsva-hoolitsuse-kreem-paevane-kaitsekreem\/","title":{"rendered":"P\u00e4evakreem &#8220;Kaitsva Hoolitsuse Kreem&#8221; \/ &#8220;P\u00e4evane Kaitsekreem&#8221;"},"content":{"rendered":"<p><span style=\"font-family: Main, Tahoma, sans-serif;font-size: 16px;font-style: normal;font-weight: 400;letter-spacing: normal;text-align: left;text-indent: 0px;text-transform: none;text-decoration: none;float: none\">Mugav kreem kerge konsistentsiga, mis toetab naha veetasakaalu, pehmendab seda, \u00fchtlustab tooni, andes n\u00e4ole tervisliku ja hoolitsetud v\u00e4ljan\u00e4gemise. Ideaalne meigialus.<\/span><\/p>\n<p style=\"margin: 15px 0px;text-align: left;font-family: Main, Tahoma, sans-serif;font-size: 16px;font-style: normal;font-weight: 400;letter-spacing: normal;text-indent: 0px;text-transform: none;text-decoration: none\">Kaneeli, m\u00f5ruapelsini, raudrohi, estragoni ja sandlipuu eeterlike \u00f5lide kompleks parandab mikrotsirkulatsiooni. Kreem omab antiseptilise toimega. Aaloe ekstraktil on niisutavad omadused. P\u00e4evalille- ja sarapuup\u00e4hkli\u00f5lid toidavad ja pehmendavad nahka. E-vitamiin, mis on looduslik antioks\u00fcdant, suurendab kreemi kaitsvat toimet.<\/p>\n<p style=\"margin: 15px 0px;text-align: left;font-family: Main, Tahoma, sans-serif;font-size: 16px;font-style: normal;font-weight: 400;letter-spacing: normal;text-indent: 0px;text-transform: none;text-decoration: none\">Soovitatav normaalsele nahale.<\/p>\n<p style=\"margin: 15px 0px;text-align: left;font-family: Main, Tahoma, sans-serif;font-size: 16px;font-style: normal;font-weight: 400;letter-spacing: normal;text-indent: 0px;text-transform: none;text-decoration: none\">Toode on 100% loodusliku koostisega, selle kvaliteet vastab Cosmebio standardi n\u00f5uetele. Ei sisalda silikoone, mineraal\u00f5lisid, pol\u00fcet\u00fcleengl\u00fckooli, fenoks\u00fcetanooli, s\u00fcnteetilisi l\u00f5hnaaineid, geneetiliselt muudetud komponente.<\/p>\n<p class=\"descr-heading active\" style=\"margin: 0px 0px 1px;text-align: left;font-family: Main, Tahoma, sans-serif;font-size: 18px;line-height: 26px;text-transform: uppercase;font-weight: 400;padding: 30px 20px 0px;cursor: pointer;font-style: normal;letter-spacing: normal;text-indent: 0px;text-decoration: none\">AKTIIVSED KOOSTISOSAD<\/p>\n<div class=\"descr-content store_pos_contents right-margin active smooth\" style=\"text-align: left;margin-right: 20px;margin-left: 20px;overflow: hidden;margin-bottom: 20px;font-family: Main, Tahoma, sans-serif;font-size: 16px;font-style: normal;font-weight: 400;letter-spacing: normal;text-indent: 0px;text-transform: none;text-decoration: none;height: auto\">\n<p style=\"margin: 15px 0px;text-align: left\">P\u00e4evalill, palmi\u00f5li, p\u00e4hklipuu\u00f5li, looduslik parf\u00fc\u00fcm, barbadose aaloe, taimne gl\u00fctseriin, petigrain, sandlipuu, labdanum, kaneel, estragon, p\u00f5ldmarja, taimne E-vitamiin.<\/p>\n<p class=\"footnote\" style=\"margin: 8px 0px;text-align: left;font-size: 12px;line-height: 17px;padding-left: 10px;position: relative\">Biokultuurist p\u00e4rinev koostisosa.<\/p>\n<\/div>\n","protected":false},"excerpt":{"rendered":"<p>Mugav kreem kerge konsistentsiga, mis toetab naha veetasakaalu, pehmendab seda, \u00fchtlustab tooni, andes n\u00e4ole tervisliku ja hoolitsetud v\u00e4ljan\u00e4gemise. Ideaalne meigialus. Kaneeli, m\u00f5ruapelsini, raudrohi, estragoni ja sandlipuu eeterlike \u00f5lide kompleks parandab mikrotsirkulatsiooni. Kreem omab antiseptilise toimega. Aaloe ekstraktil on niisutavad omadused. P\u00e4evalille- ja sarapuup\u00e4hkli\u00f5lid toidavad ja pehmendavad nahka. E-vitamiin, mis on looduslik antioks\u00fcdant, suurendab kreemi kaitsvat [&hellip;]<\/p>\n","protected":false},"featured_media":2091,"comment_status":"open","ping_status":"closed","template":"","meta":{"_acf_changed":false},"pwb-brand":[43],"product_brand":[],"product_cat":[58],"product_tag":[105,117,107],"class_list":{"0":"post-2094","1":"product","2":"type-product","3":"status-publish","4":"has-post-thumbnail","6":"pwb-brand-phyt","7":"product_cat-nao-ja-kaelakreemid","8":"product_tag-koik-naha","9":"product_tag-kombineeritud-nahk","10":"product_tag-normaalne-nahk","12":"first","13":"instock","14":"featured","15":"taxable","16":"shipping-taxable","17":"purchasable","18":"product-type-simple"},"acf":[],"yoast_head":"<!-- This site is optimized with the Yoast SEO plugin v25.7 - https:\/\/yoast.com\/wordpress\/plugins\/seo\/ -->\n<title>P\u00e4evakreem &quot;Kaitsva Hoolitsuse Kreem&quot; \/ &quot;P\u00e4evane Kaitsekreem&quot; - Ilutoodete e-pood<\/title>\n<meta name=\"robots\" content=\"noindex, follow, max-snippet:-1, max-image-preview:large, max-video-preview:-1\" \/>\n<meta property=\"og:locale\" content=\"et_EE\" \/>\n<meta property=\"og:type\" content=\"article\" \/>\n<meta property=\"og:title\" content=\"P\u00e4evakreem &quot;Kaitsva Hoolitsuse Kreem&quot; \/ &quot;P\u00e4evane Kaitsekreem&quot; - Ilutoodete e-pood\" \/>\n<meta property=\"og:description\" content=\"Mugav kreem kerge konsistentsiga, mis toetab naha veetasakaalu, pehmendab seda, \u00fchtlustab tooni, andes n\u00e4ole tervisliku ja hoolitsetud v\u00e4ljan\u00e4gemise. Ideaalne meigialus. Kaneeli, m\u00f5ruapelsini, raudrohi, estragoni ja sandlipuu eeterlike \u00f5lide kompleks parandab mikrotsirkulatsiooni. Kreem omab antiseptilise toimega. Aaloe ekstraktil on niisutavad omadused. P\u00e4evalille- ja sarapuup\u00e4hkli\u00f5lid toidavad ja pehmendavad nahka. E-vitamiin, mis on looduslik antioks\u00fcdant, suurendab kreemi kaitsvat [&hellip;]\" \/>\n<meta property=\"og:url\" content=\"https:\/\/old.kosmetoloog.ee\/toode\/soin_hydra_protecteur\/\" \/>\n<meta property=\"og:site_name\" content=\"Ilutoodete e-pood\" \/>\n<meta property=\"article:modified_time\" content=\"2024-03-16T18:18:38+00:00\" \/>\n<meta property=\"og:image\" content=\"https:\/\/old.kosmetoloog.ee\/wp-content\/uploads\/2024\/02\/img_1279.jpeg\" \/>\n\t<meta property=\"og:image:width\" content=\"1000\" \/>\n\t<meta property=\"og:image:height\" content=\"1000\" \/>\n\t<meta property=\"og:image:type\" content=\"image\/jpeg\" \/>\n<meta name=\"twitter:card\" content=\"summary_large_image\" \/>\n<meta name=\"twitter:label1\" content=\"Est. reading time\" \/>\n\t<meta name=\"twitter:data1\" content=\"1 minut\" \/>\n<script type=\"application\/ld+json\" class=\"yoast-schema-graph\">{\"@context\":\"https:\/\/schema.org\",\"@graph\":[{\"@type\":\"WebPage\",\"@id\":\"https:\/\/old.kosmetoloog.ee\/toode\/soin_hydra_protecteur\/\",\"url\":\"https:\/\/old.kosmetoloog.ee\/toode\/soin_hydra_protecteur\/\",\"name\":\"P\u00e4evakreem \\\"Kaitsva Hoolitsuse Kreem\\\" \/ \\\"P\u00e4evane Kaitsekreem\\\" - Ilutoodete e-pood\",\"isPartOf\":{\"@id\":\"https:\/\/old.kosmetoloog.ee\/#website\"},\"primaryImageOfPage\":{\"@id\":\"https:\/\/old.kosmetoloog.ee\/toode\/soin_hydra_protecteur\/#primaryimage\"},\"image\":{\"@id\":\"https:\/\/old.kosmetoloog.ee\/toode\/soin_hydra_protecteur\/#primaryimage\"},\"thumbnailUrl\":\"https:\/\/old.kosmetoloog.ee\/wp-content\/uploads\/2024\/02\/img_1279.jpeg\",\"datePublished\":\"2024-02-13T20:28:27+00:00\",\"dateModified\":\"2024-03-16T18:18:38+00:00\",\"breadcrumb\":{\"@id\":\"https:\/\/old.kosmetoloog.ee\/toode\/soin_hydra_protecteur\/#breadcrumb\"},\"inLanguage\":\"et\",\"potentialAction\":[{\"@type\":\"ReadAction\",\"target\":[\"https:\/\/old.kosmetoloog.ee\/toode\/soin_hydra_protecteur\/\"]}]},{\"@type\":\"ImageObject\",\"inLanguage\":\"et\",\"@id\":\"https:\/\/old.kosmetoloog.ee\/toode\/soin_hydra_protecteur\/#primaryimage\",\"url\":\"https:\/\/old.kosmetoloog.ee\/wp-content\/uploads\/2024\/02\/img_1279.jpeg\",\"contentUrl\":\"https:\/\/old.kosmetoloog.ee\/wp-content\/uploads\/2024\/02\/img_1279.jpeg\",\"width\":1000,\"height\":1000},{\"@type\":\"BreadcrumbList\",\"@id\":\"https:\/\/old.kosmetoloog.ee\/toode\/soin_hydra_protecteur\/#breadcrumb\",\"itemListElement\":[{\"@type\":\"ListItem\",\"position\":1,\"name\":\"Home\",\"item\":\"https:\/\/old.kosmetoloog.ee\/et\/\"},{\"@type\":\"ListItem\",\"position\":2,\"name\":\"Pood\",\"item\":\"https:\/\/old.kosmetoloog.ee\/et\/pood\/\"},{\"@type\":\"ListItem\",\"position\":3,\"name\":\"P\u00e4evakreem &#171;Kaitsva Hoolitsuse Kreem&#187; \/ &#171;P\u00e4evane Kaitsekreem&#187;\"}]},{\"@type\":\"WebSite\",\"@id\":\"https:\/\/old.kosmetoloog.ee\/#website\",\"url\":\"https:\/\/old.kosmetoloog.ee\/\",\"name\":\"Ilutoodete e-pood\",\"description\":\"Kosmeetika pood\",\"publisher\":{\"@id\":\"https:\/\/old.kosmetoloog.ee\/#organization\"},\"potentialAction\":[{\"@type\":\"SearchAction\",\"target\":{\"@type\":\"EntryPoint\",\"urlTemplate\":\"https:\/\/old.kosmetoloog.ee\/?s={search_term_string}\"},\"query-input\":{\"@type\":\"PropertyValueSpecification\",\"valueRequired\":true,\"valueName\":\"search_term_string\"}}],\"inLanguage\":\"et\"},{\"@type\":\"Organization\",\"@id\":\"https:\/\/old.kosmetoloog.ee\/#organization\",\"name\":\"You are You O\u00dc\",\"url\":\"https:\/\/old.kosmetoloog.ee\/\",\"logo\":{\"@type\":\"ImageObject\",\"inLanguage\":\"et\",\"@id\":\"https:\/\/old.kosmetoloog.ee\/#\/schema\/logo\/image\/\",\"url\":\"https:\/\/old.kosmetoloog.ee\/wp-content\/uploads\/2023\/08\/logo-1.png\",\"contentUrl\":\"https:\/\/old.kosmetoloog.ee\/wp-content\/uploads\/2023\/08\/logo-1.png\",\"width\":1200,\"height\":964,\"caption\":\"You are You O\u00dc\"},\"image\":{\"@id\":\"https:\/\/old.kosmetoloog.ee\/#\/schema\/logo\/image\/\"}}]}<\/script>\n<!-- \/ Yoast SEO plugin. -->","yoast_head_json":{"title":"P\u00e4evakreem \"Kaitsva Hoolitsuse Kreem\" \/ \"P\u00e4evane Kaitsekreem\" - Ilutoodete e-pood","robots":{"index":"noindex","follow":"follow","max-snippet":"max-snippet:-1","max-image-preview":"max-image-preview:large","max-video-preview":"max-video-preview:-1"},"og_locale":"et_EE","og_type":"article","og_title":"P\u00e4evakreem \"Kaitsva Hoolitsuse Kreem\" \/ \"P\u00e4evane Kaitsekreem\" - Ilutoodete e-pood","og_description":"Mugav kreem kerge konsistentsiga, mis toetab naha veetasakaalu, pehmendab seda, \u00fchtlustab tooni, andes n\u00e4ole tervisliku ja hoolitsetud v\u00e4ljan\u00e4gemise. Ideaalne meigialus. Kaneeli, m\u00f5ruapelsini, raudrohi, estragoni ja sandlipuu eeterlike \u00f5lide kompleks parandab mikrotsirkulatsiooni. Kreem omab antiseptilise toimega. Aaloe ekstraktil on niisutavad omadused. P\u00e4evalille- ja sarapuup\u00e4hkli\u00f5lid toidavad ja pehmendavad nahka. E-vitamiin, mis on looduslik antioks\u00fcdant, suurendab kreemi kaitsvat [&hellip;]","og_url":"https:\/\/old.kosmetoloog.ee\/toode\/soin_hydra_protecteur\/","og_site_name":"Ilutoodete e-pood","article_modified_time":"2024-03-16T18:18:38+00:00","og_image":[{"width":1000,"height":1000,"url":"https:\/\/old.kosmetoloog.ee\/wp-content\/uploads\/2024\/02\/img_1279.jpeg","type":"image\/jpeg"}],"twitter_card":"summary_large_image","twitter_misc":{"Est. reading time":"1 minut"},"schema":{"@context":"https:\/\/schema.org","@graph":[{"@type":"WebPage","@id":"https:\/\/old.kosmetoloog.ee\/toode\/soin_hydra_protecteur\/","url":"https:\/\/old.kosmetoloog.ee\/toode\/soin_hydra_protecteur\/","name":"P\u00e4evakreem \"Kaitsva Hoolitsuse Kreem\" \/ \"P\u00e4evane Kaitsekreem\" - Ilutoodete e-pood","isPartOf":{"@id":"https:\/\/old.kosmetoloog.ee\/#website"},"primaryImageOfPage":{"@id":"https:\/\/old.kosmetoloog.ee\/toode\/soin_hydra_protecteur\/#primaryimage"},"image":{"@id":"https:\/\/old.kosmetoloog.ee\/toode\/soin_hydra_protecteur\/#primaryimage"},"thumbnailUrl":"https:\/\/old.kosmetoloog.ee\/wp-content\/uploads\/2024\/02\/img_1279.jpeg","datePublished":"2024-02-13T20:28:27+00:00","dateModified":"2024-03-16T18:18:38+00:00","breadcrumb":{"@id":"https:\/\/old.kosmetoloog.ee\/toode\/soin_hydra_protecteur\/#breadcrumb"},"inLanguage":"et","potentialAction":[{"@type":"ReadAction","target":["https:\/\/old.kosmetoloog.ee\/toode\/soin_hydra_protecteur\/"]}]},{"@type":"ImageObject","inLanguage":"et","@id":"https:\/\/old.kosmetoloog.ee\/toode\/soin_hydra_protecteur\/#primaryimage","url":"https:\/\/old.kosmetoloog.ee\/wp-content\/uploads\/2024\/02\/img_1279.jpeg","contentUrl":"https:\/\/old.kosmetoloog.ee\/wp-content\/uploads\/2024\/02\/img_1279.jpeg","width":1000,"height":1000},{"@type":"BreadcrumbList","@id":"https:\/\/old.kosmetoloog.ee\/toode\/soin_hydra_protecteur\/#breadcrumb","itemListElement":[{"@type":"ListItem","position":1,"name":"Home","item":"https:\/\/old.kosmetoloog.ee\/et\/"},{"@type":"ListItem","position":2,"name":"Pood","item":"https:\/\/old.kosmetoloog.ee\/et\/pood\/"},{"@type":"ListItem","position":3,"name":"P\u00e4evakreem &#171;Kaitsva Hoolitsuse Kreem&#187; \/ &#171;P\u00e4evane Kaitsekreem&#187;"}]},{"@type":"WebSite","@id":"https:\/\/old.kosmetoloog.ee\/#website","url":"https:\/\/old.kosmetoloog.ee\/","name":"Ilutoodete e-pood","description":"Kosmeetika pood","publisher":{"@id":"https:\/\/old.kosmetoloog.ee\/#organization"},"potentialAction":[{"@type":"SearchAction","target":{"@type":"EntryPoint","urlTemplate":"https:\/\/old.kosmetoloog.ee\/?s={search_term_string}"},"query-input":{"@type":"PropertyValueSpecification","valueRequired":true,"valueName":"search_term_string"}}],"inLanguage":"et"},{"@type":"Organization","@id":"https:\/\/old.kosmetoloog.ee\/#organization","name":"You are You O\u00dc","url":"https:\/\/old.kosmetoloog.ee\/","logo":{"@type":"ImageObject","inLanguage":"et","@id":"https:\/\/old.kosmetoloog.ee\/#\/schema\/logo\/image\/","url":"https:\/\/old.kosmetoloog.ee\/wp-content\/uploads\/2023\/08\/logo-1.png","contentUrl":"https:\/\/old.kosmetoloog.ee\/wp-content\/uploads\/2023\/08\/logo-1.png","width":1200,"height":964,"caption":"You are You O\u00dc"},"image":{"@id":"https:\/\/old.kosmetoloog.ee\/#\/schema\/logo\/image\/"}}]}},"brands":[{"id":43,"name":"PHYT'S","slug":"phyt"}],"_links":{"self":[{"href":"https:\/\/old.kosmetoloog.ee\/et\/wp-json\/wp\/v2\/product\/2094","targetHints":{"allow":["GET"]}}],"collection":[{"href":"https:\/\/old.kosmetoloog.ee\/et\/wp-json\/wp\/v2\/product"}],"about":[{"href":"https:\/\/old.kosmetoloog.ee\/et\/wp-json\/wp\/v2\/types\/product"}],"replies":[{"embeddable":true,"href":"https:\/\/old.kosmetoloog.ee\/et\/wp-json\/wp\/v2\/comments?post=2094"}],"wp:featuredmedia":[{"embeddable":true,"href":"https:\/\/old.kosmetoloog.ee\/et\/wp-json\/wp\/v2\/media\/2091"}],"wp:attachment":[{"href":"https:\/\/old.kosmetoloog.ee\/et\/wp-json\/wp\/v2\/media?parent=2094"}],"wp:term":[{"taxonomy":"pwb-brand","embeddable":true,"href":"https:\/\/old.kosmetoloog.ee\/et\/wp-json\/wp\/v2\/pwb-brand?post=2094"},{"taxonomy":"product_brand","embeddable":true,"href":"https:\/\/old.kosmetoloog.ee\/et\/wp-json\/wp\/v2\/product_brand?post=2094"},{"taxonomy":"product_cat","embeddable":true,"href":"https:\/\/old.kosmetoloog.ee\/et\/wp-json\/wp\/v2\/product_cat?post=2094"},{"taxonomy":"product_tag","embeddable":true,"href":"https:\/\/old.kosmetoloog.ee\/et\/wp-json\/wp\/v2\/product_tag?post=2094"}],"curies":[{"name":"wp","href":"https:\/\/api.w.org\/{rel}","templated":true}]}}