{"id":2096,"date":"2024-01-08T18:08:38","date_gmt":"2024-01-08T16:08:38","guid":{"rendered":"https:\/\/kosmetoloog.ee\/product\/online-konsultatsioon\/"},"modified":"2024-01-08T18:08:38","modified_gmt":"2024-01-08T16:08:38","slug":"online-konsultatsioon","status":"publish","type":"product","link":"https:\/\/old.kosmetoloog.ee\/et\/toode\/online-konsultatsioon\/","title":{"rendered":"ONLINE Konsultatsioon"},"content":{"rendered":"<p>Ma saan teid aidata hooldusstrateegia v\u00e4ljat\u00f6\u00f6tamisel &#8211; milliseid tooteid milliste komponentidega soobiks teie milliseid mitte.<\/p>\n<p>Lisaks sellele saate loetelu individuaalselt valitud hooldustoodetest, mis p\u00e4rinevad professionaalsetelt br\u00e4ndidelt, millega ma t\u00f6\u00f6tan, mida ma ise kasutan ja mille t\u00f5husust olen praktikas t\u00f5estanud:<\/p>\n<ul>\n<li>\u2665 Germaine de Cappucini (Hispaania);<\/li>\n<li>\u2665 Meder Beauty Science (\u0160veits);<\/li>\n<li>\u2665 Nanoaasia (L\u00f5una-Korea);<\/li>\n<li>\u2665 Renophase (Prantsusmaa);<\/li>\n<li>\u2665 Sesderma (Hispaania).<\/li>\n<\/ul>\n<p>Antud kosmeetika ei ole tavalistes kauplustes saadaval. Kuid teil on v\u00f5imalus tellida vajalikud tooted ilusalongidest v\u00f5i professionaalsete br\u00e4ndide veebipoodidest.<\/p>\n<div class=\"t396__elem tn-elem tn-elem__1768682041586170316834\" data-elem-id=\"1586170316834\" data-elem-type=\"image\" data-field-top-value=\"150\" data-field-top-res-960-value=\"140\" data-field-top-res-640-value=\"147\" data-field-top-res-480-value=\"135\" data-field-top-res-320-value=\"119\" data-field-left-value=\"380\" data-field-left-res-960-value=\"260\" data-field-left-res-640-value=\"200\" data-field-left-res-480-value=\"163\" data-field-left-res-320-value=\"6\" data-field-width-value=\"22\" data-field-width-res-960-value=\"20\" data-field-width-res-640-value=\"18\" data-field-width-res-480-value=\"16\" data-field-width-res-320-value=\"14\" data-field-axisy-value=\"top\" data-field-axisx-value=\"left\" data-field-container-value=\"grid\" data-field-topunits-value=\"px\" data-field-leftunits-value=\"px\" data-field-heightunits-value=\"\" data-field-widthunits-value=\"px\" data-field-filewidth-value=\"229\" data-field-fileheight-value=\"229\" data-fields=\"img,width,filewidth,fileheight,top,left,container,axisx,axisy,widthunits,leftunits,topunits\">\n<div class=\"tn-atom\"><strong>Mida on vaja online konsultatsiooniks:<\/strong><\/div>\n<div class=\"tn-atom\">\n<p>\u2665 Teil on vaja kasutada mingit videok\u00f5nede rakendust. Veenduge, et teie kaamera ja mikrofon t\u00f6\u00f6tavad ning on videok\u00f5neks valmis.<\/p>\n<p>\u2665 P\u00fc\u00fcdke konsultatsiooni ajal valida h\u00e4sti valgustatud koht, et ma n\u00e4eksin teie n\u00e4gu.<\/p>\n<p>\u2665 Enne konsultatsiooni tuleb saata selged fotod oma naha probleemsetest piirkondadest ja teie igap\u00e4evase hooldustoodete (pesu, toonik, n\u00e4okreem) koostisest .<\/p>\n<\/div>\n<\/div>\n<div class=\"t396__elem tn-elem tn-elem__1768682041586170358911\" data-elem-id=\"1586170358911\" data-elem-type=\"image\" data-field-top-value=\"295\" data-field-top-res-960-value=\"275\" data-field-top-res-640-value=\"307\" data-field-top-res-480-value=\"332\" data-field-top-res-320-value=\"245\" data-field-left-value=\"380\" data-field-left-res-960-value=\"260\" data-field-left-res-640-value=\"200\" data-field-left-res-480-value=\"163\" data-field-left-res-320-value=\"6\" data-field-width-value=\"22\" data-field-width-res-960-value=\"20\" data-field-width-res-640-value=\"18\" data-field-width-res-480-value=\"16\" data-field-width-res-320-value=\"14\" data-field-axisy-value=\"top\" data-field-axisx-value=\"left\" data-field-container-value=\"grid\" data-field-topunits-value=\"px\" data-field-leftunits-value=\"px\" data-field-heightunits-value=\"\" data-field-widthunits-value=\"px\" data-field-filewidth-value=\"229\" data-field-fileheight-value=\"229\" data-fields=\"img,width,filewidth,fileheight,top,left,container,axisx,axisy,widthunits,leftunits,topunits\"><\/div>\n","protected":false},"excerpt":{"rendered":"<p><strong>Personaliseeritud p\u00f5hjalik 1-tunnine online konsultatsioon sisaldab:<\/strong><\/p>\n<p>\u2665 Sinu naha seisundile objektiivne hinnang. Nahat\u00fc\u00fcbi, vananemist\u00fc\u00fcbi m\u00e4\u00e4ramine ja olemasolevate probleemide p\u00f5hjuste selgitamine.<\/p>\n<p>\u2665 Kasutatavate kosmeetikavahendite arutamine ja koduhoolduse vigade tuvastamine.<\/p>\n<p>\u2665 Individuaalse nahahooldusprogrammi koostamine, arvestades vanust, nahat\u00fc\u00fcpi ja peamisi esteetilisi probleeme. Antud programm hakkab t\u00f6\u00f6tama mis tahes kvaliteetse kosmeetikaga s\u00f5ltumata konkreetsest br\u00e4ndist.<\/p>\n<p>\u2665 Soovitused salongiprotseduuride valimiseks, mis v\u00f5ivad just Teile kasulikud olla.<\/p>\n<p>\u2665 Professionaalse kosmeetika valik \u2013 konkreetsete hooldustoodete loetelu teie probleemide lahendamiseks.<\/p>\n","protected":false},"featured_media":1028,"comment_status":"open","ping_status":"closed","template":"","meta":{"_acf_changed":false},"pwb-brand":[],"product_brand":[],"product_cat":[56],"product_tag":[],"class_list":{"0":"post-2096","1":"product","2":"type-product","3":"status-publish","4":"has-post-thumbnail","6":"product_cat-kategooriata","8":"first","9":"instock","10":"taxable","11":"shipping-taxable","12":"purchasable","13":"product-type-simple"},"acf":[],"yoast_head":"<!-- This site is optimized with the Yoast SEO plugin v25.7 - https:\/\/yoast.com\/wordpress\/plugins\/seo\/ -->\n<title>ONLINE Konsultatsioon - Ilutoodete e-pood<\/title>\n<meta name=\"robots\" content=\"noindex, follow, max-snippet:-1, max-image-preview:large, max-video-preview:-1\" \/>\n<meta property=\"og:locale\" content=\"et_EE\" \/>\n<meta property=\"og:type\" content=\"article\" \/>\n<meta property=\"og:title\" content=\"ONLINE Konsultatsioon - Ilutoodete e-pood\" \/>\n<meta property=\"og:description\" content=\"Personaliseeritud p\u00f5hjalik 1-tunnine online konsultatsioon sisaldab: \u2665 Sinu naha seisundile objektiivne hinnang. Nahat\u00fc\u00fcbi, vananemist\u00fc\u00fcbi m\u00e4\u00e4ramine ja olemasolevate probleemide p\u00f5hjuste selgitamine. \u2665 Kasutatavate kosmeetikavahendite arutamine ja koduhoolduse vigade tuvastamine. \u2665 Individuaalse nahahooldusprogrammi koostamine, arvestades vanust, nahat\u00fc\u00fcpi ja peamisi esteetilisi probleeme. Antud programm hakkab t\u00f6\u00f6tama mis tahes kvaliteetse kosmeetikaga s\u00f5ltumata konkreetsest br\u00e4ndist. \u2665 Soovitused salongiprotseduuride valimiseks, mis v\u00f5ivad just Teile kasulikud olla. \u2665 Professionaalse kosmeetika valik \u2013 konkreetsete hooldustoodete loetelu teie probleemide lahendamiseks.\" \/>\n<meta property=\"og:url\" content=\"https:\/\/old.kosmetoloog.ee\/toode\/online-konsultatsioon\/\" \/>\n<meta property=\"og:site_name\" content=\"Ilutoodete e-pood\" \/>\n<meta property=\"og:image\" content=\"https:\/\/old.kosmetoloog.ee\/wp-content\/uploads\/2023\/09\/IMG_4921-e1695625611571.jpg\" \/>\n\t<meta property=\"og:image:width\" content=\"800\" \/>\n\t<meta property=\"og:image:height\" content=\"800\" \/>\n\t<meta property=\"og:image:type\" content=\"image\/jpeg\" \/>\n<meta name=\"twitter:card\" content=\"summary_large_image\" \/>\n<meta name=\"twitter:label1\" content=\"Est. reading time\" \/>\n\t<meta name=\"twitter:data1\" content=\"1 minut\" \/>\n<script type=\"application\/ld+json\" class=\"yoast-schema-graph\">{\"@context\":\"https:\/\/schema.org\",\"@graph\":[{\"@type\":\"WebPage\",\"@id\":\"https:\/\/old.kosmetoloog.ee\/toode\/online-konsultatsioon\/\",\"url\":\"https:\/\/old.kosmetoloog.ee\/toode\/online-konsultatsioon\/\",\"name\":\"ONLINE Konsultatsioon - Ilutoodete e-pood\",\"isPartOf\":{\"@id\":\"https:\/\/old.kosmetoloog.ee\/#website\"},\"primaryImageOfPage\":{\"@id\":\"https:\/\/old.kosmetoloog.ee\/toode\/online-konsultatsioon\/#primaryimage\"},\"image\":{\"@id\":\"https:\/\/old.kosmetoloog.ee\/toode\/online-konsultatsioon\/#primaryimage\"},\"thumbnailUrl\":\"https:\/\/old.kosmetoloog.ee\/wp-content\/uploads\/2023\/09\/IMG_4921-e1695625611571.jpg\",\"datePublished\":\"2024-01-08T16:08:38+00:00\",\"breadcrumb\":{\"@id\":\"https:\/\/old.kosmetoloog.ee\/toode\/online-konsultatsioon\/#breadcrumb\"},\"inLanguage\":\"et\",\"potentialAction\":[{\"@type\":\"ReadAction\",\"target\":[\"https:\/\/old.kosmetoloog.ee\/toode\/online-konsultatsioon\/\"]}]},{\"@type\":\"ImageObject\",\"inLanguage\":\"et\",\"@id\":\"https:\/\/old.kosmetoloog.ee\/toode\/online-konsultatsioon\/#primaryimage\",\"url\":\"https:\/\/old.kosmetoloog.ee\/wp-content\/uploads\/2023\/09\/IMG_4921-e1695625611571.jpg\",\"contentUrl\":\"https:\/\/old.kosmetoloog.ee\/wp-content\/uploads\/2023\/09\/IMG_4921-e1695625611571.jpg\",\"width\":800,\"height\":800},{\"@type\":\"BreadcrumbList\",\"@id\":\"https:\/\/old.kosmetoloog.ee\/toode\/online-konsultatsioon\/#breadcrumb\",\"itemListElement\":[{\"@type\":\"ListItem\",\"position\":1,\"name\":\"Home\",\"item\":\"https:\/\/old.kosmetoloog.ee\/et\/\"},{\"@type\":\"ListItem\",\"position\":2,\"name\":\"Pood\",\"item\":\"https:\/\/old.kosmetoloog.ee\/et\/pood\/\"},{\"@type\":\"ListItem\",\"position\":3,\"name\":\"ONLINE Konsultatsioon\"}]},{\"@type\":\"WebSite\",\"@id\":\"https:\/\/old.kosmetoloog.ee\/#website\",\"url\":\"https:\/\/old.kosmetoloog.ee\/\",\"name\":\"Ilutoodete e-pood\",\"description\":\"Kosmeetika pood\",\"publisher\":{\"@id\":\"https:\/\/old.kosmetoloog.ee\/#organization\"},\"potentialAction\":[{\"@type\":\"SearchAction\",\"target\":{\"@type\":\"EntryPoint\",\"urlTemplate\":\"https:\/\/old.kosmetoloog.ee\/?s={search_term_string}\"},\"query-input\":{\"@type\":\"PropertyValueSpecification\",\"valueRequired\":true,\"valueName\":\"search_term_string\"}}],\"inLanguage\":\"et\"},{\"@type\":\"Organization\",\"@id\":\"https:\/\/old.kosmetoloog.ee\/#organization\",\"name\":\"You are You O\u00dc\",\"url\":\"https:\/\/old.kosmetoloog.ee\/\",\"logo\":{\"@type\":\"ImageObject\",\"inLanguage\":\"et\",\"@id\":\"https:\/\/old.kosmetoloog.ee\/#\/schema\/logo\/image\/\",\"url\":\"https:\/\/old.kosmetoloog.ee\/wp-content\/uploads\/2023\/08\/logo-1.png\",\"contentUrl\":\"https:\/\/old.kosmetoloog.ee\/wp-content\/uploads\/2023\/08\/logo-1.png\",\"width\":1200,\"height\":964,\"caption\":\"You are You O\u00dc\"},\"image\":{\"@id\":\"https:\/\/old.kosmetoloog.ee\/#\/schema\/logo\/image\/\"}}]}<\/script>\n<!-- \/ Yoast SEO plugin. -->","yoast_head_json":{"title":"ONLINE Konsultatsioon - Ilutoodete e-pood","robots":{"index":"noindex","follow":"follow","max-snippet":"max-snippet:-1","max-image-preview":"max-image-preview:large","max-video-preview":"max-video-preview:-1"},"og_locale":"et_EE","og_type":"article","og_title":"ONLINE Konsultatsioon - Ilutoodete e-pood","og_description":"Personaliseeritud p\u00f5hjalik 1-tunnine online konsultatsioon sisaldab: \u2665 Sinu naha seisundile objektiivne hinnang. Nahat\u00fc\u00fcbi, vananemist\u00fc\u00fcbi m\u00e4\u00e4ramine ja olemasolevate probleemide p\u00f5hjuste selgitamine. \u2665 Kasutatavate kosmeetikavahendite arutamine ja koduhoolduse vigade tuvastamine. \u2665 Individuaalse nahahooldusprogrammi koostamine, arvestades vanust, nahat\u00fc\u00fcpi ja peamisi esteetilisi probleeme. Antud programm hakkab t\u00f6\u00f6tama mis tahes kvaliteetse kosmeetikaga s\u00f5ltumata konkreetsest br\u00e4ndist. \u2665 Soovitused salongiprotseduuride valimiseks, mis v\u00f5ivad just Teile kasulikud olla. \u2665 Professionaalse kosmeetika valik \u2013 konkreetsete hooldustoodete loetelu teie probleemide lahendamiseks.","og_url":"https:\/\/old.kosmetoloog.ee\/toode\/online-konsultatsioon\/","og_site_name":"Ilutoodete e-pood","og_image":[{"width":800,"height":800,"url":"https:\/\/old.kosmetoloog.ee\/wp-content\/uploads\/2023\/09\/IMG_4921-e1695625611571.jpg","type":"image\/jpeg"}],"twitter_card":"summary_large_image","twitter_misc":{"Est. reading time":"1 minut"},"schema":{"@context":"https:\/\/schema.org","@graph":[{"@type":"WebPage","@id":"https:\/\/old.kosmetoloog.ee\/toode\/online-konsultatsioon\/","url":"https:\/\/old.kosmetoloog.ee\/toode\/online-konsultatsioon\/","name":"ONLINE Konsultatsioon - Ilutoodete e-pood","isPartOf":{"@id":"https:\/\/old.kosmetoloog.ee\/#website"},"primaryImageOfPage":{"@id":"https:\/\/old.kosmetoloog.ee\/toode\/online-konsultatsioon\/#primaryimage"},"image":{"@id":"https:\/\/old.kosmetoloog.ee\/toode\/online-konsultatsioon\/#primaryimage"},"thumbnailUrl":"https:\/\/old.kosmetoloog.ee\/wp-content\/uploads\/2023\/09\/IMG_4921-e1695625611571.jpg","datePublished":"2024-01-08T16:08:38+00:00","breadcrumb":{"@id":"https:\/\/old.kosmetoloog.ee\/toode\/online-konsultatsioon\/#breadcrumb"},"inLanguage":"et","potentialAction":[{"@type":"ReadAction","target":["https:\/\/old.kosmetoloog.ee\/toode\/online-konsultatsioon\/"]}]},{"@type":"ImageObject","inLanguage":"et","@id":"https:\/\/old.kosmetoloog.ee\/toode\/online-konsultatsioon\/#primaryimage","url":"https:\/\/old.kosmetoloog.ee\/wp-content\/uploads\/2023\/09\/IMG_4921-e1695625611571.jpg","contentUrl":"https:\/\/old.kosmetoloog.ee\/wp-content\/uploads\/2023\/09\/IMG_4921-e1695625611571.jpg","width":800,"height":800},{"@type":"BreadcrumbList","@id":"https:\/\/old.kosmetoloog.ee\/toode\/online-konsultatsioon\/#breadcrumb","itemListElement":[{"@type":"ListItem","position":1,"name":"Home","item":"https:\/\/old.kosmetoloog.ee\/et\/"},{"@type":"ListItem","position":2,"name":"Pood","item":"https:\/\/old.kosmetoloog.ee\/et\/pood\/"},{"@type":"ListItem","position":3,"name":"ONLINE Konsultatsioon"}]},{"@type":"WebSite","@id":"https:\/\/old.kosmetoloog.ee\/#website","url":"https:\/\/old.kosmetoloog.ee\/","name":"Ilutoodete e-pood","description":"Kosmeetika pood","publisher":{"@id":"https:\/\/old.kosmetoloog.ee\/#organization"},"potentialAction":[{"@type":"SearchAction","target":{"@type":"EntryPoint","urlTemplate":"https:\/\/old.kosmetoloog.ee\/?s={search_term_string}"},"query-input":{"@type":"PropertyValueSpecification","valueRequired":true,"valueName":"search_term_string"}}],"inLanguage":"et"},{"@type":"Organization","@id":"https:\/\/old.kosmetoloog.ee\/#organization","name":"You are You O\u00dc","url":"https:\/\/old.kosmetoloog.ee\/","logo":{"@type":"ImageObject","inLanguage":"et","@id":"https:\/\/old.kosmetoloog.ee\/#\/schema\/logo\/image\/","url":"https:\/\/old.kosmetoloog.ee\/wp-content\/uploads\/2023\/08\/logo-1.png","contentUrl":"https:\/\/old.kosmetoloog.ee\/wp-content\/uploads\/2023\/08\/logo-1.png","width":1200,"height":964,"caption":"You are You O\u00dc"},"image":{"@id":"https:\/\/old.kosmetoloog.ee\/#\/schema\/logo\/image\/"}}]}},"brands":[],"_links":{"self":[{"href":"https:\/\/old.kosmetoloog.ee\/et\/wp-json\/wp\/v2\/product\/2096","targetHints":{"allow":["GET"]}}],"collection":[{"href":"https:\/\/old.kosmetoloog.ee\/et\/wp-json\/wp\/v2\/product"}],"about":[{"href":"https:\/\/old.kosmetoloog.ee\/et\/wp-json\/wp\/v2\/types\/product"}],"replies":[{"embeddable":true,"href":"https:\/\/old.kosmetoloog.ee\/et\/wp-json\/wp\/v2\/comments?post=2096"}],"wp:featuredmedia":[{"embeddable":true,"href":"https:\/\/old.kosmetoloog.ee\/et\/wp-json\/wp\/v2\/media\/1028"}],"wp:attachment":[{"href":"https:\/\/old.kosmetoloog.ee\/et\/wp-json\/wp\/v2\/media?parent=2096"}],"wp:term":[{"taxonomy":"pwb-brand","embeddable":true,"href":"https:\/\/old.kosmetoloog.ee\/et\/wp-json\/wp\/v2\/pwb-brand?post=2096"},{"taxonomy":"product_brand","embeddable":true,"href":"https:\/\/old.kosmetoloog.ee\/et\/wp-json\/wp\/v2\/product_brand?post=2096"},{"taxonomy":"product_cat","embeddable":true,"href":"https:\/\/old.kosmetoloog.ee\/et\/wp-json\/wp\/v2\/product_cat?post=2096"},{"taxonomy":"product_tag","embeddable":true,"href":"https:\/\/old.kosmetoloog.ee\/et\/wp-json\/wp\/v2\/product_tag?post=2096"}],"curies":[{"name":"wp","href":"https:\/\/api.w.org\/{rel}","templated":true}]}}