{"id":2129,"date":"2024-02-26T14:47:45","date_gmt":"2024-02-26T12:47:45","guid":{"rendered":"https:\/\/kosmetoloog.ee\/product\/rikkalik-panacea-kreem-kuiva-ja-kupse-nahale\/"},"modified":"2024-02-26T14:47:45","modified_gmt":"2024-02-26T12:47:45","slug":"rikkalik-panacea-kreem-kuiva-ja-kupse-nahale","status":"publish","type":"product","link":"https:\/\/old.kosmetoloog.ee\/et\/toode\/rikkalik-panacea-kreem-kuiva-ja-kupse-nahale\/","title":{"rendered":"RIKKALIK PANACEA KREEM\/KUIVA JA K\u00dcPSE NAHALE"},"content":{"rendered":"<p>Vananeva naha jaoks universaalse noorendava j\u00f5uga rikastatud ja Galeni kompleksiga rikastatud kreem on suurep\u00e4raselt kohandatud kuiva naha vajadustele.<\/p>\n<p>Rikastatud v\u00f5rreldamatu edelweissiga, mis on osa kreemist koos teiste h\u00e4mmastavate vananemisvastaste aktiivsete koostisosadega (Acmella, rukis, pruunvetikas, punarnava, tomat, ploom), t\u00f6\u00f6tab kreem k\u00f5igi vananemisn\u00e4htude vastu. See v\u00e4hendab oluliselt kortse, silub n\u00e4onahka, tugevdab nahka, piirab oks\u00fcdatiivset stressi ja v\u00e4hendab pigmendi h\u00e4ireid. Kreem sisaldab k\u00f5rge toitev\u00e4\u00e4rtusega koostisosi (aloe vera, p\u00e4evalill, skvalaan, p\u00e4hkel), mis tugevdavad naha barj\u00e4\u00e4ri, toidavad ja tagavad pikaajalise mugavuse kuivale nahale, p\u00e4evast p\u00e4eva harmoniseerides isegi k\u00f5ige kurnatumat epidermist ja pakkudes teie nahale maksimaalset naudingut. Nahk taastub, muutub toidetuks, elastseks ja pinguldatuks<\/p>\n<p>Kreem on pakendatud kergesse, elegantse ja \u00f6koloogilisse karpi. See on veel \u00fcks t\u00f5estus meie keskkonnaalasest p\u00fchendumusest.<\/p>\n<p>Vegan valem.<\/p>\n","protected":false},"excerpt":{"rendered":"<p>Vananeva naha taastav kreem. Nahk muutub toidetuks, elastseks ja pinguldatuks.<\/p>\n","protected":false},"featured_media":2123,"comment_status":"open","ping_status":"closed","template":"","meta":{"_acf_changed":false},"pwb-brand":[43],"product_brand":[],"product_cat":[58],"product_tag":[112,111],"class_list":{"0":"post-2129","1":"product","2":"type-product","3":"status-publish","4":"has-post-thumbnail","6":"pwb-brand-phyt","7":"product_cat-nao-ja-kaelakreemid","8":"product_tag-kuiv-nahk","9":"product_tag-vananemisvastane","11":"first","12":"instock","13":"taxable","14":"shipping-taxable","15":"purchasable","16":"product-type-simple"},"acf":[],"yoast_head":"<!-- This site is optimized with the Yoast SEO plugin v25.7 - https:\/\/yoast.com\/wordpress\/plugins\/seo\/ -->\n<title>RIKKALIK PANACEA KREEM\/KUIVA JA K\u00dcPSE NAHALE - Ilutoodete e-pood<\/title>\n<meta name=\"robots\" content=\"noindex, follow, max-snippet:-1, max-image-preview:large, max-video-preview:-1\" \/>\n<meta property=\"og:locale\" content=\"et_EE\" \/>\n<meta property=\"og:type\" content=\"article\" \/>\n<meta property=\"og:title\" content=\"RIKKALIK PANACEA KREEM\/KUIVA JA K\u00dcPSE NAHALE - Ilutoodete e-pood\" \/>\n<meta property=\"og:description\" content=\"Vananeva naha taastav kreem. Nahk muutub toidetuks, elastseks ja pinguldatuks.\" \/>\n<meta property=\"og:url\" content=\"https:\/\/old.kosmetoloog.ee\/toode\/creme_panacea_rich\/\" \/>\n<meta property=\"og:site_name\" content=\"Ilutoodete e-pood\" \/>\n<meta property=\"og:image\" content=\"https:\/\/old.kosmetoloog.ee\/wp-content\/uploads\/2024\/02\/img_1891.jpeg\" \/>\n\t<meta property=\"og:image:width\" content=\"788\" \/>\n\t<meta property=\"og:image:height\" content=\"788\" \/>\n\t<meta property=\"og:image:type\" content=\"image\/jpeg\" \/>\n<meta name=\"twitter:card\" content=\"summary_large_image\" \/>\n<meta name=\"twitter:label1\" content=\"Est. reading time\" \/>\n\t<meta name=\"twitter:data1\" content=\"1 minut\" \/>\n<script type=\"application\/ld+json\" class=\"yoast-schema-graph\">{\"@context\":\"https:\/\/schema.org\",\"@graph\":[{\"@type\":\"WebPage\",\"@id\":\"https:\/\/old.kosmetoloog.ee\/toode\/creme_panacea_rich\/\",\"url\":\"https:\/\/old.kosmetoloog.ee\/toode\/creme_panacea_rich\/\",\"name\":\"RIKKALIK PANACEA KREEM\/KUIVA JA K\u00dcPSE NAHALE - Ilutoodete e-pood\",\"isPartOf\":{\"@id\":\"https:\/\/old.kosmetoloog.ee\/#website\"},\"primaryImageOfPage\":{\"@id\":\"https:\/\/old.kosmetoloog.ee\/toode\/creme_panacea_rich\/#primaryimage\"},\"image\":{\"@id\":\"https:\/\/old.kosmetoloog.ee\/toode\/creme_panacea_rich\/#primaryimage\"},\"thumbnailUrl\":\"https:\/\/old.kosmetoloog.ee\/wp-content\/uploads\/2024\/02\/img_1891.jpeg\",\"datePublished\":\"2024-02-26T12:47:45+00:00\",\"breadcrumb\":{\"@id\":\"https:\/\/old.kosmetoloog.ee\/toode\/creme_panacea_rich\/#breadcrumb\"},\"inLanguage\":\"et\",\"potentialAction\":[{\"@type\":\"ReadAction\",\"target\":[\"https:\/\/old.kosmetoloog.ee\/toode\/creme_panacea_rich\/\"]}]},{\"@type\":\"ImageObject\",\"inLanguage\":\"et\",\"@id\":\"https:\/\/old.kosmetoloog.ee\/toode\/creme_panacea_rich\/#primaryimage\",\"url\":\"https:\/\/old.kosmetoloog.ee\/wp-content\/uploads\/2024\/02\/img_1891.jpeg\",\"contentUrl\":\"https:\/\/old.kosmetoloog.ee\/wp-content\/uploads\/2024\/02\/img_1891.jpeg\",\"width\":788,\"height\":788},{\"@type\":\"BreadcrumbList\",\"@id\":\"https:\/\/old.kosmetoloog.ee\/toode\/creme_panacea_rich\/#breadcrumb\",\"itemListElement\":[{\"@type\":\"ListItem\",\"position\":1,\"name\":\"Home\",\"item\":\"https:\/\/old.kosmetoloog.ee\/et\/\"},{\"@type\":\"ListItem\",\"position\":2,\"name\":\"Pood\",\"item\":\"https:\/\/old.kosmetoloog.ee\/et\/pood\/\"},{\"@type\":\"ListItem\",\"position\":3,\"name\":\"RIKKALIK PANACEA KREEM\/KUIVA JA K\u00dcPSE NAHALE\"}]},{\"@type\":\"WebSite\",\"@id\":\"https:\/\/old.kosmetoloog.ee\/#website\",\"url\":\"https:\/\/old.kosmetoloog.ee\/\",\"name\":\"Ilutoodete e-pood\",\"description\":\"Kosmeetika pood\",\"publisher\":{\"@id\":\"https:\/\/old.kosmetoloog.ee\/#organization\"},\"potentialAction\":[{\"@type\":\"SearchAction\",\"target\":{\"@type\":\"EntryPoint\",\"urlTemplate\":\"https:\/\/old.kosmetoloog.ee\/?s={search_term_string}\"},\"query-input\":{\"@type\":\"PropertyValueSpecification\",\"valueRequired\":true,\"valueName\":\"search_term_string\"}}],\"inLanguage\":\"et\"},{\"@type\":\"Organization\",\"@id\":\"https:\/\/old.kosmetoloog.ee\/#organization\",\"name\":\"You are You O\u00dc\",\"url\":\"https:\/\/old.kosmetoloog.ee\/\",\"logo\":{\"@type\":\"ImageObject\",\"inLanguage\":\"et\",\"@id\":\"https:\/\/old.kosmetoloog.ee\/#\/schema\/logo\/image\/\",\"url\":\"https:\/\/old.kosmetoloog.ee\/wp-content\/uploads\/2023\/08\/logo-1.png\",\"contentUrl\":\"https:\/\/old.kosmetoloog.ee\/wp-content\/uploads\/2023\/08\/logo-1.png\",\"width\":1200,\"height\":964,\"caption\":\"You are You O\u00dc\"},\"image\":{\"@id\":\"https:\/\/old.kosmetoloog.ee\/#\/schema\/logo\/image\/\"}}]}<\/script>\n<!-- \/ Yoast SEO plugin. -->","yoast_head_json":{"title":"RIKKALIK PANACEA KREEM\/KUIVA JA K\u00dcPSE NAHALE - Ilutoodete e-pood","robots":{"index":"noindex","follow":"follow","max-snippet":"max-snippet:-1","max-image-preview":"max-image-preview:large","max-video-preview":"max-video-preview:-1"},"og_locale":"et_EE","og_type":"article","og_title":"RIKKALIK PANACEA KREEM\/KUIVA JA K\u00dcPSE NAHALE - Ilutoodete e-pood","og_description":"Vananeva naha taastav kreem. Nahk muutub toidetuks, elastseks ja pinguldatuks.","og_url":"https:\/\/old.kosmetoloog.ee\/toode\/creme_panacea_rich\/","og_site_name":"Ilutoodete e-pood","og_image":[{"width":788,"height":788,"url":"https:\/\/old.kosmetoloog.ee\/wp-content\/uploads\/2024\/02\/img_1891.jpeg","type":"image\/jpeg"}],"twitter_card":"summary_large_image","twitter_misc":{"Est. reading time":"1 minut"},"schema":{"@context":"https:\/\/schema.org","@graph":[{"@type":"WebPage","@id":"https:\/\/old.kosmetoloog.ee\/toode\/creme_panacea_rich\/","url":"https:\/\/old.kosmetoloog.ee\/toode\/creme_panacea_rich\/","name":"RIKKALIK PANACEA KREEM\/KUIVA JA K\u00dcPSE NAHALE - Ilutoodete e-pood","isPartOf":{"@id":"https:\/\/old.kosmetoloog.ee\/#website"},"primaryImageOfPage":{"@id":"https:\/\/old.kosmetoloog.ee\/toode\/creme_panacea_rich\/#primaryimage"},"image":{"@id":"https:\/\/old.kosmetoloog.ee\/toode\/creme_panacea_rich\/#primaryimage"},"thumbnailUrl":"https:\/\/old.kosmetoloog.ee\/wp-content\/uploads\/2024\/02\/img_1891.jpeg","datePublished":"2024-02-26T12:47:45+00:00","breadcrumb":{"@id":"https:\/\/old.kosmetoloog.ee\/toode\/creme_panacea_rich\/#breadcrumb"},"inLanguage":"et","potentialAction":[{"@type":"ReadAction","target":["https:\/\/old.kosmetoloog.ee\/toode\/creme_panacea_rich\/"]}]},{"@type":"ImageObject","inLanguage":"et","@id":"https:\/\/old.kosmetoloog.ee\/toode\/creme_panacea_rich\/#primaryimage","url":"https:\/\/old.kosmetoloog.ee\/wp-content\/uploads\/2024\/02\/img_1891.jpeg","contentUrl":"https:\/\/old.kosmetoloog.ee\/wp-content\/uploads\/2024\/02\/img_1891.jpeg","width":788,"height":788},{"@type":"BreadcrumbList","@id":"https:\/\/old.kosmetoloog.ee\/toode\/creme_panacea_rich\/#breadcrumb","itemListElement":[{"@type":"ListItem","position":1,"name":"Home","item":"https:\/\/old.kosmetoloog.ee\/et\/"},{"@type":"ListItem","position":2,"name":"Pood","item":"https:\/\/old.kosmetoloog.ee\/et\/pood\/"},{"@type":"ListItem","position":3,"name":"RIKKALIK PANACEA KREEM\/KUIVA JA K\u00dcPSE NAHALE"}]},{"@type":"WebSite","@id":"https:\/\/old.kosmetoloog.ee\/#website","url":"https:\/\/old.kosmetoloog.ee\/","name":"Ilutoodete e-pood","description":"Kosmeetika pood","publisher":{"@id":"https:\/\/old.kosmetoloog.ee\/#organization"},"potentialAction":[{"@type":"SearchAction","target":{"@type":"EntryPoint","urlTemplate":"https:\/\/old.kosmetoloog.ee\/?s={search_term_string}"},"query-input":{"@type":"PropertyValueSpecification","valueRequired":true,"valueName":"search_term_string"}}],"inLanguage":"et"},{"@type":"Organization","@id":"https:\/\/old.kosmetoloog.ee\/#organization","name":"You are You O\u00dc","url":"https:\/\/old.kosmetoloog.ee\/","logo":{"@type":"ImageObject","inLanguage":"et","@id":"https:\/\/old.kosmetoloog.ee\/#\/schema\/logo\/image\/","url":"https:\/\/old.kosmetoloog.ee\/wp-content\/uploads\/2023\/08\/logo-1.png","contentUrl":"https:\/\/old.kosmetoloog.ee\/wp-content\/uploads\/2023\/08\/logo-1.png","width":1200,"height":964,"caption":"You are You O\u00dc"},"image":{"@id":"https:\/\/old.kosmetoloog.ee\/#\/schema\/logo\/image\/"}}]}},"brands":[{"id":43,"name":"PHYT'S","slug":"phyt"}],"_links":{"self":[{"href":"https:\/\/old.kosmetoloog.ee\/et\/wp-json\/wp\/v2\/product\/2129","targetHints":{"allow":["GET"]}}],"collection":[{"href":"https:\/\/old.kosmetoloog.ee\/et\/wp-json\/wp\/v2\/product"}],"about":[{"href":"https:\/\/old.kosmetoloog.ee\/et\/wp-json\/wp\/v2\/types\/product"}],"replies":[{"embeddable":true,"href":"https:\/\/old.kosmetoloog.ee\/et\/wp-json\/wp\/v2\/comments?post=2129"}],"wp:featuredmedia":[{"embeddable":true,"href":"https:\/\/old.kosmetoloog.ee\/et\/wp-json\/wp\/v2\/media\/2123"}],"wp:attachment":[{"href":"https:\/\/old.kosmetoloog.ee\/et\/wp-json\/wp\/v2\/media?parent=2129"}],"wp:term":[{"taxonomy":"pwb-brand","embeddable":true,"href":"https:\/\/old.kosmetoloog.ee\/et\/wp-json\/wp\/v2\/pwb-brand?post=2129"},{"taxonomy":"product_brand","embeddable":true,"href":"https:\/\/old.kosmetoloog.ee\/et\/wp-json\/wp\/v2\/product_brand?post=2129"},{"taxonomy":"product_cat","embeddable":true,"href":"https:\/\/old.kosmetoloog.ee\/et\/wp-json\/wp\/v2\/product_cat?post=2129"},{"taxonomy":"product_tag","embeddable":true,"href":"https:\/\/old.kosmetoloog.ee\/et\/wp-json\/wp\/v2\/product_tag?post=2129"}],"curies":[{"name":"wp","href":"https:\/\/api.w.org\/{rel}","templated":true}]}}