{"id":2190,"date":"2024-03-11T10:09:27","date_gmt":"2024-03-11T08:09:27","guid":{"rendered":"https:\/\/kosmetoloog.ee\/product\/panatseia-kreemi-varuosa\/"},"modified":"2024-03-11T10:09:27","modified_gmt":"2024-03-11T08:09:27","slug":"panatseia-kreemi-varuosa","status":"publish","type":"product","link":"https:\/\/old.kosmetoloog.ee\/et\/toode\/panatseia-kreemi-varuosa\/","title":{"rendered":"&#8220;Panatseia&#8221; kreemi varuosa."},"content":{"rendered":"<p><span style=\"font-family: Main, Tahoma, sans-serif; font-size: 16px; font-style: normal; font-weight: 400; letter-spacing: normal; text-align: left; text-indent: 0px; text-transform: none; text-decoration: none; float: none;\">&#8220;Panatseia&#8221; kreemi varuosa<\/span> <a style=\"text-decoration: none; cursor: pointer; font-family: Main, Tahoma, sans-serif; font-size: 16px; font-style: normal; font-weight: 400; letter-spacing: normal; text-align: left; text-indent: 0px; text-transform: none;\" href=\"https:\/\/aroma-phyts.ru\/katalog\/litso\/panatseya\/krem-panatseya-banka-50-ml\/\" target=\"_blank\" rel=\"noopener\">sisendab teie<\/a> <span style=\"font-family: Main, Tahoma, sans-serif; font-size: 16px; font-style: normal; font-weight: 400; letter-spacing: normal; text-align: left; text-indent: 0px; text-transform: none; text-decoration: none; float: none;\">panuse planeedi \u00f6koloogia s\u00e4ilitamisse, aidates s\u00e4\u00e4sta loodust.<\/span><\/p>\n","protected":false},"excerpt":{"rendered":"<p>See varuosa sobib vaid uue mitmeotstarbelise kreemipurki jaoks. See sobib sinna ideaalselt ja sisaldab sama unikaalset kreemi, mis omab universaalset noorendavat j\u00f5udu ja rikkalikku galenilist kompleksi, mis on suurep\u00e4raselt kohandatud kuiva naha vajadustele.<\/p>\n<p style=\"margin: 15px 0px; text-align: left; font-family: Main, Tahoma, sans-serif; font-size: 16px; font-style: normal; font-weight: 400; letter-spacing: normal; text-indent: 0px; text-transform: none; text-decoration: none;\">Iga p\u00e4ev imendub nahk, muutub elastsemaks ja pringimaks. Te n\u00e4ete oma naha uuendamist kiiresti.<\/p>\n<p style=\"margin: 15px 0px; text-align: left; font-family: Main, Tahoma, sans-serif; font-size: 16px; font-style: normal; font-weight: 400; letter-spacing: normal; text-indent: 0px; text-transform: none; text-decoration: none;\">Mitmeotstarbelise pakendi kasutuselev\u00f5tt aitab v\u00e4hendada j\u00e4\u00e4tmete hulka ja negatiivset m\u00f5ju keskkonnale:<\/p>\n<ul style=\"padding: 0px; margin: 0px 0px 20px 35px; font-family: Main, Tahoma, sans-serif; font-size: 16px; font-style: normal; font-weight: 400; letter-spacing: normal; text-align: left; text-indent: 0px; text-transform: none; text-decoration: none;\">\n<li style=\"margin: 10px 0px; padding: 0px 0px 0px 10px;\">\u00dcks varuosa sisaldab v\u00e4hemalt 88% \u00fcmbert\u00f6\u00f6deldud materjale;<\/li>\n<li style=\"margin: 10px 0px; padding: 0px 0px 0px 10px;\">S\u00e4\u00e4stetakse 170 g klaasi (p\u00e4rast 6 varuosa kasutamist 1 kg klaasi kohta<sup style=\"font-size: 9px; line-height: 0; position: relative; vertical-align: baseline; top: -6px; margin-left: 0.3em;\">);<\/sup><\/li>\n<li style=\"margin: 10px 0px; padding: 0px 0px 0px 10px;\">Iga t\u00e4iendav ost v\u00f5imaldab s\u00e4\u00e4sta kuni 2,8 tonni klaasi.<\/li>\n<\/ul>\n<p style=\"margin: 15px 0px; text-align: left; font-family: Main, Tahoma, sans-serif; font-size: 16px; font-style: normal; font-weight: 400; letter-spacing: normal; text-indent: 0px; text-transform: none; text-decoration: none;\">Vegan koostis.<\/p>\n<p class=\"footnote\" style=\"margin: 8px 0px; text-align: left; font-size: 12px; line-height: 17px; padding-left: 10px; position: relative; font-family: Main, Tahoma, sans-serif; font-style: normal; font-weight: 400; letter-spacing: normal; text-indent: 0px; text-transform: none; text-decoration: none;\">Toote kogukaal v\u00e4heneb 67%.<\/p>\n<p class=\"footnote\" style=\"margin: 8px 0px; text-align: left; font-size: 12px; line-height: 17px; padding-left: 10px; position: relative; font-family: Main, Tahoma, sans-serif; font-style: normal; font-weight: 400; letter-spacing: normal; text-indent: 0px; text-transform: none; text-decoration: none;\">N\u00e4itaja on arvutatud sisemise hindamise alusel, mis p\u00f5hineb aastase mahul.<\/p>\n<p>KOOSTIS:<\/p>\n<p style=\"margin: 15px 0px; text-align: left; font-family: Main, Tahoma, sans-serif; font-size: 16px; font-style: normal; font-weight: 400; letter-spacing: normal; text-indent: 0px; text-transform: none; text-decoration: none;\">Aqua\/Water\/Eau, caprylic\/capric triglyceride, propanediol, Corylus avellana (Hazelnut) seed oil<sup style=\"font-size: 12px; line-height: 0; position: relative; vertical-align: baseline; top: -6px; margin-left: 2px;\">*<\/sup>, Olus oil\/Vegetable oil \/Huile v\u00e9g\u00e9tale, Jojoba esters, glycerin, C12\u201116 alcohols, Helianthus annuus (Sunflower) seed wax, cetearyl alcohol, glyceryl stearate citrate, Prunus domestica seed oil<sup style=\"font-size: 12px; line-height: 0; position: relative; vertical-align: baseline; top: -6px; margin-left: 2px;\">*<\/sup>, squalane, sodium stearoyl glutamate, magnesium aluminium silicate, parfum, Acmella oleracea extract, Candelilla cera\/Euphorbia cerifera (Candelilla) wax\/Cire de Candelilla, Secale cereale (Rye) seed extract<sup style=\"font-size: 12px; line-height: 0; position: relative; vertical-align: baseline; top: -6px; margin-left: 2px;\">**<\/sup>, Aloe barbadensis leaf juice powder<sup style=\"font-size: 12px; line-height: 0; position: relative; vertical-align: baseline; top: -6px; margin-left: 2px;\">*<\/sup>, Helianthus annuus (Sunflower) seed oil<sup style=\"font-size: 12px; line-height: 0; position: relative; vertical-align: baseline; top: -6px; margin-left: 2px;\">*<\/sup>, Acacia decurrens flower wax, Solanum lycopersicum (Tomato) fruit extract, Boerhavia diffusa root extract, Alaria esculenta extract, Leontopodium alpinum flower\/leaf extract<sup style=\"font-size: 12px; line-height: 0; position: relative; vertical-align: baseline; top: -6px; margin-left: 2px;\">*<\/sup>, Rosmarinus officinalis (Rosemary) leaf extract<sup style=\"font-size: 12px; line-height: 0; position: relative; vertical-align: baseline; top: -6px; margin-left: 2px;\">**<\/sup>, palmitic acid, microcrystalline cellulose, hydrogenated vegetable oil, hydrogenated lecithin, sodium levulinate, cetyl alcohol, xanthan gum, polyglycerin\u20113, cellulose gum, p\u2011anisid acid, benzyl alcohol, dehydroacetic acid, sodium benzoate, silica, citric acid, sodium hydroxide, CI 77491, CI 77007, CI 77499, citronellol\u00b0, eugenol\u00b0, limonene\u00b0, linalool\u00b0.<\/p>\n<p class=\"footnote\" style=\"margin: 8px 0px; text-align: left; font-size: 12px; line-height: 17px; padding-left: 10px; position: relative; font-family: Main, Tahoma, sans-serif; font-style: normal; font-weight: 400; letter-spacing: normal; text-indent: 0px; text-transform: none; text-decoration: none;\"><sup class=\"asterisk\" style=\"font-size: 12px; line-height: 0; position: absolute; vertical-align: baseline; top: -6px; margin-left: -10px; margin-top: 12px;\">*<\/sup> Biokultuurist p\u00e4rinev koostisosa.<\/p>\n","protected":false},"featured_media":2169,"comment_status":"open","ping_status":"closed","template":"","meta":{"_acf_changed":false},"pwb-brand":[],"product_brand":[],"product_cat":[58],"product_tag":[105,117,107,111],"class_list":{"0":"post-2190","1":"product","2":"type-product","3":"status-publish","4":"has-post-thumbnail","6":"product_cat-nao-ja-kaelakreemid","7":"product_tag-koik-naha","8":"product_tag-kombineeritud-nahk","9":"product_tag-normaalne-nahk","10":"product_tag-vananemisvastane","12":"first","13":"instock","14":"taxable","15":"shipping-taxable","16":"purchasable","17":"product-type-simple"},"acf":[],"yoast_head":"<!-- This site is optimized with the Yoast SEO plugin v25.7 - https:\/\/yoast.com\/wordpress\/plugins\/seo\/ -->\n<title>&quot;Panatseia&quot; kreemi varuosa. - Ilutoodete e-pood<\/title>\n<meta name=\"robots\" content=\"noindex, follow, max-snippet:-1, max-image-preview:large, max-video-preview:-1\" \/>\n<meta property=\"og:locale\" content=\"et_EE\" \/>\n<meta property=\"og:type\" content=\"article\" \/>\n<meta property=\"og:title\" content=\"&quot;Panatseia&quot; kreemi varuosa. - Ilutoodete e-pood\" \/>\n<meta property=\"og:description\" content=\"See varuosa sobib vaid uue mitmeotstarbelise kreemipurki jaoks. See sobib sinna ideaalselt ja sisaldab sama unikaalset kreemi, mis omab universaalset noorendavat j\u00f5udu ja rikkalikku galenilist kompleksi, mis on suurep\u00e4raselt kohandatud kuiva naha vajadustele. Iga p\u00e4ev imendub nahk, muutub elastsemaks ja pringimaks. Te n\u00e4ete oma naha uuendamist kiiresti. Mitmeotstarbelise pakendi kasutuselev\u00f5tt aitab v\u00e4hendada j\u00e4\u00e4tmete hulka ja negatiivset m\u00f5ju keskkonnale:   \u00dcks varuosa sisaldab v\u00e4hemalt 88% \u00fcmbert\u00f6\u00f6deldud materjale;  S\u00e4\u00e4stetakse 170 g klaasi (p\u00e4rast 6 varuosa kasutamist 1 kg klaasi kohta);  Iga t\u00e4iendav ost v\u00f5imaldab s\u00e4\u00e4sta kuni 2,8 tonni klaasi. Vegan koostis. Toote kogukaal v\u00e4heneb 67%. N\u00e4itaja on arvutatud sisemise hindamise alusel, mis p\u00f5hineb aastase mahul. KOOSTIS: Aqua\/Water\/Eau, caprylic\/capric triglyceride, propanediol, Corylus avellana (Hazelnut) seed oil*, Olus oil\/Vegetable oil \/Huile v\u00e9g\u00e9tale, Jojoba esters, glycerin, C12\u201116 alcohols, Helianthus annuus (Sunflower) seed wax, cetearyl alcohol, glyceryl stearate citrate, Prunus domestica seed oil*, squalane, sodium stearoyl glutamate, magnesium aluminium silicate, parfum, Acmella oleracea extract, Candelilla cera\/Euphorbia cerifera (Candelilla) wax\/Cire de Candelilla, Secale cereale (Rye) seed extract**, Aloe barbadensis leaf juice powder*, Helianthus annuus (Sunflower) seed oil*, Acacia decurrens flower wax, Solanum lycopersicum (Tomato) fruit extract, Boerhavia diffusa root extract, Alaria esculenta extract, Leontopodium alpinum flower\/leaf extract*, Rosmarinus officinalis (Rosemary) leaf extract**, palmitic acid, microcrystalline cellulose, hydrogenated vegetable oil, hydrogenated lecithin, sodium levulinate, cetyl alcohol, xanthan gum, polyglycerin\u20113, cellulose gum, p\u2011anisid acid, benzyl alcohol, dehydroacetic acid, sodium benzoate, silica, citric acid, sodium hydroxide, CI 77491, CI 77007, CI 77499, citronellol\u00b0, eugenol\u00b0, limonene\u00b0, linalool\u00b0. * Biokultuurist p\u00e4rinev koostisosa.\" \/>\n<meta property=\"og:url\" content=\"https:\/\/old.kosmetoloog.ee\/toode\/panacea_refil\/\" \/>\n<meta property=\"og:site_name\" content=\"Ilutoodete e-pood\" \/>\n<meta property=\"og:image\" content=\"https:\/\/old.kosmetoloog.ee\/wp-content\/uploads\/2024\/03\/img_2485.png\" \/>\n\t<meta property=\"og:image:width\" content=\"1600\" \/>\n\t<meta property=\"og:image:height\" content=\"1569\" \/>\n\t<meta property=\"og:image:type\" content=\"image\/png\" \/>\n<meta name=\"twitter:card\" content=\"summary_large_image\" \/>\n<script type=\"application\/ld+json\" class=\"yoast-schema-graph\">{\"@context\":\"https:\/\/schema.org\",\"@graph\":[{\"@type\":\"WebPage\",\"@id\":\"https:\/\/old.kosmetoloog.ee\/toode\/panacea_refil\/\",\"url\":\"https:\/\/old.kosmetoloog.ee\/toode\/panacea_refil\/\",\"name\":\"\\\"Panatseia\\\" kreemi varuosa. - Ilutoodete e-pood\",\"isPartOf\":{\"@id\":\"https:\/\/old.kosmetoloog.ee\/#website\"},\"primaryImageOfPage\":{\"@id\":\"https:\/\/old.kosmetoloog.ee\/toode\/panacea_refil\/#primaryimage\"},\"image\":{\"@id\":\"https:\/\/old.kosmetoloog.ee\/toode\/panacea_refil\/#primaryimage\"},\"thumbnailUrl\":\"https:\/\/old.kosmetoloog.ee\/wp-content\/uploads\/2024\/03\/img_2485.png\",\"datePublished\":\"2024-03-11T08:09:27+00:00\",\"breadcrumb\":{\"@id\":\"https:\/\/old.kosmetoloog.ee\/toode\/panacea_refil\/#breadcrumb\"},\"inLanguage\":\"et\",\"potentialAction\":[{\"@type\":\"ReadAction\",\"target\":[\"https:\/\/old.kosmetoloog.ee\/toode\/panacea_refil\/\"]}]},{\"@type\":\"ImageObject\",\"inLanguage\":\"et\",\"@id\":\"https:\/\/old.kosmetoloog.ee\/toode\/panacea_refil\/#primaryimage\",\"url\":\"https:\/\/old.kosmetoloog.ee\/wp-content\/uploads\/2024\/03\/img_2485.png\",\"contentUrl\":\"https:\/\/old.kosmetoloog.ee\/wp-content\/uploads\/2024\/03\/img_2485.png\",\"width\":1600,\"height\":1569},{\"@type\":\"BreadcrumbList\",\"@id\":\"https:\/\/old.kosmetoloog.ee\/toode\/panacea_refil\/#breadcrumb\",\"itemListElement\":[{\"@type\":\"ListItem\",\"position\":1,\"name\":\"Home\",\"item\":\"https:\/\/old.kosmetoloog.ee\/et\/\"},{\"@type\":\"ListItem\",\"position\":2,\"name\":\"Pood\",\"item\":\"https:\/\/old.kosmetoloog.ee\/et\/pood\/\"},{\"@type\":\"ListItem\",\"position\":3,\"name\":\"&#171;Panatseia&#187; kreemi varuosa.\"}]},{\"@type\":\"WebSite\",\"@id\":\"https:\/\/old.kosmetoloog.ee\/#website\",\"url\":\"https:\/\/old.kosmetoloog.ee\/\",\"name\":\"Ilutoodete e-pood\",\"description\":\"Kosmeetika pood\",\"publisher\":{\"@id\":\"https:\/\/old.kosmetoloog.ee\/#organization\"},\"potentialAction\":[{\"@type\":\"SearchAction\",\"target\":{\"@type\":\"EntryPoint\",\"urlTemplate\":\"https:\/\/old.kosmetoloog.ee\/?s={search_term_string}\"},\"query-input\":{\"@type\":\"PropertyValueSpecification\",\"valueRequired\":true,\"valueName\":\"search_term_string\"}}],\"inLanguage\":\"et\"},{\"@type\":\"Organization\",\"@id\":\"https:\/\/old.kosmetoloog.ee\/#organization\",\"name\":\"You are You O\u00dc\",\"url\":\"https:\/\/old.kosmetoloog.ee\/\",\"logo\":{\"@type\":\"ImageObject\",\"inLanguage\":\"et\",\"@id\":\"https:\/\/old.kosmetoloog.ee\/#\/schema\/logo\/image\/\",\"url\":\"https:\/\/old.kosmetoloog.ee\/wp-content\/uploads\/2023\/08\/logo-1.png\",\"contentUrl\":\"https:\/\/old.kosmetoloog.ee\/wp-content\/uploads\/2023\/08\/logo-1.png\",\"width\":1200,\"height\":964,\"caption\":\"You are You O\u00dc\"},\"image\":{\"@id\":\"https:\/\/old.kosmetoloog.ee\/#\/schema\/logo\/image\/\"}}]}<\/script>\n<!-- \/ Yoast SEO plugin. -->","yoast_head_json":{"title":"\"Panatseia\" kreemi varuosa. - Ilutoodete e-pood","robots":{"index":"noindex","follow":"follow","max-snippet":"max-snippet:-1","max-image-preview":"max-image-preview:large","max-video-preview":"max-video-preview:-1"},"og_locale":"et_EE","og_type":"article","og_title":"\"Panatseia\" kreemi varuosa. - Ilutoodete e-pood","og_description":"See varuosa sobib vaid uue mitmeotstarbelise kreemipurki jaoks. See sobib sinna ideaalselt ja sisaldab sama unikaalset kreemi, mis omab universaalset noorendavat j\u00f5udu ja rikkalikku galenilist kompleksi, mis on suurep\u00e4raselt kohandatud kuiva naha vajadustele. Iga p\u00e4ev imendub nahk, muutub elastsemaks ja pringimaks. Te n\u00e4ete oma naha uuendamist kiiresti. Mitmeotstarbelise pakendi kasutuselev\u00f5tt aitab v\u00e4hendada j\u00e4\u00e4tmete hulka ja negatiivset m\u00f5ju keskkonnale:   \u00dcks varuosa sisaldab v\u00e4hemalt 88% \u00fcmbert\u00f6\u00f6deldud materjale;  S\u00e4\u00e4stetakse 170 g klaasi (p\u00e4rast 6 varuosa kasutamist 1 kg klaasi kohta);  Iga t\u00e4iendav ost v\u00f5imaldab s\u00e4\u00e4sta kuni 2,8 tonni klaasi. Vegan koostis. Toote kogukaal v\u00e4heneb 67%. N\u00e4itaja on arvutatud sisemise hindamise alusel, mis p\u00f5hineb aastase mahul. KOOSTIS: Aqua\/Water\/Eau, caprylic\/capric triglyceride, propanediol, Corylus avellana (Hazelnut) seed oil*, Olus oil\/Vegetable oil \/Huile v\u00e9g\u00e9tale, Jojoba esters, glycerin, C12\u201116 alcohols, Helianthus annuus (Sunflower) seed wax, cetearyl alcohol, glyceryl stearate citrate, Prunus domestica seed oil*, squalane, sodium stearoyl glutamate, magnesium aluminium silicate, parfum, Acmella oleracea extract, Candelilla cera\/Euphorbia cerifera (Candelilla) wax\/Cire de Candelilla, Secale cereale (Rye) seed extract**, Aloe barbadensis leaf juice powder*, Helianthus annuus (Sunflower) seed oil*, Acacia decurrens flower wax, Solanum lycopersicum (Tomato) fruit extract, Boerhavia diffusa root extract, Alaria esculenta extract, Leontopodium alpinum flower\/leaf extract*, Rosmarinus officinalis (Rosemary) leaf extract**, palmitic acid, microcrystalline cellulose, hydrogenated vegetable oil, hydrogenated lecithin, sodium levulinate, cetyl alcohol, xanthan gum, polyglycerin\u20113, cellulose gum, p\u2011anisid acid, benzyl alcohol, dehydroacetic acid, sodium benzoate, silica, citric acid, sodium hydroxide, CI 77491, CI 77007, CI 77499, citronellol\u00b0, eugenol\u00b0, limonene\u00b0, linalool\u00b0. * Biokultuurist p\u00e4rinev koostisosa.","og_url":"https:\/\/old.kosmetoloog.ee\/toode\/panacea_refil\/","og_site_name":"Ilutoodete e-pood","og_image":[{"width":1600,"height":1569,"url":"https:\/\/old.kosmetoloog.ee\/wp-content\/uploads\/2024\/03\/img_2485.png","type":"image\/png"}],"twitter_card":"summary_large_image","schema":{"@context":"https:\/\/schema.org","@graph":[{"@type":"WebPage","@id":"https:\/\/old.kosmetoloog.ee\/toode\/panacea_refil\/","url":"https:\/\/old.kosmetoloog.ee\/toode\/panacea_refil\/","name":"\"Panatseia\" kreemi varuosa. - Ilutoodete e-pood","isPartOf":{"@id":"https:\/\/old.kosmetoloog.ee\/#website"},"primaryImageOfPage":{"@id":"https:\/\/old.kosmetoloog.ee\/toode\/panacea_refil\/#primaryimage"},"image":{"@id":"https:\/\/old.kosmetoloog.ee\/toode\/panacea_refil\/#primaryimage"},"thumbnailUrl":"https:\/\/old.kosmetoloog.ee\/wp-content\/uploads\/2024\/03\/img_2485.png","datePublished":"2024-03-11T08:09:27+00:00","breadcrumb":{"@id":"https:\/\/old.kosmetoloog.ee\/toode\/panacea_refil\/#breadcrumb"},"inLanguage":"et","potentialAction":[{"@type":"ReadAction","target":["https:\/\/old.kosmetoloog.ee\/toode\/panacea_refil\/"]}]},{"@type":"ImageObject","inLanguage":"et","@id":"https:\/\/old.kosmetoloog.ee\/toode\/panacea_refil\/#primaryimage","url":"https:\/\/old.kosmetoloog.ee\/wp-content\/uploads\/2024\/03\/img_2485.png","contentUrl":"https:\/\/old.kosmetoloog.ee\/wp-content\/uploads\/2024\/03\/img_2485.png","width":1600,"height":1569},{"@type":"BreadcrumbList","@id":"https:\/\/old.kosmetoloog.ee\/toode\/panacea_refil\/#breadcrumb","itemListElement":[{"@type":"ListItem","position":1,"name":"Home","item":"https:\/\/old.kosmetoloog.ee\/et\/"},{"@type":"ListItem","position":2,"name":"Pood","item":"https:\/\/old.kosmetoloog.ee\/et\/pood\/"},{"@type":"ListItem","position":3,"name":"&#171;Panatseia&#187; kreemi varuosa."}]},{"@type":"WebSite","@id":"https:\/\/old.kosmetoloog.ee\/#website","url":"https:\/\/old.kosmetoloog.ee\/","name":"Ilutoodete e-pood","description":"Kosmeetika pood","publisher":{"@id":"https:\/\/old.kosmetoloog.ee\/#organization"},"potentialAction":[{"@type":"SearchAction","target":{"@type":"EntryPoint","urlTemplate":"https:\/\/old.kosmetoloog.ee\/?s={search_term_string}"},"query-input":{"@type":"PropertyValueSpecification","valueRequired":true,"valueName":"search_term_string"}}],"inLanguage":"et"},{"@type":"Organization","@id":"https:\/\/old.kosmetoloog.ee\/#organization","name":"You are You O\u00dc","url":"https:\/\/old.kosmetoloog.ee\/","logo":{"@type":"ImageObject","inLanguage":"et","@id":"https:\/\/old.kosmetoloog.ee\/#\/schema\/logo\/image\/","url":"https:\/\/old.kosmetoloog.ee\/wp-content\/uploads\/2023\/08\/logo-1.png","contentUrl":"https:\/\/old.kosmetoloog.ee\/wp-content\/uploads\/2023\/08\/logo-1.png","width":1200,"height":964,"caption":"You are You O\u00dc"},"image":{"@id":"https:\/\/old.kosmetoloog.ee\/#\/schema\/logo\/image\/"}}]}},"brands":[],"_links":{"self":[{"href":"https:\/\/old.kosmetoloog.ee\/et\/wp-json\/wp\/v2\/product\/2190","targetHints":{"allow":["GET"]}}],"collection":[{"href":"https:\/\/old.kosmetoloog.ee\/et\/wp-json\/wp\/v2\/product"}],"about":[{"href":"https:\/\/old.kosmetoloog.ee\/et\/wp-json\/wp\/v2\/types\/product"}],"replies":[{"embeddable":true,"href":"https:\/\/old.kosmetoloog.ee\/et\/wp-json\/wp\/v2\/comments?post=2190"}],"wp:featuredmedia":[{"embeddable":true,"href":"https:\/\/old.kosmetoloog.ee\/et\/wp-json\/wp\/v2\/media\/2169"}],"wp:attachment":[{"href":"https:\/\/old.kosmetoloog.ee\/et\/wp-json\/wp\/v2\/media?parent=2190"}],"wp:term":[{"taxonomy":"pwb-brand","embeddable":true,"href":"https:\/\/old.kosmetoloog.ee\/et\/wp-json\/wp\/v2\/pwb-brand?post=2190"},{"taxonomy":"product_brand","embeddable":true,"href":"https:\/\/old.kosmetoloog.ee\/et\/wp-json\/wp\/v2\/product_brand?post=2190"},{"taxonomy":"product_cat","embeddable":true,"href":"https:\/\/old.kosmetoloog.ee\/et\/wp-json\/wp\/v2\/product_cat?post=2190"},{"taxonomy":"product_tag","embeddable":true,"href":"https:\/\/old.kosmetoloog.ee\/et\/wp-json\/wp\/v2\/product_tag?post=2190"}],"curies":[{"name":"wp","href":"https:\/\/api.w.org\/{rel}","templated":true}]}}