{"id":2191,"date":"2024-03-09T21:05:54","date_gmt":"2024-03-09T19:05:54","guid":{"rendered":"https:\/\/kosmetoloog.ee\/product\/gommage-korporal-kehakoorija\/"},"modified":"2024-03-09T21:05:54","modified_gmt":"2024-03-09T19:05:54","slug":"gommage-korporal-kehakoorija","status":"publish","type":"product","link":"https:\/\/old.kosmetoloog.ee\/et\/toode\/gommage-korporal-kehakoorija\/","title":{"rendered":"&#8220;Gommage&#8221; &#8220;Korporal&#8221; kehakoorija."},"content":{"rendered":"<p><span style=\"font-family: Main, Tahoma, sans-serif; font-size: 16px; font-style: normal; font-weight: 400; letter-spacing: normal; text-align: left; text-indent: 0px; text-transform: none; text-decoration: none; float: none;\">Aprikoosiseemnete p\u00f5hinev kooriv geel eemaldab t\u00f5husalt epidermisest surnud nahaosakesed, puhastab poorid ja stimuleerib rakkude uuenemisprotsessi. Nahk muutub koheselt siledaks, pehmeks ja toonusemaks.<\/span><\/p>\n","protected":false},"excerpt":{"rendered":"<p><span style=\"font-family: Main, Tahoma, sans-serif; font-size: 16px; font-style: normal; font-weight: 400; letter-spacing: normal; text-align: left; text-indent: 0px; text-transform: none; text-decoration: none; float: none;\">Eriti soovitatav kaalulangetusprogrammi osana, enne epileerimisprotseduuri (sissekasvanud karvade tekkimise v\u00e4ltimiseks) ning enne<\/span> <a style=\"text-decoration: none; cursor: pointer; font-family: Main, Tahoma, sans-serif; font-size: 16px; font-style: normal; font-weight: 400; letter-spacing: normal; text-align: left; text-indent: 0px; text-transform: none;\" href=\"https:\/\/aroma-phyts.ru\/katalog\/solntse\/avtobronzant-tuba-100-g\/\">p\u00e4evituskreemi kasutamist<\/a> v\u00f5i <span style=\"font-family: Main, Tahoma, sans-serif; font-size: 16px; font-style: normal; font-weight: 400; letter-spacing: normal; text-align: left; text-indent: 0px; text-transform: none; text-decoration: none; float: none;\">p\u00e4evitamist p\u00e4ikese k\u00e4es.<\/span><\/p>\n<p class=\"descr-heading active\" style=\"margin: 0px 0px 1px; text-align: left; font-family: Main, Tahoma, sans-serif; font-size: 18px; line-height: 26px; text-transform: uppercase; font-weight: 400; padding: 30px 20px 0px; cursor: pointer; font-style: normal; letter-spacing: normal; text-indent: 0px; text-decoration: none;\">KASUTAMINE<\/p>\n<div class=\"descr-content right-margin active smooth\" style=\"text-align: left; margin-right: 20px; margin-left: 20px; overflow: hidden; margin-bottom: 20px; font-family: Main, Tahoma, sans-serif; font-size: 16px; font-style: normal; font-weight: 400; letter-spacing: normal; text-indent: 0px; text-transform: none; text-decoration: none; height: auto;\">\n<div class=\"fo_content\" style=\"text-align: left;\">\n<p style=\"margin: 15px 0px; text-align: left;\">Kandke masseerivate liigutustega niiskele nahale, p\u00f6\u00f6rates erilist t\u00e4helepanu k\u00fc\u00fcnarnukkide, p\u00f5lvede, jalgade karedatele kohtadele, seej\u00e4rel loputage du\u0161i all. Kasutage 1-2 korda n\u00e4dalas.<\/p>\n<\/div>\n<\/div>\n<p id=\"contents_full_heading\" class=\"descr-heading active\" style=\"margin: 0px 0px 1px; text-align: left; font-family: Main, Tahoma, sans-serif; font-size: 18px; line-height: 26px; text-transform: uppercase; font-weight: 400; padding: 30px 20px 0px; cursor: pointer; font-style: normal; letter-spacing: normal; text-indent: 0px; text-decoration: none;\">KOOSTIS (INCI)<\/p>\n<div id=\"contents_full_text\" class=\"descr-content store_pos_contents right-margin active smooth\" style=\"text-align: left; margin-right: 20px; margin-left: 20px; overflow: hidden; margin-bottom: 20px; font-family: Main, Tahoma, sans-serif; font-size: 16px; font-style: normal; font-weight: 400; letter-spacing: normal; text-indent: 0px; text-transform: none; text-decoration: none; height: auto;\">\n<p style=\"margin: 15px 0px; text-align: left;\">Aqua\/Water\/Eau, Lavandula angustifolia (Lavender) flower water<sup style=\"font-size: 12px; line-height: 0; position: relative; vertical-align: baseline; top: -6px; margin-left: 2px;\">*<\/sup>, Prunus armeniaca (Apricot) seed powder, lauryl glucoside, cocamidopropyl betaine, xanthan gum, Glycerin, Citrus aurantium dulcis (Orange) peel oil<sup style=\"font-size: 12px; line-height: 0; position: relative; vertical-align: baseline; top: -6px; margin-left: 2px;\">*,<\/sup> Lavandula hybrida oil<sup style=\"font-size: 12px; line-height: 0; position: relative; vertical-align: baseline; top: -6px; margin-left: 2px;\">*<\/sup>, Cymbopogon martini oil<sup style=\"font-size: 12px; line-height: 0; position: relative; vertical-align: baseline; top: -6px; margin-left: 2px;\">*<\/sup>, citric acid, citral\u00b0, geraniol\u00b0, limonene\u00b0, linalool\u00b0.<\/p>\n<p class=\"footnote\" style=\"margin: 8px 0px; text-align: left; font-size: 12px; line-height: 17px; padding-left: 10px; position: relative;\"><sup class=\"asterisk\" style=\"font-size: 12px; line-height: 0; position: absolute; vertical-align: baseline; top: -6px; margin-left: -10px; margin-top: 12px;\">*<\/sup> Biokultuurist p\u00e4rinev koostisosa.<\/p>\n<\/div>\n","protected":false},"featured_media":2162,"comment_status":"open","ping_status":"closed","template":"","meta":{"_acf_changed":false},"pwb-brand":[43],"product_brand":[],"product_cat":[68,65],"product_tag":[],"class_list":{"0":"post-2191","1":"product","2":"type-product","3":"status-publish","4":"has-post-thumbnail","6":"pwb-brand-phyt","7":"product_cat-koorijad","8":"product_cat-kehahooldus","10":"first","11":"instock","12":"taxable","13":"shipping-taxable","14":"purchasable","15":"product-type-simple"},"acf":[],"yoast_head":"<!-- This site is optimized with the Yoast SEO plugin v25.7 - https:\/\/yoast.com\/wordpress\/plugins\/seo\/ -->\n<title>&quot;Gommage&quot; &quot;Korporal&quot; kehakoorija. - Ilutoodete e-pood<\/title>\n<meta name=\"robots\" content=\"noindex, follow, max-snippet:-1, max-image-preview:large, max-video-preview:-1\" \/>\n<meta property=\"og:locale\" content=\"et_EE\" \/>\n<meta property=\"og:type\" content=\"article\" \/>\n<meta property=\"og:title\" content=\"&quot;Gommage&quot; &quot;Korporal&quot; kehakoorija. - Ilutoodete e-pood\" \/>\n<meta property=\"og:description\" content=\"Eriti soovitatav kaalulangetusprogrammi osana, enne epileerimisprotseduuri (sissekasvanud karvade tekkimise v\u00e4ltimiseks) ning enne p\u00e4evituskreemi kasutamist v\u00f5i p\u00e4evitamist p\u00e4ikese k\u00e4es. KASUTAMINE  Kandke masseerivate liigutustega niiskele nahale, p\u00f6\u00f6rates erilist t\u00e4helepanu k\u00fc\u00fcnarnukkide, p\u00f5lvede, jalgade karedatele kohtadele, seej\u00e4rel loputage du\u0161i all. Kasutage 1-2 korda n\u00e4dalas.  KOOSTIS (INCI)  Aqua\/Water\/Eau, Lavandula angustifolia (Lavender) flower water*, Prunus armeniaca (Apricot) seed powder, lauryl glucoside, cocamidopropyl betaine, xanthan gum, Glycerin, Citrus aurantium dulcis (Orange) peel oil*, Lavandula hybrida oil*, Cymbopogon martini oil*, citric acid, citral\u00b0, geraniol\u00b0, limonene\u00b0, linalool\u00b0. * Biokultuurist p\u00e4rinev koostisosa.\" \/>\n<meta property=\"og:url\" content=\"https:\/\/old.kosmetoloog.ee\/toode\/gommage_corporel\/\" \/>\n<meta property=\"og:site_name\" content=\"Ilutoodete e-pood\" \/>\n<meta property=\"og:image\" content=\"https:\/\/old.kosmetoloog.ee\/wp-content\/uploads\/2024\/03\/img_2489.jpeg\" \/>\n\t<meta property=\"og:image:width\" content=\"700\" \/>\n\t<meta property=\"og:image:height\" content=\"700\" \/>\n\t<meta property=\"og:image:type\" content=\"image\/jpeg\" \/>\n<meta name=\"twitter:card\" content=\"summary_large_image\" \/>\n<script type=\"application\/ld+json\" class=\"yoast-schema-graph\">{\"@context\":\"https:\/\/schema.org\",\"@graph\":[{\"@type\":\"WebPage\",\"@id\":\"https:\/\/old.kosmetoloog.ee\/toode\/gommage_corporel\/\",\"url\":\"https:\/\/old.kosmetoloog.ee\/toode\/gommage_corporel\/\",\"name\":\"\\\"Gommage\\\" \\\"Korporal\\\" kehakoorija. - Ilutoodete e-pood\",\"isPartOf\":{\"@id\":\"https:\/\/old.kosmetoloog.ee\/#website\"},\"primaryImageOfPage\":{\"@id\":\"https:\/\/old.kosmetoloog.ee\/toode\/gommage_corporel\/#primaryimage\"},\"image\":{\"@id\":\"https:\/\/old.kosmetoloog.ee\/toode\/gommage_corporel\/#primaryimage\"},\"thumbnailUrl\":\"https:\/\/old.kosmetoloog.ee\/wp-content\/uploads\/2024\/03\/img_2489.jpeg\",\"datePublished\":\"2024-03-09T19:05:54+00:00\",\"breadcrumb\":{\"@id\":\"https:\/\/old.kosmetoloog.ee\/toode\/gommage_corporel\/#breadcrumb\"},\"inLanguage\":\"et\",\"potentialAction\":[{\"@type\":\"ReadAction\",\"target\":[\"https:\/\/old.kosmetoloog.ee\/toode\/gommage_corporel\/\"]}]},{\"@type\":\"ImageObject\",\"inLanguage\":\"et\",\"@id\":\"https:\/\/old.kosmetoloog.ee\/toode\/gommage_corporel\/#primaryimage\",\"url\":\"https:\/\/old.kosmetoloog.ee\/wp-content\/uploads\/2024\/03\/img_2489.jpeg\",\"contentUrl\":\"https:\/\/old.kosmetoloog.ee\/wp-content\/uploads\/2024\/03\/img_2489.jpeg\",\"width\":700,\"height\":700},{\"@type\":\"BreadcrumbList\",\"@id\":\"https:\/\/old.kosmetoloog.ee\/toode\/gommage_corporel\/#breadcrumb\",\"itemListElement\":[{\"@type\":\"ListItem\",\"position\":1,\"name\":\"Home\",\"item\":\"https:\/\/old.kosmetoloog.ee\/et\/\"},{\"@type\":\"ListItem\",\"position\":2,\"name\":\"Pood\",\"item\":\"https:\/\/old.kosmetoloog.ee\/et\/pood\/\"},{\"@type\":\"ListItem\",\"position\":3,\"name\":\"&#171;Gommage&#187; &#171;Korporal&#187; kehakoorija.\"}]},{\"@type\":\"WebSite\",\"@id\":\"https:\/\/old.kosmetoloog.ee\/#website\",\"url\":\"https:\/\/old.kosmetoloog.ee\/\",\"name\":\"Ilutoodete e-pood\",\"description\":\"Kosmeetika pood\",\"publisher\":{\"@id\":\"https:\/\/old.kosmetoloog.ee\/#organization\"},\"potentialAction\":[{\"@type\":\"SearchAction\",\"target\":{\"@type\":\"EntryPoint\",\"urlTemplate\":\"https:\/\/old.kosmetoloog.ee\/?s={search_term_string}\"},\"query-input\":{\"@type\":\"PropertyValueSpecification\",\"valueRequired\":true,\"valueName\":\"search_term_string\"}}],\"inLanguage\":\"et\"},{\"@type\":\"Organization\",\"@id\":\"https:\/\/old.kosmetoloog.ee\/#organization\",\"name\":\"You are You O\u00dc\",\"url\":\"https:\/\/old.kosmetoloog.ee\/\",\"logo\":{\"@type\":\"ImageObject\",\"inLanguage\":\"et\",\"@id\":\"https:\/\/old.kosmetoloog.ee\/#\/schema\/logo\/image\/\",\"url\":\"https:\/\/old.kosmetoloog.ee\/wp-content\/uploads\/2023\/08\/logo-1.png\",\"contentUrl\":\"https:\/\/old.kosmetoloog.ee\/wp-content\/uploads\/2023\/08\/logo-1.png\",\"width\":1200,\"height\":964,\"caption\":\"You are You O\u00dc\"},\"image\":{\"@id\":\"https:\/\/old.kosmetoloog.ee\/#\/schema\/logo\/image\/\"}}]}<\/script>\n<!-- \/ Yoast SEO plugin. -->","yoast_head_json":{"title":"\"Gommage\" \"Korporal\" kehakoorija. - Ilutoodete e-pood","robots":{"index":"noindex","follow":"follow","max-snippet":"max-snippet:-1","max-image-preview":"max-image-preview:large","max-video-preview":"max-video-preview:-1"},"og_locale":"et_EE","og_type":"article","og_title":"\"Gommage\" \"Korporal\" kehakoorija. - Ilutoodete e-pood","og_description":"Eriti soovitatav kaalulangetusprogrammi osana, enne epileerimisprotseduuri (sissekasvanud karvade tekkimise v\u00e4ltimiseks) ning enne p\u00e4evituskreemi kasutamist v\u00f5i p\u00e4evitamist p\u00e4ikese k\u00e4es. KASUTAMINE  Kandke masseerivate liigutustega niiskele nahale, p\u00f6\u00f6rates erilist t\u00e4helepanu k\u00fc\u00fcnarnukkide, p\u00f5lvede, jalgade karedatele kohtadele, seej\u00e4rel loputage du\u0161i all. Kasutage 1-2 korda n\u00e4dalas.  KOOSTIS (INCI)  Aqua\/Water\/Eau, Lavandula angustifolia (Lavender) flower water*, Prunus armeniaca (Apricot) seed powder, lauryl glucoside, cocamidopropyl betaine, xanthan gum, Glycerin, Citrus aurantium dulcis (Orange) peel oil*, Lavandula hybrida oil*, Cymbopogon martini oil*, citric acid, citral\u00b0, geraniol\u00b0, limonene\u00b0, linalool\u00b0. * Biokultuurist p\u00e4rinev koostisosa.","og_url":"https:\/\/old.kosmetoloog.ee\/toode\/gommage_corporel\/","og_site_name":"Ilutoodete e-pood","og_image":[{"width":700,"height":700,"url":"https:\/\/old.kosmetoloog.ee\/wp-content\/uploads\/2024\/03\/img_2489.jpeg","type":"image\/jpeg"}],"twitter_card":"summary_large_image","schema":{"@context":"https:\/\/schema.org","@graph":[{"@type":"WebPage","@id":"https:\/\/old.kosmetoloog.ee\/toode\/gommage_corporel\/","url":"https:\/\/old.kosmetoloog.ee\/toode\/gommage_corporel\/","name":"\"Gommage\" \"Korporal\" kehakoorija. - Ilutoodete e-pood","isPartOf":{"@id":"https:\/\/old.kosmetoloog.ee\/#website"},"primaryImageOfPage":{"@id":"https:\/\/old.kosmetoloog.ee\/toode\/gommage_corporel\/#primaryimage"},"image":{"@id":"https:\/\/old.kosmetoloog.ee\/toode\/gommage_corporel\/#primaryimage"},"thumbnailUrl":"https:\/\/old.kosmetoloog.ee\/wp-content\/uploads\/2024\/03\/img_2489.jpeg","datePublished":"2024-03-09T19:05:54+00:00","breadcrumb":{"@id":"https:\/\/old.kosmetoloog.ee\/toode\/gommage_corporel\/#breadcrumb"},"inLanguage":"et","potentialAction":[{"@type":"ReadAction","target":["https:\/\/old.kosmetoloog.ee\/toode\/gommage_corporel\/"]}]},{"@type":"ImageObject","inLanguage":"et","@id":"https:\/\/old.kosmetoloog.ee\/toode\/gommage_corporel\/#primaryimage","url":"https:\/\/old.kosmetoloog.ee\/wp-content\/uploads\/2024\/03\/img_2489.jpeg","contentUrl":"https:\/\/old.kosmetoloog.ee\/wp-content\/uploads\/2024\/03\/img_2489.jpeg","width":700,"height":700},{"@type":"BreadcrumbList","@id":"https:\/\/old.kosmetoloog.ee\/toode\/gommage_corporel\/#breadcrumb","itemListElement":[{"@type":"ListItem","position":1,"name":"Home","item":"https:\/\/old.kosmetoloog.ee\/et\/"},{"@type":"ListItem","position":2,"name":"Pood","item":"https:\/\/old.kosmetoloog.ee\/et\/pood\/"},{"@type":"ListItem","position":3,"name":"&#171;Gommage&#187; &#171;Korporal&#187; kehakoorija."}]},{"@type":"WebSite","@id":"https:\/\/old.kosmetoloog.ee\/#website","url":"https:\/\/old.kosmetoloog.ee\/","name":"Ilutoodete e-pood","description":"Kosmeetika pood","publisher":{"@id":"https:\/\/old.kosmetoloog.ee\/#organization"},"potentialAction":[{"@type":"SearchAction","target":{"@type":"EntryPoint","urlTemplate":"https:\/\/old.kosmetoloog.ee\/?s={search_term_string}"},"query-input":{"@type":"PropertyValueSpecification","valueRequired":true,"valueName":"search_term_string"}}],"inLanguage":"et"},{"@type":"Organization","@id":"https:\/\/old.kosmetoloog.ee\/#organization","name":"You are You O\u00dc","url":"https:\/\/old.kosmetoloog.ee\/","logo":{"@type":"ImageObject","inLanguage":"et","@id":"https:\/\/old.kosmetoloog.ee\/#\/schema\/logo\/image\/","url":"https:\/\/old.kosmetoloog.ee\/wp-content\/uploads\/2023\/08\/logo-1.png","contentUrl":"https:\/\/old.kosmetoloog.ee\/wp-content\/uploads\/2023\/08\/logo-1.png","width":1200,"height":964,"caption":"You are You O\u00dc"},"image":{"@id":"https:\/\/old.kosmetoloog.ee\/#\/schema\/logo\/image\/"}}]}},"brands":[{"id":43,"name":"PHYT'S","slug":"phyt"}],"_links":{"self":[{"href":"https:\/\/old.kosmetoloog.ee\/et\/wp-json\/wp\/v2\/product\/2191","targetHints":{"allow":["GET"]}}],"collection":[{"href":"https:\/\/old.kosmetoloog.ee\/et\/wp-json\/wp\/v2\/product"}],"about":[{"href":"https:\/\/old.kosmetoloog.ee\/et\/wp-json\/wp\/v2\/types\/product"}],"replies":[{"embeddable":true,"href":"https:\/\/old.kosmetoloog.ee\/et\/wp-json\/wp\/v2\/comments?post=2191"}],"wp:featuredmedia":[{"embeddable":true,"href":"https:\/\/old.kosmetoloog.ee\/et\/wp-json\/wp\/v2\/media\/2162"}],"wp:attachment":[{"href":"https:\/\/old.kosmetoloog.ee\/et\/wp-json\/wp\/v2\/media?parent=2191"}],"wp:term":[{"taxonomy":"pwb-brand","embeddable":true,"href":"https:\/\/old.kosmetoloog.ee\/et\/wp-json\/wp\/v2\/pwb-brand?post=2191"},{"taxonomy":"product_brand","embeddable":true,"href":"https:\/\/old.kosmetoloog.ee\/et\/wp-json\/wp\/v2\/product_brand?post=2191"},{"taxonomy":"product_cat","embeddable":true,"href":"https:\/\/old.kosmetoloog.ee\/et\/wp-json\/wp\/v2\/product_cat?post=2191"},{"taxonomy":"product_tag","embeddable":true,"href":"https:\/\/old.kosmetoloog.ee\/et\/wp-json\/wp\/v2\/product_tag?post=2191"}],"curies":[{"name":"wp","href":"https:\/\/api.w.org\/{rel}","templated":true}]}}