{"id":2192,"date":"2024-03-09T20:51:54","date_gmt":"2024-03-09T18:51:54","guid":{"rendered":"https:\/\/kosmetoloog.ee\/product\/kreem-fitsimma-kehahooldus\/"},"modified":"2024-05-13T21:15:35","modified_gmt":"2024-05-13T18:15:35","slug":"kreem-fitsimma-kehahooldus","status":"publish","type":"product","link":"https:\/\/old.kosmetoloog.ee\/et\/toode\/kreem-fitsimma-kehahooldus\/","title":{"rendered":"Kreem &#8220;Fitsimma&#8221; kehahooldus."},"content":{"rendered":"<p>Tihke sametise tekstuuriga kreem niisutab intensiivselt, pehmendab kuiva ja deh\u00fcdreeritud kehakatet, eemaldab ketenduse ja punetuse. Ideaalselt sobib atoopilise dermatiidiga inimestele.<\/p>\n","protected":false},"excerpt":{"rendered":"<p style=\"margin: 15px 0px;text-align: left;font-family: Main, Tahoma, sans-serif;font-size: 16px;font-style: normal;font-weight: 400;letter-spacing: normal;text-indent: 0px;text-transform: none;text-decoration: none\">Sheav\u00f5i, argaania\u00f5li ja kanepiseemne\u00f5li, mis on rikkad A-, E-, F-vitamiinide ja oomega-rasvhapete poolest, aitavad s\u00e4ilitada optimaalse niiskustaseme ja taastavad naha epidermise kaitsekihi.<\/p>\n<p style=\"margin: 15px 0px;text-align: left;font-family: Main, Tahoma, sans-serif;font-size: 16px;font-style: normal;font-weight: 400;letter-spacing: normal;text-indent: 0px;text-transform: none;text-decoration: none\">Nahk muutub elastseks, siidiseks ja s\u00e4ravaks.<\/p>\n<p style=\"margin: 15px 0px;text-align: left;font-family: Main, Tahoma, sans-serif;font-size: 16px;font-style: normal;font-weight: 400;letter-spacing: normal;text-indent: 0px;text-transform: none;text-decoration: none\">Tootel on 100% looduslik koostis ja BIO kvaliteedim\u00e4rk. Ei sisalda silikooni, parabeene, mineraal\u00f5lisid, pol\u00fcet\u00fcleengl\u00fckooli, fenoks\u00fcetanooli, s\u00fcnteetilisi l\u00f5hna- ja v\u00e4rvaineid, geneetiliselt muundetud komponente.<\/p>\n<p style=\"margin: 15px 0px;text-align: left;font-family: Main, Tahoma, sans-serif;font-size: 16px;font-style: normal;font-weight: 400;letter-spacing: normal;text-indent: 0px;text-transform: none;text-decoration: none\">KASUTAMINE<\/p>\n<div class=\"descr-content right-margin active smooth\" style=\"text-align: left;margin-right: 20px;margin-left: 20px;overflow: hidden;margin-bottom: 20px;font-family: Main, Tahoma, sans-serif;font-size: 16px;font-style: normal;font-weight: 400;letter-spacing: normal;text-indent: 0px;text-transform: none;text-decoration: none;height: auto\">\n<div class=\"fo_content\" style=\"text-align: left\">\n<p style=\"margin: 15px 0px;text-align: left\">Kandke hommikul ja \u00f5htul puhastatud kehale, p\u00f6\u00f6rates erilist t\u00e4helepanu probleemsetele piirkondadele.<\/p>\n<\/div>\n<\/div>\n<p id=\"contents_full_heading\" class=\"descr-heading active\" style=\"margin: 0px 0px 1px;text-align: left;font-family: Main, Tahoma, sans-serif;font-size: 18px;line-height: 26px;text-transform: uppercase;font-weight: 400;padding: 30px 20px 0px;cursor: pointer;font-style: normal;letter-spacing: normal;text-indent: 0px;text-decoration: none\">KOOSTIS (INCI)<\/p>\n<div id=\"contents_full_text\" class=\"descr-content store_pos_contents right-margin active smooth\" style=\"text-align: left;margin-right: 20px;margin-left: 20px;overflow: hidden;margin-bottom: 20px;font-family: Main, Tahoma, sans-serif;font-size: 16px;font-style: normal;font-weight: 400;letter-spacing: normal;text-indent: 0px;text-transform: none;text-decoration: none;height: auto\">\n<p style=\"margin: 15px 0px;text-align: left\">Aqua\/Water\/eau, Helianthus annuus (Sunflower) seed oil<sup style=\"font-size: 12px;line-height: 0;position: relative;vertical-align: baseline;top: -6px;margin-left: 2px\">*<\/sup>, glycerin, parfum (Fragrance), dicaprylyl carbonate, glyceryl oleate, Cera alba<sup style=\"font-size: 12px;line-height: 0;position: relative;vertical-align: baseline;top: -6px;margin-left: 2px\">*<\/sup>\/Beeswax\/Cire d\u2019abeille, sodium chloride, polyglyceryl\u20113 polyricinoleate, Argania spinosa (Argan) kernel oil<sup style=\"font-size: 12px;line-height: 0;position: relative;vertical-align: baseline;top: -6px;margin-left: 2px\">*<\/sup>, Cannabis sativa seed oil<sup style=\"font-size: 12px;line-height: 0;position: relative;vertical-align: baseline;top: -6px;margin-left: 2px\">*<\/sup>,pentylene glycol, Cinnamomum camphora (Camphor) bark oil, Lavandula hybrida oil<sup style=\"font-size: 12px;line-height: 0;position: relative;vertical-align: baseline;top: -6px;margin-left: 2px\">*<\/sup>, tocopherol, Butyrospermum parkii (Shea) butter<sup style=\"font-size: 12px;line-height: 0;position: relative;vertical-align: baseline;top: -6px;margin-left: 2px\">*<\/sup>, Olea europaea (Olive) oil unsaponifiables, magnesium sulfate, limonene\u00b0, linalool\u00b0.<\/p>\n<p class=\"footnote\" style=\"margin: 8px 0px;text-align: left;font-size: 12px;line-height: 17px;padding-left: 10px;position: relative\"><sup class=\"asterisk\" style=\"font-size: 12px;line-height: 0;position: absolute;vertical-align: baseline;top: -6px;margin-left: -10px;margin-top: 12px\">*<\/sup> Biokultuurist p\u00e4rinev koostisosa.<\/p>\n<\/div>\n","protected":false},"featured_media":2156,"comment_status":"open","ping_status":"closed","template":"","meta":{"_acf_changed":false},"pwb-brand":[43],"product_brand":[],"product_cat":[65],"product_tag":[],"class_list":{"0":"post-2192","1":"product","2":"type-product","3":"status-publish","4":"has-post-thumbnail","6":"pwb-brand-phyt","7":"product_cat-kehahooldus","9":"first","10":"instock","11":"taxable","12":"shipping-taxable","13":"purchasable","14":"product-type-simple"},"acf":[],"yoast_head":"<!-- This site is optimized with the Yoast SEO plugin v25.7 - https:\/\/yoast.com\/wordpress\/plugins\/seo\/ -->\n<title>Kreem &quot;Fitsimma&quot; kehahooldus. - Ilutoodete e-pood<\/title>\n<meta name=\"robots\" content=\"noindex, follow, max-snippet:-1, max-image-preview:large, max-video-preview:-1\" \/>\n<meta property=\"og:locale\" content=\"et_EE\" \/>\n<meta property=\"og:type\" content=\"article\" \/>\n<meta property=\"og:title\" content=\"Kreem &quot;Fitsimma&quot; kehahooldus. - Ilutoodete e-pood\" \/>\n<meta property=\"og:description\" content=\"Sheav\u00f5i, argaania\u00f5li ja kanepiseemne\u00f5li, mis on rikkad A-, E-, F-vitamiinide ja oomega-rasvhapete poolest, aitavad s\u00e4ilitada optimaalse niiskustaseme ja taastavad naha epidermise kaitsekihi. Nahk muutub elastseks, siidiseks ja s\u00e4ravaks. Tootel on 100% looduslik koostis ja BIO kvaliteedim\u00e4rk. Ei sisalda silikooni, parabeene, mineraal\u00f5lisid, pol\u00fcet\u00fcleengl\u00fckooli, fenoks\u00fcetanooli, s\u00fcnteetilisi l\u00f5hna- ja v\u00e4rvaineid, geneetiliselt muundetud komponente. KASUTAMINE  Kandke hommikul ja \u00f5htul puhastatud kehale, p\u00f6\u00f6rates erilist t\u00e4helepanu probleemsetele piirkondadele.  KOOSTIS (INCI)  Aqua\/Water\/eau, Helianthus annuus (Sunflower) seed oil*, glycerin, parfum (Fragrance), dicaprylyl carbonate, glyceryl oleate, Cera alba*\/Beeswax\/Cire d\u2019abeille, sodium chloride, polyglyceryl\u20113 polyricinoleate, Argania spinosa (Argan) kernel oil*, Cannabis sativa seed oil*,pentylene glycol, Cinnamomum camphora (Camphor) bark oil, Lavandula hybrida oil*, tocopherol, Butyrospermum parkii (Shea) butter*, Olea europaea (Olive) oil unsaponifiables, magnesium sulfate, limonene\u00b0, linalool\u00b0. * Biokultuurist p\u00e4rinev koostisosa.\" \/>\n<meta property=\"og:url\" content=\"https:\/\/old.kosmetoloog.ee\/toode\/soin_corps\/\" \/>\n<meta property=\"og:site_name\" content=\"Ilutoodete e-pood\" \/>\n<meta property=\"article:modified_time\" content=\"2024-05-13T18:15:35+00:00\" \/>\n<meta property=\"og:image\" content=\"https:\/\/old.kosmetoloog.ee\/wp-content\/uploads\/2024\/03\/img_2478.jpeg\" \/>\n\t<meta property=\"og:image:width\" content=\"1290\" \/>\n\t<meta property=\"og:image:height\" content=\"2042\" \/>\n\t<meta property=\"og:image:type\" content=\"image\/jpeg\" \/>\n<meta name=\"twitter:card\" content=\"summary_large_image\" \/>\n<script type=\"application\/ld+json\" class=\"yoast-schema-graph\">{\"@context\":\"https:\/\/schema.org\",\"@graph\":[{\"@type\":\"WebPage\",\"@id\":\"https:\/\/old.kosmetoloog.ee\/toode\/soin_corps\/\",\"url\":\"https:\/\/old.kosmetoloog.ee\/toode\/soin_corps\/\",\"name\":\"Kreem \\\"Fitsimma\\\" kehahooldus. - Ilutoodete e-pood\",\"isPartOf\":{\"@id\":\"https:\/\/old.kosmetoloog.ee\/#website\"},\"primaryImageOfPage\":{\"@id\":\"https:\/\/old.kosmetoloog.ee\/toode\/soin_corps\/#primaryimage\"},\"image\":{\"@id\":\"https:\/\/old.kosmetoloog.ee\/toode\/soin_corps\/#primaryimage\"},\"thumbnailUrl\":\"https:\/\/old.kosmetoloog.ee\/wp-content\/uploads\/2024\/03\/img_2478.jpeg\",\"datePublished\":\"2024-03-09T18:51:54+00:00\",\"dateModified\":\"2024-05-13T18:15:35+00:00\",\"breadcrumb\":{\"@id\":\"https:\/\/old.kosmetoloog.ee\/toode\/soin_corps\/#breadcrumb\"},\"inLanguage\":\"et\",\"potentialAction\":[{\"@type\":\"ReadAction\",\"target\":[\"https:\/\/old.kosmetoloog.ee\/toode\/soin_corps\/\"]}]},{\"@type\":\"ImageObject\",\"inLanguage\":\"et\",\"@id\":\"https:\/\/old.kosmetoloog.ee\/toode\/soin_corps\/#primaryimage\",\"url\":\"https:\/\/old.kosmetoloog.ee\/wp-content\/uploads\/2024\/03\/img_2478.jpeg\",\"contentUrl\":\"https:\/\/old.kosmetoloog.ee\/wp-content\/uploads\/2024\/03\/img_2478.jpeg\",\"width\":1290,\"height\":2042},{\"@type\":\"BreadcrumbList\",\"@id\":\"https:\/\/old.kosmetoloog.ee\/toode\/soin_corps\/#breadcrumb\",\"itemListElement\":[{\"@type\":\"ListItem\",\"position\":1,\"name\":\"Home\",\"item\":\"https:\/\/old.kosmetoloog.ee\/et\/\"},{\"@type\":\"ListItem\",\"position\":2,\"name\":\"Pood\",\"item\":\"https:\/\/old.kosmetoloog.ee\/et\/pood\/\"},{\"@type\":\"ListItem\",\"position\":3,\"name\":\"Kreem &#171;Fitsimma&#187; kehahooldus.\"}]},{\"@type\":\"WebSite\",\"@id\":\"https:\/\/old.kosmetoloog.ee\/#website\",\"url\":\"https:\/\/old.kosmetoloog.ee\/\",\"name\":\"Ilutoodete e-pood\",\"description\":\"Kosmeetika pood\",\"publisher\":{\"@id\":\"https:\/\/old.kosmetoloog.ee\/#organization\"},\"potentialAction\":[{\"@type\":\"SearchAction\",\"target\":{\"@type\":\"EntryPoint\",\"urlTemplate\":\"https:\/\/old.kosmetoloog.ee\/?s={search_term_string}\"},\"query-input\":{\"@type\":\"PropertyValueSpecification\",\"valueRequired\":true,\"valueName\":\"search_term_string\"}}],\"inLanguage\":\"et\"},{\"@type\":\"Organization\",\"@id\":\"https:\/\/old.kosmetoloog.ee\/#organization\",\"name\":\"You are You O\u00dc\",\"url\":\"https:\/\/old.kosmetoloog.ee\/\",\"logo\":{\"@type\":\"ImageObject\",\"inLanguage\":\"et\",\"@id\":\"https:\/\/old.kosmetoloog.ee\/#\/schema\/logo\/image\/\",\"url\":\"https:\/\/old.kosmetoloog.ee\/wp-content\/uploads\/2023\/08\/logo-1.png\",\"contentUrl\":\"https:\/\/old.kosmetoloog.ee\/wp-content\/uploads\/2023\/08\/logo-1.png\",\"width\":1200,\"height\":964,\"caption\":\"You are You O\u00dc\"},\"image\":{\"@id\":\"https:\/\/old.kosmetoloog.ee\/#\/schema\/logo\/image\/\"}}]}<\/script>\n<!-- \/ Yoast SEO plugin. -->","yoast_head_json":{"title":"Kreem \"Fitsimma\" kehahooldus. - Ilutoodete e-pood","robots":{"index":"noindex","follow":"follow","max-snippet":"max-snippet:-1","max-image-preview":"max-image-preview:large","max-video-preview":"max-video-preview:-1"},"og_locale":"et_EE","og_type":"article","og_title":"Kreem \"Fitsimma\" kehahooldus. - Ilutoodete e-pood","og_description":"Sheav\u00f5i, argaania\u00f5li ja kanepiseemne\u00f5li, mis on rikkad A-, E-, F-vitamiinide ja oomega-rasvhapete poolest, aitavad s\u00e4ilitada optimaalse niiskustaseme ja taastavad naha epidermise kaitsekihi. Nahk muutub elastseks, siidiseks ja s\u00e4ravaks. Tootel on 100% looduslik koostis ja BIO kvaliteedim\u00e4rk. Ei sisalda silikooni, parabeene, mineraal\u00f5lisid, pol\u00fcet\u00fcleengl\u00fckooli, fenoks\u00fcetanooli, s\u00fcnteetilisi l\u00f5hna- ja v\u00e4rvaineid, geneetiliselt muundetud komponente. KASUTAMINE  Kandke hommikul ja \u00f5htul puhastatud kehale, p\u00f6\u00f6rates erilist t\u00e4helepanu probleemsetele piirkondadele.  KOOSTIS (INCI)  Aqua\/Water\/eau, Helianthus annuus (Sunflower) seed oil*, glycerin, parfum (Fragrance), dicaprylyl carbonate, glyceryl oleate, Cera alba*\/Beeswax\/Cire d\u2019abeille, sodium chloride, polyglyceryl\u20113 polyricinoleate, Argania spinosa (Argan) kernel oil*, Cannabis sativa seed oil*,pentylene glycol, Cinnamomum camphora (Camphor) bark oil, Lavandula hybrida oil*, tocopherol, Butyrospermum parkii (Shea) butter*, Olea europaea (Olive) oil unsaponifiables, magnesium sulfate, limonene\u00b0, linalool\u00b0. * Biokultuurist p\u00e4rinev koostisosa.","og_url":"https:\/\/old.kosmetoloog.ee\/toode\/soin_corps\/","og_site_name":"Ilutoodete e-pood","article_modified_time":"2024-05-13T18:15:35+00:00","og_image":[{"width":1290,"height":2042,"url":"https:\/\/old.kosmetoloog.ee\/wp-content\/uploads\/2024\/03\/img_2478.jpeg","type":"image\/jpeg"}],"twitter_card":"summary_large_image","schema":{"@context":"https:\/\/schema.org","@graph":[{"@type":"WebPage","@id":"https:\/\/old.kosmetoloog.ee\/toode\/soin_corps\/","url":"https:\/\/old.kosmetoloog.ee\/toode\/soin_corps\/","name":"Kreem \"Fitsimma\" kehahooldus. - Ilutoodete e-pood","isPartOf":{"@id":"https:\/\/old.kosmetoloog.ee\/#website"},"primaryImageOfPage":{"@id":"https:\/\/old.kosmetoloog.ee\/toode\/soin_corps\/#primaryimage"},"image":{"@id":"https:\/\/old.kosmetoloog.ee\/toode\/soin_corps\/#primaryimage"},"thumbnailUrl":"https:\/\/old.kosmetoloog.ee\/wp-content\/uploads\/2024\/03\/img_2478.jpeg","datePublished":"2024-03-09T18:51:54+00:00","dateModified":"2024-05-13T18:15:35+00:00","breadcrumb":{"@id":"https:\/\/old.kosmetoloog.ee\/toode\/soin_corps\/#breadcrumb"},"inLanguage":"et","potentialAction":[{"@type":"ReadAction","target":["https:\/\/old.kosmetoloog.ee\/toode\/soin_corps\/"]}]},{"@type":"ImageObject","inLanguage":"et","@id":"https:\/\/old.kosmetoloog.ee\/toode\/soin_corps\/#primaryimage","url":"https:\/\/old.kosmetoloog.ee\/wp-content\/uploads\/2024\/03\/img_2478.jpeg","contentUrl":"https:\/\/old.kosmetoloog.ee\/wp-content\/uploads\/2024\/03\/img_2478.jpeg","width":1290,"height":2042},{"@type":"BreadcrumbList","@id":"https:\/\/old.kosmetoloog.ee\/toode\/soin_corps\/#breadcrumb","itemListElement":[{"@type":"ListItem","position":1,"name":"Home","item":"https:\/\/old.kosmetoloog.ee\/et\/"},{"@type":"ListItem","position":2,"name":"Pood","item":"https:\/\/old.kosmetoloog.ee\/et\/pood\/"},{"@type":"ListItem","position":3,"name":"Kreem &#171;Fitsimma&#187; kehahooldus."}]},{"@type":"WebSite","@id":"https:\/\/old.kosmetoloog.ee\/#website","url":"https:\/\/old.kosmetoloog.ee\/","name":"Ilutoodete e-pood","description":"Kosmeetika pood","publisher":{"@id":"https:\/\/old.kosmetoloog.ee\/#organization"},"potentialAction":[{"@type":"SearchAction","target":{"@type":"EntryPoint","urlTemplate":"https:\/\/old.kosmetoloog.ee\/?s={search_term_string}"},"query-input":{"@type":"PropertyValueSpecification","valueRequired":true,"valueName":"search_term_string"}}],"inLanguage":"et"},{"@type":"Organization","@id":"https:\/\/old.kosmetoloog.ee\/#organization","name":"You are You O\u00dc","url":"https:\/\/old.kosmetoloog.ee\/","logo":{"@type":"ImageObject","inLanguage":"et","@id":"https:\/\/old.kosmetoloog.ee\/#\/schema\/logo\/image\/","url":"https:\/\/old.kosmetoloog.ee\/wp-content\/uploads\/2023\/08\/logo-1.png","contentUrl":"https:\/\/old.kosmetoloog.ee\/wp-content\/uploads\/2023\/08\/logo-1.png","width":1200,"height":964,"caption":"You are You O\u00dc"},"image":{"@id":"https:\/\/old.kosmetoloog.ee\/#\/schema\/logo\/image\/"}}]}},"brands":[{"id":43,"name":"PHYT'S","slug":"phyt"}],"_links":{"self":[{"href":"https:\/\/old.kosmetoloog.ee\/et\/wp-json\/wp\/v2\/product\/2192","targetHints":{"allow":["GET"]}}],"collection":[{"href":"https:\/\/old.kosmetoloog.ee\/et\/wp-json\/wp\/v2\/product"}],"about":[{"href":"https:\/\/old.kosmetoloog.ee\/et\/wp-json\/wp\/v2\/types\/product"}],"replies":[{"embeddable":true,"href":"https:\/\/old.kosmetoloog.ee\/et\/wp-json\/wp\/v2\/comments?post=2192"}],"wp:featuredmedia":[{"embeddable":true,"href":"https:\/\/old.kosmetoloog.ee\/et\/wp-json\/wp\/v2\/media\/2156"}],"wp:attachment":[{"href":"https:\/\/old.kosmetoloog.ee\/et\/wp-json\/wp\/v2\/media?parent=2192"}],"wp:term":[{"taxonomy":"pwb-brand","embeddable":true,"href":"https:\/\/old.kosmetoloog.ee\/et\/wp-json\/wp\/v2\/pwb-brand?post=2192"},{"taxonomy":"product_brand","embeddable":true,"href":"https:\/\/old.kosmetoloog.ee\/et\/wp-json\/wp\/v2\/product_brand?post=2192"},{"taxonomy":"product_cat","embeddable":true,"href":"https:\/\/old.kosmetoloog.ee\/et\/wp-json\/wp\/v2\/product_cat?post=2192"},{"taxonomy":"product_tag","embeddable":true,"href":"https:\/\/old.kosmetoloog.ee\/et\/wp-json\/wp\/v2\/product_tag?post=2192"}],"curies":[{"name":"wp","href":"https:\/\/api.w.org\/{rel}","templated":true}]}}